{"id":72650,"date":"2026-03-17T12:25:06","date_gmt":"2026-03-17T12:25:06","guid":{"rendered":"https:\/\/productive.io\/?page_id=72650"},"modified":"2026-03-20T11:29:06","modified_gmt":"2026-03-20T11:29:06","slug":"ausgabenmanagement-software","status":"publish","type":"page","link":"https:\/\/productive.io\/de\/budgetierung\/ausgabenmanagement-software\/","title":{"rendered":"Budgetierung &#8211; Ausgabenmanagement"},"content":{"rendered":"<h1   > AUSGABENMANAGEMENT-SOFTWARE<\/h1> <h1   > Verfolge <strong>alle Ausgaben<\/strong> f\u00fcr eine glasklare Budgetierung<\/h1> <p   > Erstelle und verwalte Ausgaben und Bestellungen, ohne ein externes Tool zu ben\u00f6tigen. Sieh die Auswirkungen auf deine Budgets und Rentabilit\u00e4t.<\/p> <p   > Kostenlos testen<\/p> <a   data-cta-block-type=dual_button_form href=\"https:\/\/productive.io\/book-a-demo\/\" > <p   > Demo buchen<\/p> <\/a> <a   data-cta-block-type=dual_button_form href=\"https:\/\/productive.io\/book-a-demo\/\" > <p   > Demo buchen<\/p> <\/a> <img  src=\"https:\/\/website-assets.productive.io\/uploads\/2024\/04\/Purchase-orders-in-Productive.svg\"  alt=\"\" loading=lazy \/> <h2   > Verkn\u00fcpfe externe Kosten mit <strong>Budgets<\/strong><\/h2> <h3   > Protokolliere Ausgaben als Teil deines Projektbudgets, um zu verstehen, wie sie die Rentabilit\u00e4t beeinflussen.<\/h3> <p   > Kostenlos testen<\/p> <img  src=\"https:\/\/website-assets.productive.io\/uploads\/2025\/05\/BU-Productive-starkes-Budgetmanagement-d.svg\"  alt=\"\" loading=lazy \/> <img  src=\"https:\/\/website-assets.productive.io\/uploads\/2026\/03\/PU-Productive-New-Expense-d.svg\"  alt=\"\" loading=lazy \/> <h3   > <strong>Formulare schnell mit KI ausf\u00fcllen<\/strong><\/h3> <p   > Scanne deinen Beleg, und Productive AI wird dein Ausgabenformular automatisch ausf\u00fcllen \u2013 keine manuelle Dateneingabe n\u00f6tig.<\/p> <img  src=\"https:\/\/website-assets.productive.io\/uploads\/2026\/03\/PU-Productive-For-approval-d.svg\"  alt=\"\" loading=lazy \/> <h3   > <strong><strong>Genehmigungsabl\u00e4ufe einrichten<\/strong><\/strong><\/h3> <p   > Behalte die Kontrolle \u00fcber Ausgaben, indem du Genehmiger f\u00fcr Ausgaben festlegst. Richte Richtlinien ein, um Genehmigungen in gro\u00dfem Ma\u00dfstab zu verwalten.<\/p> <img  src=\"https:\/\/website-assets.productive.io\/uploads\/2026\/03\/PU-Productive-Reimbursement-d-2.svg\"  alt=\"\" loading=lazy \/> <h3   > <strong>Markiere Ausgaben zur Erstattung<\/strong><\/h3> <p   > Verfolge, welche Ausgaben erstattet werden m\u00fcssen, f\u00fcr klare Workflows zwischen Erfassen und Genehmigen.<\/p> <img  src=\"https:\/\/website-assets.productive.io\/uploads\/2026\/03\/PU-Productive-PO-financials-d.svg\"  alt=\"\" loading=lazy \/> <h2   > Erstelle und sende <strong>Bestellungen<\/strong><\/h2> <h3   > Formuliere deine Kaufabsicht mit ma\u00dfgeschneiderten Bestellungen. F\u00fchre klare Finanzbuchhaltung und verbessere deine Ausgabenprognosen.<\/h3> <img  src=\"https:\/\/website-assets.productive.io\/uploads\/2026\/03\/PU-Productive-Purchase-Order-Styles-d.svg\"  alt=\"\" loading=lazy \/> <h3   > Passe deine Bestellungen individuell an<\/h3> <p   > Erstelle eine markenfreundliche Vorlage f\u00fcr deine Bestellungen. Exportiere deine Bestellung als PDF oder sende sie direkt aus Productive.<\/p> <img  src=\"https:\/\/website-assets.productive.io\/uploads\/2026\/03\/PU-Productive-New-bill-d.svg\"  alt=\"\" loading=lazy \/> <h3   > Verfolge den <strong>Zahlungsstatus<\/strong><\/h3> <p   > Nachdem Bestellungen versendet wurden, behalte Zahlungen im Blick, indem du Rechnungen erstellst und verwaltest.<\/p> <img  src=\"https:\/\/website-assets.productive.io\/uploads\/2026\/03\/PU-Productive-New-Expenses-report-d.svg\"  alt=\"\" loading=lazy \/> <h2   > Erhalte KI-gest\u00fctzte <strong>Ausgabenberichte<\/strong><\/h2> <h3   > Erhalte einen umfassenden \u00dcberblick \u00fcber deine Ausgaben, Bestellungen und Rechnungen. Beschreibe einfach, was du sehen m\u00f6chtest, und Productive AI wird es f\u00fcr dich erledigen.<\/h3> <h2   > Synchronisiere Ausgaben mit <strong>beliebten Buchhaltungs-Tools<\/strong><\/h2> <p   > Sende deine Ausgaben von Productive zu Xero und QuickBooks, um eine genaue Finanzverfolgung und Berichterstattung sicherzustellen.<br \/>\u200b<\/p> <a   href=\"https:\/\/productive.io\/integrations\/\" > <p   > Integrationen anzeigen<\/p> <\/a> <img  src=\"https:\/\/website-assets-staging.productive.io\/uploads\/2026\/03\/Productive-Integrations.webp\"  alt=\"\" loading=lazy \/>","protected":false},"excerpt":{"rendered":"","protected":false},"author":48,"featured_media":0,"parent":56814,"menu_order":0,"comment_status":"closed","ping_status":"closed","template":"","meta":{"_acf_changed":false,"es_utils_meta_schema":"","footnotes":""},"job-category":[],"page-category":[],"class_list":["post-72650","page","type-page","status-publish","hentry"],"acf":[],"yoast_head":"<!-- This site is optimized with the Yoast SEO Premium plugin v27.2 (Yoast SEO v27.2) - https:\/\/yoast.com\/product\/yoast-seo-premium-wordpress\/ -->\n<title>Ausgabenmanagement-Software - Kosten verfolgen &amp; Budgets kontrollieren<\/title>\n<meta name=\"description\" content=\"Verfolge externe Ausgaben und erkenne ihre Auswirkungen auf dein Budget, alles in einem Tool. Erhalte detaillierte Einblicke in Kosten und Rentabilit\u00e4t mit Productive.\" \/>\n<meta name=\"robots\" content=\"index, follow, max-snippet:-1, max-image-preview:large, max-video-preview:-1\" \/>\n<link rel=\"canonical\" href=\"https:\/\/productive.io\/de\/budgetierung\/ausgabenmanagement-software\/\" \/>\n<meta property=\"og:locale\" content=\"de_DE\" \/>\n<meta property=\"og:type\" content=\"article\" \/>\n<meta property=\"og:title\" content=\"Budgetierung - Ausgabenmanagement\" \/>\n<meta property=\"og:description\" content=\"Verfolge externe Ausgaben und erkenne ihre Auswirkungen auf dein Budget, alles in einem Tool. Erhalte detaillierte Einblicke in Kosten und Rentabilit\u00e4t mit Productive.\" \/>\n<meta property=\"og:url\" content=\"https:\/\/productive.io\/de\/budgetierung\/ausgabenmanagement-software\/\" \/>\n<meta property=\"og:site_name\" content=\"Productive\" \/>\n<meta property=\"article:publisher\" content=\"https:\/\/www.facebook.com\/productiveio\/\" \/>\n<meta property=\"article:modified_time\" content=\"2026-03-20T11:29:06+00:00\" \/>\n<meta name=\"twitter:card\" content=\"summary_large_image\" \/>\n<meta name=\"twitter:label1\" content=\"Gesch\u00e4tzte Lesezeit\" \/>\n\t<meta name=\"twitter:data1\" content=\"3 minutes\" \/>\n<script type=\"application\/ld+json\" class=\"yoast-schema-graph\">{\"@context\":\"https:\/\/schema.org\",\"@graph\":[{\"@type\":\"WebPage\",\"@id\":\"https:\/\/productive.io\/de\/budgetierung\/ausgabenmanagement-software\/\",\"url\":\"https:\/\/productive.io\/de\/budgetierung\/ausgabenmanagement-software\/\",\"name\":\"Ausgabenmanagement-Software - Kosten verfolgen & Budgets kontrollieren\",\"isPartOf\":{\"@id\":\"https:\/\/productive.io\/de\/#website\"},\"datePublished\":\"2026-03-17T12:25:06+00:00\",\"dateModified\":\"2026-03-20T11:29:06+00:00\",\"description\":\"Verfolge externe Ausgaben und erkenne ihre Auswirkungen auf dein Budget, alles in einem Tool. Erhalte detaillierte Einblicke in Kosten und Rentabilit\u00e4t mit Productive.\",\"breadcrumb\":{\"@id\":\"https:\/\/productive.io\/de\/budgetierung\/ausgabenmanagement-software\/#breadcrumb\"},\"inLanguage\":\"de-DE\",\"potentialAction\":[{\"@type\":\"ReadAction\",\"target\":[\"https:\/\/productive.io\/de\/budgetierung\/ausgabenmanagement-software\/\"]}]},{\"@type\":\"BreadcrumbList\",\"@id\":\"https:\/\/productive.io\/de\/budgetierung\/ausgabenmanagement-software\/#breadcrumb\",\"itemListElement\":[{\"@type\":\"ListItem\",\"position\":1,\"name\":\"Home\",\"item\":\"https:\/\/productive.io\/de\/\"},{\"@type\":\"ListItem\",\"position\":2,\"name\":\"Budgetierung\",\"item\":\"https:\/\/productive.io\/de\/budgetierung\/\"},{\"@type\":\"ListItem\",\"position\":3,\"name\":\"Budgetierung &#8211; Ausgabenmanagement\"}]},{\"@type\":\"WebSite\",\"@id\":\"https:\/\/productive.io\/de\/#website\",\"url\":\"https:\/\/productive.io\/de\/\",\"name\":\"Productive\",\"description\":\"The Only Tool You Need To Run a Profitable Agency\",\"publisher\":{\"@id\":\"https:\/\/productive.io\/de\/#organization\"},\"potentialAction\":[{\"@type\":\"SearchAction\",\"target\":{\"@type\":\"EntryPoint\",\"urlTemplate\":\"https:\/\/productive.io\/de\/?s={search_term_string}\"},\"query-input\":{\"@type\":\"PropertyValueSpecification\",\"valueRequired\":true,\"valueName\":\"search_term_string\"}}],\"inLanguage\":\"de-DE\"},{\"@type\":\"Organization\",\"@id\":\"https:\/\/productive.io\/de\/#organization\",\"name\":\"Productive\",\"url\":\"https:\/\/productive.io\/de\/\",\"logo\":{\"@type\":\"ImageObject\",\"inLanguage\":\"de-DE\",\"@id\":\"https:\/\/productive.io\/de\/#\/schema\/logo\/image\/\",\"url\":\"https:\/\/website-assets.productive.io\/uploads\/2025\/09\/Productive-logo-for-Yoast-do-not-delete.webp\",\"contentUrl\":\"https:\/\/website-assets.productive.io\/uploads\/2025\/09\/Productive-logo-for-Yoast-do-not-delete.webp\",\"width\":696,\"height\":696,\"caption\":\"Productive\"},\"image\":{\"@id\":\"https:\/\/productive.io\/de\/#\/schema\/logo\/image\/\"},\"sameAs\":[\"https:\/\/www.facebook.com\/productiveio\/\",\"https:\/\/www.linkedin.com\/company\/productive-io\/\",\"https:\/\/www.youtube.com\/@productive_io\",\"https:\/\/www.instagram.com\/productive.io\/\",\"https:\/\/www.g2.com\/products\/productive\/reviews\",\"https:\/\/www.capterra.com\/p\/169710\/Productive\/\",\"https:\/\/www.crunchbase.com\/organization\/productive-io\",\"https:\/\/www.trustpilot.com\/review\/www.productive.io\",\"https:\/\/github.com\/productiveio\"],\"description\":\"Productive - Agency Management & PSA - Run resources, projects, budgets, and profitability in one platform built for agencies and professional services.\",\"email\":\"contact@productive.io\",\"legalName\":\"The Productive Company Inc.\",\"foundingDate\":\"2014-01-01\",\"numberOfEmployees\":{\"@type\":\"QuantitativeValue\",\"minValue\":\"51\",\"maxValue\":\"200\"}}]}<\/script>\n<!-- \/ Yoast SEO Premium plugin. -->","yoast_head_json":{"title":"Ausgabenmanagement-Software - Kosten verfolgen & Budgets kontrollieren","description":"Verfolge externe Ausgaben und erkenne ihre Auswirkungen auf dein Budget, alles in einem Tool. Erhalte detaillierte Einblicke in Kosten und Rentabilit\u00e4t mit Productive.","robots":{"index":"index","follow":"follow","max-snippet":"max-snippet:-1","max-image-preview":"max-image-preview:large","max-video-preview":"max-video-preview:-1"},"canonical":"https:\/\/productive.io\/de\/budgetierung\/ausgabenmanagement-software\/","og_locale":"de_DE","og_type":"article","og_title":"Budgetierung - Ausgabenmanagement","og_description":"Verfolge externe Ausgaben und erkenne ihre Auswirkungen auf dein Budget, alles in einem Tool. Erhalte detaillierte Einblicke in Kosten und Rentabilit\u00e4t mit Productive.","og_url":"https:\/\/productive.io\/de\/budgetierung\/ausgabenmanagement-software\/","og_site_name":"Productive","article_publisher":"https:\/\/www.facebook.com\/productiveio\/","article_modified_time":"2026-03-20T11:29:06+00:00","twitter_card":"summary_large_image","twitter_misc":{"Gesch\u00e4tzte Lesezeit":"3 minutes"},"schema":{"@context":"https:\/\/schema.org","@graph":[{"@type":"WebPage","@id":"https:\/\/productive.io\/de\/budgetierung\/ausgabenmanagement-software\/","url":"https:\/\/productive.io\/de\/budgetierung\/ausgabenmanagement-software\/","name":"Ausgabenmanagement-Software - Kosten verfolgen & Budgets kontrollieren","isPartOf":{"@id":"https:\/\/productive.io\/de\/#website"},"datePublished":"2026-03-17T12:25:06+00:00","dateModified":"2026-03-20T11:29:06+00:00","description":"Verfolge externe Ausgaben und erkenne ihre Auswirkungen auf dein Budget, alles in einem Tool. Erhalte detaillierte Einblicke in Kosten und Rentabilit\u00e4t mit Productive.","breadcrumb":{"@id":"https:\/\/productive.io\/de\/budgetierung\/ausgabenmanagement-software\/#breadcrumb"},"inLanguage":"de-DE","potentialAction":[{"@type":"ReadAction","target":["https:\/\/productive.io\/de\/budgetierung\/ausgabenmanagement-software\/"]}]},{"@type":"BreadcrumbList","@id":"https:\/\/productive.io\/de\/budgetierung\/ausgabenmanagement-software\/#breadcrumb","itemListElement":[{"@type":"ListItem","position":1,"name":"Home","item":"https:\/\/productive.io\/de\/"},{"@type":"ListItem","position":2,"name":"Budgetierung","item":"https:\/\/productive.io\/de\/budgetierung\/"},{"@type":"ListItem","position":3,"name":"Budgetierung &#8211; Ausgabenmanagement"}]},{"@type":"WebSite","@id":"https:\/\/productive.io\/de\/#website","url":"https:\/\/productive.io\/de\/","name":"Productive","description":"The Only Tool You Need To Run a Profitable Agency","publisher":{"@id":"https:\/\/productive.io\/de\/#organization"},"potentialAction":[{"@type":"SearchAction","target":{"@type":"EntryPoint","urlTemplate":"https:\/\/productive.io\/de\/?s={search_term_string}"},"query-input":{"@type":"PropertyValueSpecification","valueRequired":true,"valueName":"search_term_string"}}],"inLanguage":"de-DE"},{"@type":"Organization","@id":"https:\/\/productive.io\/de\/#organization","name":"Productive","url":"https:\/\/productive.io\/de\/","logo":{"@type":"ImageObject","inLanguage":"de-DE","@id":"https:\/\/productive.io\/de\/#\/schema\/logo\/image\/","url":"https:\/\/website-assets.productive.io\/uploads\/2025\/09\/Productive-logo-for-Yoast-do-not-delete.webp","contentUrl":"https:\/\/website-assets.productive.io\/uploads\/2025\/09\/Productive-logo-for-Yoast-do-not-delete.webp","width":696,"height":696,"caption":"Productive"},"image":{"@id":"https:\/\/productive.io\/de\/#\/schema\/logo\/image\/"},"sameAs":["https:\/\/www.facebook.com\/productiveio\/","https:\/\/www.linkedin.com\/company\/productive-io\/","https:\/\/www.youtube.com\/@productive_io","https:\/\/www.instagram.com\/productive.io\/","https:\/\/www.g2.com\/products\/productive\/reviews","https:\/\/www.capterra.com\/p\/169710\/Productive\/","https:\/\/www.crunchbase.com\/organization\/productive-io","https:\/\/www.trustpilot.com\/review\/www.productive.io","https:\/\/github.com\/productiveio"],"description":"Productive - Agency Management & PSA - Run resources, projects, budgets, and profitability in one platform built for agencies and professional services.","email":"contact@productive.io","legalName":"The Productive Company Inc.","foundingDate":"2014-01-01","numberOfEmployees":{"@type":"QuantitativeValue","minValue":"51","maxValue":"200"}}]}},"_links":{"self":[{"href":"https:\/\/productive.io\/de\/wp-json\/wp\/v2\/pages\/72650","targetHints":{"allow":["GET"]}}],"collection":[{"href":"https:\/\/productive.io\/de\/wp-json\/wp\/v2\/pages"}],"about":[{"href":"https:\/\/productive.io\/de\/wp-json\/wp\/v2\/types\/page"}],"author":[{"embeddable":true,"href":"https:\/\/productive.io\/de\/wp-json\/wp\/v2\/users\/48"}],"replies":[{"embeddable":true,"href":"https:\/\/productive.io\/de\/wp-json\/wp\/v2\/comments?post=72650"}],"version-history":[{"count":8,"href":"https:\/\/productive.io\/de\/wp-json\/wp\/v2\/pages\/72650\/revisions"}],"predecessor-version":[{"id":72703,"href":"https:\/\/productive.io\/de\/wp-json\/wp\/v2\/pages\/72650\/revisions\/72703"}],"up":[{"embeddable":true,"href":"https:\/\/productive.io\/de\/wp-json\/wp\/v2\/pages\/56814"}],"wp:attachment":[{"href":"https:\/\/productive.io\/de\/wp-json\/wp\/v2\/media?parent=72650"}],"wp:term":[{"taxonomy":"job-category","embeddable":true,"href":"https:\/\/productive.io\/de\/wp-json\/wp\/v2\/job-category?post=72650"},{"taxonomy":"page-category","embeddable":true,"href":"https:\/\/productive.io\/de\/wp-json\/wp\/v2\/page-category?post=72650"}],"curies":[{"name":"wp","href":"https:\/\/api.w.org\/{rel}","templated":true}]}}