{"id":59606,"date":"2024-11-06T15:31:34","date_gmt":"2024-11-06T15:31:34","guid":{"rendered":"https:\/\/productive.io\/?page_id=59606"},"modified":"2025-12-19T09:59:48","modified_gmt":"2025-12-19T09:59:48","slug":"lp-projektmanagement","status":"publish","type":"page","link":"https:\/\/productive.io\/de\/lp-projektmanagement\/","title":{"rendered":"Agentur Management-Software"},"content":{"rendered":"<h2   > PROJEKTMANAGEMENT-TOOL F\u00dcR AGENTUREN<\/h2> <h1   > <strong>Behalte deine Projekte im Blick <\/strong>&#8211; ohne Chaos, ohne Scope Creep<\/h1> <p   > B\u00fcndele Aufgaben und Kundenfeedback<\/p> <p   > Erhalte Echtzeiteinblicke in Arbeitsaufwand, Leistung und Kapazit\u00e4t des Teams<\/p> <p   > Optimiere deine Projektkosten und erh\u00f6he die Rentabilit\u00e4t<\/p> <p   > Kostenlos testen<\/p> <p   > Demo buchen<\/p> <a   data-cta-conversion-type=book_a_demo data-cta-block-type=dual_button_form href=\"https:\/\/productive.io\/de\/demo-buchen\/\" > <p   > Demo buchen<\/p> <\/a> <img  src=\"https:\/\/website-assets.productive.io\/uploads\/2025\/05\/LPPM-Productive-Gantt-d.svg\"  alt=\"\" loading=lazy \/> <h2   > <strong>Agenturen Vertrauen Productive<\/strong>, um ihre Projekte zu liefern<\/h2> <img  src=\"https:\/\/website-assets.productive.io\/uploads\/2025\/12\/D-Client-weitblick-black.svg\"  alt=\"\" loading=lazy \/> <img  src=\"https:\/\/website-assets.productive.io\/uploads\/2025\/12\/D-Client-MD-black.svg\"  alt=\"\" loading=lazy \/> <img  src=\"https:\/\/website-assets.productive.io\/uploads\/2025\/12\/D-Client-atipik-black.svg\"  alt=\"\" loading=lazy \/> <img  src=\"https:\/\/website-assets.productive.io\/uploads\/2025\/12\/D-Client-unlimited-studio-black.svg\"  alt=\"\" loading=lazy \/> <img  src=\"https:\/\/website-assets.productive.io\/uploads\/2025\/12\/D-Client-luceed-black.svg\"  alt=\"\" loading=lazy \/> <img  src=\"https:\/\/website-assets.productive.io\/uploads\/2025\/12\/D-Client-nexxar-black.svg\"  alt=\"\" loading=lazy \/> <img  src=\"https:\/\/website-assets.productive.io\/uploads\/2025\/01\/Client-b-Wild.svg\"  alt=\"\" loading=lazy \/> <img  src=\"https:\/\/website-assets.productive.io\/uploads\/2025\/12\/D-Client-lemonize-black.svg\"  alt=\"\" loading=lazy \/> <img  src=\"https:\/\/website-assets.productive.io\/uploads\/2025\/12\/D-Client-done-financials-black.svg\"  alt=\"\" loading=lazy \/> <img  src=\"https:\/\/website-assets.productive.io\/uploads\/2025\/12\/D-Client-advertise-right-black.svg\"  alt=\"\" loading=lazy \/> <img  src=\"https:\/\/website-assets.productive.io\/uploads\/2025\/12\/D-Client-weitblick-black.svg\"  alt=\"\" loading=lazy \/> <img  src=\"https:\/\/website-assets.productive.io\/uploads\/2025\/12\/D-Client-MD-black.svg\"  alt=\"\" loading=lazy \/> <img  src=\"https:\/\/website-assets.productive.io\/uploads\/2025\/12\/D-Client-atipik-black.svg\"  alt=\"\" loading=lazy \/> <img  src=\"https:\/\/website-assets.productive.io\/uploads\/2025\/12\/D-Client-unlimited-studio-black.svg\"  alt=\"\" loading=lazy \/> <img  src=\"https:\/\/website-assets.productive.io\/uploads\/2025\/12\/D-Client-luceed-black.svg\"  alt=\"\" loading=lazy \/> <img  src=\"https:\/\/website-assets.productive.io\/uploads\/2025\/12\/D-Client-nexxar-black.svg\"  alt=\"\" loading=lazy \/> <img  src=\"https:\/\/website-assets.productive.io\/uploads\/2025\/01\/Client-b-Wild.svg\"  alt=\"\" loading=lazy \/> <img  src=\"https:\/\/website-assets.productive.io\/uploads\/2025\/12\/D-Client-lemonize-black.svg\"  alt=\"\" loading=lazy \/> <img  src=\"https:\/\/website-assets.productive.io\/uploads\/2025\/12\/D-Client-done-financials-black.svg\"  alt=\"\" loading=lazy \/> <img  src=\"https:\/\/website-assets.productive.io\/uploads\/2025\/12\/D-Client-advertise-right-black.svg\"  alt=\"\" loading=lazy \/> <h2   > Stehst du vor <strong>diesen Herausforderungen?<\/strong><\/h2> <img  src=\"https:\/\/website-assets.productive.io\/uploads\/2024\/10\/productive-keep-track-all-in-one.svg\"  alt=\"\" loading=lazy \/> <h2   > 01<\/h2> <p   > Hast du M\u00fche, den \u00dcberblick \u00fcber Aufgaben und Feedback zu behalten, die \u00fcber verschiedene Plattformen verteilt sind?<\/p> <img  src=\"https:\/\/website-assets.productive.io\/uploads\/2025\/05\/LPPM-Productive-Time-worked-d.svg\"  alt=\"\" loading=lazy \/> <h2   > 02<\/h2> <p   > Unklar, ob dein Team \u00fcberlastet oder nicht ausgelastet ist?<\/p> <img  src=\"https:\/\/website-assets.productive.io\/uploads\/2025\/05\/LPPM-Productive-Budget-d.svg\"  alt=\"\" loading=lazy \/> <h2   > 03<\/h2> <p   > Unsicher, ob du die abrechenbaren Stunden genau erfasst, im Budget bleibst oder die Ausgaben im Rahmen h\u00e4ltst<\/p> <h2   > Steuere die Projekte deiner Agentur <strong>mit Productive<\/strong><\/h2> <h2   > PROJEKTE RECHTZEITIG ABGEBEN<\/h2> <h2   > Halte Projekte <strong>auf Kurs<\/strong> <\/h2> <ul   > <li>Echtzeitfortschrittsverfolgung f\u00fcr effizientes Terminmanagement<\/li><li>Halte sowohl interne Teams als auch Kunden durch Echtzeit-Updates und zentralisierte Kommunikation auf dem neuesten Stand<\/li><li>Spare wertvolle Zeit durch Automatisierung und KI<\/li><\/ul> <img  src=\"https:\/\/website-assets.productive.io\/uploads\/2025\/05\/LPPM-Productive-Automation-d.svg\"  alt=\"\" loading=lazy \/> <img  src=\"https:\/\/website-assets.productive.io\/uploads\/2025\/05\/LPPM-Productive-Workload-d.svg\"  alt=\"\" loading=lazy \/> <h2   > EFFIZIENTE TEAMFORDERUNG<\/h2> <h2   > Wer ist <strong>besch\u00e4ftigt<\/strong> und wer braucht <strong>mehr Arbeit?<\/strong><\/h2> <ul   > <li>Einfach die t\u00e4gliche und w\u00f6chentliche Arbeitsbelastung jedes Teammitglieds pr\u00fcfen<\/li><li>Schnell sehen, wer auf welchem Projekt gebucht ist und wer mehr Arbeit \u00fcbernehmen kann<\/li><li> Zeitsch\u00e4tzungen hinzuf\u00fcgen und realistische Zeitpl\u00e4ne erstellen<\/li><\/ul> <h2   > PROFITABLE PROJEKTE UMSETZEN<\/h2> <h2   > Erhalte die Daten, die du brauchst, um <strong>profitabel zu sein<\/strong><\/h2> <ul   > <li>Einfach nachvollziehen, wie Projektbudget ausgegeben wird und zuk\u00fcnftige Gewinnspannen aussehen k\u00f6nnten<\/li><li>Komplexe Projekte in Phasen unterteilen, um ein einfacheres Budgetmanagement zu erm\u00f6glichen<\/li><li>Budget\u00fcberschreitungen durch automatisierte Warnungen verhindern<\/li><\/ul> <img  src=\"https:\/\/website-assets.productive.io\/uploads\/2025\/05\/LPPM-Productive-Profitablity-d.svg\"  alt=\"\" loading=lazy \/> <img  src=\"https:\/\/website-assets.productive.io\/uploads\/2024\/09\/Katye_-_Soup.png\"  alt=\"\" loading=lazy \/> <p   > <strong>Katya Vakulenko<\/strong><br>Gr\u00fcnderin und CEO <br>SOUP<\/p> <p   > Was ich wirklich an Productive mag, ist, dass es nicht versucht, ein Tool f\u00fcr jeden zu sein. Es ist wirklich ein Tool f\u00fcr Agenturen. Und das mag ich wirklich, denn einige der Schmerzpunkte einer Agentur werden von anderen Tools nicht behandelt, da es f\u00fcr sie keine Priorit\u00e4t ist.<\/p> <img  src=\"https:\/\/website-assets.productive.io\/uploads\/2024\/09\/Refyne-1.png\"  alt=\"\" loading=lazy \/> <p   > <strong>Jens Lystlund Madsen<\/strong><br>Managing Partner <br>Refyne<\/p> <p   > Ehrlich gesagt wei\u00df ich nicht, wo wir beginnen w\u00fcrden, wenn ihr pl\u00f6tzlich verschwinden w\u00fcrdet. Ich denke, dass Productive insgesamt ein gutes Gleichgewicht zwischen Projektmanagement, Rentabilit\u00e4t, Ansichten und Zug\u00e4nglichkeit in Bezug auf Berichte zu einem fairen Preis f\u00fcr die meisten Agenturen bietet.<\/p> <img  src=\"https:\/\/website-assets.productive.io\/uploads\/2024\/09\/Chris_Stonesa_-_Mitchell_Stones.png\"  alt=\"\" loading=lazy \/> <p   > <strong>Chris Stones<\/strong><br>Strategic and Operations Director<br>Mitchell &amp; Stones<\/p> <p   > Ich denke, dass der Umzug zu einer anderen Software f\u00fcr uns ein R\u00fcckschritt w\u00e4re. Wir haben jetzt alles an einem Ort zentralisiert und ich denke nicht, dass wir eine andere Software ben\u00f6tigen, um das Gesch\u00e4ft zu f\u00fchren.<\/p> <img  src=\"https:\/\/website-assets.productive.io\/uploads\/2024\/09\/LUZ_ERHARDT-_SAFFRON.png\"  alt=\"\" loading=lazy \/> <p   > <strong>Luz Erhardt<\/strong><br>Chief Client Officer <br>Saffron<\/p> <p   > Wir schauen uns die zuk\u00fcnftige Auslastung an, es erm\u00f6glicht uns, ein wenig besser zu planen. Fragen wie: Wie eng wird es im Team? Haben wir Kapazit\u00e4t? Productive hilft uns, nicht nur die Leistung unserer heutigen Aufgaben, sondern auch zuk\u00fcnftiger Aufgaben vorherzusagen.<\/p> <img  src=\"https:\/\/website-assets.productive.io\/uploads\/2024\/09\/Kate_Higham_-_Born_Social-1.png\"  alt=\"\" loading=lazy \/> <p   > <strong>Kate Higham<\/strong><br>GESCH\u00c4FTSF\u00dcHRERIN<br>Born Social<\/p> <p   > Wenn ich beschreiben m\u00fcsste, was Productive f\u00fcr uns tut, w\u00e4re es die Entscheidungsfindung. Nicht nur in meiner Rolle, sondern im gesamten Finanz- und Operationsteam. Wir sind t\u00e4glich in und aus der Plattform, nutzen die Daten und die Berichte, um entscheidende gesch\u00e4ftliche Entscheidungen zu treffen, wie wir das Gesch\u00e4ft f\u00fchren, unsere Konten verwalten, wie wir einstellen und Ressourcen managen. Es ist wirklich das Tool, das uns hilft, Entscheidungen zu treffen.<\/p> <h2   > Entfalte das <strong>volle Potenzial<\/strong> deiner Agentur<\/h2> <p   > <\/p> <h2   > Personalisiere ein Layout, um <strong>deine Projekte zu leiten<\/strong><\/h2> <h2   > Ansichten anpassen und mit Teamkollegen teilen.<\/h2> <p   > Gantt-Ansicht<\/p> <p   > Visualisiere dein Projekt mit wesentlichen Meilensteinen und angestrebten Ergebnissen.<\/p> <img  src=\"https:\/\/website-assets.productive.io\/uploads\/2025\/05\/LPPM-Productive-Gantt-view-d.svg\"  alt=\"\" loading=lazy \/> <p   > Listenansicht<\/p> <p   > Wirf einen Blick auf Aufgaben und filtere sie nach Name, F\u00e4lligkeitsdatum, Bearbeiter und mehr.<\/p> <img  src=\"https:\/\/website-assets.productive.io\/uploads\/2025\/05\/LPPM-Productive-List-view-d.svg\"  alt=\"\" loading=lazy \/> <p   > Tabellenansicht<\/p> <p   > Wenn du ein Fan von Tabellenkalkulationen, Tabellen und Zellen bist, dann w\u00e4hle das Tabellenlayout, um Aufgaben zu sehen.<\/p> <img  src=\"https:\/\/website-assets.productive.io\/uploads\/2025\/05\/LPPM-Productive-Table-view-d.svg\"  alt=\"\" loading=lazy \/> <p   > Kanban-Ansicht<\/p> <p   > Wenn du es bevorzugst, Aufgaben auf einem Kanban-Board zu verschieben, w\u00e4hle das Kanban Layout.<\/p> <img  src=\"https:\/\/website-assets.productive.io\/uploads\/2025\/05\/LPPM-Productive-Board-view-d.svg\"  alt=\"\" loading=lazy \/> <p   > Kalenderansicht<\/p> <p   > Wenn das Timing entscheidend ist, verwende dieses Layout f\u00fcr Aufgaben. F\u00fcge zun\u00e4chst ein spezifisches F\u00e4lligkeitsdatum oder einen Datumsbereich hinzu.<\/p> <img  src=\"https:\/\/website-assets.productive.io\/uploads\/2025\/05\/LPPM-Productive-Calendar-view-d.svg\"  alt=\"\" loading=lazy \/> <p   > Zeitleistenansicht<\/p> <p   > Ziehe und lege Aufgaben ab, verschiebe sie oder erweitere und verkleinere, um Start- und F\u00e4lligkeitsdaten zu aktualisieren.<\/p> <img  src=\"https:\/\/website-assets.productive.io\/uploads\/2025\/05\/LPPM-Productive-Timeline-view-d.svg\"  alt=\"\" loading=lazy \/> <p   > Arbeitslastansicht<\/p> <p   > Pr\u00fcfe die Arbeitsbelastung deiner Teammitglieder und delegiere mit Leichtigkeit Aufgaben.<\/p> <img  src=\"https:\/\/website-assets.productive.io\/uploads\/2025\/05\/LPPM-Productive-Workload-view-d.svg\"  alt=\"\" loading=lazy \/> <img  src=\"#\"  alt=\"\" loading=lazy \/> <img  src=\"https:\/\/productive.io\/wp-content\/uploads\/2021\/09\/connect-apps-2.svg\"  alt=\"\" loading=lazy \/> <h2   > Deine Tools. Deine Prozesse. <strong>Alles integriert.<\/strong><\/h2> <p   > Integriere dich mit deinen Gesch\u00e4ftstools wie JIRA, Slack oder QuickBooks und erledige Projekte schneller.<\/p> <a   href=\"https:\/\/productive.io\/de\/integrationen\/\" > <p   > Integrationen ansehen<\/p> <\/a> <h2   > In <strong>Minuten loslegen<\/strong><\/h2> <img  src=\"https:\/\/website-assets.productive.io\/uploads\/2025\/05\/LPPM-Productive-Dashboard-d.svg\"  alt=\"\" loading=lazy \/> <h3   > <strong>M\u00fchelose Einarbeitung<\/strong><\/h3> <p   > Eine intuitive Benutzeroberfl\u00e4che f\u00fcr schnelle Vertrautheit<\/p> <img  src=\"https:\/\/website-assets.productive.io\/uploads\/2025\/05\/LPPM-Productive-Data-d.svg\"  alt=\"\" loading=lazy \/> <h3   > <strong>Nimm deine Daten mit<\/strong><\/h3> <p   > Einfache Datenmigration aus anderen Tools<\/p> <img  src=\"https:\/\/website-assets.productive.io\/uploads\/2025\/05\/LPPM-Productive-Support-Chat-d.svg\"  alt=\"\" loading=lazy \/> <h2   > <strong>Antworten bei jedem Schritt<\/strong><\/h2> <p   > Engagierter Kundenservice f\u00fcr alle deine Fragen<\/p> <h2   > Buchen Sie eine <strong>personalisierte Demo<\/strong><\/h2> <p   > In 30 Minuten erfahren Sie:<\/p> <ul   > <li><strong>Nutzen Sie unsere Expertise<\/strong> \u2013 mit \u00fcber 1.500 Agenturkunden kennen wir Ihre Schmerzpunkte<\/li><li>Sehen Sie, wie Productive f\u00fcr <strong>Ihren Anwendungsfall<\/strong> funktionieren kann \u2013 kein monatelanges Rumklicken notwendig<\/li><li>Stelle Fragen \u2013 und <strong>bekomme sofort eine Antwort<\/strong><\/li><\/ul> <img  src=\"https:\/\/website-assets.productive.io\/uploads\/2024\/10\/blue-mark.svg\"  alt=\"\" loading=lazy \/>","protected":false},"excerpt":{"rendered":"","protected":false},"author":44,"featured_media":0,"parent":0,"menu_order":0,"comment_status":"closed","ping_status":"closed","template":"","meta":{"_acf_changed":false,"es_utils_meta_schema":"","footnotes":""},"job-category":[],"page-category":[],"class_list":["post-59606","page","type-page","status-publish","hentry"],"acf":[],"yoast_head":"<!-- This site is optimized with the Yoast SEO Premium plugin v27.2 (Yoast SEO v27.2) - https:\/\/yoast.com\/product\/yoast-seo-premium-wordpress\/ -->\n<title>Agentur Management-Software - Productive<\/title>\n<meta name=\"description\" content=\"Halte die Projekte deiner Agentur mit Productive profitabel.\" \/>\n<meta name=\"robots\" content=\"noindex, nofollow\" \/>\n<meta property=\"og:locale\" content=\"de_DE\" \/>\n<meta property=\"og:type\" content=\"article\" \/>\n<meta property=\"og:title\" content=\"Agentur Management-Software\" \/>\n<meta property=\"og:description\" content=\"Halte die Projekte deiner Agentur mit Productive profitabel.\" \/>\n<meta property=\"og:url\" content=\"https:\/\/productive.io\/de\/lp-projektmanagement\/\" \/>\n<meta property=\"og:site_name\" content=\"Productive\" \/>\n<meta property=\"article:publisher\" content=\"https:\/\/www.facebook.com\/productiveio\/\" \/>\n<meta property=\"article:modified_time\" content=\"2025-12-19T09:59:48+00:00\" \/>\n<meta name=\"twitter:card\" content=\"summary_large_image\" \/>\n<meta name=\"twitter:label1\" content=\"Gesch\u00e4tzte Lesezeit\" \/>\n\t<meta name=\"twitter:data1\" content=\"11 minutes\" \/>\n<script type=\"application\/ld+json\" class=\"yoast-schema-graph\">{\"@context\":\"https:\/\/schema.org\",\"@graph\":[{\"@type\":\"WebPage\",\"@id\":\"https:\/\/productive.io\/de\/lp-projektmanagement\/\",\"url\":\"https:\/\/productive.io\/de\/lp-projektmanagement\/\",\"name\":\"Agentur Management-Software - Productive\",\"isPartOf\":{\"@id\":\"https:\/\/productive.io\/de\/#website\"},\"datePublished\":\"2024-11-06T15:31:34+00:00\",\"dateModified\":\"2025-12-19T09:59:48+00:00\",\"description\":\"Halte die Projekte deiner Agentur mit Productive profitabel.\",\"breadcrumb\":{\"@id\":\"https:\/\/productive.io\/de\/lp-projektmanagement\/#breadcrumb\"},\"inLanguage\":\"de-DE\",\"potentialAction\":[{\"@type\":\"ReadAction\",\"target\":[\"https:\/\/productive.io\/de\/lp-projektmanagement\/\"]}]},{\"@type\":\"BreadcrumbList\",\"@id\":\"https:\/\/productive.io\/de\/lp-projektmanagement\/#breadcrumb\",\"itemListElement\":[{\"@type\":\"ListItem\",\"position\":1,\"name\":\"Home\",\"item\":\"https:\/\/productive.io\/de\/\"},{\"@type\":\"ListItem\",\"position\":2,\"name\":\"Agentur Management-Software\"}]},{\"@type\":\"WebSite\",\"@id\":\"https:\/\/productive.io\/de\/#website\",\"url\":\"https:\/\/productive.io\/de\/\",\"name\":\"Productive\",\"description\":\"The Only Tool You Need To Run a Profitable Agency\",\"publisher\":{\"@id\":\"https:\/\/productive.io\/de\/#organization\"},\"potentialAction\":[{\"@type\":\"SearchAction\",\"target\":{\"@type\":\"EntryPoint\",\"urlTemplate\":\"https:\/\/productive.io\/de\/?s={search_term_string}\"},\"query-input\":{\"@type\":\"PropertyValueSpecification\",\"valueRequired\":true,\"valueName\":\"search_term_string\"}}],\"inLanguage\":\"de-DE\"},{\"@type\":\"Organization\",\"@id\":\"https:\/\/productive.io\/de\/#organization\",\"name\":\"Productive\",\"url\":\"https:\/\/productive.io\/de\/\",\"logo\":{\"@type\":\"ImageObject\",\"inLanguage\":\"de-DE\",\"@id\":\"https:\/\/productive.io\/de\/#\/schema\/logo\/image\/\",\"url\":\"https:\/\/website-assets.productive.io\/uploads\/2025\/09\/Productive-logo-for-Yoast-do-not-delete.webp\",\"contentUrl\":\"https:\/\/website-assets.productive.io\/uploads\/2025\/09\/Productive-logo-for-Yoast-do-not-delete.webp\",\"width\":696,\"height\":696,\"caption\":\"Productive\"},\"image\":{\"@id\":\"https:\/\/productive.io\/de\/#\/schema\/logo\/image\/\"},\"sameAs\":[\"https:\/\/www.facebook.com\/productiveio\/\",\"https:\/\/www.linkedin.com\/company\/productive-io\/\",\"https:\/\/www.youtube.com\/@productive_io\",\"https:\/\/www.instagram.com\/productive.io\/\",\"https:\/\/www.g2.com\/products\/productive\/reviews\",\"https:\/\/www.capterra.com\/p\/169710\/Productive\/\",\"https:\/\/www.crunchbase.com\/organization\/productive-io\",\"https:\/\/www.trustpilot.com\/review\/www.productive.io\",\"https:\/\/github.com\/productiveio\"],\"description\":\"Productive - Agency Management & PSA - Run resources, projects, budgets, and profitability in one platform built for agencies and professional services.\",\"email\":\"contact@productive.io\",\"legalName\":\"The Productive Company Inc.\",\"foundingDate\":\"2014-01-01\",\"numberOfEmployees\":{\"@type\":\"QuantitativeValue\",\"minValue\":\"51\",\"maxValue\":\"200\"}}]}<\/script>\n<!-- \/ Yoast SEO Premium plugin. -->","yoast_head_json":{"title":"Agentur Management-Software - Productive","description":"Halte die Projekte deiner Agentur mit Productive profitabel.","robots":{"index":"noindex","follow":"nofollow"},"og_locale":"de_DE","og_type":"article","og_title":"Agentur Management-Software","og_description":"Halte die Projekte deiner Agentur mit Productive profitabel.","og_url":"https:\/\/productive.io\/de\/lp-projektmanagement\/","og_site_name":"Productive","article_publisher":"https:\/\/www.facebook.com\/productiveio\/","article_modified_time":"2025-12-19T09:59:48+00:00","twitter_card":"summary_large_image","twitter_misc":{"Gesch\u00e4tzte Lesezeit":"11 minutes"},"schema":{"@context":"https:\/\/schema.org","@graph":[{"@type":"WebPage","@id":"https:\/\/productive.io\/de\/lp-projektmanagement\/","url":"https:\/\/productive.io\/de\/lp-projektmanagement\/","name":"Agentur Management-Software - Productive","isPartOf":{"@id":"https:\/\/productive.io\/de\/#website"},"datePublished":"2024-11-06T15:31:34+00:00","dateModified":"2025-12-19T09:59:48+00:00","description":"Halte die Projekte deiner Agentur mit Productive profitabel.","breadcrumb":{"@id":"https:\/\/productive.io\/de\/lp-projektmanagement\/#breadcrumb"},"inLanguage":"de-DE","potentialAction":[{"@type":"ReadAction","target":["https:\/\/productive.io\/de\/lp-projektmanagement\/"]}]},{"@type":"BreadcrumbList","@id":"https:\/\/productive.io\/de\/lp-projektmanagement\/#breadcrumb","itemListElement":[{"@type":"ListItem","position":1,"name":"Home","item":"https:\/\/productive.io\/de\/"},{"@type":"ListItem","position":2,"name":"Agentur Management-Software"}]},{"@type":"WebSite","@id":"https:\/\/productive.io\/de\/#website","url":"https:\/\/productive.io\/de\/","name":"Productive","description":"The Only Tool You Need To Run a Profitable Agency","publisher":{"@id":"https:\/\/productive.io\/de\/#organization"},"potentialAction":[{"@type":"SearchAction","target":{"@type":"EntryPoint","urlTemplate":"https:\/\/productive.io\/de\/?s={search_term_string}"},"query-input":{"@type":"PropertyValueSpecification","valueRequired":true,"valueName":"search_term_string"}}],"inLanguage":"de-DE"},{"@type":"Organization","@id":"https:\/\/productive.io\/de\/#organization","name":"Productive","url":"https:\/\/productive.io\/de\/","logo":{"@type":"ImageObject","inLanguage":"de-DE","@id":"https:\/\/productive.io\/de\/#\/schema\/logo\/image\/","url":"https:\/\/website-assets.productive.io\/uploads\/2025\/09\/Productive-logo-for-Yoast-do-not-delete.webp","contentUrl":"https:\/\/website-assets.productive.io\/uploads\/2025\/09\/Productive-logo-for-Yoast-do-not-delete.webp","width":696,"height":696,"caption":"Productive"},"image":{"@id":"https:\/\/productive.io\/de\/#\/schema\/logo\/image\/"},"sameAs":["https:\/\/www.facebook.com\/productiveio\/","https:\/\/www.linkedin.com\/company\/productive-io\/","https:\/\/www.youtube.com\/@productive_io","https:\/\/www.instagram.com\/productive.io\/","https:\/\/www.g2.com\/products\/productive\/reviews","https:\/\/www.capterra.com\/p\/169710\/Productive\/","https:\/\/www.crunchbase.com\/organization\/productive-io","https:\/\/www.trustpilot.com\/review\/www.productive.io","https:\/\/github.com\/productiveio"],"description":"Productive - Agency Management & PSA - Run resources, projects, budgets, and profitability in one platform built for agencies and professional services.","email":"contact@productive.io","legalName":"The Productive Company Inc.","foundingDate":"2014-01-01","numberOfEmployees":{"@type":"QuantitativeValue","minValue":"51","maxValue":"200"}}]}},"_links":{"self":[{"href":"https:\/\/productive.io\/de\/wp-json\/wp\/v2\/pages\/59606","targetHints":{"allow":["GET"]}}],"collection":[{"href":"https:\/\/productive.io\/de\/wp-json\/wp\/v2\/pages"}],"about":[{"href":"https:\/\/productive.io\/de\/wp-json\/wp\/v2\/types\/page"}],"author":[{"embeddable":true,"href":"https:\/\/productive.io\/de\/wp-json\/wp\/v2\/users\/44"}],"replies":[{"embeddable":true,"href":"https:\/\/productive.io\/de\/wp-json\/wp\/v2\/comments?post=59606"}],"version-history":[{"count":7,"href":"https:\/\/productive.io\/de\/wp-json\/wp\/v2\/pages\/59606\/revisions"}],"predecessor-version":[{"id":69406,"href":"https:\/\/productive.io\/de\/wp-json\/wp\/v2\/pages\/59606\/revisions\/69406"}],"wp:attachment":[{"href":"https:\/\/productive.io\/de\/wp-json\/wp\/v2\/media?parent=59606"}],"wp:term":[{"taxonomy":"job-category","embeddable":true,"href":"https:\/\/productive.io\/de\/wp-json\/wp\/v2\/job-category?post=59606"},{"taxonomy":"page-category","embeddable":true,"href":"https:\/\/productive.io\/de\/wp-json\/wp\/v2\/page-category?post=59606"}],"curies":[{"name":"wp","href":"https:\/\/api.w.org\/{rel}","templated":true}]}}