{"id":59505,"date":"2023-04-13T09:51:09","date_gmt":"2023-04-13T09:51:09","guid":{"rendered":"https:\/\/productive.io\/?page_id=59505"},"modified":"2025-10-09T11:01:33","modified_gmt":"2025-10-09T11:01:33","slug":"lp-agenturmanagement-software","status":"publish","type":"page","link":"https:\/\/productive.io\/de\/lp-agenturmanagement-software\/","title":{"rendered":"Agenturmanagementsoftware"},"content":{"rendered":"<h1   > <strong><strong><strong><strong>WELTWEIT VON AGENTUREN VERTRAUT<\/strong><\/strong><\/strong><\/strong><\/h1> <h2   > <strong>Agenturmanagement<\/strong>-Software<\/h2> <p   > Productive ist speziell f\u00fcr Agenturen jeder Art und Gr\u00f6\u00dfe entwickelt.<br>Starte jetzt und gewinne volle Kontrolle \u00fcber deine Abl\u00e4ufe und Profitabilit\u00e4t.<\/p> <p   > Kostenlos testen<\/p> <a   id=\"book-a-demo-hero\"data-cta-conversion-type=book_a_demo href=\"https:\/\/productive.io\/de\/demo-buchen\/\" > <p   > Demo buchen<\/p> <\/a> <a   data-cta-conversion-type=book_a_demo data-cta-block-type=dual_button_form href=\"https:\/\/productive.io\/de\/demo-buchen\/\" > <p   > Demo buchen<\/p> <\/a> <img  src=\"https:\/\/website-assets.productive.io\/uploads\/2025\/05\/HP-Productive-Dashboard-d.svg\"  alt=\"\" \/> <h1   > <strong><strong>AGENTURSOFTWARE, DER DU VERTRAUEN KANNST<\/strong><\/strong><\/h1> <h2   > <strong>Agenturmanagement<\/strong>-Software<\/h2> <p   > Alle Abl\u00e4ufe deiner Agentur in einem System.<br>Verwalte Projekte, Ressourcen, Budgets und dein ganzes Team \u2013 mit einer Agentur-Software, die dir echte Kontrolle gibt.<\/p> <p   > Kostenlose 14-t\u00e4gige Testphase. Jederzeit k\u00fcndbar.<\/p> <h1   > <strong>AGENTURMANAGEMENT-SOFTWARE<\/strong><\/h1> <h2   > Wir sind <strong>das Tool<\/strong> f\u00fcr Agenturen<\/h2> <h3   > Productive ist eine All-in-One-L\u00f6sung f\u00fcr Agenturen jeder Art und Gr\u00f6\u00dfe. Starte jetzt und erhalte eine starke Kontrolle \u00fcber Betrieb und Rentabilit\u00e4t.<\/h3> <p   > Kostenlos testen<\/p> <a   id=\"book-a-demo-hero\"data-cta-position-page=hero-ab1 data-cta-position-num=1 data-cta-conversion-type=book_a_demo data-cta-form-type=link data-cta-block-type=button href=\"https:\/\/productive.io\/book-a-demo\/\" > <p   > Demo buchen<\/p> <\/a> <p   > Kostenlose 14-t\u00e4gige Testphase. Jederzeit k\u00fcndbar.<\/p> <img  src=\"https:\/\/website-assets.productive.io\/uploads\/2023\/10\/Homepage-1.svg\"  alt=\"\" loading=lazy \/> <img  src=\"https:\/\/website-assets.productive.io\/uploads\/2025\/05\/HP-Productive-eine-skalierbare-Plattform-d.svg\"  alt=\"\" loading=lazy \/> <h2   > Eine <strong>Plattform f\u00fcr Agenturen<\/strong> jeder Gr\u00f6\u00dfe<\/h2> <ul   > <li>Alle Daten zentral in einem Agentur-System<\/li><li>Projekte vom ersten Kontakt bis zur finalen Abrechnung steuern<\/li><li>Komplexe Budgets und Ressourcen einfach managen<\/li><li>Transparente Einblicke in Finanzen, Leads und Auslastung<\/li><\/ul> <h2   > <strong><strong>EFFIZIENTE RESSOURCENPLANUNG IM TEAM<\/strong><\/strong><\/h2> <h2   > <strong><strong>Wer ist \u00fcberlastet? Wer hat noch freie Kapazit\u00e4t?<\/strong><\/strong><\/h2> <ul   > <li>Verteile Aufgaben ausgewogen im Team<\/li><li>Verwalte Urlaube und Abwesenheiten mit nur wenigen Klicks<\/li><li>Plane Neueinstellungen mit Platzhaltern<\/li><li>Filtere nach Team, F\u00e4higkeiten oder Erfahrungslevel \u2013 ganz flexibel mit benutzerdefinierten Feldern<\/li><\/ul> <img  src=\"https:\/\/website-assets.productive.io\/uploads\/2025\/05\/RP-Productive-Design-Teamplanung-d.svg\"  alt=\"\" loading=lazy \/> <img  src=\"https:\/\/website-assets.productive.io\/uploads\/2025\/05\/LPPM-Productive-Automation-d.svg\"  alt=\"\" loading=lazy \/> <h2   > <strong>PROJEKTE P\u00dcNKTLICH &amp; REIBUNGSLOS LIEFERN<\/strong><\/h2> <h2   > <strong>Zeitpl\u00e4ne konsequent einhalten<\/strong><\/h2> <ul   > <li>Verfolge Fortschritte in Echtzeit und behalte Deadlines im Blick<\/li><li>Halte interne Teams und Kunden mit zentraler Kommunikation und Live-Updates auf dem gleichen Stand<\/li><li>Spare wertvolle Zeit durch Automatisierung und KI-Unterst\u00fctzung<\/li><\/ul> <h2   > <strong><strong>PROFITABLE PROJEKTE STEUERN<\/strong><\/strong><\/h2> <h2   > <strong>Leistungsstarkes Budgetmanagement<\/strong><\/h2> <ul   > <li>Erstelle und verwalte Budgets jeder Art m\u00fchelos<\/li><li>Behalte mit jeder erfassten Stunde Gewinnmargen und abrechenbare Betr\u00e4ge im Blick<\/li><li>Triff fundierte Entscheidungen auf Basis von Echtzeit-Kennzahlen<\/li><\/ul> <img  src=\"https:\/\/website-assets.productive.io\/uploads\/2025\/05\/BU-Productive-starkes-Budgetmanagement-d.svg\"  alt=\"\" loading=lazy \/> <h2   > <strong>Speziell entwickelte Berichte<\/strong> f\u00fcr Agenturen<\/h2> <h2   > <\/h2> <p   > Abrechenbare Nutzung<\/p> <p   > Analysiere abrechenbare Zeiten nach Monat, Person, Team oder Projekt \u2013 r\u00fcckblickend und im Detail.<\/p> <img  src=\"https:\/\/website-assets.productive.io\/uploads\/2025\/05\/AMS-Productive-Utilization-d.svg\"  alt=\"\" loading=lazy \/> <p   > <strong>Rentabilit\u00e4t pro Kunde<\/strong><\/p> <p   > Behalte die Rentabilit\u00e4t deiner Kunden in Echtzeit im Blick \u2013 \u00fcbersichtlich und fundiert.<\/p> <img  src=\"https:\/\/website-assets.productive.io\/uploads\/2025\/05\/AMS-Productive-Profitability-d-2.svg\"  alt=\"\" loading=lazy \/> <p   > Budgetnutzung<\/p> <p   > Verbessere dein Budgetmanagement mit Berichten zur Budgetnutzung in Echtzeit.<\/p> <img  src=\"https:\/\/website-assets.productive.io\/uploads\/2025\/05\/AMS-Productive-Budget-d.svg\"  alt=\"\" loading=lazy \/> <p   > Zeiteintr\u00e4ge<\/p> <p   > Vergleiche geleistete und abrechenbare Zeit \u2013 und setze sie ins Verh\u00e4ltnis zu den Kosten.<\/p> <img  src=\"https:\/\/website-assets.productive.io\/uploads\/2025\/05\/AMS-Productive-Time-Entires-d.svg\"  alt=\"\" loading=lazy \/> <p   > Prognostizierte Einnahmen<\/p> <p   > Analysiere erwartete Ums\u00e4tze und Erl\u00f6se \u2013 nach Kunde, Projekt oder Zeitraum.<\/p> <img  src=\"https:\/\/website-assets.productive.io\/uploads\/2025\/05\/AMS-Productive-Revenue-d.svg\"  alt=\"\" loading=lazy \/> <p   > Prognostizierte Auslastung<\/p> <p   > Behalte prognostizierte Auslastung und Rentabilit\u00e4t monatlich im Blick.<\/p> <img  src=\"https:\/\/website-assets.productive.io\/uploads\/2025\/05\/AMS-Productive-Forecasted-Utilization-d.svg\"  alt=\"\" loading=lazy \/> <img  src=\"#\"  alt=\"\" loading=lazy \/> <h2   > <strong>Schnelle, einfache<\/strong> Rechnungsstellung<\/h2> <img  src=\"https:\/\/website-assets.productive.io\/uploads\/2025\/05\/BI-Productive-Flexibilitat-bei-der-Rechnungsstellung-d.svg\"  alt=\"\" loading=lazy \/> <h4   > Flexibilit\u00e4t bei der <strong>Abrechnung<\/strong><\/h4> <p   > Kombiniere Projekte und Services, um mehrere Budgets auf einmal abzurechnen.<br><\/p> <img  src=\"https:\/\/website-assets.productive.io\/uploads\/2025\/05\/BI-Productive-ein-ganzes-Projekt-in-Rechnung-stellen-d.svg\"  alt=\"\" loading=lazy \/> <h4   > <strong>Ein ganzes Projekt oder nur Teile davon abrechnen<\/strong><\/h4> <p   > Du entscheidest, wie viel vom urspr\u00fcnglichen Budget abgerechnet wird.<\/p> <img  src=\"https:\/\/website-assets.productive.io\/uploads\/2025\/05\/BI-Productive-Retainer-Rechnungsstellung-d.svg\"  alt=\"\" loading=lazy \/> <h4   > <strong>Retainer<\/strong>-Abrechnung<\/h4> <p   > Productive erinnert dich automatisch, wenn deine Retainer-Budgets zur Abrechnung bereit sind.<\/p> <h2   > <strong>Deine Agentur, deine Tools<\/strong> \u2013 nahtlos verbunden<br><\/h2> <p   > Verbinde Productive mit Tools wie Xero, Slack, QuickBooks, HubSpot, Google Kalender, Zapier und vielen mehr. Automatisiere Workflows, beschleunige Projekte.<\/p> <a   href=\"http:\/\/productive.io\/de\/integrationen\/\" > <p   > Integration anzeigen<\/p> <\/a> <img  src=\"https:\/\/website-assets-staging.productive.io\/uploads\/2025\/01\/xero.svg\" alt=\"Scrolling image item 1-1\" \/> Xero <img  src=\"https:\/\/website-assets-staging.productive.io\/uploads\/2025\/01\/Slack.svg\" alt=\"Scrolling image item 1-2\" \/> Slack <img  src=\"https:\/\/website-assets.productive.io\/uploads\/2025\/02\/Quickbooks.svg\" alt=\"Scrolling image item 1-3\" \/> QuickBooks <img  src=\"https:\/\/website-assets-staging.productive.io\/uploads\/2025\/01\/Hubspot.svg\" alt=\"Scrolling image item 1-4\" \/> HubSpot <img  src=\"https:\/\/website-assets-staging.productive.io\/uploads\/2025\/01\/Google-calendar.svg\" alt=\"Scrolling image item 1-5\" \/> Google Cal <img  src=\"https:\/\/website-assets-staging.productive.io\/uploads\/2025\/01\/Zapier-logo-icon.svg\" alt=\"Scrolling image item 1-6\" \/> Zapier <img  src=\"https:\/\/website-assets-staging.productive.io\/uploads\/2025\/01\/Exact.svg\" alt=\"Scrolling image item 2-1\" \/> Exact <img  src=\"https:\/\/website-assets-staging.productive.io\/uploads\/2025\/01\/Visma.svg\" alt=\"Scrolling image item 2-2\" \/> Visma <img  src=\"https:\/\/website-assets-staging.productive.io\/uploads\/2025\/01\/Fortnox.svg\" alt=\"Scrolling image item 2-3\" \/> Fortnox <img  src=\"https:\/\/website-assets-staging.productive.io\/uploads\/2025\/01\/TwinfieldAccounting.svg\" alt=\"Scrolling image item 2-4\" \/> Twinfield <img  src=\"https:\/\/website-assets-staging.productive.io\/uploads\/2025\/01\/CPP.svg\" alt=\"Scrolling image item 2-5\" \/> CPP <img  src=\"https:\/\/website-assets-staging.productive.io\/uploads\/2025\/01\/Sage.svg\" alt=\"Scrolling image item 2-6\" \/> Sage <img  src=\"https:\/\/website-assets-staging.productive.io\/uploads\/2025\/01\/Breathe-HR.svg\" alt=\"Scrolling image item 3-1\" \/> BreatheHR <img  src=\"https:\/\/website-assets-staging.productive.io\/uploads\/2025\/01\/BambooHR.svg\" alt=\"Scrolling image item 3-2\" \/> BambooHR <img  src=\"https:\/\/website-assets-staging.productive.io\/uploads\/2025\/01\/CharlieHR.svg\" alt=\"Scrolling image item 3-3\" \/> CharlieHR <img  src=\"https:\/\/website-assets-staging.productive.io\/uploads\/2025\/01\/Personio.svg\" alt=\"Scrolling image item 3-4\" \/> Personio <img  src=\"https:\/\/website-assets-staging.productive.io\/uploads\/2025\/01\/Rippling.svg\" alt=\"Scrolling image item 3-5\" \/> Rippling <img  src=\"https:\/\/website-assets-staging.productive.io\/uploads\/2025\/01\/Hibob.svg\" alt=\"Scrolling image item 3-6\" \/> HiBob <h2   > In <strong>Minuten loslegen<\/strong><\/h2> <img  src=\"https:\/\/website-assets.productive.io\/uploads\/2025\/05\/LPPM-Productive-Dashboard-d.svg\"  alt=\"\" loading=lazy \/> <h3   > <strong>M\u00fchelose Einarbeitung<\/strong><\/h3> <p   > Eine intuitive Oberfl\u00e4che, mit der du dich sofort zurechtfindest.<\/p> <img  src=\"https:\/\/website-assets.productive.io\/uploads\/2025\/05\/LPPM-Productive-Data-d.svg\"  alt=\"\" loading=lazy \/> <h3   > <strong><strong>Nimm deine Daten einfach mit<\/strong><\/strong><\/h3> <p   > Wechsle m\u00fchelos \u2013 dank unkomplizierter Datenmigration aus anderen Tools.<\/p> <img  src=\"https:\/\/website-assets.productive.io\/uploads\/2025\/05\/LPPM-Productive-Support-Chat-d.svg\"  alt=\"\" loading=lazy \/> <h2   > <strong><strong>Antworten auf jedem Schritt<\/strong><\/strong><\/h2> <p   > Unser engagierter Support ist f\u00fcr dich da \u2013 bei jeder Frage, in jedem Moment.<\/p> <h2   > Buche deine<strong> personalisierte Demo<\/strong><\/h2> <p   > In 30 Minuten erfahren Sie:<\/p> <ul   > <li><strong>Nutze unsere Erfahrung<\/strong> \u2013 mit \u00fcber 1.500 Agenturkunden kennen wir deine Herausforderungen genau<\/li><li>Sieh dir an, wie Productive zu <strong>deinem Anwendungsfall<\/strong> passt \u2013 ganz ohne monatelanges Herumklicken<\/li><li>Stell deine Fragen \u2013 und <strong>erhalte direkt klare Antworten<\/strong><\/li><\/ul> <img  src=\"https:\/\/website-assets.productive.io\/uploads\/2025\/05\/Group.svg\"  alt=\"\" loading=lazy \/>","protected":false},"excerpt":{"rendered":"","protected":false},"author":38,"featured_media":0,"parent":0,"menu_order":0,"comment_status":"closed","ping_status":"closed","template":"","meta":{"_acf_changed":false,"es_utils_meta_schema":"","footnotes":""},"job-category":[],"page-category":[1090],"class_list":["post-59505","page","type-page","status-publish","hentry"],"acf":[],"yoast_head":"<!-- This site is optimized with the Yoast SEO Premium plugin v27.4 (Yoast SEO v27.4) - https:\/\/yoast.com\/product\/yoast-seo-premium-wordpress\/ -->\n<title>Agenturmanagementsoftware - Productive<\/title>\n<meta name=\"robots\" content=\"noindex, follow\" \/>\n<meta property=\"og:locale\" content=\"de_DE\" \/>\n<meta property=\"og:type\" content=\"article\" \/>\n<meta property=\"og:title\" content=\"Agenturmanagementsoftware\" \/>\n<meta property=\"og:url\" content=\"https:\/\/productive.io\/de\/lp-agenturmanagement-software\/\" \/>\n<meta property=\"og:site_name\" content=\"Productive\" \/>\n<meta property=\"article:publisher\" content=\"https:\/\/www.facebook.com\/productiveio\/\" \/>\n<meta property=\"article:modified_time\" content=\"2025-10-09T11:01:33+00:00\" \/>\n<meta name=\"twitter:card\" content=\"summary_large_image\" \/>\n<meta name=\"twitter:label1\" content=\"Gesch\u00e4tzte Lesezeit\" \/>\n\t<meta name=\"twitter:data1\" content=\"10 minutes\" \/>\n<script type=\"application\/ld+json\" class=\"yoast-schema-graph\">{\"@context\":\"https:\\\/\\\/schema.org\",\"@graph\":[{\"@type\":\"WebPage\",\"@id\":\"https:\\\/\\\/productive.io\\\/de\\\/lp-agenturmanagement-software\\\/\",\"url\":\"https:\\\/\\\/productive.io\\\/de\\\/lp-agenturmanagement-software\\\/\",\"name\":\"Agenturmanagementsoftware - Productive\",\"isPartOf\":{\"@id\":\"https:\\\/\\\/productive.io\\\/de\\\/#website\"},\"datePublished\":\"2023-04-13T09:51:09+00:00\",\"dateModified\":\"2025-10-09T11:01:33+00:00\",\"breadcrumb\":{\"@id\":\"https:\\\/\\\/productive.io\\\/de\\\/lp-agenturmanagement-software\\\/#breadcrumb\"},\"inLanguage\":\"de-DE\",\"potentialAction\":[{\"@type\":\"ReadAction\",\"target\":[\"https:\\\/\\\/productive.io\\\/de\\\/lp-agenturmanagement-software\\\/\"]}]},{\"@type\":\"BreadcrumbList\",\"@id\":\"https:\\\/\\\/productive.io\\\/de\\\/lp-agenturmanagement-software\\\/#breadcrumb\",\"itemListElement\":[{\"@type\":\"ListItem\",\"position\":1,\"name\":\"Home\",\"item\":\"https:\\\/\\\/productive.io\\\/de\\\/\"},{\"@type\":\"ListItem\",\"position\":2,\"name\":\"Agenturmanagementsoftware\"}]},{\"@type\":\"WebSite\",\"@id\":\"https:\\\/\\\/productive.io\\\/de\\\/#website\",\"url\":\"https:\\\/\\\/productive.io\\\/de\\\/\",\"name\":\"Productive\",\"description\":\"The Only Tool You Need To Run a Profitable Agency\",\"publisher\":{\"@id\":\"https:\\\/\\\/productive.io\\\/de\\\/#organization\"},\"potentialAction\":[{\"@type\":\"SearchAction\",\"target\":{\"@type\":\"EntryPoint\",\"urlTemplate\":\"https:\\\/\\\/productive.io\\\/de\\\/?s={search_term_string}\"},\"query-input\":{\"@type\":\"PropertyValueSpecification\",\"valueRequired\":true,\"valueName\":\"search_term_string\"}}],\"inLanguage\":\"de-DE\"},{\"@type\":\"Organization\",\"@id\":\"https:\\\/\\\/productive.io\\\/de\\\/#organization\",\"name\":\"Productive\",\"url\":\"https:\\\/\\\/productive.io\\\/de\\\/\",\"logo\":{\"@type\":\"ImageObject\",\"inLanguage\":\"de-DE\",\"@id\":\"https:\\\/\\\/productive.io\\\/de\\\/#\\\/schema\\\/logo\\\/image\\\/\",\"url\":\"https:\\\/\\\/website-assets.productive.io\\\/uploads\\\/2025\\\/09\\\/Productive-logo-for-Yoast-do-not-delete.webp\",\"contentUrl\":\"https:\\\/\\\/website-assets.productive.io\\\/uploads\\\/2025\\\/09\\\/Productive-logo-for-Yoast-do-not-delete.webp\",\"width\":696,\"height\":696,\"caption\":\"Productive\"},\"image\":{\"@id\":\"https:\\\/\\\/productive.io\\\/de\\\/#\\\/schema\\\/logo\\\/image\\\/\"},\"sameAs\":[\"https:\\\/\\\/www.facebook.com\\\/productiveio\\\/\",\"https:\\\/\\\/www.linkedin.com\\\/company\\\/productive-io\\\/\",\"https:\\\/\\\/www.youtube.com\\\/@productive_io\",\"https:\\\/\\\/www.instagram.com\\\/productive.io\\\/\",\"https:\\\/\\\/www.g2.com\\\/products\\\/productive\\\/reviews\",\"https:\\\/\\\/www.capterra.com\\\/p\\\/169710\\\/Productive\\\/\",\"https:\\\/\\\/www.crunchbase.com\\\/organization\\\/productive-io\",\"https:\\\/\\\/www.trustpilot.com\\\/review\\\/www.productive.io\",\"https:\\\/\\\/github.com\\\/productiveio\"],\"description\":\"Productive - Agency Management & PSA - Run resources, projects, budgets, and profitability in one platform built for agencies and professional services.\",\"email\":\"contact@productive.io\",\"legalName\":\"The Productive Company Inc.\",\"foundingDate\":\"2014-01-01\",\"numberOfEmployees\":{\"@type\":\"QuantitativeValue\",\"minValue\":\"51\",\"maxValue\":\"200\"}}]}<\/script>\n<!-- \/ Yoast SEO Premium plugin. -->","yoast_head_json":{"title":"Agenturmanagementsoftware - Productive","robots":{"index":"noindex","follow":"follow"},"og_locale":"de_DE","og_type":"article","og_title":"Agenturmanagementsoftware","og_url":"https:\/\/productive.io\/de\/lp-agenturmanagement-software\/","og_site_name":"Productive","article_publisher":"https:\/\/www.facebook.com\/productiveio\/","article_modified_time":"2025-10-09T11:01:33+00:00","twitter_card":"summary_large_image","twitter_misc":{"Gesch\u00e4tzte Lesezeit":"10 minutes"},"schema":{"@context":"https:\/\/schema.org","@graph":[{"@type":"WebPage","@id":"https:\/\/productive.io\/de\/lp-agenturmanagement-software\/","url":"https:\/\/productive.io\/de\/lp-agenturmanagement-software\/","name":"Agenturmanagementsoftware - Productive","isPartOf":{"@id":"https:\/\/productive.io\/de\/#website"},"datePublished":"2023-04-13T09:51:09+00:00","dateModified":"2025-10-09T11:01:33+00:00","breadcrumb":{"@id":"https:\/\/productive.io\/de\/lp-agenturmanagement-software\/#breadcrumb"},"inLanguage":"de-DE","potentialAction":[{"@type":"ReadAction","target":["https:\/\/productive.io\/de\/lp-agenturmanagement-software\/"]}]},{"@type":"BreadcrumbList","@id":"https:\/\/productive.io\/de\/lp-agenturmanagement-software\/#breadcrumb","itemListElement":[{"@type":"ListItem","position":1,"name":"Home","item":"https:\/\/productive.io\/de\/"},{"@type":"ListItem","position":2,"name":"Agenturmanagementsoftware"}]},{"@type":"WebSite","@id":"https:\/\/productive.io\/de\/#website","url":"https:\/\/productive.io\/de\/","name":"Productive","description":"The Only Tool You Need To Run a Profitable Agency","publisher":{"@id":"https:\/\/productive.io\/de\/#organization"},"potentialAction":[{"@type":"SearchAction","target":{"@type":"EntryPoint","urlTemplate":"https:\/\/productive.io\/de\/?s={search_term_string}"},"query-input":{"@type":"PropertyValueSpecification","valueRequired":true,"valueName":"search_term_string"}}],"inLanguage":"de-DE"},{"@type":"Organization","@id":"https:\/\/productive.io\/de\/#organization","name":"Productive","url":"https:\/\/productive.io\/de\/","logo":{"@type":"ImageObject","inLanguage":"de-DE","@id":"https:\/\/productive.io\/de\/#\/schema\/logo\/image\/","url":"https:\/\/website-assets.productive.io\/uploads\/2025\/09\/Productive-logo-for-Yoast-do-not-delete.webp","contentUrl":"https:\/\/website-assets.productive.io\/uploads\/2025\/09\/Productive-logo-for-Yoast-do-not-delete.webp","width":696,"height":696,"caption":"Productive"},"image":{"@id":"https:\/\/productive.io\/de\/#\/schema\/logo\/image\/"},"sameAs":["https:\/\/www.facebook.com\/productiveio\/","https:\/\/www.linkedin.com\/company\/productive-io\/","https:\/\/www.youtube.com\/@productive_io","https:\/\/www.instagram.com\/productive.io\/","https:\/\/www.g2.com\/products\/productive\/reviews","https:\/\/www.capterra.com\/p\/169710\/Productive\/","https:\/\/www.crunchbase.com\/organization\/productive-io","https:\/\/www.trustpilot.com\/review\/www.productive.io","https:\/\/github.com\/productiveio"],"description":"Productive - Agency Management & PSA - Run resources, projects, budgets, and profitability in one platform built for agencies and professional services.","email":"contact@productive.io","legalName":"The Productive Company Inc.","foundingDate":"2014-01-01","numberOfEmployees":{"@type":"QuantitativeValue","minValue":"51","maxValue":"200"}}]}},"_links":{"self":[{"href":"https:\/\/productive.io\/de\/wp-json\/wp\/v2\/pages\/59505","targetHints":{"allow":["GET"]}}],"collection":[{"href":"https:\/\/productive.io\/de\/wp-json\/wp\/v2\/pages"}],"about":[{"href":"https:\/\/productive.io\/de\/wp-json\/wp\/v2\/types\/page"}],"author":[{"embeddable":true,"href":"https:\/\/productive.io\/de\/wp-json\/wp\/v2\/users\/38"}],"replies":[{"embeddable":true,"href":"https:\/\/productive.io\/de\/wp-json\/wp\/v2\/comments?post=59505"}],"version-history":[{"count":10,"href":"https:\/\/productive.io\/de\/wp-json\/wp\/v2\/pages\/59505\/revisions"}],"predecessor-version":[{"id":65990,"href":"https:\/\/productive.io\/de\/wp-json\/wp\/v2\/pages\/59505\/revisions\/65990"}],"wp:attachment":[{"href":"https:\/\/productive.io\/de\/wp-json\/wp\/v2\/media?parent=59505"}],"wp:term":[{"taxonomy":"job-category","embeddable":true,"href":"https:\/\/productive.io\/de\/wp-json\/wp\/v2\/job-category?post=59505"},{"taxonomy":"page-category","embeddable":true,"href":"https:\/\/productive.io\/de\/wp-json\/wp\/v2\/page-category?post=59505"}],"curies":[{"name":"wp","href":"https:\/\/api.w.org\/{rel}","templated":true}]}}