{"id":59503,"date":"2024-02-07T12:41:26","date_gmt":"2024-02-07T12:41:26","guid":{"rendered":"https:\/\/productive.io\/?page_id=59503"},"modified":"2025-09-15T08:36:00","modified_gmt":"2025-09-15T08:36:00","slug":"lp-ressourcenplanung","status":"publish","type":"page","link":"https:\/\/productive.io\/de\/lp-ressourcenplanung\/","title":{"rendered":"Ressourcenplanung &#8211; LP"},"content":{"rendered":"<h1   > <strong>RESSOURCENPLANUNG<\/strong><\/h1> <h2   > <strong>Plane smarter. <\/strong>Halte Projekte auf Kurs.<\/h2> <h3   > Verteile Arbeit effizienter, optimiere die Auslastung deines Teams und steigere die Profitabilit\u00e4t deiner Agentur \u2013 mit einem Ressourcenplanungs-Tool, das Klarheit schafft und Wachstum unterst\u00fctzt.<\/h3> <p   > Kostenlos testen<\/p> <p   > Demo buchen<\/p> <a   data-cta-block-type=dual_button_form href=\"https:\/\/productive.io\/de\/demo-buchen\/\" > <p   > Demo buchen<\/p> <\/a> <img  src=\"https:\/\/website-assets.productive.io\/uploads\/2025\/05\/RP-Productive-Ressourcenplanung-d.svg\"  alt=\"\" loading=lazy \/> <img  src=\"https:\/\/productive.io\/wp-content\/uploads\/2021\/08\/Overbooked.svg\"  alt=\"\" loading=lazy \/> <h2   > Wer ist <strong>\u00fcberbucht <\/strong>\u2013 und <strong>wer hat noch Kapazit\u00e4ten?<\/strong><\/h2> <h3   > Behalte den \u00dcberblick \u00fcber die Team-Auslastung mit dynamischen Heatmaps. Sieh sofort, wer im Urlaub, krank oder \u00fcberlastet ist \u2013 und wo noch freie Kapazit\u00e4ten f\u00fcr neue Projekte stecken.<\/h3> <p   > Orion Jensen<br>CEO, Clear Launch<\/p> <p   > Unser Projektmanagement-Team sieht sich alle Projekte an, gleicht die Ressourcen aus und sieht, ob es L\u00fccken gibt oder ob wir um dieselben Ressourcen k\u00e4mpfen. Wir k\u00f6nnen durchplanen und handeln, was wir vorher nicht getan haben.<\/p> <p   > Kostenlos testen<\/p> <img  src=\"https:\/\/website-assets.productive.io\/uploads\/2025\/05\/RP-Productive-Design-Teamplanung-d.svg\"  alt=\"\" loading=lazy \/> <h2   > Ressourcenmanagement f\u00fcr <strong>moderne Agenturen<\/strong><\/h2><p   > F\u00fchr deine Projekte erfolgreich \u2013 ohne Zig-Tools und Tabellen. Productive vereint Kapazit\u00e4tsplanung, Projektmanagement und Forecasting in einer einzigen Plattform.<\/p> <p   > Kostenlos testen<\/p> <p   > Demo buchen<\/p> <img  src=\"https:\/\/website-assets.productive.io\/uploads\/2024\/02\/Productive-G2-spring-awards-2025-badges.svg\"  alt=\"\" loading=lazy \/> <h2   > Alles im Blick: <strong>Ressourcenprognose in Echtzeit<\/strong><\/h2> <h2   > <\/h2> <p   > Zuk\u00fcnftige Arbeit buchen<\/p> <p   > Verwende Platzhalter, um Szenarien f\u00fcr die Einstellung zus\u00e4tzlicher Mitarbeiter oder Vertragspartner zu erstellen. Erhalte einen besseren \u00dcberblick \u00fcber die anstehenden Kosten.<br><\/p> <img  src=\"https:\/\/website-assets.productive.io\/uploads\/2025\/05\/RP-Productive-Design-Teamplanung-d.svg\"  alt=\"\" loading=lazy \/> <p   > Teammitglieder planen<\/p> <p   > Buchungen im Voraus f\u00fcr Teammitglieder t\u00e4tigen, damit sie sich nicht um die Zeiterfassung k\u00fcmmern m\u00fcssen. Vorschl\u00e4ge aus der Ressourcenplanung erscheinen und erm\u00f6glichen eine schnellere Zeiterfassung als je zuvor.<\/p> <img  src=\"https:\/\/website-assets.productive.io\/uploads\/2025\/05\/RP-Productive-Ressourcenplanung-d.svg\"  alt=\"\" loading=lazy \/> <p   > Freie Zeiten verwalten<\/p> <p   > Verwalte leicht Anfragen zur Freizeit der Teammitglieder, Genehmigungen und filtere Teammitglieder w\u00e4hrend ihrer Abwesenheit. Wenn du bereits ein HR-Tool verwendest, erstelle eine Integration und vermeide doppelte Arbeit. <\/p> <img  src=\"https:\/\/website-assets.productive.io\/uploads\/2025\/05\/RP-Productive-Zeit-frei-nehmen-d.svg\"  alt=\"\" loading=lazy \/> <p   > Nutzungsprognose<\/p> <p   > Visualisiere und prognostiziere die Nutzung anhand unterschiedlicher Metriken in Echtzeit. Vereinfach Anstellungen und Investitionen, untermauert mit Daten.<\/p> <img  src=\"https:\/\/website-assets.productive.io\/uploads\/2025\/05\/R-Productive-reporting-hero-d.svg\"  alt=\"\" loading=lazy \/> <p   > Ressourcen gruppieren<\/p> <p   > Verwende benutzerdefinierte Felder, um Ressourcen nach Team, F\u00e4higkeiten, Erfahrungsgrad und mehr zu gliedern. Filteransichten nach Projekt, Kunde oder anderen Parametern, um die Planung auf hoher Ebene zu vereinfachen.<br><\/p> <img  src=\"https:\/\/website-assets.productive.io\/uploads\/2025\/05\/PM-Productive-Listenansicht-d.svg\"  alt=\"\" loading=lazy \/> <img  src=\"#\"  alt=\"\" loading=lazy \/> <h2   > So wachsen Agenturen <strong>mit Productive<\/strong><\/h2> <img  src=\"https:\/\/productive.io\/wp-content\/uploads\/2023\/06\/Born_Social.svg\"  alt=\"\" loading=lazy \/> <h2   > <strong>27<\/strong>%<\/h2><h2   > WACHSTUM<\/h2><p   > Born social <strong>wuchs um 27%<\/strong> in weniger als einem Jahr mit Productive<\/p> <img  src=\"https:\/\/productive.io\/wp-content\/uploads\/2023\/06\/Born-Social-Kate-Higham.png\"  alt=\"\" \/> <img  src=\"https:\/\/productive.io\/wp-content\/uploads\/2023\/06\/dotdev.svg\"  alt=\"\" loading=lazy \/> <h2   > <strong>50<\/strong>%<\/h2><h2   > WACHSTUM<\/h2><p   > DotDev <strong>wuchs \u00fcber 50% Jahr f\u00fcr Jahr<\/strong> in drei Jahren<\/p> <img  src=\"https:\/\/productive.io\/wp-content\/uploads\/2023\/06\/DotDev-Brendon-Nicholas.png\"  alt=\"\" \/> <img  src=\"https:\/\/productive.io\/wp-content\/uploads\/2023\/06\/Infinum.svg\"  alt=\"\" loading=lazy \/> <h2   > <strong>350<\/strong><\/h2><h2   > MENSCHEN<\/h2><p   > Infinum <strong>wuchs von 70 auf 350<\/strong> Personen in 5 Jahren<\/p> <img  src=\"https:\/\/productive.io\/wp-content\/uploads\/2023\/06\/Infinum-Luka-Maric.png\"  alt=\"\" \/> <img  src=\"https:\/\/productive.io\/wp-content\/uploads\/2023\/06\/HikeOne.svg\"  alt=\"\" loading=lazy \/> <h2   > +<strong>10<\/strong>%<\/h2><h2   > NUTZUNG<\/h2><p   > Hike one erh\u00f6hte die abrechenbare Nutzung um <strong>10%<\/strong><\/p> <img  src=\"https:\/\/productive.io\/wp-content\/uploads\/2023\/06\/Hike-One_David-van-Duinen.png\"  alt=\"\" \/> <img  src=\"https:\/\/productive.io\/wp-content\/uploads\/2023\/06\/brigada.svg\"  alt=\"\" loading=lazy \/> <h2   > <strong>2<\/strong>h<\/h2><h2   > GESPARTE ZEIT<\/h2><p   > Brigada <strong>spart 2 Stunden pro Woche<\/strong> durch Projektmanagement<\/p> <img  src=\"https:\/\/productive.io\/wp-content\/uploads\/2023\/06\/Brigada-Zoja-Ivanisevic-1.png\"  alt=\"\" \/> <h2   > Dein n\u00e4chster Schritt: <strong>Volle Kontrolle \u00fcber Ressourcen<\/strong><\/h2> <p   > Wechsle jetzt von fragmentierten Tools zu einem skalierbaren Ressourcenmanagement-Tool \u2013 ma\u00dfgeschneidert f\u00fcr Agenturen.<\/p> <p   > <a href=\"mailto:sales@productive.io\">sales@productive.io<\/a><\/p>","protected":false},"excerpt":{"rendered":"","protected":false},"author":30,"featured_media":0,"parent":0,"menu_order":0,"comment_status":"closed","ping_status":"closed","template":"","meta":{"_acf_changed":false,"es_utils_meta_schema":"","footnotes":""},"job-category":[],"page-category":[],"class_list":["post-59503","page","type-page","status-publish","hentry"],"acf":[],"yoast_head":"<!-- This site is optimized with the Yoast SEO Premium plugin v27.4 (Yoast SEO v27.4) - https:\/\/yoast.com\/product\/yoast-seo-premium-wordpress\/ -->\n<title>Ressourcenplanung - LP - Productive<\/title>\n<meta name=\"robots\" content=\"noindex, nofollow\" \/>\n<meta property=\"og:locale\" content=\"de_DE\" \/>\n<meta property=\"og:type\" content=\"article\" \/>\n<meta property=\"og:title\" content=\"Ressourcenplanung - LP\" \/>\n<meta property=\"og:url\" content=\"https:\/\/productive.io\/de\/lp-ressourcenplanung\/\" \/>\n<meta property=\"og:site_name\" content=\"Productive\" \/>\n<meta property=\"article:publisher\" content=\"https:\/\/www.facebook.com\/productiveio\/\" \/>\n<meta property=\"article:modified_time\" content=\"2025-09-15T08:36:00+00:00\" \/>\n<meta name=\"twitter:card\" content=\"summary_large_image\" \/>\n<meta name=\"twitter:label1\" content=\"Gesch\u00e4tzte Lesezeit\" \/>\n\t<meta name=\"twitter:data1\" content=\"6 minutes\" \/>\n<script type=\"application\/ld+json\" class=\"yoast-schema-graph\">{\"@context\":\"https:\\\/\\\/schema.org\",\"@graph\":[{\"@type\":\"WebPage\",\"@id\":\"https:\\\/\\\/productive.io\\\/de\\\/lp-ressourcenplanung\\\/\",\"url\":\"https:\\\/\\\/productive.io\\\/de\\\/lp-ressourcenplanung\\\/\",\"name\":\"Ressourcenplanung - LP - Productive\",\"isPartOf\":{\"@id\":\"https:\\\/\\\/productive.io\\\/de\\\/#website\"},\"datePublished\":\"2024-02-07T12:41:26+00:00\",\"dateModified\":\"2025-09-15T08:36:00+00:00\",\"breadcrumb\":{\"@id\":\"https:\\\/\\\/productive.io\\\/de\\\/lp-ressourcenplanung\\\/#breadcrumb\"},\"inLanguage\":\"de-DE\",\"potentialAction\":[{\"@type\":\"ReadAction\",\"target\":[\"https:\\\/\\\/productive.io\\\/de\\\/lp-ressourcenplanung\\\/\"]}]},{\"@type\":\"BreadcrumbList\",\"@id\":\"https:\\\/\\\/productive.io\\\/de\\\/lp-ressourcenplanung\\\/#breadcrumb\",\"itemListElement\":[{\"@type\":\"ListItem\",\"position\":1,\"name\":\"Home\",\"item\":\"https:\\\/\\\/productive.io\\\/de\\\/\"},{\"@type\":\"ListItem\",\"position\":2,\"name\":\"Ressourcenplanung &#8211; LP\"}]},{\"@type\":\"WebSite\",\"@id\":\"https:\\\/\\\/productive.io\\\/de\\\/#website\",\"url\":\"https:\\\/\\\/productive.io\\\/de\\\/\",\"name\":\"Productive\",\"description\":\"The Only Tool You Need To Run a Profitable Agency\",\"publisher\":{\"@id\":\"https:\\\/\\\/productive.io\\\/de\\\/#organization\"},\"potentialAction\":[{\"@type\":\"SearchAction\",\"target\":{\"@type\":\"EntryPoint\",\"urlTemplate\":\"https:\\\/\\\/productive.io\\\/de\\\/?s={search_term_string}\"},\"query-input\":{\"@type\":\"PropertyValueSpecification\",\"valueRequired\":true,\"valueName\":\"search_term_string\"}}],\"inLanguage\":\"de-DE\"},{\"@type\":\"Organization\",\"@id\":\"https:\\\/\\\/productive.io\\\/de\\\/#organization\",\"name\":\"Productive\",\"url\":\"https:\\\/\\\/productive.io\\\/de\\\/\",\"logo\":{\"@type\":\"ImageObject\",\"inLanguage\":\"de-DE\",\"@id\":\"https:\\\/\\\/productive.io\\\/de\\\/#\\\/schema\\\/logo\\\/image\\\/\",\"url\":\"https:\\\/\\\/website-assets.productive.io\\\/uploads\\\/2025\\\/09\\\/Productive-logo-for-Yoast-do-not-delete.webp\",\"contentUrl\":\"https:\\\/\\\/website-assets.productive.io\\\/uploads\\\/2025\\\/09\\\/Productive-logo-for-Yoast-do-not-delete.webp\",\"width\":696,\"height\":696,\"caption\":\"Productive\"},\"image\":{\"@id\":\"https:\\\/\\\/productive.io\\\/de\\\/#\\\/schema\\\/logo\\\/image\\\/\"},\"sameAs\":[\"https:\\\/\\\/www.facebook.com\\\/productiveio\\\/\",\"https:\\\/\\\/www.linkedin.com\\\/company\\\/productive-io\\\/\",\"https:\\\/\\\/www.youtube.com\\\/@productive_io\",\"https:\\\/\\\/www.instagram.com\\\/productive.io\\\/\",\"https:\\\/\\\/www.g2.com\\\/products\\\/productive\\\/reviews\",\"https:\\\/\\\/www.capterra.com\\\/p\\\/169710\\\/Productive\\\/\",\"https:\\\/\\\/www.crunchbase.com\\\/organization\\\/productive-io\",\"https:\\\/\\\/www.trustpilot.com\\\/review\\\/www.productive.io\",\"https:\\\/\\\/github.com\\\/productiveio\"],\"description\":\"Productive - Agency Management & PSA - Run resources, projects, budgets, and profitability in one platform built for agencies and professional services.\",\"email\":\"contact@productive.io\",\"legalName\":\"The Productive Company Inc.\",\"foundingDate\":\"2014-01-01\",\"numberOfEmployees\":{\"@type\":\"QuantitativeValue\",\"minValue\":\"51\",\"maxValue\":\"200\"}}]}<\/script>\n<!-- \/ Yoast SEO Premium plugin. -->","yoast_head_json":{"title":"Ressourcenplanung - LP - Productive","robots":{"index":"noindex","follow":"nofollow"},"og_locale":"de_DE","og_type":"article","og_title":"Ressourcenplanung - LP","og_url":"https:\/\/productive.io\/de\/lp-ressourcenplanung\/","og_site_name":"Productive","article_publisher":"https:\/\/www.facebook.com\/productiveio\/","article_modified_time":"2025-09-15T08:36:00+00:00","twitter_card":"summary_large_image","twitter_misc":{"Gesch\u00e4tzte Lesezeit":"6 minutes"},"schema":{"@context":"https:\/\/schema.org","@graph":[{"@type":"WebPage","@id":"https:\/\/productive.io\/de\/lp-ressourcenplanung\/","url":"https:\/\/productive.io\/de\/lp-ressourcenplanung\/","name":"Ressourcenplanung - LP - Productive","isPartOf":{"@id":"https:\/\/productive.io\/de\/#website"},"datePublished":"2024-02-07T12:41:26+00:00","dateModified":"2025-09-15T08:36:00+00:00","breadcrumb":{"@id":"https:\/\/productive.io\/de\/lp-ressourcenplanung\/#breadcrumb"},"inLanguage":"de-DE","potentialAction":[{"@type":"ReadAction","target":["https:\/\/productive.io\/de\/lp-ressourcenplanung\/"]}]},{"@type":"BreadcrumbList","@id":"https:\/\/productive.io\/de\/lp-ressourcenplanung\/#breadcrumb","itemListElement":[{"@type":"ListItem","position":1,"name":"Home","item":"https:\/\/productive.io\/de\/"},{"@type":"ListItem","position":2,"name":"Ressourcenplanung &#8211; LP"}]},{"@type":"WebSite","@id":"https:\/\/productive.io\/de\/#website","url":"https:\/\/productive.io\/de\/","name":"Productive","description":"The Only Tool You Need To Run a Profitable Agency","publisher":{"@id":"https:\/\/productive.io\/de\/#organization"},"potentialAction":[{"@type":"SearchAction","target":{"@type":"EntryPoint","urlTemplate":"https:\/\/productive.io\/de\/?s={search_term_string}"},"query-input":{"@type":"PropertyValueSpecification","valueRequired":true,"valueName":"search_term_string"}}],"inLanguage":"de-DE"},{"@type":"Organization","@id":"https:\/\/productive.io\/de\/#organization","name":"Productive","url":"https:\/\/productive.io\/de\/","logo":{"@type":"ImageObject","inLanguage":"de-DE","@id":"https:\/\/productive.io\/de\/#\/schema\/logo\/image\/","url":"https:\/\/website-assets.productive.io\/uploads\/2025\/09\/Productive-logo-for-Yoast-do-not-delete.webp","contentUrl":"https:\/\/website-assets.productive.io\/uploads\/2025\/09\/Productive-logo-for-Yoast-do-not-delete.webp","width":696,"height":696,"caption":"Productive"},"image":{"@id":"https:\/\/productive.io\/de\/#\/schema\/logo\/image\/"},"sameAs":["https:\/\/www.facebook.com\/productiveio\/","https:\/\/www.linkedin.com\/company\/productive-io\/","https:\/\/www.youtube.com\/@productive_io","https:\/\/www.instagram.com\/productive.io\/","https:\/\/www.g2.com\/products\/productive\/reviews","https:\/\/www.capterra.com\/p\/169710\/Productive\/","https:\/\/www.crunchbase.com\/organization\/productive-io","https:\/\/www.trustpilot.com\/review\/www.productive.io","https:\/\/github.com\/productiveio"],"description":"Productive - Agency Management & PSA - Run resources, projects, budgets, and profitability in one platform built for agencies and professional services.","email":"contact@productive.io","legalName":"The Productive Company Inc.","foundingDate":"2014-01-01","numberOfEmployees":{"@type":"QuantitativeValue","minValue":"51","maxValue":"200"}}]}},"_links":{"self":[{"href":"https:\/\/productive.io\/de\/wp-json\/wp\/v2\/pages\/59503","targetHints":{"allow":["GET"]}}],"collection":[{"href":"https:\/\/productive.io\/de\/wp-json\/wp\/v2\/pages"}],"about":[{"href":"https:\/\/productive.io\/de\/wp-json\/wp\/v2\/types\/page"}],"author":[{"embeddable":true,"href":"https:\/\/productive.io\/de\/wp-json\/wp\/v2\/users\/30"}],"replies":[{"embeddable":true,"href":"https:\/\/productive.io\/de\/wp-json\/wp\/v2\/comments?post=59503"}],"version-history":[{"count":10,"href":"https:\/\/productive.io\/de\/wp-json\/wp\/v2\/pages\/59503\/revisions"}],"predecessor-version":[{"id":65098,"href":"https:\/\/productive.io\/de\/wp-json\/wp\/v2\/pages\/59503\/revisions\/65098"}],"wp:attachment":[{"href":"https:\/\/productive.io\/de\/wp-json\/wp\/v2\/media?parent=59503"}],"wp:term":[{"taxonomy":"job-category","embeddable":true,"href":"https:\/\/productive.io\/de\/wp-json\/wp\/v2\/job-category?post=59503"},{"taxonomy":"page-category","embeddable":true,"href":"https:\/\/productive.io\/de\/wp-json\/wp\/v2\/page-category?post=59503"}],"curies":[{"name":"wp","href":"https:\/\/api.w.org\/{rel}","templated":true}]}}