{"id":59501,"date":"2023-06-27T13:59:00","date_gmt":"2023-06-27T13:59:00","guid":{"rendered":"https:\/\/productive.io\/?page_id=59501"},"modified":"2025-09-15T08:34:47","modified_gmt":"2025-09-15T08:34:47","slug":"lp-psa-software","status":"publish","type":"page","link":"https:\/\/productive.io\/de\/lp-psa-software\/","title":{"rendered":"Automation-Software f\u00fcr professionelle Dienstleistungen"},"content":{"rendered":"<h1   > <strong><strong>PSA SOFTWARE F\u00dcR DIENSTLEISTER<\/strong><\/strong><\/h1> <h2   > Das einzige Tool <strong>f\u00fcr deinen Unternehmenserfolg<\/strong><\/h2> <h3   > Erstelle Angebote und plane Ressourcen einfach, optimiere Projekte und spare Zeit bei der Abrechnung.<\/h3> <p   > Kostenlos testen<\/p> <a   id=\"book-a-demo-hero\"data-cta-position-page=hero-ab1 data-cta-position-num=1 data-cta-conversion-type=book-a-demo data-cta-form-type=link data-cta-block-type=button href=\"https:\/\/productive.io\/de\/demo-buchen\/\" > <p   > Demo buchen<\/p> <\/a> <a   id=\"book-a-demo-hero\"data-cta-position-page=hero-ab1 data-cta-position-num=1 data-cta-conversion-type=book-a-demo data-cta-form-type=link data-cta-block-type=button href=\"https:\/\/productive.io\/de\/demo-buchen\/\" > <p   > Demo buchen<\/p> <\/a> <p   > Kostenlose 14-t\u00e4gige Testphase. Jederzeit k\u00fcndbar.<\/p> <img  src=\"https:\/\/website-assets.productive.io\/uploads\/2025\/05\/FC-Productive-Prognose-Hauptmotiv-d.svg\"  alt=\"\" loading=lazy \/> <img  src=\"https:\/\/website-assets.productive.io\/uploads\/2025\/05\/HP-Productive-eine-skalierbare-Plattform-d.svg\"  alt=\"\" loading=lazy \/> <h2   > Eine <strong>skalierbare Plattform<\/strong><br>f\u00fcr Agenturen jeder<br>Form und Gr\u00f6\u00dfe<\/h2> <ul   > <li>Daten in einem Agentur-Management-System b\u00fcndeln<\/li><li>F\u00fchren Sie Projekte von der Aussicht bis zur Zahlung und allem dazwischen<\/li><li>Ein Tool f\u00fcr komplexe Budgetierung und Ressourcenplanung verwenden<\/li><li>Nutze ein einziges Tool um f\u00fcr alle deine finanziellen Daten, Leads, Budgets und Teaminformationen<\/li><\/ul> <h2   > <strong>RESSOURCENPLANUNG<\/strong><\/h2> <h2   > Wer ist <strong>\u00fcberbucht<\/strong> und wer braucht <strong>mehr Arbeit?<\/strong><\/h2> <ul   > <li>Erkenne, wer \u00fcberbucht ist und wer mehr Aufgaben \u00fcbernehmen kann, indem du einen Blick auf Heatmaps wirfst<\/li><li>Urlaubsantr\u00e4ge genehmigen, Abwesenheiten verwalten und sehen, wer im Urlaub oder krank ist<\/li><li>Platzhalter verwenden, um Szenarien f\u00fcr Neueinstellungen zu erstellen<\/li><li>Ressourcen nach Team, F\u00e4higkeit oder Rang mit benutzerdefinierten Feldern filtern<\/li><\/ul> <img  src=\"https:\/\/website-assets.productive.io\/uploads\/2025\/05\/RP-Productive-Design-Teamplanung-d.svg\"  alt=\"\" loading=lazy \/> <h2   > PROJEKTMANAGEMENT<\/h2> <h2   > W\u00e4hle eine <strong>Ansicht, die am besten zu dir passt.<\/strong><\/h2> <p   > Gantt-Ansicht<\/p> <p   > Visualisiere dein Projekt einfach mit Meilensteinen und Lieferungen.<\/p> <img  src=\"https:\/\/website-assets.productive.io\/uploads\/2025\/05\/PM-Productive-Gantt-Ansicht-d.svg\"  alt=\"\" loading=lazy \/> <p   > Listenansicht<\/p> <p   > Behalte die Aufgaben im Blick und filtere nach Name, F\u00e4lligkeitstermin, Verantwortlichen und mehr.<\/p> <img  src=\"https:\/\/website-assets.productive.io\/uploads\/2025\/05\/PM-Productive-Listenansicht-d.svg\"  alt=\"\" loading=lazy \/> <p   > Tabellenansicht<\/p> <p   > Wenn du ein Fan von Tabellen bist, verwende das Tabellenlayout, um Aufgaben anzuzeigen.<\/p> <img  src=\"https:\/\/website-assets.productive.io\/uploads\/2025\/05\/PM-Productive-Tabellenansicht-d.svg\"  alt=\"\" loading=lazy \/> <p   > Board-Ansicht<\/p> <p   > Wenn du es bevorzugst, Aufgaben auf einem Kanban-Board zu bewegen, w\u00e4hle das <a href=\"https:\/\/productive.io\/board-view\/\">Board<\/a> Layout.<\/p> <img  src=\"https:\/\/website-assets.productive.io\/uploads\/2025\/05\/PM-Productive-Board-Ansicht-d.svg\"  alt=\"\" loading=lazy \/> <p   > Kalenderansicht<\/p> <p   > Wenn Timing entscheidend ist, verwende dieses Layout f\u00fcr Aufgaben. F\u00fcge zun\u00e4chst ein spezifisches Datum oder einen Datumsbereich hinzu.<\/p> <img  src=\"https:\/\/website-assets.productive.io\/uploads\/2025\/05\/PM-Productive-Kalenderansicht-d.svg\"  alt=\"\" loading=lazy \/> <p   > Zeitstrahlansicht<\/p> <p   > Ziehe und lege Aufgaben ab, verschiebe sie oder erweitere und verkleinere, um Start- und F\u00e4lligkeitsdaten zu aktualisieren.<\/p> <img  src=\"https:\/\/website-assets.productive.io\/uploads\/2025\/05\/PM-Productive-Timeline-Ansicht-d.svg\"  alt=\"\" loading=lazy \/> <p   > Arbeitsbelastungsansicht<\/p> <p   > \u00dcberpr\u00fcfe die Arbeitsbelastung deines Teams und weise Aufgaben m\u00fchelos zu.<\/p> <img  src=\"https:\/\/website-assets.productive.io\/uploads\/2025\/05\/PM-Productive-Workload-Ansicht-d.svg\"  alt=\"\" loading=lazy \/> <img  src=\"#\"  alt=\"\" loading=lazy \/> <img  src=\"https:\/\/website-assets.productive.io\/uploads\/2025\/05\/BU-Productive-starkes-Budgetmanagement-d.svg\"  alt=\"\" loading=lazy \/> <h2   > <strong>BUDGETIERUNG<\/strong><\/h2> <h2   > <strong>Leistungsstarkes<\/strong> Budgetmanagement<\/h2> <ul   > <li>Effektiv jedes Budget erstellen und verwalten<\/li><li>Mit jeder neuen erfassten Stunde die Gewinnmargen und verbleibenden Betr\u00e4ge zur Abrechnung \u00fcberwachen<\/li><li>Treffe fundierte Entscheidungen mit wichtigen Kennzahlen in Echtzeit<\/li><\/ul> <img  src=\"https:\/\/website-assets.productive.io\/uploads\/2025\/05\/SCRM-Productive-potenzielle-gewonnene-Vertriebserlose-prognostizieren-d.svg\"  alt=\"\" loading=lazy \/> <h2   > <strong>VERKAUF<\/strong><\/h2> <h2   > Erfolgreicher bei der <strong>Gewinnung neuer Gesch\u00e4ftsabschl\u00fcsse<\/strong><\/h2> <p   > Richte deinen Vertriebsprozess in Stufen ein. Nutze umsetzbare Daten, um deine n\u00e4chsten Schritte zu leiten und die Abschlussquoten deines Unternehmens zu erh\u00f6hen. Angebote einfach versenden.<\/p> <h2   > <strong>BERICHTSWESEN<\/strong><\/h2> <h2   > Zugriff auf \u00fcber <strong>50 unternehmensspezifische<\/strong> Berichte<\/h2> <h2   > Wenn alle deine Daten im System sind, bieten Berichte umfassende und konsolidierte Informationen. Berichte geben dir konsolidierte Daten aus verschiedenen Quellen:<\/h2> <ul   > <li>Stundens\u00e4tze<\/li><li>Geh\u00e4lter<\/li><li>Auslastung<\/li><li>Budgets<\/li><li>Kapazit\u00e4t und Verf\u00fcgbarkeit<\/li><\/ul> <img  src=\"https:\/\/productive.io\/wp-content\/uploads\/2021\/09\/consolidate-all-your-data-5.svg\"  alt=\"\" loading=lazy \/> <h2   > <strong><strong>ABRECHNUNG<\/strong><\/strong><\/h2> <h2   > <strong>Erstelle Rechnungen<\/strong> in ein <strong>paar Klicks<\/strong>, ob Festpreis oder Stundenbasis.<\/h2> <p   > Reduziere die Zeit, die du mit der Abrechnung verbringst. Bilde nicht in Rechnung gestellte Stunden von zeitbasierten Projekten ein, oder stelle automatisch die verbleibenden Betr\u00e4ge von Festpreisprojekten in Rechnung.<\/p> <img  src=\"https:\/\/website-assets.productive.io\/uploads\/2025\/05\/BI-Productive-Rechnungen-erstellen-d.svg\"  alt=\"\" loading=lazy \/> <img  src=\"https:\/\/website-assets.productive.io\/uploads\/2025\/05\/BI-Productive-Flexibilitat-bei-der-Rechnungsstellung-d.svg\"  alt=\"\" loading=lazy \/> <h4   > <strong>Flexibilit\u00e4t <\/strong>bei der Abrechnung<\/h4> <p   > Kombiniere verschiedene Projekte und Dienstleistungen und rechne mehrere Budgets gleichzeitig ab.<\/p> <img  src=\"https:\/\/website-assets.productive.io\/uploads\/2025\/05\/BI-Productive-ein-ganzes-Projekt-in-Rechnung-stellen-d.svg\"  alt=\"\" loading=lazy \/> <h4   > Berechne ein <strong>komplettes Projekt<\/strong> oder einen Teil davon<\/h4> <p   > Entscheide, f\u00fcr wie viel vom urspr\u00fcnglichen Budget du bezahlt werden musst.<\/p> <img  src=\"https:\/\/website-assets.productive.io\/uploads\/2025\/05\/BI-Productive-Retainer-Rechnungsstellung-d.svg\"  alt=\"\" loading=lazy \/> <h4   > <strong>Retainer<\/strong>-Abrechnung<\/h4> <p   > Lass Productive dich daran erinnern, dass deine Retainer-Budgets bereit sind zur Abrechnung.<\/p> <img  src=\"https:\/\/productive.io\/wp-content\/uploads\/2021\/09\/connect-apps-2.svg\"  alt=\"\" loading=lazy \/> <h2   > <strong>Apps verbinden <\/strong>und Projekte schneller liefern<\/h2> <p   > Integriere dich mit deinen Gesch\u00e4ftstools wie JIRA, Slack oder QuickBooks und liefere Projekte schneller.<\/p> <a   href=\"https:\/\/productive.io\/de\/integrationen\/\" > <p   > Integrationen ansehen<\/p> <\/a> <h2   > <strong>Wichtige Vorteile<\/strong> f\u00fcr&#8230;<\/h2> <h3 role=\"heading\"> CEO <\/h3> <ul   > <li>Um den \u00dcberblick \u00fcber Vertrieb, Personalbeschaffung, Ressourcenmanagement, Projekte, Finanzen und Abrechnung zu haben<\/li><li>Wichtige Unternehmenskennzahlen in Echtzeit verf\u00fcgbar<\/li><li>Unternehmens-KPIs sind mit wenigen Klicks zug\u00e4nglich<\/li><\/ul> <img  src=\"https:\/\/website-assets.productive.io\/uploads\/2023\/10\/Agency_CEO_Daniel_Ackermann_Degordian.png\"  alt=\"\" loading=lazy \/> <p   > Daniel Ackermann <br>CEO, Degordian<\/p> <p   > Unser Unternehmen k\u00f6nnte ohne Productive arbeiten, aber die Vorteile, die wir daraus ziehen, machen es wirklich schwer, sich ein Leben ohne Productive vorzustellen.<\/p> <h3 role=\"heading\"> Betriebsleiter <\/h3> <ul   > <li>Teamkapazit\u00e4tsansichten<\/li><li>Rentabilit\u00e4t in Echtzeit<\/li><li>Kunden auf dem Laufenden halten<\/li><li>Einfache Ressourcenplanung und Urlaubsverwaltung<\/li><\/ul> <img  src=\"https:\/\/website-assets.productive.io\/uploads\/2023\/10\/Operations_Director_Frederique_van_der_Wijk_Makerstreet-1-1.png\"  alt=\"\" loading=lazy \/> <p   > Fr\u00e9derique van der Wijk<br>Betriebsleiter\/in,<br>Makerstreet Marketing &amp; Innovation <\/p> <p   > Mit Wachstum kommt ein gr\u00f6\u00dferer Bedarf an einer einzigen Wahrheitsquelle, und genau das bietet es uns, und das ist wirklich wichtig.<\/p> <h3 role=\"heading\"> Finanzmanager <\/h3> <ul   > <li>Umsatzrealisierung<\/li><li>Umsatz- und Gewinnprognose<\/li><li>Globaler \u00dcberblick \u00fcber Abrechnungen<\/li><li>Fakturierte Ums\u00e4tze nach Monat<\/li><li>Integrationen von Buchhaltungswerkzeugen (XERO, QuickBooks, Exact)<\/li><\/ul> <img  src=\"https:\/\/website-assets.productive.io\/uploads\/2021\/12\/Luana-CostaS-1.png\"  alt=\"\" loading=lazy \/> <p   > Luana Costa<br>Buchhaltungs- und Finanzmanager,<br>Square1 Software<\/p> <p   > Productive hilft mir, sowohl interne als auch externe Budgets im Blick zu behalten, Rechnungen und Zahlungen zu verwalten und Informationen zu jedem Projekt zu speichern. Und nicht zu vergessen, die Berichte, die mir sofort entscheidende Daten liefern.<\/p> <h3 role=\"heading\"> Kundenbetreuer <\/h3> <ul   > <li>\u00dcberblick \u00fcber Budgets und Rentabilit\u00e4t<\/li><li>Fortschritt transparent mit Kunden teilen<\/li><li>Projekte rechtzeitig abrechnen<\/li><li>Kundenbeziehungen und Erfolg<\/li><li>Abstimmung der Aufgaben zwischen Teams<\/li><\/ul> <img  src=\"https:\/\/website-assets.productive.io\/uploads\/2021\/12\/nika-serdonerS.png\"  alt=\"\" loading=lazy \/> <p   > Nika Serdoner<br>Projektmanager,<br>Enki<\/p> <p   > Das war ein gro\u00dfer Vorteil, den wir nach dem Wechsel zu Productive erfahren haben: dass wir damit Rentabilit\u00e4t f\u00fcr bestimmte Projekte einsehen und unseren Umsatz \u00fcberpr\u00fcfen k\u00f6nnen.<\/p> <h3 role=\"heading\"> Teammitglied <\/h3> <ul   > <li>Ein zentraler Ort f\u00fcr Projek- und Aufgabenaktualisierungen<\/li><li>Klar definierte Verantwortlichkeit, Priorit\u00e4ten, Start- und F\u00e4lligkeitsdaten<\/li><li>M\u00fchelose Zeiterfassung<\/li><li>Einfache Anpassung, schnell und benutzerfreundlich<\/li><\/ul> <img  src=\"https:\/\/website-assets.productive.io\/uploads\/2024\/02\/client-Mateja-Gredelj-PDC-1.png\"  alt=\"\" loading=lazy \/> <p   > Mateja Gredelj<br>B\u00fcroassistentin, <br>Porsche Digital Kroatien<\/p> <p   > Ohne Productive w\u00fcrde ich mich im Raum und in der Zeit verloren f\u00fchlen.<br><\/p> <img  src=\"#\"  alt=\"\" loading=lazy \/> <img  src=\"#\"  alt=\"\" loading=lazy \/> <h2   > Entfalte das wahre Potenzial deines Unternehmens<\/h2> <p   > Switch from multiple tools and spreadsheets to one scalable agency management system.<\/p> <p   > Kostenlos testen<\/p> <a   href=\"https:\/\/productive.io\/de\/demo-buchen\/\" > <p   > Demo buchen<\/p> <\/a>","protected":false},"excerpt":{"rendered":"","protected":false},"author":38,"featured_media":0,"parent":0,"menu_order":0,"comment_status":"closed","ping_status":"closed","template":"","meta":{"_acf_changed":false,"es_utils_meta_schema":"","footnotes":""},"job-category":[],"page-category":[1090],"class_list":["post-59501","page","type-page","status-publish","hentry"],"acf":[],"yoast_head":"<!-- This site is optimized with the Yoast SEO Premium plugin v27.2 (Yoast SEO v27.2) - https:\/\/yoast.com\/product\/yoast-seo-premium-wordpress\/ -->\n<title>Automation-Software f\u00fcr professionelle Dienstleistungen - Productive<\/title>\n<meta name=\"robots\" content=\"noindex, follow\" \/>\n<meta property=\"og:locale\" content=\"de_DE\" \/>\n<meta property=\"og:type\" content=\"article\" \/>\n<meta property=\"og:title\" content=\"Automation-Software f\u00fcr professionelle Dienstleistungen\" \/>\n<meta property=\"og:url\" content=\"https:\/\/productive.io\/de\/lp-psa-software\/\" \/>\n<meta property=\"og:site_name\" content=\"Productive\" \/>\n<meta property=\"article:publisher\" content=\"https:\/\/www.facebook.com\/productiveio\/\" \/>\n<meta property=\"article:modified_time\" content=\"2025-09-15T08:34:47+00:00\" \/>\n<meta name=\"twitter:card\" content=\"summary_large_image\" \/>\n<meta name=\"twitter:label1\" content=\"Gesch\u00e4tzte Lesezeit\" \/>\n\t<meta name=\"twitter:data1\" content=\"9 minutes\" \/>\n<script type=\"application\/ld+json\" class=\"yoast-schema-graph\">{\"@context\":\"https:\/\/schema.org\",\"@graph\":[{\"@type\":\"WebPage\",\"@id\":\"https:\/\/productive.io\/de\/lp-psa-software\/\",\"url\":\"https:\/\/productive.io\/de\/lp-psa-software\/\",\"name\":\"Automation-Software f\u00fcr professionelle Dienstleistungen - Productive\",\"isPartOf\":{\"@id\":\"https:\/\/productive.io\/de\/#website\"},\"datePublished\":\"2023-06-27T13:59:00+00:00\",\"dateModified\":\"2025-09-15T08:34:47+00:00\",\"breadcrumb\":{\"@id\":\"https:\/\/productive.io\/de\/lp-psa-software\/#breadcrumb\"},\"inLanguage\":\"de-DE\",\"potentialAction\":[{\"@type\":\"ReadAction\",\"target\":[\"https:\/\/productive.io\/de\/lp-psa-software\/\"]}]},{\"@type\":\"BreadcrumbList\",\"@id\":\"https:\/\/productive.io\/de\/lp-psa-software\/#breadcrumb\",\"itemListElement\":[{\"@type\":\"ListItem\",\"position\":1,\"name\":\"Home\",\"item\":\"https:\/\/productive.io\/de\/\"},{\"@type\":\"ListItem\",\"position\":2,\"name\":\"Automation-Software f\u00fcr professionelle Dienstleistungen\"}]},{\"@type\":\"WebSite\",\"@id\":\"https:\/\/productive.io\/de\/#website\",\"url\":\"https:\/\/productive.io\/de\/\",\"name\":\"Productive\",\"description\":\"The Only Tool You Need To Run a Profitable Agency\",\"publisher\":{\"@id\":\"https:\/\/productive.io\/de\/#organization\"},\"potentialAction\":[{\"@type\":\"SearchAction\",\"target\":{\"@type\":\"EntryPoint\",\"urlTemplate\":\"https:\/\/productive.io\/de\/?s={search_term_string}\"},\"query-input\":{\"@type\":\"PropertyValueSpecification\",\"valueRequired\":true,\"valueName\":\"search_term_string\"}}],\"inLanguage\":\"de-DE\"},{\"@type\":\"Organization\",\"@id\":\"https:\/\/productive.io\/de\/#organization\",\"name\":\"Productive\",\"url\":\"https:\/\/productive.io\/de\/\",\"logo\":{\"@type\":\"ImageObject\",\"inLanguage\":\"de-DE\",\"@id\":\"https:\/\/productive.io\/de\/#\/schema\/logo\/image\/\",\"url\":\"https:\/\/website-assets.productive.io\/uploads\/2025\/09\/Productive-logo-for-Yoast-do-not-delete.webp\",\"contentUrl\":\"https:\/\/website-assets.productive.io\/uploads\/2025\/09\/Productive-logo-for-Yoast-do-not-delete.webp\",\"width\":696,\"height\":696,\"caption\":\"Productive\"},\"image\":{\"@id\":\"https:\/\/productive.io\/de\/#\/schema\/logo\/image\/\"},\"sameAs\":[\"https:\/\/www.facebook.com\/productiveio\/\",\"https:\/\/www.linkedin.com\/company\/productive-io\/\",\"https:\/\/www.youtube.com\/@productive_io\",\"https:\/\/www.instagram.com\/productive.io\/\",\"https:\/\/www.g2.com\/products\/productive\/reviews\",\"https:\/\/www.capterra.com\/p\/169710\/Productive\/\",\"https:\/\/www.crunchbase.com\/organization\/productive-io\",\"https:\/\/www.trustpilot.com\/review\/www.productive.io\",\"https:\/\/github.com\/productiveio\"],\"description\":\"Productive - Agency Management & PSA - Run resources, projects, budgets, and profitability in one platform built for agencies and professional services.\",\"email\":\"contact@productive.io\",\"legalName\":\"The Productive Company Inc.\",\"foundingDate\":\"2014-01-01\",\"numberOfEmployees\":{\"@type\":\"QuantitativeValue\",\"minValue\":\"51\",\"maxValue\":\"200\"}}]}<\/script>\n<!-- \/ Yoast SEO Premium plugin. -->","yoast_head_json":{"title":"Automation-Software f\u00fcr professionelle Dienstleistungen - Productive","robots":{"index":"noindex","follow":"follow"},"og_locale":"de_DE","og_type":"article","og_title":"Automation-Software f\u00fcr professionelle Dienstleistungen","og_url":"https:\/\/productive.io\/de\/lp-psa-software\/","og_site_name":"Productive","article_publisher":"https:\/\/www.facebook.com\/productiveio\/","article_modified_time":"2025-09-15T08:34:47+00:00","twitter_card":"summary_large_image","twitter_misc":{"Gesch\u00e4tzte Lesezeit":"9 minutes"},"schema":{"@context":"https:\/\/schema.org","@graph":[{"@type":"WebPage","@id":"https:\/\/productive.io\/de\/lp-psa-software\/","url":"https:\/\/productive.io\/de\/lp-psa-software\/","name":"Automation-Software f\u00fcr professionelle Dienstleistungen - Productive","isPartOf":{"@id":"https:\/\/productive.io\/de\/#website"},"datePublished":"2023-06-27T13:59:00+00:00","dateModified":"2025-09-15T08:34:47+00:00","breadcrumb":{"@id":"https:\/\/productive.io\/de\/lp-psa-software\/#breadcrumb"},"inLanguage":"de-DE","potentialAction":[{"@type":"ReadAction","target":["https:\/\/productive.io\/de\/lp-psa-software\/"]}]},{"@type":"BreadcrumbList","@id":"https:\/\/productive.io\/de\/lp-psa-software\/#breadcrumb","itemListElement":[{"@type":"ListItem","position":1,"name":"Home","item":"https:\/\/productive.io\/de\/"},{"@type":"ListItem","position":2,"name":"Automation-Software f\u00fcr professionelle Dienstleistungen"}]},{"@type":"WebSite","@id":"https:\/\/productive.io\/de\/#website","url":"https:\/\/productive.io\/de\/","name":"Productive","description":"The Only Tool You Need To Run a Profitable Agency","publisher":{"@id":"https:\/\/productive.io\/de\/#organization"},"potentialAction":[{"@type":"SearchAction","target":{"@type":"EntryPoint","urlTemplate":"https:\/\/productive.io\/de\/?s={search_term_string}"},"query-input":{"@type":"PropertyValueSpecification","valueRequired":true,"valueName":"search_term_string"}}],"inLanguage":"de-DE"},{"@type":"Organization","@id":"https:\/\/productive.io\/de\/#organization","name":"Productive","url":"https:\/\/productive.io\/de\/","logo":{"@type":"ImageObject","inLanguage":"de-DE","@id":"https:\/\/productive.io\/de\/#\/schema\/logo\/image\/","url":"https:\/\/website-assets.productive.io\/uploads\/2025\/09\/Productive-logo-for-Yoast-do-not-delete.webp","contentUrl":"https:\/\/website-assets.productive.io\/uploads\/2025\/09\/Productive-logo-for-Yoast-do-not-delete.webp","width":696,"height":696,"caption":"Productive"},"image":{"@id":"https:\/\/productive.io\/de\/#\/schema\/logo\/image\/"},"sameAs":["https:\/\/www.facebook.com\/productiveio\/","https:\/\/www.linkedin.com\/company\/productive-io\/","https:\/\/www.youtube.com\/@productive_io","https:\/\/www.instagram.com\/productive.io\/","https:\/\/www.g2.com\/products\/productive\/reviews","https:\/\/www.capterra.com\/p\/169710\/Productive\/","https:\/\/www.crunchbase.com\/organization\/productive-io","https:\/\/www.trustpilot.com\/review\/www.productive.io","https:\/\/github.com\/productiveio"],"description":"Productive - Agency Management & PSA - Run resources, projects, budgets, and profitability in one platform built for agencies and professional services.","email":"contact@productive.io","legalName":"The Productive Company Inc.","foundingDate":"2014-01-01","numberOfEmployees":{"@type":"QuantitativeValue","minValue":"51","maxValue":"200"}}]}},"_links":{"self":[{"href":"https:\/\/productive.io\/de\/wp-json\/wp\/v2\/pages\/59501","targetHints":{"allow":["GET"]}}],"collection":[{"href":"https:\/\/productive.io\/de\/wp-json\/wp\/v2\/pages"}],"about":[{"href":"https:\/\/productive.io\/de\/wp-json\/wp\/v2\/types\/page"}],"author":[{"embeddable":true,"href":"https:\/\/productive.io\/de\/wp-json\/wp\/v2\/users\/38"}],"replies":[{"embeddable":true,"href":"https:\/\/productive.io\/de\/wp-json\/wp\/v2\/comments?post=59501"}],"version-history":[{"count":4,"href":"https:\/\/productive.io\/de\/wp-json\/wp\/v2\/pages\/59501\/revisions"}],"predecessor-version":[{"id":65097,"href":"https:\/\/productive.io\/de\/wp-json\/wp\/v2\/pages\/59501\/revisions\/65097"}],"wp:attachment":[{"href":"https:\/\/productive.io\/de\/wp-json\/wp\/v2\/media?parent=59501"}],"wp:term":[{"taxonomy":"job-category","embeddable":true,"href":"https:\/\/productive.io\/de\/wp-json\/wp\/v2\/job-category?post=59501"},{"taxonomy":"page-category","embeddable":true,"href":"https:\/\/productive.io\/de\/wp-json\/wp\/v2\/page-category?post=59501"}],"curies":[{"name":"wp","href":"https:\/\/api.w.org\/{rel}","templated":true}]}}