{"id":59202,"date":"2025-03-19T14:13:26","date_gmt":"2025-03-19T14:13:26","guid":{"rendered":"https:\/\/productive.io\/?page_id=59202"},"modified":"2025-05-29T11:54:13","modified_gmt":"2025-05-29T11:54:13","slug":"polaris","status":"publish","type":"page","link":"https:\/\/productive.io\/de\/polaris\/","title":{"rendered":"Polaris"},"content":{"rendered":"<h3   > <strong>POLARIS (ALPHA)<\/strong><\/h3> <h1   > Polaris von Productive: SQL-gest\u00fctzte <strong>Business Intelligence<\/strong><\/h1> <p   > Erstellen Sie m\u00e4chtige Berichte mit Polaris f\u00fcr vollst\u00e4ndige Transparenz in wichtigen Kennzahlen. Jetzt fr\u00fchzeitig Zugang erhalten.<\/p> <p   > Kostenlos testen<\/p> <a   data-cta-block-type=dual_button_form href=\"https:\/\/productive.io\/de\/demo-buchen\/\" > <p   > Demo buchen<\/p> <\/a> <a   data-cta-block-type=dual_button_form href=\"https:\/\/productive.io\/de\/demo-buchen\/\" > <p   > Demo buchen<\/p> <\/a> <img  src=\"https:\/\/website-assets.productive.io\/uploads\/2025\/05\/POL-Productive-Polaris-hero-d.svg\"  alt=\"\" loading=lazy \/> <img  src=\"https:\/\/website-assets.productive.io\/uploads\/2025\/05\/POL-Productive-BI-Powerhouse-d.svg\"  alt=\"\" loading=lazy \/> <h2   > Ein integriertes <strong>BI-Kraftpaket<\/strong><\/h2> <p   > Polaris gibt Ihnen volle Flexibilit\u00e4t, um Berichte zu erstellen, die Ihrer Unternehmensstruktur entsprechen &#8211; egal wie komplex. Analysieren und kombinieren Sie Daten \u00fcber Teams, Abteilungen oder Standorte hinweg f\u00fcr einen vollst\u00e4ndigen \u00dcberblick \u00fcber Ihr Unternehmen.<\/p> <h2   > Nutzen Sie Ihre <strong>Produktive<\/strong> <strong>Daten<\/strong> voll aus<\/h2> <p   > H\u00f6ren Sie auf, zwischen verschiedenen Tools zu wechseln. \u00d6ffnen Sie Polaris direkt in Productive, geben Sie Ihre Anfrage ein und erhalten Sie in Sekunden tiefe Einblicke. Nicht in SQL versiert? Lassen Sie <strong>Productive AI<\/strong> Abfragen f\u00fcr Sie generieren.<\/p> <img  src=\"https:\/\/website-assets.productive.io\/uploads\/2025\/05\/POL-Productive-Utilize-data-d.svg\"  alt=\"\" loading=lazy \/> <h2   > <strong>Optimieren Sie Betriebsabl\u00e4ufe<\/strong> mit Productive<\/h2> <p   > Wechsle von mehreren Tools und Tabellenkalkulationen zu einer skalierbaren Plattform f\u00fcr professionelle Dienstleistungen.<\/p> <img  src=\"https:\/\/website-assets.productive.io\/uploads\/2025\/05\/POL-Productive-Share-reports-d.svg\"  alt=\"\" loading=lazy \/> <h2   > Exportieren, teilen und <strong>maximieren Sie die Wirkung<\/strong> Ihrer Berichte<\/h2> <p   > Exportieren Sie Berichte einfach als CSV f\u00fcr die Nutzung in Ihren bevorzugten Visualisierungstools. Teile wichtige Berichte mit deinem Team, sodass sie Echtzeiteinblicke mit nur einem Klick generieren k\u00f6nnen.<\/p> <h2   > Einen <strong>Vorsprung<\/strong> erhalten<\/h2> <h2   > Beginnen Sie mit vorgefertigten Berichten oder erstellen Sie einen ma\u00dfgeschneiderten Bericht von Grund auf mit KI-generierten Anfragen.<\/h2> <p   > Prognostizierte fakturierbare Auslastung nach lokaler Abteilung <\/p> <p   > Sehen Sie die voraussichtliche fakturierbare Auslastung pro Abteilung, um die Arbeitslast effektiv zu planen.<\/p> <img  src=\"https:\/\/website-assets.productive.io\/uploads\/2025\/05\/POL-Productive-utilization-d.svg\"  alt=\"\" loading=lazy \/> <p   > Nutzungsgrad pro Profit Center<\/p> <p   > Verfolgen Sie die verf\u00fcgbare vs. geplante Zeit in den Profit-Centern, um die Ressourceneffizienz zu optimieren.<\/p> <img  src=\"https:\/\/website-assets.productive.io\/uploads\/2025\/05\/POL-Productive-sales-vs-projects-d.svg\"  alt=\"\" loading=lazy \/> <p   > Rentabilit\u00e4t pro Tochtergesellschaft<\/p> <p   > \u00dcberwachen Sie die Gewinne f\u00fcr jede Tochtergesellschaft, um die finanzielle Leistung zu bewerten.<\/p> <img  src=\"https:\/\/website-assets.productive.io\/uploads\/2025\/05\/POL-Productive-profitability-d.svg\"  alt=\"\" loading=lazy \/> <img  src=\"#\"  alt=\"\" loading=lazy \/>","protected":false},"excerpt":{"rendered":"","protected":false},"author":26,"featured_media":0,"parent":0,"menu_order":0,"comment_status":"closed","ping_status":"closed","template":"","meta":{"_acf_changed":false,"es_utils_meta_schema":"","footnotes":""},"job-category":[],"page-category":[],"class_list":["post-59202","page","type-page","status-publish","hentry"],"acf":[],"yoast_head":"<!-- This site is optimized with the Yoast SEO Premium plugin v27.2 (Yoast SEO v27.2) - https:\/\/yoast.com\/product\/yoast-seo-premium-wordpress\/ -->\n<title>Polaris - Productive<\/title>\n<meta name=\"description\" content=\"Polaris von Productive: KI-gest\u00fctzte SQL-Business Intelligence f\u00fcr Echtzeit-Einblicke und erweiterte Berichterstattung.\" \/>\n<meta name=\"robots\" content=\"index, follow, max-snippet:-1, max-image-preview:large, max-video-preview:-1\" \/>\n<link rel=\"canonical\" href=\"https:\/\/productive.io\/de\/polaris\/\" \/>\n<meta property=\"og:locale\" content=\"de_DE\" \/>\n<meta property=\"og:type\" content=\"article\" \/>\n<meta property=\"og:title\" content=\"Polaris\" \/>\n<meta property=\"og:description\" content=\"Polaris von Productive: KI-gest\u00fctzte SQL-Business Intelligence f\u00fcr Echtzeit-Einblicke und erweiterte Berichterstattung.\" \/>\n<meta property=\"og:url\" content=\"https:\/\/productive.io\/de\/polaris\/\" \/>\n<meta property=\"og:site_name\" content=\"Productive\" \/>\n<meta property=\"article:publisher\" content=\"https:\/\/www.facebook.com\/productiveio\/\" \/>\n<meta property=\"article:modified_time\" content=\"2025-05-29T11:54:13+00:00\" \/>\n<meta name=\"twitter:card\" content=\"summary_large_image\" \/>\n<meta name=\"twitter:label1\" content=\"Gesch\u00e4tzte Lesezeit\" \/>\n\t<meta name=\"twitter:data1\" content=\"3 minutes\" \/>\n<script type=\"application\/ld+json\" class=\"yoast-schema-graph\">{\"@context\":\"https:\/\/schema.org\",\"@graph\":[{\"@type\":\"WebPage\",\"@id\":\"https:\/\/productive.io\/de\/polaris\/\",\"url\":\"https:\/\/productive.io\/de\/polaris\/\",\"name\":\"Polaris - Productive\",\"isPartOf\":{\"@id\":\"https:\/\/productive.io\/de\/#website\"},\"datePublished\":\"2025-03-19T14:13:26+00:00\",\"dateModified\":\"2025-05-29T11:54:13+00:00\",\"description\":\"Polaris von Productive: KI-gest\u00fctzte SQL-Business Intelligence f\u00fcr Echtzeit-Einblicke und erweiterte Berichterstattung.\",\"breadcrumb\":{\"@id\":\"https:\/\/productive.io\/de\/polaris\/#breadcrumb\"},\"inLanguage\":\"de-DE\",\"potentialAction\":[{\"@type\":\"ReadAction\",\"target\":[\"https:\/\/productive.io\/de\/polaris\/\"]}]},{\"@type\":\"BreadcrumbList\",\"@id\":\"https:\/\/productive.io\/de\/polaris\/#breadcrumb\",\"itemListElement\":[{\"@type\":\"ListItem\",\"position\":1,\"name\":\"Home\",\"item\":\"https:\/\/productive.io\/de\/\"},{\"@type\":\"ListItem\",\"position\":2,\"name\":\"Polaris\"}]},{\"@type\":\"WebSite\",\"@id\":\"https:\/\/productive.io\/de\/#website\",\"url\":\"https:\/\/productive.io\/de\/\",\"name\":\"Productive\",\"description\":\"The Only Tool You Need To Run a Profitable Agency\",\"publisher\":{\"@id\":\"https:\/\/productive.io\/de\/#organization\"},\"potentialAction\":[{\"@type\":\"SearchAction\",\"target\":{\"@type\":\"EntryPoint\",\"urlTemplate\":\"https:\/\/productive.io\/de\/?s={search_term_string}\"},\"query-input\":{\"@type\":\"PropertyValueSpecification\",\"valueRequired\":true,\"valueName\":\"search_term_string\"}}],\"inLanguage\":\"de-DE\"},{\"@type\":\"Organization\",\"@id\":\"https:\/\/productive.io\/de\/#organization\",\"name\":\"Productive\",\"url\":\"https:\/\/productive.io\/de\/\",\"logo\":{\"@type\":\"ImageObject\",\"inLanguage\":\"de-DE\",\"@id\":\"https:\/\/productive.io\/de\/#\/schema\/logo\/image\/\",\"url\":\"https:\/\/website-assets.productive.io\/uploads\/2025\/09\/Productive-logo-for-Yoast-do-not-delete.webp\",\"contentUrl\":\"https:\/\/website-assets.productive.io\/uploads\/2025\/09\/Productive-logo-for-Yoast-do-not-delete.webp\",\"width\":696,\"height\":696,\"caption\":\"Productive\"},\"image\":{\"@id\":\"https:\/\/productive.io\/de\/#\/schema\/logo\/image\/\"},\"sameAs\":[\"https:\/\/www.facebook.com\/productiveio\/\",\"https:\/\/www.linkedin.com\/company\/productive-io\/\",\"https:\/\/www.youtube.com\/@productive_io\",\"https:\/\/www.instagram.com\/productive.io\/\",\"https:\/\/www.g2.com\/products\/productive\/reviews\",\"https:\/\/www.capterra.com\/p\/169710\/Productive\/\",\"https:\/\/www.crunchbase.com\/organization\/productive-io\",\"https:\/\/www.trustpilot.com\/review\/www.productive.io\",\"https:\/\/github.com\/productiveio\"],\"description\":\"Productive - Agency Management & PSA - Run resources, projects, budgets, and profitability in one platform built for agencies and professional services.\",\"email\":\"contact@productive.io\",\"legalName\":\"The Productive Company Inc.\",\"foundingDate\":\"2014-01-01\",\"numberOfEmployees\":{\"@type\":\"QuantitativeValue\",\"minValue\":\"51\",\"maxValue\":\"200\"}}]}<\/script>\n<!-- \/ Yoast SEO Premium plugin. -->","yoast_head_json":{"title":"Polaris - Productive","description":"Polaris von Productive: KI-gest\u00fctzte SQL-Business Intelligence f\u00fcr Echtzeit-Einblicke und erweiterte Berichterstattung.","robots":{"index":"index","follow":"follow","max-snippet":"max-snippet:-1","max-image-preview":"max-image-preview:large","max-video-preview":"max-video-preview:-1"},"canonical":"https:\/\/productive.io\/de\/polaris\/","og_locale":"de_DE","og_type":"article","og_title":"Polaris","og_description":"Polaris von Productive: KI-gest\u00fctzte SQL-Business Intelligence f\u00fcr Echtzeit-Einblicke und erweiterte Berichterstattung.","og_url":"https:\/\/productive.io\/de\/polaris\/","og_site_name":"Productive","article_publisher":"https:\/\/www.facebook.com\/productiveio\/","article_modified_time":"2025-05-29T11:54:13+00:00","twitter_card":"summary_large_image","twitter_misc":{"Gesch\u00e4tzte Lesezeit":"3 minutes"},"schema":{"@context":"https:\/\/schema.org","@graph":[{"@type":"WebPage","@id":"https:\/\/productive.io\/de\/polaris\/","url":"https:\/\/productive.io\/de\/polaris\/","name":"Polaris - Productive","isPartOf":{"@id":"https:\/\/productive.io\/de\/#website"},"datePublished":"2025-03-19T14:13:26+00:00","dateModified":"2025-05-29T11:54:13+00:00","description":"Polaris von Productive: KI-gest\u00fctzte SQL-Business Intelligence f\u00fcr Echtzeit-Einblicke und erweiterte Berichterstattung.","breadcrumb":{"@id":"https:\/\/productive.io\/de\/polaris\/#breadcrumb"},"inLanguage":"de-DE","potentialAction":[{"@type":"ReadAction","target":["https:\/\/productive.io\/de\/polaris\/"]}]},{"@type":"BreadcrumbList","@id":"https:\/\/productive.io\/de\/polaris\/#breadcrumb","itemListElement":[{"@type":"ListItem","position":1,"name":"Home","item":"https:\/\/productive.io\/de\/"},{"@type":"ListItem","position":2,"name":"Polaris"}]},{"@type":"WebSite","@id":"https:\/\/productive.io\/de\/#website","url":"https:\/\/productive.io\/de\/","name":"Productive","description":"The Only Tool You Need To Run a Profitable Agency","publisher":{"@id":"https:\/\/productive.io\/de\/#organization"},"potentialAction":[{"@type":"SearchAction","target":{"@type":"EntryPoint","urlTemplate":"https:\/\/productive.io\/de\/?s={search_term_string}"},"query-input":{"@type":"PropertyValueSpecification","valueRequired":true,"valueName":"search_term_string"}}],"inLanguage":"de-DE"},{"@type":"Organization","@id":"https:\/\/productive.io\/de\/#organization","name":"Productive","url":"https:\/\/productive.io\/de\/","logo":{"@type":"ImageObject","inLanguage":"de-DE","@id":"https:\/\/productive.io\/de\/#\/schema\/logo\/image\/","url":"https:\/\/website-assets.productive.io\/uploads\/2025\/09\/Productive-logo-for-Yoast-do-not-delete.webp","contentUrl":"https:\/\/website-assets.productive.io\/uploads\/2025\/09\/Productive-logo-for-Yoast-do-not-delete.webp","width":696,"height":696,"caption":"Productive"},"image":{"@id":"https:\/\/productive.io\/de\/#\/schema\/logo\/image\/"},"sameAs":["https:\/\/www.facebook.com\/productiveio\/","https:\/\/www.linkedin.com\/company\/productive-io\/","https:\/\/www.youtube.com\/@productive_io","https:\/\/www.instagram.com\/productive.io\/","https:\/\/www.g2.com\/products\/productive\/reviews","https:\/\/www.capterra.com\/p\/169710\/Productive\/","https:\/\/www.crunchbase.com\/organization\/productive-io","https:\/\/www.trustpilot.com\/review\/www.productive.io","https:\/\/github.com\/productiveio"],"description":"Productive - Agency Management & PSA - Run resources, projects, budgets, and profitability in one platform built for agencies and professional services.","email":"contact@productive.io","legalName":"The Productive Company Inc.","foundingDate":"2014-01-01","numberOfEmployees":{"@type":"QuantitativeValue","minValue":"51","maxValue":"200"}}]}},"_links":{"self":[{"href":"https:\/\/productive.io\/de\/wp-json\/wp\/v2\/pages\/59202","targetHints":{"allow":["GET"]}}],"collection":[{"href":"https:\/\/productive.io\/de\/wp-json\/wp\/v2\/pages"}],"about":[{"href":"https:\/\/productive.io\/de\/wp-json\/wp\/v2\/types\/page"}],"author":[{"embeddable":true,"href":"https:\/\/productive.io\/de\/wp-json\/wp\/v2\/users\/26"}],"replies":[{"embeddable":true,"href":"https:\/\/productive.io\/de\/wp-json\/wp\/v2\/comments?post=59202"}],"version-history":[{"count":7,"href":"https:\/\/productive.io\/de\/wp-json\/wp\/v2\/pages\/59202\/revisions"}],"predecessor-version":[{"id":61227,"href":"https:\/\/productive.io\/de\/wp-json\/wp\/v2\/pages\/59202\/revisions\/61227"}],"wp:attachment":[{"href":"https:\/\/productive.io\/de\/wp-json\/wp\/v2\/media?parent=59202"}],"wp:term":[{"taxonomy":"job-category","embeddable":true,"href":"https:\/\/productive.io\/de\/wp-json\/wp\/v2\/job-category?post=59202"},{"taxonomy":"page-category","embeddable":true,"href":"https:\/\/productive.io\/de\/wp-json\/wp\/v2\/page-category?post=59202"}],"curies":[{"name":"wp","href":"https:\/\/api.w.org\/{rel}","templated":true}]}}