{"id":59003,"date":"2021-08-20T11:05:25","date_gmt":"2021-08-20T11:05:25","guid":{"rendered":"https:\/\/productive.io\/?page_id=59003"},"modified":"2025-12-05T15:00:08","modified_gmt":"2025-12-05T15:00:08","slug":"berichterstattung","status":"publish","type":"page","link":"https:\/\/productive.io\/de\/berichterstattung\/","title":{"rendered":"Berichterstattung"},"content":{"rendered":"<h3   > <strong>BERICHTERSTATTUNG<\/strong><\/h3> <h1   > Erhalte sofort <strong>KI-gesteuerte <\/strong>Berichte und KPIs<\/h1> <p   > Prognostiziere deine n\u00e4chsten Schritte, anstatt sie zu vermuten. Nutze KI und Echtzeitdaten, um datengetriebene Gesch\u00e4ftsentscheidungen zu treffen. Pr\u00fcfe die wichtigsten Zahlen, ohne warten zu m\u00fcssen.<\/p> <p   > Kostenlos testen<\/p> <a   data-cta-block-type=dual_button_form href=\"https:\/\/productive.io\/book-a-demo\/\" > <p   > Demo buchen<\/p> <\/a> <a   data-cta-block-type=dual_button_form href=\"https:\/\/productive.io\/book-a-demo\/\" > <p   > Demo buchen<\/p> <\/a> <h2   > <strong>Frag die KI<\/strong>, um Berichte f\u00fcr dich zu erstellen<\/h2> <h2   > H\u00f6r auf, Zeit mit dem Erstellen von Berichten von Grund auf zu verschwenden &#8211; bitte die KI, Einblicke wie diese zu generieren:<\/h2> <p   > Prognostizierter Umsatz f\u00fcr das n\u00e4chste Quartal<\/p> <p   > Abwesenheitsbericht der letzten sechs Monate<\/p> <p   > Auslastung nach Team oder Person<\/p> <p   > Rentabilit\u00e4t pro Projekt<\/p> <p   > Michelle Pittell <br \/>Co-Pr\u00e4sidentin, Brand Labs<\/p> <p   > Daten bestimmen meine Entscheidungen, und nun habe ich alle Daten, um die richtigen Entscheidungen zu treffen.<\/p> <img  src=\"https:\/\/productive.io\/wp-content\/uploads\/2021\/09\/consolidate-all-your-data-5.svg\"  alt=\"\" loading=lazy \/> <h2   > Zugriff auf \u00fcber 50 <strong>vorkonfigurierte <\/strong>Berichte<\/h2> <p   > Auf Grundlage unserer Erfahrungen mit Agenturen weltweit helfen diese vorkonfigurierten Berichte, schnell zu starten &#8211; tracke Rentabilit\u00e4t, Teamauslastung, Umsatz nach Gesch\u00e4ftseinheit und mehr, alles mit einem Klick.<\/p> <p   > Patrick Osburn<br \/>Leiter des Betriebsservices,<br \/>Quintica<\/p> <p   > Vor der Nutzung von Productive musste ich 8 Stunden aufwenden, um bestimmte Zahlen herauszufinden. Jetzt habe ich diese Zahlen in Echtzeit auf einen Blick.<\/p> <img  src=\"https:\/\/website-assets.productive.io\/uploads\/2025\/05\/R-Productive-over-50-reports-d.svg\"  alt=\"\" loading=lazy \/> <img  src=\"https:\/\/website-assets.productive.io\/uploads\/2025\/05\/R-Productive-actual-utilization-graph-d.svg\"  alt=\"\" loading=lazy \/> <h4   > <strong>Ziele setzen, um Erfolg zu messen <\/strong><\/h4> <p   > Setze Ziele f\u00fcr Auslastung, Gewinnspannen oder andere KPIs und visualisiere den Fortschritt.<\/p> <img  src=\"https:\/\/website-assets.productive.io\/uploads\/2025\/05\/R-Productive-actual-utilization-percentage-d.svg\"  alt=\"\" loading=lazy \/> <h4   > <strong>Erstelle 100% ma\u00dfgeschneiderte Berichte<\/strong><\/h4> <p   > Nutze Gesch\u00e4ftsanalysen mit benutzerdefinierten Berichten, die deine Arbeitsweise widerspiegeln. <\/p> <img  src=\"https:\/\/website-assets-staging.productive.io\/uploads\/2025\/11\/Productive-Pulse.png\"  alt=\"\" loading=lazy \/> <h4   > <strong><strong>Updates in deinem Posteingang erhalten<\/strong><\/strong><\/h4> <p   > Abonniere einen Bericht und erhalte t\u00e4gliche, w\u00f6chentliche oder monatliche Status-Updates direkt in deinen Posteingang oder Slack. <\/p> <h2   > Erreiche <strong>Betriebliche Exzellenz<\/strong> mit Productive<\/h2> <p   > Wechsle von mehreren Tools und Tabellenkalkulationen zu einer skalierbaren Plattform f\u00fcr professionelle Dienstleistungen.<\/p> <img  src=\"https:\/\/website-assets.productive.io\/uploads\/2025\/05\/R-Productive-check-financials-d.svg\"  alt=\"\" loading=lazy \/> <h2   > KPIs in <strong>Echtzeit<\/strong> \u00fcberwachen<\/h2> <p   > Verwandle jeden Bericht in ein Dashboard-Widget, um Umsatz, Kosten, Gewinn, Durchschnittsraten, gearbeitete Stunden und andere wichtige Metriken in Echtzeit zu verfolgen.<\/p> <p   > Orion Jensen<br \/>CEO, Clear Launch<\/p> <p   > Wir haben immer gewusst, wie wir als Unternehmen monatlich performen, aber auf Projektebene in Echtzeit &#8211; diese Einsicht hatten wir bisher nicht.<\/p> <h2   > Konsolidiere all deine Daten <strong>automatisch<\/strong><\/h2> <p   > Anstatt mit mehreren Tabellenkalkulationen und verstreuten Datenquellen zu jonglieren, organisiert Productive deine Daten w\u00e4hrend der Arbeit &#8211; so sind Berichte und KPIs bereit, wenn du sie ben\u00f6tigst.<\/p> <img  src=\"https:\/\/website-assets.productive.io\/uploads\/2025\/05\/R-Productive-build-your-report-d.svg\"  alt=\"\" loading=lazy \/> <h2   > <strong>Optimiere den Betrieb<\/strong> mit Productive<\/h2> <p   > Wechsle von mehreren Tools und Tabellenkalkulationen zu einer skalierbaren Plattform f\u00fcr professionelle Dienstleistungen.<\/p> <h2   > Was wird dein <br \/><strong>n\u00e4chster Bericht<\/strong> sein?<\/h2> <p   > Prognostizierter Umsatz \u00fcber Monate<\/p> <p   > Prognostiziere den bevorstehenden Umsatz basierend auf aktuellen Verkaufsdeals.<\/p> <img  src=\"https:\/\/website-assets.productive.io\/uploads\/2025\/11\/R-Projected-Revenue-1.svg\"  alt=\"\" loading=lazy \/> <p   > Abwesenheitsbericht<\/p> <p   > Sieh nach, wer krank ist, Urlaub macht oder aus der Ferne arbeitet.<\/p> <img  src=\"https:\/\/website-assets.productive.io\/uploads\/2025\/11\/R-Out-of-Office.svg\"  alt=\"\" loading=lazy \/> <p   > Finanzprognose pro Projekt<\/p> <p   > Verfolge die prognostizierte Budgetnutzung und Gewinnspannen f\u00fcr jedes Projekt.<\/p> <img  src=\"https:\/\/website-assets.productive.io\/uploads\/2025\/11\/R-Financial-forecast.svg\"  alt=\"\" loading=lazy \/> <p   > Kosten der Arbeit<\/p> <p   > Vergleiche geleistete und abrechenbare Zeit und sieh die Arbeitskosten pro Ressource.<\/p> <img  src=\"https:\/\/website-assets.productive.io\/uploads\/2025\/11\/R-Cost-of-Work.svg\"  alt=\"\" loading=lazy \/> <img  src=\"#\"  alt=\"\" loading=lazy \/> <img  src=\"https:\/\/website-assets.productive.io\/uploads\/2025\/01\/new-desktop-team-forecasting-1.png\"  alt=\"\" loading=lazy \/>","protected":false},"excerpt":{"rendered":"","protected":false},"author":26,"featured_media":0,"parent":0,"menu_order":0,"comment_status":"closed","ping_status":"closed","template":"","meta":{"_acf_changed":false,"es_utils_meta_schema":"","footnotes":""},"job-category":[],"page-category":[1073],"class_list":["post-59003","page","type-page","status-publish","hentry"],"acf":[],"yoast_head":"<!-- This site is optimized with the Yoast SEO Premium plugin v27.2 (Yoast SEO v27.2) - https:\/\/yoast.com\/product\/yoast-seo-premium-wordpress\/ -->\n<title>Leistungsstarke Berichterstattung f\u00fcr professionelle Dienstleistungen | Productive<\/title>\n<meta name=\"description\" content=\"Treffe fundierte Entscheidungen mit wichtigen Kennzahlen in Echtzeit mit der Berichterstattung von Productive. Zugriff auf \u00fcber 50 vorkonfigurierte Berichte. Jetzt kostenlos ausprobieren!\" \/>\n<meta name=\"robots\" content=\"index, follow, max-snippet:-1, max-image-preview:large, max-video-preview:-1\" \/>\n<link rel=\"canonical\" href=\"https:\/\/productive.io\/de\/berichterstattung\/\" \/>\n<meta property=\"og:locale\" content=\"de_DE\" \/>\n<meta property=\"og:type\" content=\"article\" \/>\n<meta property=\"og:title\" content=\"Berichterstattung\" \/>\n<meta property=\"og:description\" content=\"Treffe fundierte Entscheidungen mit wichtigen Kennzahlen in Echtzeit mit der Berichterstattung von Productive. Zugriff auf \u00fcber 50 vorkonfigurierte Berichte. Jetzt kostenlos ausprobieren!\" \/>\n<meta property=\"og:url\" content=\"https:\/\/productive.io\/de\/berichterstattung\/\" \/>\n<meta property=\"og:site_name\" content=\"Productive\" \/>\n<meta property=\"article:publisher\" content=\"https:\/\/www.facebook.com\/productiveio\/\" \/>\n<meta property=\"article:modified_time\" content=\"2025-12-05T15:00:08+00:00\" \/>\n<meta name=\"twitter:card\" content=\"summary_large_image\" \/>\n<meta name=\"twitter:label1\" content=\"Gesch\u00e4tzte Lesezeit\" \/>\n\t<meta name=\"twitter:data1\" content=\"5 minutes\" \/>\n<script type=\"application\/ld+json\" class=\"yoast-schema-graph\">{\"@context\":\"https:\/\/schema.org\",\"@graph\":[{\"@type\":\"WebPage\",\"@id\":\"https:\/\/productive.io\/de\/berichterstattung\/\",\"url\":\"https:\/\/productive.io\/de\/berichterstattung\/\",\"name\":\"Leistungsstarke Berichterstattung f\u00fcr professionelle Dienstleistungen | Productive\",\"isPartOf\":{\"@id\":\"https:\/\/productive.io\/de\/#website\"},\"datePublished\":\"2021-08-20T11:05:25+00:00\",\"dateModified\":\"2025-12-05T15:00:08+00:00\",\"description\":\"Treffe fundierte Entscheidungen mit wichtigen Kennzahlen in Echtzeit mit der Berichterstattung von Productive. Zugriff auf \u00fcber 50 vorkonfigurierte Berichte. Jetzt kostenlos ausprobieren!\",\"breadcrumb\":{\"@id\":\"https:\/\/productive.io\/de\/berichterstattung\/#breadcrumb\"},\"inLanguage\":\"de-DE\",\"potentialAction\":[{\"@type\":\"ReadAction\",\"target\":[\"https:\/\/productive.io\/de\/berichterstattung\/\"]}]},{\"@type\":\"BreadcrumbList\",\"@id\":\"https:\/\/productive.io\/de\/berichterstattung\/#breadcrumb\",\"itemListElement\":[{\"@type\":\"ListItem\",\"position\":1,\"name\":\"Home\",\"item\":\"https:\/\/productive.io\/de\/\"},{\"@type\":\"ListItem\",\"position\":2,\"name\":\"Berichterstattung\"}]},{\"@type\":\"WebSite\",\"@id\":\"https:\/\/productive.io\/de\/#website\",\"url\":\"https:\/\/productive.io\/de\/\",\"name\":\"Productive\",\"description\":\"The Only Tool You Need To Run a Profitable Agency\",\"publisher\":{\"@id\":\"https:\/\/productive.io\/de\/#organization\"},\"potentialAction\":[{\"@type\":\"SearchAction\",\"target\":{\"@type\":\"EntryPoint\",\"urlTemplate\":\"https:\/\/productive.io\/de\/?s={search_term_string}\"},\"query-input\":{\"@type\":\"PropertyValueSpecification\",\"valueRequired\":true,\"valueName\":\"search_term_string\"}}],\"inLanguage\":\"de-DE\"},{\"@type\":\"Organization\",\"@id\":\"https:\/\/productive.io\/de\/#organization\",\"name\":\"Productive\",\"url\":\"https:\/\/productive.io\/de\/\",\"logo\":{\"@type\":\"ImageObject\",\"inLanguage\":\"de-DE\",\"@id\":\"https:\/\/productive.io\/de\/#\/schema\/logo\/image\/\",\"url\":\"https:\/\/website-assets.productive.io\/uploads\/2025\/09\/Productive-logo-for-Yoast-do-not-delete.webp\",\"contentUrl\":\"https:\/\/website-assets.productive.io\/uploads\/2025\/09\/Productive-logo-for-Yoast-do-not-delete.webp\",\"width\":696,\"height\":696,\"caption\":\"Productive\"},\"image\":{\"@id\":\"https:\/\/productive.io\/de\/#\/schema\/logo\/image\/\"},\"sameAs\":[\"https:\/\/www.facebook.com\/productiveio\/\",\"https:\/\/www.linkedin.com\/company\/productive-io\/\",\"https:\/\/www.youtube.com\/@productive_io\",\"https:\/\/www.instagram.com\/productive.io\/\",\"https:\/\/www.g2.com\/products\/productive\/reviews\",\"https:\/\/www.capterra.com\/p\/169710\/Productive\/\",\"https:\/\/www.crunchbase.com\/organization\/productive-io\",\"https:\/\/www.trustpilot.com\/review\/www.productive.io\",\"https:\/\/github.com\/productiveio\"],\"description\":\"Productive - Agency Management & PSA - Run resources, projects, budgets, and profitability in one platform built for agencies and professional services.\",\"email\":\"contact@productive.io\",\"legalName\":\"The Productive Company Inc.\",\"foundingDate\":\"2014-01-01\",\"numberOfEmployees\":{\"@type\":\"QuantitativeValue\",\"minValue\":\"51\",\"maxValue\":\"200\"}}]}<\/script>\n<!-- \/ Yoast SEO Premium plugin. -->","yoast_head_json":{"title":"Leistungsstarke Berichterstattung f\u00fcr professionelle Dienstleistungen | Productive","description":"Treffe fundierte Entscheidungen mit wichtigen Kennzahlen in Echtzeit mit der Berichterstattung von Productive. Zugriff auf \u00fcber 50 vorkonfigurierte Berichte. Jetzt kostenlos ausprobieren!","robots":{"index":"index","follow":"follow","max-snippet":"max-snippet:-1","max-image-preview":"max-image-preview:large","max-video-preview":"max-video-preview:-1"},"canonical":"https:\/\/productive.io\/de\/berichterstattung\/","og_locale":"de_DE","og_type":"article","og_title":"Berichterstattung","og_description":"Treffe fundierte Entscheidungen mit wichtigen Kennzahlen in Echtzeit mit der Berichterstattung von Productive. Zugriff auf \u00fcber 50 vorkonfigurierte Berichte. Jetzt kostenlos ausprobieren!","og_url":"https:\/\/productive.io\/de\/berichterstattung\/","og_site_name":"Productive","article_publisher":"https:\/\/www.facebook.com\/productiveio\/","article_modified_time":"2025-12-05T15:00:08+00:00","twitter_card":"summary_large_image","twitter_misc":{"Gesch\u00e4tzte Lesezeit":"5 minutes"},"schema":{"@context":"https:\/\/schema.org","@graph":[{"@type":"WebPage","@id":"https:\/\/productive.io\/de\/berichterstattung\/","url":"https:\/\/productive.io\/de\/berichterstattung\/","name":"Leistungsstarke Berichterstattung f\u00fcr professionelle Dienstleistungen | Productive","isPartOf":{"@id":"https:\/\/productive.io\/de\/#website"},"datePublished":"2021-08-20T11:05:25+00:00","dateModified":"2025-12-05T15:00:08+00:00","description":"Treffe fundierte Entscheidungen mit wichtigen Kennzahlen in Echtzeit mit der Berichterstattung von Productive. Zugriff auf \u00fcber 50 vorkonfigurierte Berichte. Jetzt kostenlos ausprobieren!","breadcrumb":{"@id":"https:\/\/productive.io\/de\/berichterstattung\/#breadcrumb"},"inLanguage":"de-DE","potentialAction":[{"@type":"ReadAction","target":["https:\/\/productive.io\/de\/berichterstattung\/"]}]},{"@type":"BreadcrumbList","@id":"https:\/\/productive.io\/de\/berichterstattung\/#breadcrumb","itemListElement":[{"@type":"ListItem","position":1,"name":"Home","item":"https:\/\/productive.io\/de\/"},{"@type":"ListItem","position":2,"name":"Berichterstattung"}]},{"@type":"WebSite","@id":"https:\/\/productive.io\/de\/#website","url":"https:\/\/productive.io\/de\/","name":"Productive","description":"The Only Tool You Need To Run a Profitable Agency","publisher":{"@id":"https:\/\/productive.io\/de\/#organization"},"potentialAction":[{"@type":"SearchAction","target":{"@type":"EntryPoint","urlTemplate":"https:\/\/productive.io\/de\/?s={search_term_string}"},"query-input":{"@type":"PropertyValueSpecification","valueRequired":true,"valueName":"search_term_string"}}],"inLanguage":"de-DE"},{"@type":"Organization","@id":"https:\/\/productive.io\/de\/#organization","name":"Productive","url":"https:\/\/productive.io\/de\/","logo":{"@type":"ImageObject","inLanguage":"de-DE","@id":"https:\/\/productive.io\/de\/#\/schema\/logo\/image\/","url":"https:\/\/website-assets.productive.io\/uploads\/2025\/09\/Productive-logo-for-Yoast-do-not-delete.webp","contentUrl":"https:\/\/website-assets.productive.io\/uploads\/2025\/09\/Productive-logo-for-Yoast-do-not-delete.webp","width":696,"height":696,"caption":"Productive"},"image":{"@id":"https:\/\/productive.io\/de\/#\/schema\/logo\/image\/"},"sameAs":["https:\/\/www.facebook.com\/productiveio\/","https:\/\/www.linkedin.com\/company\/productive-io\/","https:\/\/www.youtube.com\/@productive_io","https:\/\/www.instagram.com\/productive.io\/","https:\/\/www.g2.com\/products\/productive\/reviews","https:\/\/www.capterra.com\/p\/169710\/Productive\/","https:\/\/www.crunchbase.com\/organization\/productive-io","https:\/\/www.trustpilot.com\/review\/www.productive.io","https:\/\/github.com\/productiveio"],"description":"Productive - Agency Management & PSA - Run resources, projects, budgets, and profitability in one platform built for agencies and professional services.","email":"contact@productive.io","legalName":"The Productive Company Inc.","foundingDate":"2014-01-01","numberOfEmployees":{"@type":"QuantitativeValue","minValue":"51","maxValue":"200"}}]}},"_links":{"self":[{"href":"https:\/\/productive.io\/de\/wp-json\/wp\/v2\/pages\/59003","targetHints":{"allow":["GET"]}}],"collection":[{"href":"https:\/\/productive.io\/de\/wp-json\/wp\/v2\/pages"}],"about":[{"href":"https:\/\/productive.io\/de\/wp-json\/wp\/v2\/types\/page"}],"author":[{"embeddable":true,"href":"https:\/\/productive.io\/de\/wp-json\/wp\/v2\/users\/26"}],"replies":[{"embeddable":true,"href":"https:\/\/productive.io\/de\/wp-json\/wp\/v2\/comments?post=59003"}],"version-history":[{"count":10,"href":"https:\/\/productive.io\/de\/wp-json\/wp\/v2\/pages\/59003\/revisions"}],"predecessor-version":[{"id":68509,"href":"https:\/\/productive.io\/de\/wp-json\/wp\/v2\/pages\/59003\/revisions\/68509"}],"wp:attachment":[{"href":"https:\/\/productive.io\/de\/wp-json\/wp\/v2\/media?parent=59003"}],"wp:term":[{"taxonomy":"job-category","embeddable":true,"href":"https:\/\/productive.io\/de\/wp-json\/wp\/v2\/job-category?post=59003"},{"taxonomy":"page-category","embeddable":true,"href":"https:\/\/productive.io\/de\/wp-json\/wp\/v2\/page-category?post=59003"}],"curies":[{"name":"wp","href":"https:\/\/api.w.org\/{rel}","templated":true}]}}