{"id":58979,"date":"2021-08-19T11:43:21","date_gmt":"2021-08-19T11:43:21","guid":{"rendered":"https:\/\/productive.io\/?page_id=58979"},"modified":"2025-11-24T10:57:31","modified_gmt":"2025-11-24T10:57:31","slug":"kundenstory","status":"publish","type":"page","link":"https:\/\/productive.io\/de\/kundenstory\/","title":{"rendered":"Kundenstory"},"content":{"rendered":"<h1   > <strong>Wie Unternehmen mit Productive florieren<\/strong><\/h1> <p   > Erfahre, wie Unternehmen Zeit sparen und wachsen, dank der Prozesse und Daten, die sie in Productive verwalten.<\/p> <img  src=\"https:\/\/productive.io\/wp-content\/uploads\/2021\/09\/hero-2.png\"  alt=\"\" loading=lazy \/> <h2   > <strong>Wie Unternehmen florieren<\/strong> <br>Mit Productive<\/h2> <p   > Erfahre, wie Unternehmen Zeit sparen und wachsen, dank der Prozesse und Daten, die sie in Productive verwalten.<\/p> <h2   > Wir helfen Ihrer Agentur, neue H\u00f6hen zu erreichen<\/h2><p   > Wechseln Sie von mehreren Tools und Tabellen zu einem skalierbaren Agenturverwaltungssystem.<\/p> <p   > Erste Schritte<\/p> <a href=\"https:\/\/productive.io\/de\/kundenstory\/globale-wachstum-mit-productive-staerken-wie-piabo-communications-betriebsablaeufe-ueber-regionen-hinweg-optimierte\/\"   > <img  src=\"https:\/\/website-assets.productive.io\/uploads\/2025\/07\/PIABO-hero-768x513.png\"  alt=\"\" loading=lazy \/> <h2   > Globale Wachstum mit Productive st\u00e4rken: Wie PIABO Communications Betriebsabl\u00e4ufe \u00fcber Regionen hinweg optimierte<\/h2> <\/a><a href=\"https:\/\/productive.io\/de\/kundenstory\/wie-wild-die-betriebsablaeufe-mit-productive-optimiert-hat\/\"   > <img  src=\"https:\/\/website-assets.productive.io\/uploads\/2025\/03\/big-ben-group-1-768x576.webp\"  alt=\"\" loading=lazy \/> <h2   > Von fragmentierten Tools zur vollen Kontrolle: Wie wild die Betriebsabl\u00e4ufe mit Productive optimiert hat.<\/h2> <\/a><a href=\"https:\/\/productive.io\/de\/kundenstory\/wo-kuehne-ideen-deehei-und-betrieb-scharf-bleibt-monogrids-geschichte\/\"   > <img  src=\"https:\/\/website-assets.productive.io\/uploads\/2025\/10\/IMG_6342-768x576.jpeg\"  alt=\"\" loading=lazy \/> <h2   > Wo k\u00fchne Ideen gedeihen und der Betrieb scharf bleibt: MONOGRIDs Geschichte<\/h2> <\/a><a href=\"https:\/\/productive.io\/de\/kundenstory\/steamroller-studios-erstellte-ein-mitarbeiterverwaltungssystem-mit-productive\/\"   > <img  src=\"https:\/\/website-assets.productive.io\/uploads\/2025\/03\/Steamroller-Animation-Team-Photo-1-768x512.webp\"  alt=\"\" loading=lazy \/> <h2   > Steamroller Studios entwickelte ein Mitarbeiterverwaltungssystem mit Productive<\/h2> <\/a><a href=\"https:\/\/productive.io\/de\/kundenstory\/wie-productive-das-schnelle-wachstum-von-porsche-digital-kroatien-unterstuetzt\/\"   > <img  src=\"https:\/\/website-assets.productive.io\/uploads\/2025\/03\/Ivan-Bello-Porsche-Digital-Croatia-scaled-1-768x513.webp\"  alt=\"\" loading=lazy \/> <h2   > Wie Productive das schnelle Wachstum von Porsche Digital Kroatien unterst\u00fctzt<\/h2> <\/a><a href=\"https:\/\/productive.io\/de\/kundenstory\/intelligent-skalieren-wie-present-works-ihre-agentur-mit-productive-transformierte\/\"   > <img  src=\"https:\/\/website-assets.productive.io\/uploads\/2025\/03\/img-whoweare-pw-scaled-1-768x432.webp\"  alt=\"\" loading=lazy \/> <h2   > Intelligent skalieren: So hat Present Works ihre Agentur mit Productive transformiert<\/h2> <\/a><a href=\"https:\/\/productive.io\/de\/kundenstory\/wie-build-in-amsterdam-kontrolle-ueber-projekte-mit-productive-gewinnt\/\"   > <img  src=\"https:\/\/website-assets.productive.io\/uploads\/2025\/03\/office1-scaled-1-768x513.webp\"  alt=\"\" loading=lazy \/> <h2   > Wie Build in Amsterdam mit Productive die Kontrolle \u00fcber Projekte gewonnen hat<\/h2> <\/a><a href=\"https:\/\/productive.io\/de\/kundenstory\/born-social-wuchs-ueber-25-prozent-in-weniger-als-einem-jahr-mit-productive\/\"   > <img  src=\"https:\/\/website-assets.productive.io\/uploads\/2025\/03\/Born-Social-Productive-768x554.webp\"  alt=\"\" loading=lazy \/> <h2   > Born Social wuchs um \u00fcber 25&nbsp;% in weniger als einem Jahr<\/h2> <\/a> <h2   > <strong>Das ist der Grund, warum Teams Productive w\u00e4hlen<\/strong><\/h2> <p   > wild<\/p> | <p   > Design- und Technologieagentur<\/p> <h2   > 43<\/h2><p   > People<\/p> <h2   > Wien<\/h2><p   > Location<\/p> <h2   > Von fragmentierten Tools zur vollen Kontrolle: Wie wild die Betriebsabl\u00e4ufe mit Productive optimiert hat.<\/h2><p   > So hat wild mit der Hilfe von Productive die Kontrolle \u00fcber seine Betriebsabl\u00e4ufe erlangt.<\/p><a   href=\"https:\/\/productive.io\/de\/kundenstory\/wie-wild-die-betriebsablaeufe-mit-productive-optimiert-hat\/\" > <p   > Read full story<\/p> <\/a> <p   > Steamroller Studio<\/p> | <p   > Produktionsstudio<\/p> <h2   > 285<\/h2><p   > People<\/p> <h2   > USA<\/h2><p   > Location<\/p> <h2   > Steamroller Studios entwickelte ein Mitarbeiterverwaltungssystem mit Productive<\/h2><p   > Erfahren Sie, wie dieses Produktionsunternehmen mit \u00fcber 250 Mitarbeitern eine Bindungsrate von 98 % mit Hilfe von Productive aufrechterh\u00e4lt.<\/p><a   href=\"https:\/\/productive.io\/de\/kundenstory\/steamroller-studios-erstellte-ein-mitarbeiterverwaltungssystem-mit-productive\/\" > <p   > Read full story<\/p> <\/a> <p   > Present Works<\/p> | <p   > B2B-Marketingagentur<\/p> <h2   > 16<\/h2><p   > People<\/p> <h2   > UK<\/h2><p   > Location<\/p> <h2   > Intelligent skalieren: So hat Present Works ihre Agentur mit Productive transformiert<\/h2><p   > Wir haben k\u00fcrzlich mit Ross Francis, dem Creative Director von Present Works, dar\u00fcber gesprochen, wie Productive ihnen einen Echtzeit\u00fcberblick \u00fcber ihr Gesch\u00e4ft erm\u00f6glicht hat.<\/p><a   href=\"https:\/\/productive.io\/de\/kundenstory\/intelligent-skalieren-wie-present-works-ihre-agentur-mit-productive-transformierte\/\" > <p   > Read full story<\/p> <\/a> <p   > Build in Amsterdam<\/p> | <p   > Agentur f\u00fcr digitales Design<\/p> <h2   > 55<\/h2><p   > People<\/p> <h2   > Amsterdam<\/h2><p   > Location<\/p> <h2   > Wie Build in Amsterdam mit Productive die Kontrolle \u00fcber Projekte gewonnen hat<\/h2><p   > Build in Amsterdam ist eine digitale Designagentur, die sich auf Strategie, Branding und E-Commerce konzentriert. Wir haben mit Karla Vincheva, Head of Production, dar\u00fcber gesprochen, wie Productive ihnen Kontrolle \u00fcber Projekte gegeben und Zeit bei der Rechnungsstellung gespart hat.<\/p><a   href=\"https:\/\/productive.io\/de\/kundenstory\/wie-build-in-amsterdam-kontrolle-ueber-projekte-mit-productive-gewinnt\/\" > <p   > Read full story<\/p> <\/a> <p   > Porsche Digital Croatia<\/p> | <p   > Digitale Produkte<\/p> <h2   > 100<\/h2><p   > People<\/p> <h2   > Croatia<\/h2><p   > Location<\/p> <h2   > Wie Productive das schnelle Wachstum von Porsche Digital Kroatien unterst\u00fctzt<\/h2><p   > Porsche Digital Kroatien wurde 2020 als Joint Venture zwischen Porsche Digital und Infinum gegr\u00fcndet. Erfahre mehr \u00fcber die Rolle, die Productive beim Wachstum von PDC gespielt hat.<\/p><a   href=\"https:\/\/productive.io\/de\/kundenstory\/wie-productive-das-schnelle-wachstum-von-porsche-digital-kroatien-unterstuetzt\/\" > <p   > Read full story<\/p> <\/a> <p   > Born Social<\/p> | <p   > Social-Media-Agentur<\/p> <h2   > 220<\/h2><p   > People<\/p> <h2   > UK<\/h2><p   > Location<\/p> <h2   > Born Social wuchs um \u00fcber 25&nbsp;% in weniger als einem Jahr<\/h2><p   > Born Social ist eine globale, umfassende Social-Media-Agentur mit \u00fcber 120 Mitarbeitern, die die Bed\u00fcrfnisse von Kunden wie Guinness, Uber und Nando\u2019s bedienen.<\/p><a   href=\"https:\/\/productive.io\/de\/kundenstory\/born-social-wuchs-ueber-25-prozent-in-weniger-als-einem-jahr-mit-productive\/\" > <p   > Read full story<\/p> <\/a> <p   > wild<\/p><h2   > Von fragmentierten Tools zur vollen Kontrolle: Wie wild die Betriebsabl\u00e4ufe mit Productive optimiert hat.<\/h2> <p   > Steamroller Studio<\/p><h2   > Steamroller Studios entwickelte ein Mitarbeiterverwaltungssystem mit Productive<\/h2> <p   > Present Works<\/p><h2   > Intelligent skalieren: So hat Present Works ihre Agentur mit Productive transformiert<\/h2> <p   > Build in Amsterdam<\/p><h2   > Wie Build in Amsterdam mit Productive die Kontrolle \u00fcber Projekte gewonnen hat<\/h2> <p   > Porsche Digital Croatia<\/p><h2   > Wie Productive das schnelle Wachstum von Porsche Digital Kroatien unterst\u00fctzt<\/h2> <p   > Born Social<\/p><h2   > Born Social wuchs um \u00fcber 25&nbsp;% in weniger als einem Jahr<\/h2> <h2   > <strong>MAKERSTREET<\/strong><\/h2> <p   > <strong><a href=\"https:\/\/productive.io\/customer-stories\/productive-serves-makerstreet-as-a-single-source-of-truth\/\">Productive dient Makerstreet als einzige Informationsquelle<\/a><\/strong><\/p> <h2   > <strong>TANDEM X VISUALS<\/strong><\/h2> <p   > <a href=\"https:\/\/productive.io\/customer-stories\/productive-is-tandem-x-visuals-one-stop-shop-for-managing-work\/\"><strong>Productive ist Tandem X&#8217;s <strong>All-in-One L\u00f6sung zur Arbeitsverwaltung<\/strong><\/strong><\/a><\/p> <h2   > SAFFRON CONSULTANTS<\/h2> <p   > <strong>Saffron erlangte Klarheit \u00fcber alle Gesch\u00e4ftsaspekte<\/strong> <strong>mit Productive<\/strong><\/p> <h2   > <strong>Optimiere Gesch\u00e4ftsabl\u00e4ufe<\/strong> mit Productive<\/h2> <p   > Kostenlosen Test starten<\/p> <a   data-cta-conversion-type=book_a_demo href=\"https:\/\/productive.io\/book-a-demo\/\" > <p   > Demo buchen<\/p> <\/a>","protected":false},"excerpt":{"rendered":"","protected":false},"author":10,"featured_media":0,"parent":0,"menu_order":0,"comment_status":"closed","ping_status":"closed","template":"","meta":{"_acf_changed":false,"es_utils_meta_schema":"","footnotes":""},"job-category":[],"page-category":[1274],"class_list":["post-58979","page","type-page","status-publish","hentry"],"acf":[],"yoast_head":"<!-- This site is optimized with the Yoast SEO Premium plugin v27.2 (Yoast SEO v27.2) - https:\/\/yoast.com\/product\/yoast-seo-premium-wordpress\/ -->\n<title>Kundenstory - Productive<\/title>\n<meta name=\"description\" content=\"Hochleistungsagenturen vertrauen auf Productive. Erfahre, wie sie Zeit sparen und wachsen, dank der Prozesse und Daten, die sie in Productive verwalten.\" \/>\n<meta name=\"robots\" content=\"index, follow, max-snippet:-1, max-image-preview:large, max-video-preview:-1\" \/>\n<link rel=\"canonical\" href=\"https:\/\/productive.io\/de\/kundenstory\/\" \/>\n<meta property=\"og:locale\" content=\"de_DE\" \/>\n<meta property=\"og:type\" content=\"article\" \/>\n<meta property=\"og:title\" content=\"Kundenstory\" \/>\n<meta property=\"og:description\" content=\"Hochleistungsagenturen vertrauen auf Productive. Erfahre, wie sie Zeit sparen und wachsen, dank der Prozesse und Daten, die sie in Productive verwalten.\" \/>\n<meta property=\"og:url\" content=\"https:\/\/productive.io\/de\/kundenstory\/\" \/>\n<meta property=\"og:site_name\" content=\"Productive\" \/>\n<meta property=\"article:publisher\" content=\"https:\/\/www.facebook.com\/productiveio\/\" \/>\n<meta property=\"article:modified_time\" content=\"2025-11-24T10:57:31+00:00\" \/>\n<meta name=\"twitter:card\" content=\"summary_large_image\" \/>\n<meta name=\"twitter:label1\" content=\"Gesch\u00e4tzte Lesezeit\" \/>\n\t<meta name=\"twitter:data1\" content=\"4 minutes\" \/>\n<script type=\"application\/ld+json\" class=\"yoast-schema-graph\">{\"@context\":\"https:\/\/schema.org\",\"@graph\":[{\"@type\":\"WebPage\",\"@id\":\"https:\/\/productive.io\/de\/kundenstory\/\",\"url\":\"https:\/\/productive.io\/de\/kundenstory\/\",\"name\":\"Kundenstory - Productive\",\"isPartOf\":{\"@id\":\"https:\/\/productive.io\/de\/#website\"},\"datePublished\":\"2021-08-19T11:43:21+00:00\",\"dateModified\":\"2025-11-24T10:57:31+00:00\",\"description\":\"Hochleistungsagenturen vertrauen auf Productive. Erfahre, wie sie Zeit sparen und wachsen, dank der Prozesse und Daten, die sie in Productive verwalten.\",\"breadcrumb\":{\"@id\":\"https:\/\/productive.io\/de\/kundenstory\/#breadcrumb\"},\"inLanguage\":\"de-DE\",\"potentialAction\":[{\"@type\":\"ReadAction\",\"target\":[\"https:\/\/productive.io\/de\/kundenstory\/\"]}]},{\"@type\":\"BreadcrumbList\",\"@id\":\"https:\/\/productive.io\/de\/kundenstory\/#breadcrumb\",\"itemListElement\":[{\"@type\":\"ListItem\",\"position\":1,\"name\":\"Home\",\"item\":\"https:\/\/productive.io\/de\/\"},{\"@type\":\"ListItem\",\"position\":2,\"name\":\"Kundenstory\"}]},{\"@type\":\"WebSite\",\"@id\":\"https:\/\/productive.io\/de\/#website\",\"url\":\"https:\/\/productive.io\/de\/\",\"name\":\"Productive\",\"description\":\"The Only Tool You Need To Run a Profitable Agency\",\"publisher\":{\"@id\":\"https:\/\/productive.io\/de\/#organization\"},\"potentialAction\":[{\"@type\":\"SearchAction\",\"target\":{\"@type\":\"EntryPoint\",\"urlTemplate\":\"https:\/\/productive.io\/de\/?s={search_term_string}\"},\"query-input\":{\"@type\":\"PropertyValueSpecification\",\"valueRequired\":true,\"valueName\":\"search_term_string\"}}],\"inLanguage\":\"de-DE\"},{\"@type\":\"Organization\",\"@id\":\"https:\/\/productive.io\/de\/#organization\",\"name\":\"Productive\",\"url\":\"https:\/\/productive.io\/de\/\",\"logo\":{\"@type\":\"ImageObject\",\"inLanguage\":\"de-DE\",\"@id\":\"https:\/\/productive.io\/de\/#\/schema\/logo\/image\/\",\"url\":\"https:\/\/website-assets.productive.io\/uploads\/2025\/09\/Productive-logo-for-Yoast-do-not-delete.webp\",\"contentUrl\":\"https:\/\/website-assets.productive.io\/uploads\/2025\/09\/Productive-logo-for-Yoast-do-not-delete.webp\",\"width\":696,\"height\":696,\"caption\":\"Productive\"},\"image\":{\"@id\":\"https:\/\/productive.io\/de\/#\/schema\/logo\/image\/\"},\"sameAs\":[\"https:\/\/www.facebook.com\/productiveio\/\",\"https:\/\/www.linkedin.com\/company\/productive-io\/\",\"https:\/\/www.youtube.com\/@productive_io\",\"https:\/\/www.instagram.com\/productive.io\/\",\"https:\/\/www.g2.com\/products\/productive\/reviews\",\"https:\/\/www.capterra.com\/p\/169710\/Productive\/\",\"https:\/\/www.crunchbase.com\/organization\/productive-io\",\"https:\/\/www.trustpilot.com\/review\/www.productive.io\",\"https:\/\/github.com\/productiveio\"],\"description\":\"Productive - Agency Management & PSA - Run resources, projects, budgets, and profitability in one platform built for agencies and professional services.\",\"email\":\"contact@productive.io\",\"legalName\":\"The Productive Company Inc.\",\"foundingDate\":\"2014-01-01\",\"numberOfEmployees\":{\"@type\":\"QuantitativeValue\",\"minValue\":\"51\",\"maxValue\":\"200\"}}]}<\/script>\n<!-- \/ Yoast SEO Premium plugin. -->","yoast_head_json":{"title":"Kundenstory - Productive","description":"Hochleistungsagenturen vertrauen auf Productive. Erfahre, wie sie Zeit sparen und wachsen, dank der Prozesse und Daten, die sie in Productive verwalten.","robots":{"index":"index","follow":"follow","max-snippet":"max-snippet:-1","max-image-preview":"max-image-preview:large","max-video-preview":"max-video-preview:-1"},"canonical":"https:\/\/productive.io\/de\/kundenstory\/","og_locale":"de_DE","og_type":"article","og_title":"Kundenstory","og_description":"Hochleistungsagenturen vertrauen auf Productive. Erfahre, wie sie Zeit sparen und wachsen, dank der Prozesse und Daten, die sie in Productive verwalten.","og_url":"https:\/\/productive.io\/de\/kundenstory\/","og_site_name":"Productive","article_publisher":"https:\/\/www.facebook.com\/productiveio\/","article_modified_time":"2025-11-24T10:57:31+00:00","twitter_card":"summary_large_image","twitter_misc":{"Gesch\u00e4tzte Lesezeit":"4 minutes"},"schema":{"@context":"https:\/\/schema.org","@graph":[{"@type":"WebPage","@id":"https:\/\/productive.io\/de\/kundenstory\/","url":"https:\/\/productive.io\/de\/kundenstory\/","name":"Kundenstory - Productive","isPartOf":{"@id":"https:\/\/productive.io\/de\/#website"},"datePublished":"2021-08-19T11:43:21+00:00","dateModified":"2025-11-24T10:57:31+00:00","description":"Hochleistungsagenturen vertrauen auf Productive. Erfahre, wie sie Zeit sparen und wachsen, dank der Prozesse und Daten, die sie in Productive verwalten.","breadcrumb":{"@id":"https:\/\/productive.io\/de\/kundenstory\/#breadcrumb"},"inLanguage":"de-DE","potentialAction":[{"@type":"ReadAction","target":["https:\/\/productive.io\/de\/kundenstory\/"]}]},{"@type":"BreadcrumbList","@id":"https:\/\/productive.io\/de\/kundenstory\/#breadcrumb","itemListElement":[{"@type":"ListItem","position":1,"name":"Home","item":"https:\/\/productive.io\/de\/"},{"@type":"ListItem","position":2,"name":"Kundenstory"}]},{"@type":"WebSite","@id":"https:\/\/productive.io\/de\/#website","url":"https:\/\/productive.io\/de\/","name":"Productive","description":"The Only Tool You Need To Run a Profitable Agency","publisher":{"@id":"https:\/\/productive.io\/de\/#organization"},"potentialAction":[{"@type":"SearchAction","target":{"@type":"EntryPoint","urlTemplate":"https:\/\/productive.io\/de\/?s={search_term_string}"},"query-input":{"@type":"PropertyValueSpecification","valueRequired":true,"valueName":"search_term_string"}}],"inLanguage":"de-DE"},{"@type":"Organization","@id":"https:\/\/productive.io\/de\/#organization","name":"Productive","url":"https:\/\/productive.io\/de\/","logo":{"@type":"ImageObject","inLanguage":"de-DE","@id":"https:\/\/productive.io\/de\/#\/schema\/logo\/image\/","url":"https:\/\/website-assets.productive.io\/uploads\/2025\/09\/Productive-logo-for-Yoast-do-not-delete.webp","contentUrl":"https:\/\/website-assets.productive.io\/uploads\/2025\/09\/Productive-logo-for-Yoast-do-not-delete.webp","width":696,"height":696,"caption":"Productive"},"image":{"@id":"https:\/\/productive.io\/de\/#\/schema\/logo\/image\/"},"sameAs":["https:\/\/www.facebook.com\/productiveio\/","https:\/\/www.linkedin.com\/company\/productive-io\/","https:\/\/www.youtube.com\/@productive_io","https:\/\/www.instagram.com\/productive.io\/","https:\/\/www.g2.com\/products\/productive\/reviews","https:\/\/www.capterra.com\/p\/169710\/Productive\/","https:\/\/www.crunchbase.com\/organization\/productive-io","https:\/\/www.trustpilot.com\/review\/www.productive.io","https:\/\/github.com\/productiveio"],"description":"Productive - Agency Management & PSA - Run resources, projects, budgets, and profitability in one platform built for agencies and professional services.","email":"contact@productive.io","legalName":"The Productive Company Inc.","foundingDate":"2014-01-01","numberOfEmployees":{"@type":"QuantitativeValue","minValue":"51","maxValue":"200"}}]}},"_links":{"self":[{"href":"https:\/\/productive.io\/de\/wp-json\/wp\/v2\/pages\/58979","targetHints":{"allow":["GET"]}}],"collection":[{"href":"https:\/\/productive.io\/de\/wp-json\/wp\/v2\/pages"}],"about":[{"href":"https:\/\/productive.io\/de\/wp-json\/wp\/v2\/types\/page"}],"author":[{"embeddable":true,"href":"https:\/\/productive.io\/de\/wp-json\/wp\/v2\/users\/10"}],"replies":[{"embeddable":true,"href":"https:\/\/productive.io\/de\/wp-json\/wp\/v2\/comments?post=58979"}],"version-history":[{"count":10,"href":"https:\/\/productive.io\/de\/wp-json\/wp\/v2\/pages\/58979\/revisions"}],"predecessor-version":[{"id":67873,"href":"https:\/\/productive.io\/de\/wp-json\/wp\/v2\/pages\/58979\/revisions\/67873"}],"wp:attachment":[{"href":"https:\/\/productive.io\/de\/wp-json\/wp\/v2\/media?parent=58979"}],"wp:term":[{"taxonomy":"job-category","embeddable":true,"href":"https:\/\/productive.io\/de\/wp-json\/wp\/v2\/job-category?post=58979"},{"taxonomy":"page-category","embeddable":true,"href":"https:\/\/productive.io\/de\/wp-json\/wp\/v2\/page-category?post=58979"}],"curies":[{"name":"wp","href":"https:\/\/api.w.org\/{rel}","templated":true}]}}