{"id":56848,"date":"2023-10-27T09:55:31","date_gmt":"2023-10-27T09:55:31","guid":{"rendered":"https:\/\/productive.io\/?page_id=56848"},"modified":"2025-05-19T04:19:14","modified_gmt":"2025-05-19T04:19:14","slug":"gantt-diagramme","status":"publish","type":"page","link":"https:\/\/productive.io\/de\/projektmanagement\/gantt-diagramme\/","title":{"rendered":"Gantt-Diagramme"},"content":{"rendered":"<h2   > <strong>PROJEKTMANAGEMENT<\/strong><\/h2> <h1   > Stellen Sie Projekte ins richtige Licht mit <strong>Gantt-Diagrammen<\/strong><\/h1> <p   > Mit einem \u00dcberblick \u00fcber Ihr Projekt k\u00f6nnen Sie den Weg von der Konzeption bis zur Lieferung visualisieren. <\/p> <p   > Kostenlos testen<\/p> <a   data-cta-block-type=dual_button_form href=\"https:\/\/productive.io\/de\/demo-buchen\/\" > <p   > Demo buchen<\/p> <\/a> <a   data-cta-block-type=dual_button_form href=\"https:\/\/productive.io\/book-a-demo\/\" > <p   > Demo buchen<\/p> <\/a> <img  src=\"https:\/\/website-assets.productive.io\/uploads\/2025\/05\/GC-Productive-Meilenstein-d.svg\"  alt=\"\" loading=lazy \/> <h2   > <strong>Setzen Sie Meilensteine<\/strong> f\u00fcr Ihre Hauptlieferobjekte <\/h2> <p   > Sie k\u00f6nnen Meilensteine als definierende Ereignisse in Ihrem Projekt festlegen. Dies hilft Ihrem Team, die Struktur des Projekts zu verstehen, und mit einem einfachen Symbol heben sich Meilensteine von anderen Aufgaben ab.<\/p> <h2   > <strong>Malen Sie es schwarz.<\/strong> Oder gelb. Oder gr\u00fcn. <\/h2> <h3   > Nutzen Sie auff\u00e4llige Farben f\u00fcr klare visuelle Hinweise zur Natur jeder Aufgabe. Oder w\u00e4hlen Sie eine zur\u00fcckhaltendere Farbpalette, die besser Ihren Bed\u00fcrfnissen entspricht. <\/h3> <img  src=\"https:\/\/website-assets.productive.io\/uploads\/2025\/05\/GC-Productive-Neu-erstellen-d.svg\"  alt=\"\" loading=lazy \/> <h2   > <strong>Optimiere den Betrieb<\/strong> mit Productive<\/h2> <p   > Wechsle von mehreren Tools und Tabellen zu <br>einer skalierbaren Plattform f\u00fcr professionelle Dienstleistungen.<\/p> <h2   > W\u00e4hlen Sie eine <strong>Ansicht, die am besten zu Ihnen passt<\/strong><\/h2> <h2   > <\/h2> <p   > Gantt-Ansicht<\/p> <p   > Visualisieren Sie Ihr Projekt mit wichtigen Meilensteinen und Lieferobjekten. <\/p> <img  src=\"https:\/\/website-assets.productive.io\/uploads\/2025\/05\/GC-Productive-Gantt-Ansicht-d.svg\"  alt=\"\" loading=lazy \/> <p   > Listenansicht<\/p> <p   > Sehen Sie Ihre Elemente als Liste an.<\/p> <img  src=\"https:\/\/website-assets.productive.io\/uploads\/2025\/05\/GC-Productive-Listenansicht-d.svg\"  alt=\"\" loading=lazy \/> <p   > Tabellenansicht<\/p> <p   > Elemente werden im Tabellenformat angezeigt.<\/p> <img  src=\"https:\/\/website-assets.productive.io\/uploads\/2025\/05\/GC-Productive-Tabellenansicht-d.svg\"  alt=\"\" loading=lazy \/> <p   > Board-Ansicht<\/p> <p   > Verschieben Sie Elemente auf einem Kanban-Board.<\/p> <img  src=\"https:\/\/website-assets.productive.io\/uploads\/2025\/05\/GC-Productive-Board-Ansicht-d.svg\"  alt=\"\" loading=lazy \/> <p   > Kalenderansicht<\/p> <p   > Sehen Sie Ihre geplanten Elemente im Kalender an.<\/p> <img  src=\"https:\/\/website-assets.productive.io\/uploads\/2025\/05\/GC-Productive-Kalenderansicht-d.svg\"  alt=\"\" loading=lazy \/> <p   > Zeitleistenansicht<\/p> <p   > Sehen Sie Ihre geplanten Elemente in einer Zeitleiste.<\/p> <img  src=\"https:\/\/website-assets.productive.io\/uploads\/2025\/05\/GC-Productive-Timeline-Ansicht-d.svg\"  alt=\"\" loading=lazy \/> <img  src=\"#\"  alt=\"\" loading=lazy \/>","protected":false},"excerpt":{"rendered":"","protected":false},"author":26,"featured_media":0,"parent":56815,"menu_order":0,"comment_status":"closed","ping_status":"closed","template":"","meta":{"_acf_changed":false,"es_utils_meta_schema":"","footnotes":""},"job-category":[],"page-category":[],"class_list":["post-56848","page","type-page","status-publish","hentry"],"acf":[],"yoast_head":"<!-- This site is optimized with the Yoast SEO Premium plugin v27.4 (Yoast SEO v27.4) - https:\/\/yoast.com\/product\/yoast-seo-premium-wordpress\/ -->\n<title>Gantt-Diagramme - Productive<\/title>\n<meta name=\"description\" content=\"Visualisieren Sie Ihr Projekt von der Konzeption bis zur Lieferung, setzen Sie Meilensteine und Lieferobjekte mit Gantt-Diagrammen in Productive.\" \/>\n<meta name=\"robots\" content=\"index, follow, max-snippet:-1, max-image-preview:large, max-video-preview:-1\" \/>\n<link rel=\"canonical\" href=\"https:\/\/productive.io\/de\/projektmanagement\/gantt-diagramme\/\" \/>\n<meta property=\"og:locale\" content=\"de_DE\" \/>\n<meta property=\"og:type\" content=\"article\" \/>\n<meta property=\"og:title\" content=\"Gantt-Diagramme\" \/>\n<meta property=\"og:description\" content=\"Visualisieren Sie Ihr Projekt von der Konzeption bis zur Lieferung, setzen Sie Meilensteine und Lieferobjekte mit Gantt-Diagrammen in Productive.\" \/>\n<meta property=\"og:url\" content=\"https:\/\/productive.io\/de\/projektmanagement\/gantt-diagramme\/\" \/>\n<meta property=\"og:site_name\" content=\"Productive\" \/>\n<meta property=\"article:publisher\" content=\"https:\/\/www.facebook.com\/productiveio\/\" \/>\n<meta property=\"article:modified_time\" content=\"2025-05-19T04:19:14+00:00\" \/>\n<meta name=\"twitter:card\" content=\"summary_large_image\" \/>\n<script type=\"application\/ld+json\" class=\"yoast-schema-graph\">{\"@context\":\"https:\\\/\\\/schema.org\",\"@graph\":[{\"@type\":\"WebPage\",\"@id\":\"https:\\\/\\\/productive.io\\\/de\\\/projektmanagement\\\/gantt-diagramme\\\/\",\"url\":\"https:\\\/\\\/productive.io\\\/de\\\/projektmanagement\\\/gantt-diagramme\\\/\",\"name\":\"Gantt-Diagramme - Productive\",\"isPartOf\":{\"@id\":\"https:\\\/\\\/productive.io\\\/de\\\/#website\"},\"datePublished\":\"2023-10-27T09:55:31+00:00\",\"dateModified\":\"2025-05-19T04:19:14+00:00\",\"description\":\"Visualisieren Sie Ihr Projekt von der Konzeption bis zur Lieferung, setzen Sie Meilensteine und Lieferobjekte mit Gantt-Diagrammen in Productive.\",\"breadcrumb\":{\"@id\":\"https:\\\/\\\/productive.io\\\/de\\\/projektmanagement\\\/gantt-diagramme\\\/#breadcrumb\"},\"inLanguage\":\"de-DE\",\"potentialAction\":[{\"@type\":\"ReadAction\",\"target\":[\"https:\\\/\\\/productive.io\\\/de\\\/projektmanagement\\\/gantt-diagramme\\\/\"]}]},{\"@type\":\"BreadcrumbList\",\"@id\":\"https:\\\/\\\/productive.io\\\/de\\\/projektmanagement\\\/gantt-diagramme\\\/#breadcrumb\",\"itemListElement\":[{\"@type\":\"ListItem\",\"position\":1,\"name\":\"Home\",\"item\":\"https:\\\/\\\/productive.io\\\/de\\\/\"},{\"@type\":\"ListItem\",\"position\":2,\"name\":\"Projektmanagement\",\"item\":\"https:\\\/\\\/productive.io\\\/de\\\/projektmanagement\\\/\"},{\"@type\":\"ListItem\",\"position\":3,\"name\":\"Gantt-Diagramme\"}]},{\"@type\":\"WebSite\",\"@id\":\"https:\\\/\\\/productive.io\\\/de\\\/#website\",\"url\":\"https:\\\/\\\/productive.io\\\/de\\\/\",\"name\":\"Productive\",\"description\":\"The Only Tool You Need To Run a Profitable Agency\",\"publisher\":{\"@id\":\"https:\\\/\\\/productive.io\\\/de\\\/#organization\"},\"potentialAction\":[{\"@type\":\"SearchAction\",\"target\":{\"@type\":\"EntryPoint\",\"urlTemplate\":\"https:\\\/\\\/productive.io\\\/de\\\/?s={search_term_string}\"},\"query-input\":{\"@type\":\"PropertyValueSpecification\",\"valueRequired\":true,\"valueName\":\"search_term_string\"}}],\"inLanguage\":\"de-DE\"},{\"@type\":\"Organization\",\"@id\":\"https:\\\/\\\/productive.io\\\/de\\\/#organization\",\"name\":\"Productive\",\"url\":\"https:\\\/\\\/productive.io\\\/de\\\/\",\"logo\":{\"@type\":\"ImageObject\",\"inLanguage\":\"de-DE\",\"@id\":\"https:\\\/\\\/productive.io\\\/de\\\/#\\\/schema\\\/logo\\\/image\\\/\",\"url\":\"https:\\\/\\\/website-assets.productive.io\\\/uploads\\\/2025\\\/09\\\/Productive-logo-for-Yoast-do-not-delete.webp\",\"contentUrl\":\"https:\\\/\\\/website-assets.productive.io\\\/uploads\\\/2025\\\/09\\\/Productive-logo-for-Yoast-do-not-delete.webp\",\"width\":696,\"height\":696,\"caption\":\"Productive\"},\"image\":{\"@id\":\"https:\\\/\\\/productive.io\\\/de\\\/#\\\/schema\\\/logo\\\/image\\\/\"},\"sameAs\":[\"https:\\\/\\\/www.facebook.com\\\/productiveio\\\/\",\"https:\\\/\\\/www.linkedin.com\\\/company\\\/productive-io\\\/\",\"https:\\\/\\\/www.youtube.com\\\/@productive_io\",\"https:\\\/\\\/www.instagram.com\\\/productive.io\\\/\",\"https:\\\/\\\/www.g2.com\\\/products\\\/productive\\\/reviews\",\"https:\\\/\\\/www.capterra.com\\\/p\\\/169710\\\/Productive\\\/\",\"https:\\\/\\\/www.crunchbase.com\\\/organization\\\/productive-io\",\"https:\\\/\\\/www.trustpilot.com\\\/review\\\/www.productive.io\",\"https:\\\/\\\/github.com\\\/productiveio\"],\"description\":\"Productive - Agency Management & PSA - Run resources, projects, budgets, and profitability in one platform built for agencies and professional services.\",\"email\":\"contact@productive.io\",\"legalName\":\"The Productive Company Inc.\",\"foundingDate\":\"2014-01-01\",\"numberOfEmployees\":{\"@type\":\"QuantitativeValue\",\"minValue\":\"51\",\"maxValue\":\"200\"}}]}<\/script>\n<!-- \/ Yoast SEO Premium plugin. -->","yoast_head_json":{"title":"Gantt-Diagramme - Productive","description":"Visualisieren Sie Ihr Projekt von der Konzeption bis zur Lieferung, setzen Sie Meilensteine und Lieferobjekte mit Gantt-Diagrammen in Productive.","robots":{"index":"index","follow":"follow","max-snippet":"max-snippet:-1","max-image-preview":"max-image-preview:large","max-video-preview":"max-video-preview:-1"},"canonical":"https:\/\/productive.io\/de\/projektmanagement\/gantt-diagramme\/","og_locale":"de_DE","og_type":"article","og_title":"Gantt-Diagramme","og_description":"Visualisieren Sie Ihr Projekt von der Konzeption bis zur Lieferung, setzen Sie Meilensteine und Lieferobjekte mit Gantt-Diagrammen in Productive.","og_url":"https:\/\/productive.io\/de\/projektmanagement\/gantt-diagramme\/","og_site_name":"Productive","article_publisher":"https:\/\/www.facebook.com\/productiveio\/","article_modified_time":"2025-05-19T04:19:14+00:00","twitter_card":"summary_large_image","schema":{"@context":"https:\/\/schema.org","@graph":[{"@type":"WebPage","@id":"https:\/\/productive.io\/de\/projektmanagement\/gantt-diagramme\/","url":"https:\/\/productive.io\/de\/projektmanagement\/gantt-diagramme\/","name":"Gantt-Diagramme - Productive","isPartOf":{"@id":"https:\/\/productive.io\/de\/#website"},"datePublished":"2023-10-27T09:55:31+00:00","dateModified":"2025-05-19T04:19:14+00:00","description":"Visualisieren Sie Ihr Projekt von der Konzeption bis zur Lieferung, setzen Sie Meilensteine und Lieferobjekte mit Gantt-Diagrammen in Productive.","breadcrumb":{"@id":"https:\/\/productive.io\/de\/projektmanagement\/gantt-diagramme\/#breadcrumb"},"inLanguage":"de-DE","potentialAction":[{"@type":"ReadAction","target":["https:\/\/productive.io\/de\/projektmanagement\/gantt-diagramme\/"]}]},{"@type":"BreadcrumbList","@id":"https:\/\/productive.io\/de\/projektmanagement\/gantt-diagramme\/#breadcrumb","itemListElement":[{"@type":"ListItem","position":1,"name":"Home","item":"https:\/\/productive.io\/de\/"},{"@type":"ListItem","position":2,"name":"Projektmanagement","item":"https:\/\/productive.io\/de\/projektmanagement\/"},{"@type":"ListItem","position":3,"name":"Gantt-Diagramme"}]},{"@type":"WebSite","@id":"https:\/\/productive.io\/de\/#website","url":"https:\/\/productive.io\/de\/","name":"Productive","description":"The Only Tool You Need To Run a Profitable Agency","publisher":{"@id":"https:\/\/productive.io\/de\/#organization"},"potentialAction":[{"@type":"SearchAction","target":{"@type":"EntryPoint","urlTemplate":"https:\/\/productive.io\/de\/?s={search_term_string}"},"query-input":{"@type":"PropertyValueSpecification","valueRequired":true,"valueName":"search_term_string"}}],"inLanguage":"de-DE"},{"@type":"Organization","@id":"https:\/\/productive.io\/de\/#organization","name":"Productive","url":"https:\/\/productive.io\/de\/","logo":{"@type":"ImageObject","inLanguage":"de-DE","@id":"https:\/\/productive.io\/de\/#\/schema\/logo\/image\/","url":"https:\/\/website-assets.productive.io\/uploads\/2025\/09\/Productive-logo-for-Yoast-do-not-delete.webp","contentUrl":"https:\/\/website-assets.productive.io\/uploads\/2025\/09\/Productive-logo-for-Yoast-do-not-delete.webp","width":696,"height":696,"caption":"Productive"},"image":{"@id":"https:\/\/productive.io\/de\/#\/schema\/logo\/image\/"},"sameAs":["https:\/\/www.facebook.com\/productiveio\/","https:\/\/www.linkedin.com\/company\/productive-io\/","https:\/\/www.youtube.com\/@productive_io","https:\/\/www.instagram.com\/productive.io\/","https:\/\/www.g2.com\/products\/productive\/reviews","https:\/\/www.capterra.com\/p\/169710\/Productive\/","https:\/\/www.crunchbase.com\/organization\/productive-io","https:\/\/www.trustpilot.com\/review\/www.productive.io","https:\/\/github.com\/productiveio"],"description":"Productive - Agency Management & PSA - Run resources, projects, budgets, and profitability in one platform built for agencies and professional services.","email":"contact@productive.io","legalName":"The Productive Company Inc.","foundingDate":"2014-01-01","numberOfEmployees":{"@type":"QuantitativeValue","minValue":"51","maxValue":"200"}}]}},"_links":{"self":[{"href":"https:\/\/productive.io\/de\/wp-json\/wp\/v2\/pages\/56848","targetHints":{"allow":["GET"]}}],"collection":[{"href":"https:\/\/productive.io\/de\/wp-json\/wp\/v2\/pages"}],"about":[{"href":"https:\/\/productive.io\/de\/wp-json\/wp\/v2\/types\/page"}],"author":[{"embeddable":true,"href":"https:\/\/productive.io\/de\/wp-json\/wp\/v2\/users\/26"}],"replies":[{"embeddable":true,"href":"https:\/\/productive.io\/de\/wp-json\/wp\/v2\/comments?post=56848"}],"version-history":[{"count":6,"href":"https:\/\/productive.io\/de\/wp-json\/wp\/v2\/pages\/56848\/revisions"}],"predecessor-version":[{"id":59383,"href":"https:\/\/productive.io\/de\/wp-json\/wp\/v2\/pages\/56848\/revisions\/59383"}],"up":[{"embeddable":true,"href":"https:\/\/productive.io\/de\/wp-json\/wp\/v2\/pages\/56815"}],"wp:attachment":[{"href":"https:\/\/productive.io\/de\/wp-json\/wp\/v2\/media?parent=56848"}],"wp:term":[{"taxonomy":"job-category","embeddable":true,"href":"https:\/\/productive.io\/de\/wp-json\/wp\/v2\/job-category?post=56848"},{"taxonomy":"page-category","embeddable":true,"href":"https:\/\/productive.io\/de\/wp-json\/wp\/v2\/page-category?post=56848"}],"curies":[{"name":"wp","href":"https:\/\/api.w.org\/{rel}","templated":true}]}}