{"id":56840,"date":"2024-04-05T08:40:03","date_gmt":"2024-04-05T08:40:03","guid":{"rendered":"https:\/\/productive.io\/?page_id=56840"},"modified":"2025-05-19T04:19:17","modified_gmt":"2025-05-19T04:19:17","slug":"ressourcenplanung","status":"publish","type":"page","link":"https:\/\/productive.io\/de\/ressourcenplanung\/","title":{"rendered":"Ressourcenplanung"},"content":{"rendered":"<h3   > <strong>RESSOURCENPLANUNG<\/strong><\/h3> <h1   > <strong>Verteile Arbeiten <\/strong>intelligenter und halte deine Projekte auf Kurs<\/h1> <p   > Verbessere deine Ressourcenplanung. Erhalte Einblicke in die Finanzprognosen. Ber\u00fccksichtige Projektarbeit und freie Tage bei deiner Kapazit\u00e4tsplanung.<\/p> <p   > Kostenlos testen<\/p> <a   data-cta-block-type=dual_button_form href=\"https:\/\/productive.io\/de\/demo-buchen\/\" > <p   > Demo buchen<\/p> <\/a> <a   data-cta-block-type=dual_button_form href=\"https:\/\/productive.io\/de\/demo-buchen\/\" > <p   > Demo buchen<\/p> <\/a> <img  src=\"https:\/\/website-assets.productive.io\/uploads\/2025\/05\/RP-Productive-Ressourcenplanung-d.svg\"  alt=\"\" loading=lazy \/> <h2   > Wer ist <strong>ausgelastet<\/strong> und wer braucht <strong>mehr Arbeit?<\/strong><\/h2> <h3   > Balanciere die Arbeitslast deines Teams m\u00fchelos. Sieh, wer gebucht ist und wer mehr Arbeit \u00fcbernehmen kann. \u00dcberpr\u00fcfe schnell, wer im Urlaub oder krank ist.<\/h3> <p   > Orion Jensen<br>CEO, Clear Launch<\/p> <p   > Unser Projektmanagement-Team betrachtet alle Projekte, balanciert alle Ressourcen aus und pr\u00fcft, ob es L\u00fccken gibt oder wir um dieselben Ressourcen k\u00e4mpfen.<\/p> <p   > Kostenlos testen<\/p> <img  src=\"https:\/\/website-assets.productive.io\/uploads\/2025\/05\/RP-Productive-Design-Teamplanung-d.svg\"  alt=\"\" loading=lazy \/> <img  src=\"https:\/\/website-assets.productive.io\/uploads\/2025\/05\/RP-Productive-Ressourcen-gruppieren-d.svg\"  alt=\"\" loading=lazy \/> <h2   > <strong>Gruppiere Ressourcen<\/strong> nach F\u00e4higkeiten, Teams, Abteilungen\u2026<\/h2> <p   > Nutze benutzerdefinierte Felder, um Ressourcen nach Team, F\u00e4higkeiten, Erfahrung und mehr zu gliedern. Filtere Ansichten nach Projekt, Kunde oder anderen Parametern, um hohe Planung zu vereinfachen.<\/p> <img  src=\"https:\/\/website-assets.productive.io\/uploads\/2025\/05\/RP-Productive-kunftige-Aufgaben-buchen-d.svg\"  alt=\"\" loading=lazy \/> <h2   > <strong>Buch anstehende Arbeiten <\/strong>mit <strong> <\/strong>Platzhaltern<\/h2> <p   > Verwende Platzhalter, um Szenarien f\u00fcr die Anstellung zus\u00e4tzlichen Personals oder freier Mitarbeit zu erstellen. Erhalte einen besseren \u00dcberblick \u00fcber kommende Kosten.<\/p> <img  src=\"https:\/\/website-assets.productive.io\/uploads\/2025\/05\/RP-Productive-Teammitglieder-einplanen-d.svg\"  alt=\"\" loading=lazy \/> <h2   > <strong>Plane Teammitglieder <\/strong>f\u00fcr einfachere Zeiterfassung ein<\/h2> <p   > Buche Zeit im Voraus, um Teammitgliedern die Aufgabe der Zeiterfassung zu ersparen. Vorschl\u00e4ge aus der Ressourcenplanung werden dann als Pop-Up angezeigt und gestalten das Ausf\u00fcllen von Zeiterfassungsb\u00f6gen schneller als je zuvor.<\/p> <img  src=\"https:\/\/website-assets.productive.io\/uploads\/2025\/05\/RP-Productive-vorlaufige-Buchungen-d.svg\"  alt=\"\" loading=lazy \/> <h2   > Plane zuerst, best\u00e4tige sp\u00e4ter mit <strong>vorl\u00e4ufigen Buchungen<\/strong> <\/h2> <p   > Plane voraus mit vorl\u00e4ufigen Buchungen, indem du einen groben Ressourcenplan f\u00fcr neue Projekte oder aktive Projekte erstellst.<\/p> <img  src=\"https:\/\/website-assets.productive.io\/uploads\/2025\/05\/RP-Productive-vorlaufige-Buchungen-d.svg\"  alt=\"\" loading=lazy \/> <h2   > Plane zuerst, best\u00e4tige sp\u00e4ter mit <strong>vorl\u00e4ufigen Buchungen<\/strong> <\/h2> <p   > Plane voraus mit vorl\u00e4ufigen Buchungen, indem du einen groben Ressourcenplan f\u00fcr neue Projekte oder aktive Projekte erstellst.<\/p> <img  src=\"https:\/\/website-assets.productive.io\/uploads\/2025\/05\/RP-Productive-kunftige-Aufgaben-buchen-d.svg\"  alt=\"\" loading=lazy \/> <h2   > <strong>Buch anstehende Arbeiten <\/strong>mit <strong> <\/strong>Platzhaltern<\/h2> <p   > Verwende Platzhalter, um Szenarien f\u00fcr die Anstellung zus\u00e4tzlichen Personals oder freier Mitarbeit zu erstellen. Erhalte einen besseren \u00dcberblick \u00fcber kommende Kosten.<\/p> <img  src=\"https:\/\/website-assets.productive.io\/uploads\/2025\/05\/RP-Productive-Teammitglieder-einplanen-d.svg\"  alt=\"\" loading=lazy \/> <h2   > <strong>Plane Teammitglieder <\/strong>f\u00fcr einfachere Zeiterfassung ein<\/h2> <p   > Buche Zeit im Voraus, um Teammitgliedern die Aufgabe der Zeiterfassung zu ersparen. Vorschl\u00e4ge aus der Ressourcenplanung werden dann als Pop-Up angezeigt und gestalten das Ausf\u00fcllen von Zeiterfassungsb\u00f6gen schneller als je zuvor.<\/p> <h2   > Erreiche <strong>operativen Exzellenz<\/strong><\/h2><p   > Plane deine Ressourcen intelligenter mit einer skalierbaren Plattform f\u00fcr professionelle Dienstleistungen.<\/p> <p   > Kostenlos testen<\/p> <a   href=\"https:\/\/productive.io\/de\/demo-buchen\/\" > <p   > Demo buchen <\/p> <\/a> <h2   > <strong>Kein Bedarf <\/strong>f\u00fcr ein HR-Tool zur <strong>Verwaltung von Freizeit<\/strong><\/h2> <h2   > <strong>Urlaubsantr\u00e4ge genehmigen<\/strong><\/h2><p   > Wenn ein Teammitglied Urlaub beantragt, muss der Verantwortliche ihn in Productive genehmigen.<\/p> <h2   > <strong>Freizeit synchronisiert sich automatisch <\/strong><strong>mit der Ressourcenplanung<\/strong><\/h2><p   > Sobald ein Urlaubsantrag genehmigt wird, kannst du einen Filter verwenden, um zu sehen, welche Teammitglieder freihaben.<\/p> <h2   > <strong>Doppelte Arbeit vermeiden \u2014 Verbinde mit deinem aktuellen HR-Management<\/strong> <strong>Tool<\/strong><\/h2><p   > Wenn du bereits eine HR-Software nutzt, erstelle eine Integration, um Zeit zu sparen. Erfahre mehr \u00fcber <a href=\"https:\/\/productive.io\/de\/?page_id=56816\">Productive Integrationen<\/a>.<\/p> <img  src=\"https:\/\/website-assets.productive.io\/uploads\/2025\/05\/RP-Productive-Zeit-frei-nehmen-d.svg\"  alt=\"\" loading=lazy \/> <h2   > Kapazit\u00e4tsplanung <strong>verbunden mit Freizeit <\/strong>in derselben Plattform<\/h2> <img  src=\"https:\/\/website-assets.productive.io\/uploads\/2025\/05\/RP-Productive-Urlaub-genehmigen-d.svg\"  alt=\"\" loading=lazy \/> <h2   > <strong>Urlaubsantr\u00e4ge genehmigen<\/strong><\/h2> <h2   > Wenn ein Teammitglied Urlaub beantragt, muss der Manager dies in Productive genehmigen.<\/h2> <img  src=\"https:\/\/website-assets.productive.io\/uploads\/2025\/05\/RP-Productive-Zeit-frei-nehmen-d.svg\"  alt=\"\" loading=lazy \/> <h2   > Freizeit synchronisiert sich automatisch <strong>mit der Ressourcenplanung<\/strong><\/h2> <h2   > Sieh sowohl Projekt- als auch Urlaubsbuchungen in derselben Ansicht. Vermeide Buchungskonflikte, indem du verstehst, wer verf\u00fcgbar ist, um Projektarbeit zu \u00fcbernehmen.<\/h2> <img  src=\"https:\/\/productive.io\/wp-content\/uploads\/2021\/12\/brendonS.png\"  alt=\"\" loading=lazy \/> <p   > <strong>BRENDON NICHOLAS<\/strong><br>MITBEGR\u00dcNDER UND TECHNISCHER DIREKTOR, <br>DOTDEV<\/p> <p   > Eine Plattform, die alle Geh\u00e4lter, Betriebskosten ber\u00fccksichtigt und diese in Projektbudgets einflie\u00dft, bietet uns eine viel genauere und realistischere Sicht auf die Rentabilit\u00e4t spezifischer Projekte.<\/p> <img  src=\"https:\/\/productive.io\/wp-content\/uploads\/2021\/12\/nika-serdonerS.png\"  alt=\"\" loading=lazy \/> <p   > NIKA SERDONER<br>PROJEKTMANAGER<br>ENKI<\/p> <p   > Aus einer Managementperspektive besteht der Hauptvorteil des Tools darin, die Rentabilit\u00e4t in Echtzeit zu sehen. Sie ist da. Wir m\u00fcssen sie nicht berechnen oder Finanzberichte von unserem Buchhalter einholen.<\/p> <p   > <\/p> <p   > <\/p><a   href=\"#\" > <p   > <\/p> <\/a> <img  src=\"https:\/\/productive.io\/wp-content\/uploads\/2021\/08\/Brendon-Nicholas-Co-founder-and-Technical-Director-Dotdev.png\"  alt=\"\" loading=lazy \/> <p   > <strong>BRENDON NICHOLAS<\/strong><br>MITBEGR\u00dcNDER UND TECHNISCHER DIREKTOR, <br>DOTDEV<\/p> <p   > Eine Plattform, die alle Geh\u00e4lter, Betriebskosten ber\u00fccksichtigt und diese in Projektbudgets einflie\u00dft, bietet uns eine viel genauere und realistischere Sicht auf die Rentabilit\u00e4t spezifischer Projekte.<\/p> <img  src=\"https:\/\/productive.io\/wp-content\/uploads\/2021\/08\/Nika_Serdoner-Project-Manager-at-ENKI.png\"  alt=\"\" loading=lazy \/> <p   > NIKA SERDONER<br>PROJEKTMANAGER<br>ENKI<\/p> <p   > Aus einer Managementperspektive besteht der Hauptvorteil des Tools darin, die Rentabilit\u00e4t in Echtzeit zu sehen. Sie ist da. Wir m\u00fcssen sie nicht berechnen oder Finanzberichte von unserem Buchhalter einholen.<\/p> <p   > <\/p> <h2   > <strong>Prognosen<\/strong> und <strong>Berichte<\/strong><\/h2> <img  src=\"https:\/\/website-assets.productive.io\/uploads\/2024\/04\/productive-forecast-utilization.svg\"  alt=\"\" loading=lazy \/> <h2   > Prognostiziere <strong>Nutzung, Budget<br>\u00dcberschreitungen <\/strong>und<strong> Gewinn<\/strong><\/h2> <p   > Sei der Konkurrenz voraus, indem du in Echtzeit prognostizierst. Budget\u00fcberschreitungen oder niedrige Gewinnmargen sind leicht zu erkennen.<\/p> <img  src=\"https:\/\/website-assets.productive.io\/uploads\/2024\/11\/productive-forecast-utilization-5.svg\"  alt=\"\" loading=lazy \/> <h2   > Vergleiche <strong>Pl\u00e4ne mit der Realit\u00e4t<\/strong><\/h2> <p   > Gewinne Einsicht in deine erwarteten versus realisierten finanziellen oder Nutzungsresultate.<\/p> <h3   > Doppelte Arbeit vermeiden \u2014 <strong>verbinde mit deinem aktuellen HR-Management-Tool<\/strong><\/h3> <p   > Wenn du schon HR-Software nutzt, erstelle eine Integration, um Zeit zu sparen. Erfahre mehr \u00fcber Productive Integrationen.<\/p> <a   href=\"https:\/\/productive.io\/de\/integrationen\/\" > <p   > Integrationen anzeigen<\/p> <\/a> <img  src=\"https:\/\/website-assets.productive.io\/uploads\/2024\/06\/Productive-HR-Integartions.svg\"  alt=\"\" loading=lazy \/> <h2   > <strong>Erreiche operative Exzellenz <\/strong>mit Productive<\/h2> <p   > Kostenlos testen<\/p> <a   data-cta-conversion-type=book_a_demo href=\"https:\/\/productive.io\/de\/demo-buchen\/\" > <p   > Demo buchen<\/p> <\/a> <img  src=\"https:\/\/website-assets.productive.io\/uploads\/2025\/01\/new-desktop-team-resource-planning-1.png\"  alt=\"\" loading=lazy \/>","protected":false},"excerpt":{"rendered":"","protected":false},"author":28,"featured_media":0,"parent":0,"menu_order":0,"comment_status":"closed","ping_status":"closed","template":"","meta":{"_acf_changed":false,"es_utils_meta_schema":"","footnotes":""},"job-category":[],"page-category":[],"class_list":["post-56840","page","type-page","status-publish","hentry"],"acf":[],"yoast_head":"<!-- This site is optimized with the Yoast SEO Premium plugin v27.2 (Yoast SEO v27.2) - https:\/\/yoast.com\/product\/yoast-seo-premium-wordpress\/ -->\n<title>Planungstool f\u00fcr professionelle Dienstleistungen | Productive<\/title>\n<meta name=\"description\" content=\"Balance die Arbeitslast und zugewiesenen Aufgaben deines Teams. Erstelle pr\u00e4zise Zeitpl\u00e4ne f\u00fcr eine optimale Auslastung und einfacher Zeiterfassung. Probiere es jetzt kostenlos aus!\" \/>\n<meta name=\"robots\" content=\"index, follow, max-snippet:-1, max-image-preview:large, max-video-preview:-1\" \/>\n<link rel=\"canonical\" href=\"https:\/\/productive.io\/de\/ressourcenplanung\/\" \/>\n<meta property=\"og:locale\" content=\"de_DE\" \/>\n<meta property=\"og:type\" content=\"article\" \/>\n<meta property=\"og:title\" content=\"Ressourcenplanung\" \/>\n<meta property=\"og:description\" content=\"Balance die Arbeitslast und zugewiesenen Aufgaben deines Teams. Erstelle pr\u00e4zise Zeitpl\u00e4ne f\u00fcr eine optimale Auslastung und einfacher Zeiterfassung. Probiere es jetzt kostenlos aus!\" \/>\n<meta property=\"og:url\" content=\"https:\/\/productive.io\/de\/ressourcenplanung\/\" \/>\n<meta property=\"og:site_name\" content=\"Productive\" \/>\n<meta property=\"article:publisher\" content=\"https:\/\/www.facebook.com\/productiveio\/\" \/>\n<meta property=\"article:modified_time\" content=\"2025-05-19T04:19:17+00:00\" \/>\n<meta name=\"twitter:card\" content=\"summary_large_image\" \/>\n<script type=\"application\/ld+json\" class=\"yoast-schema-graph\">{\"@context\":\"https:\/\/schema.org\",\"@graph\":[{\"@type\":\"WebPage\",\"@id\":\"https:\/\/productive.io\/de\/ressourcenplanung\/\",\"url\":\"https:\/\/productive.io\/de\/ressourcenplanung\/\",\"name\":\"Planungstool f\u00fcr professionelle Dienstleistungen | Productive\",\"isPartOf\":{\"@id\":\"https:\/\/productive.io\/de\/#website\"},\"datePublished\":\"2024-04-05T08:40:03+00:00\",\"dateModified\":\"2025-05-19T04:19:17+00:00\",\"description\":\"Balance die Arbeitslast und zugewiesenen Aufgaben deines Teams. Erstelle pr\u00e4zise Zeitpl\u00e4ne f\u00fcr eine optimale Auslastung und einfacher Zeiterfassung. Probiere es jetzt kostenlos aus!\",\"breadcrumb\":{\"@id\":\"https:\/\/productive.io\/de\/ressourcenplanung\/#breadcrumb\"},\"inLanguage\":\"de-DE\",\"potentialAction\":[{\"@type\":\"ReadAction\",\"target\":[\"https:\/\/productive.io\/de\/ressourcenplanung\/\"]}]},{\"@type\":\"BreadcrumbList\",\"@id\":\"https:\/\/productive.io\/de\/ressourcenplanung\/#breadcrumb\",\"itemListElement\":[{\"@type\":\"ListItem\",\"position\":1,\"name\":\"Home\",\"item\":\"https:\/\/productive.io\/de\/\"},{\"@type\":\"ListItem\",\"position\":2,\"name\":\"Ressourcenplanung\"}]},{\"@type\":\"WebSite\",\"@id\":\"https:\/\/productive.io\/de\/#website\",\"url\":\"https:\/\/productive.io\/de\/\",\"name\":\"Productive\",\"description\":\"The Only Tool You Need To Run a Profitable Agency\",\"publisher\":{\"@id\":\"https:\/\/productive.io\/de\/#organization\"},\"potentialAction\":[{\"@type\":\"SearchAction\",\"target\":{\"@type\":\"EntryPoint\",\"urlTemplate\":\"https:\/\/productive.io\/de\/?s={search_term_string}\"},\"query-input\":{\"@type\":\"PropertyValueSpecification\",\"valueRequired\":true,\"valueName\":\"search_term_string\"}}],\"inLanguage\":\"de-DE\"},{\"@type\":\"Organization\",\"@id\":\"https:\/\/productive.io\/de\/#organization\",\"name\":\"Productive\",\"url\":\"https:\/\/productive.io\/de\/\",\"logo\":{\"@type\":\"ImageObject\",\"inLanguage\":\"de-DE\",\"@id\":\"https:\/\/productive.io\/de\/#\/schema\/logo\/image\/\",\"url\":\"https:\/\/website-assets.productive.io\/uploads\/2025\/09\/Productive-logo-for-Yoast-do-not-delete.webp\",\"contentUrl\":\"https:\/\/website-assets.productive.io\/uploads\/2025\/09\/Productive-logo-for-Yoast-do-not-delete.webp\",\"width\":696,\"height\":696,\"caption\":\"Productive\"},\"image\":{\"@id\":\"https:\/\/productive.io\/de\/#\/schema\/logo\/image\/\"},\"sameAs\":[\"https:\/\/www.facebook.com\/productiveio\/\",\"https:\/\/www.linkedin.com\/company\/productive-io\/\",\"https:\/\/www.youtube.com\/@productive_io\",\"https:\/\/www.instagram.com\/productive.io\/\",\"https:\/\/www.g2.com\/products\/productive\/reviews\",\"https:\/\/www.capterra.com\/p\/169710\/Productive\/\",\"https:\/\/www.crunchbase.com\/organization\/productive-io\",\"https:\/\/www.trustpilot.com\/review\/www.productive.io\",\"https:\/\/github.com\/productiveio\"],\"description\":\"Productive - Agency Management & PSA - Run resources, projects, budgets, and profitability in one platform built for agencies and professional services.\",\"email\":\"contact@productive.io\",\"legalName\":\"The Productive Company Inc.\",\"foundingDate\":\"2014-01-01\",\"numberOfEmployees\":{\"@type\":\"QuantitativeValue\",\"minValue\":\"51\",\"maxValue\":\"200\"}}]}<\/script>\n<!-- \/ Yoast SEO Premium plugin. -->","yoast_head_json":{"title":"Planungstool f\u00fcr professionelle Dienstleistungen | Productive","description":"Balance die Arbeitslast und zugewiesenen Aufgaben deines Teams. Erstelle pr\u00e4zise Zeitpl\u00e4ne f\u00fcr eine optimale Auslastung und einfacher Zeiterfassung. Probiere es jetzt kostenlos aus!","robots":{"index":"index","follow":"follow","max-snippet":"max-snippet:-1","max-image-preview":"max-image-preview:large","max-video-preview":"max-video-preview:-1"},"canonical":"https:\/\/productive.io\/de\/ressourcenplanung\/","og_locale":"de_DE","og_type":"article","og_title":"Ressourcenplanung","og_description":"Balance die Arbeitslast und zugewiesenen Aufgaben deines Teams. Erstelle pr\u00e4zise Zeitpl\u00e4ne f\u00fcr eine optimale Auslastung und einfacher Zeiterfassung. Probiere es jetzt kostenlos aus!","og_url":"https:\/\/productive.io\/de\/ressourcenplanung\/","og_site_name":"Productive","article_publisher":"https:\/\/www.facebook.com\/productiveio\/","article_modified_time":"2025-05-19T04:19:17+00:00","twitter_card":"summary_large_image","schema":{"@context":"https:\/\/schema.org","@graph":[{"@type":"WebPage","@id":"https:\/\/productive.io\/de\/ressourcenplanung\/","url":"https:\/\/productive.io\/de\/ressourcenplanung\/","name":"Planungstool f\u00fcr professionelle Dienstleistungen | Productive","isPartOf":{"@id":"https:\/\/productive.io\/de\/#website"},"datePublished":"2024-04-05T08:40:03+00:00","dateModified":"2025-05-19T04:19:17+00:00","description":"Balance die Arbeitslast und zugewiesenen Aufgaben deines Teams. Erstelle pr\u00e4zise Zeitpl\u00e4ne f\u00fcr eine optimale Auslastung und einfacher Zeiterfassung. Probiere es jetzt kostenlos aus!","breadcrumb":{"@id":"https:\/\/productive.io\/de\/ressourcenplanung\/#breadcrumb"},"inLanguage":"de-DE","potentialAction":[{"@type":"ReadAction","target":["https:\/\/productive.io\/de\/ressourcenplanung\/"]}]},{"@type":"BreadcrumbList","@id":"https:\/\/productive.io\/de\/ressourcenplanung\/#breadcrumb","itemListElement":[{"@type":"ListItem","position":1,"name":"Home","item":"https:\/\/productive.io\/de\/"},{"@type":"ListItem","position":2,"name":"Ressourcenplanung"}]},{"@type":"WebSite","@id":"https:\/\/productive.io\/de\/#website","url":"https:\/\/productive.io\/de\/","name":"Productive","description":"The Only Tool You Need To Run a Profitable Agency","publisher":{"@id":"https:\/\/productive.io\/de\/#organization"},"potentialAction":[{"@type":"SearchAction","target":{"@type":"EntryPoint","urlTemplate":"https:\/\/productive.io\/de\/?s={search_term_string}"},"query-input":{"@type":"PropertyValueSpecification","valueRequired":true,"valueName":"search_term_string"}}],"inLanguage":"de-DE"},{"@type":"Organization","@id":"https:\/\/productive.io\/de\/#organization","name":"Productive","url":"https:\/\/productive.io\/de\/","logo":{"@type":"ImageObject","inLanguage":"de-DE","@id":"https:\/\/productive.io\/de\/#\/schema\/logo\/image\/","url":"https:\/\/website-assets.productive.io\/uploads\/2025\/09\/Productive-logo-for-Yoast-do-not-delete.webp","contentUrl":"https:\/\/website-assets.productive.io\/uploads\/2025\/09\/Productive-logo-for-Yoast-do-not-delete.webp","width":696,"height":696,"caption":"Productive"},"image":{"@id":"https:\/\/productive.io\/de\/#\/schema\/logo\/image\/"},"sameAs":["https:\/\/www.facebook.com\/productiveio\/","https:\/\/www.linkedin.com\/company\/productive-io\/","https:\/\/www.youtube.com\/@productive_io","https:\/\/www.instagram.com\/productive.io\/","https:\/\/www.g2.com\/products\/productive\/reviews","https:\/\/www.capterra.com\/p\/169710\/Productive\/","https:\/\/www.crunchbase.com\/organization\/productive-io","https:\/\/www.trustpilot.com\/review\/www.productive.io","https:\/\/github.com\/productiveio"],"description":"Productive - Agency Management & PSA - Run resources, projects, budgets, and profitability in one platform built for agencies and professional services.","email":"contact@productive.io","legalName":"The Productive Company Inc.","foundingDate":"2014-01-01","numberOfEmployees":{"@type":"QuantitativeValue","minValue":"51","maxValue":"200"}}]}},"_links":{"self":[{"href":"https:\/\/productive.io\/de\/wp-json\/wp\/v2\/pages\/56840","targetHints":{"allow":["GET"]}}],"collection":[{"href":"https:\/\/productive.io\/de\/wp-json\/wp\/v2\/pages"}],"about":[{"href":"https:\/\/productive.io\/de\/wp-json\/wp\/v2\/types\/page"}],"author":[{"embeddable":true,"href":"https:\/\/productive.io\/de\/wp-json\/wp\/v2\/users\/28"}],"replies":[{"embeddable":true,"href":"https:\/\/productive.io\/de\/wp-json\/wp\/v2\/comments?post=56840"}],"version-history":[{"count":10,"href":"https:\/\/productive.io\/de\/wp-json\/wp\/v2\/pages\/56840\/revisions"}],"predecessor-version":[{"id":59378,"href":"https:\/\/productive.io\/de\/wp-json\/wp\/v2\/pages\/56840\/revisions\/59378"}],"wp:attachment":[{"href":"https:\/\/productive.io\/de\/wp-json\/wp\/v2\/media?parent=56840"}],"wp:term":[{"taxonomy":"job-category","embeddable":true,"href":"https:\/\/productive.io\/de\/wp-json\/wp\/v2\/job-category?post=56840"},{"taxonomy":"page-category","embeddable":true,"href":"https:\/\/productive.io\/de\/wp-json\/wp\/v2\/page-category?post=56840"}],"curies":[{"name":"wp","href":"https:\/\/api.w.org\/{rel}","templated":true}]}}