{"id":56839,"date":"2023-03-30T13:23:47","date_gmt":"2023-03-30T13:23:47","guid":{"rendered":"https:\/\/productive.io\/?page_id=56839"},"modified":"2025-05-19T04:16:47","modified_gmt":"2025-05-19T04:16:47","slug":"dokumente","status":"publish","type":"page","link":"https:\/\/productive.io\/de\/dokumente\/","title":{"rendered":"Erstellen und Zusammenarbeiten mit Dokumenten"},"content":{"rendered":"<h2   > <strong>ZUSAMMENARBEIT<\/strong><\/h2> <h1   > Erstellen Sie <strong>KI-gesteuerte Dokumente<\/strong> und arbeiten Sie zusammen<\/h1> <p   > Dokumente k\u00f6nnen auf die Bed\u00fcrfnisse jedes Unternehmens angepasst werden. Halten Sie Ihre Dokumente organisiert und zug\u00e4nglich, und erleichtern Sie die Zusammenarbeit.<\/p> <p   > Kostenlos testen<\/p> <a   data-cta-block-type=dual_button_form href=\"https:\/\/productive.io\/de\/demo-buchen\/\" > <p   > Demo buchen<\/p> <\/a> <a   data-cta-block-type=dual_button_form href=\"https:\/\/productive.io\/de\/demo-buchen\/\" > <p   > Demo buchen<\/p> <\/a> <img  src=\"https:\/\/website-assets.productive.io\/uploads\/2025\/05\/Docs-Productive-Dokumente-Hauptmotiv-d.svg\"  alt=\"\" loading=lazy \/> <h2   > Was Wirst Du Als N\u00e4chstes <br><strong>Erstellen?<\/strong><\/h2> <p   > Frage die KI, es zu schreiben<\/p> <p   > Ben\u00f6tigen Sie schnell einen Texter? Verbessere Texte, erstelle Zusammenfassungen oder erhalte Aktionspunkte im Handumdrehen <a href=\"https:\/\/productive.io\/de\/?page_id=56779\">mit der Kraft von KI.<\/a><\/p> <img  src=\"https:\/\/website-assets.productive.io\/uploads\/2025\/05\/Docs-Productive-KI-d.svg\"  alt=\"\" loading=lazy \/> <p   > Projektspezifikation<\/p> <p   > Definiere den Plan des Projekts und mache ihn schnell zug\u00e4nglich f\u00fcr alle.<\/p> <img  src=\"https:\/\/website-assets.productive.io\/uploads\/2025\/05\/Docs-Productive-Projektspezifikation-d.svg\"  alt=\"\" loading=lazy \/> <p   > Unternehmenshandbuch<\/p> <p   > Erstelle eine Wissensdatenbank f\u00fcr eine bestimmte Art von Arbeit, ein Team oder das gesamte Unternehmen.<\/p> <img  src=\"https:\/\/website-assets.productive.io\/uploads\/2025\/05\/Docs-Productive-Handbuch-d.svg\"  alt=\"\" loading=lazy \/> <p   > Mit Kunden Arbeiten<\/p> <p   > Lade deine Kunden zu einem speziell f\u00fcr sie erstellten Raum zur Zusammenarbeit ein.<\/p> <img  src=\"https:\/\/website-assets.productive.io\/uploads\/2025\/05\/Docs-Productive-Kundenportal-d.svg\"  alt=\"\" loading=lazy \/> <p   > <strong>Besprechungsprotokolle<\/strong><\/p> <p   > Verkn\u00fcpfe, was gesagt wurde, mit dem, was zu tun ist.<\/p> <img  src=\"https:\/\/website-assets.productive.io\/uploads\/2025\/05\/Docs-Productive-Besprechungsnotizen-d.svg\"  alt=\"\" loading=lazy \/> <p   > <strong>Entw\u00fcrfe, Briefings und Notizen<\/strong><\/p> <p   > Schreiben Sie alles auf, vom n\u00e4chsten gro\u00dfen Pitch bis zur schnellen Brainstorming-Sitzung.<\/p> <img  src=\"https:\/\/website-assets.productive.io\/uploads\/2025\/05\/Docs-Productive-Entwurfe-Briefings-Notizen-d.svg\"  alt=\"\" loading=lazy \/> <img  src=\"#\"  alt=\"\" loading=lazy \/> <img  src=\"https:\/\/website-assets.productive.io\/uploads\/2025\/05\/Docs-Productive-alle-Arbeit-an-einem-Ort-d.svg\"  alt=\"\" loading=lazy \/> <h2   > <strong>Behalte all Deine Arbeit<\/strong> an einem Ort<\/h2> <h3   > Dokumente integrieren sich nahtlos in deine bestehende Arbeit. Erstellen Sie dedizierte Projekt-Dokumente, verlinken Sie Aufgaben und erw\u00e4hnen Sie Personen direkt im Text f\u00fcr mehr Kontext.<\/h3> <p   > Kostenlos testen<\/p> <h2   > <strong>Echtzeit-<\/strong>Zusammenarbeit<\/h2> <img  src=\"https:\/\/website-assets.productive.io\/uploads\/2025\/05\/Docs-Productive-Teilungsoptionen-d.svg\"  alt=\"\" loading=lazy \/> <h4   > Kein <strong>Aktualisieren<\/strong> n\u00f6tig<\/h4> <p   > Mehrere Teammitglieder k\u00f6nnen das gleiche Dokument in Echtzeit schreiben und bearbeiten. <\/p> <img  src=\"https:\/\/website-assets.productive.io\/uploads\/2025\/05\/Docs-Productive-Kommentar-hinzufugen-d.svg\"  alt=\"\" loading=lazy \/> <h2   > Halte das <strong>Gespr\u00e4ch<\/strong> am Laufen<\/h2> <p   > F\u00fcgen Sie Kommentare hinzu und erw\u00e4hnen Sie Teammitglieder, um ihre Aufmerksamkeit zu erlangen und um Feedback zu bitten. <\/p> <h2   > Zugriff auf<strong> Versionsverlauf<\/strong><\/h2> <p   > Automatische Speicherung stellt sicher, dass Sie keine wichtigen Informationen verlieren<\/p> <p   > Pr\u00fcfen Sie den Versionsverlauf, um alle \u00c4nderungen an Ihrem Dokument zu sehen<\/p> <p   > Stellen Sie das Dokument mit nur einem Klick auf die vorherige Version zur\u00fcck<\/p> <img  src=\"https:\/\/website-assets.productive.io\/uploads\/2025\/05\/Docs-Productive-Versionsverlauf-d.svg\"  alt=\"\" loading=lazy \/> <h2   > <strong>Optimieren Sie Abl\u00e4ufe<\/strong> mit Productive<\/h2> <p   > Wechseln Sie von mehreren Tools und Tabellen zu <br>einer skalierbaren Plattform f\u00fcr professionelle Dienstleistungen.<\/p> <h2   > <strong>Mehr als<\/strong> nur <br>Nur einfacher Text <\/h2> <p   > <a href=\"https:\/\/productive.io\/de\/?page_id=56779\">Fragen Sie die KI<\/a> um Hilfe beim Schreiben von Projektspezifikationen, Aktionspunkten oder Marketinginhalten<\/p> <p   > Passen Sie Ihren Text mit Tabellen, Zitaten, Codezeilen und mehr an<\/p> <p   > F\u00fcgen Sie Farbakzente mit Emojis hinzu \ud83e\udd84 \ud83d\ude0d \ud83d\udd25<\/p> <p   > F\u00fcgen Sie Bilder, Banner und ein Titelbild hinzu <\/p> <img  src=\"https:\/\/website-assets.productive.io\/uploads\/2025\/05\/Docs-Productive-KI-Aktionspunkte-d.svg\"  alt=\"\" loading=lazy \/> <img  src=\"https:\/\/website-assets.productive.io\/uploads\/2025\/05\/Docs-Productive-Dokumentenvorlagen-d.svg\"  alt=\"\" loading=lazy \/> <h3   > <strong>Spare Zeit<\/strong> mit Vorlagen <\/h3> <p   > Erstellen Sie Ihre eigene Vorlage f\u00fcr wiederkehrende Arbeiten oder nutzen Sie eine unserer vorkonfigurierten Vorlagen f\u00fcr h\u00e4ufige Anwendungsf\u00e4lle (Kommt bald). <\/p> <img  src=\"https:\/\/website-assets.productive.io\/uploads\/2025\/05\/Docs-Productive-Zugriffssystem-d.svg\"  alt=\"\" loading=lazy \/> <h3   > Intuitives <strong>Freigabesystem<\/strong><\/h3> <p   > Keine Notwendigkeit, URLs zu senden oder mit mehreren Tools zu jonglieren. W\u00e4hlen Sie ein Team von Personen aus, um in einem Dokument zusammenzuarbeiten, oder teilen Sie es mit ausgew\u00e4hlten Teamkollegen.<\/p>","protected":false},"excerpt":{"rendered":"","protected":false},"author":26,"featured_media":0,"parent":0,"menu_order":0,"comment_status":"closed","ping_status":"closed","template":"","meta":{"_acf_changed":false,"es_utils_meta_schema":"","footnotes":""},"job-category":[],"page-category":[1073],"class_list":["post-56839","page","type-page","status-publish","hentry"],"acf":[],"yoast_head":"<!-- This site is optimized with the Yoast SEO Premium plugin v27.2 (Yoast SEO v27.2) - https:\/\/yoast.com\/product\/yoast-seo-premium-wordpress\/ -->\n<title>Dokumente - Productive<\/title>\n<meta name=\"description\" content=\"Dokumente k\u00f6nnen auf die Bed\u00fcrfnisse jeder Agentur angepasst werden. Halten Sie Ihre Dokumente organisiert und zug\u00e4nglich, und erleichtern Sie die Zusammenarbeit.\" \/>\n<meta name=\"robots\" content=\"index, follow, max-snippet:-1, max-image-preview:large, max-video-preview:-1\" \/>\n<link rel=\"canonical\" href=\"https:\/\/productive.io\/de\/dokumente\/\" \/>\n<meta property=\"og:locale\" content=\"de_DE\" \/>\n<meta property=\"og:type\" content=\"article\" \/>\n<meta property=\"og:title\" content=\"Erstellen und Zusammenarbeiten mit Dokumenten\" \/>\n<meta property=\"og:description\" content=\"Dokumente k\u00f6nnen auf die Bed\u00fcrfnisse jeder Agentur angepasst werden. Halten Sie Ihre Dokumente organisiert und zug\u00e4nglich, und erleichtern Sie die Zusammenarbeit.\" \/>\n<meta property=\"og:url\" content=\"https:\/\/productive.io\/de\/dokumente\/\" \/>\n<meta property=\"og:site_name\" content=\"Productive\" \/>\n<meta property=\"article:publisher\" content=\"https:\/\/www.facebook.com\/productiveio\/\" \/>\n<meta property=\"article:modified_time\" content=\"2025-05-19T04:16:47+00:00\" \/>\n<meta name=\"twitter:card\" content=\"summary_large_image\" \/>\n<script type=\"application\/ld+json\" class=\"yoast-schema-graph\">{\"@context\":\"https:\/\/schema.org\",\"@graph\":[{\"@type\":\"WebPage\",\"@id\":\"https:\/\/productive.io\/de\/dokumente\/\",\"url\":\"https:\/\/productive.io\/de\/dokumente\/\",\"name\":\"Dokumente - Productive\",\"isPartOf\":{\"@id\":\"https:\/\/productive.io\/de\/#website\"},\"datePublished\":\"2023-03-30T13:23:47+00:00\",\"dateModified\":\"2025-05-19T04:16:47+00:00\",\"description\":\"Dokumente k\u00f6nnen auf die Bed\u00fcrfnisse jeder Agentur angepasst werden. Halten Sie Ihre Dokumente organisiert und zug\u00e4nglich, und erleichtern Sie die Zusammenarbeit.\",\"breadcrumb\":{\"@id\":\"https:\/\/productive.io\/de\/dokumente\/#breadcrumb\"},\"inLanguage\":\"de-DE\",\"potentialAction\":[{\"@type\":\"ReadAction\",\"target\":[\"https:\/\/productive.io\/de\/dokumente\/\"]}]},{\"@type\":\"BreadcrumbList\",\"@id\":\"https:\/\/productive.io\/de\/dokumente\/#breadcrumb\",\"itemListElement\":[{\"@type\":\"ListItem\",\"position\":1,\"name\":\"Home\",\"item\":\"https:\/\/productive.io\/de\/\"},{\"@type\":\"ListItem\",\"position\":2,\"name\":\"Erstellen und Zusammenarbeiten mit Dokumenten\"}]},{\"@type\":\"WebSite\",\"@id\":\"https:\/\/productive.io\/de\/#website\",\"url\":\"https:\/\/productive.io\/de\/\",\"name\":\"Productive\",\"description\":\"The Only Tool You Need To Run a Profitable Agency\",\"publisher\":{\"@id\":\"https:\/\/productive.io\/de\/#organization\"},\"potentialAction\":[{\"@type\":\"SearchAction\",\"target\":{\"@type\":\"EntryPoint\",\"urlTemplate\":\"https:\/\/productive.io\/de\/?s={search_term_string}\"},\"query-input\":{\"@type\":\"PropertyValueSpecification\",\"valueRequired\":true,\"valueName\":\"search_term_string\"}}],\"inLanguage\":\"de-DE\"},{\"@type\":\"Organization\",\"@id\":\"https:\/\/productive.io\/de\/#organization\",\"name\":\"Productive\",\"url\":\"https:\/\/productive.io\/de\/\",\"logo\":{\"@type\":\"ImageObject\",\"inLanguage\":\"de-DE\",\"@id\":\"https:\/\/productive.io\/de\/#\/schema\/logo\/image\/\",\"url\":\"https:\/\/website-assets.productive.io\/uploads\/2025\/09\/Productive-logo-for-Yoast-do-not-delete.webp\",\"contentUrl\":\"https:\/\/website-assets.productive.io\/uploads\/2025\/09\/Productive-logo-for-Yoast-do-not-delete.webp\",\"width\":696,\"height\":696,\"caption\":\"Productive\"},\"image\":{\"@id\":\"https:\/\/productive.io\/de\/#\/schema\/logo\/image\/\"},\"sameAs\":[\"https:\/\/www.facebook.com\/productiveio\/\",\"https:\/\/www.linkedin.com\/company\/productive-io\/\",\"https:\/\/www.youtube.com\/@productive_io\",\"https:\/\/www.instagram.com\/productive.io\/\",\"https:\/\/www.g2.com\/products\/productive\/reviews\",\"https:\/\/www.capterra.com\/p\/169710\/Productive\/\",\"https:\/\/www.crunchbase.com\/organization\/productive-io\",\"https:\/\/www.trustpilot.com\/review\/www.productive.io\",\"https:\/\/github.com\/productiveio\"],\"description\":\"Productive - Agency Management & PSA - Run resources, projects, budgets, and profitability in one platform built for agencies and professional services.\",\"email\":\"contact@productive.io\",\"legalName\":\"The Productive Company Inc.\",\"foundingDate\":\"2014-01-01\",\"numberOfEmployees\":{\"@type\":\"QuantitativeValue\",\"minValue\":\"51\",\"maxValue\":\"200\"}}]}<\/script>\n<!-- \/ Yoast SEO Premium plugin. -->","yoast_head_json":{"title":"Dokumente - Productive","description":"Dokumente k\u00f6nnen auf die Bed\u00fcrfnisse jeder Agentur angepasst werden. Halten Sie Ihre Dokumente organisiert und zug\u00e4nglich, und erleichtern Sie die Zusammenarbeit.","robots":{"index":"index","follow":"follow","max-snippet":"max-snippet:-1","max-image-preview":"max-image-preview:large","max-video-preview":"max-video-preview:-1"},"canonical":"https:\/\/productive.io\/de\/dokumente\/","og_locale":"de_DE","og_type":"article","og_title":"Erstellen und Zusammenarbeiten mit Dokumenten","og_description":"Dokumente k\u00f6nnen auf die Bed\u00fcrfnisse jeder Agentur angepasst werden. Halten Sie Ihre Dokumente organisiert und zug\u00e4nglich, und erleichtern Sie die Zusammenarbeit.","og_url":"https:\/\/productive.io\/de\/dokumente\/","og_site_name":"Productive","article_publisher":"https:\/\/www.facebook.com\/productiveio\/","article_modified_time":"2025-05-19T04:16:47+00:00","twitter_card":"summary_large_image","schema":{"@context":"https:\/\/schema.org","@graph":[{"@type":"WebPage","@id":"https:\/\/productive.io\/de\/dokumente\/","url":"https:\/\/productive.io\/de\/dokumente\/","name":"Dokumente - Productive","isPartOf":{"@id":"https:\/\/productive.io\/de\/#website"},"datePublished":"2023-03-30T13:23:47+00:00","dateModified":"2025-05-19T04:16:47+00:00","description":"Dokumente k\u00f6nnen auf die Bed\u00fcrfnisse jeder Agentur angepasst werden. Halten Sie Ihre Dokumente organisiert und zug\u00e4nglich, und erleichtern Sie die Zusammenarbeit.","breadcrumb":{"@id":"https:\/\/productive.io\/de\/dokumente\/#breadcrumb"},"inLanguage":"de-DE","potentialAction":[{"@type":"ReadAction","target":["https:\/\/productive.io\/de\/dokumente\/"]}]},{"@type":"BreadcrumbList","@id":"https:\/\/productive.io\/de\/dokumente\/#breadcrumb","itemListElement":[{"@type":"ListItem","position":1,"name":"Home","item":"https:\/\/productive.io\/de\/"},{"@type":"ListItem","position":2,"name":"Erstellen und Zusammenarbeiten mit Dokumenten"}]},{"@type":"WebSite","@id":"https:\/\/productive.io\/de\/#website","url":"https:\/\/productive.io\/de\/","name":"Productive","description":"The Only Tool You Need To Run a Profitable Agency","publisher":{"@id":"https:\/\/productive.io\/de\/#organization"},"potentialAction":[{"@type":"SearchAction","target":{"@type":"EntryPoint","urlTemplate":"https:\/\/productive.io\/de\/?s={search_term_string}"},"query-input":{"@type":"PropertyValueSpecification","valueRequired":true,"valueName":"search_term_string"}}],"inLanguage":"de-DE"},{"@type":"Organization","@id":"https:\/\/productive.io\/de\/#organization","name":"Productive","url":"https:\/\/productive.io\/de\/","logo":{"@type":"ImageObject","inLanguage":"de-DE","@id":"https:\/\/productive.io\/de\/#\/schema\/logo\/image\/","url":"https:\/\/website-assets.productive.io\/uploads\/2025\/09\/Productive-logo-for-Yoast-do-not-delete.webp","contentUrl":"https:\/\/website-assets.productive.io\/uploads\/2025\/09\/Productive-logo-for-Yoast-do-not-delete.webp","width":696,"height":696,"caption":"Productive"},"image":{"@id":"https:\/\/productive.io\/de\/#\/schema\/logo\/image\/"},"sameAs":["https:\/\/www.facebook.com\/productiveio\/","https:\/\/www.linkedin.com\/company\/productive-io\/","https:\/\/www.youtube.com\/@productive_io","https:\/\/www.instagram.com\/productive.io\/","https:\/\/www.g2.com\/products\/productive\/reviews","https:\/\/www.capterra.com\/p\/169710\/Productive\/","https:\/\/www.crunchbase.com\/organization\/productive-io","https:\/\/www.trustpilot.com\/review\/www.productive.io","https:\/\/github.com\/productiveio"],"description":"Productive - Agency Management & PSA - Run resources, projects, budgets, and profitability in one platform built for agencies and professional services.","email":"contact@productive.io","legalName":"The Productive Company Inc.","foundingDate":"2014-01-01","numberOfEmployees":{"@type":"QuantitativeValue","minValue":"51","maxValue":"200"}}]}},"_links":{"self":[{"href":"https:\/\/productive.io\/de\/wp-json\/wp\/v2\/pages\/56839","targetHints":{"allow":["GET"]}}],"collection":[{"href":"https:\/\/productive.io\/de\/wp-json\/wp\/v2\/pages"}],"about":[{"href":"https:\/\/productive.io\/de\/wp-json\/wp\/v2\/types\/page"}],"author":[{"embeddable":true,"href":"https:\/\/productive.io\/de\/wp-json\/wp\/v2\/users\/26"}],"replies":[{"embeddable":true,"href":"https:\/\/productive.io\/de\/wp-json\/wp\/v2\/comments?post=56839"}],"version-history":[{"count":9,"href":"https:\/\/productive.io\/de\/wp-json\/wp\/v2\/pages\/56839\/revisions"}],"predecessor-version":[{"id":59521,"href":"https:\/\/productive.io\/de\/wp-json\/wp\/v2\/pages\/56839\/revisions\/59521"}],"wp:attachment":[{"href":"https:\/\/productive.io\/de\/wp-json\/wp\/v2\/media?parent=56839"}],"wp:term":[{"taxonomy":"job-category","embeddable":true,"href":"https:\/\/productive.io\/de\/wp-json\/wp\/v2\/job-category?post=56839"},{"taxonomy":"page-category","embeddable":true,"href":"https:\/\/productive.io\/de\/wp-json\/wp\/v2\/page-category?post=56839"}],"curies":[{"name":"wp","href":"https:\/\/api.w.org\/{rel}","templated":true}]}}