{"id":56831,"date":"2021-08-12T14:10:26","date_gmt":"2021-08-12T14:10:26","guid":{"rendered":"https:\/\/productive.io\/?page_id=56831"},"modified":"2025-12-18T14:53:10","modified_gmt":"2025-12-18T14:53:10","slug":"vertrieb","status":"publish","type":"page","link":"https:\/\/productive.io\/de\/vertrieb\/","title":{"rendered":"Vertrieb"},"content":{"rendered":"<h2   > <strong>VERTRIEB &amp; CRM<\/strong><\/h2> <h1   > <strong>Von Deal zu Lieferung<\/strong> in einem intelligenten Workflow<\/h1> <p   > Verwalte deine Pipeline und schlie\u00dfe Deals mit Angeboten ab, alles im selben Arbeitsbereich. Deal gewonnen? Starte das Projekt mit allen ben\u00f6tigten Informationen, die bereits vorhanden sind.<br \/><\/p> <p   > Kostenlos testen<\/p> <a   data-cta-block-type=dual_button_form href=\"https:\/\/productive.io\/book-a-demo\/\" > <p   > Demo buchen<\/p> <\/a> <a   data-cta-block-type=dual_button_form href=\"https:\/\/productive.io\/book-a-demo\/\" > <p   > Demo buchen<\/p> <\/a> <img  src=\"https:\/\/website-assets.productive.io\/uploads\/2025\/12\/SCRM-Productive-hero-d.svg\"  alt=\"\" loading=lazy \/> <h2   > Erstelle, versende und lasse <strong>Angebote<\/strong> unterschreiben<\/h2> <p   > Erstelle aufpolierte Angebote und sende sie per E-Mail oder Link. Werde benachrichtigt, wenn dein Kunde akzeptiert, und schlie\u00dfe Deals ab \u2013 ohne das Tool zu wechseln.<\/p> <p   > Kostenlos testen<\/p> <img  src=\"https:\/\/website-assets.productive.io\/uploads\/2025\/12\/SCRM-Productive-proposal-d-3.svg\"  alt=\"\" loading=lazy \/> <img  src=\"https:\/\/website-assets.productive.io\/uploads\/2025\/12\/SCRM-Productive-scenario-builder-d-1.svg\"  alt=\"\" loading=lazy \/> <h2   > Finde das <strong>perfekte Vertriebsangebot<\/strong><\/h2> <p   > Vergleiche mit dem Scenario Builder verschiedene Preis- und Ressourcen-Szenarien. Erstelle den profitabelsten und realistischsten Vorschlag.<\/p> <img  src=\"https:\/\/website-assets.productive.io\/uploads\/2025\/12\/SCRM-Productive-proposals-style-d-1.svg\"  alt=\"\" loading=lazy \/> <h2   > Erstelle <strong>markenfreundliche<\/strong> Vorschl\u00e4ge<\/h2> <p   > Passe deine Angebots-PDFs mit dem Dokumenten-Style-Editor an, von Typografie bis zu Markenfarben und Inhaltslayout.<\/p> <h2   > Bew\u00e4ltige routinem\u00e4\u00dfige Vertriebsarbeiten mit <strong>Automatisierungen<\/strong><\/h2> <p   > Erstelle einfache No-Code-Automatisierungen und behalte mit Benachrichtigungen und automatischen Abl\u00e4ufen den \u00dcberblick \u00fcber deine Deals.<\/p> <p   > Kostenlos testen<\/p> <img  src=\"https:\/\/website-assets.productive.io\/uploads\/2025\/12\/SCRM-Productive-Slack-automation-d-1.svg\"  alt=\"\" loading=lazy \/> <img  src=\"https:\/\/website-assets.productive.io\/uploads\/2025\/12\/SCRM-Productive-company-info-d-2.svg\"  alt=\"\" loading=lazy \/> <h3   > Verwalte <strong>Kontakte und Unternehmen<\/strong><\/h3> <p   > Speichere alles, von Kontaktdetails bis hin zu Standard-Rechnungsoptionen. Mit der Gmail-Integration aktualisiere das CRM direkt aus deinem Posteingang.<\/p> <img  src=\"https:\/\/website-assets.productive.io\/uploads\/2025\/12\/SCRM-Productive-track-sales-d-1.svg\"  alt=\"\" loading=lazy \/> <h3   > Verfolge Deals durch <strong>Pipeline-Phasen<\/strong><\/h3> <p   > Bleib immer in Kontakt mit dem Fortschritt deiner Deals. Arbeit an Gelegenheiten in mehreren Pipelines mit anpassbaren Phasen.<\/p> <img  src=\"https:\/\/website-assets.productive.io\/uploads\/2025\/05\/SCRM-Productive-potenzielle-gewonnene-Vertriebserlose-prognostizieren-d.svg\"  alt=\"\" loading=lazy \/> <h2   > Verfolge und prognostiziere <strong>Vertriebs-KPIs<\/strong><\/h2> <p   > Prognostiziere Ums\u00e4tze und verfolge die Pipeline-Performance mit einem integrierten Funnel-Bericht. Passe deine Daten an und erstelle personalisierte Dashboards.<br \/><\/p> <img  src=\"https:\/\/website-assets.productive.io\/uploads\/2025\/05\/SCRM-Productive-gewonnene-Deals-in-Projekte-d.svg\"  alt=\"\" loading=lazy \/> <h2   > Wandle <strong>gewonnene Deals<\/strong> in <strong>Projekte<\/strong> um<\/h2> <p   > Deal gewonnen? Wandle diesen Deal jetzt problemlos in ein komplett neues Projekt um oder f\u00fcge ihn als neues Budget zu einem bestehenden Projekt hinzu.<\/p> <h2   > Integriere mit dem weltweit f\u00fchrenden <strong>CRM-Tool<\/strong><\/h2> <p   > Wenn HubSpot deine bevorzugte CRM-Plattform ist, synchronisiere einfach deine Deals aus deinem HubSpot-Funnel in Productive. Ein Deal wird mit Productive synchronisiert, sobald er ein bestimmtes Stadium erreicht und dabei Deal-, Kontakt- und Kundendaten synchronisiert werden. <\/p> <a   href=\"https:\/\/productive.io\/integrations\/\" > <p   > Integrationen anzeigen<\/p> <\/a> <img  src=\"https:\/\/website-assets.productive.io\/uploads\/2024\/08\/Productive-Sales-Integartions.svg\"  alt=\"\" loading=lazy \/> <img  src=\"https:\/\/website-assets.productive.io\/uploads\/2025\/05\/SCRM-Productive-beste-Verkaufstalente-d.svg\"  alt=\"\" loading=lazy \/> <h2   > Finde deine <strong>gr\u00f6\u00dften <strong>Vertriebs-Stars<\/strong><\/strong><\/h2> <h3   > Und wer ben\u00f6tigt zus\u00e4tzliche Hilfe, um besser im Abschlie\u00dfen neuer Deals zu werden? Zoome auf jeden Vertriebsmitarbeiter ein, um folgendes zu \u00fcberpr\u00fcfen:<\/h3> <ul   > <li>Anzahl abgeschlossener Deals<\/li><li>Gesamte gewonnene Einnahmen<\/li><li>Art der abgeschlossenen Deals pro Vertriebsmitarbeiter<\/li><li>Gr\u00fcnde f\u00fcr verlorene Deals<\/li><\/ul> <h2   > <strong>Verbessere deinen Erfolg<\/strong> durch Nachverfolgung der Gr\u00fcnde f\u00fcr verlorene Deals<\/h2> <h3   > Behalte im Auge, warum du Deals verlierst, um deine Gewinnraten zu verbessern.<\/h3> <img  src=\"https:\/\/website-assets.productive.io\/uploads\/2025\/05\/SCRM-Productive-Verkaufsgewinne-verbessern-m.svg\"  alt=\"\" loading=lazy \/>","protected":false},"excerpt":{"rendered":"","protected":false},"author":34,"featured_media":0,"parent":0,"menu_order":0,"comment_status":"closed","ping_status":"closed","template":"","meta":{"_acf_changed":false,"es_utils_meta_schema":"","footnotes":""},"job-category":[],"page-category":[1073],"class_list":["post-56831","page","type-page","status-publish","hentry"],"acf":[],"yoast_head":"<!-- This site is optimized with the Yoast SEO Premium plugin v27.2 (Yoast SEO v27.2) - https:\/\/yoast.com\/product\/yoast-seo-premium-wordpress\/ -->\n<title>Sales Pipeline Management f\u00fcr Agenturen | Productive<\/title>\n<meta name=\"description\" content=\"Productive bietet einen visuellen \u00dcberblick \u00fcber die Vertriebspipeline deiner Agentur, kenne deinen Funnel in- und auswendig und schlie\u00dfe mehr Deals ab. Jetzt kostenlos testen!\" \/>\n<meta name=\"robots\" content=\"index, follow, max-snippet:-1, max-image-preview:large, max-video-preview:-1\" \/>\n<link rel=\"canonical\" href=\"https:\/\/productive.io\/de\/vertrieb\/\" \/>\n<meta property=\"og:locale\" content=\"de_DE\" \/>\n<meta property=\"og:type\" content=\"article\" \/>\n<meta property=\"og:title\" content=\"Vertrieb\" \/>\n<meta property=\"og:description\" content=\"Productive bietet einen visuellen \u00dcberblick \u00fcber die Vertriebspipeline deiner Agentur, kenne deinen Funnel in- und auswendig und schlie\u00dfe mehr Deals ab. Jetzt kostenlos testen!\" \/>\n<meta property=\"og:url\" content=\"https:\/\/productive.io\/de\/vertrieb\/\" \/>\n<meta property=\"og:site_name\" content=\"Productive\" \/>\n<meta property=\"article:publisher\" content=\"https:\/\/www.facebook.com\/productiveio\/\" \/>\n<meta property=\"article:modified_time\" content=\"2025-12-18T14:53:10+00:00\" \/>\n<meta name=\"twitter:card\" content=\"summary_large_image\" \/>\n<meta name=\"twitter:label1\" content=\"Gesch\u00e4tzte Lesezeit\" \/>\n\t<meta name=\"twitter:data1\" content=\"4 minutes\" \/>\n<script type=\"application\/ld+json\" class=\"yoast-schema-graph\">{\"@context\":\"https:\/\/schema.org\",\"@graph\":[{\"@type\":\"WebPage\",\"@id\":\"https:\/\/productive.io\/de\/vertrieb\/\",\"url\":\"https:\/\/productive.io\/de\/vertrieb\/\",\"name\":\"Sales Pipeline Management f\u00fcr Agenturen | Productive\",\"isPartOf\":{\"@id\":\"https:\/\/productive.io\/de\/#website\"},\"datePublished\":\"2021-08-12T14:10:26+00:00\",\"dateModified\":\"2025-12-18T14:53:10+00:00\",\"description\":\"Productive bietet einen visuellen \u00dcberblick \u00fcber die Vertriebspipeline deiner Agentur, kenne deinen Funnel in- und auswendig und schlie\u00dfe mehr Deals ab. Jetzt kostenlos testen!\",\"breadcrumb\":{\"@id\":\"https:\/\/productive.io\/de\/vertrieb\/#breadcrumb\"},\"inLanguage\":\"de-DE\",\"potentialAction\":[{\"@type\":\"ReadAction\",\"target\":[\"https:\/\/productive.io\/de\/vertrieb\/\"]}]},{\"@type\":\"BreadcrumbList\",\"@id\":\"https:\/\/productive.io\/de\/vertrieb\/#breadcrumb\",\"itemListElement\":[{\"@type\":\"ListItem\",\"position\":1,\"name\":\"Home\",\"item\":\"https:\/\/productive.io\/de\/\"},{\"@type\":\"ListItem\",\"position\":2,\"name\":\"Vertrieb\"}]},{\"@type\":\"WebSite\",\"@id\":\"https:\/\/productive.io\/de\/#website\",\"url\":\"https:\/\/productive.io\/de\/\",\"name\":\"Productive\",\"description\":\"The Only Tool You Need To Run a Profitable Agency\",\"publisher\":{\"@id\":\"https:\/\/productive.io\/de\/#organization\"},\"potentialAction\":[{\"@type\":\"SearchAction\",\"target\":{\"@type\":\"EntryPoint\",\"urlTemplate\":\"https:\/\/productive.io\/de\/?s={search_term_string}\"},\"query-input\":{\"@type\":\"PropertyValueSpecification\",\"valueRequired\":true,\"valueName\":\"search_term_string\"}}],\"inLanguage\":\"de-DE\"},{\"@type\":\"Organization\",\"@id\":\"https:\/\/productive.io\/de\/#organization\",\"name\":\"Productive\",\"url\":\"https:\/\/productive.io\/de\/\",\"logo\":{\"@type\":\"ImageObject\",\"inLanguage\":\"de-DE\",\"@id\":\"https:\/\/productive.io\/de\/#\/schema\/logo\/image\/\",\"url\":\"https:\/\/website-assets.productive.io\/uploads\/2025\/09\/Productive-logo-for-Yoast-do-not-delete.webp\",\"contentUrl\":\"https:\/\/website-assets.productive.io\/uploads\/2025\/09\/Productive-logo-for-Yoast-do-not-delete.webp\",\"width\":696,\"height\":696,\"caption\":\"Productive\"},\"image\":{\"@id\":\"https:\/\/productive.io\/de\/#\/schema\/logo\/image\/\"},\"sameAs\":[\"https:\/\/www.facebook.com\/productiveio\/\",\"https:\/\/www.linkedin.com\/company\/productive-io\/\",\"https:\/\/www.youtube.com\/@productive_io\",\"https:\/\/www.instagram.com\/productive.io\/\",\"https:\/\/www.g2.com\/products\/productive\/reviews\",\"https:\/\/www.capterra.com\/p\/169710\/Productive\/\",\"https:\/\/www.crunchbase.com\/organization\/productive-io\",\"https:\/\/www.trustpilot.com\/review\/www.productive.io\",\"https:\/\/github.com\/productiveio\"],\"description\":\"Productive - Agency Management & PSA - Run resources, projects, budgets, and profitability in one platform built for agencies and professional services.\",\"email\":\"contact@productive.io\",\"legalName\":\"The Productive Company Inc.\",\"foundingDate\":\"2014-01-01\",\"numberOfEmployees\":{\"@type\":\"QuantitativeValue\",\"minValue\":\"51\",\"maxValue\":\"200\"}}]}<\/script>\n<!-- \/ Yoast SEO Premium plugin. -->","yoast_head_json":{"title":"Sales Pipeline Management f\u00fcr Agenturen | Productive","description":"Productive bietet einen visuellen \u00dcberblick \u00fcber die Vertriebspipeline deiner Agentur, kenne deinen Funnel in- und auswendig und schlie\u00dfe mehr Deals ab. Jetzt kostenlos testen!","robots":{"index":"index","follow":"follow","max-snippet":"max-snippet:-1","max-image-preview":"max-image-preview:large","max-video-preview":"max-video-preview:-1"},"canonical":"https:\/\/productive.io\/de\/vertrieb\/","og_locale":"de_DE","og_type":"article","og_title":"Vertrieb","og_description":"Productive bietet einen visuellen \u00dcberblick \u00fcber die Vertriebspipeline deiner Agentur, kenne deinen Funnel in- und auswendig und schlie\u00dfe mehr Deals ab. Jetzt kostenlos testen!","og_url":"https:\/\/productive.io\/de\/vertrieb\/","og_site_name":"Productive","article_publisher":"https:\/\/www.facebook.com\/productiveio\/","article_modified_time":"2025-12-18T14:53:10+00:00","twitter_card":"summary_large_image","twitter_misc":{"Gesch\u00e4tzte Lesezeit":"4 minutes"},"schema":{"@context":"https:\/\/schema.org","@graph":[{"@type":"WebPage","@id":"https:\/\/productive.io\/de\/vertrieb\/","url":"https:\/\/productive.io\/de\/vertrieb\/","name":"Sales Pipeline Management f\u00fcr Agenturen | Productive","isPartOf":{"@id":"https:\/\/productive.io\/de\/#website"},"datePublished":"2021-08-12T14:10:26+00:00","dateModified":"2025-12-18T14:53:10+00:00","description":"Productive bietet einen visuellen \u00dcberblick \u00fcber die Vertriebspipeline deiner Agentur, kenne deinen Funnel in- und auswendig und schlie\u00dfe mehr Deals ab. Jetzt kostenlos testen!","breadcrumb":{"@id":"https:\/\/productive.io\/de\/vertrieb\/#breadcrumb"},"inLanguage":"de-DE","potentialAction":[{"@type":"ReadAction","target":["https:\/\/productive.io\/de\/vertrieb\/"]}]},{"@type":"BreadcrumbList","@id":"https:\/\/productive.io\/de\/vertrieb\/#breadcrumb","itemListElement":[{"@type":"ListItem","position":1,"name":"Home","item":"https:\/\/productive.io\/de\/"},{"@type":"ListItem","position":2,"name":"Vertrieb"}]},{"@type":"WebSite","@id":"https:\/\/productive.io\/de\/#website","url":"https:\/\/productive.io\/de\/","name":"Productive","description":"The Only Tool You Need To Run a Profitable Agency","publisher":{"@id":"https:\/\/productive.io\/de\/#organization"},"potentialAction":[{"@type":"SearchAction","target":{"@type":"EntryPoint","urlTemplate":"https:\/\/productive.io\/de\/?s={search_term_string}"},"query-input":{"@type":"PropertyValueSpecification","valueRequired":true,"valueName":"search_term_string"}}],"inLanguage":"de-DE"},{"@type":"Organization","@id":"https:\/\/productive.io\/de\/#organization","name":"Productive","url":"https:\/\/productive.io\/de\/","logo":{"@type":"ImageObject","inLanguage":"de-DE","@id":"https:\/\/productive.io\/de\/#\/schema\/logo\/image\/","url":"https:\/\/website-assets.productive.io\/uploads\/2025\/09\/Productive-logo-for-Yoast-do-not-delete.webp","contentUrl":"https:\/\/website-assets.productive.io\/uploads\/2025\/09\/Productive-logo-for-Yoast-do-not-delete.webp","width":696,"height":696,"caption":"Productive"},"image":{"@id":"https:\/\/productive.io\/de\/#\/schema\/logo\/image\/"},"sameAs":["https:\/\/www.facebook.com\/productiveio\/","https:\/\/www.linkedin.com\/company\/productive-io\/","https:\/\/www.youtube.com\/@productive_io","https:\/\/www.instagram.com\/productive.io\/","https:\/\/www.g2.com\/products\/productive\/reviews","https:\/\/www.capterra.com\/p\/169710\/Productive\/","https:\/\/www.crunchbase.com\/organization\/productive-io","https:\/\/www.trustpilot.com\/review\/www.productive.io","https:\/\/github.com\/productiveio"],"description":"Productive - Agency Management & PSA - Run resources, projects, budgets, and profitability in one platform built for agencies and professional services.","email":"contact@productive.io","legalName":"The Productive Company Inc.","foundingDate":"2014-01-01","numberOfEmployees":{"@type":"QuantitativeValue","minValue":"51","maxValue":"200"}}]}},"_links":{"self":[{"href":"https:\/\/productive.io\/de\/wp-json\/wp\/v2\/pages\/56831","targetHints":{"allow":["GET"]}}],"collection":[{"href":"https:\/\/productive.io\/de\/wp-json\/wp\/v2\/pages"}],"about":[{"href":"https:\/\/productive.io\/de\/wp-json\/wp\/v2\/types\/page"}],"author":[{"embeddable":true,"href":"https:\/\/productive.io\/de\/wp-json\/wp\/v2\/users\/34"}],"replies":[{"embeddable":true,"href":"https:\/\/productive.io\/de\/wp-json\/wp\/v2\/comments?post=56831"}],"version-history":[{"count":9,"href":"https:\/\/productive.io\/de\/wp-json\/wp\/v2\/pages\/56831\/revisions"}],"predecessor-version":[{"id":69300,"href":"https:\/\/productive.io\/de\/wp-json\/wp\/v2\/pages\/56831\/revisions\/69300"}],"wp:attachment":[{"href":"https:\/\/productive.io\/de\/wp-json\/wp\/v2\/media?parent=56831"}],"wp:term":[{"taxonomy":"job-category","embeddable":true,"href":"https:\/\/productive.io\/de\/wp-json\/wp\/v2\/job-category?post=56831"},{"taxonomy":"page-category","embeddable":true,"href":"https:\/\/productive.io\/de\/wp-json\/wp\/v2\/page-category?post=56831"}],"curies":[{"name":"wp","href":"https:\/\/api.w.org\/{rel}","templated":true}]}}