{"id":56827,"date":"2023-06-20T08:40:18","date_gmt":"2023-06-20T08:40:18","guid":{"rendered":"https:\/\/productive.io\/?page_id=56827"},"modified":"2025-05-19T04:41:10","modified_gmt":"2025-05-19T04:41:10","slug":"bestellungen","status":"publish","type":"page","link":"https:\/\/productive.io\/de\/budgetierung\/bestellungen\/","title":{"rendered":"Budgetierung &#8211; Bestellungen"},"content":{"rendered":"<h2   > BUDGETIERUNG<\/h2> <h1   > Kontrollieren Sie externe Kosten mit <strong>Bestellungen<\/strong> <\/h1> <p   > Verwalten Sie Rechnungen \u00fcber Productive und behalten Sie den \u00dcberblick \u00fcber die externen Ausgaben Ihres Unternehmens, ohne f\u00fcr ein zus\u00e4tzliches Tool zu zahlen. <\/p> <p   > Kostenlos testen<\/p> <a   data-cta-block-type=dual_button_form href=\"https:\/\/productive.io\/de\/demo-buchen\/\" > <p   > Demo buchen<\/p> <\/a> <a   data-cta-block-type=dual_button_form href=\"https:\/\/productive.io\/de\/demo-buchen\/\" > <p   > Demo buchen<\/p> <\/a> <img  src=\"https:\/\/website-assets.productive.io\/uploads\/2024\/04\/Purchase-orders-in-Productive.svg\"  alt=\"\" loading=lazy \/> <h2   > Bestellungen senden<br><strong>Direkt an Lieferanten<\/strong><\/h2> <p   > Nutzen Sie Bestellungen in Productive und sehen Sie, wie sich externe Ausgaben auf Ihr Budget auswirken. Senden Sie Bestellungen direkt an Ihre Lieferanten, verfolgen Sie Zahlungen und behalten Sie Liefertermine im Blick, um sicherzustellen, dass alles p\u00fcnktlich erledigt wird.<\/p> <img  src=\"https:\/\/website-assets.productive.io\/uploads\/2025\/05\/PO-Productive-PO-Finanzen-d.svg\"  alt=\"\" loading=lazy \/> <img  src=\"https:\/\/website-assets.productive.io\/uploads\/2025\/05\/PO-Productive-Rechnung-d.svg\"  alt=\"\" loading=lazy \/> <h2   > <strong>Verfolgen Sie Zahlungen <\/strong>in Productive<\/h2> <p   > Nachdem Sie eine Bestellung verschickt haben, k\u00f6nnen Sie alle erhaltenen Rechnungen vom Lieferanten einfach nachverfolgen. F\u00fchren Sie Buch \u00fcber Ihre Mengen und dokumentieren Sie sowohl bezahlte als auch gelieferte Betr\u00e4ge.<\/p> <h2   > Detaillierte Berichte, <strong>ohne Aufwand<\/strong><\/h2> <p   > Erstellen Sie detaillierte Ausgabenberichte mit nur einem Klick. Verfolgen Sie unbezahlte Ausgaben und Einnahmen. Erstellen Sie automatische Berichte, die an Ihre E-Mail oder einen dedizierten Slack-Kanal gesendet werden k\u00f6nnen. <\/p> <img  src=\"https:\/\/website-assets.productive.io\/uploads\/2025\/05\/PO-Productive-Bericht-d.svg\"  alt=\"\" loading=lazy \/> <h2   > <strong>Optimiere den Betrieb<\/strong> mit Productive<\/h2> <p   > Wechsle von mehreren Tools und Tabellen zu <br>einer skalierbaren Plattform f\u00fcr professionelle Dienstleistungen.<\/p>","protected":false},"excerpt":{"rendered":"","protected":false},"author":26,"featured_media":0,"parent":56814,"menu_order":0,"comment_status":"closed","ping_status":"closed","template":"","meta":{"_acf_changed":false,"es_utils_meta_schema":"","footnotes":""},"job-category":[],"page-category":[],"class_list":["post-56827","page","type-page","status-publish","hentry"],"acf":[],"yoast_head":"<!-- This site is optimized with the Yoast SEO Premium plugin v27.4 (Yoast SEO v27.4) - https:\/\/yoast.com\/product\/yoast-seo-premium-wordpress\/ -->\n<title>Budgetierung - Bestellungen - Productive<\/title>\n<meta name=\"description\" content=\"Einfache Kostenverwaltung f\u00fcr Projekte in einem Tool. Verwalten Sie Rechnungen \u00fcber Productive und behalten Sie Ihre externen Kosten im Griff.\" \/>\n<meta name=\"robots\" content=\"index, follow, max-snippet:-1, max-image-preview:large, max-video-preview:-1\" \/>\n<link rel=\"canonical\" href=\"https:\/\/productive.io\/de\/budgetierung\/bestellungen\/\" \/>\n<meta property=\"og:locale\" content=\"de_DE\" \/>\n<meta property=\"og:type\" content=\"article\" \/>\n<meta property=\"og:title\" content=\"Budgetierung - Bestellungen\" \/>\n<meta property=\"og:description\" content=\"Einfache Kostenverwaltung f\u00fcr Projekte in einem Tool. Verwalten Sie Rechnungen \u00fcber Productive und behalten Sie Ihre externen Kosten im Griff.\" \/>\n<meta property=\"og:url\" content=\"https:\/\/productive.io\/de\/budgetierung\/bestellungen\/\" \/>\n<meta property=\"og:site_name\" content=\"Productive\" \/>\n<meta property=\"article:publisher\" content=\"https:\/\/www.facebook.com\/productiveio\/\" \/>\n<meta property=\"article:modified_time\" content=\"2025-05-19T04:41:10+00:00\" \/>\n<meta name=\"twitter:card\" content=\"summary_large_image\" \/>\n<meta name=\"twitter:label1\" content=\"Gesch\u00e4tzte Lesezeit\" \/>\n\t<meta name=\"twitter:data1\" content=\"2 minutes\" \/>\n<script type=\"application\/ld+json\" class=\"yoast-schema-graph\">{\"@context\":\"https:\\\/\\\/schema.org\",\"@graph\":[{\"@type\":\"WebPage\",\"@id\":\"https:\\\/\\\/productive.io\\\/de\\\/budgetierung\\\/bestellungen\\\/\",\"url\":\"https:\\\/\\\/productive.io\\\/de\\\/budgetierung\\\/bestellungen\\\/\",\"name\":\"Budgetierung - Bestellungen - Productive\",\"isPartOf\":{\"@id\":\"https:\\\/\\\/productive.io\\\/de\\\/#website\"},\"datePublished\":\"2023-06-20T08:40:18+00:00\",\"dateModified\":\"2025-05-19T04:41:10+00:00\",\"description\":\"Einfache Kostenverwaltung f\u00fcr Projekte in einem Tool. Verwalten Sie Rechnungen \u00fcber Productive und behalten Sie Ihre externen Kosten im Griff.\",\"breadcrumb\":{\"@id\":\"https:\\\/\\\/productive.io\\\/de\\\/budgetierung\\\/bestellungen\\\/#breadcrumb\"},\"inLanguage\":\"de-DE\",\"potentialAction\":[{\"@type\":\"ReadAction\",\"target\":[\"https:\\\/\\\/productive.io\\\/de\\\/budgetierung\\\/bestellungen\\\/\"]}]},{\"@type\":\"BreadcrumbList\",\"@id\":\"https:\\\/\\\/productive.io\\\/de\\\/budgetierung\\\/bestellungen\\\/#breadcrumb\",\"itemListElement\":[{\"@type\":\"ListItem\",\"position\":1,\"name\":\"Home\",\"item\":\"https:\\\/\\\/productive.io\\\/de\\\/\"},{\"@type\":\"ListItem\",\"position\":2,\"name\":\"Budgetierung\",\"item\":\"https:\\\/\\\/productive.io\\\/de\\\/budgetierung\\\/\"},{\"@type\":\"ListItem\",\"position\":3,\"name\":\"Budgetierung &#8211; Bestellungen\"}]},{\"@type\":\"WebSite\",\"@id\":\"https:\\\/\\\/productive.io\\\/de\\\/#website\",\"url\":\"https:\\\/\\\/productive.io\\\/de\\\/\",\"name\":\"Productive\",\"description\":\"The Only Tool You Need To Run a Profitable Agency\",\"publisher\":{\"@id\":\"https:\\\/\\\/productive.io\\\/de\\\/#organization\"},\"potentialAction\":[{\"@type\":\"SearchAction\",\"target\":{\"@type\":\"EntryPoint\",\"urlTemplate\":\"https:\\\/\\\/productive.io\\\/de\\\/?s={search_term_string}\"},\"query-input\":{\"@type\":\"PropertyValueSpecification\",\"valueRequired\":true,\"valueName\":\"search_term_string\"}}],\"inLanguage\":\"de-DE\"},{\"@type\":\"Organization\",\"@id\":\"https:\\\/\\\/productive.io\\\/de\\\/#organization\",\"name\":\"Productive\",\"url\":\"https:\\\/\\\/productive.io\\\/de\\\/\",\"logo\":{\"@type\":\"ImageObject\",\"inLanguage\":\"de-DE\",\"@id\":\"https:\\\/\\\/productive.io\\\/de\\\/#\\\/schema\\\/logo\\\/image\\\/\",\"url\":\"https:\\\/\\\/website-assets.productive.io\\\/uploads\\\/2025\\\/09\\\/Productive-logo-for-Yoast-do-not-delete.webp\",\"contentUrl\":\"https:\\\/\\\/website-assets.productive.io\\\/uploads\\\/2025\\\/09\\\/Productive-logo-for-Yoast-do-not-delete.webp\",\"width\":696,\"height\":696,\"caption\":\"Productive\"},\"image\":{\"@id\":\"https:\\\/\\\/productive.io\\\/de\\\/#\\\/schema\\\/logo\\\/image\\\/\"},\"sameAs\":[\"https:\\\/\\\/www.facebook.com\\\/productiveio\\\/\",\"https:\\\/\\\/www.linkedin.com\\\/company\\\/productive-io\\\/\",\"https:\\\/\\\/www.youtube.com\\\/@productive_io\",\"https:\\\/\\\/www.instagram.com\\\/productive.io\\\/\",\"https:\\\/\\\/www.g2.com\\\/products\\\/productive\\\/reviews\",\"https:\\\/\\\/www.capterra.com\\\/p\\\/169710\\\/Productive\\\/\",\"https:\\\/\\\/www.crunchbase.com\\\/organization\\\/productive-io\",\"https:\\\/\\\/www.trustpilot.com\\\/review\\\/www.productive.io\",\"https:\\\/\\\/github.com\\\/productiveio\"],\"description\":\"Productive - Agency Management & PSA - Run resources, projects, budgets, and profitability in one platform built for agencies and professional services.\",\"email\":\"contact@productive.io\",\"legalName\":\"The Productive Company Inc.\",\"foundingDate\":\"2014-01-01\",\"numberOfEmployees\":{\"@type\":\"QuantitativeValue\",\"minValue\":\"51\",\"maxValue\":\"200\"}}]}<\/script>\n<!-- \/ Yoast SEO Premium plugin. -->","yoast_head_json":{"title":"Budgetierung - Bestellungen - Productive","description":"Einfache Kostenverwaltung f\u00fcr Projekte in einem Tool. Verwalten Sie Rechnungen \u00fcber Productive und behalten Sie Ihre externen Kosten im Griff.","robots":{"index":"index","follow":"follow","max-snippet":"max-snippet:-1","max-image-preview":"max-image-preview:large","max-video-preview":"max-video-preview:-1"},"canonical":"https:\/\/productive.io\/de\/budgetierung\/bestellungen\/","og_locale":"de_DE","og_type":"article","og_title":"Budgetierung - Bestellungen","og_description":"Einfache Kostenverwaltung f\u00fcr Projekte in einem Tool. Verwalten Sie Rechnungen \u00fcber Productive und behalten Sie Ihre externen Kosten im Griff.","og_url":"https:\/\/productive.io\/de\/budgetierung\/bestellungen\/","og_site_name":"Productive","article_publisher":"https:\/\/www.facebook.com\/productiveio\/","article_modified_time":"2025-05-19T04:41:10+00:00","twitter_card":"summary_large_image","twitter_misc":{"Gesch\u00e4tzte Lesezeit":"2 minutes"},"schema":{"@context":"https:\/\/schema.org","@graph":[{"@type":"WebPage","@id":"https:\/\/productive.io\/de\/budgetierung\/bestellungen\/","url":"https:\/\/productive.io\/de\/budgetierung\/bestellungen\/","name":"Budgetierung - Bestellungen - Productive","isPartOf":{"@id":"https:\/\/productive.io\/de\/#website"},"datePublished":"2023-06-20T08:40:18+00:00","dateModified":"2025-05-19T04:41:10+00:00","description":"Einfache Kostenverwaltung f\u00fcr Projekte in einem Tool. Verwalten Sie Rechnungen \u00fcber Productive und behalten Sie Ihre externen Kosten im Griff.","breadcrumb":{"@id":"https:\/\/productive.io\/de\/budgetierung\/bestellungen\/#breadcrumb"},"inLanguage":"de-DE","potentialAction":[{"@type":"ReadAction","target":["https:\/\/productive.io\/de\/budgetierung\/bestellungen\/"]}]},{"@type":"BreadcrumbList","@id":"https:\/\/productive.io\/de\/budgetierung\/bestellungen\/#breadcrumb","itemListElement":[{"@type":"ListItem","position":1,"name":"Home","item":"https:\/\/productive.io\/de\/"},{"@type":"ListItem","position":2,"name":"Budgetierung","item":"https:\/\/productive.io\/de\/budgetierung\/"},{"@type":"ListItem","position":3,"name":"Budgetierung &#8211; Bestellungen"}]},{"@type":"WebSite","@id":"https:\/\/productive.io\/de\/#website","url":"https:\/\/productive.io\/de\/","name":"Productive","description":"The Only Tool You Need To Run a Profitable Agency","publisher":{"@id":"https:\/\/productive.io\/de\/#organization"},"potentialAction":[{"@type":"SearchAction","target":{"@type":"EntryPoint","urlTemplate":"https:\/\/productive.io\/de\/?s={search_term_string}"},"query-input":{"@type":"PropertyValueSpecification","valueRequired":true,"valueName":"search_term_string"}}],"inLanguage":"de-DE"},{"@type":"Organization","@id":"https:\/\/productive.io\/de\/#organization","name":"Productive","url":"https:\/\/productive.io\/de\/","logo":{"@type":"ImageObject","inLanguage":"de-DE","@id":"https:\/\/productive.io\/de\/#\/schema\/logo\/image\/","url":"https:\/\/website-assets.productive.io\/uploads\/2025\/09\/Productive-logo-for-Yoast-do-not-delete.webp","contentUrl":"https:\/\/website-assets.productive.io\/uploads\/2025\/09\/Productive-logo-for-Yoast-do-not-delete.webp","width":696,"height":696,"caption":"Productive"},"image":{"@id":"https:\/\/productive.io\/de\/#\/schema\/logo\/image\/"},"sameAs":["https:\/\/www.facebook.com\/productiveio\/","https:\/\/www.linkedin.com\/company\/productive-io\/","https:\/\/www.youtube.com\/@productive_io","https:\/\/www.instagram.com\/productive.io\/","https:\/\/www.g2.com\/products\/productive\/reviews","https:\/\/www.capterra.com\/p\/169710\/Productive\/","https:\/\/www.crunchbase.com\/organization\/productive-io","https:\/\/www.trustpilot.com\/review\/www.productive.io","https:\/\/github.com\/productiveio"],"description":"Productive - Agency Management & PSA - Run resources, projects, budgets, and profitability in one platform built for agencies and professional services.","email":"contact@productive.io","legalName":"The Productive Company Inc.","foundingDate":"2014-01-01","numberOfEmployees":{"@type":"QuantitativeValue","minValue":"51","maxValue":"200"}}]}},"_links":{"self":[{"href":"https:\/\/productive.io\/de\/wp-json\/wp\/v2\/pages\/56827","targetHints":{"allow":["GET"]}}],"collection":[{"href":"https:\/\/productive.io\/de\/wp-json\/wp\/v2\/pages"}],"about":[{"href":"https:\/\/productive.io\/de\/wp-json\/wp\/v2\/types\/page"}],"author":[{"embeddable":true,"href":"https:\/\/productive.io\/de\/wp-json\/wp\/v2\/users\/26"}],"replies":[{"embeddable":true,"href":"https:\/\/productive.io\/de\/wp-json\/wp\/v2\/comments?post=56827"}],"version-history":[{"count":6,"href":"https:\/\/productive.io\/de\/wp-json\/wp\/v2\/pages\/56827\/revisions"}],"predecessor-version":[{"id":59406,"href":"https:\/\/productive.io\/de\/wp-json\/wp\/v2\/pages\/56827\/revisions\/59406"}],"up":[{"embeddable":true,"href":"https:\/\/productive.io\/de\/wp-json\/wp\/v2\/pages\/56814"}],"wp:attachment":[{"href":"https:\/\/productive.io\/de\/wp-json\/wp\/v2\/media?parent=56827"}],"wp:term":[{"taxonomy":"job-category","embeddable":true,"href":"https:\/\/productive.io\/de\/wp-json\/wp\/v2\/job-category?post=56827"},{"taxonomy":"page-category","embeddable":true,"href":"https:\/\/productive.io\/de\/wp-json\/wp\/v2\/page-category?post=56827"}],"curies":[{"name":"wp","href":"https:\/\/api.w.org\/{rel}","templated":true}]}}