{"id":56826,"date":"2023-08-09T09:17:55","date_gmt":"2023-08-09T09:17:55","guid":{"rendered":"https:\/\/productive.io\/?page_id=56826"},"modified":"2025-11-20T10:55:58","modified_gmt":"2025-11-20T10:55:58","slug":"demo-buchen","status":"publish","type":"page","link":"https:\/\/productive.io\/de\/demo-buchen\/","title":{"rendered":"Demo buchen"},"content":{"rendered":"<h1   > DEMO BUCHEN<\/h1> <h2   > Fragen? Wir haben <strong>Antworten<\/strong><\/h2> <p   > Kontaktiere unser Team, um zu sehen, wie deine Agentur von Productive profitieren kann.<\/p> <p   > Kontaktiere unser Vertriebsteam unter <a href=\"mailto:sales@productive.io\"><strong>sales@productive.io<\/strong><\/a><\/p> <img  src=\"https:\/\/productive.io\/wp-content\/uploads\/2021\/09\/Questions_-Weve-Got-Answers.svg\"  alt=\"\" loading=lazy \/> <p   > <\/p> <p   > <\/p><a   href=\"#\" > <p   > <\/p> <\/a> <img  src=\"https:\/\/productive.io\/wp-content\/uploads\/2021\/08\/Screenshot-2021-08-23-at-11.26.23-2.png\"  alt=\"\" loading=lazy \/> <p   > Nika Serdoner<br>Projektmanager,<br>ENKI<br><\/p> <p   > Ein vollst\u00e4ndiger \u00dcberblick \u00fcber Projekte, offene Aufgaben, Teambelegung und Rentabilit\u00e4t erleichtert das Projektmanagement erheblich.<\/p> <img  src=\"https:\/\/website-assets.productive.io\/uploads\/2024\/05\/Kate-Higham-Born-Social-Productive.png\"  alt=\"\" loading=lazy \/> <p   > KATE HIGHAM<br>Gesch\u00e4ftsf\u00fchrerin,<br>BORNSOCIAL<\/p> <p   > Productive hat eine Schl\u00fcsselrolle bei der Planung von Ressourcen und Einstellungen gespielt\u2014wirklich wachstumsf\u00f6rdernd f\u00fcr uns.<\/p> <img  src=\"https:\/\/website-assets.productive.io\/uploads\/2024\/05\/Miles-Scott-Akcelo.png\"  alt=\"\" loading=lazy \/> <p   > MILES SCOTT<br>COO,<br>AKCELO<br><\/p> <p   > Die Berichterstellung in Productive ist wie nichts, was ich in einem anderen System je gesehen habe. Sie ist extrem leistungsstark.<\/p> <img  src=\"https:\/\/productive.io\/wp-content\/uploads\/2021\/08\/Lore-Hamilton-Program-Manager-Rietta.png\"  alt=\"\" loading=lazy \/> <p   > lore hamilton<br>Programmmanager,<br>rietta<\/p> <p   > Mit den sich wiederholenden Vorlagen, die ich verwende, und den standardm\u00e4\u00dfigen Positionen dauert die Rechnungserstellung f\u00fcr 30-40 Kunden pro Monat in Productive nur ein paar Stunden.<\/p> <p   > <\/p>","protected":false},"excerpt":{"rendered":"","protected":false},"author":42,"featured_media":0,"parent":0,"menu_order":0,"comment_status":"closed","ping_status":"closed","template":"","meta":{"_acf_changed":false,"es_utils_meta_schema":"","footnotes":""},"job-category":[],"page-category":[],"class_list":["post-56826","page","type-page","status-publish","hentry"],"acf":[],"yoast_head":"<!-- This site is optimized with the Yoast SEO Premium plugin v27.2 (Yoast SEO v27.2) - https:\/\/yoast.com\/product\/yoast-seo-premium-wordpress\/ -->\n<title>Demo buchen | Productive<\/title>\n<meta name=\"description\" content=\"Ben\u00f6tigst du weitere Details, um den besten Plan f\u00fcr deine Agentur zu verstehen? Buche eine Demo, um zu sehen, wie deine Agentur von Productive profitieren kann.\" \/>\n<meta name=\"robots\" content=\"index, follow, max-snippet:-1, max-image-preview:large, max-video-preview:-1\" \/>\n<link rel=\"canonical\" href=\"https:\/\/productive.io\/de\/demo-buchen\/\" \/>\n<meta property=\"og:locale\" content=\"de_DE\" \/>\n<meta property=\"og:type\" content=\"article\" \/>\n<meta property=\"og:title\" content=\"Demo buchen\" \/>\n<meta property=\"og:description\" content=\"Ben\u00f6tigst du weitere Details, um den besten Plan f\u00fcr deine Agentur zu verstehen? Buche eine Demo, um zu sehen, wie deine Agentur von Productive profitieren kann.\" \/>\n<meta property=\"og:url\" content=\"https:\/\/productive.io\/de\/demo-buchen\/\" \/>\n<meta property=\"og:site_name\" content=\"Productive\" \/>\n<meta property=\"article:publisher\" content=\"https:\/\/www.facebook.com\/productiveio\/\" \/>\n<meta property=\"article:modified_time\" content=\"2025-11-20T10:55:58+00:00\" \/>\n<meta name=\"twitter:card\" content=\"summary_large_image\" \/>\n<meta name=\"twitter:label1\" content=\"Gesch\u00e4tzte Lesezeit\" \/>\n\t<meta name=\"twitter:data1\" content=\"2 minutes\" \/>\n<script type=\"application\/ld+json\" class=\"yoast-schema-graph\">{\"@context\":\"https:\/\/schema.org\",\"@graph\":[{\"@type\":\"WebPage\",\"@id\":\"https:\/\/productive.io\/de\/demo-buchen\/\",\"url\":\"https:\/\/productive.io\/de\/demo-buchen\/\",\"name\":\"Demo buchen | Productive\",\"isPartOf\":{\"@id\":\"https:\/\/productive.io\/de\/#website\"},\"datePublished\":\"2023-08-09T09:17:55+00:00\",\"dateModified\":\"2025-11-20T10:55:58+00:00\",\"description\":\"Ben\u00f6tigst du weitere Details, um den besten Plan f\u00fcr deine Agentur zu verstehen? Buche eine Demo, um zu sehen, wie deine Agentur von Productive profitieren kann.\",\"breadcrumb\":{\"@id\":\"https:\/\/productive.io\/de\/demo-buchen\/#breadcrumb\"},\"inLanguage\":\"de-DE\",\"potentialAction\":[{\"@type\":\"ReadAction\",\"target\":[\"https:\/\/productive.io\/de\/demo-buchen\/\"]}]},{\"@type\":\"BreadcrumbList\",\"@id\":\"https:\/\/productive.io\/de\/demo-buchen\/#breadcrumb\",\"itemListElement\":[{\"@type\":\"ListItem\",\"position\":1,\"name\":\"Home\",\"item\":\"https:\/\/productive.io\/de\/\"},{\"@type\":\"ListItem\",\"position\":2,\"name\":\"Demo buchen\"}]},{\"@type\":\"WebSite\",\"@id\":\"https:\/\/productive.io\/de\/#website\",\"url\":\"https:\/\/productive.io\/de\/\",\"name\":\"Productive\",\"description\":\"The Only Tool You Need To Run a Profitable Agency\",\"publisher\":{\"@id\":\"https:\/\/productive.io\/de\/#organization\"},\"potentialAction\":[{\"@type\":\"SearchAction\",\"target\":{\"@type\":\"EntryPoint\",\"urlTemplate\":\"https:\/\/productive.io\/de\/?s={search_term_string}\"},\"query-input\":{\"@type\":\"PropertyValueSpecification\",\"valueRequired\":true,\"valueName\":\"search_term_string\"}}],\"inLanguage\":\"de-DE\"},{\"@type\":\"Organization\",\"@id\":\"https:\/\/productive.io\/de\/#organization\",\"name\":\"Productive\",\"url\":\"https:\/\/productive.io\/de\/\",\"logo\":{\"@type\":\"ImageObject\",\"inLanguage\":\"de-DE\",\"@id\":\"https:\/\/productive.io\/de\/#\/schema\/logo\/image\/\",\"url\":\"https:\/\/website-assets.productive.io\/uploads\/2025\/09\/Productive-logo-for-Yoast-do-not-delete.webp\",\"contentUrl\":\"https:\/\/website-assets.productive.io\/uploads\/2025\/09\/Productive-logo-for-Yoast-do-not-delete.webp\",\"width\":696,\"height\":696,\"caption\":\"Productive\"},\"image\":{\"@id\":\"https:\/\/productive.io\/de\/#\/schema\/logo\/image\/\"},\"sameAs\":[\"https:\/\/www.facebook.com\/productiveio\/\",\"https:\/\/www.linkedin.com\/company\/productive-io\/\",\"https:\/\/www.youtube.com\/@productive_io\",\"https:\/\/www.instagram.com\/productive.io\/\",\"https:\/\/www.g2.com\/products\/productive\/reviews\",\"https:\/\/www.capterra.com\/p\/169710\/Productive\/\",\"https:\/\/www.crunchbase.com\/organization\/productive-io\",\"https:\/\/www.trustpilot.com\/review\/www.productive.io\",\"https:\/\/github.com\/productiveio\"],\"description\":\"Productive - Agency Management & PSA - Run resources, projects, budgets, and profitability in one platform built for agencies and professional services.\",\"email\":\"contact@productive.io\",\"legalName\":\"The Productive Company Inc.\",\"foundingDate\":\"2014-01-01\",\"numberOfEmployees\":{\"@type\":\"QuantitativeValue\",\"minValue\":\"51\",\"maxValue\":\"200\"}}]}<\/script>\n<!-- \/ Yoast SEO Premium plugin. -->","yoast_head_json":{"title":"Demo buchen | Productive","description":"Ben\u00f6tigst du weitere Details, um den besten Plan f\u00fcr deine Agentur zu verstehen? Buche eine Demo, um zu sehen, wie deine Agentur von Productive profitieren kann.","robots":{"index":"index","follow":"follow","max-snippet":"max-snippet:-1","max-image-preview":"max-image-preview:large","max-video-preview":"max-video-preview:-1"},"canonical":"https:\/\/productive.io\/de\/demo-buchen\/","og_locale":"de_DE","og_type":"article","og_title":"Demo buchen","og_description":"Ben\u00f6tigst du weitere Details, um den besten Plan f\u00fcr deine Agentur zu verstehen? Buche eine Demo, um zu sehen, wie deine Agentur von Productive profitieren kann.","og_url":"https:\/\/productive.io\/de\/demo-buchen\/","og_site_name":"Productive","article_publisher":"https:\/\/www.facebook.com\/productiveio\/","article_modified_time":"2025-11-20T10:55:58+00:00","twitter_card":"summary_large_image","twitter_misc":{"Gesch\u00e4tzte Lesezeit":"2 minutes"},"schema":{"@context":"https:\/\/schema.org","@graph":[{"@type":"WebPage","@id":"https:\/\/productive.io\/de\/demo-buchen\/","url":"https:\/\/productive.io\/de\/demo-buchen\/","name":"Demo buchen | Productive","isPartOf":{"@id":"https:\/\/productive.io\/de\/#website"},"datePublished":"2023-08-09T09:17:55+00:00","dateModified":"2025-11-20T10:55:58+00:00","description":"Ben\u00f6tigst du weitere Details, um den besten Plan f\u00fcr deine Agentur zu verstehen? Buche eine Demo, um zu sehen, wie deine Agentur von Productive profitieren kann.","breadcrumb":{"@id":"https:\/\/productive.io\/de\/demo-buchen\/#breadcrumb"},"inLanguage":"de-DE","potentialAction":[{"@type":"ReadAction","target":["https:\/\/productive.io\/de\/demo-buchen\/"]}]},{"@type":"BreadcrumbList","@id":"https:\/\/productive.io\/de\/demo-buchen\/#breadcrumb","itemListElement":[{"@type":"ListItem","position":1,"name":"Home","item":"https:\/\/productive.io\/de\/"},{"@type":"ListItem","position":2,"name":"Demo buchen"}]},{"@type":"WebSite","@id":"https:\/\/productive.io\/de\/#website","url":"https:\/\/productive.io\/de\/","name":"Productive","description":"The Only Tool You Need To Run a Profitable Agency","publisher":{"@id":"https:\/\/productive.io\/de\/#organization"},"potentialAction":[{"@type":"SearchAction","target":{"@type":"EntryPoint","urlTemplate":"https:\/\/productive.io\/de\/?s={search_term_string}"},"query-input":{"@type":"PropertyValueSpecification","valueRequired":true,"valueName":"search_term_string"}}],"inLanguage":"de-DE"},{"@type":"Organization","@id":"https:\/\/productive.io\/de\/#organization","name":"Productive","url":"https:\/\/productive.io\/de\/","logo":{"@type":"ImageObject","inLanguage":"de-DE","@id":"https:\/\/productive.io\/de\/#\/schema\/logo\/image\/","url":"https:\/\/website-assets.productive.io\/uploads\/2025\/09\/Productive-logo-for-Yoast-do-not-delete.webp","contentUrl":"https:\/\/website-assets.productive.io\/uploads\/2025\/09\/Productive-logo-for-Yoast-do-not-delete.webp","width":696,"height":696,"caption":"Productive"},"image":{"@id":"https:\/\/productive.io\/de\/#\/schema\/logo\/image\/"},"sameAs":["https:\/\/www.facebook.com\/productiveio\/","https:\/\/www.linkedin.com\/company\/productive-io\/","https:\/\/www.youtube.com\/@productive_io","https:\/\/www.instagram.com\/productive.io\/","https:\/\/www.g2.com\/products\/productive\/reviews","https:\/\/www.capterra.com\/p\/169710\/Productive\/","https:\/\/www.crunchbase.com\/organization\/productive-io","https:\/\/www.trustpilot.com\/review\/www.productive.io","https:\/\/github.com\/productiveio"],"description":"Productive - Agency Management & PSA - Run resources, projects, budgets, and profitability in one platform built for agencies and professional services.","email":"contact@productive.io","legalName":"The Productive Company Inc.","foundingDate":"2014-01-01","numberOfEmployees":{"@type":"QuantitativeValue","minValue":"51","maxValue":"200"}}]}},"_links":{"self":[{"href":"https:\/\/productive.io\/de\/wp-json\/wp\/v2\/pages\/56826","targetHints":{"allow":["GET"]}}],"collection":[{"href":"https:\/\/productive.io\/de\/wp-json\/wp\/v2\/pages"}],"about":[{"href":"https:\/\/productive.io\/de\/wp-json\/wp\/v2\/types\/page"}],"author":[{"embeddable":true,"href":"https:\/\/productive.io\/de\/wp-json\/wp\/v2\/users\/42"}],"replies":[{"embeddable":true,"href":"https:\/\/productive.io\/de\/wp-json\/wp\/v2\/comments?post=56826"}],"version-history":[{"count":6,"href":"https:\/\/productive.io\/de\/wp-json\/wp\/v2\/pages\/56826\/revisions"}],"predecessor-version":[{"id":62853,"href":"https:\/\/productive.io\/de\/wp-json\/wp\/v2\/pages\/56826\/revisions\/62853"}],"wp:attachment":[{"href":"https:\/\/productive.io\/de\/wp-json\/wp\/v2\/media?parent=56826"}],"wp:term":[{"taxonomy":"job-category","embeddable":true,"href":"https:\/\/productive.io\/de\/wp-json\/wp\/v2\/job-category?post=56826"},{"taxonomy":"page-category","embeddable":true,"href":"https:\/\/productive.io\/de\/wp-json\/wp\/v2\/page-category?post=56826"}],"curies":[{"name":"wp","href":"https:\/\/api.w.org\/{rel}","templated":true}]}}