{"id":56824,"date":"2024-05-09T12:11:06","date_gmt":"2024-05-09T12:11:06","guid":{"rendered":"https:\/\/productive.io\/?page_id=56824"},"modified":"2025-05-19T04:19:13","modified_gmt":"2025-05-19T04:19:13","slug":"arbeitsauslastung","status":"publish","type":"page","link":"https:\/\/productive.io\/de\/projektmanagement\/arbeitsauslastung\/","title":{"rendered":"Arbeitsauslastung"},"content":{"rendered":"<h2   > <strong>PROJEKTMANAGEMENT<\/strong><\/h2> <h1   > \u00dcberwachen Sie die Arbeitsauslastung und <strong>verbessern Sie die Auslastung<\/strong><\/h1> <p   > Verwalten Sie die t\u00e4gliche und w\u00f6chentliche Arbeitsbelastung Ihres Teams mit einer leicht verst\u00e4ndlichen Ansicht. Verhindern Sie Burnout und verbessern Sie die Effizienz des Teams. <\/p> <p   > Kostenlos testen<\/p> <a   data-cta-block-type=dual_button_form href=\"https:\/\/productive.io\/de\/demo-buchen\/\" > <p   > Demo buchen<\/p> <\/a> <a   data-cta-block-type=dual_button_form href=\"https:\/\/productive.io\/de\/demo-buchen\/\" > <p   > Demo buchen<\/p> <\/a> <img  src=\"https:\/\/website-assets.productive.io\/uploads\/2025\/05\/PMW-Productive-Workload-d.svg\"  alt=\"\" loading=lazy \/> <img  src=\"https:\/\/website-assets.productive.io\/uploads\/2025\/05\/PMW-Productive-ausgewogene-Workload-d.svg\"  alt=\"\" loading=lazy \/> <h2   > <strong>Ausgewogenere Arbeitsbelastungen<\/strong> schaffen<\/h2> <p   > \u00dcberpr\u00fcfen Sie die t\u00e4gliche und w\u00f6chentliche Arbeitsbelastung jedes Teammitglieds mit mehreren Aufgaben auf einen Blick zur Verf\u00fcgung. Identifizieren Sie leicht, welches Teammitglied \u00fcberlastet oder unterausgelastet ist, durch farbcodierte Indikatoren.<\/p> <h2   > Delegieren Sie, um einen <strong>reibungslosen Ablauf zu gew\u00e4hrleisten<\/strong><\/h2> <h3   > Weisen Sie Aufgaben verschiedenen Teammitgliedern neu zu, um realistische Lieferungserwartungen zu verwalten. Sehen Sie, wie sich pers\u00f6nliche Auszeiten und Feiertage auf Ihren Wochenplan auswirken und passen Sie F\u00e4lligkeitstermine entsprechend an.<\/h3> <img  src=\"https:\/\/website-assets.productive.io\/uploads\/2025\/05\/PMW-Productive-neu-zuweisen-d.svg\"  alt=\"\" loading=lazy \/> <img  src=\"https:\/\/website-assets.productive.io\/uploads\/2025\/05\/PMW-Productive-Zeit-schatzen-d.svg\"  alt=\"\" loading=lazy \/> <h4   > <strong>Bessere Planung<\/strong> mit Zeitvorgaben<\/h4> <p   > F\u00fcgen Sie Aufgaben Zeitsch\u00e4tzungen hinzu, um realistische Zeitpl\u00e4ne zu erstellen. Diese Sch\u00e4tzungen werden dann von der t\u00e4glichen Kapazit\u00e4t der Person abgezogen, um einen klareren \u00dcberblick \u00fcber deren Arbeitsbelastung zu erhalten.<\/p> <img  src=\"https:\/\/website-assets.productive.io\/uploads\/2025\/05\/PMW-Productive-Zeit-vollstandig-d.svg\"  alt=\"\" loading=lazy \/> <h2   > Was ist meine <strong>Bearbeitungszeit?<\/strong><\/h2> <p   > Vergleichen Sie w\u00e4hrend des Arbeitsfortschritts die gesch\u00e4tzte Zeit mit der tats\u00e4chlich verbrauchten Zeit. Visualisieren Sie den Fortschritt in Echtzeit, um fundierte Entscheidungen zu treffen.<\/p>","protected":false},"excerpt":{"rendered":"","protected":false},"author":26,"featured_media":0,"parent":56815,"menu_order":0,"comment_status":"closed","ping_status":"closed","template":"","meta":{"_acf_changed":false,"es_utils_meta_schema":"","footnotes":""},"job-category":[],"page-category":[],"class_list":["post-56824","page","type-page","status-publish","hentry"],"acf":[],"yoast_head":"<!-- This site is optimized with the Yoast SEO Premium plugin v27.2 (Yoast SEO v27.2) - https:\/\/yoast.com\/product\/yoast-seo-premium-wordpress\/ -->\n<title>Arbeitsauslastung - Productive<\/title>\n<meta name=\"description\" content=\"Treffen Sie schnellere und fundiertere Entscheidungen mit mehreren Projekten auf einen Blick sichtbar. Verhindern Sie Burnout und verbessern Sie die Effizienz des Teams.\" \/>\n<meta name=\"robots\" content=\"index, follow, max-snippet:-1, max-image-preview:large, max-video-preview:-1\" \/>\n<link rel=\"canonical\" href=\"https:\/\/productive.io\/de\/projektmanagement\/arbeitsauslastung\/\" \/>\n<meta property=\"og:locale\" content=\"de_DE\" \/>\n<meta property=\"og:type\" content=\"article\" \/>\n<meta property=\"og:title\" content=\"Arbeitsauslastung\" \/>\n<meta property=\"og:description\" content=\"Treffen Sie schnellere und fundiertere Entscheidungen mit mehreren Projekten auf einen Blick sichtbar. Verhindern Sie Burnout und verbessern Sie die Effizienz des Teams.\" \/>\n<meta property=\"og:url\" content=\"https:\/\/productive.io\/de\/projektmanagement\/arbeitsauslastung\/\" \/>\n<meta property=\"og:site_name\" content=\"Productive\" \/>\n<meta property=\"article:publisher\" content=\"https:\/\/www.facebook.com\/productiveio\/\" \/>\n<meta property=\"article:modified_time\" content=\"2025-05-19T04:19:13+00:00\" \/>\n<meta name=\"twitter:card\" content=\"summary_large_image\" \/>\n<script type=\"application\/ld+json\" class=\"yoast-schema-graph\">{\"@context\":\"https:\/\/schema.org\",\"@graph\":[{\"@type\":\"WebPage\",\"@id\":\"https:\/\/productive.io\/de\/projektmanagement\/arbeitsauslastung\/\",\"url\":\"https:\/\/productive.io\/de\/projektmanagement\/arbeitsauslastung\/\",\"name\":\"Arbeitsauslastung - Productive\",\"isPartOf\":{\"@id\":\"https:\/\/productive.io\/de\/#website\"},\"datePublished\":\"2024-05-09T12:11:06+00:00\",\"dateModified\":\"2025-05-19T04:19:13+00:00\",\"description\":\"Treffen Sie schnellere und fundiertere Entscheidungen mit mehreren Projekten auf einen Blick sichtbar. Verhindern Sie Burnout und verbessern Sie die Effizienz des Teams.\",\"breadcrumb\":{\"@id\":\"https:\/\/productive.io\/de\/projektmanagement\/arbeitsauslastung\/#breadcrumb\"},\"inLanguage\":\"de-DE\",\"potentialAction\":[{\"@type\":\"ReadAction\",\"target\":[\"https:\/\/productive.io\/de\/projektmanagement\/arbeitsauslastung\/\"]}]},{\"@type\":\"BreadcrumbList\",\"@id\":\"https:\/\/productive.io\/de\/projektmanagement\/arbeitsauslastung\/#breadcrumb\",\"itemListElement\":[{\"@type\":\"ListItem\",\"position\":1,\"name\":\"Home\",\"item\":\"https:\/\/productive.io\/de\/\"},{\"@type\":\"ListItem\",\"position\":2,\"name\":\"Projektmanagement\",\"item\":\"https:\/\/productive.io\/de\/projektmanagement\/\"},{\"@type\":\"ListItem\",\"position\":3,\"name\":\"Arbeitsauslastung\"}]},{\"@type\":\"WebSite\",\"@id\":\"https:\/\/productive.io\/de\/#website\",\"url\":\"https:\/\/productive.io\/de\/\",\"name\":\"Productive\",\"description\":\"The Only Tool You Need To Run a Profitable Agency\",\"publisher\":{\"@id\":\"https:\/\/productive.io\/de\/#organization\"},\"potentialAction\":[{\"@type\":\"SearchAction\",\"target\":{\"@type\":\"EntryPoint\",\"urlTemplate\":\"https:\/\/productive.io\/de\/?s={search_term_string}\"},\"query-input\":{\"@type\":\"PropertyValueSpecification\",\"valueRequired\":true,\"valueName\":\"search_term_string\"}}],\"inLanguage\":\"de-DE\"},{\"@type\":\"Organization\",\"@id\":\"https:\/\/productive.io\/de\/#organization\",\"name\":\"Productive\",\"url\":\"https:\/\/productive.io\/de\/\",\"logo\":{\"@type\":\"ImageObject\",\"inLanguage\":\"de-DE\",\"@id\":\"https:\/\/productive.io\/de\/#\/schema\/logo\/image\/\",\"url\":\"https:\/\/website-assets.productive.io\/uploads\/2025\/09\/Productive-logo-for-Yoast-do-not-delete.webp\",\"contentUrl\":\"https:\/\/website-assets.productive.io\/uploads\/2025\/09\/Productive-logo-for-Yoast-do-not-delete.webp\",\"width\":696,\"height\":696,\"caption\":\"Productive\"},\"image\":{\"@id\":\"https:\/\/productive.io\/de\/#\/schema\/logo\/image\/\"},\"sameAs\":[\"https:\/\/www.facebook.com\/productiveio\/\",\"https:\/\/www.linkedin.com\/company\/productive-io\/\",\"https:\/\/www.youtube.com\/@productive_io\",\"https:\/\/www.instagram.com\/productive.io\/\",\"https:\/\/www.g2.com\/products\/productive\/reviews\",\"https:\/\/www.capterra.com\/p\/169710\/Productive\/\",\"https:\/\/www.crunchbase.com\/organization\/productive-io\",\"https:\/\/www.trustpilot.com\/review\/www.productive.io\",\"https:\/\/github.com\/productiveio\"],\"description\":\"Productive - Agency Management & PSA - Run resources, projects, budgets, and profitability in one platform built for agencies and professional services.\",\"email\":\"contact@productive.io\",\"legalName\":\"The Productive Company Inc.\",\"foundingDate\":\"2014-01-01\",\"numberOfEmployees\":{\"@type\":\"QuantitativeValue\",\"minValue\":\"51\",\"maxValue\":\"200\"}}]}<\/script>\n<!-- \/ Yoast SEO Premium plugin. -->","yoast_head_json":{"title":"Arbeitsauslastung - Productive","description":"Treffen Sie schnellere und fundiertere Entscheidungen mit mehreren Projekten auf einen Blick sichtbar. Verhindern Sie Burnout und verbessern Sie die Effizienz des Teams.","robots":{"index":"index","follow":"follow","max-snippet":"max-snippet:-1","max-image-preview":"max-image-preview:large","max-video-preview":"max-video-preview:-1"},"canonical":"https:\/\/productive.io\/de\/projektmanagement\/arbeitsauslastung\/","og_locale":"de_DE","og_type":"article","og_title":"Arbeitsauslastung","og_description":"Treffen Sie schnellere und fundiertere Entscheidungen mit mehreren Projekten auf einen Blick sichtbar. Verhindern Sie Burnout und verbessern Sie die Effizienz des Teams.","og_url":"https:\/\/productive.io\/de\/projektmanagement\/arbeitsauslastung\/","og_site_name":"Productive","article_publisher":"https:\/\/www.facebook.com\/productiveio\/","article_modified_time":"2025-05-19T04:19:13+00:00","twitter_card":"summary_large_image","schema":{"@context":"https:\/\/schema.org","@graph":[{"@type":"WebPage","@id":"https:\/\/productive.io\/de\/projektmanagement\/arbeitsauslastung\/","url":"https:\/\/productive.io\/de\/projektmanagement\/arbeitsauslastung\/","name":"Arbeitsauslastung - Productive","isPartOf":{"@id":"https:\/\/productive.io\/de\/#website"},"datePublished":"2024-05-09T12:11:06+00:00","dateModified":"2025-05-19T04:19:13+00:00","description":"Treffen Sie schnellere und fundiertere Entscheidungen mit mehreren Projekten auf einen Blick sichtbar. Verhindern Sie Burnout und verbessern Sie die Effizienz des Teams.","breadcrumb":{"@id":"https:\/\/productive.io\/de\/projektmanagement\/arbeitsauslastung\/#breadcrumb"},"inLanguage":"de-DE","potentialAction":[{"@type":"ReadAction","target":["https:\/\/productive.io\/de\/projektmanagement\/arbeitsauslastung\/"]}]},{"@type":"BreadcrumbList","@id":"https:\/\/productive.io\/de\/projektmanagement\/arbeitsauslastung\/#breadcrumb","itemListElement":[{"@type":"ListItem","position":1,"name":"Home","item":"https:\/\/productive.io\/de\/"},{"@type":"ListItem","position":2,"name":"Projektmanagement","item":"https:\/\/productive.io\/de\/projektmanagement\/"},{"@type":"ListItem","position":3,"name":"Arbeitsauslastung"}]},{"@type":"WebSite","@id":"https:\/\/productive.io\/de\/#website","url":"https:\/\/productive.io\/de\/","name":"Productive","description":"The Only Tool You Need To Run a Profitable Agency","publisher":{"@id":"https:\/\/productive.io\/de\/#organization"},"potentialAction":[{"@type":"SearchAction","target":{"@type":"EntryPoint","urlTemplate":"https:\/\/productive.io\/de\/?s={search_term_string}"},"query-input":{"@type":"PropertyValueSpecification","valueRequired":true,"valueName":"search_term_string"}}],"inLanguage":"de-DE"},{"@type":"Organization","@id":"https:\/\/productive.io\/de\/#organization","name":"Productive","url":"https:\/\/productive.io\/de\/","logo":{"@type":"ImageObject","inLanguage":"de-DE","@id":"https:\/\/productive.io\/de\/#\/schema\/logo\/image\/","url":"https:\/\/website-assets.productive.io\/uploads\/2025\/09\/Productive-logo-for-Yoast-do-not-delete.webp","contentUrl":"https:\/\/website-assets.productive.io\/uploads\/2025\/09\/Productive-logo-for-Yoast-do-not-delete.webp","width":696,"height":696,"caption":"Productive"},"image":{"@id":"https:\/\/productive.io\/de\/#\/schema\/logo\/image\/"},"sameAs":["https:\/\/www.facebook.com\/productiveio\/","https:\/\/www.linkedin.com\/company\/productive-io\/","https:\/\/www.youtube.com\/@productive_io","https:\/\/www.instagram.com\/productive.io\/","https:\/\/www.g2.com\/products\/productive\/reviews","https:\/\/www.capterra.com\/p\/169710\/Productive\/","https:\/\/www.crunchbase.com\/organization\/productive-io","https:\/\/www.trustpilot.com\/review\/www.productive.io","https:\/\/github.com\/productiveio"],"description":"Productive - Agency Management & PSA - Run resources, projects, budgets, and profitability in one platform built for agencies and professional services.","email":"contact@productive.io","legalName":"The Productive Company Inc.","foundingDate":"2014-01-01","numberOfEmployees":{"@type":"QuantitativeValue","minValue":"51","maxValue":"200"}}]}},"_links":{"self":[{"href":"https:\/\/productive.io\/de\/wp-json\/wp\/v2\/pages\/56824","targetHints":{"allow":["GET"]}}],"collection":[{"href":"https:\/\/productive.io\/de\/wp-json\/wp\/v2\/pages"}],"about":[{"href":"https:\/\/productive.io\/de\/wp-json\/wp\/v2\/types\/page"}],"author":[{"embeddable":true,"href":"https:\/\/productive.io\/de\/wp-json\/wp\/v2\/users\/26"}],"replies":[{"embeddable":true,"href":"https:\/\/productive.io\/de\/wp-json\/wp\/v2\/comments?post=56824"}],"version-history":[{"count":6,"href":"https:\/\/productive.io\/de\/wp-json\/wp\/v2\/pages\/56824\/revisions"}],"predecessor-version":[{"id":59386,"href":"https:\/\/productive.io\/de\/wp-json\/wp\/v2\/pages\/56824\/revisions\/59386"}],"up":[{"embeddable":true,"href":"https:\/\/productive.io\/de\/wp-json\/wp\/v2\/pages\/56815"}],"wp:attachment":[{"href":"https:\/\/productive.io\/de\/wp-json\/wp\/v2\/media?parent=56824"}],"wp:term":[{"taxonomy":"job-category","embeddable":true,"href":"https:\/\/productive.io\/de\/wp-json\/wp\/v2\/job-category?post=56824"},{"taxonomy":"page-category","embeddable":true,"href":"https:\/\/productive.io\/de\/wp-json\/wp\/v2\/page-category?post=56824"}],"curies":[{"name":"wp","href":"https:\/\/api.w.org\/{rel}","templated":true}]}}