{"id":56819,"date":"2021-08-12T08:01:37","date_gmt":"2021-08-12T08:01:37","guid":{"rendered":"https:\/\/productive.io\/?page_id=56819"},"modified":"2025-11-28T14:22:52","modified_gmt":"2025-11-28T14:22:52","slug":"abrechnung","status":"publish","type":"page","link":"https:\/\/productive.io\/de\/abrechnung\/","title":{"rendered":"Abrechnung."},"content":{"rendered":"<h2   > <strong>ABRECHNUNG<\/strong><\/h2> <h1   > Sparen Sie Stunden bei der <strong>Rechnungsstellung<\/strong><\/h1> <p   > Verlassen Sie sich auf Productive, um Rechnungen schneller denn je zu erstellen. Berechnen Sie Kunden Ihre Dienstleistungen in wenigen Klicks \u2013 sei es Zeit und Material, Ausgaben oder Festgeb\u00fchren.<\/p> <p   > Kostenlos testen<\/p> <a   data-cta-conversion-type=book_a_demo data-cta-block-type=dual_button_form href=\"https:\/\/productive.io\/book-a-demo\/\" > <p   > Demo buchen<\/p> <\/a> <a   data-cta-conversion-type=book_a_demo data-cta-block-type=dual_button_form href=\"https:\/\/productive.io\/book-a-demo\/\" > <p   > Demo buchen<\/p> <\/a> <img  src=\"https:\/\/website-assets.productive.io\/uploads\/2025\/05\/BI-Productive-Rechnungsstellung-Hauptmotiv-d.svg\"  alt=\"\" loading=lazy \/> <h2   > <strong>Rechnungen erstellen<\/strong> <br \/>In wenigen <strong>Klicks<\/strong><\/h2> <img  src=\"https:\/\/website-assets.productive.io\/uploads\/2025\/11\/BI-Productive-Create-invoices-d.svg\"  alt=\"\" loading=lazy \/> <h3   > Berechnen Sie entweder verbleibende Zeit und Ausgaben oder Betr\u00e4ge, die noch abzurechnen sind.<\/h3> <p   > KARLA VINCHEVA<br \/>Produktionsleiterin, Build in Amsterdam<\/p> <p   > Fr\u00fcher haben wir haupts\u00e4chlich mit Excel gearbeitet, um Rechnungen zu erstellen und diese dann separat an unsere Buchhalter:innen geschickt. Jetzt ist der direkte Anschluss zwischen Exact und Productive sowie die verf\u00fcgbare Rechnungsvorlage viel automatischer und weniger fehleranf\u00e4llig.<\/p> <img  src=\"https:\/\/website-assets.productive.io\/uploads\/2025\/05\/BI-Productive-Flexibilitat-bei-der-Rechnungsstellung-d.svg\"  alt=\"\" loading=lazy \/> <h4   > <strong>Flexibilit\u00e4t bei der Abrechnung.<\/strong><\/h4> <p   > Kombinieren Sie verschiedene Projekte und Dienstleistungen, um mehrere Budgets gleichzeitig abzurechnen.<\/p> <img  src=\"https:\/\/website-assets.productive.io\/uploads\/2025\/05\/BI-Productive-ein-ganzes-Projekt-in-Rechnung-stellen-d.svg\"  alt=\"\" loading=lazy \/> <h4   > <strong>Berechnen Sie ein ganzes Projekt oder Teile davon<\/strong><\/h4> <p   > Entscheide, wie du deinen Kunden abrechnest \u2013 durch Budgetprozentsatz, Betrag oder nicht abgerechnete Stunden.<br \/><\/p> <img  src=\"https:\/\/website-assets.productive.io\/uploads\/2025\/05\/BI-Productive-Retainer-Rechnungsstellung-d.svg\"  alt=\"\" loading=lazy \/> <h4   > <strong><strong>Automatisierte Retainer-Abrechnung<\/strong><\/strong><\/h4> <p   > Lass Productive Rechnungen f\u00fcr wiederkehrende Budgets erstellen. Dann finalisieren und versenden Sie sie.<\/p> <h2   > Erhalte einen <strong>\u00dcberblick<\/strong> \u00fcber deine <strong>Rechnungsstellung<\/strong><\/h2> <p   > Werfen Sie einen Blick in die Rechnungsstellungsberichte, um Daten wie folgende zu sehen:<\/p> <p   > bereits fakturierte Betr\u00e4ge<\/p> <p   > Betr\u00e4ge, die noch zu fakturieren sind<\/p> <p   > \u00fcberf\u00e4llige Betr\u00e4ge<\/p> <p   > Kostenlos testen<\/p> <img  src=\"https:\/\/website-assets.productive.io\/uploads\/2025\/05\/BI-Productive-Uberblick-uber-die-Berichterstattung-d.svg\"  alt=\"\" loading=lazy \/> <h2   > Rechnungen mit <strong>deinen<\/strong> <strong>Tools<\/strong> erstellen. <br \/>Erf\u00fclle <strong>gesetzliche Anforderungen<\/strong>.<\/h2> <img  src=\"https:\/\/website-assets.productive.io\/uploads\/2025\/11\/BI-productive-accounting-integrations-d.svg\"  alt=\"\" loading=lazy \/> <h4   > <strong>Integriere<\/strong> deine Buchhaltungssoftware<\/h4> <p   > Erstelle Rechnungen mit Daten aus Productive, und finalisiere den Prozess in der gewohnten Buchhaltungssoftware: Xero, QuickBooks, Exact, Sage, und <a href=\"https:\/\/productive.io\/de\/integrationen\/\" target=\"_blank\" rel=\"noreferrer noopener\">mehr<\/a>.<\/p> <img  src=\"https:\/\/website-assets.productive.io\/uploads\/2025\/11\/BI-productive-set-up-einvoicing-d.svg\"  alt=\"\" loading=lazy \/> <h2   > Sende <strong>e-Invoices <\/strong>und bleibe konform.<\/h2> <p   > Productive unterst\u00fctzt <a href=\"https:\/\/productive.io\/de\/?page_id=67852\" target=\"_blank\" rel=\"noreferrer noopener\">e-Invoicing<\/a> mit dem xRechnung-Format und dem PEPPOL-Netzwerk. Erstelle XML-Dateien und sende Rechnungen \u00fcber einen integrierten Zugangsweg.<\/p> <h2   > <strong>Optimiere den Betrieb<\/strong> mit Productive<\/h2> <p   > Wechsel von mehreren Tools und Tabellenkalkulationen zu <br \/>einer skalierbaren Plattform f\u00fcr professionelle Dienstleistungen.<\/p> <h2   > Perfekt f\u00fcr Unternehmen <br \/>Die <strong>global t\u00e4tig sind<\/strong><\/h2> <img  src=\"https:\/\/productive.io\/wp-content\/uploads\/2021\/09\/support-for-multiple-subsidiaries.svg\"  alt=\"\" loading=lazy \/> <h4   > <strong>Unterst\u00fctzung f\u00fcr mehrere Tochtergesellschaften in einem Konto<\/strong><\/h4> <p   > Organisiere m\u00fchelos, wie du deine Buchf\u00fchrung f\u00fcr jede Niederlassung individuell handhabst.<\/p> <img  src=\"https:\/\/website-assets.productive.io\/uploads\/2025\/05\/BI-Productive-Rechnungstellung-in-verschiedenen-Wahrungen-d.svg\"  alt=\"\" loading=lazy \/> <h4   > <strong>Unterst\u00fctzung f\u00fcr mehrere W\u00e4hrungen<\/strong><\/h4> <p   > Erstelle m\u00fchelos Rechnungen in jeder gew\u00fcnschten W\u00e4hrung mit Unterst\u00fctzung f\u00fcr mehrere W\u00e4hrungen.<\/p> <img  src=\"https:\/\/website-assets.productive.io\/uploads\/2025\/05\/BI-Productive-mehrere-Wahrungen-d.svg\"  alt=\"\" loading=lazy \/> <h4   > <strong>Verfolge und bezahle Ausgaben in verschiedenen W\u00e4hrungen.<\/strong><\/h4> <p   > Die W\u00e4hrung deiner Budgets kann sich von der W\u00e4hrung deiner zus\u00e4tzlichen Ausgaben unterscheiden.<\/p> <h2   > Lass deine <strong>Rechnungen<\/strong> den <br \/>Look and Feel deines Unternehmens widerspiegeln.<\/h2> <p   > Senden Sie individuell gestaltete Rechnungen von Productive und richten Sie Zahlungserinnerungen ein.<\/p> <img  src=\"https:\/\/website-assets.productive.io\/uploads\/2025\/05\/BI-Productive-gebuchte-Rechnungen-d.svg\"  alt=\"\" loading=lazy \/> <h4   > Erstelle <strong>professionell aussehende<\/strong> Rechnungen.<\/h4> <p   > Erstelle und versende m\u00fchelos Rechnungen, die deine Marke widerspiegeln. Passe das Design an, f\u00fcge dein Logo hinzu und sende sie von deinem gesch\u00e4ftlichen E-Mail-Konto \u2013 alles innerhalb von Productive.<\/p> <img  src=\"https:\/\/website-assets.productive.io\/uploads\/2025\/05\/BI-Productive-Rechnungen-direkt-versenden-d.svg\"  alt=\"\" loading=lazy \/> <h2   > Stelle sicher, dass Rechnungen <strong>p\u00fcnktlich bezahlt<\/strong> werden.<\/h2> <p   > Richte eine individuelle E-Mail-Sequenz ein und erinnere Kunden h\u00f6flich an ausstehende Rechnungen. Sobald eine Rechnung bezahlt ist, werden die Erinnerungen automatisch gestoppt. <\/p>","protected":false},"excerpt":{"rendered":"","protected":false},"author":10,"featured_media":0,"parent":0,"menu_order":0,"comment_status":"closed","ping_status":"closed","template":"","meta":{"_acf_changed":false,"es_utils_meta_schema":"","footnotes":""},"job-category":[],"page-category":[1073],"class_list":["post-56819","page","type-page","status-publish","hentry"],"acf":[],"yoast_head":"<!-- This site is optimized with the Yoast SEO Premium plugin v27.2 (Yoast SEO v27.2) - https:\/\/yoast.com\/product\/yoast-seo-premium-wordpress\/ -->\n<title>Abrechnungs- &amp; Fakturierungs-Tool f\u00fcr professionelle Dienstleistungen | Productive<\/title>\n<meta name=\"description\" content=\"Sparen Sie Stunden bei der Rechnungsstellung. Erstellen Sie Rechnungen in wenigen Klicks, egal ob Festpreis oder stundenbasiert. Rechnungstellung in verschiedenen W\u00e4hrungen.\" \/>\n<meta name=\"robots\" content=\"index, follow, max-snippet:-1, max-image-preview:large, max-video-preview:-1\" \/>\n<link rel=\"canonical\" href=\"https:\/\/productive.io\/de\/abrechnung\/\" \/>\n<meta property=\"og:locale\" content=\"de_DE\" \/>\n<meta property=\"og:type\" content=\"article\" \/>\n<meta property=\"og:title\" content=\"Abrechnung.\" \/>\n<meta property=\"og:description\" content=\"Sparen Sie Stunden bei der Rechnungsstellung. Erstellen Sie Rechnungen in wenigen Klicks, egal ob Festpreis oder stundenbasiert. Rechnungstellung in verschiedenen W\u00e4hrungen.\" \/>\n<meta property=\"og:url\" content=\"https:\/\/productive.io\/de\/abrechnung\/\" \/>\n<meta property=\"og:site_name\" content=\"Productive\" \/>\n<meta property=\"article:publisher\" content=\"https:\/\/www.facebook.com\/productiveio\/\" \/>\n<meta property=\"article:modified_time\" content=\"2025-11-28T14:22:52+00:00\" \/>\n<meta name=\"twitter:card\" content=\"summary_large_image\" \/>\n<meta name=\"twitter:label1\" content=\"Gesch\u00e4tzte Lesezeit\" \/>\n\t<meta name=\"twitter:data1\" content=\"5 minutes\" \/>\n<script type=\"application\/ld+json\" class=\"yoast-schema-graph\">{\"@context\":\"https:\/\/schema.org\",\"@graph\":[{\"@type\":\"WebPage\",\"@id\":\"https:\/\/productive.io\/de\/abrechnung\/\",\"url\":\"https:\/\/productive.io\/de\/abrechnung\/\",\"name\":\"Abrechnungs- & Fakturierungs-Tool f\u00fcr professionelle Dienstleistungen | Productive\",\"isPartOf\":{\"@id\":\"https:\/\/productive.io\/de\/#website\"},\"datePublished\":\"2021-08-12T08:01:37+00:00\",\"dateModified\":\"2025-11-28T14:22:52+00:00\",\"description\":\"Sparen Sie Stunden bei der Rechnungsstellung. Erstellen Sie Rechnungen in wenigen Klicks, egal ob Festpreis oder stundenbasiert. Rechnungstellung in verschiedenen W\u00e4hrungen.\",\"breadcrumb\":{\"@id\":\"https:\/\/productive.io\/de\/abrechnung\/#breadcrumb\"},\"inLanguage\":\"de-DE\",\"potentialAction\":[{\"@type\":\"ReadAction\",\"target\":[\"https:\/\/productive.io\/de\/abrechnung\/\"]}]},{\"@type\":\"BreadcrumbList\",\"@id\":\"https:\/\/productive.io\/de\/abrechnung\/#breadcrumb\",\"itemListElement\":[{\"@type\":\"ListItem\",\"position\":1,\"name\":\"Home\",\"item\":\"https:\/\/productive.io\/de\/\"},{\"@type\":\"ListItem\",\"position\":2,\"name\":\"Abrechnung.\"}]},{\"@type\":\"WebSite\",\"@id\":\"https:\/\/productive.io\/de\/#website\",\"url\":\"https:\/\/productive.io\/de\/\",\"name\":\"Productive\",\"description\":\"The Only Tool You Need To Run a Profitable Agency\",\"publisher\":{\"@id\":\"https:\/\/productive.io\/de\/#organization\"},\"potentialAction\":[{\"@type\":\"SearchAction\",\"target\":{\"@type\":\"EntryPoint\",\"urlTemplate\":\"https:\/\/productive.io\/de\/?s={search_term_string}\"},\"query-input\":{\"@type\":\"PropertyValueSpecification\",\"valueRequired\":true,\"valueName\":\"search_term_string\"}}],\"inLanguage\":\"de-DE\"},{\"@type\":\"Organization\",\"@id\":\"https:\/\/productive.io\/de\/#organization\",\"name\":\"Productive\",\"url\":\"https:\/\/productive.io\/de\/\",\"logo\":{\"@type\":\"ImageObject\",\"inLanguage\":\"de-DE\",\"@id\":\"https:\/\/productive.io\/de\/#\/schema\/logo\/image\/\",\"url\":\"https:\/\/website-assets.productive.io\/uploads\/2025\/09\/Productive-logo-for-Yoast-do-not-delete.webp\",\"contentUrl\":\"https:\/\/website-assets.productive.io\/uploads\/2025\/09\/Productive-logo-for-Yoast-do-not-delete.webp\",\"width\":696,\"height\":696,\"caption\":\"Productive\"},\"image\":{\"@id\":\"https:\/\/productive.io\/de\/#\/schema\/logo\/image\/\"},\"sameAs\":[\"https:\/\/www.facebook.com\/productiveio\/\",\"https:\/\/www.linkedin.com\/company\/productive-io\/\",\"https:\/\/www.youtube.com\/@productive_io\",\"https:\/\/www.instagram.com\/productive.io\/\",\"https:\/\/www.g2.com\/products\/productive\/reviews\",\"https:\/\/www.capterra.com\/p\/169710\/Productive\/\",\"https:\/\/www.crunchbase.com\/organization\/productive-io\",\"https:\/\/www.trustpilot.com\/review\/www.productive.io\",\"https:\/\/github.com\/productiveio\"],\"description\":\"Productive - Agency Management & PSA - Run resources, projects, budgets, and profitability in one platform built for agencies and professional services.\",\"email\":\"contact@productive.io\",\"legalName\":\"The Productive Company Inc.\",\"foundingDate\":\"2014-01-01\",\"numberOfEmployees\":{\"@type\":\"QuantitativeValue\",\"minValue\":\"51\",\"maxValue\":\"200\"}}]}<\/script>\n<!-- \/ Yoast SEO Premium plugin. -->","yoast_head_json":{"title":"Abrechnungs- & Fakturierungs-Tool f\u00fcr professionelle Dienstleistungen | Productive","description":"Sparen Sie Stunden bei der Rechnungsstellung. Erstellen Sie Rechnungen in wenigen Klicks, egal ob Festpreis oder stundenbasiert. Rechnungstellung in verschiedenen W\u00e4hrungen.","robots":{"index":"index","follow":"follow","max-snippet":"max-snippet:-1","max-image-preview":"max-image-preview:large","max-video-preview":"max-video-preview:-1"},"canonical":"https:\/\/productive.io\/de\/abrechnung\/","og_locale":"de_DE","og_type":"article","og_title":"Abrechnung.","og_description":"Sparen Sie Stunden bei der Rechnungsstellung. Erstellen Sie Rechnungen in wenigen Klicks, egal ob Festpreis oder stundenbasiert. Rechnungstellung in verschiedenen W\u00e4hrungen.","og_url":"https:\/\/productive.io\/de\/abrechnung\/","og_site_name":"Productive","article_publisher":"https:\/\/www.facebook.com\/productiveio\/","article_modified_time":"2025-11-28T14:22:52+00:00","twitter_card":"summary_large_image","twitter_misc":{"Gesch\u00e4tzte Lesezeit":"5 minutes"},"schema":{"@context":"https:\/\/schema.org","@graph":[{"@type":"WebPage","@id":"https:\/\/productive.io\/de\/abrechnung\/","url":"https:\/\/productive.io\/de\/abrechnung\/","name":"Abrechnungs- & Fakturierungs-Tool f\u00fcr professionelle Dienstleistungen | Productive","isPartOf":{"@id":"https:\/\/productive.io\/de\/#website"},"datePublished":"2021-08-12T08:01:37+00:00","dateModified":"2025-11-28T14:22:52+00:00","description":"Sparen Sie Stunden bei der Rechnungsstellung. Erstellen Sie Rechnungen in wenigen Klicks, egal ob Festpreis oder stundenbasiert. Rechnungstellung in verschiedenen W\u00e4hrungen.","breadcrumb":{"@id":"https:\/\/productive.io\/de\/abrechnung\/#breadcrumb"},"inLanguage":"de-DE","potentialAction":[{"@type":"ReadAction","target":["https:\/\/productive.io\/de\/abrechnung\/"]}]},{"@type":"BreadcrumbList","@id":"https:\/\/productive.io\/de\/abrechnung\/#breadcrumb","itemListElement":[{"@type":"ListItem","position":1,"name":"Home","item":"https:\/\/productive.io\/de\/"},{"@type":"ListItem","position":2,"name":"Abrechnung."}]},{"@type":"WebSite","@id":"https:\/\/productive.io\/de\/#website","url":"https:\/\/productive.io\/de\/","name":"Productive","description":"The Only Tool You Need To Run a Profitable Agency","publisher":{"@id":"https:\/\/productive.io\/de\/#organization"},"potentialAction":[{"@type":"SearchAction","target":{"@type":"EntryPoint","urlTemplate":"https:\/\/productive.io\/de\/?s={search_term_string}"},"query-input":{"@type":"PropertyValueSpecification","valueRequired":true,"valueName":"search_term_string"}}],"inLanguage":"de-DE"},{"@type":"Organization","@id":"https:\/\/productive.io\/de\/#organization","name":"Productive","url":"https:\/\/productive.io\/de\/","logo":{"@type":"ImageObject","inLanguage":"de-DE","@id":"https:\/\/productive.io\/de\/#\/schema\/logo\/image\/","url":"https:\/\/website-assets.productive.io\/uploads\/2025\/09\/Productive-logo-for-Yoast-do-not-delete.webp","contentUrl":"https:\/\/website-assets.productive.io\/uploads\/2025\/09\/Productive-logo-for-Yoast-do-not-delete.webp","width":696,"height":696,"caption":"Productive"},"image":{"@id":"https:\/\/productive.io\/de\/#\/schema\/logo\/image\/"},"sameAs":["https:\/\/www.facebook.com\/productiveio\/","https:\/\/www.linkedin.com\/company\/productive-io\/","https:\/\/www.youtube.com\/@productive_io","https:\/\/www.instagram.com\/productive.io\/","https:\/\/www.g2.com\/products\/productive\/reviews","https:\/\/www.capterra.com\/p\/169710\/Productive\/","https:\/\/www.crunchbase.com\/organization\/productive-io","https:\/\/www.trustpilot.com\/review\/www.productive.io","https:\/\/github.com\/productiveio"],"description":"Productive - Agency Management & PSA - Run resources, projects, budgets, and profitability in one platform built for agencies and professional services.","email":"contact@productive.io","legalName":"The Productive Company Inc.","foundingDate":"2014-01-01","numberOfEmployees":{"@type":"QuantitativeValue","minValue":"51","maxValue":"200"}}]}},"_links":{"self":[{"href":"https:\/\/productive.io\/de\/wp-json\/wp\/v2\/pages\/56819","targetHints":{"allow":["GET"]}}],"collection":[{"href":"https:\/\/productive.io\/de\/wp-json\/wp\/v2\/pages"}],"about":[{"href":"https:\/\/productive.io\/de\/wp-json\/wp\/v2\/types\/page"}],"author":[{"embeddable":true,"href":"https:\/\/productive.io\/de\/wp-json\/wp\/v2\/users\/10"}],"replies":[{"embeddable":true,"href":"https:\/\/productive.io\/de\/wp-json\/wp\/v2\/comments?post=56819"}],"version-history":[{"count":10,"href":"https:\/\/productive.io\/de\/wp-json\/wp\/v2\/pages\/56819\/revisions"}],"predecessor-version":[{"id":68145,"href":"https:\/\/productive.io\/de\/wp-json\/wp\/v2\/pages\/56819\/revisions\/68145"}],"wp:attachment":[{"href":"https:\/\/productive.io\/de\/wp-json\/wp\/v2\/media?parent=56819"}],"wp:term":[{"taxonomy":"job-category","embeddable":true,"href":"https:\/\/productive.io\/de\/wp-json\/wp\/v2\/job-category?post=56819"},{"taxonomy":"page-category","embeddable":true,"href":"https:\/\/productive.io\/de\/wp-json\/wp\/v2\/page-category?post=56819"}],"curies":[{"name":"wp","href":"https:\/\/api.w.org\/{rel}","templated":true}]}}