{"id":56816,"date":"2021-08-30T10:09:23","date_gmt":"2021-08-30T10:09:23","guid":{"rendered":"https:\/\/productive.io\/?page_id=56816"},"modified":"2025-05-19T04:48:24","modified_gmt":"2025-05-19T04:48:24","slug":"integrationen","status":"publish","type":"page","link":"https:\/\/productive.io\/de\/integrationen\/","title":{"rendered":"Integrationen"},"content":{"rendered":"<h3   > <strong>INTEGRATIONEN<\/strong><\/h3> <h1   > Dein Business-\u00d6kosystem,<br><strong>Verbunden<\/strong><\/h1> <p   > Productive ist ein umfassendes System zur Automatisierung professioneller Dienstleistungen, das die Integration mit anderen Tools erm\u00f6glicht, um deinen Workflow zu optimieren. <\/p> <img  src=\"https:\/\/website-assets.productive.io\/uploads\/2025\/02\/Hero-Integrations-General-Grey.svg\"  alt=\"\" loading=lazy \/> <h2   > Beliebte Productive<br><strong>Integrationen<\/strong><\/h2> <a href=\"https:\/\/productive.io\/de\/integrationen\/jira\/\"   > <h2   > Jira<\/h2><p   > Wenn du auf Jira angewiesen bist, verbinde es einfach mit Productive. Jira und Productive arbeiten in perfekter Harmonie. <\/p> <\/a> <a href=\"https:\/\/productive.io\/de\/integrationen\/hubspot\/\"   > <h2   > HubSpot<\/h2><p   > Wenn HubSpot dein bevorzugtes CRM-Tool ist, integriere es und beschleunige die Arbeit.<\/p> <\/a> <a href=\"https:\/\/productive.io\/de\/integrationen\/xero\/\"   > <h2   > Xero<\/h2><p   > Exportiere und kopiere Rechnungen von Productive in Xero, um deine Prozesse zu straffen.<\/p> <\/a> <a href=\"https:\/\/productive.io\/de\/integrationen\/google-kalender\/\"   > <h2   > Google Kalender<\/h2><p   > Halte alle deine Ger\u00e4te auf dem neuesten Stand, indem du Productive mit deinem Google Kalender synchronisierst.<\/p> <\/a> <a href=\"https:\/\/productive.io\/de\/integrationen\/sage\/\"   > <h2   > Sage<\/h2><p   > Exportiere und kopiere Rechnungen von Productive nach Sage, um deine Prozesse zu verschlanken. <\/p> <\/a> <a href=\"https:\/\/productive.io\/de\/integrationen\/zapier\/\"   > <h2   > Zapier<\/h2><p   > Verbinde deinen Productive-Arbeitsbereich mit \u00fcber 1000 Apps via Zapier.<\/p> <\/a> <h2   > Outlook \/ Microsoft Kalender<\/h2><p   > Halte deinen Zeitplan synchron, indem du Kalender synchronisierst.<\/p> <a href=\"https:\/\/productive.io\/de\/integrationen\/slack\/\"   > <h2   > Slack<\/h2><p   > Erhalte Productive-Benachrichtigungen und Aufgabendetails direkt in Slack.<\/p> <\/a> <a href=\"https:\/\/productive.io\/de\/integrationen\/quickbooks\/\"   > <img  src=\"https:\/\/website-assets.productive.io\/uploads\/2025\/02\/Quickbooks-integration-icon-1.svg\"  alt=\"\" loading=lazy \/> <h2   > QuickBooks<\/h2><p   > Wenn QuickBooks dein bevorzugtes Buchhaltungstool ist, integriere es und beschleunige die Arbeit.<\/p> <\/a> <h2   > Offene API <\/h2><p   > Verbinde Productive mit \u00fcber 1000 Apps \u00fcber unsere vollst\u00e4ndig offene API. Hier findest du die Dokumentation.<\/p> <a   href=\"https:\/\/productive.io\/de\/integrationen\/open-api\/\" > <p   > Mehr erfahren<\/p> <\/a> <p   > Support kontaktieren<\/p> <img  src=\"https:\/\/productive.io\/wp-content\/uploads\/2021\/12\/Build-Your-Own-IntegrationS.png\"  alt=\"\" loading=lazy \/> <h2   > Buchhaltungs-<strong>Integrationen<\/strong><\/h2> <a href=\"https:\/\/productive.io\/de\/integrationen\/xero\/\"   > <h2   > Xero<\/h2><p   > Exportiere und kopiere Rechnungen und Ausgaben von Productive nach Xero.<\/p> <\/a> <a href=\"https:\/\/productive.io\/de\/integrationen\/quickbooks\/\"   > <img  src=\"https:\/\/website-assets.productive.io\/uploads\/2025\/02\/Quickbooks-integration-icon-1.svg\"  alt=\"\" loading=lazy \/> <h1   > QuickBooks<\/h1><p   > Wenn QuickBooks dein bevorzugtes Buchhaltungstool ist, integriere es und beschleunige die Arbeit.<\/p> <\/a> <a href=\"https:\/\/productive.io\/de\/integrationen\/sage\/\"   > <h2   > Sage<\/h2><p   > Exportiere und kopiere Rechnungen von Productive nach Sage, um deine Prozesse zu verschlanken. <\/p> <\/a> <h2   > Fortnox<\/h2><p   > Exportiere und kopiere Rechnungen von Productive nach Fortnox, um deine Prozesse zu verschlanken.<\/p> <h2   > Visma e-conomic <\/h2><p   > Exportiere und kopiere Rechnungen von Productive, auf skandinavische Art.<\/p> <h2   > Exact<\/h2><p   > Sobald eine Rechnung in Productive erstellt wird, exportiere und kopiere sie in Exact.<\/p> <h2   > Twinfield<\/h2><p   > Wenn du Twinfield nutzt, kannst du Rechnungen aus Productive exportieren und kopieren. <\/p> <h2   > CPP<\/h2><p   > Verbinde deinen Productive-Arbeitsbereich mit CPP.<\/p> <h2   > Human Resources <strong>Integrationen<\/strong><\/h2> <a href=\"https:\/\/productive.io\/de\/integrationen\/personio\/\"   > <h2   > Personio<\/h2><p   > Wenn Personio dein bevorzugtes HR-Tool ist, integriere es und beschleunige die Arbeit.<\/p> <\/a> <a href=\"https:\/\/productive.io\/de\/integrationen\/charliehr\/\"   > <h2   > CharlieHR<\/h2><p   > Perfekt f\u00fcr kleine Unternehmen, CharlieHR integriert sich nahtlos mit Productive.<\/p> <\/a> <a href=\"https:\/\/productive.io\/de\/integrationen\/factorial\/\"   > <h2   > BambooHR<\/h2><p   > BambooHR integriert sich nahtlos mit Productive, um einfach synchronisierte Urlaubszeiten zu erm\u00f6glichen.<\/p> <\/a> <a href=\"https:\/\/productive.io\/de\/integrationen\/factorial\/\"   > <h2   > Factorial<\/h2><p   > Synchronisiere Factorial-Abwesenheitstypen und Urlaube mit Productive.<\/p> <\/a> <h2   > Humaans.io<\/h2><p   > Productive arbeitet Hand in Hand mit Humaans, um deine HR-Arbeit zu erleichtern.<\/p> <h2   > Breathe<\/h2><p   > Breathe verbindet sich mit deinem Productive-Konto mit nur wenigen Klicks. <\/p> <h2   > HiBob<\/h2><p   > HiBob verbindet sich mit deinem Productive-Konto mit nur wenigen Klicks. <\/p> <h2   > Justworks<\/h2><p   > Productive funktioniert einfach mit Justworks.<\/p> <h2   > Rippling<\/h2><p   > Rippling verbindet sich mit deinem Productive-Konto mit nur wenigen Klicks. <\/p> <h2   > Zeiterfassungs-<strong>Integrationen<\/strong><\/h2> <a href=\"https:\/\/productive.io\/de\/integrationen\/jira\/\"   > <h2   > Jira<\/h2><p   > Wenn du auf Jira angewiesen bist, verbinde es einfach mit Productive. Jira und Productive arbeiten in perfekter Harmonie. <\/p> <\/a> <h2   > Memtime<\/h2><p   > Verwendest du Memtime zur Zeiterfassung? Verbinde es mit Productive und vergiss die manuelle Zeiterfassung. <\/p> <p   > <\/p> <p   > <\/p><a   href=\"#\" > <p   > <\/p> <\/a> <img  src=\"https:\/\/productive.io\/wp-content\/uploads\/2021\/09\/Roberto-Ciarleglio-Contra-Agency-1.png\"  alt=\"\" loading=lazy \/> <p   > Roberto Ciarleglio<br>Mitbegr\u00fcnder und Gesch\u00e4ftsf\u00fchrer,<br>Contra Agency<\/p> <p   > Wir haben 20 Jahre Daten in QuickBooks, wobei unterschiedliche Servicelinien mit unterschiedlichen Einnahmen verkn\u00fcpft sind. Um diese Daten nicht zu verlieren, haben wir einen Webhook erstellt, der auf neue Updates oder neue Rechnungen h\u00f6rt, deine Servicelinien durchgeht, mit QuickBooks abgleicht und dann die neue Rechnung aktualisiert und alles ordnet.<\/p> <p   > <\/p> <h2   > Arbeite <strong>automatisch<\/strong><br>Arbeitsabl\u00e4ufe<\/h2> <p   > Wechsle von mehreren Tools und Tabellenkalkulationen<br>zu einer skalierbaren Plattform f\u00fcr professionelle Dienstleistungen.<\/p>","protected":false},"excerpt":{"rendered":"","protected":false},"author":10,"featured_media":0,"parent":0,"menu_order":0,"comment_status":"closed","ping_status":"closed","template":"","meta":{"_acf_changed":false,"es_utils_meta_schema":"","footnotes":""},"job-category":[],"page-category":[1057],"class_list":["post-56816","page","type-page","status-publish","hentry"],"acf":[],"yoast_head":"<!-- This site is optimized with the Yoast SEO Premium plugin v27.2 (Yoast SEO v27.2) - https:\/\/yoast.com\/product\/yoast-seo-premium-wordpress\/ -->\n<title>Integrationen - Productive<\/title>\n<meta name=\"description\" content=\"Productive ist ein System zur Automatisierung professioneller Dienstleistungen, das sich mit anderen Tools integriert. Erweitere deinen Arbeitsbereich mit Productive durch Integration von Drittanbietern.\" \/>\n<meta name=\"robots\" content=\"index, follow, max-snippet:-1, max-image-preview:large, max-video-preview:-1\" \/>\n<link rel=\"canonical\" href=\"https:\/\/productive.io\/de\/integrationen\/\" \/>\n<meta property=\"og:locale\" content=\"de_DE\" \/>\n<meta property=\"og:type\" content=\"article\" \/>\n<meta property=\"og:title\" content=\"Integrationen\" \/>\n<meta property=\"og:description\" content=\"Productive ist ein System zur Automatisierung professioneller Dienstleistungen, das sich mit anderen Tools integriert. Erweitere deinen Arbeitsbereich mit Productive durch Integration von Drittanbietern.\" \/>\n<meta property=\"og:url\" content=\"https:\/\/productive.io\/de\/integrationen\/\" \/>\n<meta property=\"og:site_name\" content=\"Productive\" \/>\n<meta property=\"article:publisher\" content=\"https:\/\/www.facebook.com\/productiveio\/\" \/>\n<meta property=\"article:modified_time\" content=\"2025-05-19T04:48:24+00:00\" \/>\n<meta name=\"twitter:card\" content=\"summary_large_image\" \/>\n<meta name=\"twitter:label1\" content=\"Gesch\u00e4tzte Lesezeit\" \/>\n\t<meta name=\"twitter:data1\" content=\"4 minutes\" \/>\n<script type=\"application\/ld+json\" class=\"yoast-schema-graph\">{\"@context\":\"https:\/\/schema.org\",\"@graph\":[{\"@type\":\"WebPage\",\"@id\":\"https:\/\/productive.io\/de\/integrationen\/\",\"url\":\"https:\/\/productive.io\/de\/integrationen\/\",\"name\":\"Integrationen - Productive\",\"isPartOf\":{\"@id\":\"https:\/\/productive.io\/de\/#website\"},\"datePublished\":\"2021-08-30T10:09:23+00:00\",\"dateModified\":\"2025-05-19T04:48:24+00:00\",\"description\":\"Productive ist ein System zur Automatisierung professioneller Dienstleistungen, das sich mit anderen Tools integriert. Erweitere deinen Arbeitsbereich mit Productive durch Integration von Drittanbietern.\",\"breadcrumb\":{\"@id\":\"https:\/\/productive.io\/de\/integrationen\/#breadcrumb\"},\"inLanguage\":\"de-DE\",\"potentialAction\":[{\"@type\":\"ReadAction\",\"target\":[\"https:\/\/productive.io\/de\/integrationen\/\"]}]},{\"@type\":\"BreadcrumbList\",\"@id\":\"https:\/\/productive.io\/de\/integrationen\/#breadcrumb\",\"itemListElement\":[{\"@type\":\"ListItem\",\"position\":1,\"name\":\"Home\",\"item\":\"https:\/\/productive.io\/de\/\"},{\"@type\":\"ListItem\",\"position\":2,\"name\":\"Integrationen\"}]},{\"@type\":\"WebSite\",\"@id\":\"https:\/\/productive.io\/de\/#website\",\"url\":\"https:\/\/productive.io\/de\/\",\"name\":\"Productive\",\"description\":\"The Only Tool You Need To Run a Profitable Agency\",\"publisher\":{\"@id\":\"https:\/\/productive.io\/de\/#organization\"},\"potentialAction\":[{\"@type\":\"SearchAction\",\"target\":{\"@type\":\"EntryPoint\",\"urlTemplate\":\"https:\/\/productive.io\/de\/?s={search_term_string}\"},\"query-input\":{\"@type\":\"PropertyValueSpecification\",\"valueRequired\":true,\"valueName\":\"search_term_string\"}}],\"inLanguage\":\"de-DE\"},{\"@type\":\"Organization\",\"@id\":\"https:\/\/productive.io\/de\/#organization\",\"name\":\"Productive\",\"url\":\"https:\/\/productive.io\/de\/\",\"logo\":{\"@type\":\"ImageObject\",\"inLanguage\":\"de-DE\",\"@id\":\"https:\/\/productive.io\/de\/#\/schema\/logo\/image\/\",\"url\":\"https:\/\/website-assets.productive.io\/uploads\/2025\/09\/Productive-logo-for-Yoast-do-not-delete.webp\",\"contentUrl\":\"https:\/\/website-assets.productive.io\/uploads\/2025\/09\/Productive-logo-for-Yoast-do-not-delete.webp\",\"width\":696,\"height\":696,\"caption\":\"Productive\"},\"image\":{\"@id\":\"https:\/\/productive.io\/de\/#\/schema\/logo\/image\/\"},\"sameAs\":[\"https:\/\/www.facebook.com\/productiveio\/\",\"https:\/\/www.linkedin.com\/company\/productive-io\/\",\"https:\/\/www.youtube.com\/@productive_io\",\"https:\/\/www.instagram.com\/productive.io\/\",\"https:\/\/www.g2.com\/products\/productive\/reviews\",\"https:\/\/www.capterra.com\/p\/169710\/Productive\/\",\"https:\/\/www.crunchbase.com\/organization\/productive-io\",\"https:\/\/www.trustpilot.com\/review\/www.productive.io\",\"https:\/\/github.com\/productiveio\"],\"description\":\"Productive - Agency Management & PSA - Run resources, projects, budgets, and profitability in one platform built for agencies and professional services.\",\"email\":\"contact@productive.io\",\"legalName\":\"The Productive Company Inc.\",\"foundingDate\":\"2014-01-01\",\"numberOfEmployees\":{\"@type\":\"QuantitativeValue\",\"minValue\":\"51\",\"maxValue\":\"200\"}}]}<\/script>\n<!-- \/ Yoast SEO Premium plugin. -->","yoast_head_json":{"title":"Integrationen - Productive","description":"Productive ist ein System zur Automatisierung professioneller Dienstleistungen, das sich mit anderen Tools integriert. Erweitere deinen Arbeitsbereich mit Productive durch Integration von Drittanbietern.","robots":{"index":"index","follow":"follow","max-snippet":"max-snippet:-1","max-image-preview":"max-image-preview:large","max-video-preview":"max-video-preview:-1"},"canonical":"https:\/\/productive.io\/de\/integrationen\/","og_locale":"de_DE","og_type":"article","og_title":"Integrationen","og_description":"Productive ist ein System zur Automatisierung professioneller Dienstleistungen, das sich mit anderen Tools integriert. Erweitere deinen Arbeitsbereich mit Productive durch Integration von Drittanbietern.","og_url":"https:\/\/productive.io\/de\/integrationen\/","og_site_name":"Productive","article_publisher":"https:\/\/www.facebook.com\/productiveio\/","article_modified_time":"2025-05-19T04:48:24+00:00","twitter_card":"summary_large_image","twitter_misc":{"Gesch\u00e4tzte Lesezeit":"4 minutes"},"schema":{"@context":"https:\/\/schema.org","@graph":[{"@type":"WebPage","@id":"https:\/\/productive.io\/de\/integrationen\/","url":"https:\/\/productive.io\/de\/integrationen\/","name":"Integrationen - Productive","isPartOf":{"@id":"https:\/\/productive.io\/de\/#website"},"datePublished":"2021-08-30T10:09:23+00:00","dateModified":"2025-05-19T04:48:24+00:00","description":"Productive ist ein System zur Automatisierung professioneller Dienstleistungen, das sich mit anderen Tools integriert. Erweitere deinen Arbeitsbereich mit Productive durch Integration von Drittanbietern.","breadcrumb":{"@id":"https:\/\/productive.io\/de\/integrationen\/#breadcrumb"},"inLanguage":"de-DE","potentialAction":[{"@type":"ReadAction","target":["https:\/\/productive.io\/de\/integrationen\/"]}]},{"@type":"BreadcrumbList","@id":"https:\/\/productive.io\/de\/integrationen\/#breadcrumb","itemListElement":[{"@type":"ListItem","position":1,"name":"Home","item":"https:\/\/productive.io\/de\/"},{"@type":"ListItem","position":2,"name":"Integrationen"}]},{"@type":"WebSite","@id":"https:\/\/productive.io\/de\/#website","url":"https:\/\/productive.io\/de\/","name":"Productive","description":"The Only Tool You Need To Run a Profitable Agency","publisher":{"@id":"https:\/\/productive.io\/de\/#organization"},"potentialAction":[{"@type":"SearchAction","target":{"@type":"EntryPoint","urlTemplate":"https:\/\/productive.io\/de\/?s={search_term_string}"},"query-input":{"@type":"PropertyValueSpecification","valueRequired":true,"valueName":"search_term_string"}}],"inLanguage":"de-DE"},{"@type":"Organization","@id":"https:\/\/productive.io\/de\/#organization","name":"Productive","url":"https:\/\/productive.io\/de\/","logo":{"@type":"ImageObject","inLanguage":"de-DE","@id":"https:\/\/productive.io\/de\/#\/schema\/logo\/image\/","url":"https:\/\/website-assets.productive.io\/uploads\/2025\/09\/Productive-logo-for-Yoast-do-not-delete.webp","contentUrl":"https:\/\/website-assets.productive.io\/uploads\/2025\/09\/Productive-logo-for-Yoast-do-not-delete.webp","width":696,"height":696,"caption":"Productive"},"image":{"@id":"https:\/\/productive.io\/de\/#\/schema\/logo\/image\/"},"sameAs":["https:\/\/www.facebook.com\/productiveio\/","https:\/\/www.linkedin.com\/company\/productive-io\/","https:\/\/www.youtube.com\/@productive_io","https:\/\/www.instagram.com\/productive.io\/","https:\/\/www.g2.com\/products\/productive\/reviews","https:\/\/www.capterra.com\/p\/169710\/Productive\/","https:\/\/www.crunchbase.com\/organization\/productive-io","https:\/\/www.trustpilot.com\/review\/www.productive.io","https:\/\/github.com\/productiveio"],"description":"Productive - Agency Management & PSA - Run resources, projects, budgets, and profitability in one platform built for agencies and professional services.","email":"contact@productive.io","legalName":"The Productive Company Inc.","foundingDate":"2014-01-01","numberOfEmployees":{"@type":"QuantitativeValue","minValue":"51","maxValue":"200"}}]}},"_links":{"self":[{"href":"https:\/\/productive.io\/de\/wp-json\/wp\/v2\/pages\/56816","targetHints":{"allow":["GET"]}}],"collection":[{"href":"https:\/\/productive.io\/de\/wp-json\/wp\/v2\/pages"}],"about":[{"href":"https:\/\/productive.io\/de\/wp-json\/wp\/v2\/types\/page"}],"author":[{"embeddable":true,"href":"https:\/\/productive.io\/de\/wp-json\/wp\/v2\/users\/10"}],"replies":[{"embeddable":true,"href":"https:\/\/productive.io\/de\/wp-json\/wp\/v2\/comments?post=56816"}],"version-history":[{"count":10,"href":"https:\/\/productive.io\/de\/wp-json\/wp\/v2\/pages\/56816\/revisions"}],"predecessor-version":[{"id":59660,"href":"https:\/\/productive.io\/de\/wp-json\/wp\/v2\/pages\/56816\/revisions\/59660"}],"wp:attachment":[{"href":"https:\/\/productive.io\/de\/wp-json\/wp\/v2\/media?parent=56816"}],"wp:term":[{"taxonomy":"job-category","embeddable":true,"href":"https:\/\/productive.io\/de\/wp-json\/wp\/v2\/job-category?post=56816"},{"taxonomy":"page-category","embeddable":true,"href":"https:\/\/productive.io\/de\/wp-json\/wp\/v2\/page-category?post=56816"}],"curies":[{"name":"wp","href":"https:\/\/api.w.org\/{rel}","templated":true}]}}