{"id":56815,"date":"2024-04-05T08:40:08","date_gmt":"2024-04-05T08:40:08","guid":{"rendered":"https:\/\/productive.io\/?page_id=56815"},"modified":"2025-05-19T04:19:12","modified_gmt":"2025-05-19T04:19:12","slug":"projektmanagement","status":"publish","type":"page","link":"https:\/\/productive.io\/de\/projektmanagement\/","title":{"rendered":"Projektmanagement"},"content":{"rendered":"<h2   > <strong>PROJEKTMANAGEMENT<\/strong><\/h2> <h1   > Liefern Sie <strong>profitablere Projekte<\/strong><\/h1> <p   > Verfolgen Sie Ihre Arbeit mit Aufgaben, KI-gesteuerter Dokumentation und verschiedenen Projektlayouts. Nutzen Sie Abh\u00e4ngigkeiten und Meilensteine f\u00fcr einen \u00dcberblick \u00fcber Zeitpl\u00e4ne und Lieferungen.<\/p> <p   > Kostenlos testen<\/p> <a   data-cta-block-type=dual_button_form href=\"https:\/\/productive.io\/de\/demo-buchen\/\" > <p   > Demo buchen<\/p> <\/a> <a   data-cta-block-type=dual_button_form href=\"https:\/\/productive.io\/de\/demo-buchen\/\" > <p   > Demo buchen<\/p> <\/a> <img  src=\"https:\/\/website-assets.productive.io\/uploads\/2025\/05\/PM-Productive-Helden-Gantt-d.svg\"  alt=\"\" loading=lazy \/> <h2   > Personalisiere ein Layout, um <strong>deine Projekte zu leiten<\/strong><\/h2> <h2   > Passe Ansichten an und teile sie mit deinem Team.<\/h2> <p   > Gantt-Ansicht<\/p> <p   > Visualisiere dein Projekt einfach mit Meilensteinen und Lieferungen.<\/p> <img  src=\"https:\/\/website-assets.productive.io\/uploads\/2025\/05\/PM-Productive-Gantt-Ansicht-d.svg\"  alt=\"\" loading=lazy \/> <p   > Listenansicht<\/p> <p   > Behalte die Aufgaben im Blick und filtere nach Name, F\u00e4lligkeitstermin, Verantwortlichen und mehr.<\/p> <img  src=\"https:\/\/website-assets.productive.io\/uploads\/2025\/05\/PM-Productive-Listenansicht-d.svg\"  alt=\"\" loading=lazy \/> <p   > Tabellenansicht<\/p> <p   > Wenn Sie ein Fan von Tabellen sind, verwenden Sie das Tabellenlayout, um Aufgaben anzuzeigen.<\/p> <img  src=\"https:\/\/website-assets.productive.io\/uploads\/2025\/05\/PM-Productive-Tabellenansicht-d.svg\"  alt=\"\" loading=lazy \/> <p   > Board-Ansicht<\/p> <p   > Wenn du es bevorzugst, Aufgaben auf einem Kanban-Board zu bewegen, w\u00e4hle das <a href=\"https:\/\/productive.io\/board-view\/\">Board<\/a> Layout.<\/p> <img  src=\"https:\/\/website-assets.productive.io\/uploads\/2025\/05\/PM-Productive-Board-Ansicht-d.svg\"  alt=\"\" loading=lazy \/> <p   > Kalenderansicht<\/p> <p   > Wenn Timing entscheidend ist, verwende dieses Layout f\u00fcr Aufgaben. F\u00fcge zun\u00e4chst ein spezifisches Datum oder einen Datumsbereich hinzu.<\/p> <img  src=\"https:\/\/website-assets.productive.io\/uploads\/2025\/05\/PM-Productive-Kalenderansicht-d.svg\"  alt=\"\" loading=lazy \/> <p   > Zeitstrahlansicht<\/p> <p   > Ziehe und lege Aufgaben ab, verschiebe sie oder erweitere und verkleinere, um Start- und F\u00e4lligkeitsdaten zu aktualisieren.<\/p> <img  src=\"https:\/\/website-assets.productive.io\/uploads\/2025\/05\/PM-Productive-Timeline-Ansicht-d.svg\"  alt=\"\" loading=lazy \/> <p   > Arbeitsbelastungsansicht<\/p> <p   > \u00dcberpr\u00fcfe die Arbeitsbelastung deines Teams und weise Aufgaben m\u00fchelos zu.<\/p> <img  src=\"https:\/\/website-assets.productive.io\/uploads\/2025\/05\/PM-Productive-Workload-Ansicht-d.svg\"  alt=\"\" loading=lazy \/> <img  src=\"#\"  alt=\"\" loading=lazy \/> <img  src=\"https:\/\/website-assets.productive.io\/uploads\/2025\/05\/PM-Productive-Uber-die-Arbeit-sprechen-d.svg\"  alt=\"\" loading=lazy \/> <h2   > <strong>Zentralisiere<\/strong> Projektarbeiten f\u00fcr <strong>dein gesamtes Team<\/strong><\/h2> <h2   > Teamkollegen, Stakeholder, Auftragnehmer und Klienten &#8211; binde alle, die du m\u00f6chtest, in eine Aufgabe ein. Vermeide die Verteilung der Projektarbeit \u00fcber mehrere Plattformen.<\/h2> <p   > Nika Serdoner <br>Projektmanager:in, ENKI<\/p> <p   > Ein vollst\u00e4ndiger \u00dcberblick \u00fcber Projekte, offene Aufgaben, Teambelegung und Rentabilit\u00e4t erleichtert das Projektmanagement erheblich.<\/p> <h2   > Erstelle <strong>KI-gesteuerte Dokumente<\/strong> und arbeite zusammen<\/h2> <img  src=\"https:\/\/website-assets.productive.io\/uploads\/2025\/05\/PM-Productive-Dokumente-Versionsverlauf-d.svg\"  alt=\"\" loading=lazy \/> <h2   > Greife auf <strong>Versionsgeschichte<\/strong> zu<\/h2> <h2   > Automatisches Speichern stellt sicher, dass du keine wichtigen Informationen verlierst. Stelle das Dokument mit einem Klick auf eine fr\u00fchere Version zur\u00fcck. \u00dcberpr\u00fcfe die Versionsgeschichte, um alle \u00c4nderungen zu sehen, die in deinem Dokument vorgenommen wurden.<\/h2> <img  src=\"https:\/\/website-assets.productive.io\/uploads\/2025\/05\/PM-Productive-Dokumente-alle-Arbeiten-an-einem-Ort-d.svg\"  alt=\"\" loading=lazy \/> <h2   > Mehr als nur einfacher Text<\/h2> <h2   > Passen Sie Ihren Text mit Tabellen, Zitaten, Codes und mehr an. F\u00fcgen Sie Farben mit Emojis hinzu, Bilder und Banner einf\u00fcgen, sowie ein Titelbild f\u00fcr jede neue Seite.<\/h2> <h2   > <strong>Spare wertvolle Zeit<\/strong> bei wiederholenden Arbeiten<\/h2> <img  src=\"https:\/\/website-assets.productive.io\/uploads\/2025\/05\/PM-Productive-Automatisierungen-d.svg\"  alt=\"\" loading=lazy \/> <h2   > Automatisiere deine Projekte mit Workflows<\/h2> <h2   > Definiere Aktionen, die automatisch ablaufen: vom \u00d6ffnen von Aufgaben, Posten von Kommentaren bis zum Versenden von Nachrichten nach Slack.<\/h2> <img  src=\"https:\/\/website-assets.productive.io\/uploads\/2025\/05\/PM-Productive-Projektvorlagen-d.svg\"  alt=\"\" loading=lazy \/> <h2   > Arbeit beschleunigen mit Projektvorlagen<\/h2> <h2   > Erstelle die perfekte Projektvorlage und dupliziere Aufgaben, Teilaufgaben, Beschreibungen, Verantwortlichkeiten usw.<\/h2> <img  src=\"https:\/\/website-assets.productive.io\/uploads\/2024\/04\/productive-automations-4.svg\"  alt=\"\" loading=lazy \/> <h2   > Erstelle benutzerdefinierte Ansichten<\/h2> <h2   > Gruppen, filtern, sortieren, Felder hinzuf\u00fcgen oder entfernen und individuelle Ansichten speichern, die Sie mit Ihren Kolleg:innen teilen k\u00f6nnen.<\/h2> <img  src=\"https:\/\/website-assets.productive.io\/uploads\/2024\/09\/client-brendon.png\"  alt=\"\" loading=lazy \/> <p   > Brendon Nicholas<br>Mitgr\u00fcnder und technischer Leiter,<br>Dotdev<\/p> <p   > Eine Plattform zu haben, die Geh\u00e4lter, Betriebskosten ber\u00fccksichtigt und in Projektbudgets integriert, bietet uns eine viel genauere Echtzeitansicht der Rentabilit\u00e4t spezifischer Projekte.<\/p> <img  src=\"https:\/\/website-assets.productive.io\/uploads\/2024\/09\/client-nika-serdoner-2.png\"  alt=\"\" loading=lazy \/> <p   > NIKA SERDONER<br>PROJEKTMANAGER:IN<br>ENKI<\/p> <p   > Aus einer Managementperspektive ist der Hauptvorteil des Tools, die Rentabilit\u00e4t in Echtzeit zu erkennen. Es ist da. Wir m\u00fcssen es nicht berechnen oder Finanzberichte von unserer Buchhaltung anfordern.<\/p> <p   > <\/p> <p   > <\/p><a   href=\"#\" > <p   > <\/p> <\/a> <img  src=\"https:\/\/staging.productive.io\/wp-content\/uploads\/2021\/08\/Brendon-Nicholas-Co-founder-and-Technical-Director-Dotdev.png\"  alt=\"\" loading=lazy \/> <p   > Brendon Nicholas<br>Mitgr\u00fcnder und technischer Leiter,<br>Dotdev<\/p> <p   > Eine Plattform zu haben, die Geh\u00e4lter, Betriebskosten ber\u00fccksichtigt und in Projektbudgets integriert, bietet uns eine viel genauere Echtzeitansicht der Rentabilit\u00e4t spezifischer Projekte.<\/p> <img  src=\"https:\/\/staging.productive.io\/wp-content\/uploads\/2021\/08\/Nika_Serdoner-Project-Manager-at-ENKI.png\"  alt=\"\" loading=lazy \/> <p   > NIKA SERDONER<br>PROJEKTMANAGER:IN<br>ENKI<\/p> <p   > Aus einer Managementperspektive ist der Hauptvorteil des Tools, die Rentabilit\u00e4t in Echtzeit zu erkennen. Es ist da. Wir m\u00fcssen es nicht berechnen oder Finanzberichte von unserer Buchhaltung anfordern.<\/p> <p   > <\/p> <h2   > <strong>Optimieren Sie Abl\u00e4ufe<\/strong> mit Productive<\/h2> <p   > Wechseln Sie von mehreren Tools und Tabellen zu <br>einer skalierbaren Plattform f\u00fcr professionelle Dienstleistungen.<\/p> <h2   > Feedback <strong>schneller einholen<\/strong> <\/h2> <h2   > Laden Sie Ihre Kund:innen in Projekte ein, um Kommentare an einem Ort zu sammeln. Teile Updates zum Projektfortschritt und halte alle auf dem Laufenden.<\/h2> <img  src=\"https:\/\/website-assets.productive.io\/uploads\/2025\/05\/PM-Productive-Projekte-vorantreiben-d.svg\"  alt=\"\" loading=lazy \/> <h2   > <strong>Projekte schneller<\/strong> voranbringen<\/h2> <h2   > Keine endlosen E-Mails mehr &#8211; erhalten Sie Kommentare und Reaktionen von Kund:innen w\u00e4hrend der \u00c4nderung.<\/h2> <img  src=\"https:\/\/website-assets.productive.io\/uploads\/2025\/05\/PM-Productive-Budgetstatus-d.svg\"  alt=\"\" loading=lazy \/> <h2   > Lassen Sie <strong>Kund:innen <\/strong>den <strong>Status ihrer Budgets<\/strong> sehen<\/h2> <h2   > Kund:innen k\u00f6nnen jederzeit auf Projektbudgets zugreifen, um zu sehen, wie viel sie bereits ausgegeben haben.<\/h2> <h2   > <strong>Aktualisierungen<\/strong> zu Aufgaben erhalten &#8211; <strong>wo immer Sie sind<\/strong><\/h2> <h2   > Verpassen Sie keine Aktualisierungen, Kommentare oder Reaktionen mit der mobilen App von Productive.<\/h2> <a   href=\"https:\/\/productive.io\/de\/apps\/\" > <p   > Productive-Apps<\/p> <\/a> <img  src=\"https:\/\/website-assets.productive.io\/uploads\/2025\/05\/PM-Productive-Aufgabenaktualisierungen-erhalten-d.svg\"  alt=\"\" loading=lazy \/>","protected":false},"excerpt":{"rendered":"","protected":false},"author":28,"featured_media":0,"parent":0,"menu_order":0,"comment_status":"closed","ping_status":"closed","template":"","meta":{"_acf_changed":false,"es_utils_meta_schema":"","footnotes":""},"job-category":[],"page-category":[],"class_list":["post-56815","page","type-page","status-publish","hentry"],"acf":[],"yoast_head":"<!-- This site is optimized with the Yoast SEO Premium plugin v27.2 (Yoast SEO v27.2) - https:\/\/yoast.com\/product\/yoast-seo-premium-wordpress\/ -->\n<title>Professionelles Dienstleistungs-Projektmanagement | Produktive<\/title>\n<meta name=\"description\" content=\"Zusammenarbeit mit Kolleg:innen an Aufgaben und Projekten in Echtzeit, informieren Sie Ihre Kund:innen \u00fcber den Fortschritt. Jetzt kostenlos ausprobieren!\" \/>\n<meta name=\"robots\" content=\"index, follow, max-snippet:-1, max-image-preview:large, max-video-preview:-1\" \/>\n<link rel=\"canonical\" href=\"https:\/\/productive.io\/de\/projektmanagement\/\" \/>\n<meta property=\"og:locale\" content=\"de_DE\" \/>\n<meta property=\"og:type\" content=\"article\" \/>\n<meta property=\"og:title\" content=\"Projektmanagement\" \/>\n<meta property=\"og:description\" content=\"Zusammenarbeit mit Kolleg:innen an Aufgaben und Projekten in Echtzeit, informieren Sie Ihre Kund:innen \u00fcber den Fortschritt. Jetzt kostenlos ausprobieren!\" \/>\n<meta property=\"og:url\" content=\"https:\/\/productive.io\/de\/projektmanagement\/\" \/>\n<meta property=\"og:site_name\" content=\"Productive\" \/>\n<meta property=\"article:publisher\" content=\"https:\/\/www.facebook.com\/productiveio\/\" \/>\n<meta property=\"article:modified_time\" content=\"2025-05-19T04:19:12+00:00\" \/>\n<meta name=\"twitter:card\" content=\"summary_large_image\" \/>\n<script type=\"application\/ld+json\" class=\"yoast-schema-graph\">{\"@context\":\"https:\/\/schema.org\",\"@graph\":[{\"@type\":\"WebPage\",\"@id\":\"https:\/\/productive.io\/de\/projektmanagement\/\",\"url\":\"https:\/\/productive.io\/de\/projektmanagement\/\",\"name\":\"Professionelles Dienstleistungs-Projektmanagement | Produktive\",\"isPartOf\":{\"@id\":\"https:\/\/productive.io\/de\/#website\"},\"datePublished\":\"2024-04-05T08:40:08+00:00\",\"dateModified\":\"2025-05-19T04:19:12+00:00\",\"description\":\"Zusammenarbeit mit Kolleg:innen an Aufgaben und Projekten in Echtzeit, informieren Sie Ihre Kund:innen \u00fcber den Fortschritt. Jetzt kostenlos ausprobieren!\",\"breadcrumb\":{\"@id\":\"https:\/\/productive.io\/de\/projektmanagement\/#breadcrumb\"},\"inLanguage\":\"de-DE\",\"potentialAction\":[{\"@type\":\"ReadAction\",\"target\":[\"https:\/\/productive.io\/de\/projektmanagement\/\"]}]},{\"@type\":\"BreadcrumbList\",\"@id\":\"https:\/\/productive.io\/de\/projektmanagement\/#breadcrumb\",\"itemListElement\":[{\"@type\":\"ListItem\",\"position\":1,\"name\":\"Home\",\"item\":\"https:\/\/productive.io\/de\/\"},{\"@type\":\"ListItem\",\"position\":2,\"name\":\"Projektmanagement\"}]},{\"@type\":\"WebSite\",\"@id\":\"https:\/\/productive.io\/de\/#website\",\"url\":\"https:\/\/productive.io\/de\/\",\"name\":\"Productive\",\"description\":\"The Only Tool You Need To Run a Profitable Agency\",\"publisher\":{\"@id\":\"https:\/\/productive.io\/de\/#organization\"},\"potentialAction\":[{\"@type\":\"SearchAction\",\"target\":{\"@type\":\"EntryPoint\",\"urlTemplate\":\"https:\/\/productive.io\/de\/?s={search_term_string}\"},\"query-input\":{\"@type\":\"PropertyValueSpecification\",\"valueRequired\":true,\"valueName\":\"search_term_string\"}}],\"inLanguage\":\"de-DE\"},{\"@type\":\"Organization\",\"@id\":\"https:\/\/productive.io\/de\/#organization\",\"name\":\"Productive\",\"url\":\"https:\/\/productive.io\/de\/\",\"logo\":{\"@type\":\"ImageObject\",\"inLanguage\":\"de-DE\",\"@id\":\"https:\/\/productive.io\/de\/#\/schema\/logo\/image\/\",\"url\":\"https:\/\/website-assets.productive.io\/uploads\/2025\/09\/Productive-logo-for-Yoast-do-not-delete.webp\",\"contentUrl\":\"https:\/\/website-assets.productive.io\/uploads\/2025\/09\/Productive-logo-for-Yoast-do-not-delete.webp\",\"width\":696,\"height\":696,\"caption\":\"Productive\"},\"image\":{\"@id\":\"https:\/\/productive.io\/de\/#\/schema\/logo\/image\/\"},\"sameAs\":[\"https:\/\/www.facebook.com\/productiveio\/\",\"https:\/\/www.linkedin.com\/company\/productive-io\/\",\"https:\/\/www.youtube.com\/@productive_io\",\"https:\/\/www.instagram.com\/productive.io\/\",\"https:\/\/www.g2.com\/products\/productive\/reviews\",\"https:\/\/www.capterra.com\/p\/169710\/Productive\/\",\"https:\/\/www.crunchbase.com\/organization\/productive-io\",\"https:\/\/www.trustpilot.com\/review\/www.productive.io\",\"https:\/\/github.com\/productiveio\"],\"description\":\"Productive - Agency Management & PSA - Run resources, projects, budgets, and profitability in one platform built for agencies and professional services.\",\"email\":\"contact@productive.io\",\"legalName\":\"The Productive Company Inc.\",\"foundingDate\":\"2014-01-01\",\"numberOfEmployees\":{\"@type\":\"QuantitativeValue\",\"minValue\":\"51\",\"maxValue\":\"200\"}}]}<\/script>\n<!-- \/ Yoast SEO Premium plugin. -->","yoast_head_json":{"title":"Professionelles Dienstleistungs-Projektmanagement | Produktive","description":"Zusammenarbeit mit Kolleg:innen an Aufgaben und Projekten in Echtzeit, informieren Sie Ihre Kund:innen \u00fcber den Fortschritt. Jetzt kostenlos ausprobieren!","robots":{"index":"index","follow":"follow","max-snippet":"max-snippet:-1","max-image-preview":"max-image-preview:large","max-video-preview":"max-video-preview:-1"},"canonical":"https:\/\/productive.io\/de\/projektmanagement\/","og_locale":"de_DE","og_type":"article","og_title":"Projektmanagement","og_description":"Zusammenarbeit mit Kolleg:innen an Aufgaben und Projekten in Echtzeit, informieren Sie Ihre Kund:innen \u00fcber den Fortschritt. Jetzt kostenlos ausprobieren!","og_url":"https:\/\/productive.io\/de\/projektmanagement\/","og_site_name":"Productive","article_publisher":"https:\/\/www.facebook.com\/productiveio\/","article_modified_time":"2025-05-19T04:19:12+00:00","twitter_card":"summary_large_image","schema":{"@context":"https:\/\/schema.org","@graph":[{"@type":"WebPage","@id":"https:\/\/productive.io\/de\/projektmanagement\/","url":"https:\/\/productive.io\/de\/projektmanagement\/","name":"Professionelles Dienstleistungs-Projektmanagement | Produktive","isPartOf":{"@id":"https:\/\/productive.io\/de\/#website"},"datePublished":"2024-04-05T08:40:08+00:00","dateModified":"2025-05-19T04:19:12+00:00","description":"Zusammenarbeit mit Kolleg:innen an Aufgaben und Projekten in Echtzeit, informieren Sie Ihre Kund:innen \u00fcber den Fortschritt. Jetzt kostenlos ausprobieren!","breadcrumb":{"@id":"https:\/\/productive.io\/de\/projektmanagement\/#breadcrumb"},"inLanguage":"de-DE","potentialAction":[{"@type":"ReadAction","target":["https:\/\/productive.io\/de\/projektmanagement\/"]}]},{"@type":"BreadcrumbList","@id":"https:\/\/productive.io\/de\/projektmanagement\/#breadcrumb","itemListElement":[{"@type":"ListItem","position":1,"name":"Home","item":"https:\/\/productive.io\/de\/"},{"@type":"ListItem","position":2,"name":"Projektmanagement"}]},{"@type":"WebSite","@id":"https:\/\/productive.io\/de\/#website","url":"https:\/\/productive.io\/de\/","name":"Productive","description":"The Only Tool You Need To Run a Profitable Agency","publisher":{"@id":"https:\/\/productive.io\/de\/#organization"},"potentialAction":[{"@type":"SearchAction","target":{"@type":"EntryPoint","urlTemplate":"https:\/\/productive.io\/de\/?s={search_term_string}"},"query-input":{"@type":"PropertyValueSpecification","valueRequired":true,"valueName":"search_term_string"}}],"inLanguage":"de-DE"},{"@type":"Organization","@id":"https:\/\/productive.io\/de\/#organization","name":"Productive","url":"https:\/\/productive.io\/de\/","logo":{"@type":"ImageObject","inLanguage":"de-DE","@id":"https:\/\/productive.io\/de\/#\/schema\/logo\/image\/","url":"https:\/\/website-assets.productive.io\/uploads\/2025\/09\/Productive-logo-for-Yoast-do-not-delete.webp","contentUrl":"https:\/\/website-assets.productive.io\/uploads\/2025\/09\/Productive-logo-for-Yoast-do-not-delete.webp","width":696,"height":696,"caption":"Productive"},"image":{"@id":"https:\/\/productive.io\/de\/#\/schema\/logo\/image\/"},"sameAs":["https:\/\/www.facebook.com\/productiveio\/","https:\/\/www.linkedin.com\/company\/productive-io\/","https:\/\/www.youtube.com\/@productive_io","https:\/\/www.instagram.com\/productive.io\/","https:\/\/www.g2.com\/products\/productive\/reviews","https:\/\/www.capterra.com\/p\/169710\/Productive\/","https:\/\/www.crunchbase.com\/organization\/productive-io","https:\/\/www.trustpilot.com\/review\/www.productive.io","https:\/\/github.com\/productiveio"],"description":"Productive - Agency Management & PSA - Run resources, projects, budgets, and profitability in one platform built for agencies and professional services.","email":"contact@productive.io","legalName":"The Productive Company Inc.","foundingDate":"2014-01-01","numberOfEmployees":{"@type":"QuantitativeValue","minValue":"51","maxValue":"200"}}]}},"_links":{"self":[{"href":"https:\/\/productive.io\/de\/wp-json\/wp\/v2\/pages\/56815","targetHints":{"allow":["GET"]}}],"collection":[{"href":"https:\/\/productive.io\/de\/wp-json\/wp\/v2\/pages"}],"about":[{"href":"https:\/\/productive.io\/de\/wp-json\/wp\/v2\/types\/page"}],"author":[{"embeddable":true,"href":"https:\/\/productive.io\/de\/wp-json\/wp\/v2\/users\/28"}],"replies":[{"embeddable":true,"href":"https:\/\/productive.io\/de\/wp-json\/wp\/v2\/comments?post=56815"}],"version-history":[{"count":10,"href":"https:\/\/productive.io\/de\/wp-json\/wp\/v2\/pages\/56815\/revisions"}],"predecessor-version":[{"id":59382,"href":"https:\/\/productive.io\/de\/wp-json\/wp\/v2\/pages\/56815\/revisions\/59382"}],"wp:attachment":[{"href":"https:\/\/productive.io\/de\/wp-json\/wp\/v2\/media?parent=56815"}],"wp:term":[{"taxonomy":"job-category","embeddable":true,"href":"https:\/\/productive.io\/de\/wp-json\/wp\/v2\/job-category?post=56815"},{"taxonomy":"page-category","embeddable":true,"href":"https:\/\/productive.io\/de\/wp-json\/wp\/v2\/page-category?post=56815"}],"curies":[{"name":"wp","href":"https:\/\/api.w.org\/{rel}","templated":true}]}}