{"id":56814,"date":"2021-07-29T08:59:38","date_gmt":"2021-07-29T08:59:38","guid":{"rendered":"https:\/\/productive.io\/?page_id=56814"},"modified":"2025-05-19T04:16:42","modified_gmt":"2025-05-19T04:16:42","slug":"budgetierung","status":"publish","type":"page","link":"https:\/\/productive.io\/de\/budgetierung\/","title":{"rendered":"Budgetierung"},"content":{"rendered":"<h2   > <strong>BUDGETIERUNG<\/strong><\/h2> <h1   > Verschaffe dir <strong>volle Kontrolle<\/strong> \u00fcber alle deine Budgets an <strong>einem Ort.<\/strong><\/h1> <p   > Erstelle individuelle Budgets mit flexiblen Preismodellen. Erfasse Zeit und Kosten, um sowohl den Budgetverbrauch als auch den Gewinn in Echtzeit zu \u00fcberwachen, und sehe die verbleibenden Betr\u00e4ge f\u00fcr die Rechnungsstellung in Echtzeit.<\/p> <p   > Kostenlos testen<\/p> <a   data-cta-conversion-type=book_a_demo data-cta-block-type=dual_button_form href=\"https:\/\/productive.io\/de\/demo-buchen\/\" > <p   > Demo buchen<\/p> <\/a> <a   data-cta-conversion-type=book_a_demo data-cta-block-type=dual_button_form href=\"https:\/\/productive.io\/de\/demo-buchen\/\" > <p   > Demo buchen<\/p> <\/a> <img  src=\"https:\/\/website-assets.productive.io\/uploads\/2025\/05\/BU-Productive-Budgetierung-d.svg\"  alt=\"\" loading=lazy \/> <h2   > <strong>Leistungsstarkes<\/strong> Budgetmanagement<\/h2> <h3   > Effizient jedes Budget erstellen und verwalten &#8211; egal, ob Festpreis, stundenweise, mit oder ohne Drittanbieterkosten.<\/h3> <p   > Kostenlos testen<\/p> <img  src=\"https:\/\/website-assets.productive.io\/uploads\/2025\/05\/BU-Productive-starkes-Budgetmanagement-d.svg\"  alt=\"\" loading=lazy \/> <img  src=\"https:\/\/website-assets.productive.io\/uploads\/2025\/05\/BU-Productive-fester-Stundensatz-d.svg\"  alt=\"\" loading=lazy \/> <h3   > <strong>Flexible Abrechnungsarten<\/strong><\/h3> <p   > Festpreis, Zeit &amp; Material oder nicht-fakturierbare Arbeit? Erstelle und verwalte problemlos sowohl einmalige Budgets als auch Retainer.<\/p> <img  src=\"https:\/\/website-assets.productive.io\/uploads\/2025\/05\/BU-Productive-Preiskarten-d.svg\"  alt=\"\" loading=lazy \/> <h3   > <strong><strong>Verwende unterschiedliche Stundens\u00e4tze f\u00fcr verschiedene Kunden<\/strong><\/strong><\/h3> <p   > Erstelle Budgets schneller, indem du deine Standard- oder kundenspezifischen Stundens\u00e4tze importierst.<\/p> <img  src=\"https:\/\/website-assets.productive.io\/uploads\/2025\/05\/BU-Productive-komplexe-Projekte-managen-d.svg\"  alt=\"\" loading=lazy \/> <h3   > <strong>Verwalte komplexe Projekte in mehreren Phasen<\/strong><\/h3> <p   > Bei gro\u00dfen, langfristigen Projekten erleichtern Aufgaben, indem Budgets in separate Phasen aufgeteilt werden. <\/p> <h2   > <strong>Optimieren Sie Abl\u00e4ufe<\/strong> mit Productive<\/h2> <p   > Wechseln Sie von mehreren Tools und Tabellen zu <br>einer skalierbaren Plattform f\u00fcr professionelle Dienstleistungen.<\/p> <h2   > <strong>Budgetverfolgung<\/strong> und<br><strong>Rentabilit\u00e4t<\/strong><\/h2> <h3   > Triff fundierte Entscheidungen mit wichtigen Kennzahlen in Echtzeit.<\/h3> <p   > Kostenlos testen<\/p> <img  src=\"https:\/\/website-assets.productive.io\/uploads\/2025\/05\/BU-Productive-Budget-Tracking-d.svg\"  alt=\"\" loading=lazy \/> <img  src=\"https:\/\/website-assets.productive.io\/uploads\/2025\/05\/BU-Productive-Geld-ausgehen-d.svg\"  alt=\"\" loading=lazy \/> <h3   > <strong>Sieh, wann ein Projekt das Budget \u00fcberschreiten wird.<\/strong><\/h3> <p   > Prognostiziere Budget\u00fcberschreitungen und wechsle zur Rentabilit\u00e4tsansicht, um nicht nur den Budgetverbrauch, sondern auch zuk\u00fcnftige Gewinnspannen zu sehen.<\/p> <img  src=\"https:\/\/website-assets.productive.io\/uploads\/2025\/05\/BU-Productive-Budgetuberschreitungen-verhindern-d.svg\"  alt=\"\" loading=lazy \/> <h3   > <strong>Verhindere Budget\u00fcberschreitungen mit automatisierten Warnungen<\/strong><\/h3> <p   > Du k\u00f6nntest 70% eines gesch\u00e4tzten Budgets verbrauchen, ohne es zu bemerken. Damit dies nicht passiert, richte benutzerdefinierte Warnungen in Productive ein.<\/p> <img  src=\"https:\/\/website-assets.productive.io\/uploads\/2025\/05\/BU-Productive-Echtzeit-Profitabilitat-Tracking-d.svg\"  alt=\"\" loading=lazy \/> <h3   > <strong>Echtzeit-Rentabilit\u00e4tsverfolgung<\/strong><\/h3> <p   > \u00dcberpr\u00fcfe den Stand deiner Budgets und wie profitabel deine Projekte sind. Warte nicht einen Monat auf Berichte.<\/p> <img  src=\"https:\/\/productive.io\/wp-content\/uploads\/2021\/12\/brendonS.png\"  alt=\"\" loading=lazy \/> <p   > brendon nicholas<br>Mitherausgeber und Technischer Leiter,<br>dotdev<\/p> <p   > Eine Plattform, die sowohl die Geh\u00e4lter aller als auch die Betriebskosten ber\u00fccksichtigt und in die Projektbudgets einspeist, gibt uns eine viel aktuellere und genauere Sicht auf die Rentabilit\u00e4t bestimmter Projekte.<\/p> <img  src=\"https:\/\/productive.io\/wp-content\/uploads\/2021\/12\/nika-serdonerS.png\"  alt=\"\" loading=lazy \/> <p   > NIKA SERDONER<br>PROJEKTMANAGER<br>ENKI<\/p> <p   > Aus Managementsicht besteht der Hauptvorteil des Tools darin, die Rentabilit\u00e4t in Echtzeit zu sehen. Es ist da. Wir m\u00fcssen es nicht berechnen oder Finanzberichte von unserem Buchhalter anfordern.<\/p> <p   > <\/p> <p   > <\/p><a   href=\"#\" > <p   > <\/p> <\/a> <img  src=\"https:\/\/productive.io\/wp-content\/uploads\/2021\/08\/Brendon-Nicholas-Co-founder-and-Technical-Director-Dotdev.png\"  alt=\"\" loading=lazy \/> <p   > brendon nicholas<br>Mitherausgeber und Technischer Leiter,<br>dotdev<\/p> <p   > Eine Plattform, die sowohl die Geh\u00e4lter aller als auch die Betriebskosten ber\u00fccksichtigt und in die Projektbudgets einspeist, gibt uns eine viel aktuellere und genauere Sicht auf die Rentabilit\u00e4t bestimmter Projekte.<\/p> <img  src=\"https:\/\/productive.io\/wp-content\/uploads\/2021\/08\/Nika_Serdoner-Project-Manager-at-ENKI.png\"  alt=\"\" loading=lazy \/> <p   > nika serdoner<br>projektmanager<br>enki<\/p> <p   > Aus Managementsicht besteht der Hauptvorteil des Tools darin, die Rentabilit\u00e4t in Echtzeit zu sehen. Es ist da. Wir m\u00fcssen es nicht berechnen oder Finanzberichte von unserem Buchhalter anfordern.<\/p> <img  src=\"https:\/\/productive.io\/wp-content\/uploads\/2021\/08\/Marko-Baric-CEO-at-Typeqast.png\"  alt=\"\" loading=lazy \/> <p   > marko bari\u0107<br>ceo<br>typeqast<\/p> <p   > Ohne Productive h\u00e4tten wir Schwierigkeiten, das Wachstum unseres Unternehmens zu lenken. Seitdem wir es nutzen, sind wir dreimal so gro\u00df geworden.<\/p> <p   > <\/p> <h2   > <strong>Zeit ist Geld.<\/strong> Wir zeigen Ihnen, wohin sie flie\u00dft<\/h2> <h3   > W\u00e4hrend Menschen fakturierbare und nicht fakturierbare Zeit f\u00fcr Services erfassen, werden die Kosten automatisch in Berichten angezeigt.<\/h3> <p   > Kostenlos testen<\/p> <img  src=\"https:\/\/website-assets.productive.io\/uploads\/2025\/05\/BU-Productive-Zeit-ist-Geld-d.svg\"  alt=\"\" loading=lazy \/> <img  src=\"https:\/\/website-assets.productive.io\/uploads\/2025\/05\/BU-Productive-Bestellung-d.svg\"  alt=\"\" loading=lazy \/> <h2   > Externe Kosten verwalten<br>Mit <strong>Bestellungen<\/strong><\/h2> <h3   > Erstellen Sie Bestellungen, um Dienstleistungen von Ihren Lieferanten zu beantragen. Versenden Sie Bestellungen direkt von Productive und verfolgen Sie deren Status.<\/h3> <h2   > Schnell <strong>Ausgaben genehmigen<\/strong><\/h2> <h3   > Vereinfachen Sie das Ausgabenmanagement von Drittanbietern, indem Sie Ausgaben entweder manuell hinzuf\u00fcgen oder die von Ihrem Team eingereichten Ausgaben genehmigen.<\/h3> <img  src=\"https:\/\/website-assets.productive.io\/uploads\/2025\/05\/BU-Productive-schnell-Zeit-genehmigen-d.svg\"  alt=\"\" loading=lazy \/> <h2   > <strong>Optimieren Sie Abl\u00e4ufe<\/strong> mit Productive<\/h2> <p   > Wechseln Sie von mehreren Tools und Tabellen zu <br>einer skalierbaren Plattform f\u00fcr professionelle Dienstleistungen.<\/p> <h2   > Erreiche das wahre Potenzial deiner Agentur<br><strong>Wahre Potenzial<\/strong><\/h2> <p   > Wechseln Sie von mehreren Tools und Tabellen zu einem skalierbaren Agentur-Management-System.<\/p> <h2   > Demo buchen<\/h2>","protected":false},"excerpt":{"rendered":"","protected":false},"author":34,"featured_media":0,"parent":0,"menu_order":0,"comment_status":"closed","ping_status":"closed","template":"","meta":{"_acf_changed":false,"es_utils_meta_schema":"","footnotes":""},"job-category":[],"page-category":[1073],"class_list":["post-56814","page","type-page","status-publish","hentry"],"acf":[],"yoast_head":"<!-- This site is optimized with the Yoast SEO Premium plugin v27.2 (Yoast SEO v27.2) - https:\/\/yoast.com\/product\/yoast-seo-premium-wordpress\/ -->\n<title>Budgetierung - Productive<\/title>\n<meta name=\"description\" content=\"Effektiv jedes Budget erstellen und verwalten - egal, ob Festpreis, stundenweise, mit oder ohne Drittanbieterkosten. Jetzt kostenlos testen!\" \/>\n<meta name=\"robots\" content=\"index, follow, max-snippet:-1, max-image-preview:large, max-video-preview:-1\" \/>\n<link rel=\"canonical\" href=\"https:\/\/productive.io\/de\/budgetierung\/\" \/>\n<meta property=\"og:locale\" content=\"de_DE\" \/>\n<meta property=\"og:type\" content=\"article\" \/>\n<meta property=\"og:title\" content=\"Budgetierung\" \/>\n<meta property=\"og:description\" content=\"Effektiv jedes Budget erstellen und verwalten - egal, ob Festpreis, stundenweise, mit oder ohne Drittanbieterkosten. Jetzt kostenlos testen!\" \/>\n<meta property=\"og:url\" content=\"https:\/\/productive.io\/de\/budgetierung\/\" \/>\n<meta property=\"og:site_name\" content=\"Productive\" \/>\n<meta property=\"article:publisher\" content=\"https:\/\/www.facebook.com\/productiveio\/\" \/>\n<meta property=\"article:modified_time\" content=\"2025-05-19T04:16:42+00:00\" \/>\n<meta name=\"twitter:card\" content=\"summary_large_image\" \/>\n<script type=\"application\/ld+json\" class=\"yoast-schema-graph\">{\"@context\":\"https:\/\/schema.org\",\"@graph\":[{\"@type\":\"WebPage\",\"@id\":\"https:\/\/productive.io\/de\/budgetierung\/\",\"url\":\"https:\/\/productive.io\/de\/budgetierung\/\",\"name\":\"Budgetierung - Productive\",\"isPartOf\":{\"@id\":\"https:\/\/productive.io\/de\/#website\"},\"datePublished\":\"2021-07-29T08:59:38+00:00\",\"dateModified\":\"2025-05-19T04:16:42+00:00\",\"description\":\"Effektiv jedes Budget erstellen und verwalten - egal, ob Festpreis, stundenweise, mit oder ohne Drittanbieterkosten. Jetzt kostenlos testen!\",\"breadcrumb\":{\"@id\":\"https:\/\/productive.io\/de\/budgetierung\/#breadcrumb\"},\"inLanguage\":\"de-DE\",\"potentialAction\":[{\"@type\":\"ReadAction\",\"target\":[\"https:\/\/productive.io\/de\/budgetierung\/\"]}]},{\"@type\":\"BreadcrumbList\",\"@id\":\"https:\/\/productive.io\/de\/budgetierung\/#breadcrumb\",\"itemListElement\":[{\"@type\":\"ListItem\",\"position\":1,\"name\":\"Home\",\"item\":\"https:\/\/productive.io\/de\/\"},{\"@type\":\"ListItem\",\"position\":2,\"name\":\"Budgetierung\"}]},{\"@type\":\"WebSite\",\"@id\":\"https:\/\/productive.io\/de\/#website\",\"url\":\"https:\/\/productive.io\/de\/\",\"name\":\"Productive\",\"description\":\"The Only Tool You Need To Run a Profitable Agency\",\"publisher\":{\"@id\":\"https:\/\/productive.io\/de\/#organization\"},\"potentialAction\":[{\"@type\":\"SearchAction\",\"target\":{\"@type\":\"EntryPoint\",\"urlTemplate\":\"https:\/\/productive.io\/de\/?s={search_term_string}\"},\"query-input\":{\"@type\":\"PropertyValueSpecification\",\"valueRequired\":true,\"valueName\":\"search_term_string\"}}],\"inLanguage\":\"de-DE\"},{\"@type\":\"Organization\",\"@id\":\"https:\/\/productive.io\/de\/#organization\",\"name\":\"Productive\",\"url\":\"https:\/\/productive.io\/de\/\",\"logo\":{\"@type\":\"ImageObject\",\"inLanguage\":\"de-DE\",\"@id\":\"https:\/\/productive.io\/de\/#\/schema\/logo\/image\/\",\"url\":\"https:\/\/website-assets.productive.io\/uploads\/2025\/09\/Productive-logo-for-Yoast-do-not-delete.webp\",\"contentUrl\":\"https:\/\/website-assets.productive.io\/uploads\/2025\/09\/Productive-logo-for-Yoast-do-not-delete.webp\",\"width\":696,\"height\":696,\"caption\":\"Productive\"},\"image\":{\"@id\":\"https:\/\/productive.io\/de\/#\/schema\/logo\/image\/\"},\"sameAs\":[\"https:\/\/www.facebook.com\/productiveio\/\",\"https:\/\/www.linkedin.com\/company\/productive-io\/\",\"https:\/\/www.youtube.com\/@productive_io\",\"https:\/\/www.instagram.com\/productive.io\/\",\"https:\/\/www.g2.com\/products\/productive\/reviews\",\"https:\/\/www.capterra.com\/p\/169710\/Productive\/\",\"https:\/\/www.crunchbase.com\/organization\/productive-io\",\"https:\/\/www.trustpilot.com\/review\/www.productive.io\",\"https:\/\/github.com\/productiveio\"],\"description\":\"Productive - Agency Management & PSA - Run resources, projects, budgets, and profitability in one platform built for agencies and professional services.\",\"email\":\"contact@productive.io\",\"legalName\":\"The Productive Company Inc.\",\"foundingDate\":\"2014-01-01\",\"numberOfEmployees\":{\"@type\":\"QuantitativeValue\",\"minValue\":\"51\",\"maxValue\":\"200\"}}]}<\/script>\n<!-- \/ Yoast SEO Premium plugin. -->","yoast_head_json":{"title":"Budgetierung - Productive","description":"Effektiv jedes Budget erstellen und verwalten - egal, ob Festpreis, stundenweise, mit oder ohne Drittanbieterkosten. Jetzt kostenlos testen!","robots":{"index":"index","follow":"follow","max-snippet":"max-snippet:-1","max-image-preview":"max-image-preview:large","max-video-preview":"max-video-preview:-1"},"canonical":"https:\/\/productive.io\/de\/budgetierung\/","og_locale":"de_DE","og_type":"article","og_title":"Budgetierung","og_description":"Effektiv jedes Budget erstellen und verwalten - egal, ob Festpreis, stundenweise, mit oder ohne Drittanbieterkosten. Jetzt kostenlos testen!","og_url":"https:\/\/productive.io\/de\/budgetierung\/","og_site_name":"Productive","article_publisher":"https:\/\/www.facebook.com\/productiveio\/","article_modified_time":"2025-05-19T04:16:42+00:00","twitter_card":"summary_large_image","schema":{"@context":"https:\/\/schema.org","@graph":[{"@type":"WebPage","@id":"https:\/\/productive.io\/de\/budgetierung\/","url":"https:\/\/productive.io\/de\/budgetierung\/","name":"Budgetierung - Productive","isPartOf":{"@id":"https:\/\/productive.io\/de\/#website"},"datePublished":"2021-07-29T08:59:38+00:00","dateModified":"2025-05-19T04:16:42+00:00","description":"Effektiv jedes Budget erstellen und verwalten - egal, ob Festpreis, stundenweise, mit oder ohne Drittanbieterkosten. Jetzt kostenlos testen!","breadcrumb":{"@id":"https:\/\/productive.io\/de\/budgetierung\/#breadcrumb"},"inLanguage":"de-DE","potentialAction":[{"@type":"ReadAction","target":["https:\/\/productive.io\/de\/budgetierung\/"]}]},{"@type":"BreadcrumbList","@id":"https:\/\/productive.io\/de\/budgetierung\/#breadcrumb","itemListElement":[{"@type":"ListItem","position":1,"name":"Home","item":"https:\/\/productive.io\/de\/"},{"@type":"ListItem","position":2,"name":"Budgetierung"}]},{"@type":"WebSite","@id":"https:\/\/productive.io\/de\/#website","url":"https:\/\/productive.io\/de\/","name":"Productive","description":"The Only Tool You Need To Run a Profitable Agency","publisher":{"@id":"https:\/\/productive.io\/de\/#organization"},"potentialAction":[{"@type":"SearchAction","target":{"@type":"EntryPoint","urlTemplate":"https:\/\/productive.io\/de\/?s={search_term_string}"},"query-input":{"@type":"PropertyValueSpecification","valueRequired":true,"valueName":"search_term_string"}}],"inLanguage":"de-DE"},{"@type":"Organization","@id":"https:\/\/productive.io\/de\/#organization","name":"Productive","url":"https:\/\/productive.io\/de\/","logo":{"@type":"ImageObject","inLanguage":"de-DE","@id":"https:\/\/productive.io\/de\/#\/schema\/logo\/image\/","url":"https:\/\/website-assets.productive.io\/uploads\/2025\/09\/Productive-logo-for-Yoast-do-not-delete.webp","contentUrl":"https:\/\/website-assets.productive.io\/uploads\/2025\/09\/Productive-logo-for-Yoast-do-not-delete.webp","width":696,"height":696,"caption":"Productive"},"image":{"@id":"https:\/\/productive.io\/de\/#\/schema\/logo\/image\/"},"sameAs":["https:\/\/www.facebook.com\/productiveio\/","https:\/\/www.linkedin.com\/company\/productive-io\/","https:\/\/www.youtube.com\/@productive_io","https:\/\/www.instagram.com\/productive.io\/","https:\/\/www.g2.com\/products\/productive\/reviews","https:\/\/www.capterra.com\/p\/169710\/Productive\/","https:\/\/www.crunchbase.com\/organization\/productive-io","https:\/\/www.trustpilot.com\/review\/www.productive.io","https:\/\/github.com\/productiveio"],"description":"Productive - Agency Management & PSA - Run resources, projects, budgets, and profitability in one platform built for agencies and professional services.","email":"contact@productive.io","legalName":"The Productive Company Inc.","foundingDate":"2014-01-01","numberOfEmployees":{"@type":"QuantitativeValue","minValue":"51","maxValue":"200"}}]}},"_links":{"self":[{"href":"https:\/\/productive.io\/de\/wp-json\/wp\/v2\/pages\/56814","targetHints":{"allow":["GET"]}}],"collection":[{"href":"https:\/\/productive.io\/de\/wp-json\/wp\/v2\/pages"}],"about":[{"href":"https:\/\/productive.io\/de\/wp-json\/wp\/v2\/types\/page"}],"author":[{"embeddable":true,"href":"https:\/\/productive.io\/de\/wp-json\/wp\/v2\/users\/34"}],"replies":[{"embeddable":true,"href":"https:\/\/productive.io\/de\/wp-json\/wp\/v2\/comments?post=56814"}],"version-history":[{"count":9,"href":"https:\/\/productive.io\/de\/wp-json\/wp\/v2\/pages\/56814\/revisions"}],"predecessor-version":[{"id":59389,"href":"https:\/\/productive.io\/de\/wp-json\/wp\/v2\/pages\/56814\/revisions\/59389"}],"wp:attachment":[{"href":"https:\/\/productive.io\/de\/wp-json\/wp\/v2\/media?parent=56814"}],"wp:term":[{"taxonomy":"job-category","embeddable":true,"href":"https:\/\/productive.io\/de\/wp-json\/wp\/v2\/job-category?post=56814"},{"taxonomy":"page-category","embeddable":true,"href":"https:\/\/productive.io\/de\/wp-json\/wp\/v2\/page-category?post=56814"}],"curies":[{"name":"wp","href":"https:\/\/api.w.org\/{rel}","templated":true}]}}