{"id":56810,"date":"2024-04-23T09:15:45","date_gmt":"2024-04-23T09:15:45","guid":{"rendered":"https:\/\/productive.io\/?page_id=56810"},"modified":"2025-05-19T04:19:11","modified_gmt":"2025-05-19T04:19:11","slug":"prognosen","status":"publish","type":"page","link":"https:\/\/productive.io\/de\/prognosen\/","title":{"rendered":"Prognosen"},"content":{"rendered":"<h3   > <strong>PROGNOSEN<\/strong><\/h3> <h1   > <strong>Visualisiere die Zukunft<\/strong> deines Unternehmens<\/h1> <p   > Von Budget\u00fcberziehungen und Gewinn bis hin zu Auslastungsquoten und Umsatz \u2013 Productive zeigt dir genau, wohin dein Unternehmen steuert.<\/p> <p   > Kostenlos testen<\/p> <a   data-cta-conversion-type=book_a_demo data-cta-block-type=dual_button_form href=\"https:\/\/productive.io\/de\/demo-buchen\/\" > <p   > Demo buchen<\/p> <\/a> <a   data-cta-conversion-type=book_a_demo data-cta-block-type=dual_button_form href=\"https:\/\/productive.io\/de\/demo-buchen\/\" > <p   > Demo buchen<\/p> <\/a> <img  src=\"https:\/\/website-assets.productive.io\/uploads\/2025\/05\/FC-Productive-Prognose-Hauptmotiv-d.svg\"  alt=\"\" loading=lazy \/> <h2   > <strong>Prognostiziere<\/strong> wann ein Budget <strong>ausgelaufen sein k\u00f6nnte<\/strong><\/h2> <h3   > Budget\u00fcberschreitungen vorhersagen und von der Budgetansicht zur Gewinn-Ansicht wechseln, um Ausgaben und zuk\u00fcnftige Gewinnmargen zu \u00fcberpr\u00fcfen.<\/h3> <p   > karla vincheva<br>LEITUNG DER PRODUKTION, BUILD IN AMSTERDAM<\/p> <p   > Productive ist sehr budgetorientiert. Es hat uns dabei geholfen, das Bewusstsein f\u00fcr die allgemeine Produktivit\u00e4t und Projektsicherheit zu sch\u00e4rfen.<\/p> <p   > Kostenlos testen<\/p> <img  src=\"https:\/\/website-assets.productive.io\/uploads\/2025\/05\/FC-Productive-Budget-erschopfen-d.svg\"  alt=\"\" loading=lazy \/> <h2   > <strong>Antizipiere Anpassungen<\/strong> in der Kapazit\u00e4tsplanung<\/h2> <img  src=\"https:\/\/website-assets.productive.io\/uploads\/2025\/05\/FC-Productive-Teammitglieder-einplanen-d.svg\"  alt=\"\" loading=lazy \/> <h2   > Plane Arbeit weiter in die Zukunft hinein<\/h2> <p   > Plane die Arbeit deines Teams Monate im Voraus und f\u00f6rdere Wachstum durch Echtzeitdaten.<\/p> <img  src=\"https:\/\/website-assets.productive.io\/uploads\/2025\/05\/FC-Productive-optimale-Teamauslastung-d.svg\"  alt=\"\" loading=lazy \/> <h2   > Erhalte die ideale Auslastung deines Teams<\/h2> <p   > Behalte die aktuelle und zuk\u00fcnftige abrechenbare Auslastung pro Monat, Person oder Team immer im Blick. <\/p> <img  src=\"https:\/\/website-assets.productive.io\/uploads\/2025\/05\/FC-Productive-Einstellungsprognose-d.svg\"  alt=\"\" loading=lazy \/> <h2   > Prognostiziere deinen tats\u00e4chlichen Personalbedarf<\/h2> <p   > Treffe datengetriebene Personalentscheidungen mit pr\u00e4ziserer Zeiterfassung, Ressourcenpl\u00e4nen und Berichten. <\/p> <img  src=\"https:\/\/website-assets.productive.io\/uploads\/2025\/05\/FC-Productive-Teammitglieder-einplanen-d.svg\"  alt=\"\" loading=lazy \/> <h2   > Plane Arbeit weiter in die Zukunft hinein<\/h2> <p   > Plane die Arbeit deines Teams Monate im Voraus und f\u00f6rdere Wachstum durch Echtzeitdaten.<\/p> <img  src=\"https:\/\/website-assets.productive.io\/uploads\/2025\/05\/FC-Productive-Einstellungsprognose-d.svg\"  alt=\"\" loading=lazy \/> <h2   > Prognostiziere deinen tats\u00e4chlichen Personalbedarf<\/h2> <p   > Treffe datengetriebene Personalentscheidungen mit pr\u00e4ziserer Zeiterfassung, Ressourcenpl\u00e4nen und Berichten. <\/p> <img  src=\"https:\/\/website-assets.productive.io\/uploads\/2025\/05\/FC-Productive-optimale-Teamauslastung-d.svg\"  alt=\"\" loading=lazy \/> <h2   > Erhalte die ideale Auslastung deines Teams<\/h2> <p   > Behalte die aktuelle und zuk\u00fcnftige abrechenbare Auslastung pro Monat, Person oder Team immer im Blick. <\/p> <h2   > Verliere nie den Fokus auf<br><strong>Umsatz und Rentabilit\u00e4t<\/strong><\/h2> <img  src=\"https:\/\/website-assets.productive.io\/uploads\/2025\/05\/FC-Productive-prognostizierte-Umsatzerlose-d.svg\"  alt=\"\" loading=lazy \/> <h2   > Beginne mit der <strong>Projektion deines Umsatzes<\/strong><\/h2> <p   > Erfahre, wie viel Umsatz du bis zu einem bestimmten Datum erreichen wirst. Zoome in deine Pipeline, um dich auf die besten Chancen zu konzentrieren.<\/p> <img  src=\"https:\/\/website-assets.productive.io\/uploads\/2025\/05\/FC-Productive-Finanzprognose-pro-Projekt-d.svg\"  alt=\"\" loading=lazy \/> <h2   > <strong>Rentabilit\u00e4tsprognosen<\/strong> auf einen Blick bereit<\/h2> <p   > Erfahre, wie dein prognostizierter Gewinn pro Budget oder f\u00fcr das gesamte Unternehmen aussieht.<\/p> <h2   > Demn\u00e4chst: <strong>Szenario-Builder<\/strong><\/h2> <p   > Berechne m\u00f6gliche finanzielle Ergebnisse mit dem kommenden Szenario-Builder von Productive. Erfahre, wie sich Ausgaben und Ressourcenzuweisungen auf verschiedene Szenarien auswirken.<\/p> <img  src=\"https:\/\/website-assets.productive.io\/uploads\/2025\/05\/FC-Productive-Szenario-Builder-d.svg\"  alt=\"\" loading=lazy \/> <img  src=\"https:\/\/productive.io\/wp-content\/uploads\/2021\/12\/brendonS.png\"  alt=\"\" loading=lazy \/> <p   > <strong>BRENDON NICHOLAS<\/strong><br>MITBEGR\u00dcNDER UND TECHNISCHER DIREKTOR, <br>DOTDEV<\/p> <p   > So erkl\u00e4ren wir Productive: Es ist wie Trello, super einfach &#8211; aber es bietet noch viel mehr. Es hat mehrere Boards und deckt alles von Anfang bis Ende ab, nicht nur die Boards.<\/p> <img  src=\"https:\/\/productive.io\/wp-content\/uploads\/2021\/12\/nika-serdonerS.png\"  alt=\"\" loading=lazy \/> <p   > NIKA SERDONER<br>PROJEKTMANAGERIN<br>ENKI<\/p> <p   > Aus einer Management-Perspektive besteht der Hauptvorteil des Tools darin, die Rentabilit\u00e4t in Echtzeit zu sehen. Es ist da. Wir m\u00fcssen es nicht berechnen oder Finanzberichte von unserem Buchhalter anfordern.<\/p> <p   > <\/p> <p   > <\/p><a   href=\"#\" > <p   > <\/p> <\/a> <img  src=\"https:\/\/productive.io\/wp-content\/uploads\/2021\/08\/Brendon-Nicholas-Co-founder-and-Technical-Director-Dotdev.png\"  alt=\"\" loading=lazy \/> <p   > <strong>BRENDON NICHOLAS<\/strong><br>MITBEGR\u00dcNDER UND TECHNISCHER DIREKTOR, <br>DOTDEV<\/p> <p   > So erkl\u00e4ren wir Productive: Es ist wie Trello, super einfach &#8211; aber es bietet noch viel mehr. Es hat mehrere Boards und deckt alles von Anfang bis Ende ab, nicht nur die Boards.<\/p> <img  src=\"https:\/\/productive.io\/wp-content\/uploads\/2021\/08\/Nika_Serdoner-Project-Manager-at-ENKI.png\"  alt=\"\" loading=lazy \/> <p   > NIKA SERDONER<br>PROJEKTMANAGERIN<br>ENKI<\/p> <p   > Aus einer Management-Perspektive besteht der Hauptvorteil des Tools darin, die Rentabilit\u00e4t in Echtzeit zu sehen. Es ist da. Wir m\u00fcssen es nicht berechnen oder Finanzberichte von unserem Buchhalter anfordern.<\/p> <p   > <\/p> <h2   > Sieh das <strong>gro\u00dfe Ganze oder zoome<\/strong> in Details<\/h2> <h2   > <strong>Urlaubsanfragen genehmigen<\/strong><\/h2><p   > Wenn ein Teammitglied eine Auszeit anfragt, muss dessen Manager diese in Productive genehmigen.<\/p> <h2   > <strong>Auszeit wird automatisch Teil deiner Ressourcenplanung<\/strong><\/h2><p   > Sobald eine Auszeit genehmigt ist, kannst du mit einem Filter sehen, welche Teammitglieder im Urlaub sind.<\/p> <img  src=\"https:\/\/website-assets.productive.io\/uploads\/2025\/05\/FC-Productive-das-grose-Ganze-sehen-d.svg\"  alt=\"\" loading=lazy \/> <h2   > <strong>Optimieren Sie Abl\u00e4ufe<\/strong> mit Productive<\/h2> <p   > Wechseln Sie von mehreren Tools und Tabellen zu <br>einer skalierbaren Plattform f\u00fcr professionelle Dienstleistungen.<\/p> <img  src=\"https:\/\/website-assets.productive.io\/uploads\/2025\/01\/new-desktop-team-forecasting.png\"  alt=\"\" loading=lazy \/>","protected":false},"excerpt":{"rendered":"","protected":false},"author":44,"featured_media":0,"parent":0,"menu_order":0,"comment_status":"closed","ping_status":"closed","template":"","meta":{"_acf_changed":false,"es_utils_meta_schema":"","footnotes":""},"job-category":[],"page-category":[1073],"class_list":["post-56810","page","type-page","status-publish","hentry"],"acf":[],"yoast_head":"<!-- This site is optimized with the Yoast SEO Premium plugin v27.2 (Yoast SEO v27.2) - https:\/\/yoast.com\/product\/yoast-seo-premium-wordpress\/ -->\n<title>Prognosen - Productive<\/title>\n<meta name=\"description\" content=\"Von Budget\u00fcberziehungen und Gewinn bis hin zu Auslastungsquoten und Umsatz \u2013 Productive zeigt dir genau, wohin dein Unternehmen steuert.\" \/>\n<meta name=\"robots\" content=\"index, follow, max-snippet:-1, max-image-preview:large, max-video-preview:-1\" \/>\n<link rel=\"canonical\" href=\"https:\/\/productive.io\/de\/prognosen\/\" \/>\n<meta property=\"og:locale\" content=\"de_DE\" \/>\n<meta property=\"og:type\" content=\"article\" \/>\n<meta property=\"og:title\" content=\"Prognosen\" \/>\n<meta property=\"og:description\" content=\"Von Budget\u00fcberziehungen und Gewinn bis hin zu Auslastungsquoten und Umsatz \u2013 Productive zeigt dir genau, wohin dein Unternehmen steuert.\" \/>\n<meta property=\"og:url\" content=\"https:\/\/productive.io\/de\/prognosen\/\" \/>\n<meta property=\"og:site_name\" content=\"Productive\" \/>\n<meta property=\"article:publisher\" content=\"https:\/\/www.facebook.com\/productiveio\/\" \/>\n<meta property=\"article:modified_time\" content=\"2025-05-19T04:19:11+00:00\" \/>\n<meta name=\"twitter:card\" content=\"summary_large_image\" \/>\n<script type=\"application\/ld+json\" class=\"yoast-schema-graph\">{\"@context\":\"https:\/\/schema.org\",\"@graph\":[{\"@type\":\"WebPage\",\"@id\":\"https:\/\/productive.io\/de\/prognosen\/\",\"url\":\"https:\/\/productive.io\/de\/prognosen\/\",\"name\":\"Prognosen - Productive\",\"isPartOf\":{\"@id\":\"https:\/\/productive.io\/de\/#website\"},\"datePublished\":\"2024-04-23T09:15:45+00:00\",\"dateModified\":\"2025-05-19T04:19:11+00:00\",\"description\":\"Von Budget\u00fcberziehungen und Gewinn bis hin zu Auslastungsquoten und Umsatz \u2013 Productive zeigt dir genau, wohin dein Unternehmen steuert.\",\"breadcrumb\":{\"@id\":\"https:\/\/productive.io\/de\/prognosen\/#breadcrumb\"},\"inLanguage\":\"de-DE\",\"potentialAction\":[{\"@type\":\"ReadAction\",\"target\":[\"https:\/\/productive.io\/de\/prognosen\/\"]}]},{\"@type\":\"BreadcrumbList\",\"@id\":\"https:\/\/productive.io\/de\/prognosen\/#breadcrumb\",\"itemListElement\":[{\"@type\":\"ListItem\",\"position\":1,\"name\":\"Home\",\"item\":\"https:\/\/productive.io\/de\/\"},{\"@type\":\"ListItem\",\"position\":2,\"name\":\"Prognosen\"}]},{\"@type\":\"WebSite\",\"@id\":\"https:\/\/productive.io\/de\/#website\",\"url\":\"https:\/\/productive.io\/de\/\",\"name\":\"Productive\",\"description\":\"The Only Tool You Need To Run a Profitable Agency\",\"publisher\":{\"@id\":\"https:\/\/productive.io\/de\/#organization\"},\"potentialAction\":[{\"@type\":\"SearchAction\",\"target\":{\"@type\":\"EntryPoint\",\"urlTemplate\":\"https:\/\/productive.io\/de\/?s={search_term_string}\"},\"query-input\":{\"@type\":\"PropertyValueSpecification\",\"valueRequired\":true,\"valueName\":\"search_term_string\"}}],\"inLanguage\":\"de-DE\"},{\"@type\":\"Organization\",\"@id\":\"https:\/\/productive.io\/de\/#organization\",\"name\":\"Productive\",\"url\":\"https:\/\/productive.io\/de\/\",\"logo\":{\"@type\":\"ImageObject\",\"inLanguage\":\"de-DE\",\"@id\":\"https:\/\/productive.io\/de\/#\/schema\/logo\/image\/\",\"url\":\"https:\/\/website-assets.productive.io\/uploads\/2025\/09\/Productive-logo-for-Yoast-do-not-delete.webp\",\"contentUrl\":\"https:\/\/website-assets.productive.io\/uploads\/2025\/09\/Productive-logo-for-Yoast-do-not-delete.webp\",\"width\":696,\"height\":696,\"caption\":\"Productive\"},\"image\":{\"@id\":\"https:\/\/productive.io\/de\/#\/schema\/logo\/image\/\"},\"sameAs\":[\"https:\/\/www.facebook.com\/productiveio\/\",\"https:\/\/www.linkedin.com\/company\/productive-io\/\",\"https:\/\/www.youtube.com\/@productive_io\",\"https:\/\/www.instagram.com\/productive.io\/\",\"https:\/\/www.g2.com\/products\/productive\/reviews\",\"https:\/\/www.capterra.com\/p\/169710\/Productive\/\",\"https:\/\/www.crunchbase.com\/organization\/productive-io\",\"https:\/\/www.trustpilot.com\/review\/www.productive.io\",\"https:\/\/github.com\/productiveio\"],\"description\":\"Productive - Agency Management & PSA - Run resources, projects, budgets, and profitability in one platform built for agencies and professional services.\",\"email\":\"contact@productive.io\",\"legalName\":\"The Productive Company Inc.\",\"foundingDate\":\"2014-01-01\",\"numberOfEmployees\":{\"@type\":\"QuantitativeValue\",\"minValue\":\"51\",\"maxValue\":\"200\"}}]}<\/script>\n<!-- \/ Yoast SEO Premium plugin. -->","yoast_head_json":{"title":"Prognosen - Productive","description":"Von Budget\u00fcberziehungen und Gewinn bis hin zu Auslastungsquoten und Umsatz \u2013 Productive zeigt dir genau, wohin dein Unternehmen steuert.","robots":{"index":"index","follow":"follow","max-snippet":"max-snippet:-1","max-image-preview":"max-image-preview:large","max-video-preview":"max-video-preview:-1"},"canonical":"https:\/\/productive.io\/de\/prognosen\/","og_locale":"de_DE","og_type":"article","og_title":"Prognosen","og_description":"Von Budget\u00fcberziehungen und Gewinn bis hin zu Auslastungsquoten und Umsatz \u2013 Productive zeigt dir genau, wohin dein Unternehmen steuert.","og_url":"https:\/\/productive.io\/de\/prognosen\/","og_site_name":"Productive","article_publisher":"https:\/\/www.facebook.com\/productiveio\/","article_modified_time":"2025-05-19T04:19:11+00:00","twitter_card":"summary_large_image","schema":{"@context":"https:\/\/schema.org","@graph":[{"@type":"WebPage","@id":"https:\/\/productive.io\/de\/prognosen\/","url":"https:\/\/productive.io\/de\/prognosen\/","name":"Prognosen - Productive","isPartOf":{"@id":"https:\/\/productive.io\/de\/#website"},"datePublished":"2024-04-23T09:15:45+00:00","dateModified":"2025-05-19T04:19:11+00:00","description":"Von Budget\u00fcberziehungen und Gewinn bis hin zu Auslastungsquoten und Umsatz \u2013 Productive zeigt dir genau, wohin dein Unternehmen steuert.","breadcrumb":{"@id":"https:\/\/productive.io\/de\/prognosen\/#breadcrumb"},"inLanguage":"de-DE","potentialAction":[{"@type":"ReadAction","target":["https:\/\/productive.io\/de\/prognosen\/"]}]},{"@type":"BreadcrumbList","@id":"https:\/\/productive.io\/de\/prognosen\/#breadcrumb","itemListElement":[{"@type":"ListItem","position":1,"name":"Home","item":"https:\/\/productive.io\/de\/"},{"@type":"ListItem","position":2,"name":"Prognosen"}]},{"@type":"WebSite","@id":"https:\/\/productive.io\/de\/#website","url":"https:\/\/productive.io\/de\/","name":"Productive","description":"The Only Tool You Need To Run a Profitable Agency","publisher":{"@id":"https:\/\/productive.io\/de\/#organization"},"potentialAction":[{"@type":"SearchAction","target":{"@type":"EntryPoint","urlTemplate":"https:\/\/productive.io\/de\/?s={search_term_string}"},"query-input":{"@type":"PropertyValueSpecification","valueRequired":true,"valueName":"search_term_string"}}],"inLanguage":"de-DE"},{"@type":"Organization","@id":"https:\/\/productive.io\/de\/#organization","name":"Productive","url":"https:\/\/productive.io\/de\/","logo":{"@type":"ImageObject","inLanguage":"de-DE","@id":"https:\/\/productive.io\/de\/#\/schema\/logo\/image\/","url":"https:\/\/website-assets.productive.io\/uploads\/2025\/09\/Productive-logo-for-Yoast-do-not-delete.webp","contentUrl":"https:\/\/website-assets.productive.io\/uploads\/2025\/09\/Productive-logo-for-Yoast-do-not-delete.webp","width":696,"height":696,"caption":"Productive"},"image":{"@id":"https:\/\/productive.io\/de\/#\/schema\/logo\/image\/"},"sameAs":["https:\/\/www.facebook.com\/productiveio\/","https:\/\/www.linkedin.com\/company\/productive-io\/","https:\/\/www.youtube.com\/@productive_io","https:\/\/www.instagram.com\/productive.io\/","https:\/\/www.g2.com\/products\/productive\/reviews","https:\/\/www.capterra.com\/p\/169710\/Productive\/","https:\/\/www.crunchbase.com\/organization\/productive-io","https:\/\/www.trustpilot.com\/review\/www.productive.io","https:\/\/github.com\/productiveio"],"description":"Productive - Agency Management & PSA - Run resources, projects, budgets, and profitability in one platform built for agencies and professional services.","email":"contact@productive.io","legalName":"The Productive Company Inc.","foundingDate":"2014-01-01","numberOfEmployees":{"@type":"QuantitativeValue","minValue":"51","maxValue":"200"}}]}},"_links":{"self":[{"href":"https:\/\/productive.io\/de\/wp-json\/wp\/v2\/pages\/56810","targetHints":{"allow":["GET"]}}],"collection":[{"href":"https:\/\/productive.io\/de\/wp-json\/wp\/v2\/pages"}],"about":[{"href":"https:\/\/productive.io\/de\/wp-json\/wp\/v2\/types\/page"}],"author":[{"embeddable":true,"href":"https:\/\/productive.io\/de\/wp-json\/wp\/v2\/users\/44"}],"replies":[{"embeddable":true,"href":"https:\/\/productive.io\/de\/wp-json\/wp\/v2\/comments?post=56810"}],"version-history":[{"count":10,"href":"https:\/\/productive.io\/de\/wp-json\/wp\/v2\/pages\/56810\/revisions"}],"predecessor-version":[{"id":59404,"href":"https:\/\/productive.io\/de\/wp-json\/wp\/v2\/pages\/56810\/revisions\/59404"}],"wp:attachment":[{"href":"https:\/\/productive.io\/de\/wp-json\/wp\/v2\/media?parent=56810"}],"wp:term":[{"taxonomy":"job-category","embeddable":true,"href":"https:\/\/productive.io\/de\/wp-json\/wp\/v2\/job-category?post=56810"},{"taxonomy":"page-category","embeddable":true,"href":"https:\/\/productive.io\/de\/wp-json\/wp\/v2\/page-category?post=56810"}],"curies":[{"name":"wp","href":"https:\/\/api.w.org\/{rel}","templated":true}]}}