{"id":56809,"date":"2021-08-30T11:47:02","date_gmt":"2021-08-30T11:47:02","guid":{"rendered":"https:\/\/productive.io\/?page_id=56809"},"modified":"2025-05-29T11:37:43","modified_gmt":"2025-05-29T11:37:43","slug":"quickbooks","status":"publish","type":"page","link":"https:\/\/productive.io\/de\/integrationen\/quickbooks\/","title":{"rendered":"Integrationen &#8211; QuickBooks"},"content":{"rendered":"<h2   > <strong><a href=\"https:\/\/productive.io\/de\/integrationen\/\">PRODUCTIVE INTEGRATIONEN<\/a><\/strong><\/h2> <h1   > QuickBooks Online und Productive? Nat\u00fcrlich \u2013 <strong>sie arbeiten Hand in Hand<\/strong><\/h1> <p   > Wenn QuickBooks Online Ihr Buchhaltungstool ist, verbessern Sie Ihren Workflow, indem Sie es mit Productive verbinden.<\/p> <a   href=\"http:\/\/productive.io\/de\/demo-buchen%20\" > <p   > Demo buchen<\/p> <\/a> <img  src=\"https:\/\/website-assets.productive.io\/uploads\/2025\/02\/Hero-Integrations-Quickbooks.svg\"  alt=\"\" loading=lazy \/> <h2   > <strong>Arbeitszeit erfassen<br><\/strong>in Productive<\/h2> <p   > Lassen Sie Ihre Teammitglieder Zeit auf verschiedene Weisen erfassen. Erfasste Zeiten liefern Ihnen Gesch\u00e4ftsdaten und die M\u00f6glichkeit, erfasste Zeiten f\u00fcr Leistungen in Rechnung zu stellen.<\/p> <img  src=\"https:\/\/website-assets.productive.io\/uploads\/2025\/05\/I-QB-Productive-estimate-tasks-d-1.svg\"  alt=\"\" loading=lazy \/> <img  src=\"https:\/\/website-assets.productive.io\/uploads\/2025\/05\/I-QB-Productive-create-invoices-d-1.svg\"  alt=\"\" loading=lazy \/> <h2   > <strong>Rechnung erstellen<\/strong><br>in Productive<\/h2> <p   > W\u00e4hlen Sie, welche Dienstleistungen oder Projekte Sie abrechnen m\u00f6chten. Kombinieren Sie verschiedene Projekte und Dienstleistungen, um mehrere Budgets gleichzeitig abzurechnen.<\/p> <h2   > <strong>Kopiere <\/strong>Ihre Rechnung<strong> in QuickBooks<\/strong> Online<\/h2> <p   > Sobald eine Rechnung in Productive erstellt wurde, k\u00f6nnen Sie sie zur weiteren Bearbeitung nach QuickBooks exportieren und kopieren.<\/p> <img  src=\"https:\/\/website-assets.productive.io\/uploads\/2025\/05\/I-QB-Productive-copy-data-d-1.svg\"  alt=\"\" loading=lazy \/> <p   > <\/p> <p   > <\/p><a   href=\"#\" > <p   > <\/p> <\/a> <img  src=\"https:\/\/productive.io\/wp-content\/uploads\/2021\/09\/Roberto-Ciarleglio-Contra-Agency-1.png\"  alt=\"\" loading=lazy \/> <p   > Roberto Ciarleglio<br>Mitbegr\u00fcnder und Gesch\u00e4ftsf\u00fchrer,<br>Contra Agentur<\/p> <p   > Wir haben 20 Jahre Daten in QuickBooks, wo verschiedene Dienstleistungsbereiche mit unterschiedlichen Eink\u00fcnften verkn\u00fcpft sind. Um diese Daten auch in Zukunft nicht zu verlieren, haben wir ein Webhook geschrieben, das auf ein neues Update oder eine neue Rechnung wartet, Ihre Dienstleistungslinien \u00fcberpr\u00fcft, mit QuickBooks abgleicht und anschlie\u00dfend die neue Rechnung aktualisiert und alles sortiert.<\/p> <p   > <\/p> <h2   > <strong>Wie Sie verbinden <\/strong>QuickBooks Online und Productive<\/h2> <p   > Wenn Sie Ihr QuickBooks Online-Konto mit Productive verbinden m\u00f6chten, lesen Sie <a href=\"https:\/\/help.productive.io\/en\/articles\/2179614-quickbooks-online\">diesen Hilfeartikel<\/a>.<\/p> <img  src=\"https:\/\/productive.io\/wp-content\/uploads\/2021\/09\/how-to-connect-1.svg\"  alt=\"\" loading=lazy \/> <h2   > <strong>Mehr \u00fcber QuickBooks Online<\/strong><\/h2> <p   > QuickBooks Online ist eine Buchhaltungssoftware, die sich darauf konzentriert, On-Premise-Buchhaltungsl\u00f6sungen und cloudbasierte Tools anzubieten, mit denen Sie Zahlungen akzeptieren, Rechnungen verwalten und bezahlen sowie Gehaltsabrechnungsfunktionen verwalten k\u00f6nnen.<\/p> <h2   > <strong>Optimiere den Betrieb<\/strong> mit Productive<\/h2> <p   > Wechsle von mehreren Tools und Tabellen zu <br>einer skalierbaren Plattform f\u00fcr professionelle Dienstleistungen.<\/p>","protected":false},"excerpt":{"rendered":"","protected":false},"author":16,"featured_media":0,"parent":56816,"menu_order":0,"comment_status":"closed","ping_status":"closed","template":"","meta":{"_acf_changed":false,"es_utils_meta_schema":"","footnotes":""},"job-category":[],"page-category":[1057],"class_list":["post-56809","page","type-page","status-publish","hentry"],"acf":[],"yoast_head":"<!-- This site is optimized with the Yoast SEO Premium plugin v27.2 (Yoast SEO v27.2) - https:\/\/yoast.com\/product\/yoast-seo-premium-wordpress\/ -->\n<title>Integrationen - QuickBooks - Productive<\/title>\n<meta name=\"description\" content=\"Wenn QuickBooks Online Ihr bevorzugtes Buchhaltungstool ist, werden Sie feststellen, dass es perfekt mit Productive harmoniert.\" \/>\n<meta name=\"robots\" content=\"index, follow, max-snippet:-1, max-image-preview:large, max-video-preview:-1\" \/>\n<link rel=\"canonical\" href=\"https:\/\/productive.io\/de\/integrationen\/quickbooks\/\" \/>\n<meta property=\"og:locale\" content=\"de_DE\" \/>\n<meta property=\"og:type\" content=\"article\" \/>\n<meta property=\"og:title\" content=\"Integrationen - QuickBooks\" \/>\n<meta property=\"og:description\" content=\"Wenn QuickBooks Online Ihr bevorzugtes Buchhaltungstool ist, werden Sie feststellen, dass es perfekt mit Productive harmoniert.\" \/>\n<meta property=\"og:url\" content=\"https:\/\/productive.io\/de\/integrationen\/quickbooks\/\" \/>\n<meta property=\"og:site_name\" content=\"Productive\" \/>\n<meta property=\"article:publisher\" content=\"https:\/\/www.facebook.com\/productiveio\/\" \/>\n<meta property=\"article:modified_time\" content=\"2025-05-29T11:37:43+00:00\" \/>\n<meta name=\"twitter:card\" content=\"summary_large_image\" \/>\n<meta name=\"twitter:label1\" content=\"Gesch\u00e4tzte Lesezeit\" \/>\n\t<meta name=\"twitter:data1\" content=\"3 minutes\" \/>\n<script type=\"application\/ld+json\" class=\"yoast-schema-graph\">{\"@context\":\"https:\/\/schema.org\",\"@graph\":[{\"@type\":\"WebPage\",\"@id\":\"https:\/\/productive.io\/de\/integrationen\/quickbooks\/\",\"url\":\"https:\/\/productive.io\/de\/integrationen\/quickbooks\/\",\"name\":\"Integrationen - QuickBooks - Productive\",\"isPartOf\":{\"@id\":\"https:\/\/productive.io\/de\/#website\"},\"datePublished\":\"2021-08-30T11:47:02+00:00\",\"dateModified\":\"2025-05-29T11:37:43+00:00\",\"description\":\"Wenn QuickBooks Online Ihr bevorzugtes Buchhaltungstool ist, werden Sie feststellen, dass es perfekt mit Productive harmoniert.\",\"breadcrumb\":{\"@id\":\"https:\/\/productive.io\/de\/integrationen\/quickbooks\/#breadcrumb\"},\"inLanguage\":\"de-DE\",\"potentialAction\":[{\"@type\":\"ReadAction\",\"target\":[\"https:\/\/productive.io\/de\/integrationen\/quickbooks\/\"]}]},{\"@type\":\"BreadcrumbList\",\"@id\":\"https:\/\/productive.io\/de\/integrationen\/quickbooks\/#breadcrumb\",\"itemListElement\":[{\"@type\":\"ListItem\",\"position\":1,\"name\":\"Home\",\"item\":\"https:\/\/productive.io\/de\/\"},{\"@type\":\"ListItem\",\"position\":2,\"name\":\"Integrationen\",\"item\":\"https:\/\/productive.io\/de\/integrationen\/\"},{\"@type\":\"ListItem\",\"position\":3,\"name\":\"Integrationen &#8211; QuickBooks\"}]},{\"@type\":\"WebSite\",\"@id\":\"https:\/\/productive.io\/de\/#website\",\"url\":\"https:\/\/productive.io\/de\/\",\"name\":\"Productive\",\"description\":\"The Only Tool You Need To Run a Profitable Agency\",\"publisher\":{\"@id\":\"https:\/\/productive.io\/de\/#organization\"},\"potentialAction\":[{\"@type\":\"SearchAction\",\"target\":{\"@type\":\"EntryPoint\",\"urlTemplate\":\"https:\/\/productive.io\/de\/?s={search_term_string}\"},\"query-input\":{\"@type\":\"PropertyValueSpecification\",\"valueRequired\":true,\"valueName\":\"search_term_string\"}}],\"inLanguage\":\"de-DE\"},{\"@type\":\"Organization\",\"@id\":\"https:\/\/productive.io\/de\/#organization\",\"name\":\"Productive\",\"url\":\"https:\/\/productive.io\/de\/\",\"logo\":{\"@type\":\"ImageObject\",\"inLanguage\":\"de-DE\",\"@id\":\"https:\/\/productive.io\/de\/#\/schema\/logo\/image\/\",\"url\":\"https:\/\/website-assets.productive.io\/uploads\/2025\/09\/Productive-logo-for-Yoast-do-not-delete.webp\",\"contentUrl\":\"https:\/\/website-assets.productive.io\/uploads\/2025\/09\/Productive-logo-for-Yoast-do-not-delete.webp\",\"width\":696,\"height\":696,\"caption\":\"Productive\"},\"image\":{\"@id\":\"https:\/\/productive.io\/de\/#\/schema\/logo\/image\/\"},\"sameAs\":[\"https:\/\/www.facebook.com\/productiveio\/\",\"https:\/\/www.linkedin.com\/company\/productive-io\/\",\"https:\/\/www.youtube.com\/@productive_io\",\"https:\/\/www.instagram.com\/productive.io\/\",\"https:\/\/www.g2.com\/products\/productive\/reviews\",\"https:\/\/www.capterra.com\/p\/169710\/Productive\/\",\"https:\/\/www.crunchbase.com\/organization\/productive-io\",\"https:\/\/www.trustpilot.com\/review\/www.productive.io\",\"https:\/\/github.com\/productiveio\"],\"description\":\"Productive - Agency Management & PSA - Run resources, projects, budgets, and profitability in one platform built for agencies and professional services.\",\"email\":\"contact@productive.io\",\"legalName\":\"The Productive Company Inc.\",\"foundingDate\":\"2014-01-01\",\"numberOfEmployees\":{\"@type\":\"QuantitativeValue\",\"minValue\":\"51\",\"maxValue\":\"200\"}}]}<\/script>\n<!-- \/ Yoast SEO Premium plugin. -->","yoast_head_json":{"title":"Integrationen - QuickBooks - Productive","description":"Wenn QuickBooks Online Ihr bevorzugtes Buchhaltungstool ist, werden Sie feststellen, dass es perfekt mit Productive harmoniert.","robots":{"index":"index","follow":"follow","max-snippet":"max-snippet:-1","max-image-preview":"max-image-preview:large","max-video-preview":"max-video-preview:-1"},"canonical":"https:\/\/productive.io\/de\/integrationen\/quickbooks\/","og_locale":"de_DE","og_type":"article","og_title":"Integrationen - QuickBooks","og_description":"Wenn QuickBooks Online Ihr bevorzugtes Buchhaltungstool ist, werden Sie feststellen, dass es perfekt mit Productive harmoniert.","og_url":"https:\/\/productive.io\/de\/integrationen\/quickbooks\/","og_site_name":"Productive","article_publisher":"https:\/\/www.facebook.com\/productiveio\/","article_modified_time":"2025-05-29T11:37:43+00:00","twitter_card":"summary_large_image","twitter_misc":{"Gesch\u00e4tzte Lesezeit":"3 minutes"},"schema":{"@context":"https:\/\/schema.org","@graph":[{"@type":"WebPage","@id":"https:\/\/productive.io\/de\/integrationen\/quickbooks\/","url":"https:\/\/productive.io\/de\/integrationen\/quickbooks\/","name":"Integrationen - QuickBooks - Productive","isPartOf":{"@id":"https:\/\/productive.io\/de\/#website"},"datePublished":"2021-08-30T11:47:02+00:00","dateModified":"2025-05-29T11:37:43+00:00","description":"Wenn QuickBooks Online Ihr bevorzugtes Buchhaltungstool ist, werden Sie feststellen, dass es perfekt mit Productive harmoniert.","breadcrumb":{"@id":"https:\/\/productive.io\/de\/integrationen\/quickbooks\/#breadcrumb"},"inLanguage":"de-DE","potentialAction":[{"@type":"ReadAction","target":["https:\/\/productive.io\/de\/integrationen\/quickbooks\/"]}]},{"@type":"BreadcrumbList","@id":"https:\/\/productive.io\/de\/integrationen\/quickbooks\/#breadcrumb","itemListElement":[{"@type":"ListItem","position":1,"name":"Home","item":"https:\/\/productive.io\/de\/"},{"@type":"ListItem","position":2,"name":"Integrationen","item":"https:\/\/productive.io\/de\/integrationen\/"},{"@type":"ListItem","position":3,"name":"Integrationen &#8211; QuickBooks"}]},{"@type":"WebSite","@id":"https:\/\/productive.io\/de\/#website","url":"https:\/\/productive.io\/de\/","name":"Productive","description":"The Only Tool You Need To Run a Profitable Agency","publisher":{"@id":"https:\/\/productive.io\/de\/#organization"},"potentialAction":[{"@type":"SearchAction","target":{"@type":"EntryPoint","urlTemplate":"https:\/\/productive.io\/de\/?s={search_term_string}"},"query-input":{"@type":"PropertyValueSpecification","valueRequired":true,"valueName":"search_term_string"}}],"inLanguage":"de-DE"},{"@type":"Organization","@id":"https:\/\/productive.io\/de\/#organization","name":"Productive","url":"https:\/\/productive.io\/de\/","logo":{"@type":"ImageObject","inLanguage":"de-DE","@id":"https:\/\/productive.io\/de\/#\/schema\/logo\/image\/","url":"https:\/\/website-assets.productive.io\/uploads\/2025\/09\/Productive-logo-for-Yoast-do-not-delete.webp","contentUrl":"https:\/\/website-assets.productive.io\/uploads\/2025\/09\/Productive-logo-for-Yoast-do-not-delete.webp","width":696,"height":696,"caption":"Productive"},"image":{"@id":"https:\/\/productive.io\/de\/#\/schema\/logo\/image\/"},"sameAs":["https:\/\/www.facebook.com\/productiveio\/","https:\/\/www.linkedin.com\/company\/productive-io\/","https:\/\/www.youtube.com\/@productive_io","https:\/\/www.instagram.com\/productive.io\/","https:\/\/www.g2.com\/products\/productive\/reviews","https:\/\/www.capterra.com\/p\/169710\/Productive\/","https:\/\/www.crunchbase.com\/organization\/productive-io","https:\/\/www.trustpilot.com\/review\/www.productive.io","https:\/\/github.com\/productiveio"],"description":"Productive - Agency Management & PSA - Run resources, projects, budgets, and profitability in one platform built for agencies and professional services.","email":"contact@productive.io","legalName":"The Productive Company Inc.","foundingDate":"2014-01-01","numberOfEmployees":{"@type":"QuantitativeValue","minValue":"51","maxValue":"200"}}]}},"_links":{"self":[{"href":"https:\/\/productive.io\/de\/wp-json\/wp\/v2\/pages\/56809","targetHints":{"allow":["GET"]}}],"collection":[{"href":"https:\/\/productive.io\/de\/wp-json\/wp\/v2\/pages"}],"about":[{"href":"https:\/\/productive.io\/de\/wp-json\/wp\/v2\/types\/page"}],"author":[{"embeddable":true,"href":"https:\/\/productive.io\/de\/wp-json\/wp\/v2\/users\/16"}],"replies":[{"embeddable":true,"href":"https:\/\/productive.io\/de\/wp-json\/wp\/v2\/comments?post=56809"}],"version-history":[{"count":5,"href":"https:\/\/productive.io\/de\/wp-json\/wp\/v2\/pages\/56809\/revisions"}],"predecessor-version":[{"id":61215,"href":"https:\/\/productive.io\/de\/wp-json\/wp\/v2\/pages\/56809\/revisions\/61215"}],"up":[{"embeddable":true,"href":"https:\/\/productive.io\/de\/wp-json\/wp\/v2\/pages\/56816"}],"wp:attachment":[{"href":"https:\/\/productive.io\/de\/wp-json\/wp\/v2\/media?parent=56809"}],"wp:term":[{"taxonomy":"job-category","embeddable":true,"href":"https:\/\/productive.io\/de\/wp-json\/wp\/v2\/job-category?post=56809"},{"taxonomy":"page-category","embeddable":true,"href":"https:\/\/productive.io\/de\/wp-json\/wp\/v2\/page-category?post=56809"}],"curies":[{"name":"wp","href":"https:\/\/api.w.org\/{rel}","templated":true}]}}