{"id":56806,"date":"2021-09-01T13:40:52","date_gmt":"2021-09-01T13:40:52","guid":{"rendered":"https:\/\/productive.io\/?page_id=56806"},"modified":"2025-05-29T11:46:19","modified_gmt":"2025-05-29T11:46:19","slug":"xero","status":"publish","type":"page","link":"https:\/\/productive.io\/de\/integrationen\/xero\/","title":{"rendered":"Integrationen &#8211; Xero"},"content":{"rendered":"<h2   > <strong><a href=\"https:\/\/productive.io\/de\/integrationen\/\">PRODUCTIVE INTEGRATIONEN<\/a><\/strong><\/h2> <h1   > Ist <strong>Xero <\/strong>Ihr<strong> Buchhaltungstool <\/strong>der Wahl?<\/h1> <p   > Kein Problem. Sie k\u00f6nnen es behalten. Optimieren Sie den Arbeitsablauf Ihres Unternehmens, indem Sie Xero und Productive integrieren.<\/p> <a   href=\"http:\/\/productive.io\/de\/demo-buchen%20\" > <p   > Demo buchen<\/p> <\/a> <img  src=\"https:\/\/productive.io\/wp-content\/uploads\/2021\/09\/Hero-Integrations-Xero.svg\"  alt=\"\" loading=lazy \/> <img  src=\"https:\/\/website-assets.productive.io\/uploads\/2025\/05\/I-Xero-Productive-branded-invoices-d-1.svg\"  alt=\"\" loading=lazy \/> <h2   > <strong>Erstellen <\/strong>Sie Ihre<strong> Rechnung <\/strong>in <strong>Productive<\/strong><\/h2> <p   > W\u00e4hlen Sie, welche Dienstleistungen oder Projekte Sie berechnen m\u00f6chten. Kombinieren Sie verschiedene Projekte und Dienstleistungen, um mehrere Budgets auf einmal abzurechnen.<\/p> <h2   > Kopieren Sie <strong>Rechnungen<\/strong> und <strong>Ausgaben <\/strong>nach<strong> Xero<\/strong><\/h2> <p   > Sobald eine Rechnung oder ein Aufwand in Productive erstellt wurde, k\u00f6nnen Sie diese nach Xero exportieren und kopieren, um sie weiter zu verarbeiten.<\/p> <img  src=\"https:\/\/website-assets.productive.io\/uploads\/2025\/05\/I-Xero-Productive-integration-copy-d-1.svg\"  alt=\"\" loading=lazy \/> <h2   > <strong>Wie Sie <\/strong>Xero und Productive <strong>verbinden<\/strong><\/h2> <p   > Wenn Sie Ihr Xero-Konto mit Productive verbinden m\u00f6chten, schauen Sie sich <a href=\"https:\/\/help.productive.io\/en\/articles\/2483327-xero-integration\" target=\"_blank\" rel=\"noreferrer noopener\">diesen Hilfeartikel<\/a> an.<\/p> <img  src=\"https:\/\/productive.io\/wp-content\/uploads\/2021\/09\/how-to-connect-1.svg\"  alt=\"\" loading=lazy \/> <h2   > <strong>Mehr \u00fcber Xero<\/strong><\/h2> <p   > Xero ist eine cloudbasierte Buchhaltungssoftware f\u00fcr kleine Unternehmen und deren Berater weltweit. Xero verbindet mehr als zwei Millionen Abonnenten mit einem \u00d6kosystem von \u00fcber 800 Drittanbieter-Apps und mehr als 200 Verbindungen zu Banken und Finanzdienstleistern. <\/p> <h2   > <strong>Optimiere den Betrieb<\/strong> mit Productive<\/h2> <p   > Wechsle von mehreren Tools und Tabellen zu <br>einer skalierbaren Plattform f\u00fcr professionelle Dienstleistungen.<\/p>","protected":false},"excerpt":{"rendered":"","protected":false},"author":10,"featured_media":0,"parent":56816,"menu_order":0,"comment_status":"closed","ping_status":"closed","template":"","meta":{"_acf_changed":false,"es_utils_meta_schema":"","footnotes":""},"job-category":[],"page-category":[1057],"class_list":["post-56806","page","type-page","status-publish","hentry"],"acf":[],"yoast_head":"<!-- This site is optimized with the Yoast SEO Premium plugin v27.2 (Yoast SEO v27.2) - https:\/\/yoast.com\/product\/yoast-seo-premium-wordpress\/ -->\n<title>Integrationen - Xero | Produktives Agenturverwaltungstool<\/title>\n<meta name=\"description\" content=\"Xero funktioniert perfekt mit Productive. Erstellen Sie Rechnungen und Ausgaben in Productive und kopieren Sie diese mit wenigen Klicks nach Xero.\" \/>\n<meta name=\"robots\" content=\"index, follow, max-snippet:-1, max-image-preview:large, max-video-preview:-1\" \/>\n<link rel=\"canonical\" href=\"https:\/\/productive.io\/de\/integrationen\/xero\/\" \/>\n<meta property=\"og:locale\" content=\"de_DE\" \/>\n<meta property=\"og:type\" content=\"article\" \/>\n<meta property=\"og:title\" content=\"Integrationen - Xero\" \/>\n<meta property=\"og:description\" content=\"Xero funktioniert perfekt mit Productive. Erstellen Sie Rechnungen und Ausgaben in Productive und kopieren Sie diese mit wenigen Klicks nach Xero.\" \/>\n<meta property=\"og:url\" content=\"https:\/\/productive.io\/de\/integrationen\/xero\/\" \/>\n<meta property=\"og:site_name\" content=\"Productive\" \/>\n<meta property=\"article:publisher\" content=\"https:\/\/www.facebook.com\/productiveio\/\" \/>\n<meta property=\"article:modified_time\" content=\"2025-05-29T11:46:19+00:00\" \/>\n<meta name=\"twitter:card\" content=\"summary_large_image\" \/>\n<meta name=\"twitter:label1\" content=\"Gesch\u00e4tzte Lesezeit\" \/>\n\t<meta name=\"twitter:data1\" content=\"2 minutes\" \/>\n<script type=\"application\/ld+json\" class=\"yoast-schema-graph\">{\"@context\":\"https:\/\/schema.org\",\"@graph\":[{\"@type\":\"WebPage\",\"@id\":\"https:\/\/productive.io\/de\/integrationen\/xero\/\",\"url\":\"https:\/\/productive.io\/de\/integrationen\/xero\/\",\"name\":\"Integrationen - Xero | Produktives Agenturverwaltungstool\",\"isPartOf\":{\"@id\":\"https:\/\/productive.io\/de\/#website\"},\"datePublished\":\"2021-09-01T13:40:52+00:00\",\"dateModified\":\"2025-05-29T11:46:19+00:00\",\"description\":\"Xero funktioniert perfekt mit Productive. Erstellen Sie Rechnungen und Ausgaben in Productive und kopieren Sie diese mit wenigen Klicks nach Xero.\",\"breadcrumb\":{\"@id\":\"https:\/\/productive.io\/de\/integrationen\/xero\/#breadcrumb\"},\"inLanguage\":\"de-DE\",\"potentialAction\":[{\"@type\":\"ReadAction\",\"target\":[\"https:\/\/productive.io\/de\/integrationen\/xero\/\"]}]},{\"@type\":\"BreadcrumbList\",\"@id\":\"https:\/\/productive.io\/de\/integrationen\/xero\/#breadcrumb\",\"itemListElement\":[{\"@type\":\"ListItem\",\"position\":1,\"name\":\"Home\",\"item\":\"https:\/\/productive.io\/de\/\"},{\"@type\":\"ListItem\",\"position\":2,\"name\":\"Integrationen\",\"item\":\"https:\/\/productive.io\/de\/integrationen\/\"},{\"@type\":\"ListItem\",\"position\":3,\"name\":\"Integrationen &#8211; Xero\"}]},{\"@type\":\"WebSite\",\"@id\":\"https:\/\/productive.io\/de\/#website\",\"url\":\"https:\/\/productive.io\/de\/\",\"name\":\"Productive\",\"description\":\"The Only Tool You Need To Run a Profitable Agency\",\"publisher\":{\"@id\":\"https:\/\/productive.io\/de\/#organization\"},\"potentialAction\":[{\"@type\":\"SearchAction\",\"target\":{\"@type\":\"EntryPoint\",\"urlTemplate\":\"https:\/\/productive.io\/de\/?s={search_term_string}\"},\"query-input\":{\"@type\":\"PropertyValueSpecification\",\"valueRequired\":true,\"valueName\":\"search_term_string\"}}],\"inLanguage\":\"de-DE\"},{\"@type\":\"Organization\",\"@id\":\"https:\/\/productive.io\/de\/#organization\",\"name\":\"Productive\",\"url\":\"https:\/\/productive.io\/de\/\",\"logo\":{\"@type\":\"ImageObject\",\"inLanguage\":\"de-DE\",\"@id\":\"https:\/\/productive.io\/de\/#\/schema\/logo\/image\/\",\"url\":\"https:\/\/website-assets.productive.io\/uploads\/2025\/09\/Productive-logo-for-Yoast-do-not-delete.webp\",\"contentUrl\":\"https:\/\/website-assets.productive.io\/uploads\/2025\/09\/Productive-logo-for-Yoast-do-not-delete.webp\",\"width\":696,\"height\":696,\"caption\":\"Productive\"},\"image\":{\"@id\":\"https:\/\/productive.io\/de\/#\/schema\/logo\/image\/\"},\"sameAs\":[\"https:\/\/www.facebook.com\/productiveio\/\",\"https:\/\/www.linkedin.com\/company\/productive-io\/\",\"https:\/\/www.youtube.com\/@productive_io\",\"https:\/\/www.instagram.com\/productive.io\/\",\"https:\/\/www.g2.com\/products\/productive\/reviews\",\"https:\/\/www.capterra.com\/p\/169710\/Productive\/\",\"https:\/\/www.crunchbase.com\/organization\/productive-io\",\"https:\/\/www.trustpilot.com\/review\/www.productive.io\",\"https:\/\/github.com\/productiveio\"],\"description\":\"Productive - Agency Management & PSA - Run resources, projects, budgets, and profitability in one platform built for agencies and professional services.\",\"email\":\"contact@productive.io\",\"legalName\":\"The Productive Company Inc.\",\"foundingDate\":\"2014-01-01\",\"numberOfEmployees\":{\"@type\":\"QuantitativeValue\",\"minValue\":\"51\",\"maxValue\":\"200\"}}]}<\/script>\n<!-- \/ Yoast SEO Premium plugin. -->","yoast_head_json":{"title":"Integrationen - Xero | Produktives Agenturverwaltungstool","description":"Xero funktioniert perfekt mit Productive. Erstellen Sie Rechnungen und Ausgaben in Productive und kopieren Sie diese mit wenigen Klicks nach Xero.","robots":{"index":"index","follow":"follow","max-snippet":"max-snippet:-1","max-image-preview":"max-image-preview:large","max-video-preview":"max-video-preview:-1"},"canonical":"https:\/\/productive.io\/de\/integrationen\/xero\/","og_locale":"de_DE","og_type":"article","og_title":"Integrationen - Xero","og_description":"Xero funktioniert perfekt mit Productive. Erstellen Sie Rechnungen und Ausgaben in Productive und kopieren Sie diese mit wenigen Klicks nach Xero.","og_url":"https:\/\/productive.io\/de\/integrationen\/xero\/","og_site_name":"Productive","article_publisher":"https:\/\/www.facebook.com\/productiveio\/","article_modified_time":"2025-05-29T11:46:19+00:00","twitter_card":"summary_large_image","twitter_misc":{"Gesch\u00e4tzte Lesezeit":"2 minutes"},"schema":{"@context":"https:\/\/schema.org","@graph":[{"@type":"WebPage","@id":"https:\/\/productive.io\/de\/integrationen\/xero\/","url":"https:\/\/productive.io\/de\/integrationen\/xero\/","name":"Integrationen - Xero | Produktives Agenturverwaltungstool","isPartOf":{"@id":"https:\/\/productive.io\/de\/#website"},"datePublished":"2021-09-01T13:40:52+00:00","dateModified":"2025-05-29T11:46:19+00:00","description":"Xero funktioniert perfekt mit Productive. Erstellen Sie Rechnungen und Ausgaben in Productive und kopieren Sie diese mit wenigen Klicks nach Xero.","breadcrumb":{"@id":"https:\/\/productive.io\/de\/integrationen\/xero\/#breadcrumb"},"inLanguage":"de-DE","potentialAction":[{"@type":"ReadAction","target":["https:\/\/productive.io\/de\/integrationen\/xero\/"]}]},{"@type":"BreadcrumbList","@id":"https:\/\/productive.io\/de\/integrationen\/xero\/#breadcrumb","itemListElement":[{"@type":"ListItem","position":1,"name":"Home","item":"https:\/\/productive.io\/de\/"},{"@type":"ListItem","position":2,"name":"Integrationen","item":"https:\/\/productive.io\/de\/integrationen\/"},{"@type":"ListItem","position":3,"name":"Integrationen &#8211; Xero"}]},{"@type":"WebSite","@id":"https:\/\/productive.io\/de\/#website","url":"https:\/\/productive.io\/de\/","name":"Productive","description":"The Only Tool You Need To Run a Profitable Agency","publisher":{"@id":"https:\/\/productive.io\/de\/#organization"},"potentialAction":[{"@type":"SearchAction","target":{"@type":"EntryPoint","urlTemplate":"https:\/\/productive.io\/de\/?s={search_term_string}"},"query-input":{"@type":"PropertyValueSpecification","valueRequired":true,"valueName":"search_term_string"}}],"inLanguage":"de-DE"},{"@type":"Organization","@id":"https:\/\/productive.io\/de\/#organization","name":"Productive","url":"https:\/\/productive.io\/de\/","logo":{"@type":"ImageObject","inLanguage":"de-DE","@id":"https:\/\/productive.io\/de\/#\/schema\/logo\/image\/","url":"https:\/\/website-assets.productive.io\/uploads\/2025\/09\/Productive-logo-for-Yoast-do-not-delete.webp","contentUrl":"https:\/\/website-assets.productive.io\/uploads\/2025\/09\/Productive-logo-for-Yoast-do-not-delete.webp","width":696,"height":696,"caption":"Productive"},"image":{"@id":"https:\/\/productive.io\/de\/#\/schema\/logo\/image\/"},"sameAs":["https:\/\/www.facebook.com\/productiveio\/","https:\/\/www.linkedin.com\/company\/productive-io\/","https:\/\/www.youtube.com\/@productive_io","https:\/\/www.instagram.com\/productive.io\/","https:\/\/www.g2.com\/products\/productive\/reviews","https:\/\/www.capterra.com\/p\/169710\/Productive\/","https:\/\/www.crunchbase.com\/organization\/productive-io","https:\/\/www.trustpilot.com\/review\/www.productive.io","https:\/\/github.com\/productiveio"],"description":"Productive - Agency Management & PSA - Run resources, projects, budgets, and profitability in one platform built for agencies and professional services.","email":"contact@productive.io","legalName":"The Productive Company Inc.","foundingDate":"2014-01-01","numberOfEmployees":{"@type":"QuantitativeValue","minValue":"51","maxValue":"200"}}]}},"_links":{"self":[{"href":"https:\/\/productive.io\/de\/wp-json\/wp\/v2\/pages\/56806","targetHints":{"allow":["GET"]}}],"collection":[{"href":"https:\/\/productive.io\/de\/wp-json\/wp\/v2\/pages"}],"about":[{"href":"https:\/\/productive.io\/de\/wp-json\/wp\/v2\/types\/page"}],"author":[{"embeddable":true,"href":"https:\/\/productive.io\/de\/wp-json\/wp\/v2\/users\/10"}],"replies":[{"embeddable":true,"href":"https:\/\/productive.io\/de\/wp-json\/wp\/v2\/comments?post=56806"}],"version-history":[{"count":5,"href":"https:\/\/productive.io\/de\/wp-json\/wp\/v2\/pages\/56806\/revisions"}],"predecessor-version":[{"id":61220,"href":"https:\/\/productive.io\/de\/wp-json\/wp\/v2\/pages\/56806\/revisions\/61220"}],"up":[{"embeddable":true,"href":"https:\/\/productive.io\/de\/wp-json\/wp\/v2\/pages\/56816"}],"wp:attachment":[{"href":"https:\/\/productive.io\/de\/wp-json\/wp\/v2\/media?parent=56806"}],"wp:term":[{"taxonomy":"job-category","embeddable":true,"href":"https:\/\/productive.io\/de\/wp-json\/wp\/v2\/job-category?post=56806"},{"taxonomy":"page-category","embeddable":true,"href":"https:\/\/productive.io\/de\/wp-json\/wp\/v2\/page-category?post=56806"}],"curies":[{"name":"wp","href":"https:\/\/api.w.org\/{rel}","templated":true}]}}