{"id":56804,"date":"2024-05-08T12:30:22","date_gmt":"2024-05-08T12:30:22","guid":{"rendered":"https:\/\/productive.io\/?page_id=56804"},"modified":"2025-06-02T11:49:30","modified_gmt":"2025-06-02T11:49:30","slug":"umsatzrealisierung","status":"publish","type":"page","link":"https:\/\/productive.io\/de\/umsatzrealisierung\/","title":{"rendered":"Umsatzrealisierung"},"content":{"rendered":"<h1   > <strong>UMSATZREALISIERUNG<\/strong><\/h1> <h2   > Definiere und melde realisierte <strong>Ums\u00e4tze pr\u00e4zise<\/strong><\/h2> <p   > Die Umsatzrealisierung bei Festpreisprojekten war noch nie so einfach\u2014gewinne maximale Klarheit in deinen Finanzberichten.<\/p> <p   > Kostenlos testen<\/p> <a   data-cta-block-type=dual_button_form href=\"https:\/\/productive.io\/de\/demo-buchen\/\" > <p   > Demo buchen<\/p> <\/a> <a   data-cta-block-type=dual_button_form href=\"https:\/\/productive.io\/de\/demo-buchen\/\" > <p   > Demo buchen<\/p> <\/a> <img  src=\"https:\/\/website-assets.productive.io\/uploads\/2025\/05\/RR-Productive-Revenue-hero-d.svg\"  alt=\"\" loading=lazy \/> <h2   > Was Ist <strong>Umsatzrealisierung?<\/strong><\/h2> <p   > Die Umsatzrealisierung ist ein Buchf\u00fchrungsprinzip, das erkl\u00e4rt, wann Ertr\u00e4ge als verdient gelten. Wenn Ihr Unternehmen w\u00e4chst, wird dies essenziell. Durch die Anerkennung von verdienten Erl\u00f6sen k\u00f6nnen Sie: <\/p> <p   > Verschaffen Sie sich eine genauere \u00dcbersicht \u00fcber Ihre Festhonorarerl\u00f6se<\/p> <p   > Verstehen Sie, welche finanziellen Posten zum anerkannten Ertrag beitragen <\/p> <p   > Bleiben Sie \u00fcber Schwankungen in Gewinn und Verlust informiert <\/p> <img  src=\"https:\/\/website-assets.productive.io\/uploads\/2025\/05\/RR-Productive-Revenue-recognition-chart-d.svg\"  alt=\"\" loading=lazy \/> <img  src=\"https:\/\/website-assets.productive.io\/uploads\/2025\/05\/RR-Productive-Revenue-reports-d.svg\"  alt=\"\" loading=lazy \/> <h2   > <strong>Ertrags<\/strong> <strong>Berichte, <\/strong>Richtig erledigt<\/h2> <h3   > Keine Ungenauigkeiten mehr in Ihren finanziellen Daten. Gleichen Sie die Berichterstattung mit Ihrem Finanz- und Buchhaltungsteam ab und w\u00e4hlen Sie zwischen zwei M\u00f6glichkeiten der Ertragsberichterstattung aus festen Dienstleistungen; \u00fcber die Zeit verteilt oder an einem einzigen Datum anerkannt. <\/h3> <p   > MILES SCOTT<br>CEO BEI AKCELO<\/p> <p   > \u201cDas Reporting in Productive ist anders als alles, was ich je in einem anderen System gesehen habe. Es ist extrem leistungsstark.\u201c<\/p> <p   > Kostenlos testen<\/p> <h2   > <strong>Optimieren Sie Abl\u00e4ufe <\/strong>Mit Productive<\/h2> <p   > Wechseln Sie von mehreren Tools und Tabellen zu einer skalierbaren Plattform f\u00fcr professionelle Dienstleistungen.<\/p> <img  src=\"https:\/\/website-assets.productive.io\/uploads\/2025\/05\/RR-Productive-compare-d.svg\"  alt=\"\" loading=lazy \/> <h3   > <b>E<\/b><strong>rkennen Sie Umsatz bei Festpreisprojekten<\/strong><\/h3> <p   > Erkennen Sie den Umsatz aus Zeiteintr\u00e4gen und Ausgaben bei Festpreisprojekten, unabh\u00e4ngig davon, wie viel in Rechnung gestellt wurde. <br><br><\/p> <img  src=\"https:\/\/website-assets.productive.io\/uploads\/2025\/05\/RR-Productive-communicate-d.svg\"  alt=\"\" loading=lazy \/> <h4   > <strong>Kommunizieren Sie mit Stakeholdern<\/strong><\/h4> <p   > Teilen Sie pr\u00e4zise Berichte mit Teammitgliedern, Vorstandsmitgliedern, Partnern oder Beratern. <\/p> <img  src=\"https:\/\/website-assets.productive.io\/uploads\/2025\/05\/RR-Productive-strategic-d.svg\"  alt=\"\" loading=lazy \/> <h4   > <strong>Treffen Sie strategische Entscheidungen<\/strong><\/h4> <p   > Planen Sie Investitionen, Einstellungsma\u00dfnahmen oder Akquisitionen? Treffen Sie Entscheidungen auf Basis validierter Berichte.<\/p> <img  src=\"https:\/\/website-assets.productive.io\/uploads\/2025\/01\/new-desktop-team-revenue-recg-1.png\"  alt=\"\" loading=lazy \/>","protected":false},"excerpt":{"rendered":"","protected":false},"author":26,"featured_media":0,"parent":0,"menu_order":0,"comment_status":"closed","ping_status":"closed","template":"","meta":{"_acf_changed":false,"es_utils_meta_schema":"","footnotes":""},"job-category":[],"page-category":[],"class_list":["post-56804","page","type-page","status-publish","hentry"],"acf":[],"yoast_head":"<!-- This site is optimized with the Yoast SEO Premium plugin v27.2 (Yoast SEO v27.2) - https:\/\/yoast.com\/product\/yoast-seo-premium-wordpress\/ -->\n<title>Umsatzrealisierung - Productive<\/title>\n<meta name=\"description\" content=\"Die Ertragsanerkennung bei festen Projekten war noch nie einfacher: Verschaffen Sie sich maximale Klarheit aus Ihren Finanzberichten.\" \/>\n<meta name=\"robots\" content=\"index, follow, max-snippet:-1, max-image-preview:large, max-video-preview:-1\" \/>\n<link rel=\"canonical\" href=\"https:\/\/productive.io\/de\/umsatzrealisierung\/\" \/>\n<meta property=\"og:locale\" content=\"de_DE\" \/>\n<meta property=\"og:type\" content=\"article\" \/>\n<meta property=\"og:title\" content=\"Umsatzrealisierung\" \/>\n<meta property=\"og:description\" content=\"Die Ertragsanerkennung bei festen Projekten war noch nie einfacher: Verschaffen Sie sich maximale Klarheit aus Ihren Finanzberichten.\" \/>\n<meta property=\"og:url\" content=\"https:\/\/productive.io\/de\/umsatzrealisierung\/\" \/>\n<meta property=\"og:site_name\" content=\"Productive\" \/>\n<meta property=\"article:publisher\" content=\"https:\/\/www.facebook.com\/productiveio\/\" \/>\n<meta property=\"article:modified_time\" content=\"2025-06-02T11:49:30+00:00\" \/>\n<meta name=\"twitter:card\" content=\"summary_large_image\" \/>\n<meta name=\"twitter:label1\" content=\"Gesch\u00e4tzte Lesezeit\" \/>\n\t<meta name=\"twitter:data1\" content=\"3 minutes\" \/>\n<script type=\"application\/ld+json\" class=\"yoast-schema-graph\">{\"@context\":\"https:\/\/schema.org\",\"@graph\":[{\"@type\":\"WebPage\",\"@id\":\"https:\/\/productive.io\/de\/umsatzrealisierung\/\",\"url\":\"https:\/\/productive.io\/de\/umsatzrealisierung\/\",\"name\":\"Umsatzrealisierung - Productive\",\"isPartOf\":{\"@id\":\"https:\/\/productive.io\/de\/#website\"},\"datePublished\":\"2024-05-08T12:30:22+00:00\",\"dateModified\":\"2025-06-02T11:49:30+00:00\",\"description\":\"Die Ertragsanerkennung bei festen Projekten war noch nie einfacher: Verschaffen Sie sich maximale Klarheit aus Ihren Finanzberichten.\",\"breadcrumb\":{\"@id\":\"https:\/\/productive.io\/de\/umsatzrealisierung\/#breadcrumb\"},\"inLanguage\":\"de-DE\",\"potentialAction\":[{\"@type\":\"ReadAction\",\"target\":[\"https:\/\/productive.io\/de\/umsatzrealisierung\/\"]}]},{\"@type\":\"BreadcrumbList\",\"@id\":\"https:\/\/productive.io\/de\/umsatzrealisierung\/#breadcrumb\",\"itemListElement\":[{\"@type\":\"ListItem\",\"position\":1,\"name\":\"Home\",\"item\":\"https:\/\/productive.io\/de\/\"},{\"@type\":\"ListItem\",\"position\":2,\"name\":\"Umsatzrealisierung\"}]},{\"@type\":\"WebSite\",\"@id\":\"https:\/\/productive.io\/de\/#website\",\"url\":\"https:\/\/productive.io\/de\/\",\"name\":\"Productive\",\"description\":\"The Only Tool You Need To Run a Profitable Agency\",\"publisher\":{\"@id\":\"https:\/\/productive.io\/de\/#organization\"},\"potentialAction\":[{\"@type\":\"SearchAction\",\"target\":{\"@type\":\"EntryPoint\",\"urlTemplate\":\"https:\/\/productive.io\/de\/?s={search_term_string}\"},\"query-input\":{\"@type\":\"PropertyValueSpecification\",\"valueRequired\":true,\"valueName\":\"search_term_string\"}}],\"inLanguage\":\"de-DE\"},{\"@type\":\"Organization\",\"@id\":\"https:\/\/productive.io\/de\/#organization\",\"name\":\"Productive\",\"url\":\"https:\/\/productive.io\/de\/\",\"logo\":{\"@type\":\"ImageObject\",\"inLanguage\":\"de-DE\",\"@id\":\"https:\/\/productive.io\/de\/#\/schema\/logo\/image\/\",\"url\":\"https:\/\/website-assets.productive.io\/uploads\/2025\/09\/Productive-logo-for-Yoast-do-not-delete.webp\",\"contentUrl\":\"https:\/\/website-assets.productive.io\/uploads\/2025\/09\/Productive-logo-for-Yoast-do-not-delete.webp\",\"width\":696,\"height\":696,\"caption\":\"Productive\"},\"image\":{\"@id\":\"https:\/\/productive.io\/de\/#\/schema\/logo\/image\/\"},\"sameAs\":[\"https:\/\/www.facebook.com\/productiveio\/\",\"https:\/\/www.linkedin.com\/company\/productive-io\/\",\"https:\/\/www.youtube.com\/@productive_io\",\"https:\/\/www.instagram.com\/productive.io\/\",\"https:\/\/www.g2.com\/products\/productive\/reviews\",\"https:\/\/www.capterra.com\/p\/169710\/Productive\/\",\"https:\/\/www.crunchbase.com\/organization\/productive-io\",\"https:\/\/www.trustpilot.com\/review\/www.productive.io\",\"https:\/\/github.com\/productiveio\"],\"description\":\"Productive - Agency Management & PSA - Run resources, projects, budgets, and profitability in one platform built for agencies and professional services.\",\"email\":\"contact@productive.io\",\"legalName\":\"The Productive Company Inc.\",\"foundingDate\":\"2014-01-01\",\"numberOfEmployees\":{\"@type\":\"QuantitativeValue\",\"minValue\":\"51\",\"maxValue\":\"200\"}}]}<\/script>\n<!-- \/ Yoast SEO Premium plugin. -->","yoast_head_json":{"title":"Umsatzrealisierung - Productive","description":"Die Ertragsanerkennung bei festen Projekten war noch nie einfacher: Verschaffen Sie sich maximale Klarheit aus Ihren Finanzberichten.","robots":{"index":"index","follow":"follow","max-snippet":"max-snippet:-1","max-image-preview":"max-image-preview:large","max-video-preview":"max-video-preview:-1"},"canonical":"https:\/\/productive.io\/de\/umsatzrealisierung\/","og_locale":"de_DE","og_type":"article","og_title":"Umsatzrealisierung","og_description":"Die Ertragsanerkennung bei festen Projekten war noch nie einfacher: Verschaffen Sie sich maximale Klarheit aus Ihren Finanzberichten.","og_url":"https:\/\/productive.io\/de\/umsatzrealisierung\/","og_site_name":"Productive","article_publisher":"https:\/\/www.facebook.com\/productiveio\/","article_modified_time":"2025-06-02T11:49:30+00:00","twitter_card":"summary_large_image","twitter_misc":{"Gesch\u00e4tzte Lesezeit":"3 minutes"},"schema":{"@context":"https:\/\/schema.org","@graph":[{"@type":"WebPage","@id":"https:\/\/productive.io\/de\/umsatzrealisierung\/","url":"https:\/\/productive.io\/de\/umsatzrealisierung\/","name":"Umsatzrealisierung - Productive","isPartOf":{"@id":"https:\/\/productive.io\/de\/#website"},"datePublished":"2024-05-08T12:30:22+00:00","dateModified":"2025-06-02T11:49:30+00:00","description":"Die Ertragsanerkennung bei festen Projekten war noch nie einfacher: Verschaffen Sie sich maximale Klarheit aus Ihren Finanzberichten.","breadcrumb":{"@id":"https:\/\/productive.io\/de\/umsatzrealisierung\/#breadcrumb"},"inLanguage":"de-DE","potentialAction":[{"@type":"ReadAction","target":["https:\/\/productive.io\/de\/umsatzrealisierung\/"]}]},{"@type":"BreadcrumbList","@id":"https:\/\/productive.io\/de\/umsatzrealisierung\/#breadcrumb","itemListElement":[{"@type":"ListItem","position":1,"name":"Home","item":"https:\/\/productive.io\/de\/"},{"@type":"ListItem","position":2,"name":"Umsatzrealisierung"}]},{"@type":"WebSite","@id":"https:\/\/productive.io\/de\/#website","url":"https:\/\/productive.io\/de\/","name":"Productive","description":"The Only Tool You Need To Run a Profitable Agency","publisher":{"@id":"https:\/\/productive.io\/de\/#organization"},"potentialAction":[{"@type":"SearchAction","target":{"@type":"EntryPoint","urlTemplate":"https:\/\/productive.io\/de\/?s={search_term_string}"},"query-input":{"@type":"PropertyValueSpecification","valueRequired":true,"valueName":"search_term_string"}}],"inLanguage":"de-DE"},{"@type":"Organization","@id":"https:\/\/productive.io\/de\/#organization","name":"Productive","url":"https:\/\/productive.io\/de\/","logo":{"@type":"ImageObject","inLanguage":"de-DE","@id":"https:\/\/productive.io\/de\/#\/schema\/logo\/image\/","url":"https:\/\/website-assets.productive.io\/uploads\/2025\/09\/Productive-logo-for-Yoast-do-not-delete.webp","contentUrl":"https:\/\/website-assets.productive.io\/uploads\/2025\/09\/Productive-logo-for-Yoast-do-not-delete.webp","width":696,"height":696,"caption":"Productive"},"image":{"@id":"https:\/\/productive.io\/de\/#\/schema\/logo\/image\/"},"sameAs":["https:\/\/www.facebook.com\/productiveio\/","https:\/\/www.linkedin.com\/company\/productive-io\/","https:\/\/www.youtube.com\/@productive_io","https:\/\/www.instagram.com\/productive.io\/","https:\/\/www.g2.com\/products\/productive\/reviews","https:\/\/www.capterra.com\/p\/169710\/Productive\/","https:\/\/www.crunchbase.com\/organization\/productive-io","https:\/\/www.trustpilot.com\/review\/www.productive.io","https:\/\/github.com\/productiveio"],"description":"Productive - Agency Management & PSA - Run resources, projects, budgets, and profitability in one platform built for agencies and professional services.","email":"contact@productive.io","legalName":"The Productive Company Inc.","foundingDate":"2014-01-01","numberOfEmployees":{"@type":"QuantitativeValue","minValue":"51","maxValue":"200"}}]}},"_links":{"self":[{"href":"https:\/\/productive.io\/de\/wp-json\/wp\/v2\/pages\/56804","targetHints":{"allow":["GET"]}}],"collection":[{"href":"https:\/\/productive.io\/de\/wp-json\/wp\/v2\/pages"}],"about":[{"href":"https:\/\/productive.io\/de\/wp-json\/wp\/v2\/types\/page"}],"author":[{"embeddable":true,"href":"https:\/\/productive.io\/de\/wp-json\/wp\/v2\/users\/26"}],"replies":[{"embeddable":true,"href":"https:\/\/productive.io\/de\/wp-json\/wp\/v2\/comments?post=56804"}],"version-history":[{"count":10,"href":"https:\/\/productive.io\/de\/wp-json\/wp\/v2\/pages\/56804\/revisions"}],"predecessor-version":[{"id":61306,"href":"https:\/\/productive.io\/de\/wp-json\/wp\/v2\/pages\/56804\/revisions\/61306"}],"wp:attachment":[{"href":"https:\/\/productive.io\/de\/wp-json\/wp\/v2\/media?parent=56804"}],"wp:term":[{"taxonomy":"job-category","embeddable":true,"href":"https:\/\/productive.io\/de\/wp-json\/wp\/v2\/job-category?post=56804"},{"taxonomy":"page-category","embeddable":true,"href":"https:\/\/productive.io\/de\/wp-json\/wp\/v2\/page-category?post=56804"}],"curies":[{"name":"wp","href":"https:\/\/api.w.org\/{rel}","templated":true}]}}