{"id":56803,"date":"2021-08-30T11:55:31","date_gmt":"2021-08-30T11:55:31","guid":{"rendered":"https:\/\/productive.io\/?page_id=56803"},"modified":"2025-05-29T10:48:13","modified_gmt":"2025-05-29T10:48:13","slug":"open-api","status":"publish","type":"page","link":"https:\/\/productive.io\/de\/integrationen\/open-api\/","title":{"rendered":"Integrationen &#8211; Open API"},"content":{"rendered":"<h2   > <strong><a href=\"https:\/\/productive.io\/de\/integrationen\/\">PRODUCTIVE INTEGRATIONEN<\/a><\/strong><\/h2> <h1   > Klingt Automatisierung verlockend? <strong>Alles, was du brauchst, ist ein Entwickler<\/strong><\/h1> <p   > Erstelle benutzerdefinierte Integrationen mit verschiedenen Apps, und automatisiere Prozesse mithilfe der offenen API und Webhooks von Productive.<\/p> <a   href=\"http:\/\/productive.io\/de\/demo-buchen%20\" > <p   > Demo buchen<\/p> <\/a> <img  src=\"https:\/\/productive.io\/wp-content\/uploads\/2021\/09\/Hero-Integrations-Open-API.svg\"  alt=\"\" loading=lazy \/> <h2   > <strong>Verbinde dich mit Productive <\/strong>\u00fcber die \u00f6ffentliche API<\/h2> <p   > Productive kommuniziert \u00fcber die offene API und Webhooks mit jeder Software, die dein Unternehmen nutzt.<\/p> <img  src=\"https:\/\/website-assets.productive.io\/uploads\/2025\/05\/I-API-Connect-to-Productive-d-1.svg\"  alt=\"\" loading=lazy \/> <img  src=\"https:\/\/website-assets.productive.io\/uploads\/2025\/05\/I-API-Productive-Choose-What-To-Fire-d-1.svg\"  alt=\"\" loading=lazy \/> <h2   > W\u00e4hle <strong>Was ausgel\u00f6st werden soll<\/strong> nach dem Ereignis und <strong>Wohin das Ereignis gesendet werden soll<\/strong><\/h2> <p   > Gib den Namen der Integration ein und w\u00e4hle ein Ereignis, um es unter Nach dem Ereignis auszul\u00f6sen. Welche URL-Adresse oder welcher Ort soll das Ereignis erreichen?<\/p> <p   > <\/p> <p   > <\/p><a   href=\"#\" > <p   > <\/p> <\/a> <img  src=\"https:\/\/productive.io\/wp-content\/uploads\/2021\/09\/Roberto-Ciarleglio-Contra-Agency-1.png\"  alt=\"\" loading=lazy \/> <p   > Roberto Ciarleglio<br>Mitbegr\u00fcnder und Gesch\u00e4ftsf\u00fchrer<br>Contra Agentur<\/p> <p   > Wir waren schon immer Menschen, die ihre eigenen Dinge bauen. Das Besondere an deiner API ist, dass sie uns die M\u00f6glichkeit gibt, das zu tun, was wir brauchen, und jede L\u00fccke zu f\u00fcllen, die wir ben\u00f6tigen \u2013 weil sie flexibel genug ist.<\/p> <p   > <\/p> <h2   > <strong>Wie kann ich auf<\/strong> die offene API von Productive <strong>zugreifen<\/strong>?<\/h2> <p   > F\u00fcr unseren API-Client klicke <a href=\"https:\/\/bit.ly\/2Q4X5Xs\">hier<\/a>. F\u00fcr unsere API-Dokumentation besuche <a href=\"https:\/\/bit.ly\/3aBnMfS\">diese Seite<\/a>. Wenn du dich f\u00fcr bestimmte Ereignisse interessieren m\u00f6chtest, wenn sie ausgel\u00f6st werden, folge ein paar einfachen Schritten aus <a href=\"https:\/\/help.productive.io\/en\/articles\/3693279-using-webhooks-in-productive\">diesem Hilfeartikel<\/a>.<\/p> <img  src=\"https:\/\/productive.io\/wp-content\/uploads\/2021\/09\/how-to-connect-1.svg\"  alt=\"\" loading=lazy \/> <h2   > <strong>Mehr \u00fcber Anpassungen<\/strong><\/h2> <p   > Webhooks sind eine M\u00f6glichkeit, wie Apps automatisierte Nachrichten oder Informationen an andere Apps senden k\u00f6nnen. Sie sind eine einfache M\u00f6glichkeit, wie deine Online-Konten miteinander kommunizieren k\u00f6nnen und automatisch benachrichtigt werden, wenn etwas Neues passiert.<\/p> <h2   > <strong>Optimiere den Betrieb<\/strong> mit Productive<\/h2> <p   > Wechsle von mehreren Tools und Tabellen zu <br>einer skalierbaren Plattform f\u00fcr professionelle Dienstleistungen.<\/p>","protected":false},"excerpt":{"rendered":"","protected":false},"author":10,"featured_media":0,"parent":56816,"menu_order":0,"comment_status":"closed","ping_status":"closed","template":"","meta":{"_acf_changed":false,"es_utils_meta_schema":"","footnotes":""},"job-category":[],"page-category":[1057],"class_list":["post-56803","page","type-page","status-publish","hentry"],"acf":[],"yoast_head":"<!-- This site is optimized with the Yoast SEO Premium plugin v27.2 (Yoast SEO v27.2) - https:\/\/yoast.com\/product\/yoast-seo-premium-wordpress\/ -->\n<title>Integrationen - Open API - Productive<\/title>\n<meta name=\"description\" content=\"Erstelle benutzerdefinierte Integrationen mit verschiedenen Apps, und automatisiere Prozesse mithilfe der offenen API und Webhooks von Productive.\" \/>\n<meta name=\"robots\" content=\"index, follow, max-snippet:-1, max-image-preview:large, max-video-preview:-1\" \/>\n<link rel=\"canonical\" href=\"https:\/\/productive.io\/de\/integrationen\/open-api\/\" \/>\n<meta property=\"og:locale\" content=\"de_DE\" \/>\n<meta property=\"og:type\" content=\"article\" \/>\n<meta property=\"og:title\" content=\"Integrationen - Open API\" \/>\n<meta property=\"og:description\" content=\"Erstelle benutzerdefinierte Integrationen mit verschiedenen Apps, und automatisiere Prozesse mithilfe der offenen API und Webhooks von Productive.\" \/>\n<meta property=\"og:url\" content=\"https:\/\/productive.io\/de\/integrationen\/open-api\/\" \/>\n<meta property=\"og:site_name\" content=\"Productive\" \/>\n<meta property=\"article:publisher\" content=\"https:\/\/www.facebook.com\/productiveio\/\" \/>\n<meta property=\"article:modified_time\" content=\"2025-05-29T10:48:13+00:00\" \/>\n<meta name=\"twitter:card\" content=\"summary_large_image\" \/>\n<meta name=\"twitter:label1\" content=\"Gesch\u00e4tzte Lesezeit\" \/>\n\t<meta name=\"twitter:data1\" content=\"3 minutes\" \/>\n<script type=\"application\/ld+json\" class=\"yoast-schema-graph\">{\"@context\":\"https:\/\/schema.org\",\"@graph\":[{\"@type\":\"WebPage\",\"@id\":\"https:\/\/productive.io\/de\/integrationen\/open-api\/\",\"url\":\"https:\/\/productive.io\/de\/integrationen\/open-api\/\",\"name\":\"Integrationen - Open API - Productive\",\"isPartOf\":{\"@id\":\"https:\/\/productive.io\/de\/#website\"},\"datePublished\":\"2021-08-30T11:55:31+00:00\",\"dateModified\":\"2025-05-29T10:48:13+00:00\",\"description\":\"Erstelle benutzerdefinierte Integrationen mit verschiedenen Apps, und automatisiere Prozesse mithilfe der offenen API und Webhooks von Productive.\",\"breadcrumb\":{\"@id\":\"https:\/\/productive.io\/de\/integrationen\/open-api\/#breadcrumb\"},\"inLanguage\":\"de-DE\",\"potentialAction\":[{\"@type\":\"ReadAction\",\"target\":[\"https:\/\/productive.io\/de\/integrationen\/open-api\/\"]}]},{\"@type\":\"BreadcrumbList\",\"@id\":\"https:\/\/productive.io\/de\/integrationen\/open-api\/#breadcrumb\",\"itemListElement\":[{\"@type\":\"ListItem\",\"position\":1,\"name\":\"Home\",\"item\":\"https:\/\/productive.io\/de\/\"},{\"@type\":\"ListItem\",\"position\":2,\"name\":\"Integrationen\",\"item\":\"https:\/\/productive.io\/de\/integrationen\/\"},{\"@type\":\"ListItem\",\"position\":3,\"name\":\"Integrationen &#8211; Open API\"}]},{\"@type\":\"WebSite\",\"@id\":\"https:\/\/productive.io\/de\/#website\",\"url\":\"https:\/\/productive.io\/de\/\",\"name\":\"Productive\",\"description\":\"The Only Tool You Need To Run a Profitable Agency\",\"publisher\":{\"@id\":\"https:\/\/productive.io\/de\/#organization\"},\"potentialAction\":[{\"@type\":\"SearchAction\",\"target\":{\"@type\":\"EntryPoint\",\"urlTemplate\":\"https:\/\/productive.io\/de\/?s={search_term_string}\"},\"query-input\":{\"@type\":\"PropertyValueSpecification\",\"valueRequired\":true,\"valueName\":\"search_term_string\"}}],\"inLanguage\":\"de-DE\"},{\"@type\":\"Organization\",\"@id\":\"https:\/\/productive.io\/de\/#organization\",\"name\":\"Productive\",\"url\":\"https:\/\/productive.io\/de\/\",\"logo\":{\"@type\":\"ImageObject\",\"inLanguage\":\"de-DE\",\"@id\":\"https:\/\/productive.io\/de\/#\/schema\/logo\/image\/\",\"url\":\"https:\/\/website-assets.productive.io\/uploads\/2025\/09\/Productive-logo-for-Yoast-do-not-delete.webp\",\"contentUrl\":\"https:\/\/website-assets.productive.io\/uploads\/2025\/09\/Productive-logo-for-Yoast-do-not-delete.webp\",\"width\":696,\"height\":696,\"caption\":\"Productive\"},\"image\":{\"@id\":\"https:\/\/productive.io\/de\/#\/schema\/logo\/image\/\"},\"sameAs\":[\"https:\/\/www.facebook.com\/productiveio\/\",\"https:\/\/www.linkedin.com\/company\/productive-io\/\",\"https:\/\/www.youtube.com\/@productive_io\",\"https:\/\/www.instagram.com\/productive.io\/\",\"https:\/\/www.g2.com\/products\/productive\/reviews\",\"https:\/\/www.capterra.com\/p\/169710\/Productive\/\",\"https:\/\/www.crunchbase.com\/organization\/productive-io\",\"https:\/\/www.trustpilot.com\/review\/www.productive.io\",\"https:\/\/github.com\/productiveio\"],\"description\":\"Productive - Agency Management & PSA - Run resources, projects, budgets, and profitability in one platform built for agencies and professional services.\",\"email\":\"contact@productive.io\",\"legalName\":\"The Productive Company Inc.\",\"foundingDate\":\"2014-01-01\",\"numberOfEmployees\":{\"@type\":\"QuantitativeValue\",\"minValue\":\"51\",\"maxValue\":\"200\"}}]}<\/script>\n<!-- \/ Yoast SEO Premium plugin. -->","yoast_head_json":{"title":"Integrationen - Open API - Productive","description":"Erstelle benutzerdefinierte Integrationen mit verschiedenen Apps, und automatisiere Prozesse mithilfe der offenen API und Webhooks von Productive.","robots":{"index":"index","follow":"follow","max-snippet":"max-snippet:-1","max-image-preview":"max-image-preview:large","max-video-preview":"max-video-preview:-1"},"canonical":"https:\/\/productive.io\/de\/integrationen\/open-api\/","og_locale":"de_DE","og_type":"article","og_title":"Integrationen - Open API","og_description":"Erstelle benutzerdefinierte Integrationen mit verschiedenen Apps, und automatisiere Prozesse mithilfe der offenen API und Webhooks von Productive.","og_url":"https:\/\/productive.io\/de\/integrationen\/open-api\/","og_site_name":"Productive","article_publisher":"https:\/\/www.facebook.com\/productiveio\/","article_modified_time":"2025-05-29T10:48:13+00:00","twitter_card":"summary_large_image","twitter_misc":{"Gesch\u00e4tzte Lesezeit":"3 minutes"},"schema":{"@context":"https:\/\/schema.org","@graph":[{"@type":"WebPage","@id":"https:\/\/productive.io\/de\/integrationen\/open-api\/","url":"https:\/\/productive.io\/de\/integrationen\/open-api\/","name":"Integrationen - Open API - Productive","isPartOf":{"@id":"https:\/\/productive.io\/de\/#website"},"datePublished":"2021-08-30T11:55:31+00:00","dateModified":"2025-05-29T10:48:13+00:00","description":"Erstelle benutzerdefinierte Integrationen mit verschiedenen Apps, und automatisiere Prozesse mithilfe der offenen API und Webhooks von Productive.","breadcrumb":{"@id":"https:\/\/productive.io\/de\/integrationen\/open-api\/#breadcrumb"},"inLanguage":"de-DE","potentialAction":[{"@type":"ReadAction","target":["https:\/\/productive.io\/de\/integrationen\/open-api\/"]}]},{"@type":"BreadcrumbList","@id":"https:\/\/productive.io\/de\/integrationen\/open-api\/#breadcrumb","itemListElement":[{"@type":"ListItem","position":1,"name":"Home","item":"https:\/\/productive.io\/de\/"},{"@type":"ListItem","position":2,"name":"Integrationen","item":"https:\/\/productive.io\/de\/integrationen\/"},{"@type":"ListItem","position":3,"name":"Integrationen &#8211; Open API"}]},{"@type":"WebSite","@id":"https:\/\/productive.io\/de\/#website","url":"https:\/\/productive.io\/de\/","name":"Productive","description":"The Only Tool You Need To Run a Profitable Agency","publisher":{"@id":"https:\/\/productive.io\/de\/#organization"},"potentialAction":[{"@type":"SearchAction","target":{"@type":"EntryPoint","urlTemplate":"https:\/\/productive.io\/de\/?s={search_term_string}"},"query-input":{"@type":"PropertyValueSpecification","valueRequired":true,"valueName":"search_term_string"}}],"inLanguage":"de-DE"},{"@type":"Organization","@id":"https:\/\/productive.io\/de\/#organization","name":"Productive","url":"https:\/\/productive.io\/de\/","logo":{"@type":"ImageObject","inLanguage":"de-DE","@id":"https:\/\/productive.io\/de\/#\/schema\/logo\/image\/","url":"https:\/\/website-assets.productive.io\/uploads\/2025\/09\/Productive-logo-for-Yoast-do-not-delete.webp","contentUrl":"https:\/\/website-assets.productive.io\/uploads\/2025\/09\/Productive-logo-for-Yoast-do-not-delete.webp","width":696,"height":696,"caption":"Productive"},"image":{"@id":"https:\/\/productive.io\/de\/#\/schema\/logo\/image\/"},"sameAs":["https:\/\/www.facebook.com\/productiveio\/","https:\/\/www.linkedin.com\/company\/productive-io\/","https:\/\/www.youtube.com\/@productive_io","https:\/\/www.instagram.com\/productive.io\/","https:\/\/www.g2.com\/products\/productive\/reviews","https:\/\/www.capterra.com\/p\/169710\/Productive\/","https:\/\/www.crunchbase.com\/organization\/productive-io","https:\/\/www.trustpilot.com\/review\/www.productive.io","https:\/\/github.com\/productiveio"],"description":"Productive - Agency Management & PSA - Run resources, projects, budgets, and profitability in one platform built for agencies and professional services.","email":"contact@productive.io","legalName":"The Productive Company Inc.","foundingDate":"2014-01-01","numberOfEmployees":{"@type":"QuantitativeValue","minValue":"51","maxValue":"200"}}]}},"_links":{"self":[{"href":"https:\/\/productive.io\/de\/wp-json\/wp\/v2\/pages\/56803","targetHints":{"allow":["GET"]}}],"collection":[{"href":"https:\/\/productive.io\/de\/wp-json\/wp\/v2\/pages"}],"about":[{"href":"https:\/\/productive.io\/de\/wp-json\/wp\/v2\/types\/page"}],"author":[{"embeddable":true,"href":"https:\/\/productive.io\/de\/wp-json\/wp\/v2\/users\/10"}],"replies":[{"embeddable":true,"href":"https:\/\/productive.io\/de\/wp-json\/wp\/v2\/comments?post=56803"}],"version-history":[{"count":6,"href":"https:\/\/productive.io\/de\/wp-json\/wp\/v2\/pages\/56803\/revisions"}],"predecessor-version":[{"id":61195,"href":"https:\/\/productive.io\/de\/wp-json\/wp\/v2\/pages\/56803\/revisions\/61195"}],"up":[{"embeddable":true,"href":"https:\/\/productive.io\/de\/wp-json\/wp\/v2\/pages\/56816"}],"wp:attachment":[{"href":"https:\/\/productive.io\/de\/wp-json\/wp\/v2\/media?parent=56803"}],"wp:term":[{"taxonomy":"job-category","embeddable":true,"href":"https:\/\/productive.io\/de\/wp-json\/wp\/v2\/job-category?post=56803"},{"taxonomy":"page-category","embeddable":true,"href":"https:\/\/productive.io\/de\/wp-json\/wp\/v2\/page-category?post=56803"}],"curies":[{"name":"wp","href":"https:\/\/api.w.org\/{rel}","templated":true}]}}