{"id":56799,"date":"2021-09-07T12:35:12","date_gmt":"2021-09-07T12:35:12","guid":{"rendered":"https:\/\/productive.io\/?page_id=56799"},"modified":"2025-05-29T11:10:46","modified_gmt":"2025-05-29T11:10:46","slug":"google-kalender","status":"publish","type":"page","link":"https:\/\/productive.io\/de\/integrationen\/google-kalender\/","title":{"rendered":"Integrationen &#8211; Google Kalender"},"content":{"rendered":"<h2   > <strong><a href=\"https:\/\/productive.io\/de\/integrationen\/\" target=\"_blank\" rel=\"noreferrer noopener\">PRODUCTIVE INTEGRATIONEN<\/a><\/strong><\/h2> <h1   > Synchronisiere deinen <strong>Google<\/strong> <strong>Kalender <\/strong>mit<strong> Productive<\/strong><\/h1> <p   > Wenn du m\u00f6chtest, dass Ereignisse von Productive auch in deinem Google Kalender erscheinen, integriere beide und bleibe \u00fcberall auf dem Laufenden.<\/p> <a   href=\"http:\/\/productive.io\/de\/demo-buchen%20\" > <p   > Demo buchen<\/p> <\/a> <img  src=\"https:\/\/productive.io\/wp-content\/uploads\/2021\/09\/Hero-Integrations-GCal-2.svg\"  alt=\"\" loading=lazy \/> <img  src=\"https:\/\/website-assets.productive.io\/uploads\/2025\/05\/I-GC-Productive-sync-google-calendar-d-1.svg\"  alt=\"\" loading=lazy \/> <h2   > <strong>Verbinde <\/strong>Productive<strong> <\/strong>und<strong><strong> Google Kalender<\/strong><br><\/strong><\/h2> <p   > Integriere Productive mit Google Kalender, damit deine Ereignisse synchronisiert werden und du die Zeit schneller erfassen kannst.<br><\/p> <h2   > <strong>Wie man verbindet <\/strong>Google Kalender und Productive<\/h2> <p   > Wenn du deinen Google Kalender mit Productive verbinden m\u00f6chtest, musst du ein paar einfache Schritte befolgen. Weitere Informationen findest du in <a href=\"https:\/\/help.productive.io\/en\/articles\/2490374-calendar-integration\">diesem Hilfsartikel<\/a>.<br><\/p> <img  src=\"https:\/\/productive.io\/wp-content\/uploads\/2021\/09\/how-to-connect-1.svg\"  alt=\"\" loading=lazy \/> <h2   > <strong>Mehr \u00fcber Google Kalender<\/strong><\/h2> <p   > Google Kalender ist ein Google-Dienst f\u00fcr Zeitmanagement und Terminplanung. Benutzer k\u00f6nnen schnell Meetings planen und Erinnerungen f\u00fcr bevorstehende Ereignisse erstellen.<br><br><\/p> <h2   > <strong>Optimiere den Betrieb<\/strong> mit Productive<\/h2> <p   > Wechsle von mehreren Tools und Tabellen zu <br>einer skalierbaren Plattform f\u00fcr professionelle Dienstleistungen.<\/p>","protected":false},"excerpt":{"rendered":"","protected":false},"author":10,"featured_media":0,"parent":56816,"menu_order":0,"comment_status":"closed","ping_status":"closed","template":"","meta":{"_acf_changed":false,"es_utils_meta_schema":"","footnotes":""},"job-category":[],"page-category":[1057],"class_list":["post-56799","page","type-page","status-publish","hentry"],"acf":[],"yoast_head":"<!-- This site is optimized with the Yoast SEO Premium plugin v27.2 (Yoast SEO v27.2) - https:\/\/yoast.com\/product\/yoast-seo-premium-wordpress\/ -->\n<title>Integrationen - Google Kalender - Productive<\/title>\n<meta name=\"description\" content=\"Verbinde Productive mit deinem Google Kalender, indem du den iCal-Link nutzt. Du bist immer und \u00fcberall auf dem neuesten Stand, ger\u00e4te- und plattform\u00fcbergreifend.\" \/>\n<meta name=\"robots\" content=\"index, follow, max-snippet:-1, max-image-preview:large, max-video-preview:-1\" \/>\n<link rel=\"canonical\" href=\"https:\/\/productive.io\/de\/integrationen\/google-kalender\/\" \/>\n<meta property=\"og:locale\" content=\"de_DE\" \/>\n<meta property=\"og:type\" content=\"article\" \/>\n<meta property=\"og:title\" content=\"Integrationen - Google Kalender\" \/>\n<meta property=\"og:description\" content=\"Verbinde Productive mit deinem Google Kalender, indem du den iCal-Link nutzt. Du bist immer und \u00fcberall auf dem neuesten Stand, ger\u00e4te- und plattform\u00fcbergreifend.\" \/>\n<meta property=\"og:url\" content=\"https:\/\/productive.io\/de\/integrationen\/google-kalender\/\" \/>\n<meta property=\"og:site_name\" content=\"Productive\" \/>\n<meta property=\"article:publisher\" content=\"https:\/\/www.facebook.com\/productiveio\/\" \/>\n<meta property=\"article:modified_time\" content=\"2025-05-29T11:10:46+00:00\" \/>\n<meta name=\"twitter:card\" content=\"summary_large_image\" \/>\n<meta name=\"twitter:label1\" content=\"Gesch\u00e4tzte Lesezeit\" \/>\n\t<meta name=\"twitter:data1\" content=\"2 minutes\" \/>\n<script type=\"application\/ld+json\" class=\"yoast-schema-graph\">{\"@context\":\"https:\/\/schema.org\",\"@graph\":[{\"@type\":\"WebPage\",\"@id\":\"https:\/\/productive.io\/de\/integrationen\/google-kalender\/\",\"url\":\"https:\/\/productive.io\/de\/integrationen\/google-kalender\/\",\"name\":\"Integrationen - Google Kalender - Productive\",\"isPartOf\":{\"@id\":\"https:\/\/productive.io\/de\/#website\"},\"datePublished\":\"2021-09-07T12:35:12+00:00\",\"dateModified\":\"2025-05-29T11:10:46+00:00\",\"description\":\"Verbinde Productive mit deinem Google Kalender, indem du den iCal-Link nutzt. Du bist immer und \u00fcberall auf dem neuesten Stand, ger\u00e4te- und plattform\u00fcbergreifend.\",\"breadcrumb\":{\"@id\":\"https:\/\/productive.io\/de\/integrationen\/google-kalender\/#breadcrumb\"},\"inLanguage\":\"de-DE\",\"potentialAction\":[{\"@type\":\"ReadAction\",\"target\":[\"https:\/\/productive.io\/de\/integrationen\/google-kalender\/\"]}]},{\"@type\":\"BreadcrumbList\",\"@id\":\"https:\/\/productive.io\/de\/integrationen\/google-kalender\/#breadcrumb\",\"itemListElement\":[{\"@type\":\"ListItem\",\"position\":1,\"name\":\"Home\",\"item\":\"https:\/\/productive.io\/de\/\"},{\"@type\":\"ListItem\",\"position\":2,\"name\":\"Integrationen\",\"item\":\"https:\/\/productive.io\/de\/integrationen\/\"},{\"@type\":\"ListItem\",\"position\":3,\"name\":\"Integrationen &#8211; Google Kalender\"}]},{\"@type\":\"WebSite\",\"@id\":\"https:\/\/productive.io\/de\/#website\",\"url\":\"https:\/\/productive.io\/de\/\",\"name\":\"Productive\",\"description\":\"The Only Tool You Need To Run a Profitable Agency\",\"publisher\":{\"@id\":\"https:\/\/productive.io\/de\/#organization\"},\"potentialAction\":[{\"@type\":\"SearchAction\",\"target\":{\"@type\":\"EntryPoint\",\"urlTemplate\":\"https:\/\/productive.io\/de\/?s={search_term_string}\"},\"query-input\":{\"@type\":\"PropertyValueSpecification\",\"valueRequired\":true,\"valueName\":\"search_term_string\"}}],\"inLanguage\":\"de-DE\"},{\"@type\":\"Organization\",\"@id\":\"https:\/\/productive.io\/de\/#organization\",\"name\":\"Productive\",\"url\":\"https:\/\/productive.io\/de\/\",\"logo\":{\"@type\":\"ImageObject\",\"inLanguage\":\"de-DE\",\"@id\":\"https:\/\/productive.io\/de\/#\/schema\/logo\/image\/\",\"url\":\"https:\/\/website-assets.productive.io\/uploads\/2025\/09\/Productive-logo-for-Yoast-do-not-delete.webp\",\"contentUrl\":\"https:\/\/website-assets.productive.io\/uploads\/2025\/09\/Productive-logo-for-Yoast-do-not-delete.webp\",\"width\":696,\"height\":696,\"caption\":\"Productive\"},\"image\":{\"@id\":\"https:\/\/productive.io\/de\/#\/schema\/logo\/image\/\"},\"sameAs\":[\"https:\/\/www.facebook.com\/productiveio\/\",\"https:\/\/www.linkedin.com\/company\/productive-io\/\",\"https:\/\/www.youtube.com\/@productive_io\",\"https:\/\/www.instagram.com\/productive.io\/\",\"https:\/\/www.g2.com\/products\/productive\/reviews\",\"https:\/\/www.capterra.com\/p\/169710\/Productive\/\",\"https:\/\/www.crunchbase.com\/organization\/productive-io\",\"https:\/\/www.trustpilot.com\/review\/www.productive.io\",\"https:\/\/github.com\/productiveio\"],\"description\":\"Productive - Agency Management & PSA - Run resources, projects, budgets, and profitability in one platform built for agencies and professional services.\",\"email\":\"contact@productive.io\",\"legalName\":\"The Productive Company Inc.\",\"foundingDate\":\"2014-01-01\",\"numberOfEmployees\":{\"@type\":\"QuantitativeValue\",\"minValue\":\"51\",\"maxValue\":\"200\"}}]}<\/script>\n<!-- \/ Yoast SEO Premium plugin. -->","yoast_head_json":{"title":"Integrationen - Google Kalender - Productive","description":"Verbinde Productive mit deinem Google Kalender, indem du den iCal-Link nutzt. Du bist immer und \u00fcberall auf dem neuesten Stand, ger\u00e4te- und plattform\u00fcbergreifend.","robots":{"index":"index","follow":"follow","max-snippet":"max-snippet:-1","max-image-preview":"max-image-preview:large","max-video-preview":"max-video-preview:-1"},"canonical":"https:\/\/productive.io\/de\/integrationen\/google-kalender\/","og_locale":"de_DE","og_type":"article","og_title":"Integrationen - Google Kalender","og_description":"Verbinde Productive mit deinem Google Kalender, indem du den iCal-Link nutzt. Du bist immer und \u00fcberall auf dem neuesten Stand, ger\u00e4te- und plattform\u00fcbergreifend.","og_url":"https:\/\/productive.io\/de\/integrationen\/google-kalender\/","og_site_name":"Productive","article_publisher":"https:\/\/www.facebook.com\/productiveio\/","article_modified_time":"2025-05-29T11:10:46+00:00","twitter_card":"summary_large_image","twitter_misc":{"Gesch\u00e4tzte Lesezeit":"2 minutes"},"schema":{"@context":"https:\/\/schema.org","@graph":[{"@type":"WebPage","@id":"https:\/\/productive.io\/de\/integrationen\/google-kalender\/","url":"https:\/\/productive.io\/de\/integrationen\/google-kalender\/","name":"Integrationen - Google Kalender - Productive","isPartOf":{"@id":"https:\/\/productive.io\/de\/#website"},"datePublished":"2021-09-07T12:35:12+00:00","dateModified":"2025-05-29T11:10:46+00:00","description":"Verbinde Productive mit deinem Google Kalender, indem du den iCal-Link nutzt. Du bist immer und \u00fcberall auf dem neuesten Stand, ger\u00e4te- und plattform\u00fcbergreifend.","breadcrumb":{"@id":"https:\/\/productive.io\/de\/integrationen\/google-kalender\/#breadcrumb"},"inLanguage":"de-DE","potentialAction":[{"@type":"ReadAction","target":["https:\/\/productive.io\/de\/integrationen\/google-kalender\/"]}]},{"@type":"BreadcrumbList","@id":"https:\/\/productive.io\/de\/integrationen\/google-kalender\/#breadcrumb","itemListElement":[{"@type":"ListItem","position":1,"name":"Home","item":"https:\/\/productive.io\/de\/"},{"@type":"ListItem","position":2,"name":"Integrationen","item":"https:\/\/productive.io\/de\/integrationen\/"},{"@type":"ListItem","position":3,"name":"Integrationen &#8211; Google Kalender"}]},{"@type":"WebSite","@id":"https:\/\/productive.io\/de\/#website","url":"https:\/\/productive.io\/de\/","name":"Productive","description":"The Only Tool You Need To Run a Profitable Agency","publisher":{"@id":"https:\/\/productive.io\/de\/#organization"},"potentialAction":[{"@type":"SearchAction","target":{"@type":"EntryPoint","urlTemplate":"https:\/\/productive.io\/de\/?s={search_term_string}"},"query-input":{"@type":"PropertyValueSpecification","valueRequired":true,"valueName":"search_term_string"}}],"inLanguage":"de-DE"},{"@type":"Organization","@id":"https:\/\/productive.io\/de\/#organization","name":"Productive","url":"https:\/\/productive.io\/de\/","logo":{"@type":"ImageObject","inLanguage":"de-DE","@id":"https:\/\/productive.io\/de\/#\/schema\/logo\/image\/","url":"https:\/\/website-assets.productive.io\/uploads\/2025\/09\/Productive-logo-for-Yoast-do-not-delete.webp","contentUrl":"https:\/\/website-assets.productive.io\/uploads\/2025\/09\/Productive-logo-for-Yoast-do-not-delete.webp","width":696,"height":696,"caption":"Productive"},"image":{"@id":"https:\/\/productive.io\/de\/#\/schema\/logo\/image\/"},"sameAs":["https:\/\/www.facebook.com\/productiveio\/","https:\/\/www.linkedin.com\/company\/productive-io\/","https:\/\/www.youtube.com\/@productive_io","https:\/\/www.instagram.com\/productive.io\/","https:\/\/www.g2.com\/products\/productive\/reviews","https:\/\/www.capterra.com\/p\/169710\/Productive\/","https:\/\/www.crunchbase.com\/organization\/productive-io","https:\/\/www.trustpilot.com\/review\/www.productive.io","https:\/\/github.com\/productiveio"],"description":"Productive - Agency Management & PSA - Run resources, projects, budgets, and profitability in one platform built for agencies and professional services.","email":"contact@productive.io","legalName":"The Productive Company Inc.","foundingDate":"2014-01-01","numberOfEmployees":{"@type":"QuantitativeValue","minValue":"51","maxValue":"200"}}]}},"_links":{"self":[{"href":"https:\/\/productive.io\/de\/wp-json\/wp\/v2\/pages\/56799","targetHints":{"allow":["GET"]}}],"collection":[{"href":"https:\/\/productive.io\/de\/wp-json\/wp\/v2\/pages"}],"about":[{"href":"https:\/\/productive.io\/de\/wp-json\/wp\/v2\/types\/page"}],"author":[{"embeddable":true,"href":"https:\/\/productive.io\/de\/wp-json\/wp\/v2\/users\/10"}],"replies":[{"embeddable":true,"href":"https:\/\/productive.io\/de\/wp-json\/wp\/v2\/comments?post=56799"}],"version-history":[{"count":4,"href":"https:\/\/productive.io\/de\/wp-json\/wp\/v2\/pages\/56799\/revisions"}],"predecessor-version":[{"id":61201,"href":"https:\/\/productive.io\/de\/wp-json\/wp\/v2\/pages\/56799\/revisions\/61201"}],"up":[{"embeddable":true,"href":"https:\/\/productive.io\/de\/wp-json\/wp\/v2\/pages\/56816"}],"wp:attachment":[{"href":"https:\/\/productive.io\/de\/wp-json\/wp\/v2\/media?parent=56799"}],"wp:term":[{"taxonomy":"job-category","embeddable":true,"href":"https:\/\/productive.io\/de\/wp-json\/wp\/v2\/job-category?post=56799"},{"taxonomy":"page-category","embeddable":true,"href":"https:\/\/productive.io\/de\/wp-json\/wp\/v2\/page-category?post=56799"}],"curies":[{"name":"wp","href":"https:\/\/api.w.org\/{rel}","templated":true}]}}