{"id":56795,"date":"2024-12-18T14:28:28","date_gmt":"2024-12-18T14:28:28","guid":{"rendered":"https:\/\/productive.io\/?page_id=56795"},"modified":"2025-06-02T11:51:57","modified_gmt":"2025-06-02T11:51:57","slug":"szenario-builder","status":"publish","type":"page","link":"https:\/\/productive.io\/de\/budgetierung\/szenario-builder\/","title":{"rendered":"Szenariobuilder"},"content":{"rendered":"<h1   > SZENARIOBUILDER<\/h1> <h2   > Beseitige Unsicherheit in der Projektplanung<\/h2> <p   > Simuliere Ergebnisse und maximiere den Gewinn mit dem Produktive Szenariobuilder.<\/p> <p   > Kostenlos testen<\/p> <a   data-cta-block-type=dual_button_form href=\"https:\/\/productive.io\/de\/demo-buchen\/\" > <p   > Demo buchen<\/p> <\/a> <a   data-cta-block-type=dual_button_form href=\"https:\/\/productive.io\/de\/demo-buchen\/\" > <p   > Demo buchen<\/p> <\/a> <img  src=\"https:\/\/website-assets.productive.io\/uploads\/2025\/05\/SB-Productive-mehrere-Ergebnisse-simulieren-d.svg\"  alt=\"\" loading=lazy \/> <h2   > Simuliere <strong>Projekt<\/strong> Ergebnisse<\/h2> <h3   > Erstelle mehrere Projektszenarien, indem du anpasst, wer die Arbeit erledigt, wann sie beginnen k\u00f6nnen und wie viel es kosten wird. Nutze deine vorhandenen Services und tats\u00e4chlichen Ausgaben, um Best- und Worst-Case-Szenarien zu visualisieren &#8211; alles in Minuten, nicht Stunden.<\/h3> <h2   > <strong>Vergleiche<\/strong> Szenarien auf einen Blick<\/h2> <h3   > Vergleiche alle m\u00f6glichen Projektergebnisse nebeneinander und w\u00e4hle den sinnvollsten Weg nach vorne. Pr\u00fcfe sofort, ob dein Team verf\u00fcgbar ist oder beziehe potenzielle Neueinstellungen in deine Planung ein.<\/h3> <img  src=\"https:\/\/website-assets.productive.io\/uploads\/2025\/05\/SB-Productive-mehrere-Szenarien-vergleichen-d.svg\"  alt=\"\" loading=lazy \/> <h2   > <strong>Optimieren Sie Abl\u00e4ufe<\/strong> Mit Productive<\/h2> <p   > Switch from multiple tools and spreadsheets to one scalable agency management system.<\/p> <img  src=\"https:\/\/website-assets.productive.io\/uploads\/2025\/05\/SB-Productive-ideales-Szenario-d.svg\"  alt=\"\" loading=lazy \/> <h4   > <strong>Verwandle<\/strong> Pl\u00e4ne in Aktionen<\/h4> <p   > Hast du dein erfolgreiches Szenario gefunden? Setze es mit einem Klick um. Keine manuelle Dateneingabe, kein Werkzeugwechsel.<\/p> <img  src=\"https:\/\/website-assets.productive.io\/uploads\/2025\/05\/SB-Productive-Tabellenkalkulationen-d.svg\"  alt=\"\" loading=lazy \/> <h2   > <strong>Speziell entwickelt<\/strong> f\u00fcr Szenarioplanung<\/h2> <p   > \u00dcberspringe die Tabellenkalkulationen: Der Szenariobuilder ist nahtlos in jedes Projekt integriert und bietet dir leistungsstarke Planungswerkzeuge direkt dort, wo du arbeitest.<\/p>","protected":false},"excerpt":{"rendered":"","protected":false},"author":26,"featured_media":0,"parent":56814,"menu_order":0,"comment_status":"closed","ping_status":"closed","template":"","meta":{"_acf_changed":false,"es_utils_meta_schema":"","footnotes":""},"job-category":[],"page-category":[],"class_list":["post-56795","page","type-page","status-publish","hentry"],"acf":[],"yoast_head":"<!-- This site is optimized with the Yoast SEO Premium plugin v27.2 (Yoast SEO v27.2) - https:\/\/yoast.com\/product\/yoast-seo-premium-wordpress\/ -->\n<title>Szenariobuilder - Productive<\/title>\n<meta name=\"description\" content=\"Beseitige Unsicherheit in der Projektplanung mit dem Produktive Szenariobuilder. Simuliere Ergebnisse und maximiere den Gewinn.\" \/>\n<meta name=\"robots\" content=\"index, follow, max-snippet:-1, max-image-preview:large, max-video-preview:-1\" \/>\n<link rel=\"canonical\" href=\"https:\/\/productive.io\/de\/budgetierung\/szenario-builder\/\" \/>\n<meta property=\"og:locale\" content=\"de_DE\" \/>\n<meta property=\"og:type\" content=\"article\" \/>\n<meta property=\"og:title\" content=\"Szenariobuilder\" \/>\n<meta property=\"og:description\" content=\"Beseitige Unsicherheit in der Projektplanung mit dem Produktive Szenariobuilder. Simuliere Ergebnisse und maximiere den Gewinn.\" \/>\n<meta property=\"og:url\" content=\"https:\/\/productive.io\/de\/budgetierung\/szenario-builder\/\" \/>\n<meta property=\"og:site_name\" content=\"Productive\" \/>\n<meta property=\"article:publisher\" content=\"https:\/\/www.facebook.com\/productiveio\/\" \/>\n<meta property=\"article:modified_time\" content=\"2025-06-02T11:51:57+00:00\" \/>\n<meta name=\"twitter:card\" content=\"summary_large_image\" \/>\n<meta name=\"twitter:label1\" content=\"Gesch\u00e4tzte Lesezeit\" \/>\n\t<meta name=\"twitter:data1\" content=\"2 minutes\" \/>\n<script type=\"application\/ld+json\" class=\"yoast-schema-graph\">{\"@context\":\"https:\/\/schema.org\",\"@graph\":[{\"@type\":\"WebPage\",\"@id\":\"https:\/\/productive.io\/de\/budgetierung\/szenario-builder\/\",\"url\":\"https:\/\/productive.io\/de\/budgetierung\/szenario-builder\/\",\"name\":\"Szenariobuilder - Productive\",\"isPartOf\":{\"@id\":\"https:\/\/productive.io\/de\/#website\"},\"datePublished\":\"2024-12-18T14:28:28+00:00\",\"dateModified\":\"2025-06-02T11:51:57+00:00\",\"description\":\"Beseitige Unsicherheit in der Projektplanung mit dem Produktive Szenariobuilder. Simuliere Ergebnisse und maximiere den Gewinn.\",\"breadcrumb\":{\"@id\":\"https:\/\/productive.io\/de\/budgetierung\/szenario-builder\/#breadcrumb\"},\"inLanguage\":\"de-DE\",\"potentialAction\":[{\"@type\":\"ReadAction\",\"target\":[\"https:\/\/productive.io\/de\/budgetierung\/szenario-builder\/\"]}]},{\"@type\":\"BreadcrumbList\",\"@id\":\"https:\/\/productive.io\/de\/budgetierung\/szenario-builder\/#breadcrumb\",\"itemListElement\":[{\"@type\":\"ListItem\",\"position\":1,\"name\":\"Home\",\"item\":\"https:\/\/productive.io\/de\/\"},{\"@type\":\"ListItem\",\"position\":2,\"name\":\"Budgetierung\",\"item\":\"https:\/\/productive.io\/de\/budgetierung\/\"},{\"@type\":\"ListItem\",\"position\":3,\"name\":\"Szenariobuilder\"}]},{\"@type\":\"WebSite\",\"@id\":\"https:\/\/productive.io\/de\/#website\",\"url\":\"https:\/\/productive.io\/de\/\",\"name\":\"Productive\",\"description\":\"The Only Tool You Need To Run a Profitable Agency\",\"publisher\":{\"@id\":\"https:\/\/productive.io\/de\/#organization\"},\"potentialAction\":[{\"@type\":\"SearchAction\",\"target\":{\"@type\":\"EntryPoint\",\"urlTemplate\":\"https:\/\/productive.io\/de\/?s={search_term_string}\"},\"query-input\":{\"@type\":\"PropertyValueSpecification\",\"valueRequired\":true,\"valueName\":\"search_term_string\"}}],\"inLanguage\":\"de-DE\"},{\"@type\":\"Organization\",\"@id\":\"https:\/\/productive.io\/de\/#organization\",\"name\":\"Productive\",\"url\":\"https:\/\/productive.io\/de\/\",\"logo\":{\"@type\":\"ImageObject\",\"inLanguage\":\"de-DE\",\"@id\":\"https:\/\/productive.io\/de\/#\/schema\/logo\/image\/\",\"url\":\"https:\/\/website-assets.productive.io\/uploads\/2025\/09\/Productive-logo-for-Yoast-do-not-delete.webp\",\"contentUrl\":\"https:\/\/website-assets.productive.io\/uploads\/2025\/09\/Productive-logo-for-Yoast-do-not-delete.webp\",\"width\":696,\"height\":696,\"caption\":\"Productive\"},\"image\":{\"@id\":\"https:\/\/productive.io\/de\/#\/schema\/logo\/image\/\"},\"sameAs\":[\"https:\/\/www.facebook.com\/productiveio\/\",\"https:\/\/www.linkedin.com\/company\/productive-io\/\",\"https:\/\/www.youtube.com\/@productive_io\",\"https:\/\/www.instagram.com\/productive.io\/\",\"https:\/\/www.g2.com\/products\/productive\/reviews\",\"https:\/\/www.capterra.com\/p\/169710\/Productive\/\",\"https:\/\/www.crunchbase.com\/organization\/productive-io\",\"https:\/\/www.trustpilot.com\/review\/www.productive.io\",\"https:\/\/github.com\/productiveio\"],\"description\":\"Productive - Agency Management & PSA - Run resources, projects, budgets, and profitability in one platform built for agencies and professional services.\",\"email\":\"contact@productive.io\",\"legalName\":\"The Productive Company Inc.\",\"foundingDate\":\"2014-01-01\",\"numberOfEmployees\":{\"@type\":\"QuantitativeValue\",\"minValue\":\"51\",\"maxValue\":\"200\"}}]}<\/script>\n<!-- \/ Yoast SEO Premium plugin. -->","yoast_head_json":{"title":"Szenariobuilder - Productive","description":"Beseitige Unsicherheit in der Projektplanung mit dem Produktive Szenariobuilder. Simuliere Ergebnisse und maximiere den Gewinn.","robots":{"index":"index","follow":"follow","max-snippet":"max-snippet:-1","max-image-preview":"max-image-preview:large","max-video-preview":"max-video-preview:-1"},"canonical":"https:\/\/productive.io\/de\/budgetierung\/szenario-builder\/","og_locale":"de_DE","og_type":"article","og_title":"Szenariobuilder","og_description":"Beseitige Unsicherheit in der Projektplanung mit dem Produktive Szenariobuilder. Simuliere Ergebnisse und maximiere den Gewinn.","og_url":"https:\/\/productive.io\/de\/budgetierung\/szenario-builder\/","og_site_name":"Productive","article_publisher":"https:\/\/www.facebook.com\/productiveio\/","article_modified_time":"2025-06-02T11:51:57+00:00","twitter_card":"summary_large_image","twitter_misc":{"Gesch\u00e4tzte Lesezeit":"2 minutes"},"schema":{"@context":"https:\/\/schema.org","@graph":[{"@type":"WebPage","@id":"https:\/\/productive.io\/de\/budgetierung\/szenario-builder\/","url":"https:\/\/productive.io\/de\/budgetierung\/szenario-builder\/","name":"Szenariobuilder - Productive","isPartOf":{"@id":"https:\/\/productive.io\/de\/#website"},"datePublished":"2024-12-18T14:28:28+00:00","dateModified":"2025-06-02T11:51:57+00:00","description":"Beseitige Unsicherheit in der Projektplanung mit dem Produktive Szenariobuilder. Simuliere Ergebnisse und maximiere den Gewinn.","breadcrumb":{"@id":"https:\/\/productive.io\/de\/budgetierung\/szenario-builder\/#breadcrumb"},"inLanguage":"de-DE","potentialAction":[{"@type":"ReadAction","target":["https:\/\/productive.io\/de\/budgetierung\/szenario-builder\/"]}]},{"@type":"BreadcrumbList","@id":"https:\/\/productive.io\/de\/budgetierung\/szenario-builder\/#breadcrumb","itemListElement":[{"@type":"ListItem","position":1,"name":"Home","item":"https:\/\/productive.io\/de\/"},{"@type":"ListItem","position":2,"name":"Budgetierung","item":"https:\/\/productive.io\/de\/budgetierung\/"},{"@type":"ListItem","position":3,"name":"Szenariobuilder"}]},{"@type":"WebSite","@id":"https:\/\/productive.io\/de\/#website","url":"https:\/\/productive.io\/de\/","name":"Productive","description":"The Only Tool You Need To Run a Profitable Agency","publisher":{"@id":"https:\/\/productive.io\/de\/#organization"},"potentialAction":[{"@type":"SearchAction","target":{"@type":"EntryPoint","urlTemplate":"https:\/\/productive.io\/de\/?s={search_term_string}"},"query-input":{"@type":"PropertyValueSpecification","valueRequired":true,"valueName":"search_term_string"}}],"inLanguage":"de-DE"},{"@type":"Organization","@id":"https:\/\/productive.io\/de\/#organization","name":"Productive","url":"https:\/\/productive.io\/de\/","logo":{"@type":"ImageObject","inLanguage":"de-DE","@id":"https:\/\/productive.io\/de\/#\/schema\/logo\/image\/","url":"https:\/\/website-assets.productive.io\/uploads\/2025\/09\/Productive-logo-for-Yoast-do-not-delete.webp","contentUrl":"https:\/\/website-assets.productive.io\/uploads\/2025\/09\/Productive-logo-for-Yoast-do-not-delete.webp","width":696,"height":696,"caption":"Productive"},"image":{"@id":"https:\/\/productive.io\/de\/#\/schema\/logo\/image\/"},"sameAs":["https:\/\/www.facebook.com\/productiveio\/","https:\/\/www.linkedin.com\/company\/productive-io\/","https:\/\/www.youtube.com\/@productive_io","https:\/\/www.instagram.com\/productive.io\/","https:\/\/www.g2.com\/products\/productive\/reviews","https:\/\/www.capterra.com\/p\/169710\/Productive\/","https:\/\/www.crunchbase.com\/organization\/productive-io","https:\/\/www.trustpilot.com\/review\/www.productive.io","https:\/\/github.com\/productiveio"],"description":"Productive - Agency Management & PSA - Run resources, projects, budgets, and profitability in one platform built for agencies and professional services.","email":"contact@productive.io","legalName":"The Productive Company Inc.","foundingDate":"2014-01-01","numberOfEmployees":{"@type":"QuantitativeValue","minValue":"51","maxValue":"200"}}]}},"_links":{"self":[{"href":"https:\/\/productive.io\/de\/wp-json\/wp\/v2\/pages\/56795","targetHints":{"allow":["GET"]}}],"collection":[{"href":"https:\/\/productive.io\/de\/wp-json\/wp\/v2\/pages"}],"about":[{"href":"https:\/\/productive.io\/de\/wp-json\/wp\/v2\/types\/page"}],"author":[{"embeddable":true,"href":"https:\/\/productive.io\/de\/wp-json\/wp\/v2\/users\/26"}],"replies":[{"embeddable":true,"href":"https:\/\/productive.io\/de\/wp-json\/wp\/v2\/comments?post=56795"}],"version-history":[{"count":8,"href":"https:\/\/productive.io\/de\/wp-json\/wp\/v2\/pages\/56795\/revisions"}],"predecessor-version":[{"id":61309,"href":"https:\/\/productive.io\/de\/wp-json\/wp\/v2\/pages\/56795\/revisions\/61309"}],"up":[{"embeddable":true,"href":"https:\/\/productive.io\/de\/wp-json\/wp\/v2\/pages\/56814"}],"wp:attachment":[{"href":"https:\/\/productive.io\/de\/wp-json\/wp\/v2\/media?parent=56795"}],"wp:term":[{"taxonomy":"job-category","embeddable":true,"href":"https:\/\/productive.io\/de\/wp-json\/wp\/v2\/job-category?post=56795"},{"taxonomy":"page-category","embeddable":true,"href":"https:\/\/productive.io\/de\/wp-json\/wp\/v2\/page-category?post=56795"}],"curies":[{"name":"wp","href":"https:\/\/api.w.org\/{rel}","templated":true}]}}