{"id":56786,"date":"2022-03-09T14:50:34","date_gmt":"2022-03-09T14:50:34","guid":{"rendered":"https:\/\/productive.io\/?page_id=56786"},"modified":"2025-05-29T11:35:34","modified_gmt":"2025-05-29T11:35:34","slug":"personio","status":"publish","type":"page","link":"https:\/\/productive.io\/de\/integrationen\/personio\/","title":{"rendered":"Integrationen &#8211; Personio"},"content":{"rendered":"<h2   > <strong><a href=\"https:\/\/productive.io\/de\/integrationen\/\" target=\"_blank\" rel=\"noreferrer noopener\">PRODUCTIVE INTEGRATIONEN<\/a><\/strong><\/h2> <h1   > <strong>Verbinden<\/strong> <strong>Sie Personio und Productive<\/strong> &#8211; Lassen Sie Personalprozesse reibungslos laufen <br><\/h1> <p   > Wenn Personio Ihr bevorzugtes HR-Tool ist, k\u00f6nnen Sie Ihre Daten in wenigen einfachen Schritten mit Productive synchronisieren. <br><a href=\"https:\/\/productive.io\/talk-to-sales\/\"><\/a><\/p> <a   href=\"http:\/\/productive.io\/de\/demo-buchen\" > <p   > Demo buchen<\/p> <\/a> <img  src=\"https:\/\/productive.io\/wp-content\/uploads\/2022\/05\/Hero_-_Integrations_-_Personio.svg\"  alt=\"\" loading=lazy \/> <img  src=\"https:\/\/website-assets.productive.io\/uploads\/2025\/05\/I-Personio-Productive-sync-personio-d-1.svg\"  alt=\"\" loading=lazy \/> <h2   > <strong><strong><strong>Urlaubsmanagement <\/strong><\/strong><\/strong>mit<strong><strong><strong> Echtzeit-<\/strong><\/strong>Daten<\/strong><\/h2> <p   > Diese Integration erm\u00f6glicht es Ihnen, Daten aus verschiedenen Urlaubskategorien und -zeitr\u00e4umen zu synchronisieren.<br><\/p> <h2   > <strong>Einfache <strong>Integrationseinrichtung<\/strong><\/strong><\/h2> <p   > Richten Sie die Personio- und Productive-Integration in wenigen einfachen Schritten ein.<\/p> <img  src=\"https:\/\/website-assets.productive.io\/uploads\/2025\/05\/I-Personio-Productive-easy-setup-d-1.svg\"  alt=\"\" loading=lazy \/> <h2   > <strong>So verbinden Sie<\/strong> Personio und Productive<\/h2> <p   > Wenn Sie Ihr Personio-Konto mit Productive verbinden m\u00f6chten, lesen Sie <a href=\"https:\/\/help.productive.io\/en\/articles\/6155067-personio-integration-beta\">diesen Hilfeartikel<\/a>.<\/p> <img  src=\"https:\/\/productive.io\/wp-content\/uploads\/2021\/09\/how-to-connect-1.svg\"  alt=\"\" loading=lazy \/> <h2   > <strong>Mehr \u00fcber Personio<\/strong><\/h2> <p   > Personio hat 6.000 HR-Teams in ganz Europa geholfen, weniger Zeit mit Verwaltung und mehr Zeit mit Menschen zu verbringen. Ihre Softwarel\u00f6sungen helfen HR-Teams, Personalprozesse zu automatisieren und Zeit f\u00fcr strategischere Aufgaben freizugeben, sodass HR \u00fcber HR hinausgeht.<\/p> <h2   > <strong>Optimiere den Betrieb<\/strong> mit Productive<\/h2> <p   > Wechsle von mehreren Tools und Tabellen zu <br>einer skalierbaren Plattform f\u00fcr professionelle Dienstleistungen.<\/p>","protected":false},"excerpt":{"rendered":"","protected":false},"author":30,"featured_media":0,"parent":56816,"menu_order":0,"comment_status":"closed","ping_status":"closed","template":"","meta":{"_acf_changed":false,"es_utils_meta_schema":"","footnotes":""},"job-category":[],"page-category":[1057],"class_list":["post-56786","page","type-page","status-publish","hentry"],"acf":[],"yoast_head":"<!-- This site is optimized with the Yoast SEO Premium plugin v27.2 (Yoast SEO v27.2) - https:\/\/yoast.com\/product\/yoast-seo-premium-wordpress\/ -->\n<title>Integrationen - Personio - Productive<\/title>\n<meta name=\"description\" content=\"Wenn Sie Personio als Ihr Personalbetriebssystem verwenden, k\u00f6nnen Sie es mit Productive verbinden. Mit nur einem Klick ist alles erledigt.\" \/>\n<meta name=\"robots\" content=\"index, follow, max-snippet:-1, max-image-preview:large, max-video-preview:-1\" \/>\n<link rel=\"canonical\" href=\"https:\/\/productive.io\/de\/integrationen\/personio\/\" \/>\n<meta property=\"og:locale\" content=\"de_DE\" \/>\n<meta property=\"og:type\" content=\"article\" \/>\n<meta property=\"og:title\" content=\"Integrationen - Personio\" \/>\n<meta property=\"og:description\" content=\"Wenn Sie Personio als Ihr Personalbetriebssystem verwenden, k\u00f6nnen Sie es mit Productive verbinden. Mit nur einem Klick ist alles erledigt.\" \/>\n<meta property=\"og:url\" content=\"https:\/\/productive.io\/de\/integrationen\/personio\/\" \/>\n<meta property=\"og:site_name\" content=\"Productive\" \/>\n<meta property=\"article:publisher\" content=\"https:\/\/www.facebook.com\/productiveio\/\" \/>\n<meta property=\"article:modified_time\" content=\"2025-05-29T11:35:34+00:00\" \/>\n<meta name=\"twitter:card\" content=\"summary_large_image\" \/>\n<meta name=\"twitter:label1\" content=\"Gesch\u00e4tzte Lesezeit\" \/>\n\t<meta name=\"twitter:data1\" content=\"2 minutes\" \/>\n<script type=\"application\/ld+json\" class=\"yoast-schema-graph\">{\"@context\":\"https:\/\/schema.org\",\"@graph\":[{\"@type\":\"WebPage\",\"@id\":\"https:\/\/productive.io\/de\/integrationen\/personio\/\",\"url\":\"https:\/\/productive.io\/de\/integrationen\/personio\/\",\"name\":\"Integrationen - Personio - Productive\",\"isPartOf\":{\"@id\":\"https:\/\/productive.io\/de\/#website\"},\"datePublished\":\"2022-03-09T14:50:34+00:00\",\"dateModified\":\"2025-05-29T11:35:34+00:00\",\"description\":\"Wenn Sie Personio als Ihr Personalbetriebssystem verwenden, k\u00f6nnen Sie es mit Productive verbinden. Mit nur einem Klick ist alles erledigt.\",\"breadcrumb\":{\"@id\":\"https:\/\/productive.io\/de\/integrationen\/personio\/#breadcrumb\"},\"inLanguage\":\"de-DE\",\"potentialAction\":[{\"@type\":\"ReadAction\",\"target\":[\"https:\/\/productive.io\/de\/integrationen\/personio\/\"]}]},{\"@type\":\"BreadcrumbList\",\"@id\":\"https:\/\/productive.io\/de\/integrationen\/personio\/#breadcrumb\",\"itemListElement\":[{\"@type\":\"ListItem\",\"position\":1,\"name\":\"Home\",\"item\":\"https:\/\/productive.io\/de\/\"},{\"@type\":\"ListItem\",\"position\":2,\"name\":\"Integrationen\",\"item\":\"https:\/\/productive.io\/de\/integrationen\/\"},{\"@type\":\"ListItem\",\"position\":3,\"name\":\"Integrationen &#8211; Personio\"}]},{\"@type\":\"WebSite\",\"@id\":\"https:\/\/productive.io\/de\/#website\",\"url\":\"https:\/\/productive.io\/de\/\",\"name\":\"Productive\",\"description\":\"The Only Tool You Need To Run a Profitable Agency\",\"publisher\":{\"@id\":\"https:\/\/productive.io\/de\/#organization\"},\"potentialAction\":[{\"@type\":\"SearchAction\",\"target\":{\"@type\":\"EntryPoint\",\"urlTemplate\":\"https:\/\/productive.io\/de\/?s={search_term_string}\"},\"query-input\":{\"@type\":\"PropertyValueSpecification\",\"valueRequired\":true,\"valueName\":\"search_term_string\"}}],\"inLanguage\":\"de-DE\"},{\"@type\":\"Organization\",\"@id\":\"https:\/\/productive.io\/de\/#organization\",\"name\":\"Productive\",\"url\":\"https:\/\/productive.io\/de\/\",\"logo\":{\"@type\":\"ImageObject\",\"inLanguage\":\"de-DE\",\"@id\":\"https:\/\/productive.io\/de\/#\/schema\/logo\/image\/\",\"url\":\"https:\/\/website-assets.productive.io\/uploads\/2025\/09\/Productive-logo-for-Yoast-do-not-delete.webp\",\"contentUrl\":\"https:\/\/website-assets.productive.io\/uploads\/2025\/09\/Productive-logo-for-Yoast-do-not-delete.webp\",\"width\":696,\"height\":696,\"caption\":\"Productive\"},\"image\":{\"@id\":\"https:\/\/productive.io\/de\/#\/schema\/logo\/image\/\"},\"sameAs\":[\"https:\/\/www.facebook.com\/productiveio\/\",\"https:\/\/www.linkedin.com\/company\/productive-io\/\",\"https:\/\/www.youtube.com\/@productive_io\",\"https:\/\/www.instagram.com\/productive.io\/\",\"https:\/\/www.g2.com\/products\/productive\/reviews\",\"https:\/\/www.capterra.com\/p\/169710\/Productive\/\",\"https:\/\/www.crunchbase.com\/organization\/productive-io\",\"https:\/\/www.trustpilot.com\/review\/www.productive.io\",\"https:\/\/github.com\/productiveio\"],\"description\":\"Productive - Agency Management & PSA - Run resources, projects, budgets, and profitability in one platform built for agencies and professional services.\",\"email\":\"contact@productive.io\",\"legalName\":\"The Productive Company Inc.\",\"foundingDate\":\"2014-01-01\",\"numberOfEmployees\":{\"@type\":\"QuantitativeValue\",\"minValue\":\"51\",\"maxValue\":\"200\"}}]}<\/script>\n<!-- \/ Yoast SEO Premium plugin. -->","yoast_head_json":{"title":"Integrationen - Personio - Productive","description":"Wenn Sie Personio als Ihr Personalbetriebssystem verwenden, k\u00f6nnen Sie es mit Productive verbinden. Mit nur einem Klick ist alles erledigt.","robots":{"index":"index","follow":"follow","max-snippet":"max-snippet:-1","max-image-preview":"max-image-preview:large","max-video-preview":"max-video-preview:-1"},"canonical":"https:\/\/productive.io\/de\/integrationen\/personio\/","og_locale":"de_DE","og_type":"article","og_title":"Integrationen - Personio","og_description":"Wenn Sie Personio als Ihr Personalbetriebssystem verwenden, k\u00f6nnen Sie es mit Productive verbinden. Mit nur einem Klick ist alles erledigt.","og_url":"https:\/\/productive.io\/de\/integrationen\/personio\/","og_site_name":"Productive","article_publisher":"https:\/\/www.facebook.com\/productiveio\/","article_modified_time":"2025-05-29T11:35:34+00:00","twitter_card":"summary_large_image","twitter_misc":{"Gesch\u00e4tzte Lesezeit":"2 minutes"},"schema":{"@context":"https:\/\/schema.org","@graph":[{"@type":"WebPage","@id":"https:\/\/productive.io\/de\/integrationen\/personio\/","url":"https:\/\/productive.io\/de\/integrationen\/personio\/","name":"Integrationen - Personio - Productive","isPartOf":{"@id":"https:\/\/productive.io\/de\/#website"},"datePublished":"2022-03-09T14:50:34+00:00","dateModified":"2025-05-29T11:35:34+00:00","description":"Wenn Sie Personio als Ihr Personalbetriebssystem verwenden, k\u00f6nnen Sie es mit Productive verbinden. Mit nur einem Klick ist alles erledigt.","breadcrumb":{"@id":"https:\/\/productive.io\/de\/integrationen\/personio\/#breadcrumb"},"inLanguage":"de-DE","potentialAction":[{"@type":"ReadAction","target":["https:\/\/productive.io\/de\/integrationen\/personio\/"]}]},{"@type":"BreadcrumbList","@id":"https:\/\/productive.io\/de\/integrationen\/personio\/#breadcrumb","itemListElement":[{"@type":"ListItem","position":1,"name":"Home","item":"https:\/\/productive.io\/de\/"},{"@type":"ListItem","position":2,"name":"Integrationen","item":"https:\/\/productive.io\/de\/integrationen\/"},{"@type":"ListItem","position":3,"name":"Integrationen &#8211; Personio"}]},{"@type":"WebSite","@id":"https:\/\/productive.io\/de\/#website","url":"https:\/\/productive.io\/de\/","name":"Productive","description":"The Only Tool You Need To Run a Profitable Agency","publisher":{"@id":"https:\/\/productive.io\/de\/#organization"},"potentialAction":[{"@type":"SearchAction","target":{"@type":"EntryPoint","urlTemplate":"https:\/\/productive.io\/de\/?s={search_term_string}"},"query-input":{"@type":"PropertyValueSpecification","valueRequired":true,"valueName":"search_term_string"}}],"inLanguage":"de-DE"},{"@type":"Organization","@id":"https:\/\/productive.io\/de\/#organization","name":"Productive","url":"https:\/\/productive.io\/de\/","logo":{"@type":"ImageObject","inLanguage":"de-DE","@id":"https:\/\/productive.io\/de\/#\/schema\/logo\/image\/","url":"https:\/\/website-assets.productive.io\/uploads\/2025\/09\/Productive-logo-for-Yoast-do-not-delete.webp","contentUrl":"https:\/\/website-assets.productive.io\/uploads\/2025\/09\/Productive-logo-for-Yoast-do-not-delete.webp","width":696,"height":696,"caption":"Productive"},"image":{"@id":"https:\/\/productive.io\/de\/#\/schema\/logo\/image\/"},"sameAs":["https:\/\/www.facebook.com\/productiveio\/","https:\/\/www.linkedin.com\/company\/productive-io\/","https:\/\/www.youtube.com\/@productive_io","https:\/\/www.instagram.com\/productive.io\/","https:\/\/www.g2.com\/products\/productive\/reviews","https:\/\/www.capterra.com\/p\/169710\/Productive\/","https:\/\/www.crunchbase.com\/organization\/productive-io","https:\/\/www.trustpilot.com\/review\/www.productive.io","https:\/\/github.com\/productiveio"],"description":"Productive - Agency Management & PSA - Run resources, projects, budgets, and profitability in one platform built for agencies and professional services.","email":"contact@productive.io","legalName":"The Productive Company Inc.","foundingDate":"2014-01-01","numberOfEmployees":{"@type":"QuantitativeValue","minValue":"51","maxValue":"200"}}]}},"_links":{"self":[{"href":"https:\/\/productive.io\/de\/wp-json\/wp\/v2\/pages\/56786","targetHints":{"allow":["GET"]}}],"collection":[{"href":"https:\/\/productive.io\/de\/wp-json\/wp\/v2\/pages"}],"about":[{"href":"https:\/\/productive.io\/de\/wp-json\/wp\/v2\/types\/page"}],"author":[{"embeddable":true,"href":"https:\/\/productive.io\/de\/wp-json\/wp\/v2\/users\/30"}],"replies":[{"embeddable":true,"href":"https:\/\/productive.io\/de\/wp-json\/wp\/v2\/comments?post=56786"}],"version-history":[{"count":8,"href":"https:\/\/productive.io\/de\/wp-json\/wp\/v2\/pages\/56786\/revisions"}],"predecessor-version":[{"id":61213,"href":"https:\/\/productive.io\/de\/wp-json\/wp\/v2\/pages\/56786\/revisions\/61213"}],"up":[{"embeddable":true,"href":"https:\/\/productive.io\/de\/wp-json\/wp\/v2\/pages\/56816"}],"wp:attachment":[{"href":"https:\/\/productive.io\/de\/wp-json\/wp\/v2\/media?parent=56786"}],"wp:term":[{"taxonomy":"job-category","embeddable":true,"href":"https:\/\/productive.io\/de\/wp-json\/wp\/v2\/job-category?post=56786"},{"taxonomy":"page-category","embeddable":true,"href":"https:\/\/productive.io\/de\/wp-json\/wp\/v2\/page-category?post=56786"}],"curies":[{"name":"wp","href":"https:\/\/api.w.org\/{rel}","templated":true}]}}