{"id":56763,"date":"2024-08-28T08:41:09","date_gmt":"2024-08-28T08:41:09","guid":{"rendered":"https:\/\/productive.io\/?page_id=56763"},"modified":"2025-05-19T04:19:05","modified_gmt":"2025-05-19T04:19:05","slug":"kundenportal","status":"publish","type":"page","link":"https:\/\/productive.io\/de\/kundenportal\/","title":{"rendered":"Kundenportal"},"content":{"rendered":"<h3   > <strong>KUNDENPORTAL<\/strong><\/h3> <h1   > Zusammenarbeit mit Kunden, <strong>nahtlos gemacht<\/strong><\/h1> <p   > Verbessere das Erlebnis der Zusammenarbeit mit Kunden und vereinfache deinen Feedbackprozess. Kollaboriere ohne Zusatzkosten.<\/p> <p   > Kostenlos testen<\/p> <a   data-cta-conversion-type=book_a_demo data-cta-block-type=dual_button_form href=\"http:\/\/productive.io\/de\/demo-buchen\" > <p   > Demo buchen<\/p> <\/a> <a   data-cta-conversion-type=book_a_demo data-cta-block-type=dual_button_form href=\"http:\/\/productive.io\/de\/demo-buchen\" > <p   > Demo buchen<\/p> <\/a> <img  src=\"https:\/\/website-assets.productive.io\/uploads\/2025\/05\/CP-Productive-Zusammenarbeit-d.svg\"  alt=\"\" loading=lazy \/> <h2   > Ein einfacher <strong>Onboarding-Prozess<\/strong><\/h2> <img  src=\"https:\/\/website-assets.productive.io\/uploads\/2025\/05\/CP-Productive-Einladen-d.svg\"  alt=\"\" loading=lazy \/> <h2   > <strong>Lade Kunden ein<\/strong> zu Productive<\/h2> <p   > F\u00fcge deine Kunden als Nutzer von Productive kostenlos hinzu. Lade sie zu Projekten ein und beginne mit der Zusammenarbeit.<\/p> <img  src=\"https:\/\/website-assets.productive.io\/uploads\/2025\/05\/CP-Productive-Berechtigung-d.svg\"  alt=\"\" loading=lazy \/> <h2   > Ma\u00dfgeschneiderte <strong>Kundenrechte<\/strong><\/h2> <p   > W\u00e4hle aus, was Kunden in Productive sehen d\u00fcrfen. Gib Zugriff auf Aufgaben, Projekte, Zeiterfassungen und Budgets.<\/p> <h2   > Beschleunige die <strong>Projektauslieferung<\/strong><\/h2> <p   > Keine langen E-Mail-Schleifen mehr; Kollaboriere mit Kunden an Dokumenten und Aufgaben und halte die Kommunikation an einem Ort.<\/p> <img  src=\"https:\/\/website-assets.productive.io\/uploads\/2025\/05\/CP-Productive-Chat-d.svg\"  alt=\"\" loading=lazy \/> <h2   > Erreiche <strong>operative Exzellenz<\/strong><\/h2><p   > Kollaboriere mit deinen Kunden ohne zus\u00e4tzliche Kosten.<\/p> <p   > Kostenlos testen<\/p> <a   href=\"https:\/\/productive.io\/book-a-demo\/\" > <p   > Demo buchen <\/p> <\/a> <h2   > Transparente <strong>Kundenarbeit<\/strong><\/h2> <img  src=\"https:\/\/website-assets.productive.io\/uploads\/2025\/05\/CP-Productive-Budgetstatus-d.svg\"  alt=\"\" loading=lazy \/> <h2   > Lasse Kunden den <strong>Status ihrer Budgets<\/strong> sehen<\/h2> <p   > Kunden k\u00f6nnen jederzeit auf Projektbudgets zugreifen, um zu sehen, wie viel sie ausgegeben haben.<\/p> <img  src=\"https:\/\/website-assets.productive.io\/uploads\/2025\/05\/CP-Productive-Dashboard-d.svg\"  alt=\"\" loading=lazy \/> <h2   > Erstelle <strong>individuelle Dashboards<\/strong> f\u00fcr Kunden<\/h2> <p   > Erstelle ein Live-Dashboard, das in Echtzeit aktualisiert wird. Halte Kunden \u00fcber den Status von Aufgaben, abrechenbarer Zeit und Ausgaben informiert.<\/p> <img  src=\"https:\/\/productive.io\/wp-content\/uploads\/2021\/12\/brendonS.png\"  alt=\"\" loading=lazy \/> <p   > <strong>BRENDON NICHOLAS<\/strong><br>MITGR\u00dcNDER UND TECHNISCHER LEITER, <br>DOTDEV<\/p> <p   > Eine Plattform zu haben, die alle Geh\u00e4lter sowie Betriebsausgaben ber\u00fccksichtigt und diese in die Projektbudgets einflie\u00dft, gibt uns eine viel genauere Echtzeit\u00fcbersicht \u00fcber die Rentabilit\u00e4t bestimmter Projekte.<\/p> <img  src=\"https:\/\/productive.io\/wp-content\/uploads\/2021\/12\/nika-serdonerS.png\"  alt=\"\" loading=lazy \/> <p   > NIKA SERDONER<br>Projektmanager<br>ENKI<\/p> <p   > Aus der Sicht eines Managers besteht der Hauptvorteil des Tools darin, die Rentabilit\u00e4t in Echtzeit zu sehen. Es ist da. Wir m\u00fcssen es nicht berechnen oder Finanzberichte von unserem Buchhalter anfordern.<\/p> <p   > <\/p> <p   > <\/p><a   href=\"#\" > <p   > <\/p> <\/a> <img  src=\"https:\/\/productive.io\/wp-content\/uploads\/2021\/08\/Brendon-Nicholas-Co-founder-and-Technical-Director-Dotdev.png\"  alt=\"\" loading=lazy \/> <p   > <strong>BRENDON NICHOLAS<\/strong><br>MITGR\u00dcNDER UND TECHNISCHER LEITER, <br>DOTDEV<\/p> <p   > Eine Plattform zu haben, die alle Geh\u00e4lter sowie Betriebsausgaben ber\u00fccksichtigt und diese in die Projektbudgets einflie\u00dft, gibt uns eine viel genauere Echtzeit\u00fcbersicht \u00fcber die Rentabilit\u00e4t bestimmter Projekte.<\/p> <img  src=\"https:\/\/productive.io\/wp-content\/uploads\/2021\/08\/Nika_Serdoner-Project-Manager-at-ENKI.png\"  alt=\"\" loading=lazy \/> <p   > NIKA SERDONER<br>Projektmanager<br>ENKI<\/p> <p   > Aus der Sicht eines Managers besteht der Hauptvorteil des Tools darin, die Rentabilit\u00e4t in Echtzeit zu sehen. Es ist da. Wir m\u00fcssen es nicht berechnen oder Finanzberichte von unserem Buchhalter anfordern.<\/p> <p   > <\/p> <h2   > <strong>Optimiere den Betrieb<\/strong> mit Productive<\/h2> <p   > Wechsle von mehreren Tools und Tabellen zu <br>einer skalierbaren Plattform f\u00fcr professionelle Dienstleistungen.<\/p>","protected":false},"excerpt":{"rendered":"","protected":false},"author":44,"featured_media":0,"parent":0,"menu_order":0,"comment_status":"closed","ping_status":"closed","template":"","meta":{"_acf_changed":false,"es_utils_meta_schema":"","footnotes":""},"job-category":[],"page-category":[],"class_list":["post-56763","page","type-page","status-publish","hentry"],"acf":[],"yoast_head":"<!-- This site is optimized with the Yoast SEO Premium plugin v27.2 (Yoast SEO v27.2) - https:\/\/yoast.com\/product\/yoast-seo-premium-wordpress\/ -->\n<title>Kundenportal - Productive<\/title>\n<meta name=\"description\" content=\"Verbessere das Erlebnis der Zusammenarbeit mit Kunden. Vereinfache deinen Feedbackprozess. Kollaboriere ohne Zusatzkosten.\" \/>\n<meta name=\"robots\" content=\"index, follow, max-snippet:-1, max-image-preview:large, max-video-preview:-1\" \/>\n<link rel=\"canonical\" href=\"https:\/\/productive.io\/de\/kundenportal\/\" \/>\n<meta property=\"og:locale\" content=\"de_DE\" \/>\n<meta property=\"og:type\" content=\"article\" \/>\n<meta property=\"og:title\" content=\"Kundenportal\" \/>\n<meta property=\"og:description\" content=\"Verbessere das Erlebnis der Zusammenarbeit mit Kunden. Vereinfache deinen Feedbackprozess. Kollaboriere ohne Zusatzkosten.\" \/>\n<meta property=\"og:url\" content=\"https:\/\/productive.io\/de\/kundenportal\/\" \/>\n<meta property=\"og:site_name\" content=\"Productive\" \/>\n<meta property=\"article:publisher\" content=\"https:\/\/www.facebook.com\/productiveio\/\" \/>\n<meta property=\"article:modified_time\" content=\"2025-05-19T04:19:05+00:00\" \/>\n<meta name=\"twitter:card\" content=\"summary_large_image\" \/>\n<script type=\"application\/ld+json\" class=\"yoast-schema-graph\">{\"@context\":\"https:\/\/schema.org\",\"@graph\":[{\"@type\":\"WebPage\",\"@id\":\"https:\/\/productive.io\/de\/kundenportal\/\",\"url\":\"https:\/\/productive.io\/de\/kundenportal\/\",\"name\":\"Kundenportal - Productive\",\"isPartOf\":{\"@id\":\"https:\/\/productive.io\/de\/#website\"},\"datePublished\":\"2024-08-28T08:41:09+00:00\",\"dateModified\":\"2025-05-19T04:19:05+00:00\",\"description\":\"Verbessere das Erlebnis der Zusammenarbeit mit Kunden. Vereinfache deinen Feedbackprozess. Kollaboriere ohne Zusatzkosten.\",\"breadcrumb\":{\"@id\":\"https:\/\/productive.io\/de\/kundenportal\/#breadcrumb\"},\"inLanguage\":\"de-DE\",\"potentialAction\":[{\"@type\":\"ReadAction\",\"target\":[\"https:\/\/productive.io\/de\/kundenportal\/\"]}]},{\"@type\":\"BreadcrumbList\",\"@id\":\"https:\/\/productive.io\/de\/kundenportal\/#breadcrumb\",\"itemListElement\":[{\"@type\":\"ListItem\",\"position\":1,\"name\":\"Home\",\"item\":\"https:\/\/productive.io\/de\/\"},{\"@type\":\"ListItem\",\"position\":2,\"name\":\"Kundenportal\"}]},{\"@type\":\"WebSite\",\"@id\":\"https:\/\/productive.io\/de\/#website\",\"url\":\"https:\/\/productive.io\/de\/\",\"name\":\"Productive\",\"description\":\"The Only Tool You Need To Run a Profitable Agency\",\"publisher\":{\"@id\":\"https:\/\/productive.io\/de\/#organization\"},\"potentialAction\":[{\"@type\":\"SearchAction\",\"target\":{\"@type\":\"EntryPoint\",\"urlTemplate\":\"https:\/\/productive.io\/de\/?s={search_term_string}\"},\"query-input\":{\"@type\":\"PropertyValueSpecification\",\"valueRequired\":true,\"valueName\":\"search_term_string\"}}],\"inLanguage\":\"de-DE\"},{\"@type\":\"Organization\",\"@id\":\"https:\/\/productive.io\/de\/#organization\",\"name\":\"Productive\",\"url\":\"https:\/\/productive.io\/de\/\",\"logo\":{\"@type\":\"ImageObject\",\"inLanguage\":\"de-DE\",\"@id\":\"https:\/\/productive.io\/de\/#\/schema\/logo\/image\/\",\"url\":\"https:\/\/website-assets.productive.io\/uploads\/2025\/09\/Productive-logo-for-Yoast-do-not-delete.webp\",\"contentUrl\":\"https:\/\/website-assets.productive.io\/uploads\/2025\/09\/Productive-logo-for-Yoast-do-not-delete.webp\",\"width\":696,\"height\":696,\"caption\":\"Productive\"},\"image\":{\"@id\":\"https:\/\/productive.io\/de\/#\/schema\/logo\/image\/\"},\"sameAs\":[\"https:\/\/www.facebook.com\/productiveio\/\",\"https:\/\/www.linkedin.com\/company\/productive-io\/\",\"https:\/\/www.youtube.com\/@productive_io\",\"https:\/\/www.instagram.com\/productive.io\/\",\"https:\/\/www.g2.com\/products\/productive\/reviews\",\"https:\/\/www.capterra.com\/p\/169710\/Productive\/\",\"https:\/\/www.crunchbase.com\/organization\/productive-io\",\"https:\/\/www.trustpilot.com\/review\/www.productive.io\",\"https:\/\/github.com\/productiveio\"],\"description\":\"Productive - Agency Management & PSA - Run resources, projects, budgets, and profitability in one platform built for agencies and professional services.\",\"email\":\"contact@productive.io\",\"legalName\":\"The Productive Company Inc.\",\"foundingDate\":\"2014-01-01\",\"numberOfEmployees\":{\"@type\":\"QuantitativeValue\",\"minValue\":\"51\",\"maxValue\":\"200\"}}]}<\/script>\n<!-- \/ Yoast SEO Premium plugin. -->","yoast_head_json":{"title":"Kundenportal - Productive","description":"Verbessere das Erlebnis der Zusammenarbeit mit Kunden. Vereinfache deinen Feedbackprozess. Kollaboriere ohne Zusatzkosten.","robots":{"index":"index","follow":"follow","max-snippet":"max-snippet:-1","max-image-preview":"max-image-preview:large","max-video-preview":"max-video-preview:-1"},"canonical":"https:\/\/productive.io\/de\/kundenportal\/","og_locale":"de_DE","og_type":"article","og_title":"Kundenportal","og_description":"Verbessere das Erlebnis der Zusammenarbeit mit Kunden. Vereinfache deinen Feedbackprozess. Kollaboriere ohne Zusatzkosten.","og_url":"https:\/\/productive.io\/de\/kundenportal\/","og_site_name":"Productive","article_publisher":"https:\/\/www.facebook.com\/productiveio\/","article_modified_time":"2025-05-19T04:19:05+00:00","twitter_card":"summary_large_image","schema":{"@context":"https:\/\/schema.org","@graph":[{"@type":"WebPage","@id":"https:\/\/productive.io\/de\/kundenportal\/","url":"https:\/\/productive.io\/de\/kundenportal\/","name":"Kundenportal - Productive","isPartOf":{"@id":"https:\/\/productive.io\/de\/#website"},"datePublished":"2024-08-28T08:41:09+00:00","dateModified":"2025-05-19T04:19:05+00:00","description":"Verbessere das Erlebnis der Zusammenarbeit mit Kunden. Vereinfache deinen Feedbackprozess. Kollaboriere ohne Zusatzkosten.","breadcrumb":{"@id":"https:\/\/productive.io\/de\/kundenportal\/#breadcrumb"},"inLanguage":"de-DE","potentialAction":[{"@type":"ReadAction","target":["https:\/\/productive.io\/de\/kundenportal\/"]}]},{"@type":"BreadcrumbList","@id":"https:\/\/productive.io\/de\/kundenportal\/#breadcrumb","itemListElement":[{"@type":"ListItem","position":1,"name":"Home","item":"https:\/\/productive.io\/de\/"},{"@type":"ListItem","position":2,"name":"Kundenportal"}]},{"@type":"WebSite","@id":"https:\/\/productive.io\/de\/#website","url":"https:\/\/productive.io\/de\/","name":"Productive","description":"The Only Tool You Need To Run a Profitable Agency","publisher":{"@id":"https:\/\/productive.io\/de\/#organization"},"potentialAction":[{"@type":"SearchAction","target":{"@type":"EntryPoint","urlTemplate":"https:\/\/productive.io\/de\/?s={search_term_string}"},"query-input":{"@type":"PropertyValueSpecification","valueRequired":true,"valueName":"search_term_string"}}],"inLanguage":"de-DE"},{"@type":"Organization","@id":"https:\/\/productive.io\/de\/#organization","name":"Productive","url":"https:\/\/productive.io\/de\/","logo":{"@type":"ImageObject","inLanguage":"de-DE","@id":"https:\/\/productive.io\/de\/#\/schema\/logo\/image\/","url":"https:\/\/website-assets.productive.io\/uploads\/2025\/09\/Productive-logo-for-Yoast-do-not-delete.webp","contentUrl":"https:\/\/website-assets.productive.io\/uploads\/2025\/09\/Productive-logo-for-Yoast-do-not-delete.webp","width":696,"height":696,"caption":"Productive"},"image":{"@id":"https:\/\/productive.io\/de\/#\/schema\/logo\/image\/"},"sameAs":["https:\/\/www.facebook.com\/productiveio\/","https:\/\/www.linkedin.com\/company\/productive-io\/","https:\/\/www.youtube.com\/@productive_io","https:\/\/www.instagram.com\/productive.io\/","https:\/\/www.g2.com\/products\/productive\/reviews","https:\/\/www.capterra.com\/p\/169710\/Productive\/","https:\/\/www.crunchbase.com\/organization\/productive-io","https:\/\/www.trustpilot.com\/review\/www.productive.io","https:\/\/github.com\/productiveio"],"description":"Productive - Agency Management & PSA - Run resources, projects, budgets, and profitability in one platform built for agencies and professional services.","email":"contact@productive.io","legalName":"The Productive Company Inc.","foundingDate":"2014-01-01","numberOfEmployees":{"@type":"QuantitativeValue","minValue":"51","maxValue":"200"}}]}},"_links":{"self":[{"href":"https:\/\/productive.io\/de\/wp-json\/wp\/v2\/pages\/56763","targetHints":{"allow":["GET"]}}],"collection":[{"href":"https:\/\/productive.io\/de\/wp-json\/wp\/v2\/pages"}],"about":[{"href":"https:\/\/productive.io\/de\/wp-json\/wp\/v2\/types\/page"}],"author":[{"embeddable":true,"href":"https:\/\/productive.io\/de\/wp-json\/wp\/v2\/users\/44"}],"replies":[{"embeddable":true,"href":"https:\/\/productive.io\/de\/wp-json\/wp\/v2\/comments?post=56763"}],"version-history":[{"count":8,"href":"https:\/\/productive.io\/de\/wp-json\/wp\/v2\/pages\/56763\/revisions"}],"predecessor-version":[{"id":59178,"href":"https:\/\/productive.io\/de\/wp-json\/wp\/v2\/pages\/56763\/revisions\/59178"}],"wp:attachment":[{"href":"https:\/\/productive.io\/de\/wp-json\/wp\/v2\/media?parent=56763"}],"wp:term":[{"taxonomy":"job-category","embeddable":true,"href":"https:\/\/productive.io\/de\/wp-json\/wp\/v2\/job-category?post=56763"},{"taxonomy":"page-category","embeddable":true,"href":"https:\/\/productive.io\/de\/wp-json\/wp\/v2\/page-category?post=56763"}],"curies":[{"name":"wp","href":"https:\/\/api.w.org\/{rel}","templated":true}]}}