{"id":56759,"date":"2021-08-31T07:27:09","date_gmt":"2021-08-31T07:27:09","guid":{"rendered":"https:\/\/productive.io\/?page_id=56759"},"modified":"2025-05-29T17:15:59","modified_gmt":"2025-05-29T17:15:59","slug":"sicherheit","status":"publish","type":"page","link":"https:\/\/productive.io\/de\/vertrauen\/sicherheit\/","title":{"rendered":"Vertrauen &#8211; Sicherheit"},"content":{"rendered":"<h2   > <strong><a href=\"https:\/\/productive.io\/de\/?page_id=56751\">VERTRAUENSZENTRUM<\/a><\/strong><\/h2> <h1   > Sicherheit<\/h1> <p   > Das einzige, was wir mit Ihren Daten tun, ist, sie jederzeit zu 100 % sicher zu halten. Lesen Sie weiter, um herauszufinden, wie.<\/p> <img  src=\"https:\/\/productive.io\/wp-content\/uploads\/2021\/08\/Privacy-and-Terms-1.png\"  alt=\"\" loading=lazy \/> <h2   > Serverzugriff<\/h2><p   > Wir nutzen Amazon AWS als unseren Hosting-Anbieter. Unsere Server sind Teil der Amazon AWS-Infrastruktur und in der EU gehostet.<br><br><br><br><\/p> <h2   > <strong>Datenverschl\u00fcsselung<\/strong><\/h2><p   > Bietet entscheidenden Schutz gegen Datenverletzungen. Das bedeutet, dass alle Daten, einschlie\u00dflich der Kundendaten-Backups, sogar beim &#8220;Ruhen&#8221; in der Datenbank verschl\u00fcsselt sind.<br><br><\/p> <h2   > <strong>Daten-Backups<\/strong><\/h2><p   > Wir sichern regelm\u00e4\u00dfig alle Ihre Daten, um deren Verf\u00fcgbarkeit und Schutz vor Verlust oder Besch\u00e4digung zu gew\u00e4hrleisten. Diese Backups werden sicher gespeichert, verschl\u00fcsselt und regelm\u00e4\u00dfig gepr\u00fcft, um ihre Zuverl\u00e4ssigkeit und Wirksamkeit zu gew\u00e4hrleisten.<br><\/p> <h2   > <strong>Penetrationstests<\/strong><\/h2><p   > Um die Sicherheit unserer Dienste weiter zu gew\u00e4hrleisten, beauftragen wir Sicherheitsexperten, Penetrationstests auf Productive durchzuf\u00fchren. Dieser Prozess erm\u00f6glicht es uns, potenzielle Schwachstellen zu identifizieren, die dann priorisiert und sorgf\u00e4ltig behoben werden.<\/p> <h2   > Sicherer Zugriff<\/h2> <p   > Alle Productive-Konten haben sicheren Zugriff \u00fcber HTTPS (SSL), den gleichen Sicherheitsstandard, der beim Online-Banking verwendet wird. Wir wenden alle Standardpraktiken f\u00fcr ein hohes Sicherheitsniveau an. Jedes Konto ist passwortgesch\u00fctzt. Alle Passw\u00f6rter werden nach dem Hash-and-Salt-Verfahren verschl\u00fcsselt, bevor sie in der Datenbank gespeichert werden. Dieses Verfahren stellt sicher, dass das Passwort nicht gelesen oder verwendet werden kann.<\/p> <h2   > Zwei-Faktor-Authentifizierung (2FA)<\/h2> <p   > Productive setzt Best-in-Class-Standards ein, um Kundendaten zu sch\u00fctzen. Erg\u00e4nzen Sie Ihren Anmeldevorgang mit der Zwei-Faktor-Authentifizierung (2FA) um eine zus\u00e4tzliche Sicherheitsebene. Sobald Sie 2FA aktiviert haben, muss jeder Benutzer eine zus\u00e4tzliche Information (neben E-Mail-Adresse und Passwort) eingeben, um sich anzumelden.<\/p> <h2   > Datenzugriff<\/h2> <p   > Nur ein kleiner Teil der Mitglieder des Productive-Teams hat direkten Zugriff auf die Live-Datenbank. Dieser Zugriff wird nach dem Need-to-Know-Prinzip gew\u00e4hrt und ist streng kontrolliert.<\/p> <h2   > Verschl\u00fcsselung im Ruhezustand<\/h2> <p   > Verschl\u00fcsselung im Ruhezustand bietet entscheidenden Schutz gegen Datenverletzungen. Das bedeutet, dass alle Daten, einschlie\u00dflich der Kundendaten-Backups, sogar beim &#8220;Ruhen&#8221; in der Datenbank verschl\u00fcsselt sind.<\/p> <h2   > Sie treffen Entscheidungen \u00fcber Ihre Daten<\/h2> <p   > Wenn Sie sich entscheiden, uns zu verlassen, erhalten Sie eine vollst\u00e4ndige Kopie Ihrer Datenbank. Kontaktieren Sie uns, und wir stellen Ihnen alle Ihre Daten zur Verf\u00fcgung. M\u00f6chten Sie \u00fcber eine API auf Ihre Daten zugreifen? Kein Problem, wir haben das im Griff. Besuchen Sie <a href=\"https:\/\/developer.productive.io\/\">https:\/\/developer.productive.io\/<\/a>, um weitere Informationen dar\u00fcber zu erhalten, wie unsere API funktioniert.<\/p> <h2   > Kontinuierliche Backups<\/h2> <p   > Ihre Daten werden in Echtzeit mit einem Wiederherstellungsziel (RPO) von 5 Minuten gesichert. Dar\u00fcber hinaus nehmen wir st\u00fcndliche, t\u00e4gliche, w\u00f6chentliche und monatliche Backups vor, die bis zu ein Jahr lang gespeichert werden. Wir haben eine Standby-Replik der Datenbank f\u00fcr den Fall, dass der Originaldatenbank physisch etwas zust\u00f6\u00dft. Alles wird in Echtzeit gesichert, um sicherzustellen, dass Ihre Daten sicher sind.<br><br><\/p> <h2   > 99% Betriebszeit Service-Versprechen<\/h2> <p   > Productive hat ein Betriebszeit-Service-Level von 99,9 %. Die meisten \u00c4nderungen an der Produktionsumgebung erfordern keine Ausfallzeiten des Systems. Sollte sich herausstellen, dass Ausfallzeiten erforderlich sind, versuchen wir, diese am Wochenende zu planen und geben Ihnen mindestens 24 Stunden vorher Bescheid. Sie k\u00f6nnen den Status unserer Dienste \u00fcberpr\u00fcfen, indem Sie https:\/\/status.productive.io besuchen.<\/p> <h2   > 24\/7 \u00dcberwachung<\/h2> <p   > Unser System wird rund um die Uhr \u00fcberwacht. Wenn etwas passiert, wissen wir es sofort und k\u00f6nnen reagieren. Es gibt Echtzeitberichte, die sicherstellen, dass wir bereit sind, das Problem zu beheben.<\/p> <h2   > Ihre Kreditkarte ist bei uns sicher<\/h2> <p   > Wir verwenden <a href=\"https:\/\/stripe.com\/\" target=\"_blank\" rel=\"noreferrer noopener\">Stripe<\/a> als unseren Kreditkartenzahlungsanbieter. Karteninformationen werden vollst\u00e4ndig PCI-konform gespeichert, \u00fcbertragen und verarbeitet. Jede Transaktion wird mit der gleichen hohen Sicherungsverschl\u00fcsselung verarbeitet wie in einer Bank. Wir speichern Ihre Kreditinformationen nicht und Ihre Kreditkartennummern gehen zu keinem Zeitpunkt \u00fcber unsere Server.<\/p> <h2   > Arbeitsumgebung<\/h2> <p   > Jede Hardware, die unser Team verwendet, wird regelm\u00e4\u00dfig aktualisiert. Alle Arbeitsstationen haben eine vollst\u00e4ndige Festplattenverschl\u00fcsselung im Ruhezustand. Wir wenden regelm\u00e4\u00dfig wichtige Patches an und stellen sicher, dass sich kein Malware auf einem Ger\u00e4t befindet.<\/p> <h2   > Serverzugriff und Standort<\/h2> <p   > Wir nutzen Amazon AWS als unseren Hosting-Anbieter. Unsere Server sind Teil der Amazon AWS-Infrastruktur und in der EU gehostet. Der tats\u00e4chliche Standort dieser Rechenzentren ist nur Amazon-Mitarbeitern bekannt, die aus gesch\u00e4ftlichen Gr\u00fcnden darauf Zugriff ben\u00f6tigen. Amazon bietet eine hochsichere Architektur und schr\u00e4nkt unbefugten Zugriff ein.<\/p> <h2   > Physische Sicherheit<\/h2> <p   > Amazon ist bekannt f\u00fcr seine straff kontrollierten Rechenzentren in vielen L\u00e4ndern. Sie haben ein robustes physisches Sicherheitsprogramm mit mehreren Zertifizierungen, einschlie\u00dflich einer SSAE 16-Zertifizierung. Es sind eine Reihe von physischen Kontrollen vorhanden, um jeglichen unbefugten Zugriff zu verhindern. Wenn Sie mehr erfahren m\u00f6chten, besuchen Sie bitte <a href=\"https:\/\/aws.amazon.com\/security\/\" target=\"_blank\" rel=\"noreferrer noopener\">https:\/\/aws.amazon.com\/security\/<\/a> M\u00f6chten Sie mehr \u00fcber unsere Sicherheitsma\u00dfnahmen erfahren? Bitte kontaktieren Sie uns unter <a href=\"mailto:contact@productive.io\">contact@productive.io<\/a> und wir beantworten gerne alle Ihre Fragen.<\/p> <h2   > <strong>Optimiere den Betrieb<\/strong> mit Productive<\/h2> <p   > Wechsle von mehreren Tools und Tabellen zu <br>einer skalierbaren Plattform f\u00fcr professionelle Dienstleistungen.<\/p>","protected":false},"excerpt":{"rendered":"","protected":false},"author":16,"featured_media":0,"parent":56751,"menu_order":0,"comment_status":"closed","ping_status":"closed","template":"","meta":{"_acf_changed":false,"es_utils_meta_schema":"","footnotes":""},"job-category":[],"page-category":[1093],"class_list":["post-56759","page","type-page","status-publish","hentry"],"acf":[],"yoast_head":"<!-- This site is optimized with the Yoast SEO Premium plugin v27.2 (Yoast SEO v27.2) - https:\/\/yoast.com\/product\/yoast-seo-premium-wordpress\/ -->\n<title>Sicherheit | Productive<\/title>\n<meta name=\"description\" content=\"Bei Productive setzen wir uns f\u00fcr die Sicherheit und den Datenschutz Ihrer Daten ein. Erfahren Sie mehr \u00fcber unsere Datenschutz-, Sicherheits- und Konformit\u00e4tsrichtlinien.\" \/>\n<meta name=\"robots\" content=\"index, follow, max-snippet:-1, max-image-preview:large, max-video-preview:-1\" \/>\n<link rel=\"canonical\" href=\"https:\/\/productive.io\/de\/vertrauen\/sicherheit\/\" \/>\n<meta property=\"og:locale\" content=\"de_DE\" \/>\n<meta property=\"og:type\" content=\"article\" \/>\n<meta property=\"og:title\" content=\"Vertrauen - Sicherheit\" \/>\n<meta property=\"og:description\" content=\"Bei Productive setzen wir uns f\u00fcr die Sicherheit und den Datenschutz Ihrer Daten ein. Erfahren Sie mehr \u00fcber unsere Datenschutz-, Sicherheits- und Konformit\u00e4tsrichtlinien.\" \/>\n<meta property=\"og:url\" content=\"https:\/\/productive.io\/de\/vertrauen\/sicherheit\/\" \/>\n<meta property=\"og:site_name\" content=\"Productive\" \/>\n<meta property=\"article:publisher\" content=\"https:\/\/www.facebook.com\/productiveio\/\" \/>\n<meta property=\"article:modified_time\" content=\"2025-05-29T17:15:59+00:00\" \/>\n<meta name=\"twitter:card\" content=\"summary_large_image\" \/>\n<meta name=\"twitter:label1\" content=\"Gesch\u00e4tzte Lesezeit\" \/>\n\t<meta name=\"twitter:data1\" content=\"4 minutes\" \/>\n<script type=\"application\/ld+json\" class=\"yoast-schema-graph\">{\"@context\":\"https:\/\/schema.org\",\"@graph\":[{\"@type\":\"WebPage\",\"@id\":\"https:\/\/productive.io\/de\/vertrauen\/sicherheit\/\",\"url\":\"https:\/\/productive.io\/de\/vertrauen\/sicherheit\/\",\"name\":\"Sicherheit | Productive\",\"isPartOf\":{\"@id\":\"https:\/\/productive.io\/de\/#website\"},\"datePublished\":\"2021-08-31T07:27:09+00:00\",\"dateModified\":\"2025-05-29T17:15:59+00:00\",\"description\":\"Bei Productive setzen wir uns f\u00fcr die Sicherheit und den Datenschutz Ihrer Daten ein. Erfahren Sie mehr \u00fcber unsere Datenschutz-, Sicherheits- und Konformit\u00e4tsrichtlinien.\",\"breadcrumb\":{\"@id\":\"https:\/\/productive.io\/de\/vertrauen\/sicherheit\/#breadcrumb\"},\"inLanguage\":\"de-DE\",\"potentialAction\":[{\"@type\":\"ReadAction\",\"target\":[\"https:\/\/productive.io\/de\/vertrauen\/sicherheit\/\"]}]},{\"@type\":\"BreadcrumbList\",\"@id\":\"https:\/\/productive.io\/de\/vertrauen\/sicherheit\/#breadcrumb\",\"itemListElement\":[{\"@type\":\"ListItem\",\"position\":1,\"name\":\"Home\",\"item\":\"https:\/\/productive.io\/de\/\"},{\"@type\":\"ListItem\",\"position\":2,\"name\":\"Vertrauen\",\"item\":\"https:\/\/productive.io\/de\/vertrauen\/\"},{\"@type\":\"ListItem\",\"position\":3,\"name\":\"Vertrauen &#8211; Sicherheit\"}]},{\"@type\":\"WebSite\",\"@id\":\"https:\/\/productive.io\/de\/#website\",\"url\":\"https:\/\/productive.io\/de\/\",\"name\":\"Productive\",\"description\":\"The Only Tool You Need To Run a Profitable Agency\",\"publisher\":{\"@id\":\"https:\/\/productive.io\/de\/#organization\"},\"potentialAction\":[{\"@type\":\"SearchAction\",\"target\":{\"@type\":\"EntryPoint\",\"urlTemplate\":\"https:\/\/productive.io\/de\/?s={search_term_string}\"},\"query-input\":{\"@type\":\"PropertyValueSpecification\",\"valueRequired\":true,\"valueName\":\"search_term_string\"}}],\"inLanguage\":\"de-DE\"},{\"@type\":\"Organization\",\"@id\":\"https:\/\/productive.io\/de\/#organization\",\"name\":\"Productive\",\"url\":\"https:\/\/productive.io\/de\/\",\"logo\":{\"@type\":\"ImageObject\",\"inLanguage\":\"de-DE\",\"@id\":\"https:\/\/productive.io\/de\/#\/schema\/logo\/image\/\",\"url\":\"https:\/\/website-assets.productive.io\/uploads\/2025\/09\/Productive-logo-for-Yoast-do-not-delete.webp\",\"contentUrl\":\"https:\/\/website-assets.productive.io\/uploads\/2025\/09\/Productive-logo-for-Yoast-do-not-delete.webp\",\"width\":696,\"height\":696,\"caption\":\"Productive\"},\"image\":{\"@id\":\"https:\/\/productive.io\/de\/#\/schema\/logo\/image\/\"},\"sameAs\":[\"https:\/\/www.facebook.com\/productiveio\/\",\"https:\/\/www.linkedin.com\/company\/productive-io\/\",\"https:\/\/www.youtube.com\/@productive_io\",\"https:\/\/www.instagram.com\/productive.io\/\",\"https:\/\/www.g2.com\/products\/productive\/reviews\",\"https:\/\/www.capterra.com\/p\/169710\/Productive\/\",\"https:\/\/www.crunchbase.com\/organization\/productive-io\",\"https:\/\/www.trustpilot.com\/review\/www.productive.io\",\"https:\/\/github.com\/productiveio\"],\"description\":\"Productive - Agency Management & PSA - Run resources, projects, budgets, and profitability in one platform built for agencies and professional services.\",\"email\":\"contact@productive.io\",\"legalName\":\"The Productive Company Inc.\",\"foundingDate\":\"2014-01-01\",\"numberOfEmployees\":{\"@type\":\"QuantitativeValue\",\"minValue\":\"51\",\"maxValue\":\"200\"}}]}<\/script>\n<!-- \/ Yoast SEO Premium plugin. -->","yoast_head_json":{"title":"Sicherheit | Productive","description":"Bei Productive setzen wir uns f\u00fcr die Sicherheit und den Datenschutz Ihrer Daten ein. Erfahren Sie mehr \u00fcber unsere Datenschutz-, Sicherheits- und Konformit\u00e4tsrichtlinien.","robots":{"index":"index","follow":"follow","max-snippet":"max-snippet:-1","max-image-preview":"max-image-preview:large","max-video-preview":"max-video-preview:-1"},"canonical":"https:\/\/productive.io\/de\/vertrauen\/sicherheit\/","og_locale":"de_DE","og_type":"article","og_title":"Vertrauen - Sicherheit","og_description":"Bei Productive setzen wir uns f\u00fcr die Sicherheit und den Datenschutz Ihrer Daten ein. Erfahren Sie mehr \u00fcber unsere Datenschutz-, Sicherheits- und Konformit\u00e4tsrichtlinien.","og_url":"https:\/\/productive.io\/de\/vertrauen\/sicherheit\/","og_site_name":"Productive","article_publisher":"https:\/\/www.facebook.com\/productiveio\/","article_modified_time":"2025-05-29T17:15:59+00:00","twitter_card":"summary_large_image","twitter_misc":{"Gesch\u00e4tzte Lesezeit":"4 minutes"},"schema":{"@context":"https:\/\/schema.org","@graph":[{"@type":"WebPage","@id":"https:\/\/productive.io\/de\/vertrauen\/sicherheit\/","url":"https:\/\/productive.io\/de\/vertrauen\/sicherheit\/","name":"Sicherheit | Productive","isPartOf":{"@id":"https:\/\/productive.io\/de\/#website"},"datePublished":"2021-08-31T07:27:09+00:00","dateModified":"2025-05-29T17:15:59+00:00","description":"Bei Productive setzen wir uns f\u00fcr die Sicherheit und den Datenschutz Ihrer Daten ein. Erfahren Sie mehr \u00fcber unsere Datenschutz-, Sicherheits- und Konformit\u00e4tsrichtlinien.","breadcrumb":{"@id":"https:\/\/productive.io\/de\/vertrauen\/sicherheit\/#breadcrumb"},"inLanguage":"de-DE","potentialAction":[{"@type":"ReadAction","target":["https:\/\/productive.io\/de\/vertrauen\/sicherheit\/"]}]},{"@type":"BreadcrumbList","@id":"https:\/\/productive.io\/de\/vertrauen\/sicherheit\/#breadcrumb","itemListElement":[{"@type":"ListItem","position":1,"name":"Home","item":"https:\/\/productive.io\/de\/"},{"@type":"ListItem","position":2,"name":"Vertrauen","item":"https:\/\/productive.io\/de\/vertrauen\/"},{"@type":"ListItem","position":3,"name":"Vertrauen &#8211; Sicherheit"}]},{"@type":"WebSite","@id":"https:\/\/productive.io\/de\/#website","url":"https:\/\/productive.io\/de\/","name":"Productive","description":"The Only Tool You Need To Run a Profitable Agency","publisher":{"@id":"https:\/\/productive.io\/de\/#organization"},"potentialAction":[{"@type":"SearchAction","target":{"@type":"EntryPoint","urlTemplate":"https:\/\/productive.io\/de\/?s={search_term_string}"},"query-input":{"@type":"PropertyValueSpecification","valueRequired":true,"valueName":"search_term_string"}}],"inLanguage":"de-DE"},{"@type":"Organization","@id":"https:\/\/productive.io\/de\/#organization","name":"Productive","url":"https:\/\/productive.io\/de\/","logo":{"@type":"ImageObject","inLanguage":"de-DE","@id":"https:\/\/productive.io\/de\/#\/schema\/logo\/image\/","url":"https:\/\/website-assets.productive.io\/uploads\/2025\/09\/Productive-logo-for-Yoast-do-not-delete.webp","contentUrl":"https:\/\/website-assets.productive.io\/uploads\/2025\/09\/Productive-logo-for-Yoast-do-not-delete.webp","width":696,"height":696,"caption":"Productive"},"image":{"@id":"https:\/\/productive.io\/de\/#\/schema\/logo\/image\/"},"sameAs":["https:\/\/www.facebook.com\/productiveio\/","https:\/\/www.linkedin.com\/company\/productive-io\/","https:\/\/www.youtube.com\/@productive_io","https:\/\/www.instagram.com\/productive.io\/","https:\/\/www.g2.com\/products\/productive\/reviews","https:\/\/www.capterra.com\/p\/169710\/Productive\/","https:\/\/www.crunchbase.com\/organization\/productive-io","https:\/\/www.trustpilot.com\/review\/www.productive.io","https:\/\/github.com\/productiveio"],"description":"Productive - Agency Management & PSA - Run resources, projects, budgets, and profitability in one platform built for agencies and professional services.","email":"contact@productive.io","legalName":"The Productive Company Inc.","foundingDate":"2014-01-01","numberOfEmployees":{"@type":"QuantitativeValue","minValue":"51","maxValue":"200"}}]}},"_links":{"self":[{"href":"https:\/\/productive.io\/de\/wp-json\/wp\/v2\/pages\/56759","targetHints":{"allow":["GET"]}}],"collection":[{"href":"https:\/\/productive.io\/de\/wp-json\/wp\/v2\/pages"}],"about":[{"href":"https:\/\/productive.io\/de\/wp-json\/wp\/v2\/types\/page"}],"author":[{"embeddable":true,"href":"https:\/\/productive.io\/de\/wp-json\/wp\/v2\/users\/16"}],"replies":[{"embeddable":true,"href":"https:\/\/productive.io\/de\/wp-json\/wp\/v2\/comments?post=56759"}],"version-history":[{"count":3,"href":"https:\/\/productive.io\/de\/wp-json\/wp\/v2\/pages\/56759\/revisions"}],"predecessor-version":[{"id":61245,"href":"https:\/\/productive.io\/de\/wp-json\/wp\/v2\/pages\/56759\/revisions\/61245"}],"up":[{"embeddable":true,"href":"https:\/\/productive.io\/de\/wp-json\/wp\/v2\/pages\/56751"}],"wp:attachment":[{"href":"https:\/\/productive.io\/de\/wp-json\/wp\/v2\/media?parent=56759"}],"wp:term":[{"taxonomy":"job-category","embeddable":true,"href":"https:\/\/productive.io\/de\/wp-json\/wp\/v2\/job-category?post=56759"},{"taxonomy":"page-category","embeddable":true,"href":"https:\/\/productive.io\/de\/wp-json\/wp\/v2\/page-category?post=56759"}],"curies":[{"name":"wp","href":"https:\/\/api.w.org\/{rel}","templated":true}]}}