{"id":56747,"date":"2021-08-26T08:22:35","date_gmt":"2021-08-26T08:22:35","guid":{"rendered":"https:\/\/productive.io\/?page_id=56747"},"modified":"2025-05-20T07:10:26","modified_gmt":"2025-05-20T07:10:26","slug":"ueber-uns","status":"publish","type":"page","link":"https:\/\/productive.io\/de\/ueber-uns\/","title":{"rendered":"\u00dcber uns"},"content":{"rendered":"<h3   > <strong>\u00dcBER UNS<\/strong><\/h3> <h1   > Productives Mission: <strong>Dein Unternehmen st\u00e4rken<\/strong><\/h1> <h3   > <br>In den letzten zehn Jahren hat Productive Agenturen, Beratungen und andere Dienstleistungsunternehmen von Texas bis Melbourne und dar\u00fcber hinaus unterst\u00fctzt.<\/h3> <img  src=\"https:\/\/website-assets.productive.io\/uploads\/2025\/01\/about-us-hero-new.png\"  alt=\"\" loading=lazy \/> <p   > <\/p> <h2   > <strong>10<\/strong> Jahre<\/h2><p   > Der erste Entwurf der heutigen Productive-Version wurde vor 10 Jahren ver\u00f6ffentlicht und seitdem kontinuierlich verbessert.<\/p> <p   > <\/p> <h2   > \u00fcber <strong><strong>300<\/strong><\/strong><\/h2><p   > Das ist die Anzahl der Updates und Verbesserungen, die wir j\u00e4hrlich liefern.<\/p> <p   > <\/p> <h2   > <strong><strong>4<\/strong> <\/strong>min<\/h2><p   > Die durchschnittliche Zeit, die wir brauchen, um auf deine Chat-Anfragen zu antworten.<\/p> <h2   > <strong>Von Branchenexperten entwickelt<\/strong>, f\u00fcr Dienstleistungsunternehmen konzipiert<\/h2> <p   > Ein Dienstleistungsunternehmen zu f\u00fchren bringt einzigartige Herausforderungen mit sich\u2014wir wissen das, weil wir es selbst erlebt haben. Productive wurde 2014 von Branchenveteranen gegr\u00fcndet, die ein Design- und Entwicklungsunternehmen mit 350 Mitarbeitenden aufgebaut haben.<br><br>Als selbstfinanziertes und profitables Unternehmen setzen wir auf langfristiges Wachstum\u2014mit dem Fokus auf kontinuierliche Innovation, echten Kundennutzen und den Aufbau einer Plattform, die Dienstleistungsunternehmen wirklich unterst\u00fctzt.<\/p> <img  src=\"https:\/\/productive.io\/wp-content\/uploads\/2021\/08\/management.png\"  alt=\"\" loading=lazy \/> <h2   > Wir glauben, dass du nur <strong>ein Tool<\/strong> ben\u00f6tigst, um ein <strong>profitables Unternehmen<\/strong> zu f\u00fchren<\/h2> <p   > Es gibt viele Projektmanagement-Tools, aber Productive bietet mehr als das. Productive unterst\u00fctzt Agenturen mit konsolidierten Daten und umfasst das gesamte Agenturgesch\u00e4ft und nicht nur die Projektdurchf\u00fchrung.<\/p> <h2   > Wir sind ein <strong>multidisziplin\u00e4res Team<\/strong> aus Agenturexperten, Designern und Ingenieuren<\/h2> <img  src=\"https:\/\/productive.io\/wp-content\/uploads\/2021\/09\/multidisciplinary-team-scaled.jpg\"  alt=\"\" loading=lazy \/> <h2   > Wir sind st\u00e4ndig auf der Suche nach <strong>mehr Talenten<\/strong><\/h2><p   > Schau dir unsere Karriereseite an und sieh, ob wir eine offene Stelle f\u00fcr dich haben.<\/p> <a   href=\"https:\/\/productive.io\/careers\/\" > <p   > Offene Stellen anzeigen<\/p> <\/a> <img  src=\"https:\/\/productive.io\/wp-content\/uploads\/2021\/09\/Were-Always-on-the-Lookout-for-More-Talent.svg\"  alt=\"\" loading=lazy \/> <h2   > Was ist neu?<\/h2> <p   > Ab jetzt findest du alle Informationen zu Produkt-Updates, neuen Releases, Funktionen, Fehlerbehebungen und mehr <strong> auf unserer Was ist neu Seite.<\/strong><\/p><a   href=\"https:\/\/productive.io\/de\/was-ist-neu\/\" > <p   > Seite besuchen<\/p> <\/a> <img  src=\"https:\/\/productive.io\/wp-content\/uploads\/2021\/08\/gabica.png\"  alt=\"\" loading=lazy \/> <h2   > Kontaktiere uns<\/h2> <a   href=\"https:\/\/productive.io\/talk-to-sales\/\" > <p   > Demo buchen<\/p> <\/a> <p   > Kostenlos testen<\/p>","protected":false},"excerpt":{"rendered":"","protected":false},"author":10,"featured_media":0,"parent":0,"menu_order":0,"comment_status":"closed","ping_status":"closed","template":"","meta":{"_acf_changed":false,"es_utils_meta_schema":"","footnotes":""},"job-category":[],"page-category":[1092],"class_list":["post-56747","page","type-page","status-publish","hentry"],"acf":[],"yoast_head":"<!-- This site is optimized with the Yoast SEO Premium plugin v27.2 (Yoast SEO v27.2) - https:\/\/yoast.com\/product\/yoast-seo-premium-wordpress\/ -->\n<title>\u00dcber uns | Productive<\/title>\n<meta name=\"description\" content=\"Das Ziel von Productive ist es, deinem Unternehmen zum Erfolg zu verhelfen. Wir glauben, dass du nur ein Tool ben\u00f6tigst, um ein profitables Unternehmen zu f\u00fchren.\" \/>\n<meta name=\"robots\" content=\"index, follow, max-snippet:-1, max-image-preview:large, max-video-preview:-1\" \/>\n<link rel=\"canonical\" href=\"https:\/\/productive.io\/de\/ueber-uns\/\" \/>\n<meta property=\"og:locale\" content=\"de_DE\" \/>\n<meta property=\"og:type\" content=\"article\" \/>\n<meta property=\"og:title\" content=\"\u00dcber uns\" \/>\n<meta property=\"og:description\" content=\"Das Ziel von Productive ist es, deinem Unternehmen zum Erfolg zu verhelfen. Wir glauben, dass du nur ein Tool ben\u00f6tigst, um ein profitables Unternehmen zu f\u00fchren.\" \/>\n<meta property=\"og:url\" content=\"https:\/\/productive.io\/de\/ueber-uns\/\" \/>\n<meta property=\"og:site_name\" content=\"Productive\" \/>\n<meta property=\"article:publisher\" content=\"https:\/\/www.facebook.com\/productiveio\/\" \/>\n<meta property=\"article:modified_time\" content=\"2025-05-20T07:10:26+00:00\" \/>\n<meta name=\"twitter:card\" content=\"summary_large_image\" \/>\n<meta name=\"twitter:label1\" content=\"Gesch\u00e4tzte Lesezeit\" \/>\n\t<meta name=\"twitter:data1\" content=\"4 minutes\" \/>\n<script type=\"application\/ld+json\" class=\"yoast-schema-graph\">{\"@context\":\"https:\/\/schema.org\",\"@graph\":[{\"@type\":\"WebPage\",\"@id\":\"https:\/\/productive.io\/de\/ueber-uns\/\",\"url\":\"https:\/\/productive.io\/de\/ueber-uns\/\",\"name\":\"\u00dcber uns | Productive\",\"isPartOf\":{\"@id\":\"https:\/\/productive.io\/de\/#website\"},\"datePublished\":\"2021-08-26T08:22:35+00:00\",\"dateModified\":\"2025-05-20T07:10:26+00:00\",\"description\":\"Das Ziel von Productive ist es, deinem Unternehmen zum Erfolg zu verhelfen. Wir glauben, dass du nur ein Tool ben\u00f6tigst, um ein profitables Unternehmen zu f\u00fchren.\",\"breadcrumb\":{\"@id\":\"https:\/\/productive.io\/de\/ueber-uns\/#breadcrumb\"},\"inLanguage\":\"de-DE\",\"potentialAction\":[{\"@type\":\"ReadAction\",\"target\":[\"https:\/\/productive.io\/de\/ueber-uns\/\"]}]},{\"@type\":\"BreadcrumbList\",\"@id\":\"https:\/\/productive.io\/de\/ueber-uns\/#breadcrumb\",\"itemListElement\":[{\"@type\":\"ListItem\",\"position\":1,\"name\":\"Home\",\"item\":\"https:\/\/productive.io\/de\/\"},{\"@type\":\"ListItem\",\"position\":2,\"name\":\"\u00dcber uns\"}]},{\"@type\":\"WebSite\",\"@id\":\"https:\/\/productive.io\/de\/#website\",\"url\":\"https:\/\/productive.io\/de\/\",\"name\":\"Productive\",\"description\":\"The Only Tool You Need To Run a Profitable Agency\",\"publisher\":{\"@id\":\"https:\/\/productive.io\/de\/#organization\"},\"potentialAction\":[{\"@type\":\"SearchAction\",\"target\":{\"@type\":\"EntryPoint\",\"urlTemplate\":\"https:\/\/productive.io\/de\/?s={search_term_string}\"},\"query-input\":{\"@type\":\"PropertyValueSpecification\",\"valueRequired\":true,\"valueName\":\"search_term_string\"}}],\"inLanguage\":\"de-DE\"},{\"@type\":\"Organization\",\"@id\":\"https:\/\/productive.io\/de\/#organization\",\"name\":\"Productive\",\"url\":\"https:\/\/productive.io\/de\/\",\"logo\":{\"@type\":\"ImageObject\",\"inLanguage\":\"de-DE\",\"@id\":\"https:\/\/productive.io\/de\/#\/schema\/logo\/image\/\",\"url\":\"https:\/\/website-assets.productive.io\/uploads\/2025\/09\/Productive-logo-for-Yoast-do-not-delete.webp\",\"contentUrl\":\"https:\/\/website-assets.productive.io\/uploads\/2025\/09\/Productive-logo-for-Yoast-do-not-delete.webp\",\"width\":696,\"height\":696,\"caption\":\"Productive\"},\"image\":{\"@id\":\"https:\/\/productive.io\/de\/#\/schema\/logo\/image\/\"},\"sameAs\":[\"https:\/\/www.facebook.com\/productiveio\/\",\"https:\/\/www.linkedin.com\/company\/productive-io\/\",\"https:\/\/www.youtube.com\/@productive_io\",\"https:\/\/www.instagram.com\/productive.io\/\",\"https:\/\/www.g2.com\/products\/productive\/reviews\",\"https:\/\/www.capterra.com\/p\/169710\/Productive\/\",\"https:\/\/www.crunchbase.com\/organization\/productive-io\",\"https:\/\/www.trustpilot.com\/review\/www.productive.io\",\"https:\/\/github.com\/productiveio\"],\"description\":\"Productive - Agency Management & PSA - Run resources, projects, budgets, and profitability in one platform built for agencies and professional services.\",\"email\":\"contact@productive.io\",\"legalName\":\"The Productive Company Inc.\",\"foundingDate\":\"2014-01-01\",\"numberOfEmployees\":{\"@type\":\"QuantitativeValue\",\"minValue\":\"51\",\"maxValue\":\"200\"}}]}<\/script>\n<!-- \/ Yoast SEO Premium plugin. -->","yoast_head_json":{"title":"\u00dcber uns | Productive","description":"Das Ziel von Productive ist es, deinem Unternehmen zum Erfolg zu verhelfen. Wir glauben, dass du nur ein Tool ben\u00f6tigst, um ein profitables Unternehmen zu f\u00fchren.","robots":{"index":"index","follow":"follow","max-snippet":"max-snippet:-1","max-image-preview":"max-image-preview:large","max-video-preview":"max-video-preview:-1"},"canonical":"https:\/\/productive.io\/de\/ueber-uns\/","og_locale":"de_DE","og_type":"article","og_title":"\u00dcber uns","og_description":"Das Ziel von Productive ist es, deinem Unternehmen zum Erfolg zu verhelfen. Wir glauben, dass du nur ein Tool ben\u00f6tigst, um ein profitables Unternehmen zu f\u00fchren.","og_url":"https:\/\/productive.io\/de\/ueber-uns\/","og_site_name":"Productive","article_publisher":"https:\/\/www.facebook.com\/productiveio\/","article_modified_time":"2025-05-20T07:10:26+00:00","twitter_card":"summary_large_image","twitter_misc":{"Gesch\u00e4tzte Lesezeit":"4 minutes"},"schema":{"@context":"https:\/\/schema.org","@graph":[{"@type":"WebPage","@id":"https:\/\/productive.io\/de\/ueber-uns\/","url":"https:\/\/productive.io\/de\/ueber-uns\/","name":"\u00dcber uns | Productive","isPartOf":{"@id":"https:\/\/productive.io\/de\/#website"},"datePublished":"2021-08-26T08:22:35+00:00","dateModified":"2025-05-20T07:10:26+00:00","description":"Das Ziel von Productive ist es, deinem Unternehmen zum Erfolg zu verhelfen. Wir glauben, dass du nur ein Tool ben\u00f6tigst, um ein profitables Unternehmen zu f\u00fchren.","breadcrumb":{"@id":"https:\/\/productive.io\/de\/ueber-uns\/#breadcrumb"},"inLanguage":"de-DE","potentialAction":[{"@type":"ReadAction","target":["https:\/\/productive.io\/de\/ueber-uns\/"]}]},{"@type":"BreadcrumbList","@id":"https:\/\/productive.io\/de\/ueber-uns\/#breadcrumb","itemListElement":[{"@type":"ListItem","position":1,"name":"Home","item":"https:\/\/productive.io\/de\/"},{"@type":"ListItem","position":2,"name":"\u00dcber uns"}]},{"@type":"WebSite","@id":"https:\/\/productive.io\/de\/#website","url":"https:\/\/productive.io\/de\/","name":"Productive","description":"The Only Tool You Need To Run a Profitable Agency","publisher":{"@id":"https:\/\/productive.io\/de\/#organization"},"potentialAction":[{"@type":"SearchAction","target":{"@type":"EntryPoint","urlTemplate":"https:\/\/productive.io\/de\/?s={search_term_string}"},"query-input":{"@type":"PropertyValueSpecification","valueRequired":true,"valueName":"search_term_string"}}],"inLanguage":"de-DE"},{"@type":"Organization","@id":"https:\/\/productive.io\/de\/#organization","name":"Productive","url":"https:\/\/productive.io\/de\/","logo":{"@type":"ImageObject","inLanguage":"de-DE","@id":"https:\/\/productive.io\/de\/#\/schema\/logo\/image\/","url":"https:\/\/website-assets.productive.io\/uploads\/2025\/09\/Productive-logo-for-Yoast-do-not-delete.webp","contentUrl":"https:\/\/website-assets.productive.io\/uploads\/2025\/09\/Productive-logo-for-Yoast-do-not-delete.webp","width":696,"height":696,"caption":"Productive"},"image":{"@id":"https:\/\/productive.io\/de\/#\/schema\/logo\/image\/"},"sameAs":["https:\/\/www.facebook.com\/productiveio\/","https:\/\/www.linkedin.com\/company\/productive-io\/","https:\/\/www.youtube.com\/@productive_io","https:\/\/www.instagram.com\/productive.io\/","https:\/\/www.g2.com\/products\/productive\/reviews","https:\/\/www.capterra.com\/p\/169710\/Productive\/","https:\/\/www.crunchbase.com\/organization\/productive-io","https:\/\/www.trustpilot.com\/review\/www.productive.io","https:\/\/github.com\/productiveio"],"description":"Productive - Agency Management & PSA - Run resources, projects, budgets, and profitability in one platform built for agencies and professional services.","email":"contact@productive.io","legalName":"The Productive Company Inc.","foundingDate":"2014-01-01","numberOfEmployees":{"@type":"QuantitativeValue","minValue":"51","maxValue":"200"}}]}},"_links":{"self":[{"href":"https:\/\/productive.io\/de\/wp-json\/wp\/v2\/pages\/56747","targetHints":{"allow":["GET"]}}],"collection":[{"href":"https:\/\/productive.io\/de\/wp-json\/wp\/v2\/pages"}],"about":[{"href":"https:\/\/productive.io\/de\/wp-json\/wp\/v2\/types\/page"}],"author":[{"embeddable":true,"href":"https:\/\/productive.io\/de\/wp-json\/wp\/v2\/users\/10"}],"replies":[{"embeddable":true,"href":"https:\/\/productive.io\/de\/wp-json\/wp\/v2\/comments?post=56747"}],"version-history":[{"count":6,"href":"https:\/\/productive.io\/de\/wp-json\/wp\/v2\/pages\/56747\/revisions"}],"predecessor-version":[{"id":59702,"href":"https:\/\/productive.io\/de\/wp-json\/wp\/v2\/pages\/56747\/revisions\/59702"}],"wp:attachment":[{"href":"https:\/\/productive.io\/de\/wp-json\/wp\/v2\/media?parent=56747"}],"wp:term":[{"taxonomy":"job-category","embeddable":true,"href":"https:\/\/productive.io\/de\/wp-json\/wp\/v2\/job-category?post=56747"},{"taxonomy":"page-category","embeddable":true,"href":"https:\/\/productive.io\/de\/wp-json\/wp\/v2\/page-category?post=56747"}],"curies":[{"name":"wp","href":"https:\/\/api.w.org\/{rel}","templated":true}]}}