{"id":56718,"date":"2024-11-29T14:52:59","date_gmt":"2024-11-29T14:52:59","guid":{"rendered":"https:\/\/productive.io\/?page_id=56718"},"modified":"2025-12-19T10:00:15","modified_gmt":"2025-12-19T10:00:15","slug":"lp-zeiterfassung","status":"publish","type":"page","link":"https:\/\/productive.io\/de\/lp-zeiterfassung\/","title":{"rendered":"Zeiterfassung LP"},"content":{"rendered":"<h2   > ZEITERFASSUNGSSOFTWARE F\u00dcR AGENTUREN<\/h2> <h1   > Gewinnsteigerung deiner Agentur durch <strong>pr\u00e4zise Zeiterfassung<\/strong><\/h1> <p   > Flexible Zeiterfassungsoptionen f\u00fcr eine problemlose Implementierung<\/p> <p   > Transparenter \u00dcberblick: Verfolge genau, wie dein Team Zeit nutzt<\/p> <p   > Detaillierte Berichte: Analysiere die Rentabilit\u00e4t und Ressourcennutzung basierend auf erfasster Zeit<\/p> <p   > Kostenlos testen<\/p> <p   > Demo buchen<\/p> <a   data-cta-block-type=dual_button_form href=\"https:\/\/productive.io\/de\/demo-buchen\/\" > <p   > Demo buchen<\/p> <\/a> <img  src=\"https:\/\/website-assets.productive.io\/uploads\/2025\/05\/LPTT-Productive-Time-Tracking-d.svg\"  alt=\"\" loading=lazy \/> <h2   > <strong>Agenturen vertrauen Productive<\/strong>, um jede abrechenbare Stunde zu erfassen<\/h2> <img  src=\"https:\/\/website-assets.productive.io\/uploads\/2025\/12\/D-Client-weitblick-black.svg\"  alt=\"\" loading=lazy \/> <img  src=\"https:\/\/website-assets.productive.io\/uploads\/2025\/12\/D-Client-MD-black.svg\"  alt=\"\" loading=lazy \/> <img  src=\"https:\/\/website-assets.productive.io\/uploads\/2025\/12\/D-Client-atipik-black.svg\"  alt=\"\" loading=lazy \/> <img  src=\"https:\/\/website-assets.productive.io\/uploads\/2025\/12\/D-Client-unlimited-studio-black.svg\"  alt=\"\" loading=lazy \/> <img  src=\"https:\/\/website-assets.productive.io\/uploads\/2025\/12\/D-Client-luceed-black.svg\"  alt=\"\" loading=lazy \/> <img  src=\"https:\/\/website-assets.productive.io\/uploads\/2025\/12\/D-Client-nexxar-black.svg\"  alt=\"\" loading=lazy \/> <img  src=\"https:\/\/website-assets.productive.io\/uploads\/2025\/01\/Client-b-Wild.svg\"  alt=\"\" loading=lazy \/> <img  src=\"https:\/\/website-assets.productive.io\/uploads\/2025\/12\/D-Client-lemonize-black.svg\"  alt=\"\" loading=lazy \/> <img  src=\"https:\/\/website-assets.productive.io\/uploads\/2025\/12\/D-Client-done-financials-black.svg\"  alt=\"\" loading=lazy \/> <img  src=\"https:\/\/website-assets.productive.io\/uploads\/2025\/12\/D-Client-advertise-right-black.svg\"  alt=\"\" loading=lazy \/> <img  src=\"https:\/\/website-assets.productive.io\/uploads\/2025\/12\/D-Client-weitblick-black.svg\"  alt=\"\" loading=lazy \/> <img  src=\"https:\/\/website-assets.productive.io\/uploads\/2025\/12\/D-Client-MD-black.svg\"  alt=\"\" loading=lazy \/> <img  src=\"https:\/\/website-assets.productive.io\/uploads\/2025\/12\/D-Client-atipik-black.svg\"  alt=\"\" loading=lazy \/> <img  src=\"https:\/\/website-assets.productive.io\/uploads\/2025\/12\/D-Client-unlimited-studio-black.svg\"  alt=\"\" loading=lazy \/> <img  src=\"https:\/\/website-assets.productive.io\/uploads\/2025\/12\/D-Client-luceed-black.svg\"  alt=\"\" loading=lazy \/> <img  src=\"https:\/\/website-assets.productive.io\/uploads\/2025\/12\/D-Client-nexxar-black.svg\"  alt=\"\" loading=lazy \/> <img  src=\"https:\/\/website-assets.productive.io\/uploads\/2025\/01\/Client-b-Wild.svg\"  alt=\"\" loading=lazy \/> <img  src=\"https:\/\/website-assets.productive.io\/uploads\/2025\/12\/D-Client-lemonize-black.svg\"  alt=\"\" loading=lazy \/> <img  src=\"https:\/\/website-assets.productive.io\/uploads\/2025\/12\/D-Client-done-financials-black.svg\"  alt=\"\" loading=lazy \/> <img  src=\"https:\/\/website-assets.productive.io\/uploads\/2025\/12\/D-Client-advertise-right-black.svg\"  alt=\"\" loading=lazy \/> <h2   > Stehst du vor <strong>diesen Herausforderungen?<\/strong><\/h2> <img  src=\"https:\/\/website-assets.productive.io\/uploads\/2025\/05\/LPTT-Productive-Inconsistent-Tracking-d.svg\"  alt=\"\" loading=lazy \/> <h2   > <strong>01<\/strong><\/h2> <p   > <strong>Inkonsequente Projektzeiterfassung<\/strong>, die zu verlorenen abrechenbaren Stunden f\u00fchrt<\/p> <img  src=\"https:\/\/website-assets.productive.io\/uploads\/2025\/05\/LPTT-Productive-Time-Profitability-d.svg\"  alt=\"\" loading=lazy \/> <h2   > <strong>02<\/strong><\/h2> <p   > Es fehlt eine klare Verbindung zwischen <strong>Zeiterfassung und Projektrentabilit\u00e4t<\/strong><\/p> <img  src=\"https:\/\/website-assets.productive.io\/uploads\/2025\/05\/LPTT-Productive-Projects-d.svg\"  alt=\"\" loading=lazy \/> <h2   > <strong>03<\/strong><\/h2> <p   > Schwierigkeiten bei der Einsch\u00e4tzung des tats\u00e4chlichen <strong>Zeitaufwands f\u00fcr zuk\u00fcnftige Projekte<\/strong><\/p> <h2   > Zeiterfassung, die abrechenbare <strong>Stunden sichtbar macht<\/strong><\/h2> <h2   > <strong>ZEIT GENAU ERFASSEN<\/strong><\/h2> <h2   > <strong>Erfasse jede Minute \u2013 und steigere dein Einkommen<\/strong><\/h2> <ul   > <li>Erfassen Du jede abrechenbare Stunde pr\u00e4zise<\/li><li>Erhalten Du einen klaren \u00dcberblick \u00fcber die Teamkapazit\u00e4t und den Projektfortschritt<\/li><li>Verkn\u00fcpfen Du erfasste Stunden mit Budgets und Rechnungen, um die Rentabilit\u00e4t zu steigern<\/li><\/ul> <img  src=\"https:\/\/website-assets.productive.io\/uploads\/2025\/05\/LPTT-Productive-My-Time-d.svg\"  alt=\"\" loading=lazy \/> <img  src=\"https:\/\/website-assets.productive.io\/uploads\/2025\/05\/LPTT-Productive-Time-entries-d.svg\"  alt=\"\" loading=lazy \/> <h2   > <strong>ZEIT MIT RENTABILIT\u00c4T VERKN\u00dcPFEN <\/strong><\/h2> <h2   > <strong>Gewinn aus Stunden berechnen<\/strong><\/h2> <ul   > <li>Erfassen Du abrechnungsf\u00e4hige Stunden nach Dienstleistung und \u00fcberwachen Du die Budgetnutzung, um Projekte auf Kurs zu halten<\/li><li>Legen Du benutzerdefinierte Kostens\u00e4tze fest, um zu sehen, wie die Teamstunden die Rentabilit\u00e4t beeinflussen<\/li><li>Rufen Du Berichte ab, die Zeit mit Finanzen verkn\u00fcpfen, und treffen Du datengest\u00fctzte Entscheidungen<\/li><\/ul> <h2   > <strong>ZEITEN DEINER TEAMS OPTIMIEREN<\/strong><\/h2> <h2   > <strong>Zeiterfassung f\u00fcr Agenturen<\/strong>\u2014<strong>Mit pr\u00e4zisen Zeitdaten planen<\/strong><\/h2> <ul   > <li>Verstehen Du, wie Ihr Team Zeit \u00fcber Projekte hinweg verbringt, um Trends und Verbesserungsbereiche zu erkennen<\/li><li>Nutzen Du pr\u00e4zise Daten, um genaue Sch\u00e4tzungen f\u00fcr zuk\u00fcnftige Projekte zu machen <\/li><li>Weisen Du Ressourcen effektiv zu, indem Du die richtigen Personen den richtigen Projekten zuordnen<\/li><\/ul> <img  src=\"https:\/\/website-assets.productive.io\/uploads\/2025\/05\/LPTT-Productive-Resource-planning-d.svg\"  alt=\"\" loading=lazy \/> <img  src=\"https:\/\/website-assets.productive.io\/uploads\/2025\/05\/LPTT-Productive-Time-off-d.svg\"  alt=\"\" loading=lazy \/> <h2   > <strong>URLAUB ODER JEMAND KRANK? <\/strong><\/h2> <h2   > <strong>Kein HR-Tool erforderlich, um Auszeiten zu verwalten<\/strong><\/h2> <ul   > <li>\u00dcberpr\u00fcfen und genehmigen Sie Anfragen einfach von einem Dashboard aus<\/li><li>Vermeiden Sie Planungsprobleme, indem Sie wissen, wer im Urlaub ist<\/li><li>Verschaffen Sie sich einen \u00dcberblick dar\u00fcber, wie gebuchte Freizeiten die Kapazit\u00e4tsplanung und Budgets beeinflussen<\/li><\/ul> <h2   > Entfalte das <strong>volle Potenzial<\/strong> deiner Agentur<\/h2> <p   > <\/p> <h2   > Zeiterfassung, wie sie zu deiner Agentur passt: <strong>Flexible Optionen f\u00fcr jedes Team<\/strong> <\/h2> <h2   > W\u00e4hlen Sie zwischen verschiedenen Zeiterfassungsl\u00f6sungen. <\/h2> <p   > T\u00e4glich<\/p> <p   > Logge t\u00e4glich deine Arbeit im Bereich Zeit, nachdem sie erledigt ist.<\/p> <img  src=\"https:\/\/website-assets.productive.io\/uploads\/2025\/05\/LPTT-Productive-Daily-tracking-d.svg\"  alt=\"\" loading=lazy \/> <p   > W\u00f6chentliche Zeiten<\/p> <p   > Erfasse deine Zeit w\u00f6chentlich.<\/p> <img  src=\"https:\/\/website-assets.productive.io\/uploads\/2025\/05\/LPTT-Productive-Weekly-tracking-d.svg\"  alt=\"\" loading=lazy \/> <p   > Kalender<\/p> <p   > Erstellen Sie Zeiteintr\u00e4ge direkt aus Ihrem Google- oder Outlook-Kalender.<\/p> <img  src=\"https:\/\/website-assets.productive.io\/uploads\/2025\/05\/LPTT-Productive-Calendar-d.svg\"  alt=\"\" loading=lazy \/> <p   > Desktop Timer<\/p> <p   > Mit dem Desktop-Timer wird die Zeiterfassung f\u00fcr Aufgaben erleichtert. <\/p> <img  src=\"https:\/\/website-assets.productive.io\/uploads\/2025\/05\/LPTT-Productive-Timer-d.svg\"  alt=\"\" loading=lazy \/> <p   > Automatische Zeiterfassung<\/p> <p   > Erfassen Sie die Zeit automatisch mit vorab geplanten Eintragungen.<\/p> <img  src=\"https:\/\/website-assets.productive.io\/uploads\/2025\/05\/LPTT-Productive-Automatic-d.svg\"  alt=\"\" loading=lazy \/> <p   > Zeiterfassung bei Aufgaben<\/p> <p   > Sie k\u00f6nnen schnell beginnen, Zeit direkt in den Aufgaben zu erfassen.<\/p> <img  src=\"https:\/\/website-assets.productive.io\/uploads\/2025\/05\/LPTT-Productive-Tasks-d.svg\"  alt=\"\" loading=lazy \/> <img  src=\"#\"  alt=\"\" loading=lazy \/> <h2   > <strong>Apps verbinden <\/strong>und Projekte schneller liefern<\/h2> <p   > Integrieren Sie sich mit Ihren Gesch\u00e4ftstools wie JIRA, Slack oder QuickBooks und liefern Sie Projekte schneller.<\/p> <a   href=\"https:\/\/productive.io\/de\/integrationen\/\" > <p   > Integration anzeigen<\/p> <\/a> <h2   > In <strong>Minuten<\/strong> starten<\/h2> <img  src=\"https:\/\/website-assets.productive.io\/uploads\/2025\/05\/LPTT-Productive-Dashboard-d.svg\"  alt=\"\" loading=lazy \/> <h3   > <strong>M\u00fcheloses Onboarding<\/strong><\/h3> <p   > Eine intuitive Benutzeroberfl\u00e4che f\u00fcr schnelle Einarbeitung<\/p> <img  src=\"https:\/\/website-assets.productive.io\/uploads\/2025\/05\/LPTT-Productive-Data-d.svg\"  alt=\"\" loading=lazy \/> <h3   > <strong>Ihre Daten mitnehmen<\/strong><\/h3> <p   > Einfache Datenmigration von anderen Tools<\/p> <img  src=\"https:\/\/website-assets.productive.io\/uploads\/2025\/05\/LPTT-Productive-Support-Chat-d.svg\"  alt=\"\" loading=lazy \/> <h2   > <strong>Antworten bei jedem Schritt<\/strong><\/h2> <p   > Engagierter Kundensupport f\u00fcr alle Ihre Fragen<\/p> <h2   > Buchen Sie eine <strong>personalisierte Demo<\/strong><\/h2> <p   > In 30 Minuten erfahren Sie:<\/p> <ul   > <li><strong>Nutzen Sie unsere Expertise<\/strong> \u2013 mit \u00fcber 1.500 Agenturkunden kennen wir Ihre Schmerzpunkte<\/li><li>Sehen Sie, wie Productive f\u00fcr <strong>Ihren Anwendungsfall<\/strong> funktionieren kann \u2013 kein monatelanges Rumklicken notwendig<\/li><li>Stellen Sie Fragen \u2013 und <strong>erhalten Sie sofort Antworten<\/strong><\/li><\/ul> <img  src=\"https:\/\/website-assets.productive.io\/uploads\/2024\/11\/Group.svg\"  alt=\"\" loading=lazy \/>","protected":false},"excerpt":{"rendered":"","protected":false},"author":44,"featured_media":0,"parent":0,"menu_order":0,"comment_status":"closed","ping_status":"closed","template":"","meta":{"_acf_changed":false,"es_utils_meta_schema":"","footnotes":""},"job-category":[],"page-category":[],"class_list":["post-56718","page","type-page","status-publish","hentry"],"acf":[],"yoast_head":"<!-- This site is optimized with the Yoast SEO Premium plugin v27.2 (Yoast SEO v27.2) - https:\/\/yoast.com\/product\/yoast-seo-premium-wordpress\/ -->\n<title>Zeiterfassung LP - Productive<\/title>\n<meta name=\"description\" content=\"Erfassen Sie jede abrechenbare Stunde pr\u00e4zise und erhalten Sie einen klaren \u00dcberblick \u00fcber die Teamkapazit\u00e4t und den Projektfortschritt.\" \/>\n<meta name=\"robots\" content=\"noindex, nofollow\" \/>\n<meta property=\"og:locale\" content=\"de_DE\" \/>\n<meta property=\"og:type\" content=\"article\" \/>\n<meta property=\"og:title\" content=\"Zeiterfassung LP\" \/>\n<meta property=\"og:description\" content=\"Erfassen Sie jede abrechenbare Stunde pr\u00e4zise und erhalten Sie einen klaren \u00dcberblick \u00fcber die Teamkapazit\u00e4t und den Projektfortschritt.\" \/>\n<meta property=\"og:url\" content=\"https:\/\/productive.io\/de\/lp-zeiterfassung\/\" \/>\n<meta property=\"og:site_name\" content=\"Productive\" \/>\n<meta property=\"article:publisher\" content=\"https:\/\/www.facebook.com\/productiveio\/\" \/>\n<meta property=\"article:modified_time\" content=\"2025-12-19T10:00:15+00:00\" \/>\n<meta name=\"twitter:card\" content=\"summary_large_image\" \/>\n<meta name=\"twitter:label1\" content=\"Gesch\u00e4tzte Lesezeit\" \/>\n\t<meta name=\"twitter:data1\" content=\"9 minutes\" \/>\n<script type=\"application\/ld+json\" class=\"yoast-schema-graph\">{\"@context\":\"https:\/\/schema.org\",\"@graph\":[{\"@type\":\"WebPage\",\"@id\":\"https:\/\/productive.io\/de\/lp-zeiterfassung\/\",\"url\":\"https:\/\/productive.io\/de\/lp-zeiterfassung\/\",\"name\":\"Zeiterfassung LP - Productive\",\"isPartOf\":{\"@id\":\"https:\/\/productive.io\/de\/#website\"},\"datePublished\":\"2024-11-29T14:52:59+00:00\",\"dateModified\":\"2025-12-19T10:00:15+00:00\",\"description\":\"Erfassen Sie jede abrechenbare Stunde pr\u00e4zise und erhalten Sie einen klaren \u00dcberblick \u00fcber die Teamkapazit\u00e4t und den Projektfortschritt.\",\"breadcrumb\":{\"@id\":\"https:\/\/productive.io\/de\/lp-zeiterfassung\/#breadcrumb\"},\"inLanguage\":\"de-DE\",\"potentialAction\":[{\"@type\":\"ReadAction\",\"target\":[\"https:\/\/productive.io\/de\/lp-zeiterfassung\/\"]}]},{\"@type\":\"BreadcrumbList\",\"@id\":\"https:\/\/productive.io\/de\/lp-zeiterfassung\/#breadcrumb\",\"itemListElement\":[{\"@type\":\"ListItem\",\"position\":1,\"name\":\"Home\",\"item\":\"https:\/\/productive.io\/de\/\"},{\"@type\":\"ListItem\",\"position\":2,\"name\":\"Zeiterfassung LP\"}]},{\"@type\":\"WebSite\",\"@id\":\"https:\/\/productive.io\/de\/#website\",\"url\":\"https:\/\/productive.io\/de\/\",\"name\":\"Productive\",\"description\":\"The Only Tool You Need To Run a Profitable Agency\",\"publisher\":{\"@id\":\"https:\/\/productive.io\/de\/#organization\"},\"potentialAction\":[{\"@type\":\"SearchAction\",\"target\":{\"@type\":\"EntryPoint\",\"urlTemplate\":\"https:\/\/productive.io\/de\/?s={search_term_string}\"},\"query-input\":{\"@type\":\"PropertyValueSpecification\",\"valueRequired\":true,\"valueName\":\"search_term_string\"}}],\"inLanguage\":\"de-DE\"},{\"@type\":\"Organization\",\"@id\":\"https:\/\/productive.io\/de\/#organization\",\"name\":\"Productive\",\"url\":\"https:\/\/productive.io\/de\/\",\"logo\":{\"@type\":\"ImageObject\",\"inLanguage\":\"de-DE\",\"@id\":\"https:\/\/productive.io\/de\/#\/schema\/logo\/image\/\",\"url\":\"https:\/\/website-assets.productive.io\/uploads\/2025\/09\/Productive-logo-for-Yoast-do-not-delete.webp\",\"contentUrl\":\"https:\/\/website-assets.productive.io\/uploads\/2025\/09\/Productive-logo-for-Yoast-do-not-delete.webp\",\"width\":696,\"height\":696,\"caption\":\"Productive\"},\"image\":{\"@id\":\"https:\/\/productive.io\/de\/#\/schema\/logo\/image\/\"},\"sameAs\":[\"https:\/\/www.facebook.com\/productiveio\/\",\"https:\/\/www.linkedin.com\/company\/productive-io\/\",\"https:\/\/www.youtube.com\/@productive_io\",\"https:\/\/www.instagram.com\/productive.io\/\",\"https:\/\/www.g2.com\/products\/productive\/reviews\",\"https:\/\/www.capterra.com\/p\/169710\/Productive\/\",\"https:\/\/www.crunchbase.com\/organization\/productive-io\",\"https:\/\/www.trustpilot.com\/review\/www.productive.io\",\"https:\/\/github.com\/productiveio\"],\"description\":\"Productive - Agency Management & PSA - Run resources, projects, budgets, and profitability in one platform built for agencies and professional services.\",\"email\":\"contact@productive.io\",\"legalName\":\"The Productive Company Inc.\",\"foundingDate\":\"2014-01-01\",\"numberOfEmployees\":{\"@type\":\"QuantitativeValue\",\"minValue\":\"51\",\"maxValue\":\"200\"}}]}<\/script>\n<!-- \/ Yoast SEO Premium plugin. -->","yoast_head_json":{"title":"Zeiterfassung LP - Productive","description":"Erfassen Sie jede abrechenbare Stunde pr\u00e4zise und erhalten Sie einen klaren \u00dcberblick \u00fcber die Teamkapazit\u00e4t und den Projektfortschritt.","robots":{"index":"noindex","follow":"nofollow"},"og_locale":"de_DE","og_type":"article","og_title":"Zeiterfassung LP","og_description":"Erfassen Sie jede abrechenbare Stunde pr\u00e4zise und erhalten Sie einen klaren \u00dcberblick \u00fcber die Teamkapazit\u00e4t und den Projektfortschritt.","og_url":"https:\/\/productive.io\/de\/lp-zeiterfassung\/","og_site_name":"Productive","article_publisher":"https:\/\/www.facebook.com\/productiveio\/","article_modified_time":"2025-12-19T10:00:15+00:00","twitter_card":"summary_large_image","twitter_misc":{"Gesch\u00e4tzte Lesezeit":"9 minutes"},"schema":{"@context":"https:\/\/schema.org","@graph":[{"@type":"WebPage","@id":"https:\/\/productive.io\/de\/lp-zeiterfassung\/","url":"https:\/\/productive.io\/de\/lp-zeiterfassung\/","name":"Zeiterfassung LP - Productive","isPartOf":{"@id":"https:\/\/productive.io\/de\/#website"},"datePublished":"2024-11-29T14:52:59+00:00","dateModified":"2025-12-19T10:00:15+00:00","description":"Erfassen Sie jede abrechenbare Stunde pr\u00e4zise und erhalten Sie einen klaren \u00dcberblick \u00fcber die Teamkapazit\u00e4t und den Projektfortschritt.","breadcrumb":{"@id":"https:\/\/productive.io\/de\/lp-zeiterfassung\/#breadcrumb"},"inLanguage":"de-DE","potentialAction":[{"@type":"ReadAction","target":["https:\/\/productive.io\/de\/lp-zeiterfassung\/"]}]},{"@type":"BreadcrumbList","@id":"https:\/\/productive.io\/de\/lp-zeiterfassung\/#breadcrumb","itemListElement":[{"@type":"ListItem","position":1,"name":"Home","item":"https:\/\/productive.io\/de\/"},{"@type":"ListItem","position":2,"name":"Zeiterfassung LP"}]},{"@type":"WebSite","@id":"https:\/\/productive.io\/de\/#website","url":"https:\/\/productive.io\/de\/","name":"Productive","description":"The Only Tool You Need To Run a Profitable Agency","publisher":{"@id":"https:\/\/productive.io\/de\/#organization"},"potentialAction":[{"@type":"SearchAction","target":{"@type":"EntryPoint","urlTemplate":"https:\/\/productive.io\/de\/?s={search_term_string}"},"query-input":{"@type":"PropertyValueSpecification","valueRequired":true,"valueName":"search_term_string"}}],"inLanguage":"de-DE"},{"@type":"Organization","@id":"https:\/\/productive.io\/de\/#organization","name":"Productive","url":"https:\/\/productive.io\/de\/","logo":{"@type":"ImageObject","inLanguage":"de-DE","@id":"https:\/\/productive.io\/de\/#\/schema\/logo\/image\/","url":"https:\/\/website-assets.productive.io\/uploads\/2025\/09\/Productive-logo-for-Yoast-do-not-delete.webp","contentUrl":"https:\/\/website-assets.productive.io\/uploads\/2025\/09\/Productive-logo-for-Yoast-do-not-delete.webp","width":696,"height":696,"caption":"Productive"},"image":{"@id":"https:\/\/productive.io\/de\/#\/schema\/logo\/image\/"},"sameAs":["https:\/\/www.facebook.com\/productiveio\/","https:\/\/www.linkedin.com\/company\/productive-io\/","https:\/\/www.youtube.com\/@productive_io","https:\/\/www.instagram.com\/productive.io\/","https:\/\/www.g2.com\/products\/productive\/reviews","https:\/\/www.capterra.com\/p\/169710\/Productive\/","https:\/\/www.crunchbase.com\/organization\/productive-io","https:\/\/www.trustpilot.com\/review\/www.productive.io","https:\/\/github.com\/productiveio"],"description":"Productive - Agency Management & PSA - Run resources, projects, budgets, and profitability in one platform built for agencies and professional services.","email":"contact@productive.io","legalName":"The Productive Company Inc.","foundingDate":"2014-01-01","numberOfEmployees":{"@type":"QuantitativeValue","minValue":"51","maxValue":"200"}}]}},"_links":{"self":[{"href":"https:\/\/productive.io\/de\/wp-json\/wp\/v2\/pages\/56718","targetHints":{"allow":["GET"]}}],"collection":[{"href":"https:\/\/productive.io\/de\/wp-json\/wp\/v2\/pages"}],"about":[{"href":"https:\/\/productive.io\/de\/wp-json\/wp\/v2\/types\/page"}],"author":[{"embeddable":true,"href":"https:\/\/productive.io\/de\/wp-json\/wp\/v2\/users\/44"}],"replies":[{"embeddable":true,"href":"https:\/\/productive.io\/de\/wp-json\/wp\/v2\/comments?post=56718"}],"version-history":[{"count":9,"href":"https:\/\/productive.io\/de\/wp-json\/wp\/v2\/pages\/56718\/revisions"}],"predecessor-version":[{"id":69407,"href":"https:\/\/productive.io\/de\/wp-json\/wp\/v2\/pages\/56718\/revisions\/69407"}],"wp:attachment":[{"href":"https:\/\/productive.io\/de\/wp-json\/wp\/v2\/media?parent=56718"}],"wp:term":[{"taxonomy":"job-category","embeddable":true,"href":"https:\/\/productive.io\/de\/wp-json\/wp\/v2\/job-category?post=56718"},{"taxonomy":"page-category","embeddable":true,"href":"https:\/\/productive.io\/de\/wp-json\/wp\/v2\/page-category?post=56718"}],"curies":[{"name":"wp","href":"https:\/\/api.w.org\/{rel}","templated":true}]}}