{"id":56715,"date":"2025-02-13T11:16:27","date_gmt":"2025-02-13T11:16:27","guid":{"rendered":"https:\/\/productive.io\/?page_id=56715"},"modified":"2025-12-19T10:01:06","modified_gmt":"2025-12-19T10:01:06","slug":"agentur","status":"publish","type":"page","link":"https:\/\/productive.io\/de\/branchen\/agentur\/","title":{"rendered":"Industrie-Seiten &#8211; Agentur"},"content":{"rendered":"<h1   > AGENTURMANAGEMENT-SOFTWARE<\/h1> <h2   > Fassen Sie <strong>Agenturabl\u00e4ufe<\/strong> fest im Griff<\/h2> <p   > Verwalten Sie Projekte, Budgets und Ressourcen an einem Ort<\/p> <p   > Erhalten Sie Echtzeit-Einblicke in die Kapazit\u00e4tsplanung und Finanzprognosen<\/p> <p   > Reduzieren Sie manuelle Arbeit und konzentrieren Sie sich auf profitables Wachstum<\/p> <p   > Kostenlos testen<\/p> <a   data-cta-conversion-type=book_a_demo data-cta-block-type=dual_button_form href=\"http:\/\/productive.io\/de\/demo-buchen%20\" > <p   > Demo buchen<\/p> <\/a> <a   data-cta-conversion-type=book_a_demo data-cta-block-type=dual_button_form href=\"http:\/\/productive.io\/de\/demo-buchen\" > <p   > Demo buchen<\/p> <\/a> <img  src=\"https:\/\/website-assets.productive.io\/uploads\/2025\/05\/AMS-Productive-Gantt-d.svg\"  alt=\"\" loading=lazy \/> <h2   > <strong>Agenturen vertrauen Productive<\/strong>, um ihre Abl\u00e4ufe zu betreiben<\/h2> <img  src=\"https:\/\/website-assets.productive.io\/uploads\/2025\/12\/D-Client-weitblick-black.svg\"  alt=\"\" loading=lazy \/> <img  src=\"https:\/\/website-assets.productive.io\/uploads\/2025\/12\/D-Client-MD-black.svg\"  alt=\"\" loading=lazy \/> <img  src=\"https:\/\/website-assets.productive.io\/uploads\/2025\/12\/D-Client-atipik-black.svg\"  alt=\"\" loading=lazy \/> <img  src=\"https:\/\/website-assets.productive.io\/uploads\/2025\/12\/D-Client-unlimited-studio-black.svg\"  alt=\"\" loading=lazy \/> <img  src=\"https:\/\/website-assets.productive.io\/uploads\/2025\/12\/D-Client-luceed-black.svg\"  alt=\"\" loading=lazy \/> <img  src=\"https:\/\/website-assets.productive.io\/uploads\/2025\/12\/D-Client-nexxar-black.svg\"  alt=\"\" loading=lazy \/> <img  src=\"https:\/\/website-assets.productive.io\/uploads\/2025\/01\/Client-b-Wild.svg\"  alt=\"\" loading=lazy \/> <img  src=\"https:\/\/website-assets.productive.io\/uploads\/2025\/12\/D-Client-lemonize-black.svg\"  alt=\"\" loading=lazy \/> <img  src=\"https:\/\/website-assets.productive.io\/uploads\/2025\/12\/D-Client-done-financials-black.svg\"  alt=\"\" loading=lazy \/> <img  src=\"https:\/\/website-assets.productive.io\/uploads\/2025\/12\/D-Client-advertise-right-black.svg\"  alt=\"\" loading=lazy \/> <img  src=\"https:\/\/website-assets.productive.io\/uploads\/2025\/12\/D-Client-weitblick-black.svg\"  alt=\"\" loading=lazy \/> <img  src=\"https:\/\/website-assets.productive.io\/uploads\/2025\/12\/D-Client-MD-black.svg\"  alt=\"\" loading=lazy \/> <img  src=\"https:\/\/website-assets.productive.io\/uploads\/2025\/12\/D-Client-atipik-black.svg\"  alt=\"\" loading=lazy \/> <img  src=\"https:\/\/website-assets.productive.io\/uploads\/2025\/12\/D-Client-unlimited-studio-black.svg\"  alt=\"\" loading=lazy \/> <img  src=\"https:\/\/website-assets.productive.io\/uploads\/2025\/12\/D-Client-luceed-black.svg\"  alt=\"\" loading=lazy \/> <img  src=\"https:\/\/website-assets.productive.io\/uploads\/2025\/12\/D-Client-nexxar-black.svg\"  alt=\"\" loading=lazy \/> <img  src=\"https:\/\/website-assets.productive.io\/uploads\/2025\/01\/Client-b-Wild.svg\"  alt=\"\" loading=lazy \/> <img  src=\"https:\/\/website-assets.productive.io\/uploads\/2025\/12\/D-Client-lemonize-black.svg\"  alt=\"\" loading=lazy \/> <img  src=\"https:\/\/website-assets.productive.io\/uploads\/2025\/12\/D-Client-done-financials-black.svg\"  alt=\"\" loading=lazy \/> <img  src=\"https:\/\/website-assets.productive.io\/uploads\/2025\/12\/D-Client-advertise-right-black.svg\"  alt=\"\" loading=lazy \/> <h2   > Warum <strong>Agenturabl\u00e4ufe<\/strong> zusammenbrechen<\/h2> <img  src=\"https:\/\/website-assets.productive.io\/uploads\/2025\/02\/productive-keep-track-all-in-one-2.svg\"  alt=\"\" loading=lazy \/> <h2   > <strong>Getrennte Tools<\/strong><\/h2> <p   > Haben Sie Schwierigkeiten, Aufgaben und Daten, die \u00fcber mehrere Plattformen verteilt sind, im Auge zu behalten?<\/p> <img  src=\"https:\/\/website-assets.productive.io\/uploads\/2025\/05\/AMS-Productive-Worked-Time-d.svg\"  alt=\"\" loading=lazy \/> <h2   > <strong>Ineffiziente Ressourcennutzung<\/strong><\/h2> <p   > Unklar, ob dein Team \u00fcberlastet oder unterausgelastet ist?<\/p> <img  src=\"https:\/\/website-assets.productive.io\/uploads\/2025\/05\/AMS-Productive-Budget-d-1.svg\"  alt=\"\" loading=lazy \/> <h2   > <strong>Budget\u00fcberschreitungen<\/strong><\/h2> <p   > Unsicher, ob abrechenbare Stunden genau erfasst werden oder ob die Ausgaben im Rahmen bleiben?<\/p> <h2   > Halte die Projekte deiner Agentur <strong>mit Productive profitabel<\/strong><\/h2> <h2   > <strong>ZEITERFASSUNG<\/strong><\/h2> <h2   > <strong><strong>Zeit ist Geld, wir zeigen dir, wohin sie flie\u00dft<\/strong><\/strong><\/h2> <ul   > <li>Lassen Sie Ihr Team Stunden in Sekunden mithilfe von Timern, Stundenzetteln oder automatischen Zeittracking-Vorschl\u00e4gen erfassen<\/li><li>Erfasste Zeit wird mit Budgets verkn\u00fcpft, sodass Sie sofort die Auswirkungen auf die Rentabilit\u00e4t sehen k\u00f6nnen<\/li><\/ul> <img  src=\"https:\/\/website-assets.productive.io\/uploads\/2025\/05\/AMS-Productive-My-Time-d-2.svg\"  alt=\"\" loading=lazy \/> <img  src=\"https:\/\/website-assets.productive.io\/uploads\/2025\/05\/AMS-Productive-Redesign-Project-d.svg\"  alt=\"\" loading=lazy \/> <h2   > <strong>PROJEKTE P\u00dcNKTLICH LIEFERN<\/strong><\/h2> <h2   > <strong><strong>Projekte im Blick behalten<\/strong><\/strong><\/h2> <ul   > <li>Echtzeitfortschrittsverfolgung f\u00fcr effizientes Terminmanagement<\/li><li>Halten Sie sowohl interne Teams als auch Kunden mit Echtzeit-Updates und zentralisierter Kommunikation synchron<\/li><li>Sparen Sie wertvolle Zeit mit Hilfe von Automatisierung und KI<\/li><\/ul> <h2   > <strong><strong>LEISTUNGSSTARKES KAPAZIT\u00c4TSMANAGEMENT<\/strong><\/strong><\/h2> <h2   > <strong>Wer ist besch\u00e4ftigt und wer braucht mehr Arbeit?<\/strong><\/h2> <ul   > <li>\u00dcberpr\u00fcfen Sie leicht die t\u00e4gliche und w\u00f6chentliche Auslastung jedes Teammitglieds<\/li><li>Sehen Sie schnell, wer an welchem Projekt arbeitet und wer mehr Arbeit \u00fcbernehmen kann<\/li><li>F\u00fcgen Sie Zeitsch\u00e4tzungen hinzu und erstellen Sie realistische Zeitpl\u00e4ne<\/li><\/ul> <img  src=\"https:\/\/website-assets.productive.io\/uploads\/2025\/05\/AMS-Productive-Design-Team-d.svg\"  alt=\"\" loading=lazy \/> <img  src=\"https:\/\/website-assets.productive.io\/uploads\/2025\/05\/AMS-Productive-Profitability-d-3.svg\"  alt=\"\" loading=lazy \/> <h2   > <strong>ERHALTEN SIE GENAUERE PROGNOSEN<\/strong><\/h2> <h2   > <strong>Erhalten Sie die Daten, die Sie ben\u00f6tigen, um profitabel zu sein<\/strong><\/h2> <ul   > <li>Sehen Sie leicht, wie viel vom Projektbudget ausgegeben wurde und wie die zuk\u00fcnftigen Gewinnmargen aussehen<\/li><li>Prognostizieren Sie den Gewinn f\u00fcr einzelne Kunden, Projekte oder Ihr gesamtes Agenturgesch\u00e4ft<\/li><li>Verhindern Sie Budget\u00fcberschreitungen mit automatisierten Warnungen<\/li><\/ul> <h2   > <strong>Speziell entwickelte Berichte<\/strong> f\u00fcr Agenturen<\/h2> <h2   > <\/h2> <p   > Abrechenbare Nutzung<\/p> <p   > \u00dcberpr\u00fcfen Sie vergangene abrechenbare Nutzung nach Monat, Person, Team oder Projekt.<\/p> <img  src=\"https:\/\/website-assets.productive.io\/uploads\/2025\/05\/AMS-Productive-Utilization-d.svg\"  alt=\"\" loading=lazy \/> <p   > Rentabilit\u00e4t nach Kunde<\/p> <p   > Erhalten Sie einen vollst\u00e4ndigen \u00dcberblick \u00fcber Ihre Rentabilit\u00e4t nach Kunde, in Echtzeit.<\/p> <img  src=\"https:\/\/website-assets.productive.io\/uploads\/2025\/05\/AMS-Productive-Profitability-d-2.svg\"  alt=\"\" loading=lazy \/> <p   > Budgetnutzung<\/p> <p   > Werden Sie besser im Budgetieren mit Echtzeit-Budgetnutzungsberichten.<\/p> <img  src=\"https:\/\/website-assets.productive.io\/uploads\/2025\/05\/AMS-Productive-Budget-d.svg\"  alt=\"\" loading=lazy \/> <p   > Zeiteintr\u00e4ge<\/p> <p   > \u00dcberpr\u00fcfen Sie geleistete Zeit vs. abrechenbare Zeit und vergleichen Sie sie mit den Kosten.<\/p> <img  src=\"https:\/\/website-assets.productive.io\/uploads\/2025\/05\/AMS-Productive-Time-Entires-d.svg\"  alt=\"\" loading=lazy \/> <p   > Prognostizierte Einnahmen<\/p> <p   > Vergr\u00f6\u00dfern Sie die projizierten Umsatzerl\u00f6se und prognostizierten Ums\u00e4tze nach Kunden.<\/p> <img  src=\"https:\/\/website-assets.productive.io\/uploads\/2025\/05\/AMS-Productive-Revenue-d.svg\"  alt=\"\" loading=lazy \/> <p   > Prognostizierte Auslastung<\/p> <p   > Schauen Sie sich die prognostizierte Auslastung und Rentabilit\u00e4t nach Monat an.<\/p> <img  src=\"https:\/\/website-assets.productive.io\/uploads\/2025\/05\/AMS-Productive-Forecasted-Utilization-d.svg\"  alt=\"\" loading=lazy \/> <img  src=\"#\"  alt=\"\" loading=lazy \/> <img  src=\"https:\/\/website-assets.productive.io\/uploads\/2024\/11\/Kate_Higham_-_Born_Social-3.png\"  alt=\"\" loading=lazy \/> <p   > <strong>Kate higham<\/strong><br><strong>Gesch\u00e4ftsf\u00fchrerin<\/strong><br>BORN SOCIAL<\/p> <p   > Wenn ich beschreiben m\u00fcsste, was genau Productive f\u00fcr uns tut, dann ist es die Entscheidungsfindung. Wir treffen wesentliche kommerzielle Entscheidungen dar\u00fcber, wie wir unser Gesch\u00e4ft f\u00fchren, unsere Konten verwalten und wie wir einstellen und Ressourcen managen. Es ist wirklich das Werkzeug, das uns bei Entscheidungen hilft.<\/p> <img  src=\"https:\/\/website-assets.productive.io\/uploads\/2021\/12\/nika-serdonerS.png\"  alt=\"\" loading=lazy \/> <p   > NIKA SERDONER<br>PROJEKTMANAGER<br>ENKI<\/p> <p   > Aus Manager-Sicht ist der Hauptvorteil des Tools, Ihre Rentabilit\u00e4t in Echtzeit zu sehen. Es ist da. Wir m\u00fcssen es nicht berechnen oder um Finanzberichte von unserem Buchhalter bitten.<\/p> <p   > <\/p> <p   > <\/p><a   href=\"#\" > <p   > <\/p> <\/a> <img  src=\"https:\/\/website-assets.productive.io\/uploads\/2025\/02\/Mobile-Kate-Higham-Born-Social.png\"  alt=\"\" loading=lazy \/> <p   > <strong>KAte higham<\/strong><br>Gesch\u00e4ftsf\u00fchrerin<br>BORN SOCIAL<\/p> <p   > Wenn ich beschreiben m\u00fcsste, was genau Productive f\u00fcr uns tut, dann ist es die Entscheidungsfindung. Wir treffen wesentliche kommerzielle Entscheidungen dar\u00fcber, wie wir unser Gesch\u00e4ft f\u00fchren, unsere Konten verwalten und wie wir einstellen und Ressourcen managen. Es ist wirklich das Werkzeug, das uns bei Entscheidungen hilft.<\/p> <img  src=\"https:\/\/website-assets.productive.io\/uploads\/2021\/08\/Nika_Serdoner-Project-Manager-at-ENKI-1.png\"  alt=\"\" loading=lazy \/> <p   > NIKA SERDONER<br>PROJEKTMANAGER<br>ENKI<\/p> <p   > Aus Manager-Sicht ist der Hauptvorteil des Tools, Ihre Rentabilit\u00e4t in Echtzeit zu sehen. Es ist da. Wir m\u00fcssen es nicht berechnen oder um Finanzberichte von unserem Buchhalter bitten.<\/p> <p   > <\/p> <h2   > Erreiche das <strong>wahre Potenzial<\/strong> deiner Agentur<\/h2> <h2   > Integrieren Sie Tools und <strong>reduzieren Sie manuelle Arbeit<\/strong><\/h2> <p   > Integrieren Sie das Tool in Ihre anderen Gesch\u00e4ftsanwendungen wie Xero, JIRA, Slack oder QuickBooks und realisieren Sie Projekte schneller.<\/p> <a   href=\"http:\/\/productive.io\/de\/integrationen\/\" > <p   > Integration anzeigen<\/p> <\/a> <img  src=\"https:\/\/website-assets-staging.productive.io\/uploads\/2025\/01\/xero.svg\" alt=\"Scrolling image item 1-1\" \/> Xero <img  src=\"https:\/\/website-assets-staging.productive.io\/uploads\/2025\/01\/Slack.svg\" alt=\"Scrolling image item 1-2\" \/> Slack <img  src=\"https:\/\/website-assets.productive.io\/uploads\/2025\/02\/Quickbooks.svg\" alt=\"Scrolling image item 1-3\" \/> QuickBooks <img  src=\"https:\/\/website-assets-staging.productive.io\/uploads\/2025\/01\/Hubspot.svg\" alt=\"Scrolling image item 1-4\" \/> HubSpot <img  src=\"https:\/\/website-assets-staging.productive.io\/uploads\/2025\/01\/Google-calendar.svg\" alt=\"Scrolling image item 1-5\" \/> Google Cal <img  src=\"https:\/\/website-assets-staging.productive.io\/uploads\/2025\/01\/Zapier-logo-icon.svg\" alt=\"Scrolling image item 1-6\" \/> Zapier <img  src=\"https:\/\/website-assets-staging.productive.io\/uploads\/2025\/01\/Exact.svg\" alt=\"Scrolling image item 2-1\" \/> Exact <img  src=\"https:\/\/website-assets-staging.productive.io\/uploads\/2025\/01\/Visma.svg\" alt=\"Scrolling image item 2-2\" \/> Visma <img  src=\"https:\/\/website-assets-staging.productive.io\/uploads\/2025\/01\/Fortnox.svg\" alt=\"Scrolling image item 2-3\" \/> Fortnox <img  src=\"https:\/\/website-assets-staging.productive.io\/uploads\/2025\/01\/TwinfieldAccounting.svg\" alt=\"Scrolling image item 2-4\" \/> Twinfield <img  src=\"https:\/\/website-assets-staging.productive.io\/uploads\/2025\/01\/CPP.svg\" alt=\"Scrolling image item 2-5\" \/> CPP <img  src=\"https:\/\/website-assets-staging.productive.io\/uploads\/2025\/01\/Sage.svg\" alt=\"Scrolling image item 2-6\" \/> Sage <img  src=\"https:\/\/website-assets-staging.productive.io\/uploads\/2025\/01\/Breathe-HR.svg\" alt=\"Scrolling image item 3-1\" \/> BreatheHR <img  src=\"https:\/\/website-assets-staging.productive.io\/uploads\/2025\/01\/BambooHR.svg\" alt=\"Scrolling image item 3-2\" \/> BambooHR <img  src=\"https:\/\/website-assets-staging.productive.io\/uploads\/2025\/01\/CharlieHR.svg\" alt=\"Scrolling image item 3-3\" \/> CharlieHR <img  src=\"https:\/\/website-assets-staging.productive.io\/uploads\/2025\/01\/Personio.svg\" alt=\"Scrolling image item 3-4\" \/> Personio <img  src=\"https:\/\/website-assets-staging.productive.io\/uploads\/2025\/01\/Rippling.svg\" alt=\"Scrolling image item 3-5\" \/> Rippling <img  src=\"https:\/\/website-assets-staging.productive.io\/uploads\/2025\/01\/Hibob.svg\" alt=\"Scrolling image item 3-6\" \/> HiBob <h2   > H\u00e4ufig gestellte Fragen<\/h2> <p   > Haben Sie nicht gefunden, wonach Sie suchen?<\/p> <p   > Kontaktieren Sie uns <\/p> <p   > <strong>Gibt es eine Grenze f\u00fcr die Anzahl der Projekte\/Aufgaben\/Kunden, die wir hinzuf\u00fcgen k\u00f6nnen?<\/strong><\/p> <p   > Nein, es gibt keine Limits in Productive, Sie zahlen nur f\u00fcr Ihre Mitarbeiter und Dienstleister, die es nutzen.<\/p> <p   > Gibt es eine Mindestanzahl an Nutzern, die ich in Productive hinzuf\u00fcgen kann?<\/p> <p   > Nein, es gibt keine Limits bez\u00fcglich der Mindestanzahl an Nutzern in Productive.<\/p> <p   > <strong>Kann ich Tools, die ich bereits nutze, in Productive integrieren?<\/strong><\/p> <p   > Absolut. Productive bietet eine breite Palette an Integrationen mit beliebten Tools wie Slack, QuickBooks, Google Calendar, Hubspot und vielen mehr. Sie k\u00f6nnen auch Tools \u00fcber Zapier oder unsere Open API mit Productive integrieren.<\/p> <p   > <strong>Ich m\u00f6chte meine Kunden zu Productive einladen, muss ich f\u00fcr sie bezahlen?<\/strong><\/p> <p   > Sie k\u00f6nnen Kunden vollst\u00e4ndig kostenlos zu Productive hinzuf\u00fcgen.<\/p> <h2   > <strong>Optimieren Sie Agenturabl\u00e4ufe<\/strong> mit Productive<\/h2> <p   > Kostenlos testen<\/p> <a   data-cta-conversion-type=book_a_demo href=\"http:\/\/productive.io\/de\/demo-buchen\" > <p   > Demo buchen<\/p> <\/a>","protected":false},"excerpt":{"rendered":"","protected":false},"author":55,"featured_media":0,"parent":59556,"menu_order":0,"comment_status":"closed","ping_status":"closed","template":"","meta":{"_acf_changed":false,"es_utils_meta_schema":"","footnotes":""},"job-category":[],"page-category":[1091],"class_list":["post-56715","page","type-page","status-publish","hentry"],"acf":[],"yoast_head":"<!-- This site is optimized with the Yoast SEO Premium plugin v27.2 (Yoast SEO v27.2) - https:\/\/yoast.com\/product\/yoast-seo-premium-wordpress\/ -->\n<title>Agenturmanagement-Software | Productive<\/title>\n<meta name=\"description\" content=\"Optimieren Sie Projektabl\u00e4ufe, Budgets und Kundenkommunikation mit der Agenturmanagement-Software von Productive. Erm\u00e4chtigen Sie Ihre Teams und steigern Sie den ROI.\" \/>\n<meta name=\"robots\" content=\"index, follow, max-snippet:-1, max-image-preview:large, max-video-preview:-1\" \/>\n<link rel=\"canonical\" href=\"https:\/\/productive.io\/de\/branchen\/agentur\/\" \/>\n<meta property=\"og:locale\" content=\"de_DE\" \/>\n<meta property=\"og:type\" content=\"article\" \/>\n<meta property=\"og:title\" content=\"Industrie-Seiten - Agentur\" \/>\n<meta property=\"og:description\" content=\"Optimieren Sie Projektabl\u00e4ufe, Budgets und Kundenkommunikation mit der Agenturmanagement-Software von Productive. Erm\u00e4chtigen Sie Ihre Teams und steigern Sie den ROI.\" \/>\n<meta property=\"og:url\" content=\"https:\/\/productive.io\/de\/branchen\/agentur\/\" \/>\n<meta property=\"og:site_name\" content=\"Productive\" \/>\n<meta property=\"article:publisher\" content=\"https:\/\/www.facebook.com\/productiveio\/\" \/>\n<meta property=\"article:modified_time\" content=\"2025-12-19T10:01:06+00:00\" \/>\n<meta name=\"twitter:card\" content=\"summary_large_image\" \/>\n<meta name=\"twitter:label1\" content=\"Gesch\u00e4tzte Lesezeit\" \/>\n\t<meta name=\"twitter:data1\" content=\"14 minutes\" \/>\n<script type=\"application\/ld+json\" class=\"yoast-schema-graph\">{\"@context\":\"https:\/\/schema.org\",\"@graph\":[{\"@type\":\"WebPage\",\"@id\":\"https:\/\/productive.io\/de\/branchen\/agentur\/\",\"url\":\"https:\/\/productive.io\/de\/branchen\/agentur\/\",\"name\":\"Agenturmanagement-Software | Productive\",\"isPartOf\":{\"@id\":\"https:\/\/productive.io\/de\/#website\"},\"datePublished\":\"2025-02-13T11:16:27+00:00\",\"dateModified\":\"2025-12-19T10:01:06+00:00\",\"description\":\"Optimieren Sie Projektabl\u00e4ufe, Budgets und Kundenkommunikation mit der Agenturmanagement-Software von Productive. Erm\u00e4chtigen Sie Ihre Teams und steigern Sie den ROI.\",\"breadcrumb\":{\"@id\":\"https:\/\/productive.io\/de\/branchen\/agentur\/#breadcrumb\"},\"inLanguage\":\"de-DE\",\"potentialAction\":[{\"@type\":\"ReadAction\",\"target\":[\"https:\/\/productive.io\/de\/branchen\/agentur\/\"]}]},{\"@type\":\"BreadcrumbList\",\"@id\":\"https:\/\/productive.io\/de\/branchen\/agentur\/#breadcrumb\",\"itemListElement\":[{\"@type\":\"ListItem\",\"position\":1,\"name\":\"Home\",\"item\":\"https:\/\/productive.io\/de\/\"},{\"@type\":\"ListItem\",\"position\":2,\"name\":\"Branchen\",\"item\":\"https:\/\/productive.io\/de\/branchen\/\"},{\"@type\":\"ListItem\",\"position\":3,\"name\":\"Industrie-Seiten &#8211; Agentur\"}]},{\"@type\":\"WebSite\",\"@id\":\"https:\/\/productive.io\/de\/#website\",\"url\":\"https:\/\/productive.io\/de\/\",\"name\":\"Productive\",\"description\":\"The Only Tool You Need To Run a Profitable Agency\",\"publisher\":{\"@id\":\"https:\/\/productive.io\/de\/#organization\"},\"potentialAction\":[{\"@type\":\"SearchAction\",\"target\":{\"@type\":\"EntryPoint\",\"urlTemplate\":\"https:\/\/productive.io\/de\/?s={search_term_string}\"},\"query-input\":{\"@type\":\"PropertyValueSpecification\",\"valueRequired\":true,\"valueName\":\"search_term_string\"}}],\"inLanguage\":\"de-DE\"},{\"@type\":\"Organization\",\"@id\":\"https:\/\/productive.io\/de\/#organization\",\"name\":\"Productive\",\"url\":\"https:\/\/productive.io\/de\/\",\"logo\":{\"@type\":\"ImageObject\",\"inLanguage\":\"de-DE\",\"@id\":\"https:\/\/productive.io\/de\/#\/schema\/logo\/image\/\",\"url\":\"https:\/\/website-assets.productive.io\/uploads\/2025\/09\/Productive-logo-for-Yoast-do-not-delete.webp\",\"contentUrl\":\"https:\/\/website-assets.productive.io\/uploads\/2025\/09\/Productive-logo-for-Yoast-do-not-delete.webp\",\"width\":696,\"height\":696,\"caption\":\"Productive\"},\"image\":{\"@id\":\"https:\/\/productive.io\/de\/#\/schema\/logo\/image\/\"},\"sameAs\":[\"https:\/\/www.facebook.com\/productiveio\/\",\"https:\/\/www.linkedin.com\/company\/productive-io\/\",\"https:\/\/www.youtube.com\/@productive_io\",\"https:\/\/www.instagram.com\/productive.io\/\",\"https:\/\/www.g2.com\/products\/productive\/reviews\",\"https:\/\/www.capterra.com\/p\/169710\/Productive\/\",\"https:\/\/www.crunchbase.com\/organization\/productive-io\",\"https:\/\/www.trustpilot.com\/review\/www.productive.io\",\"https:\/\/github.com\/productiveio\"],\"description\":\"Productive - Agency Management & PSA - Run resources, projects, budgets, and profitability in one platform built for agencies and professional services.\",\"email\":\"contact@productive.io\",\"legalName\":\"The Productive Company Inc.\",\"foundingDate\":\"2014-01-01\",\"numberOfEmployees\":{\"@type\":\"QuantitativeValue\",\"minValue\":\"51\",\"maxValue\":\"200\"}}]}<\/script>\n<!-- \/ Yoast SEO Premium plugin. -->","yoast_head_json":{"title":"Agenturmanagement-Software | Productive","description":"Optimieren Sie Projektabl\u00e4ufe, Budgets und Kundenkommunikation mit der Agenturmanagement-Software von Productive. Erm\u00e4chtigen Sie Ihre Teams und steigern Sie den ROI.","robots":{"index":"index","follow":"follow","max-snippet":"max-snippet:-1","max-image-preview":"max-image-preview:large","max-video-preview":"max-video-preview:-1"},"canonical":"https:\/\/productive.io\/de\/branchen\/agentur\/","og_locale":"de_DE","og_type":"article","og_title":"Industrie-Seiten - Agentur","og_description":"Optimieren Sie Projektabl\u00e4ufe, Budgets und Kundenkommunikation mit der Agenturmanagement-Software von Productive. Erm\u00e4chtigen Sie Ihre Teams und steigern Sie den ROI.","og_url":"https:\/\/productive.io\/de\/branchen\/agentur\/","og_site_name":"Productive","article_publisher":"https:\/\/www.facebook.com\/productiveio\/","article_modified_time":"2025-12-19T10:01:06+00:00","twitter_card":"summary_large_image","twitter_misc":{"Gesch\u00e4tzte Lesezeit":"14 minutes"},"schema":{"@context":"https:\/\/schema.org","@graph":[{"@type":"WebPage","@id":"https:\/\/productive.io\/de\/branchen\/agentur\/","url":"https:\/\/productive.io\/de\/branchen\/agentur\/","name":"Agenturmanagement-Software | Productive","isPartOf":{"@id":"https:\/\/productive.io\/de\/#website"},"datePublished":"2025-02-13T11:16:27+00:00","dateModified":"2025-12-19T10:01:06+00:00","description":"Optimieren Sie Projektabl\u00e4ufe, Budgets und Kundenkommunikation mit der Agenturmanagement-Software von Productive. Erm\u00e4chtigen Sie Ihre Teams und steigern Sie den ROI.","breadcrumb":{"@id":"https:\/\/productive.io\/de\/branchen\/agentur\/#breadcrumb"},"inLanguage":"de-DE","potentialAction":[{"@type":"ReadAction","target":["https:\/\/productive.io\/de\/branchen\/agentur\/"]}]},{"@type":"BreadcrumbList","@id":"https:\/\/productive.io\/de\/branchen\/agentur\/#breadcrumb","itemListElement":[{"@type":"ListItem","position":1,"name":"Home","item":"https:\/\/productive.io\/de\/"},{"@type":"ListItem","position":2,"name":"Branchen","item":"https:\/\/productive.io\/de\/branchen\/"},{"@type":"ListItem","position":3,"name":"Industrie-Seiten &#8211; Agentur"}]},{"@type":"WebSite","@id":"https:\/\/productive.io\/de\/#website","url":"https:\/\/productive.io\/de\/","name":"Productive","description":"The Only Tool You Need To Run a Profitable Agency","publisher":{"@id":"https:\/\/productive.io\/de\/#organization"},"potentialAction":[{"@type":"SearchAction","target":{"@type":"EntryPoint","urlTemplate":"https:\/\/productive.io\/de\/?s={search_term_string}"},"query-input":{"@type":"PropertyValueSpecification","valueRequired":true,"valueName":"search_term_string"}}],"inLanguage":"de-DE"},{"@type":"Organization","@id":"https:\/\/productive.io\/de\/#organization","name":"Productive","url":"https:\/\/productive.io\/de\/","logo":{"@type":"ImageObject","inLanguage":"de-DE","@id":"https:\/\/productive.io\/de\/#\/schema\/logo\/image\/","url":"https:\/\/website-assets.productive.io\/uploads\/2025\/09\/Productive-logo-for-Yoast-do-not-delete.webp","contentUrl":"https:\/\/website-assets.productive.io\/uploads\/2025\/09\/Productive-logo-for-Yoast-do-not-delete.webp","width":696,"height":696,"caption":"Productive"},"image":{"@id":"https:\/\/productive.io\/de\/#\/schema\/logo\/image\/"},"sameAs":["https:\/\/www.facebook.com\/productiveio\/","https:\/\/www.linkedin.com\/company\/productive-io\/","https:\/\/www.youtube.com\/@productive_io","https:\/\/www.instagram.com\/productive.io\/","https:\/\/www.g2.com\/products\/productive\/reviews","https:\/\/www.capterra.com\/p\/169710\/Productive\/","https:\/\/www.crunchbase.com\/organization\/productive-io","https:\/\/www.trustpilot.com\/review\/www.productive.io","https:\/\/github.com\/productiveio"],"description":"Productive - Agency Management & PSA - Run resources, projects, budgets, and profitability in one platform built for agencies and professional services.","email":"contact@productive.io","legalName":"The Productive Company Inc.","foundingDate":"2014-01-01","numberOfEmployees":{"@type":"QuantitativeValue","minValue":"51","maxValue":"200"}}]}},"_links":{"self":[{"href":"https:\/\/productive.io\/de\/wp-json\/wp\/v2\/pages\/56715","targetHints":{"allow":["GET"]}}],"collection":[{"href":"https:\/\/productive.io\/de\/wp-json\/wp\/v2\/pages"}],"about":[{"href":"https:\/\/productive.io\/de\/wp-json\/wp\/v2\/types\/page"}],"author":[{"embeddable":true,"href":"https:\/\/productive.io\/de\/wp-json\/wp\/v2\/users\/55"}],"replies":[{"embeddable":true,"href":"https:\/\/productive.io\/de\/wp-json\/wp\/v2\/comments?post=56715"}],"version-history":[{"count":10,"href":"https:\/\/productive.io\/de\/wp-json\/wp\/v2\/pages\/56715\/revisions"}],"predecessor-version":[{"id":69408,"href":"https:\/\/productive.io\/de\/wp-json\/wp\/v2\/pages\/56715\/revisions\/69408"}],"up":[{"embeddable":true,"href":"https:\/\/productive.io\/de\/wp-json\/wp\/v2\/pages\/59556"}],"wp:attachment":[{"href":"https:\/\/productive.io\/de\/wp-json\/wp\/v2\/media?parent=56715"}],"wp:term":[{"taxonomy":"job-category","embeddable":true,"href":"https:\/\/productive.io\/de\/wp-json\/wp\/v2\/job-category?post=56715"},{"taxonomy":"page-category","embeddable":true,"href":"https:\/\/productive.io\/de\/wp-json\/wp\/v2\/page-category?post=56715"}],"curies":[{"name":"wp","href":"https:\/\/api.w.org\/{rel}","templated":true}]}}