{"id":56712,"date":"2025-02-13T12:19:05","date_gmt":"2025-02-13T12:19:05","guid":{"rendered":"https:\/\/productive.io\/?page_id=56712"},"modified":"2025-12-19T10:03:09","modified_gmt":"2025-12-19T10:03:09","slug":"software-hi-tech","status":"publish","type":"page","link":"https:\/\/productive.io\/de\/branchen\/software-hi-tech\/","title":{"rendered":"Branchen und Software &amp; Hi-Tech"},"content":{"rendered":"<h1   > SOFTWARE &amp; HI-TECH<\/h1> <h2   > Verwalten Sie Ihre Ressourcen und Projekte <strong>an einem Ort<\/strong><\/h2> <p   > Optimieren Sie die Servicebereitstellung und maximieren Sie das Unternehmenswachstum<\/p> <p   > Weisen Sie Ressourcen nach Seniorit\u00e4t, F\u00e4higkeiten und Verf\u00fcgbarkeit zu<\/p> <p   > Erhalten Sie einen \u00dcberblick \u00fcber die Budgetnutzung in verschiedenen Teams<\/p> <p   > Kostenlos testen<\/p> <a   data-cta-conversion-type=book_a_demo data-cta-block-type=dual_button_form href=\"http:\/\/productive.io\/de\/demo-buchen\" > <p   > Demo buchen<\/p> <\/a> <a   data-cta-conversion-type=book_a_demo data-cta-block-type=dual_button_form href=\"http:\/\/productive.io\/de\/demo-buchen\" > <p   > Demo buchen<\/p> <\/a> <img  src=\"https:\/\/website-assets.productive.io\/uploads\/2025\/05\/SHT-Productive-Gantt-d.svg\"  alt=\"\" loading=lazy \/> <h2   > <strong>Softwarefirmen optimieren Abl\u00e4ufe<\/strong>\u00a0mit Productive<\/h2> <img  src=\"https:\/\/website-assets.productive.io\/uploads\/2025\/12\/D-Client-weitblick-black.svg\"  alt=\"\" loading=lazy \/> <img  src=\"https:\/\/website-assets.productive.io\/uploads\/2025\/12\/D-Client-MD-black.svg\"  alt=\"\" loading=lazy \/> <img  src=\"https:\/\/website-assets.productive.io\/uploads\/2025\/12\/D-Client-atipik-black.svg\"  alt=\"\" loading=lazy \/> <img  src=\"https:\/\/website-assets.productive.io\/uploads\/2025\/12\/D-Client-unlimited-studio-black.svg\"  alt=\"\" loading=lazy \/> <img  src=\"https:\/\/website-assets.productive.io\/uploads\/2025\/12\/D-Client-luceed-black.svg\"  alt=\"\" loading=lazy \/> <img  src=\"https:\/\/website-assets.productive.io\/uploads\/2025\/12\/D-Client-nexxar-black.svg\"  alt=\"\" loading=lazy \/> <img  src=\"https:\/\/website-assets.productive.io\/uploads\/2025\/01\/Client-b-Wild.svg\"  alt=\"\" loading=lazy \/> <img  src=\"https:\/\/website-assets.productive.io\/uploads\/2025\/12\/D-Client-lemonize-black.svg\"  alt=\"\" loading=lazy \/> <img  src=\"https:\/\/website-assets.productive.io\/uploads\/2025\/12\/D-Client-done-financials-black.svg\"  alt=\"\" loading=lazy \/> <img  src=\"https:\/\/website-assets.productive.io\/uploads\/2025\/12\/D-Client-advertise-right-black.svg\"  alt=\"\" loading=lazy \/> <img  src=\"https:\/\/website-assets.productive.io\/uploads\/2025\/12\/D-Client-weitblick-black.svg\"  alt=\"\" loading=lazy \/> <img  src=\"https:\/\/website-assets.productive.io\/uploads\/2025\/12\/D-Client-MD-black.svg\"  alt=\"\" loading=lazy \/> <img  src=\"https:\/\/website-assets.productive.io\/uploads\/2025\/12\/D-Client-atipik-black.svg\"  alt=\"\" loading=lazy \/> <img  src=\"https:\/\/website-assets.productive.io\/uploads\/2025\/12\/D-Client-unlimited-studio-black.svg\"  alt=\"\" loading=lazy \/> <img  src=\"https:\/\/website-assets.productive.io\/uploads\/2025\/12\/D-Client-luceed-black.svg\"  alt=\"\" loading=lazy \/> <img  src=\"https:\/\/website-assets.productive.io\/uploads\/2025\/12\/D-Client-nexxar-black.svg\"  alt=\"\" loading=lazy \/> <img  src=\"https:\/\/website-assets.productive.io\/uploads\/2025\/01\/Client-b-Wild.svg\"  alt=\"\" loading=lazy \/> <img  src=\"https:\/\/website-assets.productive.io\/uploads\/2025\/12\/D-Client-lemonize-black.svg\"  alt=\"\" loading=lazy \/> <img  src=\"https:\/\/website-assets.productive.io\/uploads\/2025\/12\/D-Client-done-financials-black.svg\"  alt=\"\" loading=lazy \/> <img  src=\"https:\/\/website-assets.productive.io\/uploads\/2025\/12\/D-Client-advertise-right-black.svg\"  alt=\"\" loading=lazy \/> <h2   > Blockaden bei der Rationalisierung der <strong>Software-Service-Bereitstellung<\/strong><\/h2> <img  src=\"https:\/\/website-assets.productive.io\/uploads\/2025\/05\/SHT-Productive-Time-entries-d.svg\"  alt=\"\" loading=lazy \/> <h2   > <strong><strong><strong>Nicht abrechnungsf\u00e4hige Teams im Blick behalten<\/strong><\/strong><\/strong><\/h2> <p   > Wenn Sie die tats\u00e4chliche Nutzungsrate nicht verfolgen, ist Ihr Wachstumspfad unvorhersehbar.<\/p> <img  src=\"https:\/\/website-assets.productive.io\/uploads\/2025\/05\/SHT-Productive-Balance-d.svg\"  alt=\"\" loading=lazy \/> <h2   > <strong><strong><strong>Arbeitslasten nicht effektiv ausbalancieren k\u00f6nnen<\/strong><\/strong><\/strong><\/h2> <p   > Ohne Ressourcenzuweisung gekoppelt mit Zeiterfassung ist unklar, wer was wann bearbeiten muss.<\/p> <img  src=\"https:\/\/website-assets.productive.io\/uploads\/2025\/02\/productive-disconnected-tools.svg\"  alt=\"\" loading=lazy \/> <h2   > <strong><strong><strong>Getrennte Tools und verstreute Daten<\/strong><\/strong><\/strong><\/h2> <p   > Anstatt Mehrwert f\u00fcr Ihre Kunden zu liefern, sind Sie damit besch\u00e4ftigt, Daten aus verschiedenen Quellen manuell zusammenzuf\u00fcgen.<\/p> <h2   > Halten Sie Teams <strong>mit Productive profitabel<\/strong><\/h2> <h2   > <strong>AUSLASTUNG UND ABRECHNUNGSF\u00c4HIGE STUNDEN<\/strong><\/h2> <h2   > <strong>Maximieren Sie die Nutzung Ihrer Teams<\/strong><\/h2> <p   > W\u00e4hrend Personen abrechnungsf\u00e4hige und nicht abrechnungsf\u00e4hige Zeiten gegen Dienstleistungen erfassen, wird die Rentabilit\u00e4t pro Kunde, Projekt, Dienstleistungstyp oder Team in Berichten angezeigt.<\/p> <img  src=\"https:\/\/website-assets.productive.io\/uploads\/2025\/05\/SHT-Productive-Utilization-d-1.svg\"  alt=\"\" loading=lazy \/> <img  src=\"https:\/\/website-assets.productive.io\/uploads\/2025\/05\/SHT-Productive-Dev-Team-d.svg\"  alt=\"\" loading=lazy \/> <h2   > <strong>LEISTUNGSSTARKE RESSOURCENPLANUNG<\/strong><\/h2> <h2   > <strong><strong><strong>Treffen Sie kl\u00fcgere Ressourcenentscheidungen<\/strong><\/strong><\/strong><\/h2> <p   > Verwenden Sie benutzerdefinierte Felder, um Ressourcen nach Team, F\u00e4higkeiten, Seniorit\u00e4t und Verf\u00fcgbarkeit aufzuteilen. Filtern Sie Ansichten nach Projekt, Kunde oder anderen Parametern, um die Planung auf hoher Ebene zu vereinfachen.<\/p> <h2   > <strong>GENAUES RENTABILIT\u00c4TSMANAGEMENT<\/strong><\/h2> <h2   > <strong>Erhalten Sie die Daten, die Sie ben\u00f6tigen, um profitabel zu sein und zu wachsen<\/strong><\/h2> <ul   > <li>Sehen Sie sich ganz einfach die Projektbudgetaufwendung und zuk\u00fcnftige Gewinnmargen an<\/li><li>Verhindern Sie Budget\u00fcberschreitungen mit automatisierten Warnungen<\/li><li>F\u00fchren Sie jedes Projekt als separates Kostenstellenzentrum<\/li><\/ul> <img  src=\"https:\/\/website-assets.productive.io\/uploads\/2025\/05\/SHT-Productive-Profitability-d-1.svg\"  alt=\"\" loading=lazy \/> <img  src=\"https:\/\/website-assets.productive.io\/uploads\/2025\/05\/SHT-Productive-Invoicing-d.svg\"  alt=\"\" loading=lazy \/> <h2   > <strong>SCHNELLERE RECHNUNGSSTELLUNG<\/strong><\/h2> <h2   > <strong><strong><strong>Beseitigen Sie stundenlange Arbeit bei der Rechnungsstellung<\/strong><\/strong><\/strong><\/h2> <ul   > <li>Sehen Sie sich ganz einfach die Projektbudgetaufwendung und zuk\u00fcnftige Gewinnmargen an<\/li><li>Verhindern Sie Budget\u00fcberschreitungen mit automatisierten Warnungen<\/li><li>F\u00fchren Sie jedes Projekt als separates Kostenstellenzentrum<\/li><\/ul> <h2   > Erhalten Sie genaue Daten mit <strong>vorgefertigten Berichten<\/strong> <\/h2> <h2   > <\/h2> <p   > Abrechenbare Nutzung<\/p> <p   > \u00dcberpr\u00fcfen Sie vergangene abrechenbare Nutzung nach Monat, Person, Team oder Projekt.<\/p> <img  src=\"https:\/\/website-assets.productive.io\/uploads\/2025\/05\/SHT-Productive-Utilization-d.svg\"  alt=\"\" loading=lazy \/> <p   > Rentabilit\u00e4t nach Kunde<\/p> <p   > Erhalten Sie einen vollst\u00e4ndigen \u00dcberblick \u00fcber Ihre Rentabilit\u00e4t nach Kunde, in Echtzeit.<\/p> <img  src=\"https:\/\/website-assets.productive.io\/uploads\/2025\/05\/SHT-Productive-Profitability-d.svg\"  alt=\"\" loading=lazy \/> <p   > Budgetnutzung<\/p> <p   > Werden Sie besser im Budgetieren mit Echtzeit-Budgetnutzungsberichten.<\/p> <img  src=\"https:\/\/website-assets.productive.io\/uploads\/2025\/05\/SHT-Productive-Budget-d.svg\"  alt=\"\" loading=lazy \/> <p   > Zeiteintr\u00e4ge<\/p> <p   > \u00dcberpr\u00fcfen Sie geleistete Zeit vs. abrechenbare Zeit und vergleiche sie diese mit den Kosten.<\/p> <img  src=\"https:\/\/website-assets.productive.io\/uploads\/2025\/05\/SHT-Productive-Time-Enties-d.svg\"  alt=\"\" loading=lazy \/> <p   > Prognostizierte Einnahmen<\/p> <p   > Vergr\u00f6\u00dfern Sie die projizierten Umsatzerl\u00f6se und prognostizierten Ums\u00e4tze nach Kunden.<\/p> <img  src=\"https:\/\/website-assets.productive.io\/uploads\/2025\/05\/SHT-Productive-Revenue-d.svg\"  alt=\"\" loading=lazy \/> <p   > Prognostizierte Auslastung<\/p> <p   > Schauen Sie sich die prognostizierte Auslastung und Rentabilit\u00e4t nach Monat an.<\/p> <img  src=\"https:\/\/website-assets.productive.io\/uploads\/2025\/05\/SHT-Productive-Forecasted-Utilization-d.svg\"  alt=\"\" loading=lazy \/> <img  src=\"#\"  alt=\"\" loading=lazy \/> <img  src=\"https:\/\/website-assets.productive.io\/uploads\/2025\/02\/Kate-Higham-Born-Social.png\"  alt=\"\" loading=lazy \/> <p   > <strong>KAte higham<\/strong><br><strong>Gesch\u00e4ftsf\u00fchrerin<\/strong><br><strong>BORN SOCIAL<\/strong><\/p> <p   > Wenn ich beschreiben m\u00fcsste, was Productive f\u00fcr uns tut, w\u00e4re es die Entscheidungsfindung. Wir treffen wesentliche Entscheidungen dar\u00fcber, wie wir das Gesch\u00e4ft f\u00fchren, unsere Konten verwalten, Personal einstellen und Ressourcen managen. Es ist wirklich das Tool, das uns hilft, Entscheidungen zu treffen.<\/p> <img  src=\"https:\/\/website-assets.productive.io\/uploads\/2024\/10\/client-nika-serdoner.png\"  alt=\"\" loading=lazy \/> <p   > NIKA SERDONER<br>PROJEKTMANAGERIN<br>ENKI<\/p> <p   > Aus der Sicht eines Managers ist der Hauptvorteil des Tools, die Rentabilit\u00e4t in Echtzeit zu sehen. Es ist da. Wir m\u00fcssen es nicht berechnen oder Finanzberichte von unserem Buchhalter anfordern.<\/p> <p   > <\/p> <p   > <\/p><a   href=\"#\" > <p   > <\/p> <\/a> <img  src=\"https:\/\/website-assets.productive.io\/uploads\/2025\/02\/Mobile-Kate-Higham-Born-Social.png\"  alt=\"\" loading=lazy \/> <p   > <strong>KAte higham<\/strong><br>Gesch\u00e4ftsf\u00fchrerin<br>BORN SOCIAL<\/p> <p   > Wenn ich beschreiben m\u00fcsste, was Productive f\u00fcr uns tut, w\u00e4re es die Entscheidungsfindung. Wir treffen wesentliche Entscheidungen dar\u00fcber, wie wir das Gesch\u00e4ft f\u00fchren, unsere Konten verwalten, Personal einstellen und Ressourcen managen. Es ist wirklich das Tool, das uns hilft, Entscheidungen zu treffen.<\/p> <img  src=\"https:\/\/website-assets.productive.io\/uploads\/2021\/08\/Nika_Serdoner-Project-Manager-at-ENKI.png\"  alt=\"\" loading=lazy \/> <p   > NIKA SERDONER<br>PROJEKTMANAGERIN<br>ENKI<\/p> <p   > Aus der Sicht eines Managers ist der Hauptvorteil des Tools, die Rentabilit\u00e4t in Echtzeit zu sehen. Es ist da. Wir m\u00fcssen es nicht berechnen oder Finanzberichte von unserem Buchhalter anfordern.<\/p> <p   > <\/p> <h2   > <strong>Optimieren Sie Abl\u00e4ufe<\/strong> mit Productive<\/h2> <p   > <\/p> <h2   > Integrieren Sie Tools und <strong>reduzieren Sie manuelle Arbeit<\/strong><\/h2> <p   > Integrieren Sie das Tool in Ihre anderen Gesch\u00e4ftsanwendungen wie Xero, JIRA, Slack oder QuickBooks und realisieren Sie Projekte schneller.<\/p> <a   href=\"https:\/\/productive.io\/de\/integrationen\/\" > <p   > Integration anzeigen<\/p> <\/a> <img  src=\"https:\/\/website-assets-staging.productive.io\/uploads\/2025\/01\/xero.svg\" alt=\"Scrolling image item 1-1\" \/> Xero <img  src=\"https:\/\/website-assets-staging.productive.io\/uploads\/2025\/01\/Slack.svg\" alt=\"Scrolling image item 1-2\" \/> Slack <img  src=\"https:\/\/website-assets.productive.io\/uploads\/2025\/02\/Quickbooks.svg\" alt=\"Scrolling image item 1-3\" \/> QuickBooks <img  src=\"https:\/\/website-assets-staging.productive.io\/uploads\/2025\/01\/Hubspot.svg\" alt=\"Scrolling image item 1-4\" \/> HubSpot <img  src=\"https:\/\/website-assets-staging.productive.io\/uploads\/2025\/01\/Google-calendar.svg\" alt=\"Scrolling image item 1-5\" \/> Google Cal <img  src=\"https:\/\/website-assets-staging.productive.io\/uploads\/2025\/01\/Zapier-logo-icon.svg\" alt=\"Scrolling image item 1-6\" \/> Zapier <img  src=\"https:\/\/website-assets-staging.productive.io\/uploads\/2025\/01\/Exact.svg\" alt=\"Scrolling image item 2-1\" \/> Exact <img  src=\"https:\/\/website-assets-staging.productive.io\/uploads\/2025\/01\/Visma.svg\" alt=\"Scrolling image item 2-2\" \/> Visma <img  src=\"https:\/\/website-assets-staging.productive.io\/uploads\/2025\/01\/Fortnox.svg\" alt=\"Scrolling image item 2-3\" \/> Fortnox <img  src=\"https:\/\/website-assets-staging.productive.io\/uploads\/2025\/01\/TwinfieldAccounting.svg\" alt=\"Scrolling image item 2-4\" \/> Twinfield <img  src=\"https:\/\/website-assets-staging.productive.io\/uploads\/2025\/01\/CPP.svg\" alt=\"Scrolling image item 2-5\" \/> CPP <img  src=\"https:\/\/website-assets-staging.productive.io\/uploads\/2025\/01\/Sage.svg\" alt=\"Scrolling image item 2-6\" \/> Sage <img  src=\"https:\/\/website-assets-staging.productive.io\/uploads\/2025\/01\/Breathe-HR.svg\" alt=\"Scrolling image item 3-1\" \/> BreatheHR <img  src=\"https:\/\/website-assets-staging.productive.io\/uploads\/2025\/01\/BambooHR.svg\" alt=\"Scrolling image item 3-2\" \/> BambooHR <img  src=\"https:\/\/website-assets-staging.productive.io\/uploads\/2025\/01\/CharlieHR.svg\" alt=\"Scrolling image item 3-3\" \/> CharlieHR <img  src=\"https:\/\/website-assets-staging.productive.io\/uploads\/2025\/01\/Personio.svg\" alt=\"Scrolling image item 3-4\" \/> Personio <img  src=\"https:\/\/website-assets-staging.productive.io\/uploads\/2025\/01\/Rippling.svg\" alt=\"Scrolling image item 3-5\" \/> Rippling <img  src=\"https:\/\/website-assets-staging.productive.io\/uploads\/2025\/01\/Hibob.svg\" alt=\"Scrolling image item 3-6\" \/> HiBob <h2   > H\u00e4ufig gestellte Fragen<\/h2> <p   > Haben Sie nicht gefunden, wonach Sie suchen?<\/p> <p   > Kontaktieren Sie uns<\/p> <p   > <strong>Wie unterst\u00fctzt Productive Softwareentwicklungsteams beim Projektmanagement?<\/strong><\/p> <p   > Productive erm\u00f6glicht die Sprint-Planung, Aufgabenverwaltung und Zusammenarbeit, damit Ihre Entwicklerteams auf dem Laufenden bleiben.<\/p> <p   > <strong>Wie stellt Productive die Datensicherheit f\u00fcr Softwareunternehmen sicher, die mit sensiblen Kundendaten arbeiten?<\/strong><\/p> <p   > Productive ist SOC 2 Typ II zertifiziert und stellt h\u00f6chste Standards der Datensicherheit und Compliance f\u00fcr Ihr Unternehmen sicher.<\/p> <p   > <strong>Wie geht Productive mit der Budgetprognose f\u00fcr Softwareentwicklungsprojekte um?<\/strong><\/p> <p   > Productive erm\u00f6glicht es Ihnen, Kosten und Einnahmen zu sch\u00e4tzen, Budgets in Echtzeit zu verfolgen und Prognosen basierend auf dem Projektfortschritt und der Ressourcenzuweisung anzupassen.<\/p> <p   > <strong>Bietet Productive Einblick in die Rentabilit\u00e4t von Projekten und die Nutzung der Teams?<\/strong><\/p> <p   > Ja, die Dashboards von Productive bieten Echtzeitmetriken zur Rentabilit\u00e4t, Ressourcennutzung und Projektfortschritt.<\/p> <p   > <strong>Ist Productive geeignet f\u00fcr das Management sowohl von SaaS-Produkten als auch von professionellen Dienstleistungen?<\/strong><\/p> <p   > Absolut. Productive ist darauf ausgelegt, sowohl abonnementbasierte Einnahmemodelle als auch projektbasierte Dienste zu verwalten und bietet Einblicke in beide Str\u00f6me.<\/p> <p   > <strong>Unterst\u00fctzt Productive wiederkehrende Servicevertr\u00e4ge oder Retainer?<\/strong><\/p> <p   > Productive hilft Ihnen bei der Verwaltung wiederkehrender Vertr\u00e4ge und der Nachverfolgung abrechenbarer Stunden in Bezug auf Retainer-Grenzen.<\/p> <h2   > Betreiberexzellenz beginnt <strong>mit Productive<\/strong><\/h2> <p   > <\/p>","protected":false},"excerpt":{"rendered":"","protected":false},"author":55,"featured_media":0,"parent":59556,"menu_order":0,"comment_status":"closed","ping_status":"closed","template":"","meta":{"_acf_changed":false,"es_utils_meta_schema":"","footnotes":""},"job-category":[],"page-category":[1091],"class_list":["post-56712","page","type-page","status-publish","hentry"],"acf":[],"yoast_head":"<!-- This site is optimized with the Yoast SEO Premium plugin v27.2 (Yoast SEO v27.2) - https:\/\/yoast.com\/product\/yoast-seo-premium-wordpress\/ -->\n<title>Software &amp; High-Tech | Productive<\/title>\n<meta name=\"description\" content=\"Beschleunigen Sie die Entwicklung und verwalten Sie Ressourcen nahtlos. Die Software- und High-Tech-Tools von Productive bieten Echtzeiteinblicke, um Projekte auf Kurs und profitabel zu halten.\" \/>\n<meta name=\"robots\" content=\"index, follow, max-snippet:-1, max-image-preview:large, max-video-preview:-1\" \/>\n<link rel=\"canonical\" href=\"https:\/\/productive.io\/de\/branchen\/software-hi-tech\/\" \/>\n<meta property=\"og:locale\" content=\"de_DE\" \/>\n<meta property=\"og:type\" content=\"article\" \/>\n<meta property=\"og:title\" content=\"Branchen und Software &amp; Hi-Tech\" \/>\n<meta property=\"og:description\" content=\"Beschleunigen Sie die Entwicklung und verwalten Sie Ressourcen nahtlos. Die Software- und High-Tech-Tools von Productive bieten Echtzeiteinblicke, um Projekte auf Kurs und profitabel zu halten.\" \/>\n<meta property=\"og:url\" content=\"https:\/\/productive.io\/de\/branchen\/software-hi-tech\/\" \/>\n<meta property=\"og:site_name\" content=\"Productive\" \/>\n<meta property=\"article:publisher\" content=\"https:\/\/www.facebook.com\/productiveio\/\" \/>\n<meta property=\"article:modified_time\" content=\"2025-12-19T10:03:09+00:00\" \/>\n<meta name=\"twitter:card\" content=\"summary_large_image\" \/>\n<meta name=\"twitter:label1\" content=\"Gesch\u00e4tzte Lesezeit\" \/>\n\t<meta name=\"twitter:data1\" content=\"14 minutes\" \/>\n<script type=\"application\/ld+json\" class=\"yoast-schema-graph\">{\"@context\":\"https:\/\/schema.org\",\"@graph\":[{\"@type\":\"WebPage\",\"@id\":\"https:\/\/productive.io\/de\/branchen\/software-hi-tech\/\",\"url\":\"https:\/\/productive.io\/de\/branchen\/software-hi-tech\/\",\"name\":\"Software & High-Tech | Productive\",\"isPartOf\":{\"@id\":\"https:\/\/productive.io\/de\/#website\"},\"datePublished\":\"2025-02-13T12:19:05+00:00\",\"dateModified\":\"2025-12-19T10:03:09+00:00\",\"description\":\"Beschleunigen Sie die Entwicklung und verwalten Sie Ressourcen nahtlos. Die Software- und High-Tech-Tools von Productive bieten Echtzeiteinblicke, um Projekte auf Kurs und profitabel zu halten.\",\"breadcrumb\":{\"@id\":\"https:\/\/productive.io\/de\/branchen\/software-hi-tech\/#breadcrumb\"},\"inLanguage\":\"de-DE\",\"potentialAction\":[{\"@type\":\"ReadAction\",\"target\":[\"https:\/\/productive.io\/de\/branchen\/software-hi-tech\/\"]}]},{\"@type\":\"BreadcrumbList\",\"@id\":\"https:\/\/productive.io\/de\/branchen\/software-hi-tech\/#breadcrumb\",\"itemListElement\":[{\"@type\":\"ListItem\",\"position\":1,\"name\":\"Home\",\"item\":\"https:\/\/productive.io\/de\/\"},{\"@type\":\"ListItem\",\"position\":2,\"name\":\"Branchen\",\"item\":\"https:\/\/productive.io\/de\/branchen\/\"},{\"@type\":\"ListItem\",\"position\":3,\"name\":\"Branchen und Software &amp; Hi-Tech\"}]},{\"@type\":\"WebSite\",\"@id\":\"https:\/\/productive.io\/de\/#website\",\"url\":\"https:\/\/productive.io\/de\/\",\"name\":\"Productive\",\"description\":\"The Only Tool You Need To Run a Profitable Agency\",\"publisher\":{\"@id\":\"https:\/\/productive.io\/de\/#organization\"},\"potentialAction\":[{\"@type\":\"SearchAction\",\"target\":{\"@type\":\"EntryPoint\",\"urlTemplate\":\"https:\/\/productive.io\/de\/?s={search_term_string}\"},\"query-input\":{\"@type\":\"PropertyValueSpecification\",\"valueRequired\":true,\"valueName\":\"search_term_string\"}}],\"inLanguage\":\"de-DE\"},{\"@type\":\"Organization\",\"@id\":\"https:\/\/productive.io\/de\/#organization\",\"name\":\"Productive\",\"url\":\"https:\/\/productive.io\/de\/\",\"logo\":{\"@type\":\"ImageObject\",\"inLanguage\":\"de-DE\",\"@id\":\"https:\/\/productive.io\/de\/#\/schema\/logo\/image\/\",\"url\":\"https:\/\/website-assets.productive.io\/uploads\/2025\/09\/Productive-logo-for-Yoast-do-not-delete.webp\",\"contentUrl\":\"https:\/\/website-assets.productive.io\/uploads\/2025\/09\/Productive-logo-for-Yoast-do-not-delete.webp\",\"width\":696,\"height\":696,\"caption\":\"Productive\"},\"image\":{\"@id\":\"https:\/\/productive.io\/de\/#\/schema\/logo\/image\/\"},\"sameAs\":[\"https:\/\/www.facebook.com\/productiveio\/\",\"https:\/\/www.linkedin.com\/company\/productive-io\/\",\"https:\/\/www.youtube.com\/@productive_io\",\"https:\/\/www.instagram.com\/productive.io\/\",\"https:\/\/www.g2.com\/products\/productive\/reviews\",\"https:\/\/www.capterra.com\/p\/169710\/Productive\/\",\"https:\/\/www.crunchbase.com\/organization\/productive-io\",\"https:\/\/www.trustpilot.com\/review\/www.productive.io\",\"https:\/\/github.com\/productiveio\"],\"description\":\"Productive - Agency Management & PSA - Run resources, projects, budgets, and profitability in one platform built for agencies and professional services.\",\"email\":\"contact@productive.io\",\"legalName\":\"The Productive Company Inc.\",\"foundingDate\":\"2014-01-01\",\"numberOfEmployees\":{\"@type\":\"QuantitativeValue\",\"minValue\":\"51\",\"maxValue\":\"200\"}}]}<\/script>\n<!-- \/ Yoast SEO Premium plugin. -->","yoast_head_json":{"title":"Software & High-Tech | Productive","description":"Beschleunigen Sie die Entwicklung und verwalten Sie Ressourcen nahtlos. Die Software- und High-Tech-Tools von Productive bieten Echtzeiteinblicke, um Projekte auf Kurs und profitabel zu halten.","robots":{"index":"index","follow":"follow","max-snippet":"max-snippet:-1","max-image-preview":"max-image-preview:large","max-video-preview":"max-video-preview:-1"},"canonical":"https:\/\/productive.io\/de\/branchen\/software-hi-tech\/","og_locale":"de_DE","og_type":"article","og_title":"Branchen und Software &amp; Hi-Tech","og_description":"Beschleunigen Sie die Entwicklung und verwalten Sie Ressourcen nahtlos. Die Software- und High-Tech-Tools von Productive bieten Echtzeiteinblicke, um Projekte auf Kurs und profitabel zu halten.","og_url":"https:\/\/productive.io\/de\/branchen\/software-hi-tech\/","og_site_name":"Productive","article_publisher":"https:\/\/www.facebook.com\/productiveio\/","article_modified_time":"2025-12-19T10:03:09+00:00","twitter_card":"summary_large_image","twitter_misc":{"Gesch\u00e4tzte Lesezeit":"14 minutes"},"schema":{"@context":"https:\/\/schema.org","@graph":[{"@type":"WebPage","@id":"https:\/\/productive.io\/de\/branchen\/software-hi-tech\/","url":"https:\/\/productive.io\/de\/branchen\/software-hi-tech\/","name":"Software & High-Tech | Productive","isPartOf":{"@id":"https:\/\/productive.io\/de\/#website"},"datePublished":"2025-02-13T12:19:05+00:00","dateModified":"2025-12-19T10:03:09+00:00","description":"Beschleunigen Sie die Entwicklung und verwalten Sie Ressourcen nahtlos. Die Software- und High-Tech-Tools von Productive bieten Echtzeiteinblicke, um Projekte auf Kurs und profitabel zu halten.","breadcrumb":{"@id":"https:\/\/productive.io\/de\/branchen\/software-hi-tech\/#breadcrumb"},"inLanguage":"de-DE","potentialAction":[{"@type":"ReadAction","target":["https:\/\/productive.io\/de\/branchen\/software-hi-tech\/"]}]},{"@type":"BreadcrumbList","@id":"https:\/\/productive.io\/de\/branchen\/software-hi-tech\/#breadcrumb","itemListElement":[{"@type":"ListItem","position":1,"name":"Home","item":"https:\/\/productive.io\/de\/"},{"@type":"ListItem","position":2,"name":"Branchen","item":"https:\/\/productive.io\/de\/branchen\/"},{"@type":"ListItem","position":3,"name":"Branchen und Software &amp; Hi-Tech"}]},{"@type":"WebSite","@id":"https:\/\/productive.io\/de\/#website","url":"https:\/\/productive.io\/de\/","name":"Productive","description":"The Only Tool You Need To Run a Profitable Agency","publisher":{"@id":"https:\/\/productive.io\/de\/#organization"},"potentialAction":[{"@type":"SearchAction","target":{"@type":"EntryPoint","urlTemplate":"https:\/\/productive.io\/de\/?s={search_term_string}"},"query-input":{"@type":"PropertyValueSpecification","valueRequired":true,"valueName":"search_term_string"}}],"inLanguage":"de-DE"},{"@type":"Organization","@id":"https:\/\/productive.io\/de\/#organization","name":"Productive","url":"https:\/\/productive.io\/de\/","logo":{"@type":"ImageObject","inLanguage":"de-DE","@id":"https:\/\/productive.io\/de\/#\/schema\/logo\/image\/","url":"https:\/\/website-assets.productive.io\/uploads\/2025\/09\/Productive-logo-for-Yoast-do-not-delete.webp","contentUrl":"https:\/\/website-assets.productive.io\/uploads\/2025\/09\/Productive-logo-for-Yoast-do-not-delete.webp","width":696,"height":696,"caption":"Productive"},"image":{"@id":"https:\/\/productive.io\/de\/#\/schema\/logo\/image\/"},"sameAs":["https:\/\/www.facebook.com\/productiveio\/","https:\/\/www.linkedin.com\/company\/productive-io\/","https:\/\/www.youtube.com\/@productive_io","https:\/\/www.instagram.com\/productive.io\/","https:\/\/www.g2.com\/products\/productive\/reviews","https:\/\/www.capterra.com\/p\/169710\/Productive\/","https:\/\/www.crunchbase.com\/organization\/productive-io","https:\/\/www.trustpilot.com\/review\/www.productive.io","https:\/\/github.com\/productiveio"],"description":"Productive - Agency Management & PSA - Run resources, projects, budgets, and profitability in one platform built for agencies and professional services.","email":"contact@productive.io","legalName":"The Productive Company Inc.","foundingDate":"2014-01-01","numberOfEmployees":{"@type":"QuantitativeValue","minValue":"51","maxValue":"200"}}]}},"_links":{"self":[{"href":"https:\/\/productive.io\/de\/wp-json\/wp\/v2\/pages\/56712","targetHints":{"allow":["GET"]}}],"collection":[{"href":"https:\/\/productive.io\/de\/wp-json\/wp\/v2\/pages"}],"about":[{"href":"https:\/\/productive.io\/de\/wp-json\/wp\/v2\/types\/page"}],"author":[{"embeddable":true,"href":"https:\/\/productive.io\/de\/wp-json\/wp\/v2\/users\/55"}],"replies":[{"embeddable":true,"href":"https:\/\/productive.io\/de\/wp-json\/wp\/v2\/comments?post=56712"}],"version-history":[{"count":10,"href":"https:\/\/productive.io\/de\/wp-json\/wp\/v2\/pages\/56712\/revisions"}],"predecessor-version":[{"id":69410,"href":"https:\/\/productive.io\/de\/wp-json\/wp\/v2\/pages\/56712\/revisions\/69410"}],"up":[{"embeddable":true,"href":"https:\/\/productive.io\/de\/wp-json\/wp\/v2\/pages\/59556"}],"wp:attachment":[{"href":"https:\/\/productive.io\/de\/wp-json\/wp\/v2\/media?parent=56712"}],"wp:term":[{"taxonomy":"job-category","embeddable":true,"href":"https:\/\/productive.io\/de\/wp-json\/wp\/v2\/job-category?post=56712"},{"taxonomy":"page-category","embeddable":true,"href":"https:\/\/productive.io\/de\/wp-json\/wp\/v2\/page-category?post=56712"}],"curies":[{"name":"wp","href":"https:\/\/api.w.org\/{rel}","templated":true}]}}