{"id":56708,"date":"2025-02-13T12:29:22","date_gmt":"2025-02-13T12:29:22","guid":{"rendered":"https:\/\/productive.io\/?page_id=56708"},"modified":"2025-12-19T10:06:43","modified_gmt":"2025-12-19T10:06:43","slug":"buchhaltung","status":"publish","type":"page","link":"https:\/\/productive.io\/de\/branchen\/buchhaltung\/","title":{"rendered":"Branchenseiten Buchhaltungsmanagement-Software"},"content":{"rendered":"<h1   > BUCHHALTUNGSMANAGEMENT-SOFTWARE<\/h1> <h2   > Ihre gesamte Buchhaltung <strong>in einem Tool<\/strong><\/h2> <p   > Steigern Sie die Transparenz und Kontrolle in Ihrer Buchhaltungspraxis<\/p> <p   > Zentralisieren Sie die Arbeit mit Kunden und optimieren Sie Prozesse<\/p> <p   > Echtzeitberichte f\u00fcr intelligentere Entscheidungen<\/p> <p   > Kostenlos testen<\/p> <a   data-cta-conversion-type=book_a_demo data-cta-block-type=dual_button_form href=\"http:\/\/productive.io\/de\/demo-buchen\" > <p   > Demo buchen<\/p> <\/a> <a   data-cta-conversion-type=book_a_demo data-cta-block-type=dual_button_form href=\"http:\/\/productive.io\/de\/demo-buchen\" > <p   > Demo buchen<\/p> <\/a> <img  src=\"https:\/\/website-assets.productive.io\/uploads\/2025\/05\/AMS-Productive-Accounting-d.svg\"  alt=\"\" loading=lazy \/> <h2   > <strong>Buchhaltungsfirmen vertrauen auf Productive<\/strong> f\u00fcr ihre Aufgaben<\/h2> <img  src=\"https:\/\/website-assets.productive.io\/uploads\/2025\/12\/D-Client-weitblick-black.svg\"  alt=\"\" loading=lazy \/> <img  src=\"https:\/\/website-assets.productive.io\/uploads\/2025\/12\/D-Client-MD-black.svg\"  alt=\"\" loading=lazy \/> <img  src=\"https:\/\/website-assets.productive.io\/uploads\/2025\/12\/D-Client-atipik-black.svg\"  alt=\"\" loading=lazy \/> <img  src=\"https:\/\/website-assets.productive.io\/uploads\/2025\/12\/D-Client-unlimited-studio-black.svg\"  alt=\"\" loading=lazy \/> <img  src=\"https:\/\/website-assets.productive.io\/uploads\/2025\/12\/D-Client-luceed-black.svg\"  alt=\"\" loading=lazy \/> <img  src=\"https:\/\/website-assets.productive.io\/uploads\/2025\/12\/D-Client-nexxar-black.svg\"  alt=\"\" loading=lazy \/> <img  src=\"https:\/\/website-assets.productive.io\/uploads\/2025\/01\/Client-b-Wild.svg\"  alt=\"\" loading=lazy \/> <img  src=\"https:\/\/website-assets.productive.io\/uploads\/2025\/12\/D-Client-lemonize-black.svg\"  alt=\"\" loading=lazy \/> <img  src=\"https:\/\/website-assets.productive.io\/uploads\/2025\/12\/D-Client-done-financials-black.svg\"  alt=\"\" loading=lazy \/> <img  src=\"https:\/\/website-assets.productive.io\/uploads\/2025\/12\/D-Client-advertise-right-black.svg\"  alt=\"\" loading=lazy \/> <img  src=\"https:\/\/website-assets.productive.io\/uploads\/2025\/12\/D-Client-weitblick-black.svg\"  alt=\"\" loading=lazy \/> <img  src=\"https:\/\/website-assets.productive.io\/uploads\/2025\/12\/D-Client-MD-black.svg\"  alt=\"\" loading=lazy \/> <img  src=\"https:\/\/website-assets.productive.io\/uploads\/2025\/12\/D-Client-atipik-black.svg\"  alt=\"\" loading=lazy \/> <img  src=\"https:\/\/website-assets.productive.io\/uploads\/2025\/12\/D-Client-unlimited-studio-black.svg\"  alt=\"\" loading=lazy \/> <img  src=\"https:\/\/website-assets.productive.io\/uploads\/2025\/12\/D-Client-luceed-black.svg\"  alt=\"\" loading=lazy \/> <img  src=\"https:\/\/website-assets.productive.io\/uploads\/2025\/12\/D-Client-nexxar-black.svg\"  alt=\"\" loading=lazy \/> <img  src=\"https:\/\/website-assets.productive.io\/uploads\/2025\/01\/Client-b-Wild.svg\"  alt=\"\" loading=lazy \/> <img  src=\"https:\/\/website-assets.productive.io\/uploads\/2025\/12\/D-Client-lemonize-black.svg\"  alt=\"\" loading=lazy \/> <img  src=\"https:\/\/website-assets.productive.io\/uploads\/2025\/12\/D-Client-done-financials-black.svg\"  alt=\"\" loading=lazy \/> <img  src=\"https:\/\/website-assets.productive.io\/uploads\/2025\/12\/D-Client-advertise-right-black.svg\"  alt=\"\" loading=lazy \/> <h2   > Wo Buchhalter <strong>Zeit verlieren<\/strong><\/h2> <img  src=\"https:\/\/website-assets.productive.io\/uploads\/2025\/02\/productive-keep-track-all-in-one-1.svg\"  alt=\"\" loading=lazy \/> <h2   > <strong><strong>Zerstreute Kommunikation<\/strong><\/strong><\/h2> <p   > Sie k\u00e4mpfen damit, Kundenanfragen und -w\u00fcnsche aus verschiedenen Kan\u00e4len zu b\u00fcndeln?<\/p> <img  src=\"https:\/\/website-assets.productive.io\/uploads\/2025\/05\/AMS-Productive-Task-health-d.svg\"  alt=\"\" loading=lazy \/> <h2   > <strong><strong>Zu viel Routinearbeit<\/strong><\/strong><\/h2> <p   > Sind Sie sp\u00e4t dran mit Nachfassaktionen oder haben Aufgaben vergessen? Verbringen Sie viel Zeit mit sich wiederholenden Arbeiten?<\/p> <img  src=\"https:\/\/website-assets.productive.io\/uploads\/2025\/05\/AMS-Productive-Track-budget-d.svg\"  alt=\"\" loading=lazy \/> <h2   > <strong><strong>Keine unternehmensweite Sichtbarkeit<\/strong><\/strong><\/h2> <p   > Kein Einblick in Ihre Ums\u00e4tze und Rentabilit\u00e4t?<\/p> <h2   > Wachsen Sie mit Ihrer Buchhaltungsfirma <strong>mit Productive<\/strong><\/h2> <img  src=\"https:\/\/website-assets.productive.io\/uploads\/2025\/05\/AMS-Productive-My-Time-d.svg\"  alt=\"\" loading=lazy \/> <h2   > <strong><strong><strong>ZEITGENAU ERFASSEN<\/strong><\/strong><\/strong><\/h2> <h2   > <strong><strong><strong><strong><strong>Zeiterfassung &amp; abrechenbare Stunden<\/strong><\/strong><\/strong><\/strong><\/strong><\/h2> <ul   > <li>Mehrere M\u00f6glichkeiten zur Zeiterfassung<\/li><li>Loggen Sie Zeit, um sowohl Budgetverbrauch als auch Gewinn in Echtzeit zu verfolgen<\/li><li>Genehmigen Sie Zeiteintr\u00e4ge schnell oder fordern Sie \u00c4nderungen an<\/li><\/ul> <h2   > <strong>KUNDENZUSAMMENARBEIT<\/strong><\/h2> <h2   > <strong>Arbeiten mit Kunden, nahtlos gestaltet<\/strong><\/h2> <ul   > <li>Ein einfacher Prozess zur Kundenaufnahmen und Zusammenarbeit ohne zus\u00e4tzliche Kosten<\/li><li>Erstellen Sie Live-Dashboards f\u00fcr Kunden<\/li><li>Passen Sie Kundenberechtigungen an, indem Sie w\u00e4hlen, was Kunden in Productive sehen k\u00f6nnen<\/li><\/ul> <img  src=\"https:\/\/website-assets.productive.io\/uploads\/2025\/05\/AMS-Productive-Dashboard-d.svg\"  alt=\"\" loading=lazy \/> <img  src=\"https:\/\/website-assets.productive.io\/uploads\/2025\/05\/AMS-Productive-Deals-d.svg\"  alt=\"\" loading=lazy \/> <h2   > <strong><strong><strong><strong>VERTRIEBSPIPELINE &amp; CRM<\/strong><\/strong><\/strong><\/strong><\/h2> <h2   > <strong><strong><strong><strong><strong><strong>Kommunikation mit Kunden &amp; Interessenten nachverfolgen<\/strong><\/strong><\/strong><\/strong><\/strong><\/strong><\/h2> <ul   > <li>Leiten Sie Ihre E-Mails an Vertriebsabschl\u00fcsse weiter, um sicherzustellen, dass alle Kommunikation an einem Ort ist<\/li><li>Weisen Sie Interessenten anderen Teammitgliedern zu und richten Sie TODOs als Erinnerungen f\u00fcr Nachverfolgungen ein<\/li><li>Erstellen Sie Sch\u00e4tzungen durch Import Ihrer Standard- oder kundenspezifischen Preislisten und exportieren Sie Angebote als PDFs<\/li><\/ul> <h2   > <strong>LEISTUNGSF\u00c4HIGES FINANZMANAGEMENT<\/strong><\/h2> <h2   > <strong>Pr\u00fcfen Sie Ihre Buchhaltung in Echtzeit<\/strong><\/h2> <ul   > <li>\u00dcberwachen Sie Ihren Umsatz, Kosten, Gewinn, Durchschnittssatz und geleisteten Stunden<\/li><li>Verhindern Sie Budget\u00fcberschreitungen durch automatische Warnungen<\/li><li>F\u00fchren Sie jedes Projekt als separates Kosten-Center<\/li><\/ul> <img  src=\"https:\/\/website-assets.productive.io\/uploads\/2025\/05\/AMS-Productive-Profitability-d.svg\"  alt=\"\" loading=lazy \/> <img  src=\"https:\/\/website-assets.productive.io\/uploads\/2025\/05\/AMS-Productive-Automations-d.svg\"  alt=\"\" loading=lazy \/> <h2   > <strong><strong><strong><strong><strong>AUTOMATISIERTE WORKFLOWS<\/strong><\/strong><\/strong><\/strong><\/strong><\/h2> <h2   > <strong><strong><strong><strong><strong><strong><strong>Workflows, ohne die Arbeit<\/strong><\/strong><\/strong><\/strong><\/strong><\/strong><\/strong><\/h2> <ul   > <li>Reduzieren Sie manuelle Arbeit und konzentrieren Sie sich darauf, Ihren Kunden Wert zu bieten<\/li><li>Definieren Sie automatische Aktionen, wie das Erstellen von Rechnungen<\/li><li>Richten Sie Erinnerungen f\u00fcr Budget\u00fcberschreitungen oder Projektaktualisierungen ein<\/li><\/ul> <h2   > Was wird Ihr <strong>n\u00e4chstes Dokument<\/strong> sein?<\/h2> <h2   > <\/h2> <p   > Fragen Sie die KI, es zu schreiben<\/p> <p   > Beschleunigen Sie Ihre Arbeit mit Hilfe von KI.<\/p> <img  src=\"https:\/\/website-assets.productive.io\/uploads\/2025\/05\/AMS-Productive-Ask-AI-d.svg\"  alt=\"\" loading=lazy \/> <p   > Unternehmensrichtlinie<\/p> <p   > Dokumentieren Sie Ihr Know-how und sorgen Sie f\u00fcr eine einfache Einarbeitung und Praxisverwaltung.<\/p> <img  src=\"https:\/\/website-assets.productive.io\/uploads\/2025\/05\/AMS-Productive-Company-Policy-d.svg\"  alt=\"\" loading=lazy \/> <p   > Verhaltenskodex<\/p> <p   > Richtlinien zum Befolgen relevanter Steuergesetze, Vorschriften und bew\u00e4hrter Praktiken.<\/p> <img  src=\"https:\/\/website-assets.productive.io\/uploads\/2025\/05\/AMS-Productive-Code-of-Conduct-d.svg\"  alt=\"\" loading=lazy \/> <p   > Sitzungsnotizen<\/p> <p   > Mehrere Teammitglieder k\u00f6nnen gleichzeitig schreiben, bearbeiten, kommentieren und erw\u00e4hnen.<\/p> <img  src=\"https:\/\/website-assets.productive.io\/uploads\/2025\/05\/AMS-Productive-Meeting-Notes-d.svg\"  alt=\"\" loading=lazy \/> <p   > Entw\u00fcrfe, Briefings und Notizen<\/p> <p   > Sparen Sie Zeit, indem Sie benutzerdefinierte oder vorgefertigte Entw\u00fcrfe f\u00fcr wiederkehrende Arbeiten verwenden.<\/p> <img  src=\"https:\/\/website-assets.productive.io\/uploads\/2025\/05\/AMS-Productive-Drafts-Briefs-and-Notes-d.svg\"  alt=\"\" loading=lazy \/> <img  src=\"#\"  alt=\"\" loading=lazy \/> <img  src=\"https:\/\/website-assets.productive.io\/uploads\/2025\/02\/Kate-Higham-Born-Social.png\"  alt=\"\" loading=lazy \/> <p   > <strong>KAte Higham<\/strong><br><strong>Gesch\u00e4ftsf\u00fchrerin<\/strong><br>BORN SOCIAL<\/p> <p   > Wenn ich beschreiben m\u00fcsste, was Productive f\u00fcr uns macht, dann ist es die Unterst\u00fctzung bei Entscheidungsprozessen. Wir treffen wesentliche gesch\u00e4ftliche Entscheidungen, wie wir das Unternehmen f\u00fchren, unsere Konten verwalten und Ressourcen einstellen und managen. Es ist wirklich das Hilfsmittel zur Entscheidungsfindung f\u00fcr uns.<\/p> <img  src=\"https:\/\/productive.io\/wp-content\/uploads\/2021\/12\/nika-serdonerS.png\"  alt=\"\" loading=lazy \/> <p   > NIKA Serdoner<br>PROJEKTMANAGER<br>ENKI<\/p> <p   > Aus managementspezifischer Sicht ist der gr\u00f6\u00dfte Vorteil des Tools, dass man die Rentabilit\u00e4t in Echtzeit sehen kann. Es ist da. Wir m\u00fcssen es nicht berechnen oder Finanzberichte von unserem Buchhalter anfordern.<\/p> <p   > <\/p> <p   > <\/p><a   href=\"#\" > <p   > <\/p> <\/a> <img  src=\"https:\/\/website-assets.productive.io\/uploads\/2025\/02\/Mobile-Kate-Higham-Born-Social.png\"  alt=\"\" loading=lazy \/> <p   > <strong>KAte Higham<\/strong><br>Gesch\u00e4ftsf\u00fchrerin<br>BORN SOCIAL<\/p> <p   > Wenn ich beschreiben m\u00fcsste, was Productive f\u00fcr uns macht, dann ist es die Unterst\u00fctzung bei Entscheidungsprozessen. Wir treffen wesentliche gesch\u00e4ftliche Entscheidungen, wie wir das Unternehmen f\u00fchren, unsere Konten verwalten und Ressourcen einstellen und managen. Es ist wirklich das Hilfsmittel zur Entscheidungsfindung f\u00fcr uns.<\/p> <img  src=\"https:\/\/productive.io\/wp-content\/uploads\/2021\/08\/Nika_Serdoner-Project-Manager-at-ENKI.png\"  alt=\"\" loading=lazy \/> <p   > NIKA Serdoner<br>PROJEKTMANAGER<br>ENKI<\/p> <p   > Aus managementspezifischer Sicht ist der gr\u00f6\u00dfte Vorteil des Tools, dass man die Rentabilit\u00e4t in Echtzeit sehen kann. Es ist da. Wir m\u00fcssen es nicht berechnen oder Finanzberichte von unserem Buchhalter anfordern.<\/p> <p   > <\/p> <h2   > <strong>Optimieren Sie Betriebsabl\u00e4ufe<\/strong> mit Productive<\/h2> <p   > <\/p> <h2   > Integrieren Sie Tools und <strong>reduzieren Sie manuelle Arbeit<\/strong><\/h2> <p   > Integrieren Sie Ihre Gesch\u00e4ftstools wie Xero, JIRA, Slack oder QuickBooks und erledigen Sie Projekte schneller.<\/p> <a   href=\"https:\/\/productive.io\/de\/integrationen\/\" > <p   > Integrationen ansehen<\/p> <\/a> <img  src=\"https:\/\/website-assets-staging.productive.io\/uploads\/2025\/01\/xero.svg\" alt=\"Scrolling image item 1-1\" \/> Xero <img  src=\"https:\/\/website-assets-staging.productive.io\/uploads\/2025\/01\/Slack.svg\" alt=\"Scrolling image item 1-2\" \/> Slack <img  src=\"https:\/\/website-assets.productive.io\/uploads\/2025\/02\/Quickbooks.svg\" alt=\"Scrolling image item 1-3\" \/> QuickBooks <img  src=\"https:\/\/website-assets-staging.productive.io\/uploads\/2025\/01\/Hubspot.svg\" alt=\"Scrolling image item 1-4\" \/> HubSpot <img  src=\"https:\/\/website-assets-staging.productive.io\/uploads\/2025\/01\/Google-calendar.svg\" alt=\"Scrolling image item 1-5\" \/> Google Cal <img  src=\"https:\/\/website-assets-staging.productive.io\/uploads\/2025\/01\/Zapier-logo-icon.svg\" alt=\"Scrolling image item 1-6\" \/> Zapier <img  src=\"https:\/\/website-assets-staging.productive.io\/uploads\/2025\/01\/Exact.svg\" alt=\"Scrolling image item 2-1\" \/> Exact <img  src=\"https:\/\/website-assets-staging.productive.io\/uploads\/2025\/01\/Visma.svg\" alt=\"Scrolling image item 2-2\" \/> Visma <img  src=\"https:\/\/website-assets-staging.productive.io\/uploads\/2025\/01\/Fortnox.svg\" alt=\"Scrolling image item 2-3\" \/> Fortnox <img  src=\"https:\/\/website-assets-staging.productive.io\/uploads\/2025\/01\/TwinfieldAccounting.svg\" alt=\"Scrolling image item 2-4\" \/> Twinfield <img  src=\"https:\/\/website-assets-staging.productive.io\/uploads\/2025\/01\/CPP.svg\" alt=\"Scrolling image item 2-5\" \/> CPP <img  src=\"https:\/\/website-assets-staging.productive.io\/uploads\/2025\/01\/Sage.svg\" alt=\"Scrolling image item 2-6\" \/> Sage <img  src=\"https:\/\/website-assets-staging.productive.io\/uploads\/2025\/01\/Breathe-HR.svg\" alt=\"Scrolling image item 3-1\" \/> BreatheHR <img  src=\"https:\/\/website-assets-staging.productive.io\/uploads\/2025\/01\/BambooHR.svg\" alt=\"Scrolling image item 3-2\" \/> BambooHR <img  src=\"https:\/\/website-assets-staging.productive.io\/uploads\/2025\/01\/CharlieHR.svg\" alt=\"Scrolling image item 3-3\" \/> CharlieHR <img  src=\"https:\/\/website-assets-staging.productive.io\/uploads\/2025\/01\/Personio.svg\" alt=\"Scrolling image item 3-4\" \/> Personio <img  src=\"https:\/\/website-assets-staging.productive.io\/uploads\/2025\/01\/Rippling.svg\" alt=\"Scrolling image item 3-5\" \/> Rippling <img  src=\"https:\/\/website-assets-staging.productive.io\/uploads\/2025\/01\/Hibob.svg\" alt=\"Scrolling image item 3-6\" \/> HiBob <h2   > H\u00e4ufig gestellte Fragen<\/h2> <p   > Haben Sie nicht gefunden, wonach Sie suchen?<\/p> <p   > Kontaktieren Sie uns<\/p> <p   > <strong>Wie geht Productive mit Compliance und Anforderungen an die Finanzberichterstattung um?<\/strong><\/p> <p   > Productive bietet Rentabilit\u00e4tsverfolgung auf Kunden- und Projektebene und hilft Ihnen, die wertvollsten Konten zu identifizieren.<\/p> <p   > <strong>Kann Productive wiederkehrende Abrechnung oder Pauschalvereinbarungen abwickeln?<\/strong><\/p> <p   > Ja, Productive unterst\u00fctzt wiederkehrende Rechnungsstellung und verfolgt die Nutzung von Pauschalvereinbarungen in Echtzeit.<\/p> <p   > <strong>Welche Integrationen gibt es f\u00fcr Buchhaltungssoftware wie QuickBooks oder Xero?<\/strong><\/p> <p   > Productive integriert sich nahtlos mit QuickBooks und Xero f\u00fcr einen reibungslosen Datentransfer und Finanzberichterstattung.<\/p> <p   > <strong>Kann Productive abrechenbare Stunden \u00fcber mehrere Projekte und Kunden nachverfolgen?<\/strong><\/p> <p   > Ja, Productive unterst\u00fctzt wiederkehrende Rechnungsstellung und verfolgt die Nutzung von Pauschalvereinbarungen in Echtzeit.<\/p> <p   > <strong>Kann ich den Zugriff auf vertrauliche Kundeninformationen einschr\u00e4nken?<\/strong><\/p> <p   > Mit dem Berechtigungs-Builder k\u00f6nnen Sie festlegen, auf was jedes Teammitglied Zugriff hat. Vollst\u00e4ndig anpassbare Berechtigungen sch\u00fctzen Ihre sensiblen Gesch\u00e4ftsdaten und bieten Teammitgliedern nur Zugriff auf die Daten, die sie f\u00fcr ihre Arbeit ben\u00f6tigen.<\/p> <h2   > Operative Exzellenz beginnt <strong>mit Productive<\/strong><\/h2> <p   > Kostenlos testen<\/p> <a   data-cta-conversion-type=book_a_demo href=\"http:\/\/productive.io\/de\/demo-buchen\" > <p   > Demo buchen<\/p> <\/a>","protected":false},"excerpt":{"rendered":"","protected":false},"author":44,"featured_media":0,"parent":59556,"menu_order":0,"comment_status":"closed","ping_status":"closed","template":"","meta":{"_acf_changed":false,"es_utils_meta_schema":"","footnotes":""},"job-category":[],"page-category":[1091],"class_list":["post-56708","page","type-page","status-publish","hentry"],"acf":[],"yoast_head":"<!-- This site is optimized with the Yoast SEO Premium plugin v27.2 (Yoast SEO v27.2) - https:\/\/yoast.com\/product\/yoast-seo-premium-wordpress\/ -->\n<title>Buchhaltungsmanagement-Software | Productive<\/title>\n<meta name=\"description\" content=\"Vereinfachen Sie Rechnungsstellung, Budgetierung und Finanzberichterstattung auf einer Plattform. Die Accounting Management Software von Productive h\u00e4lt Ihre Finanzen pr\u00e4zise und aktuell.\" \/>\n<meta name=\"robots\" content=\"index, follow, max-snippet:-1, max-image-preview:large, max-video-preview:-1\" \/>\n<link rel=\"canonical\" href=\"https:\/\/productive.io\/de\/branchen\/buchhaltung\/\" \/>\n<meta property=\"og:locale\" content=\"de_DE\" \/>\n<meta property=\"og:type\" content=\"article\" \/>\n<meta property=\"og:title\" content=\"Branchenseiten Buchhaltungsmanagement-Software\" \/>\n<meta property=\"og:description\" content=\"Vereinfachen Sie Rechnungsstellung, Budgetierung und Finanzberichterstattung auf einer Plattform. Die Accounting Management Software von Productive h\u00e4lt Ihre Finanzen pr\u00e4zise und aktuell.\" \/>\n<meta property=\"og:url\" content=\"https:\/\/productive.io\/de\/branchen\/buchhaltung\/\" \/>\n<meta property=\"og:site_name\" content=\"Productive\" \/>\n<meta property=\"article:publisher\" content=\"https:\/\/www.facebook.com\/productiveio\/\" \/>\n<meta property=\"article:modified_time\" content=\"2025-12-19T10:06:43+00:00\" \/>\n<meta name=\"twitter:card\" content=\"summary_large_image\" \/>\n<meta name=\"twitter:label1\" content=\"Gesch\u00e4tzte Lesezeit\" \/>\n\t<meta name=\"twitter:data1\" content=\"14 minutes\" \/>\n<script type=\"application\/ld+json\" class=\"yoast-schema-graph\">{\"@context\":\"https:\/\/schema.org\",\"@graph\":[{\"@type\":\"WebPage\",\"@id\":\"https:\/\/productive.io\/de\/branchen\/buchhaltung\/\",\"url\":\"https:\/\/productive.io\/de\/branchen\/buchhaltung\/\",\"name\":\"Buchhaltungsmanagement-Software | Productive\",\"isPartOf\":{\"@id\":\"https:\/\/productive.io\/de\/#website\"},\"datePublished\":\"2025-02-13T12:29:22+00:00\",\"dateModified\":\"2025-12-19T10:06:43+00:00\",\"description\":\"Vereinfachen Sie Rechnungsstellung, Budgetierung und Finanzberichterstattung auf einer Plattform. Die Accounting Management Software von Productive h\u00e4lt Ihre Finanzen pr\u00e4zise und aktuell.\",\"breadcrumb\":{\"@id\":\"https:\/\/productive.io\/de\/branchen\/buchhaltung\/#breadcrumb\"},\"inLanguage\":\"de-DE\",\"potentialAction\":[{\"@type\":\"ReadAction\",\"target\":[\"https:\/\/productive.io\/de\/branchen\/buchhaltung\/\"]}]},{\"@type\":\"BreadcrumbList\",\"@id\":\"https:\/\/productive.io\/de\/branchen\/buchhaltung\/#breadcrumb\",\"itemListElement\":[{\"@type\":\"ListItem\",\"position\":1,\"name\":\"Home\",\"item\":\"https:\/\/productive.io\/de\/\"},{\"@type\":\"ListItem\",\"position\":2,\"name\":\"Branchen\",\"item\":\"https:\/\/productive.io\/de\/branchen\/\"},{\"@type\":\"ListItem\",\"position\":3,\"name\":\"Branchenseiten Buchhaltungsmanagement-Software\"}]},{\"@type\":\"WebSite\",\"@id\":\"https:\/\/productive.io\/de\/#website\",\"url\":\"https:\/\/productive.io\/de\/\",\"name\":\"Productive\",\"description\":\"The Only Tool You Need To Run a Profitable Agency\",\"publisher\":{\"@id\":\"https:\/\/productive.io\/de\/#organization\"},\"potentialAction\":[{\"@type\":\"SearchAction\",\"target\":{\"@type\":\"EntryPoint\",\"urlTemplate\":\"https:\/\/productive.io\/de\/?s={search_term_string}\"},\"query-input\":{\"@type\":\"PropertyValueSpecification\",\"valueRequired\":true,\"valueName\":\"search_term_string\"}}],\"inLanguage\":\"de-DE\"},{\"@type\":\"Organization\",\"@id\":\"https:\/\/productive.io\/de\/#organization\",\"name\":\"Productive\",\"url\":\"https:\/\/productive.io\/de\/\",\"logo\":{\"@type\":\"ImageObject\",\"inLanguage\":\"de-DE\",\"@id\":\"https:\/\/productive.io\/de\/#\/schema\/logo\/image\/\",\"url\":\"https:\/\/website-assets.productive.io\/uploads\/2025\/09\/Productive-logo-for-Yoast-do-not-delete.webp\",\"contentUrl\":\"https:\/\/website-assets.productive.io\/uploads\/2025\/09\/Productive-logo-for-Yoast-do-not-delete.webp\",\"width\":696,\"height\":696,\"caption\":\"Productive\"},\"image\":{\"@id\":\"https:\/\/productive.io\/de\/#\/schema\/logo\/image\/\"},\"sameAs\":[\"https:\/\/www.facebook.com\/productiveio\/\",\"https:\/\/www.linkedin.com\/company\/productive-io\/\",\"https:\/\/www.youtube.com\/@productive_io\",\"https:\/\/www.instagram.com\/productive.io\/\",\"https:\/\/www.g2.com\/products\/productive\/reviews\",\"https:\/\/www.capterra.com\/p\/169710\/Productive\/\",\"https:\/\/www.crunchbase.com\/organization\/productive-io\",\"https:\/\/www.trustpilot.com\/review\/www.productive.io\",\"https:\/\/github.com\/productiveio\"],\"description\":\"Productive - Agency Management & PSA - Run resources, projects, budgets, and profitability in one platform built for agencies and professional services.\",\"email\":\"contact@productive.io\",\"legalName\":\"The Productive Company Inc.\",\"foundingDate\":\"2014-01-01\",\"numberOfEmployees\":{\"@type\":\"QuantitativeValue\",\"minValue\":\"51\",\"maxValue\":\"200\"}}]}<\/script>\n<!-- \/ Yoast SEO Premium plugin. -->","yoast_head_json":{"title":"Buchhaltungsmanagement-Software | Productive","description":"Vereinfachen Sie Rechnungsstellung, Budgetierung und Finanzberichterstattung auf einer Plattform. Die Accounting Management Software von Productive h\u00e4lt Ihre Finanzen pr\u00e4zise und aktuell.","robots":{"index":"index","follow":"follow","max-snippet":"max-snippet:-1","max-image-preview":"max-image-preview:large","max-video-preview":"max-video-preview:-1"},"canonical":"https:\/\/productive.io\/de\/branchen\/buchhaltung\/","og_locale":"de_DE","og_type":"article","og_title":"Branchenseiten Buchhaltungsmanagement-Software","og_description":"Vereinfachen Sie Rechnungsstellung, Budgetierung und Finanzberichterstattung auf einer Plattform. Die Accounting Management Software von Productive h\u00e4lt Ihre Finanzen pr\u00e4zise und aktuell.","og_url":"https:\/\/productive.io\/de\/branchen\/buchhaltung\/","og_site_name":"Productive","article_publisher":"https:\/\/www.facebook.com\/productiveio\/","article_modified_time":"2025-12-19T10:06:43+00:00","twitter_card":"summary_large_image","twitter_misc":{"Gesch\u00e4tzte Lesezeit":"14 minutes"},"schema":{"@context":"https:\/\/schema.org","@graph":[{"@type":"WebPage","@id":"https:\/\/productive.io\/de\/branchen\/buchhaltung\/","url":"https:\/\/productive.io\/de\/branchen\/buchhaltung\/","name":"Buchhaltungsmanagement-Software | Productive","isPartOf":{"@id":"https:\/\/productive.io\/de\/#website"},"datePublished":"2025-02-13T12:29:22+00:00","dateModified":"2025-12-19T10:06:43+00:00","description":"Vereinfachen Sie Rechnungsstellung, Budgetierung und Finanzberichterstattung auf einer Plattform. Die Accounting Management Software von Productive h\u00e4lt Ihre Finanzen pr\u00e4zise und aktuell.","breadcrumb":{"@id":"https:\/\/productive.io\/de\/branchen\/buchhaltung\/#breadcrumb"},"inLanguage":"de-DE","potentialAction":[{"@type":"ReadAction","target":["https:\/\/productive.io\/de\/branchen\/buchhaltung\/"]}]},{"@type":"BreadcrumbList","@id":"https:\/\/productive.io\/de\/branchen\/buchhaltung\/#breadcrumb","itemListElement":[{"@type":"ListItem","position":1,"name":"Home","item":"https:\/\/productive.io\/de\/"},{"@type":"ListItem","position":2,"name":"Branchen","item":"https:\/\/productive.io\/de\/branchen\/"},{"@type":"ListItem","position":3,"name":"Branchenseiten Buchhaltungsmanagement-Software"}]},{"@type":"WebSite","@id":"https:\/\/productive.io\/de\/#website","url":"https:\/\/productive.io\/de\/","name":"Productive","description":"The Only Tool You Need To Run a Profitable Agency","publisher":{"@id":"https:\/\/productive.io\/de\/#organization"},"potentialAction":[{"@type":"SearchAction","target":{"@type":"EntryPoint","urlTemplate":"https:\/\/productive.io\/de\/?s={search_term_string}"},"query-input":{"@type":"PropertyValueSpecification","valueRequired":true,"valueName":"search_term_string"}}],"inLanguage":"de-DE"},{"@type":"Organization","@id":"https:\/\/productive.io\/de\/#organization","name":"Productive","url":"https:\/\/productive.io\/de\/","logo":{"@type":"ImageObject","inLanguage":"de-DE","@id":"https:\/\/productive.io\/de\/#\/schema\/logo\/image\/","url":"https:\/\/website-assets.productive.io\/uploads\/2025\/09\/Productive-logo-for-Yoast-do-not-delete.webp","contentUrl":"https:\/\/website-assets.productive.io\/uploads\/2025\/09\/Productive-logo-for-Yoast-do-not-delete.webp","width":696,"height":696,"caption":"Productive"},"image":{"@id":"https:\/\/productive.io\/de\/#\/schema\/logo\/image\/"},"sameAs":["https:\/\/www.facebook.com\/productiveio\/","https:\/\/www.linkedin.com\/company\/productive-io\/","https:\/\/www.youtube.com\/@productive_io","https:\/\/www.instagram.com\/productive.io\/","https:\/\/www.g2.com\/products\/productive\/reviews","https:\/\/www.capterra.com\/p\/169710\/Productive\/","https:\/\/www.crunchbase.com\/organization\/productive-io","https:\/\/www.trustpilot.com\/review\/www.productive.io","https:\/\/github.com\/productiveio"],"description":"Productive - Agency Management & PSA - Run resources, projects, budgets, and profitability in one platform built for agencies and professional services.","email":"contact@productive.io","legalName":"The Productive Company Inc.","foundingDate":"2014-01-01","numberOfEmployees":{"@type":"QuantitativeValue","minValue":"51","maxValue":"200"}}]}},"_links":{"self":[{"href":"https:\/\/productive.io\/de\/wp-json\/wp\/v2\/pages\/56708","targetHints":{"allow":["GET"]}}],"collection":[{"href":"https:\/\/productive.io\/de\/wp-json\/wp\/v2\/pages"}],"about":[{"href":"https:\/\/productive.io\/de\/wp-json\/wp\/v2\/types\/page"}],"author":[{"embeddable":true,"href":"https:\/\/productive.io\/de\/wp-json\/wp\/v2\/users\/44"}],"replies":[{"embeddable":true,"href":"https:\/\/productive.io\/de\/wp-json\/wp\/v2\/comments?post=56708"}],"version-history":[{"count":10,"href":"https:\/\/productive.io\/de\/wp-json\/wp\/v2\/pages\/56708\/revisions"}],"predecessor-version":[{"id":69415,"href":"https:\/\/productive.io\/de\/wp-json\/wp\/v2\/pages\/56708\/revisions\/69415"}],"up":[{"embeddable":true,"href":"https:\/\/productive.io\/de\/wp-json\/wp\/v2\/pages\/59556"}],"wp:attachment":[{"href":"https:\/\/productive.io\/de\/wp-json\/wp\/v2\/media?parent=56708"}],"wp:term":[{"taxonomy":"job-category","embeddable":true,"href":"https:\/\/productive.io\/de\/wp-json\/wp\/v2\/job-category?post=56708"},{"taxonomy":"page-category","embeddable":true,"href":"https:\/\/productive.io\/de\/wp-json\/wp\/v2\/page-category?post=56708"}],"curies":[{"name":"wp","href":"https:\/\/api.w.org\/{rel}","templated":true}]}}