{"id":56704,"date":"2025-02-13T12:51:18","date_gmt":"2025-02-13T12:51:18","guid":{"rendered":"https:\/\/productive.io\/?page_id=56704"},"modified":"2025-12-19T10:09:26","modified_gmt":"2025-12-19T10:09:26","slug":"architektur-und-ingenieurmanagement","status":"publish","type":"page","link":"https:\/\/productive.io\/de\/branchen\/architektur-und-ingenieurmanagement\/","title":{"rendered":"Branchenseiten &#8211; Software f\u00fcr Architektur- und Ingenieurmanagement"},"content":{"rendered":"<h2   > ARCHITEKTUR- &amp; INGENIEURMANAGEMENT SOFTWARE<\/h2> <h1   > Konsolidiere Tools, optimiere Ressourcen und <strong>steigere deinen Umsatz<\/strong><\/h1> <p   > Optimiere die Auslastung, um die Rentabilit\u00e4t zu steigern<\/p> <p   > Erhalte Echtzeiteinblicke in Arbeitslast und Teamkapazit\u00e4t f\u00fcr eine intelligentere Ressourcenverteilung<\/p> <p   > Prognostiziere Einnahmen, um genau zu sehen, wie dein Unternehmen w\u00e4chst<\/p> <p   > Kostenlos testen<\/p> <a   data-cta-conversion-type=book_a_demo data-cta-block-type=dual_button_form href=\"http:\/\/productive.io\/de\/demo-buchen%20\" > <p   > Demo buchen<\/p> <\/a> <a   data-cta-conversion-type=book_a_demo data-cta-block-type=dual_button_form href=\"http:\/\/productive.io\/de\/demo-buchen%20\" > <p   > Demo buchen<\/p> <\/a> <img  src=\"https:\/\/website-assets.productive.io\/uploads\/2025\/05\/AEMS-Productive-Gantt-d.svg\"  alt=\"\" loading=lazy \/> <h2   > <strong>A&amp;E-Unternehmen steuern ihre Abl\u00e4ufe<\/strong> mit Productive<\/h2> <img  src=\"https:\/\/website-assets.productive.io\/uploads\/2025\/12\/D-Client-weitblick-black.svg\"  alt=\"\" loading=lazy \/> <img  src=\"https:\/\/website-assets.productive.io\/uploads\/2025\/12\/D-Client-MD-black.svg\"  alt=\"\" loading=lazy \/> <img  src=\"https:\/\/website-assets.productive.io\/uploads\/2025\/12\/D-Client-atipik-black.svg\"  alt=\"\" loading=lazy \/> <img  src=\"https:\/\/website-assets.productive.io\/uploads\/2025\/12\/D-Client-unlimited-studio-black.svg\"  alt=\"\" loading=lazy \/> <img  src=\"https:\/\/website-assets.productive.io\/uploads\/2025\/12\/D-Client-luceed-black.svg\"  alt=\"\" loading=lazy \/> <img  src=\"https:\/\/website-assets.productive.io\/uploads\/2025\/12\/D-Client-nexxar-black.svg\"  alt=\"\" loading=lazy \/> <img  src=\"https:\/\/website-assets.productive.io\/uploads\/2025\/01\/Client-b-Wild.svg\"  alt=\"\" loading=lazy \/> <img  src=\"https:\/\/website-assets.productive.io\/uploads\/2025\/12\/D-Client-lemonize-black.svg\"  alt=\"\" loading=lazy \/> <img  src=\"https:\/\/website-assets.productive.io\/uploads\/2025\/12\/D-Client-done-financials-black.svg\"  alt=\"\" loading=lazy \/> <img  src=\"https:\/\/website-assets.productive.io\/uploads\/2025\/12\/D-Client-advertise-right-black.svg\"  alt=\"\" loading=lazy \/> <img  src=\"https:\/\/website-assets.productive.io\/uploads\/2025\/12\/D-Client-weitblick-black.svg\"  alt=\"\" loading=lazy \/> <img  src=\"https:\/\/website-assets.productive.io\/uploads\/2025\/12\/D-Client-MD-black.svg\"  alt=\"\" loading=lazy \/> <img  src=\"https:\/\/website-assets.productive.io\/uploads\/2025\/12\/D-Client-atipik-black.svg\"  alt=\"\" loading=lazy \/> <img  src=\"https:\/\/website-assets.productive.io\/uploads\/2025\/12\/D-Client-unlimited-studio-black.svg\"  alt=\"\" loading=lazy \/> <img  src=\"https:\/\/website-assets.productive.io\/uploads\/2025\/12\/D-Client-luceed-black.svg\"  alt=\"\" loading=lazy \/> <img  src=\"https:\/\/website-assets.productive.io\/uploads\/2025\/12\/D-Client-nexxar-black.svg\"  alt=\"\" loading=lazy \/> <img  src=\"https:\/\/website-assets.productive.io\/uploads\/2025\/01\/Client-b-Wild.svg\"  alt=\"\" loading=lazy \/> <img  src=\"https:\/\/website-assets.productive.io\/uploads\/2025\/12\/D-Client-lemonize-black.svg\"  alt=\"\" loading=lazy \/> <img  src=\"https:\/\/website-assets.productive.io\/uploads\/2025\/12\/D-Client-done-financials-black.svg\"  alt=\"\" loading=lazy \/> <img  src=\"https:\/\/website-assets.productive.io\/uploads\/2025\/12\/D-Client-advertise-right-black.svg\"  alt=\"\" loading=lazy \/> <h2   > Warum <strong>A&amp;E Firmen Schwierigkeiten haben<\/strong>, Kundenprojekte zu liefern<\/h2> <img  src=\"https:\/\/website-assets.productive.io\/uploads\/2025\/02\/productive-keep-track-all-in-one.svg\"  alt=\"\" loading=lazy \/> <h2   > <strong>Zerstreute Tools und Feedback<\/strong><\/h2> <p   > Hast du Schwierigkeiten, die Kommunikation aus verschiedenen Kan\u00e4len zu b\u00fcndeln?<\/p> <img  src=\"https:\/\/website-assets.productive.io\/uploads\/2025\/05\/AEMS-Productive-Time-worked-d.svg\"  alt=\"\" loading=lazy \/> <h2   > <strong>Zu viele sich wiederholende Arbeiten<\/strong><\/h2> <p   > Versp\u00e4tete Nachfassaktionen oder vergessene Aufgaben? Verbringst du viel Zeit mit sich wiederholenden Arbeiten?<\/p> <img  src=\"https:\/\/website-assets.productive.io\/uploads\/2025\/05\/AEMS-Productive-Budget-d-1.svg\"  alt=\"\" loading=lazy \/> <h2   > <strong>Blinde Flecken in der Budgetnutzung<\/strong><\/h2> <p   > Die Budgetkontrolle ist unvorhersehbar, weil du die Budgetnutzung nicht verfolgst.<\/p> <h2   > \u00dcbernimm die Kontrolle \u00fcber deine <strong>Rentabilit\u00e4t mit Productive<\/strong><\/h2> <h2   > <strong>FLEXIBLE ZEITERFASSUNG<\/strong><\/h2> <h2   > <strong>Zeit ist Geld, wir zeigen dir, wohin sie flie\u00dft<\/strong><\/h2> <ul   > <li>W\u00e4hle zwischen verschiedenen M\u00f6glichkeiten zur Erfassung von Arbeitsstunden, indem du den t\u00e4glichen, w\u00f6chentlichen, Kalender- oder Desktop-Timer verwendest<\/li><li>Lass dein Team automatisch Zeiten mit vorkonfektionierten Zeiteintr\u00e4gen erfassen<\/li><li>Die Zeiterfassung wirkt sich direkt auf Budgetausgaben, Ums\u00e4tze und Rentabilit\u00e4t aus<\/li><\/ul> <img  src=\"https:\/\/website-assets.productive.io\/uploads\/2025\/05\/AEMS-Productive-My-Time-d.svg\"  alt=\"\" loading=lazy \/> <img  src=\"https:\/\/website-assets.productive.io\/uploads\/2025\/05\/AEMS-Productive-Milestone-d.svg\"  alt=\"\" loading=lazy \/> <h2   > <strong><strong>EFFIZIENTE AUSLIEFERUNG<\/strong><\/strong><\/h2> <h2   > <strong>Verwalten komplexer Projekte in mehreren Phasen<\/strong><\/h2> <p   > Vereinfache Projektphasen und vermeide Engp\u00e4sse bei der Auslieferung.<\/p> <h2   > <strong>EFFEKTIVES RESSOURCENPLANUNG<\/strong><\/h2> <h2   > <strong>Ressourcen nach F\u00e4higkeiten &amp; Verf\u00fcgbarkeit zuweisen<\/strong><\/h2> <ul   > <li>Verwende benutzerdefinierte Felder, um dein Team nach F\u00e4higkeiten, Erfahrungslevel und mehr zu filtern<\/li><li>Urlaubszeiten synchronisieren sich automatisch mit der Ressourcenplanung<\/li><li>Plane mit vorl\u00e4ufigen Buchungen im Voraus<\/li><\/ul> <img  src=\"https:\/\/website-assets.productive.io\/uploads\/2025\/05\/AEMS-Productive-Engineering-Team-d.svg\"  alt=\"\" loading=lazy \/> <img  src=\"https:\/\/website-assets.productive.io\/uploads\/2025\/05\/AEMS-Productive-Profitability-d-1.svg\"  alt=\"\" loading=lazy \/> <h2   > <strong>Echtzeit-Berichterstattung<\/strong><\/h2> <h2   > <strong>Treffe fundierte Entscheidungen mit wichtigen Kennzahlen in Echtzeit<\/strong><\/h2> <p   > \u00dcberwache deine Einnahmen, Kosten, Gewinne, Nutzungsraten, Arbeitszeiten und alles ausgabenbezogene. Nutze vergangene und aktuelle Daten, um zuk\u00fcnftige Entscheidungen zu prognostizieren und zu planen.<\/p> <h2   > <strong>SCHNELLERE RECHNUNGSSTELLUNG<\/strong><\/h2> <h2   > <strong>Eliminiere Stunden, die mit der Rechnungsstellung verbracht werden<\/strong><\/h2> <p   > Generiere einfach Rechnungen mit erfassten Zeiten f\u00fcr abrechenbare Dienstleistungen und sei sicher, dass du jedes Projekt, jede Phase oder Dienstleistung in Rechnung gestellt hast.<\/p> <img  src=\"https:\/\/website-assets.productive.io\/uploads\/2025\/05\/AEMS-Productive-Invoicing-d.svg\"  alt=\"\" loading=lazy \/> <img  src=\"https:\/\/website-assets.productive.io\/uploads\/2025\/02\/Kate-Higham-Born-Social.png\"  alt=\"\" loading=lazy \/> <p   > <strong>Kate Higham<\/strong><br><strong>Gesch\u00e4ftsf\u00fchrerin<\/strong><br><strong>Born Social<\/strong><\/p> <p   > Wenn ich eine Sache beschreiben m\u00fcsste, die Productive f\u00fcr uns tut, dann ist es die Entscheidungsfindung. Wir treffen wichtige kommerzielle Entscheidungen \u00fcber die F\u00fchrung des Unternehmens, die Verwaltung unserer B\u00fccher und dar\u00fcber, wie wir Ressourcen einstellen und verwalten. Es ist wirklich das Tool, das uns hilft, Entscheidungen zu treffen.<\/p> <img  src=\"https:\/\/productive.io\/wp-content\/uploads\/2021\/12\/nika-serdonerS.png\"  alt=\"\" loading=lazy \/> <p   > Nika Serdoner<br>Projektmanager<br>Enki<\/p> <p   > Aus der Sicht des Managements liegt der Hauptvorteil des Tools darin, deine Rentabilit\u00e4t in Echtzeit zu sehen. Es ist vorhanden. Wir m\u00fcssen es nicht berechnen oder Finanzberichte von unserem Buchhalter anfordern.<\/p> <p   > <\/p> <p   > <\/p><a   href=\"#\" > <p   > <\/p> <\/a> <img  src=\"https:\/\/website-assets.productive.io\/uploads\/2025\/02\/Mobile-Kate-Higham-Born-Social.png\"  alt=\"\" loading=lazy \/> <p   > <strong>Kate Higham<\/strong><br>Gesch\u00e4ftsf\u00fchrerin<br>Born Social<\/p> <p   > Wenn ich eine Sache beschreiben m\u00fcsste, die Productive f\u00fcr uns tut, dann ist es die Entscheidungsfindung. Wir treffen wichtige kommerzielle Entscheidungen \u00fcber die F\u00fchrung des Unternehmens, die Verwaltung unserer B\u00fccher und dar\u00fcber, wie wir Ressourcen einstellen und verwalten. Es ist wirklich das Tool, das uns hilft, Entscheidungen zu treffen.<\/p> <img  src=\"https:\/\/productive.io\/wp-content\/uploads\/2021\/08\/Nika_Serdoner-Project-Manager-at-ENKI.png\"  alt=\"\" loading=lazy \/> <p   > Nika Serdoner<br>Projektmanager<br>Enki<\/p> <p   > Aus der Sicht des Managements liegt der Hauptvorteil des Tools darin, deine Rentabilit\u00e4t in Echtzeit zu sehen. Es ist vorhanden. Wir m\u00fcssen es nicht berechnen oder Finanzberichte von unserem Buchhalter anfordern.<\/p> <p   > <\/p> <h2   > <strong>Vereinfache die Auslieferung<\/strong> mit Productive<\/h2> <p   > <\/p> <h2   > Erhalte exakte Daten mit <strong>vorgefertigten Berichten<\/strong><\/h2> <h2   > <\/h2> <p   > Abrechenbare Nutzung<\/p> <p   > \u00dcberpr\u00fcfe vergangene abrechenbare Nutzung nach Monat, Person, Team oder Projekt.<\/p> <img  src=\"https:\/\/website-assets.productive.io\/uploads\/2025\/05\/AEMS-Productive-Utilization-d.svg\"  alt=\"\" loading=lazy \/> <p   > Rentabilit\u00e4t nach Kunde<\/p> <p   > Erhalte einen vollst\u00e4ndigen \u00dcberblick \u00fcber deine Rentabilit\u00e4t nach Kunde, in Echtzeit.<\/p> <img  src=\"https:\/\/website-assets.productive.io\/uploads\/2025\/05\/AEMS-Productive-Profitability-d.svg\"  alt=\"\" loading=lazy \/> <p   > Budgetnutzung<\/p> <p   > Verbessere dein Budgetieren mit Echtzeit-Berichten zur Budgetnutzung.<\/p> <img  src=\"https:\/\/website-assets.productive.io\/uploads\/2025\/05\/AEMS-Productive-Budget-d.svg\"  alt=\"\" loading=lazy \/> <p   > Zeiteintr\u00e4ge<\/p> <p   > \u00dcberpr\u00fcfe geleistete Zeit vs. abrechenbare Zeit und vergleiche sie mit den Kosten.<\/p> <img  src=\"https:\/\/website-assets.productive.io\/uploads\/2025\/05\/AEMS-Productive-Time-Entries-d.svg\"  alt=\"\" loading=lazy \/> <p   > Prognostizierte Einnahmen<\/p> <p   > Zoome in die projizierten Umsatzerl\u00f6se und prognostizierten Ums\u00e4tze nach Kunden.<\/p> <img  src=\"https:\/\/website-assets.productive.io\/uploads\/2025\/05\/AEMS-Productive-Revenue-d.svg\"  alt=\"\" loading=lazy \/> <p   > Prognostizierte Auslastung<\/p> <p   > Schau dir die prognostizierte Auslastung und Rentabilit\u00e4t nach Monat an.<\/p> <img  src=\"https:\/\/website-assets.productive.io\/uploads\/2025\/05\/AEMS-Productive-Forecasted-Utilization-d.svg\"  alt=\"\" loading=lazy \/> <img  src=\"#\"  alt=\"\" loading=lazy \/> <h2   > Integrierte Tools und <strong>reduziere manuelle Arbeit<\/strong><\/h2> <p   > Integriere mit den restlichen Gesch\u00e4ftsanwendungen wie Xero, JIRA, Slack oder QuickBooks und realisiere Projekte schneller.<\/p> <a   href=\"https:\/\/productive.io\/de\/integrationen\/\" > <p   > Integration anzeigen<\/p> <\/a> <img  src=\"https:\/\/website-assets-staging.productive.io\/uploads\/2025\/01\/xero.svg\" alt=\"Scrolling image item 1-1\" \/> Xero <img  src=\"https:\/\/website-assets-staging.productive.io\/uploads\/2025\/01\/Slack.svg\" alt=\"Scrolling image item 1-2\" \/> Slack <img  src=\"https:\/\/website-assets.productive.io\/uploads\/2025\/02\/Quickbooks.svg\" alt=\"Scrolling image item 1-3\" \/> QuickBooks <img  src=\"https:\/\/website-assets-staging.productive.io\/uploads\/2025\/01\/Hubspot.svg\" alt=\"Scrolling image item 1-4\" \/> HubSpot <img  src=\"https:\/\/website-assets-staging.productive.io\/uploads\/2025\/01\/Google-calendar.svg\" alt=\"Scrolling image item 1-5\" \/> Google Cal <img  src=\"https:\/\/website-assets-staging.productive.io\/uploads\/2025\/01\/Zapier-logo-icon.svg\" alt=\"Scrolling image item 1-6\" \/> Zapier <img  src=\"https:\/\/website-assets-staging.productive.io\/uploads\/2025\/01\/Exact.svg\" alt=\"Scrolling image item 2-1\" \/> Exact <img  src=\"https:\/\/website-assets-staging.productive.io\/uploads\/2025\/01\/Visma.svg\" alt=\"Scrolling image item 2-2\" \/> Visma <img  src=\"https:\/\/website-assets-staging.productive.io\/uploads\/2025\/01\/Fortnox.svg\" alt=\"Scrolling image item 2-3\" \/> Fortnox <img  src=\"https:\/\/website-assets-staging.productive.io\/uploads\/2025\/01\/TwinfieldAccounting.svg\" alt=\"Scrolling image item 2-4\" \/> Twinfield <img  src=\"https:\/\/website-assets-staging.productive.io\/uploads\/2025\/01\/CPP.svg\" alt=\"Scrolling image item 2-5\" \/> CPP <img  src=\"https:\/\/website-assets-staging.productive.io\/uploads\/2025\/01\/Sage.svg\" alt=\"Scrolling image item 2-6\" \/> Sage <img  src=\"https:\/\/website-assets-staging.productive.io\/uploads\/2025\/01\/Breathe-HR.svg\" alt=\"Scrolling image item 3-1\" \/> BreatheHR <img  src=\"https:\/\/website-assets-staging.productive.io\/uploads\/2025\/01\/BambooHR.svg\" alt=\"Scrolling image item 3-2\" \/> BambooHR <img  src=\"https:\/\/website-assets-staging.productive.io\/uploads\/2025\/01\/CharlieHR.svg\" alt=\"Scrolling image item 3-3\" \/> CharlieHR <img  src=\"https:\/\/website-assets-staging.productive.io\/uploads\/2025\/01\/Personio.svg\" alt=\"Scrolling image item 3-4\" \/> Personio <img  src=\"https:\/\/website-assets-staging.productive.io\/uploads\/2025\/01\/Rippling.svg\" alt=\"Scrolling image item 3-5\" \/> Rippling <img  src=\"https:\/\/website-assets-staging.productive.io\/uploads\/2025\/01\/Hibob.svg\" alt=\"Scrolling image item 3-6\" \/> HiBob <h2   > H\u00e4ufig gestellte Fragen<\/h2> <p   > Hast du nicht gefunden, wonach du suchst?<\/p> <p   > Kontaktiere uns<\/p> <p   > <strong>Unterst\u00fctzt Productive die Ressourcenallokation f\u00fcr Teams, die an mehreren Projekten arbeiten?<\/strong><\/p> <p   > Ja, Productive enth\u00e4lt Kapazit\u00e4tsplanungstools, um die Ressourcenallokation zu optimieren und \u00dcberbuchungen zu vermeiden.<\/p> <p   > <strong>Wie hilft Productive bei der Verfolgung von Projektkosten und Budgets?<\/strong><\/p> <p   > Productive erm\u00f6glicht eine detaillierte Budgetverfolgung, damit du innerhalb finanzieller Grenzen bleibst und die Ausgaben in Echtzeit \u00fcberwachen kannst.<\/p> <p   > <strong>Kann Productive Berichte erstellen, die an Bau- und Ingenieurprojekte angepasst sind?<\/strong><\/p> <p   > Ja, mit den Reporting-Tools von Productive kannst du detaillierte Berichte erstellen, einschlie\u00dflich Zeitpl\u00e4nen, Ressourcennutzung und Finanzkennzahlen.<\/p> <p   > <strong>Kann ich den Zugriff auf sensible Kundeninformationen einschr\u00e4nken?<\/strong><\/p> <p   > Du kannst den Berechtigungs-Builder verwenden, um zu definieren, auf was jedes Teammitglied Zugriff hat. Vollst\u00e4ndig anpassbare Berechtigungen sch\u00fctzen deine sensiblen Gesch\u00e4ftsdaten, w\u00e4hrend sie Teammitgliedern nur Zugriff auf die f\u00fcr ihre Arbeit notwendigen Daten gew\u00e4hren.<\/p> <h2   > Betriebliches Exzellenz beginnt <strong>mit Productive<\/strong><\/h2> <p   > Kostenlos testen<\/p> <a   data-cta-conversion-type=book_a_demo href=\"http:\/\/productive.io\/de\/demo-buchen%20\" > <p   > Demo buchen<\/p> <\/a>","protected":false},"excerpt":{"rendered":"","protected":false},"author":44,"featured_media":0,"parent":59556,"menu_order":0,"comment_status":"closed","ping_status":"closed","template":"","meta":{"_acf_changed":false,"es_utils_meta_schema":"","footnotes":""},"job-category":[],"page-category":[1091],"class_list":["post-56704","page","type-page","status-publish","hentry"],"acf":[],"yoast_head":"<!-- This site is optimized with the Yoast SEO Premium plugin v27.2 (Yoast SEO v27.2) - https:\/\/yoast.com\/product\/yoast-seo-premium-wordpress\/ -->\n<title>Architektur- &amp; Ingenieursoftware | Productive<\/title>\n<meta name=\"description\" content=\"Verwalte komplexe Projekte, Ressourcen und Termine mit der Architektur- &amp; Ingenieurmanagement-Software von Productive. Verbessere die Zusammenarbeit und liefere Projekte p\u00fcnktlich ab.\" \/>\n<meta name=\"robots\" content=\"index, follow, max-snippet:-1, max-image-preview:large, max-video-preview:-1\" \/>\n<link rel=\"canonical\" href=\"https:\/\/productive.io\/de\/branchen\/architektur-und-ingenieurmanagement\/\" \/>\n<meta property=\"og:locale\" content=\"de_DE\" \/>\n<meta property=\"og:type\" content=\"article\" \/>\n<meta property=\"og:title\" content=\"Branchenseiten - Software f\u00fcr Architektur- und Ingenieurmanagement\" \/>\n<meta property=\"og:description\" content=\"Verwalte komplexe Projekte, Ressourcen und Termine mit der Architektur- &amp; Ingenieurmanagement-Software von Productive. Verbessere die Zusammenarbeit und liefere Projekte p\u00fcnktlich ab.\" \/>\n<meta property=\"og:url\" content=\"https:\/\/productive.io\/de\/branchen\/architektur-und-ingenieurmanagement\/\" \/>\n<meta property=\"og:site_name\" content=\"Productive\" \/>\n<meta property=\"article:publisher\" content=\"https:\/\/www.facebook.com\/productiveio\/\" \/>\n<meta property=\"article:modified_time\" content=\"2025-12-19T10:09:26+00:00\" \/>\n<meta name=\"twitter:card\" content=\"summary_large_image\" \/>\n<meta name=\"twitter:label1\" content=\"Gesch\u00e4tzte Lesezeit\" \/>\n\t<meta name=\"twitter:data1\" content=\"15 minutes\" \/>\n<script type=\"application\/ld+json\" class=\"yoast-schema-graph\">{\"@context\":\"https:\/\/schema.org\",\"@graph\":[{\"@type\":\"WebPage\",\"@id\":\"https:\/\/productive.io\/de\/branchen\/architektur-und-ingenieurmanagement\/\",\"url\":\"https:\/\/productive.io\/de\/branchen\/architektur-und-ingenieurmanagement\/\",\"name\":\"Architektur- & Ingenieursoftware | Productive\",\"isPartOf\":{\"@id\":\"https:\/\/productive.io\/de\/#website\"},\"datePublished\":\"2025-02-13T12:51:18+00:00\",\"dateModified\":\"2025-12-19T10:09:26+00:00\",\"description\":\"Verwalte komplexe Projekte, Ressourcen und Termine mit der Architektur- & Ingenieurmanagement-Software von Productive. Verbessere die Zusammenarbeit und liefere Projekte p\u00fcnktlich ab.\",\"breadcrumb\":{\"@id\":\"https:\/\/productive.io\/de\/branchen\/architektur-und-ingenieurmanagement\/#breadcrumb\"},\"inLanguage\":\"de-DE\",\"potentialAction\":[{\"@type\":\"ReadAction\",\"target\":[\"https:\/\/productive.io\/de\/branchen\/architektur-und-ingenieurmanagement\/\"]}]},{\"@type\":\"BreadcrumbList\",\"@id\":\"https:\/\/productive.io\/de\/branchen\/architektur-und-ingenieurmanagement\/#breadcrumb\",\"itemListElement\":[{\"@type\":\"ListItem\",\"position\":1,\"name\":\"Home\",\"item\":\"https:\/\/productive.io\/de\/\"},{\"@type\":\"ListItem\",\"position\":2,\"name\":\"Branchen\",\"item\":\"https:\/\/productive.io\/de\/branchen\/\"},{\"@type\":\"ListItem\",\"position\":3,\"name\":\"Branchenseiten &#8211; Software f\u00fcr Architektur- und Ingenieurmanagement\"}]},{\"@type\":\"WebSite\",\"@id\":\"https:\/\/productive.io\/de\/#website\",\"url\":\"https:\/\/productive.io\/de\/\",\"name\":\"Productive\",\"description\":\"The Only Tool You Need To Run a Profitable Agency\",\"publisher\":{\"@id\":\"https:\/\/productive.io\/de\/#organization\"},\"potentialAction\":[{\"@type\":\"SearchAction\",\"target\":{\"@type\":\"EntryPoint\",\"urlTemplate\":\"https:\/\/productive.io\/de\/?s={search_term_string}\"},\"query-input\":{\"@type\":\"PropertyValueSpecification\",\"valueRequired\":true,\"valueName\":\"search_term_string\"}}],\"inLanguage\":\"de-DE\"},{\"@type\":\"Organization\",\"@id\":\"https:\/\/productive.io\/de\/#organization\",\"name\":\"Productive\",\"url\":\"https:\/\/productive.io\/de\/\",\"logo\":{\"@type\":\"ImageObject\",\"inLanguage\":\"de-DE\",\"@id\":\"https:\/\/productive.io\/de\/#\/schema\/logo\/image\/\",\"url\":\"https:\/\/website-assets.productive.io\/uploads\/2025\/09\/Productive-logo-for-Yoast-do-not-delete.webp\",\"contentUrl\":\"https:\/\/website-assets.productive.io\/uploads\/2025\/09\/Productive-logo-for-Yoast-do-not-delete.webp\",\"width\":696,\"height\":696,\"caption\":\"Productive\"},\"image\":{\"@id\":\"https:\/\/productive.io\/de\/#\/schema\/logo\/image\/\"},\"sameAs\":[\"https:\/\/www.facebook.com\/productiveio\/\",\"https:\/\/www.linkedin.com\/company\/productive-io\/\",\"https:\/\/www.youtube.com\/@productive_io\",\"https:\/\/www.instagram.com\/productive.io\/\",\"https:\/\/www.g2.com\/products\/productive\/reviews\",\"https:\/\/www.capterra.com\/p\/169710\/Productive\/\",\"https:\/\/www.crunchbase.com\/organization\/productive-io\",\"https:\/\/www.trustpilot.com\/review\/www.productive.io\",\"https:\/\/github.com\/productiveio\"],\"description\":\"Productive - Agency Management & PSA - Run resources, projects, budgets, and profitability in one platform built for agencies and professional services.\",\"email\":\"contact@productive.io\",\"legalName\":\"The Productive Company Inc.\",\"foundingDate\":\"2014-01-01\",\"numberOfEmployees\":{\"@type\":\"QuantitativeValue\",\"minValue\":\"51\",\"maxValue\":\"200\"}}]}<\/script>\n<!-- \/ Yoast SEO Premium plugin. -->","yoast_head_json":{"title":"Architektur- & Ingenieursoftware | Productive","description":"Verwalte komplexe Projekte, Ressourcen und Termine mit der Architektur- & Ingenieurmanagement-Software von Productive. Verbessere die Zusammenarbeit und liefere Projekte p\u00fcnktlich ab.","robots":{"index":"index","follow":"follow","max-snippet":"max-snippet:-1","max-image-preview":"max-image-preview:large","max-video-preview":"max-video-preview:-1"},"canonical":"https:\/\/productive.io\/de\/branchen\/architektur-und-ingenieurmanagement\/","og_locale":"de_DE","og_type":"article","og_title":"Branchenseiten - Software f\u00fcr Architektur- und Ingenieurmanagement","og_description":"Verwalte komplexe Projekte, Ressourcen und Termine mit der Architektur- & Ingenieurmanagement-Software von Productive. Verbessere die Zusammenarbeit und liefere Projekte p\u00fcnktlich ab.","og_url":"https:\/\/productive.io\/de\/branchen\/architektur-und-ingenieurmanagement\/","og_site_name":"Productive","article_publisher":"https:\/\/www.facebook.com\/productiveio\/","article_modified_time":"2025-12-19T10:09:26+00:00","twitter_card":"summary_large_image","twitter_misc":{"Gesch\u00e4tzte Lesezeit":"15 minutes"},"schema":{"@context":"https:\/\/schema.org","@graph":[{"@type":"WebPage","@id":"https:\/\/productive.io\/de\/branchen\/architektur-und-ingenieurmanagement\/","url":"https:\/\/productive.io\/de\/branchen\/architektur-und-ingenieurmanagement\/","name":"Architektur- & Ingenieursoftware | Productive","isPartOf":{"@id":"https:\/\/productive.io\/de\/#website"},"datePublished":"2025-02-13T12:51:18+00:00","dateModified":"2025-12-19T10:09:26+00:00","description":"Verwalte komplexe Projekte, Ressourcen und Termine mit der Architektur- & Ingenieurmanagement-Software von Productive. Verbessere die Zusammenarbeit und liefere Projekte p\u00fcnktlich ab.","breadcrumb":{"@id":"https:\/\/productive.io\/de\/branchen\/architektur-und-ingenieurmanagement\/#breadcrumb"},"inLanguage":"de-DE","potentialAction":[{"@type":"ReadAction","target":["https:\/\/productive.io\/de\/branchen\/architektur-und-ingenieurmanagement\/"]}]},{"@type":"BreadcrumbList","@id":"https:\/\/productive.io\/de\/branchen\/architektur-und-ingenieurmanagement\/#breadcrumb","itemListElement":[{"@type":"ListItem","position":1,"name":"Home","item":"https:\/\/productive.io\/de\/"},{"@type":"ListItem","position":2,"name":"Branchen","item":"https:\/\/productive.io\/de\/branchen\/"},{"@type":"ListItem","position":3,"name":"Branchenseiten &#8211; Software f\u00fcr Architektur- und Ingenieurmanagement"}]},{"@type":"WebSite","@id":"https:\/\/productive.io\/de\/#website","url":"https:\/\/productive.io\/de\/","name":"Productive","description":"The Only Tool You Need To Run a Profitable Agency","publisher":{"@id":"https:\/\/productive.io\/de\/#organization"},"potentialAction":[{"@type":"SearchAction","target":{"@type":"EntryPoint","urlTemplate":"https:\/\/productive.io\/de\/?s={search_term_string}"},"query-input":{"@type":"PropertyValueSpecification","valueRequired":true,"valueName":"search_term_string"}}],"inLanguage":"de-DE"},{"@type":"Organization","@id":"https:\/\/productive.io\/de\/#organization","name":"Productive","url":"https:\/\/productive.io\/de\/","logo":{"@type":"ImageObject","inLanguage":"de-DE","@id":"https:\/\/productive.io\/de\/#\/schema\/logo\/image\/","url":"https:\/\/website-assets.productive.io\/uploads\/2025\/09\/Productive-logo-for-Yoast-do-not-delete.webp","contentUrl":"https:\/\/website-assets.productive.io\/uploads\/2025\/09\/Productive-logo-for-Yoast-do-not-delete.webp","width":696,"height":696,"caption":"Productive"},"image":{"@id":"https:\/\/productive.io\/de\/#\/schema\/logo\/image\/"},"sameAs":["https:\/\/www.facebook.com\/productiveio\/","https:\/\/www.linkedin.com\/company\/productive-io\/","https:\/\/www.youtube.com\/@productive_io","https:\/\/www.instagram.com\/productive.io\/","https:\/\/www.g2.com\/products\/productive\/reviews","https:\/\/www.capterra.com\/p\/169710\/Productive\/","https:\/\/www.crunchbase.com\/organization\/productive-io","https:\/\/www.trustpilot.com\/review\/www.productive.io","https:\/\/github.com\/productiveio"],"description":"Productive - Agency Management & PSA - Run resources, projects, budgets, and profitability in one platform built for agencies and professional services.","email":"contact@productive.io","legalName":"The Productive Company Inc.","foundingDate":"2014-01-01","numberOfEmployees":{"@type":"QuantitativeValue","minValue":"51","maxValue":"200"}}]}},"_links":{"self":[{"href":"https:\/\/productive.io\/de\/wp-json\/wp\/v2\/pages\/56704","targetHints":{"allow":["GET"]}}],"collection":[{"href":"https:\/\/productive.io\/de\/wp-json\/wp\/v2\/pages"}],"about":[{"href":"https:\/\/productive.io\/de\/wp-json\/wp\/v2\/types\/page"}],"author":[{"embeddable":true,"href":"https:\/\/productive.io\/de\/wp-json\/wp\/v2\/users\/44"}],"replies":[{"embeddable":true,"href":"https:\/\/productive.io\/de\/wp-json\/wp\/v2\/comments?post=56704"}],"version-history":[{"count":10,"href":"https:\/\/productive.io\/de\/wp-json\/wp\/v2\/pages\/56704\/revisions"}],"predecessor-version":[{"id":69405,"href":"https:\/\/productive.io\/de\/wp-json\/wp\/v2\/pages\/56704\/revisions\/69405"}],"up":[{"embeddable":true,"href":"https:\/\/productive.io\/de\/wp-json\/wp\/v2\/pages\/59556"}],"wp:attachment":[{"href":"https:\/\/productive.io\/de\/wp-json\/wp\/v2\/media?parent=56704"}],"wp:term":[{"taxonomy":"job-category","embeddable":true,"href":"https:\/\/productive.io\/de\/wp-json\/wp\/v2\/job-category?post=56704"},{"taxonomy":"page-category","embeddable":true,"href":"https:\/\/productive.io\/de\/wp-json\/wp\/v2\/page-category?post=56704"}],"curies":[{"name":"wp","href":"https:\/\/api.w.org\/{rel}","templated":true}]}}