{"id":56701,"date":"2023-04-20T11:07:09","date_gmt":"2023-04-20T11:07:09","guid":{"rendered":"https:\/\/productive.io\/?page_id=56701"},"modified":"2025-09-18T21:54:23","modified_gmt":"2025-09-18T21:54:23","slug":"lp-scoro-alternative","status":"publish","type":"page","link":"https:\/\/productive.io\/de\/lp-scoro-alternative\/","title":{"rendered":"Alternative &#8211; Scoro"},"content":{"rendered":"<h1   > <strong><strong>SCORO ALTERNATIVE<\/strong><\/strong><\/h1> <h2   > Agenturen w\u00e4hlen Productive als leistungsstarke <strong>Scoro Alternative<\/strong><\/h2> <h3   > Komplette Agentur-Lebenszyklen \u2013 vom Verkauf bis zur Abrechnung \u2013 ohne zus\u00e4tzliche Tools. Productive ist das einzige Tool, das du f\u00fcr den Betrieb einer profitable Agentur ben\u00f6tigst.<\/h3> <p   > Kostenlos testen<\/p> <a   id=\"book-a-demo-hero\"data-cta-position-page=hero-ab1 data-cta-position-num=1 data-cta-conversion-type=book_a_demo data-cta-form-type=link data-cta-block-type=button href=\"https:\/\/productive.io\/de\/demo-buchen\/\" > <p   > Demo buchen<\/p> <\/a> <p   > Kostenlose 14-t\u00e4gige Testversion. Jederzeit k\u00fcndbar.<\/p> <img  src=\"https:\/\/website-assets.productive.io\/uploads\/2025\/05\/FC-Productive-Prognose-Hauptmotiv-d.svg\"  alt=\"\" loading=lazy \/> <p   > s<\/p> <h2   > End-to-End Agentur-Management<\/h2><p   > Vereinfache komplexe Agenturprozesse mit einer Plattform, die mit dir w\u00e4chst \u2013 vom Ressourcenmanagement bis zur Budgetverwaltung.<\/p> <p   > s<\/p> <h2   > Flexible Preisgestaltung<\/h2><p   > Ob kleines Team oder gro\u00dfe Agentur, starte mit so vielen oder wenigen Nutzern wie n\u00f6tig, alles zu einem Bruchteil der Kosten.<\/p> <p   > s<\/p> <h2   > <strong>Volle<\/strong> <strong>Einarbeitung und Unterst\u00fctzung<\/strong><\/h2><p   > Von der Daten\u00fcbertragung bis zur Einrichtung deiner ersten Budgets bietet unser Team die Unterst\u00fctzung die du ben\u00f6tigst, um schnell zu starten\u2014damit du dich auf das Wachstum deines Gesch\u00e4fts konzentrieren kannst.<br><\/p> <h2   > <strong>Warum Productive w\u00e4hlen <\/strong><br>anstatt Scoro<\/h2> <p   > Entdecke, warum Productive die Nr. 1 unter den Agenturmanagement-Software ist<\/p> <p  > Vollst\u00e4ndig anpassbare Berichte<\/p> <p  > Funktion f\u00fcr Gemeinkosten<\/p> <p  > Dokumente<\/p> <p  > Umsatzprognose<\/p> <p  > Ressourcenplanung<\/p> <p  > Keine Mindestanzahl von Pl\u00e4tzen erforderlich<\/p> <h4  > <strong>Produktiv<\/strong><\/h4> <h3  > $24<\/h3><p  > pro Nutzer \/ Monat<\/p> <h4  > <strong>Scoro<\/strong><\/h4> <h3  > $63<\/h3><p  > pro Nutzer \/ Monat<\/p> <h2   > Zugriff auf \u00fcber <strong>50 agenturfokussierte <\/strong>Berichte<\/h2> <p   > M\u00f6chtest du die Rentabilit\u00e4t nach Kunde oder die Auslastung pro Teammitglied sehen? M\u00f6chtest du den Umsatz pro Gesch\u00e4ftseinheit sehen? Besuche die Berichtsbibliothek.<\/p> <p   > patricK osburn<br>Leiter der Serviceoperationen,<br>quintica<\/p> <p   > Bevor ich Productive nutzte, musste ich 8 Stunden aufwenden, um bestimmte Zahlen zu ermitteln. Jetzt habe ich diese Zahlen in Echtzeit, auf einen Blick.<\/p> <img  src=\"https:\/\/website-assets.productive.io\/uploads\/2025\/05\/R-Productive-over-50-reports-d.svg\"  alt=\"\" loading=lazy \/> <img  src=\"https:\/\/website-assets.productive.io\/uploads\/2025\/05\/R-Productive-actual-utilization-graph-d.svg\"  alt=\"\" loading=lazy \/> <h4   > <strong>Tats\u00e4chliche Auslastung durch Mitarbeiter<\/strong><\/h4> <p   > Die \u00dcberwachung der Personalauslastung kann dir helfen, die Rentabilit\u00e4t deiner Projekte zu maximieren.<\/p> <img  src=\"https:\/\/website-assets.productive.io\/uploads\/2025\/05\/R-Productive-actual-utilization-percentage-d.svg\"  alt=\"\" loading=lazy \/> <h4   > <strong><strong>Sehen, wo der Gewinn herkommt<\/strong><br><\/strong><\/h4> <p   > Verstehen, woher der Gewinn kommt und nach Projekten, Kunden, Mitarbeitern oder Branchen gliedern.<\/p> <img  src=\"https:\/\/website-assets.productive.io\/uploads\/2025\/05\/R-Productive-budgets-for-invocing-d.svg\"  alt=\"\" loading=lazy \/> <h4   > <strong><strong>Immer wissen, was als n\u00e4chstes f\u00fcr die Rechnungsstellung ansteht<\/strong><br><\/strong><\/h4> <p   > Mach dir keine Sorgen, ein Projekt oder eine Projektphase zu vergessen, oder in Rechnung zu stellen. In der Berichtsbibliothek findest du alle Betr\u00e4ge, die noch zur Rechnungsstellung offen sind.<\/p> <img  src=\"https:\/\/website-assets.productive.io\/uploads\/2025\/05\/TOM-Productive-Zeit-frei-nehmen-d.svg\"  alt=\"\" loading=lazy \/> <h2   > <strong>Kein HR-Tool erforderlich<\/strong>\u00a0zur Verwaltung von\u00a0<strong>Urlaubszeiten<\/strong>.<br><\/h2> <h2   > <strong><strong>Urlaubsantrag genehmigen<\/strong><\/strong><\/h2><p   > Wenn ein Teammitglied Urlaub beantragt, kann der Manager diesen in Productive genehmigen.<\/p> <h2   > <strong><strong>Urlaub wird automatisch Teil deiner Ressourcenpl\u00e4ne<\/strong><\/strong><\/h2><p   > Sobald ein Urlaubsantrag genehmigt wurde, verwende einen Filter, um anzuzeigen, welche Teammitglieder sich im Urlaub befinden.<\/p> <h2   > <strong>Mit deinem aktuellen HR-Tool verbinden<\/strong><\/h2><p   > Benutzt du bereits eine HR-Software? Kein Problem, du kannst <a href=\"https:\/\/productive.io\/integrations\/#hr-integrations\">eine Integration erstellen<\/a>, um Daten zu synchronisieren und Doppelarbeit zu vermeiden. <\/p> <h2   > Erreiche das\u00a0<strong>wahre Potenzial\u00a0<\/strong>deiner Agentur<\/h2> <p   > Von mehreren Tools und Tabellen zu einem skalierbaren Agentur-Management-System wechseln.<\/p> <h2   > <strong>Leistungsstarke<\/strong> Budgetverwaltung<\/h2> <h3   > Baue und verwalte effektiv jedes Budget, sei es Festpreis, st\u00fcndlich, mit oder ohne Fremdkosten.<\/h3> <p   > Kostenlos testen<\/p> <img  src=\"https:\/\/website-assets.productive.io\/uploads\/2025\/05\/BU-Productive-starkes-Budgetmanagement-d.svg\"  alt=\"\" loading=lazy \/> <img  src=\"https:\/\/website-assets.productive.io\/uploads\/2025\/05\/BU-Productive-fester-Stundensatz-d.svg\"  alt=\"\" loading=lazy \/> <h3   > Festpreis, st\u00fcndlich oder gemischt? <strong>Kein Problem<\/strong> <\/h3> <p   > In Productive k\u00f6nnen Budgets nach Belieben erstellt werden.<\/p> <img  src=\"https:\/\/website-assets.productive.io\/uploads\/2025\/05\/BI-Productive-Retainer-Rechnungsstellung-d.svg\"  alt=\"\" loading=lazy \/> <h3   > Einrichtung der <strong>Agentur-Retainer-Arbeit<\/strong> <\/h3> <p   > Nutze die wiederkehrenden Budgets von Productive, um deine Retainer einfach zu verwalten. Kombiniere Festpreismodelle oder st\u00fcndliche Abrechnungen bei den Dienstleistungen.<\/p> <img  src=\"https:\/\/website-assets.productive.io\/uploads\/2025\/05\/BU-Productive-komplexe-Projekte-managen-d.svg\"  alt=\"\" loading=lazy \/> <h3   > <strong>Komplexe Projekte verwalten<\/strong> mit mehreren Phasen<\/h3> <p   > Prozesse vereinfachen bei gro\u00dfen, langfristigen Projekten, indem du Budgets in einzelne Phasen unterteilst. Du bekommst einen vollst\u00e4ndigen \u00dcberblick \u00fcber die Gesundheit deiner Projekte und vereinfachst das Finanzmanagement.<\/p> <h3   > <strong>Integriere<\/strong> mit den weltweit f\u00fchrenden <strong>Buchhaltungstools<\/strong><\/h3> <p   > Erstelle und \u00fcbermittle deine Rechnungen nahtlos an das Buchhaltungstool deiner Wahl: Xero, QuickBooks, Exact, Sage und viele mehr. Danach kannst du die Zahlungen einfach zur\u00fcck synchronisieren in Productive.<\/p> <a   target=_blank rel=\"noopener noreferrer\" href=\"https:\/\/productive.io\/de\/integrationen\/\" > <p   > Integrationen ansehen<\/p> <\/a> <img  src=\"https:\/\/website-assets.productive.io\/uploads\/2024\/05\/Hero-Integrations-Accounting-Grey.svg\"  alt=\"\" loading=lazy \/> <img  src=\"https:\/\/productive.io\/wp-content\/uploads\/2021\/08\/brendon-1.png\"  alt=\"\" loading=lazy \/> <p   > brendon nicholas<br>Mitbegr\u00fcnder und Technischer Leiter,<br>dotdev<\/p> <p   > Eine Plattform zu haben, die die Geh\u00e4lter aller Mitarbeiter sowie die Betriebskosten ber\u00fccksichtigt und diese in Projektbudgets einflie\u00dfen l\u00e4sst, bietet uns eine Echtzeit- und genauere Sicht auf die Rentabilit\u00e4t spezifischer Projekte.<\/p> <img  src=\"https:\/\/productive.io\/wp-content\/uploads\/2021\/08\/nika-serdoner.png\"  alt=\"\" loading=lazy \/> <p   > NIKA SERDONER<br>PROJEKTMANAGERIN<br>ENKI<\/p> <p   > Aus Sicht des Managements ist der Hauptvorteil des Tools, dass man die Rentabilit\u00e4t in Echtzeit sieht. Sie ist da. Wir m\u00fcssen sie nicht berechnen oder Berichte von unserem Buchhalter anfordern.<\/p> <img  src=\"https:\/\/productive.io\/wp-content\/uploads\/2021\/12\/marko-baric-2S-1.png\"  alt=\"\" loading=lazy \/> <p   > MARKO BARI\u0106<br>CEO<br>TYPEQAST<\/p> <p   > Ohne Productive h\u00e4tten wir Schwierigkeiten gehabt, das Wachstum unseres Unternehmens zu steuern. Seit wir damit begonnen haben, sind wir dreimal so gro\u00df geworden.<\/p> <img  src=\"https:\/\/productive.io\/wp-content\/uploads\/2021\/08\/ervin-jagatic.png\"  alt=\"\" loading=lazy \/> <p   > ERVIN JAGATI\u0106<br>LEITER DER KUNDENDIENSTLEISTUNGEN<br>INFINUM<\/p> <p   > Einblicke sind unser zentraler Ort geworden, um wichtige Metriken, Analysen, Zahlen, Graphen und \u2013 einfach gesagt \u2013 den Puls unserer Agentur zu verfolgen. Derzeit ist es schwer vorstellbar, wie unsere Arbeit ohne Einblicke aussehen w\u00fcrde. F\u00fcr uns ist es sicher ein Must-have-Feature.<br><\/p> <p   > <\/p> <p   > <\/p><a   href=\"#\" > <p   > <\/p> <\/a> <img  src=\"https:\/\/productive.io\/wp-content\/uploads\/2021\/08\/Brendon-Nicholas-Co-founder-and-Technical-Director-Dotdev.png\"  alt=\"\" loading=lazy \/> <p   > brendon nicholas<br>Mitbegr\u00fcnder und Technischer Leiter,<br>dotdev<\/p> <p   > Eine Plattform zu haben, die die Geh\u00e4lter aller Mitarbeiter sowie die Betriebskosten ber\u00fccksichtigt und diese in Projektbudgets einflie\u00dfen l\u00e4sst, bietet uns eine Echtzeit- und genauere Sicht auf die Rentabilit\u00e4t spezifischer Projekte.<\/p> <img  src=\"https:\/\/productive.io\/wp-content\/uploads\/2021\/08\/Nika_Serdoner-Project-Manager-at-ENKI.png\"  alt=\"\" loading=lazy \/> <p   > nika serdoner<br>projektmanager<br>enki<\/p> <p   > Aus Sicht des Managements ist der Hauptvorteil des Tools, dass man die Rentabilit\u00e4t in Echtzeit sieht. Sie ist da. Wir m\u00fcssen sie nicht berechnen oder Berichte von unserem Buchhalter anfordern.<\/p> <img  src=\"https:\/\/productive.io\/wp-content\/uploads\/2021\/08\/Marko-Baric-CEO-at-Typeqast.png\"  alt=\"\" loading=lazy \/> <p   > marko bari\u0107<br>ceo<br>typeqast<\/p> <p   > Ohne Productive h\u00e4tten wir Schwierigkeiten gehabt, das Wachstum unseres Unternehmens zu steuern. Seit wir damit begonnen haben, sind wir dreimal so gro\u00df geworden.<\/p> <p   > <\/p>","protected":false},"excerpt":{"rendered":"","protected":false},"author":38,"featured_media":0,"parent":0,"menu_order":0,"comment_status":"closed","ping_status":"closed","template":"","meta":{"_acf_changed":false,"es_utils_meta_schema":"","footnotes":""},"job-category":[],"page-category":[1090,1089],"class_list":["post-56701","page","type-page","status-publish","hentry"],"acf":[],"yoast_head":"<!-- This site is optimized with the Yoast SEO Premium plugin v27.2 (Yoast SEO v27.2) - https:\/\/yoast.com\/product\/yoast-seo-premium-wordpress\/ -->\n<title>Alternative - Scoro - Productive<\/title>\n<meta name=\"robots\" content=\"noindex, follow\" \/>\n<meta property=\"og:locale\" content=\"de_DE\" \/>\n<meta property=\"og:type\" content=\"article\" \/>\n<meta property=\"og:title\" content=\"Alternative - Scoro\" \/>\n<meta property=\"og:url\" content=\"https:\/\/productive.io\/de\/lp-scoro-alternative\/\" \/>\n<meta property=\"og:site_name\" content=\"Productive\" \/>\n<meta property=\"article:publisher\" content=\"https:\/\/www.facebook.com\/productiveio\/\" \/>\n<meta property=\"article:modified_time\" content=\"2025-09-18T21:54:23+00:00\" \/>\n<meta name=\"twitter:card\" content=\"summary_large_image\" \/>\n<meta name=\"twitter:label1\" content=\"Gesch\u00e4tzte Lesezeit\" \/>\n\t<meta name=\"twitter:data1\" content=\"7 minutes\" \/>\n<script type=\"application\/ld+json\" class=\"yoast-schema-graph\">{\"@context\":\"https:\/\/schema.org\",\"@graph\":[{\"@type\":\"WebPage\",\"@id\":\"https:\/\/productive.io\/de\/lp-scoro-alternative\/\",\"url\":\"https:\/\/productive.io\/de\/lp-scoro-alternative\/\",\"name\":\"Alternative - Scoro - Productive\",\"isPartOf\":{\"@id\":\"https:\/\/productive.io\/de\/#website\"},\"datePublished\":\"2023-04-20T11:07:09+00:00\",\"dateModified\":\"2025-09-18T21:54:23+00:00\",\"breadcrumb\":{\"@id\":\"https:\/\/productive.io\/de\/lp-scoro-alternative\/#breadcrumb\"},\"inLanguage\":\"de-DE\",\"potentialAction\":[{\"@type\":\"ReadAction\",\"target\":[\"https:\/\/productive.io\/de\/lp-scoro-alternative\/\"]}]},{\"@type\":\"BreadcrumbList\",\"@id\":\"https:\/\/productive.io\/de\/lp-scoro-alternative\/#breadcrumb\",\"itemListElement\":[{\"@type\":\"ListItem\",\"position\":1,\"name\":\"Home\",\"item\":\"https:\/\/productive.io\/de\/\"},{\"@type\":\"ListItem\",\"position\":2,\"name\":\"Alternative &#8211; Scoro\"}]},{\"@type\":\"WebSite\",\"@id\":\"https:\/\/productive.io\/de\/#website\",\"url\":\"https:\/\/productive.io\/de\/\",\"name\":\"Productive\",\"description\":\"The Only Tool You Need To Run a Profitable Agency\",\"publisher\":{\"@id\":\"https:\/\/productive.io\/de\/#organization\"},\"potentialAction\":[{\"@type\":\"SearchAction\",\"target\":{\"@type\":\"EntryPoint\",\"urlTemplate\":\"https:\/\/productive.io\/de\/?s={search_term_string}\"},\"query-input\":{\"@type\":\"PropertyValueSpecification\",\"valueRequired\":true,\"valueName\":\"search_term_string\"}}],\"inLanguage\":\"de-DE\"},{\"@type\":\"Organization\",\"@id\":\"https:\/\/productive.io\/de\/#organization\",\"name\":\"Productive\",\"url\":\"https:\/\/productive.io\/de\/\",\"logo\":{\"@type\":\"ImageObject\",\"inLanguage\":\"de-DE\",\"@id\":\"https:\/\/productive.io\/de\/#\/schema\/logo\/image\/\",\"url\":\"https:\/\/website-assets.productive.io\/uploads\/2025\/09\/Productive-logo-for-Yoast-do-not-delete.webp\",\"contentUrl\":\"https:\/\/website-assets.productive.io\/uploads\/2025\/09\/Productive-logo-for-Yoast-do-not-delete.webp\",\"width\":696,\"height\":696,\"caption\":\"Productive\"},\"image\":{\"@id\":\"https:\/\/productive.io\/de\/#\/schema\/logo\/image\/\"},\"sameAs\":[\"https:\/\/www.facebook.com\/productiveio\/\",\"https:\/\/www.linkedin.com\/company\/productive-io\/\",\"https:\/\/www.youtube.com\/@productive_io\",\"https:\/\/www.instagram.com\/productive.io\/\",\"https:\/\/www.g2.com\/products\/productive\/reviews\",\"https:\/\/www.capterra.com\/p\/169710\/Productive\/\",\"https:\/\/www.crunchbase.com\/organization\/productive-io\",\"https:\/\/www.trustpilot.com\/review\/www.productive.io\",\"https:\/\/github.com\/productiveio\"],\"description\":\"Productive - Agency Management & PSA - Run resources, projects, budgets, and profitability in one platform built for agencies and professional services.\",\"email\":\"contact@productive.io\",\"legalName\":\"The Productive Company Inc.\",\"foundingDate\":\"2014-01-01\",\"numberOfEmployees\":{\"@type\":\"QuantitativeValue\",\"minValue\":\"51\",\"maxValue\":\"200\"}}]}<\/script>\n<!-- \/ Yoast SEO Premium plugin. -->","yoast_head_json":{"title":"Alternative - Scoro - Productive","robots":{"index":"noindex","follow":"follow"},"og_locale":"de_DE","og_type":"article","og_title":"Alternative - Scoro","og_url":"https:\/\/productive.io\/de\/lp-scoro-alternative\/","og_site_name":"Productive","article_publisher":"https:\/\/www.facebook.com\/productiveio\/","article_modified_time":"2025-09-18T21:54:23+00:00","twitter_card":"summary_large_image","twitter_misc":{"Gesch\u00e4tzte Lesezeit":"7 minutes"},"schema":{"@context":"https:\/\/schema.org","@graph":[{"@type":"WebPage","@id":"https:\/\/productive.io\/de\/lp-scoro-alternative\/","url":"https:\/\/productive.io\/de\/lp-scoro-alternative\/","name":"Alternative - Scoro - Productive","isPartOf":{"@id":"https:\/\/productive.io\/de\/#website"},"datePublished":"2023-04-20T11:07:09+00:00","dateModified":"2025-09-18T21:54:23+00:00","breadcrumb":{"@id":"https:\/\/productive.io\/de\/lp-scoro-alternative\/#breadcrumb"},"inLanguage":"de-DE","potentialAction":[{"@type":"ReadAction","target":["https:\/\/productive.io\/de\/lp-scoro-alternative\/"]}]},{"@type":"BreadcrumbList","@id":"https:\/\/productive.io\/de\/lp-scoro-alternative\/#breadcrumb","itemListElement":[{"@type":"ListItem","position":1,"name":"Home","item":"https:\/\/productive.io\/de\/"},{"@type":"ListItem","position":2,"name":"Alternative &#8211; Scoro"}]},{"@type":"WebSite","@id":"https:\/\/productive.io\/de\/#website","url":"https:\/\/productive.io\/de\/","name":"Productive","description":"The Only Tool You Need To Run a Profitable Agency","publisher":{"@id":"https:\/\/productive.io\/de\/#organization"},"potentialAction":[{"@type":"SearchAction","target":{"@type":"EntryPoint","urlTemplate":"https:\/\/productive.io\/de\/?s={search_term_string}"},"query-input":{"@type":"PropertyValueSpecification","valueRequired":true,"valueName":"search_term_string"}}],"inLanguage":"de-DE"},{"@type":"Organization","@id":"https:\/\/productive.io\/de\/#organization","name":"Productive","url":"https:\/\/productive.io\/de\/","logo":{"@type":"ImageObject","inLanguage":"de-DE","@id":"https:\/\/productive.io\/de\/#\/schema\/logo\/image\/","url":"https:\/\/website-assets.productive.io\/uploads\/2025\/09\/Productive-logo-for-Yoast-do-not-delete.webp","contentUrl":"https:\/\/website-assets.productive.io\/uploads\/2025\/09\/Productive-logo-for-Yoast-do-not-delete.webp","width":696,"height":696,"caption":"Productive"},"image":{"@id":"https:\/\/productive.io\/de\/#\/schema\/logo\/image\/"},"sameAs":["https:\/\/www.facebook.com\/productiveio\/","https:\/\/www.linkedin.com\/company\/productive-io\/","https:\/\/www.youtube.com\/@productive_io","https:\/\/www.instagram.com\/productive.io\/","https:\/\/www.g2.com\/products\/productive\/reviews","https:\/\/www.capterra.com\/p\/169710\/Productive\/","https:\/\/www.crunchbase.com\/organization\/productive-io","https:\/\/www.trustpilot.com\/review\/www.productive.io","https:\/\/github.com\/productiveio"],"description":"Productive - Agency Management & PSA - Run resources, projects, budgets, and profitability in one platform built for agencies and professional services.","email":"contact@productive.io","legalName":"The Productive Company Inc.","foundingDate":"2014-01-01","numberOfEmployees":{"@type":"QuantitativeValue","minValue":"51","maxValue":"200"}}]}},"_links":{"self":[{"href":"https:\/\/productive.io\/de\/wp-json\/wp\/v2\/pages\/56701","targetHints":{"allow":["GET"]}}],"collection":[{"href":"https:\/\/productive.io\/de\/wp-json\/wp\/v2\/pages"}],"about":[{"href":"https:\/\/productive.io\/de\/wp-json\/wp\/v2\/types\/page"}],"author":[{"embeddable":true,"href":"https:\/\/productive.io\/de\/wp-json\/wp\/v2\/users\/38"}],"replies":[{"embeddable":true,"href":"https:\/\/productive.io\/de\/wp-json\/wp\/v2\/comments?post=56701"}],"version-history":[{"count":10,"href":"https:\/\/productive.io\/de\/wp-json\/wp\/v2\/pages\/56701\/revisions"}],"predecessor-version":[{"id":65328,"href":"https:\/\/productive.io\/de\/wp-json\/wp\/v2\/pages\/56701\/revisions\/65328"}],"wp:attachment":[{"href":"https:\/\/productive.io\/de\/wp-json\/wp\/v2\/media?parent=56701"}],"wp:term":[{"taxonomy":"job-category","embeddable":true,"href":"https:\/\/productive.io\/de\/wp-json\/wp\/v2\/job-category?post=56701"},{"taxonomy":"page-category","embeddable":true,"href":"https:\/\/productive.io\/de\/wp-json\/wp\/v2\/page-category?post=56701"}],"curies":[{"name":"wp","href":"https:\/\/api.w.org\/{rel}","templated":true}]}}