{"id":56684,"date":"2023-05-31T11:46:38","date_gmt":"2023-05-31T11:46:38","guid":{"rendered":"https:\/\/productive.io\/?page_id=56684"},"modified":"2025-09-18T21:51:19","modified_gmt":"2025-09-18T21:51:19","slug":"lp-teamwork-alternative","status":"publish","type":"page","link":"https:\/\/productive.io\/de\/lp-teamwork-alternative\/","title":{"rendered":"Alternative &#8211; Teamwork"},"content":{"rendered":"<h1   > <strong><strong>WECHSEL ZU PRODUCTIVE<\/strong><\/strong><\/h1> <h2   > Bezahle weniger, bekomme mehr mit Productive, einer <strong>Alternative zu Teamwork<\/strong> <\/h2> <h3   > Productive bietet dir alle Werkzeuge, die du ben\u00f6tigst, um den gesamten Lebenszyklus deiner Agentur zu verwalten \u2014 von Vertrieb bis Abrechnung \u2014 zu geringeren Kosten als bei Teamwork. Vereinfache Abl\u00e4ufe und steigere deine Gewinne.<\/h3> <p   > Kostenlos testen<\/p> <a   id=\"book-a-demo-hero\"data-cta-position-page=hero-ab1 data-cta-position-num=1 data-cta-conversion-type=book_a_demo data-cta-form-type=link data-cta-block-type=button href=\"https:\/\/productive.io\/de\/demo-buchen\/\" > <p   > Demo buchen<\/p> <\/a> <p   > Kostenlose 14-t\u00e4gige Testversion. Jederzeit k\u00fcndbar.<\/p> <img  src=\"https:\/\/website-assets.productive.io\/uploads\/2025\/05\/FC-Productive-Prognose-Hauptmotiv-d.svg\"  alt=\"\" loading=lazy \/> <p   > s<\/p> <h2   > End-to-End Agenturverwaltung<\/h2><p   > Eine skalierbare Plattform f\u00fcr Agenturen jeder Gr\u00f6\u00dfe \u2014 mit Preisen, die besser zu deinen Bed\u00fcrfnissen passen als die meisten Preispl\u00e4ne von Teamwork.<\/p> <p   > s<\/p> <h2   > <strong><strong><strong>Keine versteckten Kosten<\/strong><\/strong><\/strong><\/h2><p   > Transparente, flexible Pl\u00e4ne, die den Bed\u00fcrfnissen deines Teams gerecht werden \u2014 eine klare Wahl, wenn man die Kosten von Productive mit Teamwork vergleicht. Monatlich oder j\u00e4hrlich zahlen.<\/p> <p   > s<\/p> <h2   > <strong><strong><strong>Vollst\u00e4ndige Einf\u00fchrung und Support<\/strong><\/strong><\/strong><\/h2><p   > Wir helfen dir, deine ersten Budgets einzurichten, deine Daten zu importieren und nahtlos zu Productive zu wechseln.<\/p> <h2   > <strong>Warum Productive w\u00e4hlen <\/strong><br>statt Teamwork<\/h2> <p   > Erfahre, warum Productive die Nr.1 Software f\u00fcr Agenturverwaltung ist<\/p> <p  > Keine Mindestanzahl an Nutzern<\/p> <p  > Agenturauslastungs-Einblicke<\/p> <p  > Finanzielle Prognosen <\/p> <p  > Anpassbare Berichte und Dashboards<\/p> <p  > Urlaubsverwaltung<\/p> <p  > Budgetwarnungen f\u00fcr verbrauchtes Geld<\/p> <p  > Einblicke-Bibliothek<\/p> <h4  > <strong>Productive<\/strong><\/h4> <h3  > $32<\/h3><p  > pro Nutzer \/ Monat<\/p> <h4  > Teamwork<\/h4> <h3  > $54.99<\/h3><p  > pro Nutzer \/ Monat<\/p> <h2   > Nutze das <strong>volle Potential<\/strong> deiner Agentur<\/h2><p   > Wechsel von mehreren Tools und Tabellenkalkulationen zu einem skalierbaren Managementsystem f\u00fcr Agenturen. Teste Productive 14 Tage lang.<\/p> <p   > Kostenlos testen<\/p> <img  src=\"https:\/\/website-assets.productive.io\/uploads\/2024\/10\/Capterra.svg\"  alt=\"\" loading=lazy \/> <h2   > Greife auf \u00fcber <strong>50 agenturzentrierte<\/strong> Berichte zu<\/h2> <p   > M\u00f6chtest du die Rentabilit\u00e4t von Kunden oder die Auslastung pro Teammitglied genau analysieren? M\u00f6chtest du den Umsatz nach Gesch\u00e4ftseinheit sehen? Besuche die Berichtsbibliothek.<\/p> <p   > patricK osburn<br>leitender Betriebsleiter,<br>quintica<\/p> <p   > Bevor ich Productive verwendete, musste ich 8 Stunden investieren, um bestimmte Zahlen herauszufinden. Jetzt habe ich diese Zahlen in Echtzeit, auf einen Blick.<\/p> <img  src=\"https:\/\/website-assets.productive.io\/uploads\/2025\/05\/R-Productive-over-50-reports-d.svg\"  alt=\"\" loading=lazy \/> <img  src=\"https:\/\/website-assets.productive.io\/uploads\/2025\/05\/R-Productive-check-financials-d.svg\"  alt=\"\" loading=lazy \/> <h2   > \u00dcberwache die <strong>Finanzen deiner Agentur in Echtzeit<\/strong><\/h2> <p   > Behalte deinen Umsatz, die Kosten, den Gewinn, den Durchschnittspreis, die geleisteten Arbeitsstunden und alle mit den Ausgaben verbundenen Details im Blick. Nutze historische und aktuelle Daten, um zuk\u00fcnftige Entscheidungen vorherzusagen und zu planen.<\/p> <p   > Orion Jensen<br>CEO, Clear Launch<\/p> <p   > Wir wussten immer, wie unser Unternehmen monatlich lief, aber die Sichtbarkeit auf Projektebene in Echtzeit hatten wir nie wirklich.<\/p> <h2   > Integriere Tools und <strong>reduziere manuelle Arbeit<\/strong><\/h2> <p   > Integriere mit den restlichen Gesch\u00e4ftstools wie Xero, JIRA, Slack oder QuickBooks und liefere Projekte schneller.<\/p> <a   href=\"https:\/\/productive.io\/de\/integrationen\/\" > <p   > Zu den Integrationen<\/p> <\/a> <img  src=\"https:\/\/website-assets-staging.productive.io\/uploads\/2025\/01\/xero.svg\" alt=\"Scrolling image item 1-1\" \/> Xero <img  src=\"https:\/\/website-assets-staging.productive.io\/uploads\/2025\/01\/Slack.svg\" alt=\"Scrolling image item 1-2\" \/> Slack <img  src=\"https:\/\/website-assets.productive.io\/uploads\/2025\/02\/Quickbooks.svg\" alt=\"Scrolling image item 1-3\" \/> QuickBooks <img  src=\"https:\/\/website-assets-staging.productive.io\/uploads\/2025\/01\/Hubspot.svg\" alt=\"Scrolling image item 1-4\" \/> HubSpot <img  src=\"https:\/\/website-assets-staging.productive.io\/uploads\/2025\/01\/Google-calendar.svg\" alt=\"Scrolling image item 1-5\" \/> Google Cal <img  src=\"https:\/\/website-assets-staging.productive.io\/uploads\/2025\/01\/Zapier-logo-icon.svg\" alt=\"Scrolling image item 1-6\" \/> Zapier <img  src=\"https:\/\/website-assets-staging.productive.io\/uploads\/2025\/01\/Exact.svg\" alt=\"Scrolling image item 2-1\" \/> Exact <img  src=\"https:\/\/website-assets-staging.productive.io\/uploads\/2025\/01\/Visma.svg\" alt=\"Scrolling image item 2-2\" \/> Visma <img  src=\"https:\/\/website-assets-staging.productive.io\/uploads\/2025\/01\/Fortnox.svg\" alt=\"Scrolling image item 2-3\" \/> Fortnox <img  src=\"https:\/\/website-assets-staging.productive.io\/uploads\/2025\/01\/TwinfieldAccounting.svg\" alt=\"Scrolling image item 2-4\" \/> Twinfield <img  src=\"https:\/\/website-assets-staging.productive.io\/uploads\/2025\/01\/CPP.svg\" alt=\"Scrolling image item 2-5\" \/> CPP <img  src=\"https:\/\/website-assets-staging.productive.io\/uploads\/2025\/01\/Sage.svg\" alt=\"Scrolling image item 2-6\" \/> Sage <img  src=\"https:\/\/website-assets-staging.productive.io\/uploads\/2025\/01\/Breathe-HR.svg\" alt=\"Scrolling image item 3-1\" \/> BreatheHR <img  src=\"https:\/\/website-assets-staging.productive.io\/uploads\/2025\/01\/BambooHR.svg\" alt=\"Scrolling image item 3-2\" \/> BambooHR <img  src=\"https:\/\/website-assets-staging.productive.io\/uploads\/2025\/01\/CharlieHR.svg\" alt=\"Scrolling image item 3-3\" \/> CharlieHR <img  src=\"https:\/\/website-assets-staging.productive.io\/uploads\/2025\/01\/Personio.svg\" alt=\"Scrolling image item 3-4\" \/> Personio <img  src=\"https:\/\/website-assets-staging.productive.io\/uploads\/2025\/01\/Rippling.svg\" alt=\"Scrolling image item 3-5\" \/> Rippling <img  src=\"https:\/\/website-assets-staging.productive.io\/uploads\/2025\/01\/Hibob.svg\" alt=\"Scrolling image item 3-6\" \/> HiBob <h2   > <strong>Starkes <\/strong>Budgetmanagement<\/h2> <h3   > Erstelle und verwalte effizient jedes Budget \u2014 sei es ein Festpreis, stundenweise oder mit oder ohne Drittkosten.<\/h3> <p   > Kostenlos testen<\/p> <img  src=\"https:\/\/website-assets.productive.io\/uploads\/2025\/05\/BU-Productive-starkes-Budgetmanagement-d.svg\"  alt=\"\" loading=lazy \/> <img  src=\"https:\/\/website-assets.productive.io\/uploads\/2025\/05\/BU-Productive-fester-Stundensatz-d.svg\"  alt=\"\" loading=lazy \/> <h3   > Festpreis, Stundens\u00e4tze oder gemischt? <strong>Kein Problem<\/strong> <\/h3> <p   > Erstelle Budgets in Productive nach deinen W\u00fcnschen.<\/p> <img  src=\"https:\/\/website-assets.productive.io\/uploads\/2025\/05\/BI-Productive-Retainer-Rechnungsstellung-d.svg\"  alt=\"\" loading=lazy \/> <h2   > Richte die <strong>Retainer-Arbeit<\/strong> deiner Agentur ein <\/h2> <p   > Verwende die wiederkehrenden Budgets von Productive, um deine Retainer einfach zu verwalten. Kombiniere Festpreise oder stundenweise Modelle bei der Abrechnung von Dienstleistungen.<\/p> <img  src=\"https:\/\/website-assets.productive.io\/uploads\/2025\/05\/BU-Productive-komplexe-Projekte-managen-d.svg\"  alt=\"\" loading=lazy \/> <h3   > <strong>Verwalte komplexe Projekte<\/strong> mit mehreren Phasen<\/h3> <p   > Wenn du gro\u00dfe, langfristige Projekte hast, erleichtere die Verwaltung, indem du Budgets in separate Phasen unterteilst. Du erh\u00e4ltst einen vollst\u00e4ndigen \u00dcberblick \u00fcber den Gesundheitszustand deiner Projekte und erleichterst das Geldmanagement.<\/p> <img  src=\"https:\/\/website-assets.productive.io\/uploads\/2024\/09\/client-brendon-2.png\"  alt=\"\" loading=lazy \/> <p   > brendon nicholas<br>Mitgr\u00fcnder und technischer Direktor,<br>dotdev<\/p> <p   > Eine Plattform zu haben, die sowohl die Geh\u00e4lter aller Personen als auch die Betriebskosten ber\u00fccksichtigt und in Projektbudgets einflie\u00dfen l\u00e4sst, vermittelt uns ein viel genaueres Bild der Rentabilit\u00e4t bestimmter Projekte in Echtzeit.<\/p> <img  src=\"https:\/\/website-assets.productive.io\/uploads\/2024\/09\/client-nika-serdoner-5.png\"  alt=\"\" loading=lazy \/> <p   > NIKA SERDONER<br>PROJEKTMANAGERIN<br>ENKI<\/p> <p   > Aus der Sicht des Managements ist der Hauptvorteil des Tools, die Rentabilit\u00e4t in Echtzeit zu sehen. Es ist da. Wir m\u00fcssen es nicht berechnen oder Finanzberichte von unserem Buchhalter anfordern.<\/p> <img  src=\"https:\/\/website-assets.productive.io\/uploads\/2021\/08\/ervin-jagatic.png\"  alt=\"\" loading=lazy \/> <p   > ERVIN JAGATI\u0106<br>LEITER DER KUNDENDIENSTE<br>INFINUM<\/p> <p   > Einblicke sind zu unserem zentralen Punkt geworden, um wichtige Kennzahlen, Analysen, Zahlen, Grafiken und \u2014 einfach gesagt \u2014 den Puls unserer Agentur zu verfolgen. Derzeit ist es schwer vorstellbar, wie unsere Jobs ohne diese Einblicke aussehen w\u00fcrden. Es ist definitiv ein einzigartiges Feature f\u00fcr uns.<br><\/p> <p   > <\/p> <p   > <\/p><a   href=\"#\" > <p   > <\/p> <\/a> <img  src=\"https:\/\/staging.productive.io\/wp-content\/uploads\/2021\/08\/Brendon-Nicholas-Co-founder-and-Technical-Director-Dotdev.png\"  alt=\"\" loading=lazy \/> <p   > brendon nicholas<br>Mitgr\u00fcnder und technischer Direktor,<br>dotdev<\/p> <p   > Eine Plattform zu haben, die sowohl die Geh\u00e4lter aller Personen als auch die Betriebskosten ber\u00fccksichtigt und in Projektbudgets einflie\u00dfen l\u00e4sst, vermittelt uns ein viel genaueres Bild der Rentabilit\u00e4t bestimmter Projekte in Echtzeit.<\/p> <img  src=\"https:\/\/staging.productive.io\/wp-content\/uploads\/2021\/08\/Nika_Serdoner-Project-Manager-at-ENKI.png\"  alt=\"\" loading=lazy \/> <p   > nika serdoner<br>projektmanagerin<br>enki<\/p> <p   > Aus der Sicht des Managements ist der Hauptvorteil des Tools, die Rentabilit\u00e4t in Echtzeit zu sehen. Es ist da. Wir m\u00fcssen es nicht berechnen oder Finanzberichte von unserem Buchhalter anfordern.<\/p> <img  src=\"https:\/\/staging.productive.io\/wp-content\/uploads\/2021\/08\/Marko-Baric-CEO-at-Typeqast.png\"  alt=\"\" loading=lazy \/> <p   > marko bari\u0107<br>ceo<br>typeqast<\/p> <p   > Ohne Productive h\u00e4tten wir M\u00fche gehabt, das Wachstum unseres Unternehmens zu lenken. Seit wir es nutzen, haben wir unsere Gr\u00f6\u00dfe verdreifacht.<\/p> <p   > <\/p>","protected":false},"excerpt":{"rendered":"","protected":false},"author":38,"featured_media":0,"parent":0,"menu_order":0,"comment_status":"closed","ping_status":"closed","template":"","meta":{"_acf_changed":false,"es_utils_meta_schema":"","footnotes":""},"job-category":[],"page-category":[1090,1089],"class_list":["post-56684","page","type-page","status-publish","hentry"],"acf":[],"yoast_head":"<!-- This site is optimized with the Yoast SEO Premium plugin v27.2 (Yoast SEO v27.2) - https:\/\/yoast.com\/product\/yoast-seo-premium-wordpress\/ -->\n<title>Alternative - Teamwork - Productive<\/title>\n<meta name=\"robots\" content=\"noindex, follow\" \/>\n<meta property=\"og:locale\" content=\"de_DE\" \/>\n<meta property=\"og:type\" content=\"article\" \/>\n<meta property=\"og:title\" content=\"Alternative - Teamwork\" \/>\n<meta property=\"og:url\" content=\"https:\/\/productive.io\/de\/lp-teamwork-alternative\/\" \/>\n<meta property=\"og:site_name\" content=\"Productive\" \/>\n<meta property=\"article:publisher\" content=\"https:\/\/www.facebook.com\/productiveio\/\" \/>\n<meta property=\"article:modified_time\" content=\"2025-09-18T21:51:19+00:00\" \/>\n<meta name=\"twitter:card\" content=\"summary_large_image\" \/>\n<meta name=\"twitter:label1\" content=\"Gesch\u00e4tzte Lesezeit\" \/>\n\t<meta name=\"twitter:data1\" content=\"10 minutes\" \/>\n<script type=\"application\/ld+json\" class=\"yoast-schema-graph\">{\"@context\":\"https:\/\/schema.org\",\"@graph\":[{\"@type\":\"WebPage\",\"@id\":\"https:\/\/productive.io\/de\/lp-teamwork-alternative\/\",\"url\":\"https:\/\/productive.io\/de\/lp-teamwork-alternative\/\",\"name\":\"Alternative - Teamwork - Productive\",\"isPartOf\":{\"@id\":\"https:\/\/productive.io\/de\/#website\"},\"datePublished\":\"2023-05-31T11:46:38+00:00\",\"dateModified\":\"2025-09-18T21:51:19+00:00\",\"breadcrumb\":{\"@id\":\"https:\/\/productive.io\/de\/lp-teamwork-alternative\/#breadcrumb\"},\"inLanguage\":\"de-DE\",\"potentialAction\":[{\"@type\":\"ReadAction\",\"target\":[\"https:\/\/productive.io\/de\/lp-teamwork-alternative\/\"]}]},{\"@type\":\"BreadcrumbList\",\"@id\":\"https:\/\/productive.io\/de\/lp-teamwork-alternative\/#breadcrumb\",\"itemListElement\":[{\"@type\":\"ListItem\",\"position\":1,\"name\":\"Home\",\"item\":\"https:\/\/productive.io\/de\/\"},{\"@type\":\"ListItem\",\"position\":2,\"name\":\"Alternative &#8211; Teamwork\"}]},{\"@type\":\"WebSite\",\"@id\":\"https:\/\/productive.io\/de\/#website\",\"url\":\"https:\/\/productive.io\/de\/\",\"name\":\"Productive\",\"description\":\"The Only Tool You Need To Run a Profitable Agency\",\"publisher\":{\"@id\":\"https:\/\/productive.io\/de\/#organization\"},\"potentialAction\":[{\"@type\":\"SearchAction\",\"target\":{\"@type\":\"EntryPoint\",\"urlTemplate\":\"https:\/\/productive.io\/de\/?s={search_term_string}\"},\"query-input\":{\"@type\":\"PropertyValueSpecification\",\"valueRequired\":true,\"valueName\":\"search_term_string\"}}],\"inLanguage\":\"de-DE\"},{\"@type\":\"Organization\",\"@id\":\"https:\/\/productive.io\/de\/#organization\",\"name\":\"Productive\",\"url\":\"https:\/\/productive.io\/de\/\",\"logo\":{\"@type\":\"ImageObject\",\"inLanguage\":\"de-DE\",\"@id\":\"https:\/\/productive.io\/de\/#\/schema\/logo\/image\/\",\"url\":\"https:\/\/website-assets.productive.io\/uploads\/2025\/09\/Productive-logo-for-Yoast-do-not-delete.webp\",\"contentUrl\":\"https:\/\/website-assets.productive.io\/uploads\/2025\/09\/Productive-logo-for-Yoast-do-not-delete.webp\",\"width\":696,\"height\":696,\"caption\":\"Productive\"},\"image\":{\"@id\":\"https:\/\/productive.io\/de\/#\/schema\/logo\/image\/\"},\"sameAs\":[\"https:\/\/www.facebook.com\/productiveio\/\",\"https:\/\/www.linkedin.com\/company\/productive-io\/\",\"https:\/\/www.youtube.com\/@productive_io\",\"https:\/\/www.instagram.com\/productive.io\/\",\"https:\/\/www.g2.com\/products\/productive\/reviews\",\"https:\/\/www.capterra.com\/p\/169710\/Productive\/\",\"https:\/\/www.crunchbase.com\/organization\/productive-io\",\"https:\/\/www.trustpilot.com\/review\/www.productive.io\",\"https:\/\/github.com\/productiveio\"],\"description\":\"Productive - Agency Management & PSA - Run resources, projects, budgets, and profitability in one platform built for agencies and professional services.\",\"email\":\"contact@productive.io\",\"legalName\":\"The Productive Company Inc.\",\"foundingDate\":\"2014-01-01\",\"numberOfEmployees\":{\"@type\":\"QuantitativeValue\",\"minValue\":\"51\",\"maxValue\":\"200\"}}]}<\/script>\n<!-- \/ Yoast SEO Premium plugin. -->","yoast_head_json":{"title":"Alternative - Teamwork - Productive","robots":{"index":"noindex","follow":"follow"},"og_locale":"de_DE","og_type":"article","og_title":"Alternative - Teamwork","og_url":"https:\/\/productive.io\/de\/lp-teamwork-alternative\/","og_site_name":"Productive","article_publisher":"https:\/\/www.facebook.com\/productiveio\/","article_modified_time":"2025-09-18T21:51:19+00:00","twitter_card":"summary_large_image","twitter_misc":{"Gesch\u00e4tzte Lesezeit":"10 minutes"},"schema":{"@context":"https:\/\/schema.org","@graph":[{"@type":"WebPage","@id":"https:\/\/productive.io\/de\/lp-teamwork-alternative\/","url":"https:\/\/productive.io\/de\/lp-teamwork-alternative\/","name":"Alternative - Teamwork - Productive","isPartOf":{"@id":"https:\/\/productive.io\/de\/#website"},"datePublished":"2023-05-31T11:46:38+00:00","dateModified":"2025-09-18T21:51:19+00:00","breadcrumb":{"@id":"https:\/\/productive.io\/de\/lp-teamwork-alternative\/#breadcrumb"},"inLanguage":"de-DE","potentialAction":[{"@type":"ReadAction","target":["https:\/\/productive.io\/de\/lp-teamwork-alternative\/"]}]},{"@type":"BreadcrumbList","@id":"https:\/\/productive.io\/de\/lp-teamwork-alternative\/#breadcrumb","itemListElement":[{"@type":"ListItem","position":1,"name":"Home","item":"https:\/\/productive.io\/de\/"},{"@type":"ListItem","position":2,"name":"Alternative &#8211; Teamwork"}]},{"@type":"WebSite","@id":"https:\/\/productive.io\/de\/#website","url":"https:\/\/productive.io\/de\/","name":"Productive","description":"The Only Tool You Need To Run a Profitable Agency","publisher":{"@id":"https:\/\/productive.io\/de\/#organization"},"potentialAction":[{"@type":"SearchAction","target":{"@type":"EntryPoint","urlTemplate":"https:\/\/productive.io\/de\/?s={search_term_string}"},"query-input":{"@type":"PropertyValueSpecification","valueRequired":true,"valueName":"search_term_string"}}],"inLanguage":"de-DE"},{"@type":"Organization","@id":"https:\/\/productive.io\/de\/#organization","name":"Productive","url":"https:\/\/productive.io\/de\/","logo":{"@type":"ImageObject","inLanguage":"de-DE","@id":"https:\/\/productive.io\/de\/#\/schema\/logo\/image\/","url":"https:\/\/website-assets.productive.io\/uploads\/2025\/09\/Productive-logo-for-Yoast-do-not-delete.webp","contentUrl":"https:\/\/website-assets.productive.io\/uploads\/2025\/09\/Productive-logo-for-Yoast-do-not-delete.webp","width":696,"height":696,"caption":"Productive"},"image":{"@id":"https:\/\/productive.io\/de\/#\/schema\/logo\/image\/"},"sameAs":["https:\/\/www.facebook.com\/productiveio\/","https:\/\/www.linkedin.com\/company\/productive-io\/","https:\/\/www.youtube.com\/@productive_io","https:\/\/www.instagram.com\/productive.io\/","https:\/\/www.g2.com\/products\/productive\/reviews","https:\/\/www.capterra.com\/p\/169710\/Productive\/","https:\/\/www.crunchbase.com\/organization\/productive-io","https:\/\/www.trustpilot.com\/review\/www.productive.io","https:\/\/github.com\/productiveio"],"description":"Productive - Agency Management & PSA - Run resources, projects, budgets, and profitability in one platform built for agencies and professional services.","email":"contact@productive.io","legalName":"The Productive Company Inc.","foundingDate":"2014-01-01","numberOfEmployees":{"@type":"QuantitativeValue","minValue":"51","maxValue":"200"}}]}},"_links":{"self":[{"href":"https:\/\/productive.io\/de\/wp-json\/wp\/v2\/pages\/56684","targetHints":{"allow":["GET"]}}],"collection":[{"href":"https:\/\/productive.io\/de\/wp-json\/wp\/v2\/pages"}],"about":[{"href":"https:\/\/productive.io\/de\/wp-json\/wp\/v2\/types\/page"}],"author":[{"embeddable":true,"href":"https:\/\/productive.io\/de\/wp-json\/wp\/v2\/users\/38"}],"replies":[{"embeddable":true,"href":"https:\/\/productive.io\/de\/wp-json\/wp\/v2\/comments?post=56684"}],"version-history":[{"count":10,"href":"https:\/\/productive.io\/de\/wp-json\/wp\/v2\/pages\/56684\/revisions"}],"predecessor-version":[{"id":65327,"href":"https:\/\/productive.io\/de\/wp-json\/wp\/v2\/pages\/56684\/revisions\/65327"}],"wp:attachment":[{"href":"https:\/\/productive.io\/de\/wp-json\/wp\/v2\/media?parent=56684"}],"wp:term":[{"taxonomy":"job-category","embeddable":true,"href":"https:\/\/productive.io\/de\/wp-json\/wp\/v2\/job-category?post=56684"},{"taxonomy":"page-category","embeddable":true,"href":"https:\/\/productive.io\/de\/wp-json\/wp\/v2\/page-category?post=56684"}],"curies":[{"name":"wp","href":"https:\/\/api.w.org\/{rel}","templated":true}]}}